{"id":11664,"date":"2024-09-11T12:34:26","date_gmt":"2024-09-11T16:34:26","guid":{"rendered":"https:\/\/www.brightsign.biz\/?page_id=11664"},"modified":"2024-09-11T12:34:26","modified_gmt":"2024-09-11T16:34:26","slug":"website-nutzungsbedingungen-3","status":"publish","type":"page","link":"https:\/\/www.brightsign.biz\/de\/legal\/beta-program-agreement\/","title":{"rendered":"Beta-Programm-Vereinbarung"},"content":{"rendered":"<section\n  id=\"hero-block_f3f973db7cc20d0d91bda68bfb47c045\"\n  class=\"hero custom-block\"\n  data-form-url=\"\"\n>\n  <!-- Backgrounds: cover full section, center position (extended via SCSS) -->\n        <div id=\"hero-desktop-background\" style=\"background-image: url('https:\/\/www.brightsign.biz\/wp-content\/uploads\/2024\/09\/header-template3-15-1920x900.jpg'); background-size: cover; background-position: center center; background-repeat: no-repeat;\"><\/div>\n        <div id=\"hero-mobile-background\" style=\"background-image: url('https:\/\/www.brightsign.biz\/wp-content\/uploads\/2024\/09\/header-template3-15-1920x900.jpg'); background-size: cover; background-position: center center; background-repeat: no-repeat;\"><\/div>\n  \n  <div class=\"hero-gradient\" aria-hidden=\"true\"><\/div>\n  <div class=\"block-inner medium\">\n    <div class=\"block-inner-content grid-x grid-margin-y\">\n\n      <!-- MOBILE-only layout -->\n      <div class=\"cell small-12 show-for-small-only\">\n        \n        \n        \n        \n        <div class=\"mobile-content form-content\"><h1 class=\"\"><strong>Beta-Programm<br \/>\n<\/strong>Vereinbarung<\/h1>\n<p>1. September 2019<\/p>\n<\/div>      <\/div>\n      <!-- end MOBILE-only -->\n\n      <!-- DESKTOP text cell -->\n      <div class=\"cell small-12 medium-12 large-6 hide-for-small-only\">\n        \n        <h1 class=\"\"><strong>Beta-Programm<br \/>\n<\/strong>Vereinbarung<\/h1>\n<p>1. September 2019<\/p>\n      <\/div>\n      <!-- end DESKTOP text cell -->\n\n      <!-- DESKTOP form\/video cell -->\n      <div class=\"cell small-12 medium-12 large-6 center-play hide-for-small-only\">\n        \n              <\/div>\n      <!-- end DESKTOP form\/video cell -->\n\n    <\/div><!-- .block-inner-content -->\n  <\/div><!-- .block-inner -->\n<\/section><!-- hero -->\n\n\n\n    <section id=\"full-width-text-block_02143cbe378fc5295a7be0e4dc3137a8\" class=\"full-width-text custom-block dark small-top small-bottom brand-htags default-lists\">\n\n        <div class=\"block-inner medium\">\n\n        <h2 style=\"text-align: center\">Beta-Programm-Vereinbarung<\/h2>\n<p>WICHTIG - SORGF\u00c4LTIG LESEN:<br \/>\nDIESES BETAPROGRAMM WIRD VON BRIGHTSIGN LLC UND SEINEN VERBUNDENEN UNTERNEHMEN (\"BRIGHTSIGN\") ANGEBOTEN, UND DIE TEILNAHME AN DIESEM BETAPROGRAMM UNTERLIEGT DIESER BETAPROGRAMM-VEREINBARUNG (DIESE \"VEREINBARUNG\"). DAS BETA-PROGRAMM KANN EINEN ODER MEHRERE BETA-DIENSTE (DIE \"DIENSTE\") ENTHALTEN, DIE VON BRIGHTSIGN NACH EIGENEM ERMESSEN FESTGELEGT WERDEN. SIE VERSTEHEN UND STIMMEN ZU, DASS BRIGHTSIGN IHRE NUTZUNG DER DIENSTLEISTUNGEN ALS ANNAHME DIESER VEREINBARUNG BETRACHTET.\u00a0<strong>SOLANGE SIE DIESE VEREINBARUNG EINHALTEN UND F\u00dcR DIE DAUER DIESES BETAPROGRAMMS GEW\u00c4HRT BRIGHTSIGN IHNEN EINE PERS\u00d6NLICHE, NICHT EXKLUSIVE, NICHT \u00dcBERTRAGBARE, WIDERRUFBARE, EINGESCHR\u00c4NKTE LIZENZ F\u00dcR DEN ZUGANG UND DIE NUTZUNG DER DIENSTE. DIE DIENSTE SIND AUSSCHLIESSLICH F\u00dcR IHRE INTERNE EVALUIERUNG BESTIMMT UND D\u00dcRFEN NICHT IN EINER PRODUKTIVEN UMGEBUNG VERWENDET WERDEN.<\/strong><\/p>\n<p>Sie erkennen au\u00dferdem an, dass BrightSign keine Zusicherungen, Versprechungen oder Garantien abgegeben hat, dass die Dienste jemals angek\u00fcndigt oder jemandem in der Zukunft zur Verf\u00fcgung gestellt werden, und dass BrightSign Ihnen gegen\u00fcber keine ausdr\u00fcckliche oder stillschweigende Verpflichtung zur Ank\u00fcndigung oder Einf\u00fchrung der Dienste hat. BrightSign kann jedes Beta-Programm oder die Dienste jederzeit nach eigenem Ermessen mit oder ohne Vorank\u00fcndigung einstellen. In Bezug auf die Dienste hat diese Vereinbarung Vorrang vor allen anderen Bedingungen, die hierin enthalten sein k\u00f6nnen, jedoch nur in dem Umfang, der zur L\u00f6sung von Konflikten erforderlich ist.<\/p>\n<p class=\"wysiwyg-indent1\"><strong>1. Beta-Dienste<\/strong><\/p>\n<p class=\"wysiwyg-indent2\"><strong>1.1. Beschreibung.<\/strong>\u00a0Bei den Diensten kann es sich um einen separaten, eigenst\u00e4ndigen Dienst handeln, der unabh\u00e4ngig von dem allgemein verf\u00fcgbaren Dienst zug\u00e4nglich ist, oder es kann sich um ein Merkmal oder eine Funktionalit\u00e4t dieses Dienstes handeln. Eine weitere Beschreibung der Dienste wird zum Zeitpunkt Ihrer Teilnahme am Beta-Programm oder bei der Aufnahme eines Dienstes in das Beta-Programm bereitgestellt und kann von Zeit zu Zeit von BrightSign aktualisiert werden (die \"Dokumentation\").<\/p>\n<p class=\"wysiwyg-indent2\"><strong>1.2. \"AS IS\" Status<\/strong>. Indem Sie diese Vereinbarung akzeptieren oder die Dienste nutzen, erkennen Sie an, dass die Dienste als \"Beta\"-Version bereitgestellt werden und auf einer \"AS IS\"- oder \"As Available\"-Basis verf\u00fcgbar sind. Die Dienste k\u00f6nnen Bugs, Fehler und andere Probleme enthalten.\u00a0<strong>SIE \u00dcBERNEHMEN ALLE RISIKEN UND KOSTEN, DIE MIT DER NUTZUNG DER DIENSTE VERBUNDEN SIND, EINSCHLIESSLICH, ABER NICHT BESCHR\u00c4NKT AUF, GEB\u00dcHREN F\u00dcR DEN INTERNETZUGANG, BACK-UP-KOSTEN, KOSTEN, DIE DURCH DIE NUTZUNG IHRES GER\u00c4TS UND IHRER PERIPHERIEGER\u00c4TE ENTSTEHEN, SOWIE SCH\u00c4DEN AN GER\u00c4TEN, SOFTWARE, INFORMATIONEN ODER DATEN.<\/strong>\u00a0Dar\u00fcber hinaus ist BrightSign nicht verpflichtet, Wartung, technische oder sonstige Unterst\u00fctzung f\u00fcr die Dienste zu leisten.<\/p>\n<p class=\"wysiwyg-indent2\"><strong>1.3. R\u00fcckmeldung.<\/strong>\u00a0Die Dienste werden Ihnen zu Evaluierungs- und Feedbackzwecken zur Verf\u00fcgung gestellt, ohne dass BrightSign eine Entsch\u00e4digung oder R\u00fcckerstattung jeglicher Art leistet. Sie erkennen die Bedeutung der Kommunikation zwischen BrightSign und Ihnen w\u00e4hrend Ihrer Nutzung der Dienste an und stimmen hiermit zu, entsprechende Korrespondenz und Updates von BrightSign zu erhalten. F\u00fcr den Fall, dass Sie sich von dieser Kommunikation abmelden m\u00f6chten, wird Ihre Teilnahme am Beta-Programm beendet. W\u00e4hrend des Beta-Programms k\u00f6nnen Sie aufgefordert werden, Feedback zu Ihrer Nutzung der Dienste zu geben. Sie erkennen an, dass BrightSign Eigent\u00fcmer des bereitgestellten Feedbacks ist, und Sie gew\u00e4hren BrightSign hiermit eine unbefristete, unwiderrufliche, geb\u00fchrenfreie, weltweite Lizenz, dieses Feedback jederzeit nach alleinigem Ermessen von BrightSign zu verwenden und\/oder in ein Produkt oder eine Dienstleistung von BrightSign einzubauen, falls es aus irgendeinem Grund weiter ben\u00f6tigt wird. BrightSign wird das Feedback nicht ohne Ihre Zustimmung in einer Weise ver\u00f6ffentlichen, die auf Sie zur\u00fcckzuf\u00fchren ist.<\/p>\n<p class=\"wysiwyg-indent2\"><strong>1.4. Beschr\u00e4nkungen der Nutzung<\/strong>. Spezifische Beschr\u00e4nkungen f\u00fcr die Dienste k\u00f6nnen in der Dokumentation enthalten sein. Sie k\u00f6nnen die Dienste gem\u00e4\u00df dieser Vereinbarung w\u00e4hrend des Zeitraums nutzen, in dem das Beta-Programm aktiv ist. Wenn ein Beta-Programm nicht aktiv ist, haben Sie keinen Zugang mehr zu den Diensten. BrightSign beh\u00e4lt sich das Recht vor, die Nutzung der Dienste jederzeit zu \u00e4ndern oder einzuschr\u00e4nken, mit oder ohne Sie dar\u00fcber zu informieren.<\/p>\n<p class=\"wysiwyg-indent1\"><strong>2. Teilnahme am Beta-Programm.<\/strong><\/p>\n<p class=\"wysiwyg-indent2\"><strong>2.1. F\u00f6rderungsw\u00fcrdigkeit.<\/strong>\u00a0Sie k\u00f6nnen am Beta-Programm auf Einladung oder mit Genehmigung von BrightSign teilnehmen. Die allgemeinen Nutzungsbedingungen und die Datenschutzrichtlinie von BrightSign werden durch Verweis in diese Vereinbarung aufgenommen und gelten f\u00fcr alle Bedingungen, die nicht speziell in dieser Vereinbarung behandelt werden. Im Falle eines Konflikts haben die Bedingungen dieser Vereinbarung Vorrang.<\/p>\n<p class=\"wysiwyg-indent2\"><strong>2.2. Reverse Engineering<\/strong>. Mit Ausnahme des gesetzlich zul\u00e4ssigen Umfangs ist es Ihnen nicht gestattet, Codes in Verbindung mit den Diensten und\/oder anderen Aspekten der BrightSign-Technologie zu ver\u00e4ndern, zu vertreiben, davon abgeleitete Werke zu erstellen, zur\u00fcckzuentwickeln, zur\u00fcckzuassemblieren, zu disassemblieren, zu dekompilieren oder anderweitig zu versuchen, sie zu entschl\u00fcsseln.<\/p>\n<p class=\"wysiwyg-indent1\"><strong>3. Geistiges Eigentum<\/strong>. Sie erkl\u00e4ren sich damit einverstanden, dass BrightSign alle Rechte, Titel und Interessen an dem Beta-Programm und den Diensten besitzt, einschlie\u00dflich aller geistigen Eigentumsrechte, und dass au\u00dfer der hierin vorgesehenen Lizenz keine anderen Rechte oder Genehmigungen f\u00fcr die Dienste gew\u00e4hrt werden. Keine der hierin enthaltenen Bestimmungen gibt Ihnen das Recht, Handelsnamen, Marken, Dienstleistungsmarken, Logos, Dom\u00e4nennamen und andere unverwechselbare Markenmerkmale von BrightSign zu verwenden.<\/p>\n<p class=\"wysiwyg-indent1\"><strong>4. \u00c4nderung und Beendigung des Dienstes<\/strong>. BrightSign beh\u00e4lt sich das Recht vor, das Betaprogramm oder die Dienste oder Ihre Nutzung des Betaprogramms oder der Dienste zu \u00e4ndern oder zu beenden, den Zugang zu den Diensten und\/oder die Teilnahme am Betaprogramm zu beschr\u00e4nken oder zu verweigern, jederzeit, nach eigenem Ermessen, aus beliebigen Gr\u00fcnden, mit oder ohne Vorank\u00fcndigung und ohne Haftung Ihnen gegen\u00fcber. Sie k\u00f6nnen Ihre Nutzung der Dienste jederzeit einstellen.<\/p>\n<p class=\"wysiwyg-indent1\"><strong>5. VERZICHT AUF GARANTIEN<\/strong>. SIE ERKENNEN HIERMIT AN UND ERKL\u00c4REN SICH DAMIT EINVERSTANDEN, DASS DIE DIENSTE VON BRIGHTSIGN IN DER VORLIEGENDEN FORM UND WIE VERF\u00dcGBAR ZUR VERF\u00dcGUNG GESTELLT WERDEN, UND DASS IHR ZUGRIFF AUF UND\/ODER IHRE NUTZUNG DES BETA-PROGRAMMS ODER DER BETA-DIENSTE VON BRIGHTSIGN AUF IHR ALLEINIGES RISIKO ERFOLGT. SOWEIT DIES NACH GELTENDEM RECHT ZUL\u00c4SSIG IST, LEHNT BRIGHTSIGN AUSDR\u00dcCKLICH ALLE GARANTIEN UND BEDINGUNGEN JEGLICHER ART AB, OB AUSDR\u00dcCKLICH ODER STILLSCHWEIGEND, EINSCHLIESSLICH, ABER NICHT BESCHR\u00c4NKT AUF DIE GARANTIEN DER MARKTG\u00c4NGIGKEIT, DER ZUFRIEDENSTELLENDEN QUALIT\u00c4T, DES EIGENTUMS, DER EIGNUNG F\u00dcR EINEN BESTIMMTEN ZWECK UND DER NICHTVERLETZUNG VON RECHTEN. BRIGHTSIGN \u00dcBERNIMMT KEINE GARANTIE DAF\u00dcR, DASS DIE DIENSTLEISTUNGEN IHREN ANFORDERUNGEN ENTSPRECHEN UND\/ODER DASS DIE DIENSTLEISTUNGEN UNUNTERBROCHEN, ZEITGERECHT ODER FEHLERFREI ZUR VERF\u00dcGUNG STEHEN, NOCH \u00dcBERNIMMT BRIGHTSIGN EINE GARANTIE F\u00dcR DIE ERGEBNISSE, DIE DURCH DIE NUTZUNG DER DIENSTLEISTUNGEN ERZIELT WERDEN K\u00d6NNEN, ODER F\u00dcR DIE RICHTIGKEIT ANDERER INFORMATIONEN, DIE DURCH DIE DIENSTLEISTUNGEN ERHALTEN WERDEN. SIE NEHMEN ZUR KENNTNIS UND ERKL\u00c4REN SICH DAMIT EINVERSTANDEN, DASS JEGLICHES MATERIAL UND\/ODER JEGLICHE DATEN, DIE DURCH DIE NUTZUNG DER DIENSTE HERUNTERGELADEN ODER AUF ANDERE WEISE ERHALTEN WERDEN, AUF IHR EIGENES RISIKO ERFOLGEN UND DASS SIE DIE ALLEINIGE VERANTWORTUNG F\u00dcR JEGLICHE SCH\u00c4DEN AN IHREM COMPUTERSYSTEM UND\/ODER DATENVERLUSTE TRAGEN, DIE SICH AUS DEM HERUNTERLADEN SOLCHER MATERIALIEN UND\/ODER DATEN ERGEBEN. KEINE INFORMATIONEN ODER RATSCHL\u00c4GE, OB M\u00dcNDLICH ODER SCHRIFTLICH, DIE SIE VON BRIGHTSIGN ODER \u00dcBER DIE DIENSTE ERHALTEN, BEGR\u00dcNDEN EINE GARANTIE, DIE NICHT AUSDR\u00dcCKLICH HIERIN ENTHALTEN IST. IN EINIGEN GERICHTSBARKEITEN IST DER AUSSCHLUSS BESTIMMTER GARANTIEN UND BEDINGUNGEN NICHT ZUL\u00c4SSIG, SO DASS EINIGE DER OBEN GENANNTEN AUSSCHL\u00dcSSE F\u00dcR SIE M\u00d6GLICHERWEISE NICHT GELTEN.<\/p>\n<p class=\"wysiwyg-indent1\"><strong>6. HAFTUNGSBESCHR\u00c4NKUNG<\/strong>. IN KEINEM FALL HAFTET BRIGHTSIGN F\u00dcR INDIREKTE, BESONDERE, FOLGE- UND\/ODER BEIL\u00c4UFIGE SCH\u00c4DEN, EXEMPLARISCHE SCH\u00c4DEN ODER ANDERE SCH\u00c4DEN IM ZUSAMMENHANG MIT DIESER VEREINBARUNG UND\/ODER DIREKT ODER INDIREKT: (i) DATENVERLUST, (ii) EINKOMMENSVERLUST, (iii) VERLUST VON M\u00d6GLICHKEITEN, (iv) ENTGANGENE GEWINNE UND (v) KOSTEN F\u00dcR DIE WIEDERHERSTELLUNG ODER JEGLICHE ANDERE SCH\u00c4DEN, UNABH\u00c4NGIG VON DER URSACHE UND AUFGRUND JEDER HAFTUNGSGRUNDLAGE, UND UNABH\u00c4NGIG DAVON, OB ES SICH UM EINEN VERTRAGSBRUCH, EINE UNERLAUBTE HANDLUNG (EINSCHLIESSLICH FAHRL\u00c4SSIGKEIT), EINEN GESETZESVERSTOSS ODER ETWAS ANDERES HANDELT, UND UNABH\u00c4NGIG DAVON, OB BRIGHTSIGN AUF DIE M\u00d6GLICHKEIT SOLCHER SCH\u00c4DEN HINGEWIESEN WURDE ODER NICHT. SOWEIT NACH GELTENDEM RECHT ZUL\u00c4SSIG, IST DIE GESAMTE HAFTUNG VON BRIGHTSIGN AUF $50,00 BESCHR\u00c4NKT.<\/p>\n<p class=\"wysiwyg-indent1\"><strong>7. Entsch\u00e4digung<\/strong>. Sie erkl\u00e4ren sich damit einverstanden, BrightSign, seine verbundenen Unternehmen und Tochtergesellschaften, leitenden Angestellten, Direktoren, Agenten und Mitarbeiter (zusammenfassend als \"entsch\u00e4digte Parteien von BrightSign\" bezeichnet) schadlos zu halten und von allen Anspr\u00fcchen Dritter freizustellen, die sich aus (i) Ihrem Versto\u00df gegen die Bedingungen, (ii) Ihrer Nutzung des Beta-Programms und\/oder der Dienste oder (iv) Ihren Benutzerinhalten ergeben oder in irgendeiner Weise damit zusammenh\u00e4ngen, (iii) Ihrem Versto\u00df gegen geltende Gesetze, Regeln oder Vorschriften in Verbindung mit den Diensten oder (iv) Ihren Benutzerinhalten, einschlie\u00dflich jeglicher Haftung oder Kosten, die sich aus allen Anspr\u00fcchen, Verlusten, Sch\u00e4den (tats\u00e4chliche Sch\u00e4den und Folgesch\u00e4den), Prozessen, Urteilen, Prozesskosten und Anwaltsgeb\u00fchren jeglicher Art und Natur ergeben. In einem solchen Fall wird BrightSign Sie schriftlich \u00fcber eine solche Forderung, Klage oder Aktion informieren.<\/p>\n<p class=\"wysiwyg-indent1\"><strong>8. Vertrauliche Informationen<\/strong>. Sie erkennen an und stimmen zu, dass: (i) vorbehaltlich des Unterabsatzes (iv) die erfolgreiche Markteinf\u00fchrung kommerzieller Versionen der Dienste es erfordert, dass Sie alle BrightSign-Daten und -Informationen, die im Rahmen des Beta-Programms er\u00f6rtert und\/oder zur Verf\u00fcgung gestellt werden oder darin enthalten sind, einschlie\u00dflich, aber nicht beschr\u00e4nkt auf die Dienste (zusammenfassend die \"vertraulichen Informationen\"), vertraulich behandeln; (ii) die vorzeitige Freigabe vertraulicher Informationen w\u00fcrde den Wettbewerbsvorteil und die geistigen Eigentumsrechte von BrightSign sch\u00e4digen; (iii) die vertraulichen Informationen d\u00fcrfen nur an andere autorisierte Teilnehmer desselben Beta-Programms weitergegeben werden; und (iv) nur vertrauliche Informationen, die von BrightSign \u00f6ffentlich freigegeben wurden, d\u00fcrfen diskutiert oder der \u00d6ffentlichkeit gezeigt werden.<\/p>\n<p class=\"wysiwyg-indent1\"><strong>9. \u00c4nderungen der Bedingungen<\/strong>. BrightSign beh\u00e4lt sich das Recht vor, jederzeit \u00c4nderungen an dieser Vereinbarung vorzunehmen, und es liegt in Ihrer Verantwortung, die Bedingungen von Zeit zu Zeit zu \u00fcberpr\u00fcfen. Wenn die \u00c4nderungen wesentlich sind, wird BrightSign eine Mitteilung auf dieser Seite ver\u00f6ffentlichen oder Sie direkt per E-Mail informieren, je nach Ermessen von BrightSign. Sie verstehen und stimmen zu, dass, wenn Sie die Dienste nach dem Datum, an dem eine ge\u00e4nderte Vereinbarung ver\u00f6ffentlicht wurde, nutzen, BrightSign Ihre Nutzung als Annahme der aktualisierten Vereinbarung betrachten wird.<\/p>\n<p class=\"wysiwyg-indent1\"><strong>10. Einhaltung von Gesetzen<\/strong>. Beide Parteien verpflichten sich, alle anwendbaren lokalen, staatlichen, nationalen und ausl\u00e4ndischen Gesetze, Regeln und Vorschriften, einschlie\u00dflich, aber nicht beschr\u00e4nkt auf alle anwendbaren Import- und Exportgesetze und -vorschriften, die die Nutzung, \u00dcbertragung und\/oder Kommunikation von Inhalten regeln, in Verbindung mit ihrer Leistung, ihrem Zugang und\/oder ihrer Nutzung der Dienste einzuhalten.<\/p>\n<p class=\"wysiwyg-indent1\"><strong>11. Internationale Verwendung<\/strong>. Die Dienste sind f\u00fcr die Nutzung innerhalb der Vereinigten Staaten vorgesehen. Wenn Sie auf die Dienste von anderen Orten als den Vereinigten Staaten aus zugreifen und sie nutzen m\u00f6chten, tun Sie dies aus eigener Initiative und auf eigenes Risiko und sind f\u00fcr die Einhaltung aller relevanten Gesetze und Vorschriften verantwortlich. BrightSign garantiert nicht, dass die Dienste f\u00fcr die Nutzung an einem bestimmten Ort geeignet und\/oder verf\u00fcgbar sind.<\/p>\n<p class=\"wysiwyg-indent1\"><strong>12. Beendigung<\/strong>. Diese Vereinbarung endet automatisch mit dem Ende Ihrer Teilnahme am Betaprogramm, sofern sie nicht vorher in \u00dcbereinstimmung mit dieser Vereinbarung gek\u00fcndigt wird. Jede Partei kann diese Vereinbarung vor dem Ende Ihrer Teilnahme aus einem beliebigen Grund oder ohne Grund durch schriftliche Mitteilung an die andere Partei k\u00fcndigen. Diese Vereinbarung endet automatisch, wenn Sie gegen eine Ihrer Verpflichtungen, einschlie\u00dflich der Verletzung der Vertraulichkeitsverpflichtungen, versto\u00dfen. Ihr Versto\u00df gegen eine Ihrer Verpflichtungen aus dieser Vereinbarung kann zu Ihrem sofortigen Ausschluss aus dem Beta-Programm f\u00fchren. Auf Aufforderung von BrightSign werden Sie BrightSign die Beta-Programm-Materialien und anderes materielles BrightSign-Eigentum aush\u00e4ndigen oder nach Ermessen von BrightSign l\u00f6schen, falls zutreffend.<\/p>\n<p class=\"wysiwyg-indent1\"><strong>13. Sonstiges<\/strong>. Diese Vereinbarung darf von Ihnen nicht ohne die vorherige schriftliche Zustimmung von BrightSign abgetreten werden, und jeder Versuch einer Abtretung ohne eine solche Zustimmung ist null und nichtig. Sie erkennen an, dass Ihr Zugang zu den Diensten und deren Nutzung den Exportkontrollgesetzen und -vorschriften der Vereinigten Staaten unterliegt, und dass Sie f\u00fcr die Dauer Ihrer Teilnahme am Beta-Programm garantieren, dass Sie in jeder Hinsicht die Exportgesetze und -vorschriften der Vereinigten Staaten einhalten werden. Diese Vereinbarung unterliegt den Gesetzen des Staates Kalifornien, ohne Bezugnahme auf die Grunds\u00e4tze des Kollisionsrechts. Sie erkl\u00e4ren sich mit der Zust\u00e4ndigkeit der Bundes- und Staatsgerichte im Bezirk Santa Clara, Staat Kalifornien, einverstanden. Diese Vereinbarung stellt die gesamte Vereinbarung zwischen Ihnen und BrightSign in Bezug auf den Vertragsgegenstand dar und ersetzt alle fr\u00fcheren m\u00fcndlichen oder schriftlichen Absprachen, Mitteilungen oder Vereinbarungen, die nicht ausdr\u00fccklich in diese Vereinbarung aufgenommen wurden. Sollte eine Bestimmung dieser Vereinbarung aufgrund eines gerichtlichen Beschlusses oder einer Entscheidung f\u00fcr ung\u00fcltig oder nicht durchsetzbar befunden werden, bleibt der Rest dieser Vereinbarung g\u00fcltig und durchsetzbar gem\u00e4\u00df ihren Bedingungen. Sie erkennen an, dass jede Verletzung Ihrer Verpflichtungen aus dieser Vereinbarung in Bezug auf die Eigentumsrechte von BrightSign BrightSign irreparablen Schaden zuf\u00fcgt, f\u00fcr den es keine ad\u00e4quaten Rechtsmittel gibt, und daher hat BrightSign das Recht auf angemessene Entsch\u00e4digung zus\u00e4tzlich zu allen anderen Rechtsmitteln, die in dieser Vereinbarung vorgesehen sind oder nach dem Gesetz oder nach Billigkeit verf\u00fcgbar sind.<\/p>\n\n        \n        <\/div><!-- block-inner -->  \n\n        \n    <\/section><!-- full-width-text -->","protected":false},"excerpt":{"rendered":"","protected":false},"author":32,"featured_media":0,"parent":846,"menu_order":70,"comment_status":"closed","ping_status":"closed","template":"","meta":{"_acf_changed":true,"_searchwp_excluded":"","footnotes":""},"class_list":["post-11664","page","type-page","status-publish","hentry"],"acf":[],"_links":{"self":[{"href":"https:\/\/www.brightsign.biz\/de\/wp-json\/wp\/v2\/pages\/11664","targetHints":{"allow":["GET"]}}],"collection":[{"href":"https:\/\/www.brightsign.biz\/de\/wp-json\/wp\/v2\/pages"}],"about":[{"href":"https:\/\/www.brightsign.biz\/de\/wp-json\/wp\/v2\/types\/page"}],"author":[{"embeddable":true,"href":"https:\/\/www.brightsign.biz\/de\/wp-json\/wp\/v2\/users\/32"}],"replies":[{"embeddable":true,"href":"https:\/\/www.brightsign.biz\/de\/wp-json\/wp\/v2\/comments?post=11664"}],"version-history":[{"count":0,"href":"https:\/\/www.brightsign.biz\/de\/wp-json\/wp\/v2\/pages\/11664\/revisions"}],"up":[{"embeddable":true,"href":"https:\/\/www.brightsign.biz\/de\/wp-json\/wp\/v2\/pages\/846"}],"wp:attachment":[{"href":"https:\/\/www.brightsign.biz\/de\/wp-json\/wp\/v2\/media?parent=11664"}],"curies":[{"name":"wp","href":"https:\/\/api.w.org\/{rel}","templated":true}]}}