{"id":11685,"date":"2024-09-11T12:35:07","date_gmt":"2024-09-11T16:35:07","guid":{"rendered":"https:\/\/www.brightsign.biz\/?page_id=11685"},"modified":"2024-09-11T12:58:57","modified_gmt":"2024-09-11T16:58:57","slug":"website-nutzungsbedingungen-5","status":"publish","type":"page","link":"https:\/\/www.brightsign.biz\/de\/legal\/brightauthor-license-agreement\/","title":{"rendered":"BrightAuthor Lizenzvereinbarung"},"content":{"rendered":"<section\n  id=\"hero-block_d1fe6dde5b47989724452b3452f59bdc\"\n  class=\"hero custom-block\"\n  data-form-url=\"\"\n>\n  <!-- Backgrounds: cover full section, center position (extended via SCSS) -->\n        <div id=\"hero-desktop-background\" style=\"background-image: url('https:\/\/www.brightsign.biz\/wp-content\/uploads\/2024\/09\/header-template3-15-1920x900.jpg'); background-size: cover; background-position: center center; background-repeat: no-repeat;\"><\/div>\n        <div id=\"hero-mobile-background\" style=\"background-image: url('https:\/\/www.brightsign.biz\/wp-content\/uploads\/2024\/09\/header-template3-15-1920x900.jpg'); background-size: cover; background-position: center center; background-repeat: no-repeat;\"><\/div>\n  \n  <div class=\"hero-gradient\" aria-hidden=\"true\"><\/div>\n  <div class=\"block-inner medium\">\n    <div class=\"block-inner-content grid-x grid-margin-y\">\n\n      <!-- MOBILE-only layout -->\n      <div class=\"cell small-12 show-for-small-only\">\n        \n        \n        \n        \n        <div class=\"mobile-content form-content\"><h1 class=\"\"><strong>Bright<\/strong>Autor<br \/>\nLizenzvereinbarung<\/h1>\n<p>10. Februar 2020<\/p>\n<\/div>      <\/div>\n      <!-- end MOBILE-only -->\n\n      <!-- DESKTOP text cell -->\n      <div class=\"cell small-12 medium-12 large-6 hide-for-small-only\">\n        \n        <h1 class=\"\"><strong>Bright<\/strong>Autor<br \/>\nLizenzvereinbarung<\/h1>\n<p>10. Februar 2020<\/p>\n      <\/div>\n      <!-- end DESKTOP text cell -->\n\n      <!-- DESKTOP form\/video cell -->\n      <div class=\"cell small-12 medium-12 large-6 center-play hide-for-small-only\">\n        \n              <\/div>\n      <!-- end DESKTOP form\/video cell -->\n\n    <\/div><!-- .block-inner-content -->\n  <\/div><!-- .block-inner -->\n<\/section><!-- hero -->\n\n\n\n    <section id=\"full-width-text-block_53bd4df2a9569c754863eeed3d46d54d\" class=\"full-width-text custom-block dark small-top small-bottom brand-htags default-lists\">\n\n        <div class=\"block-inner medium\">\n\n        <h2 style=\"text-align: center\">BrightAuthor Lizenzvereinbarung<\/h2>\n<p class=\"p2\"><strong>BRIGHTSIGN, LLC.<\/strong><\/p>\n<p class=\"p2\"><strong>BRIGHTAUTHOR\u2122-SOFTWARE<\/strong><\/p>\n<p class=\"p2\"><strong>LIZENZVEREINBARUNG<\/strong><\/p>\n<p class=\"p3\">\n<p class=\"p4\"><strong>WICHTIG: DIESE LIZENZVEREINBARUNG IST DIE RECHTLICHE VEREINBARUNG (\"VEREINBARUNG\") ZWISCHEN IHNEN UND BRIGHTSIGN, LLC. (\"BRIGHTSIGN\"), DER IHRE NUTZUNG DER BRIGHTSIGN BRIGHTAUTHOR SOFTWARE (\"SOFTWARE\") REGELT, DIE MIT DEM BRIGHTSIGN BRIGHTSIGN<sup>\u00ae\u00a0<\/sup>PRODUKT (\"GER\u00c4T\").<span class=\"Apple-converted-space\">\u00a0\u00a0<\/span>WENN SIE DIE SOFTWARE HERUNTERLADEN UND INSTALLIEREN, ERKL\u00c4REN SIE DAMIT, DASS SIE DIE BEDINGUNGEN DIESER VEREINBARUNG GELESEN UND VERSTANDEN HABEN UND DAMIT EINVERSTANDEN SIND.<span class=\"Apple-converted-space\">\u00a0\u00a0<\/span>WENN SIE MIT DEN BEDINGUNGEN DIESER VEREINBARUNG NICHT EINVERSTANDEN SIND, SOLLTEN SIE DIE SOFTWARE NICHT HERUNTERLADEN. SIE ERHALTEN KEINERLEI RECHTE AN DER SOFTWARE UND SIND NICHT BERECHTIGT, SIE ZU NUTZEN.<\/strong><\/p>\n<p class=\"p1\">\n<p class=\"p5\">Sie und BrightSign stimmen wie folgt \u00fcberein:<\/p>\n<p class=\"p5\"><strong>1.\u00a0<\/strong><strong>Lizenz f\u00fcr Software.<\/strong><span class=\"Apple-converted-space\">\u00a0 \u00a0\u00a0<\/span>BrightSign gew\u00e4hrt Ihnen hiermit eine nicht ausschlie\u00dfliche, nicht \u00fcbertragbare, nicht unterlizenzierbare, geb\u00fchrenfreie Lizenz zur Nutzung und Anzeige der Software ausschlie\u00dflich f\u00fcr die Verwendung mit einem von Ihnen erworbenen Ger\u00e4t.<span class=\"Apple-converted-space\">\u00a0\u00a0<\/span>Es handelt sich um eine Lizenz und nicht um einen Verkauf.<\/p>\n<p class=\"p5\"><strong>2.<span class=\"Apple-converted-space\">\u00a0\u00a0<\/span>Restriktionen.\u00a0 <span class=\"Apple-converted-space\">\u00a0\u00a0<\/span><\/strong>Es ist Ihnen nicht gestattet, (a) die Software oder das Ger\u00e4t zur Anzeige von Inhalten zu verwenden, die illegal sind oder die Rechte Dritter verletzen, (b) die Software zu kopieren, zu vertreiben, in Unterlizenz zu vergeben, zu leasen, zu vermieten oder anderweitig an Dritte zu \u00fcbertragen, (c) die Software zu modifizieren, anzupassen, zu ver\u00e4ndern, zu \u00fcbersetzen oder abgeleitete Werke davon zu erstellen, (d) den Quellcode zu dekompilieren, zu disassemblieren, (d) die Software zu dekompilieren, zu disassemblieren, zur\u00fcckzuentwickeln oder anderweitig den Quellcode abzuleiten oder zu versuchen, den Quellcode abzuleiten, es sei denn, BrightSign ist in bestimmten Gerichtsbarkeiten gesetzlich verpflichtet, das Reverse Engineering zuzulassen, und unter der Voraussetzung, dass auf die Bestimmungen eines solchen Gesetzes nicht verzichtet werden kann oder diese von einer vorherigen Anfrage nach Informationen zur Interoperabilit\u00e4t abh\u00e4ngig gemacht werden; oder (e) eine der vorgenannten Handlungen f\u00fcr Sie durch einen Dritten vornehmen zu lassen. Die Software und alle darin enthaltenen geistigen Eigentumsrechte sind das ausschlie\u00dfliche Eigentum von BrightSign oder seinen Lieferanten. BrightSign beh\u00e4lt sich das Recht vor, die Software von Zeit zu Zeit nach eigenem Ermessen zu aktualisieren, einschlie\u00dflich des Hinzuf\u00fcgens, \u00c4nderns oder Entfernens von Funktionalit\u00e4ten und Merkmalen oder der \u00c4nderung der Benutzeroberfl\u00e4che.<span class=\"Apple-converted-space\">\u00a0\u00a0<\/span>Alle Rechte an der Software, die Ihnen in diesem Vertrag nicht ausdr\u00fccklich gew\u00e4hrt werden, sind BrightSign vorbehalten.<\/p>\n<p class=\"p5\"><strong>3.<span class=\"Apple-converted-space\">\u00a0\u00a0<\/span>KEINE GARANTIE.<span class=\"Apple-converted-space\">\u00a0 \u00a0\u00a0<\/span><\/strong>SIE ERKENNEN AN, DASS DIE SOFTWARE VON BRIGHTSIGN OHNE M\u00c4NGELGEW\u00c4HR BEREITGESTELLT WIRD UND OHNE JEGLICHE GARANTIE ZUR VERF\u00dcGUNG GESTELLT WIRD UND DASS SIE KEINE AUSDR\u00dcCKLICHEN GARANTIEN VON BRIGHTSIGN ERHALTEN HABEN.<span class=\"Apple-converted-space\">\u00a0\u00a0<\/span>BRIGHTSIGN \u00dcBERNIMMT KEINE GARANTIE DAF\u00dcR, DASS DIE SOFTWARE IHREN ANFORDERUNGEN ENTSPRICHT ODER DASS DER BETRIEB DER SOFTWARE UNUNTERBROCHEN ODER FEHLERFREI SEIN WIRD.\u00a0<span class=\"Apple-converted-space\">\u00a0\u00a0<\/span>SIE \u00dcBERNEHMEN DIE VOLLE VERANTWORTUNG F\u00dcR DIE AUSWAHL, DEN BESITZ, DIE LEISTUNG UND DIE KORREKTE INSTALLATION UND NUTZUNG DER SOFTWARE SOWIE F\u00dcR DIE \u00dcBERPR\u00dcFUNG DER DAMIT ERZIELTEN ERGEBNISSE.\u00a0<span class=\"Apple-converted-space\">\u00a0\u00a0<\/span>BRIGHTSIGN \u00dcBERNIMMT KEINE GARANTIE F\u00dcR DIE LEISTUNG ODER DIE ERGEBNISSE, DIE SIE DURCH DIE VERWENDUNG DER SOFTWARE ERZIELEN.<\/p>\n<p class=\"p5\"><strong>4. Gew\u00e4hrleistungsausschluss.\u00a0 <\/strong><span class=\"Apple-converted-space\">\u00a0\u00a0<\/span>BRIGHTSIGN \u00fcbernimmt keine ausdr\u00fccklichen oder stillschweigenden Garantien, die sich aus dem Handelsbrauch oder aus gesetzlichen Bestimmungen ergeben, was die SOFTWARE oder irgendetwas anderes betrifft.<span class=\"Apple-converted-space\">\u00a0 I<\/span>nsbesondere werden alle Gew\u00e4hrleistungen der Marktg\u00e4ngigkeit, der Eignung f\u00fcr einen bestimmten Zweck, der ZUFRIEDENSTELLENDEN QUALIT\u00c4T und der Nichtverletzung von Rechten Dritter ausdr\u00fccklich ausgeschlossen.<\/p>\n<p class=\"p5\"><strong>5. HAFTUNGSBESCHR\u00c4NKUNG<\/strong>.\u00a0 <span class=\"Apple-converted-space\">\u00a0\u00a0<\/span>IN KEINEM FALL IST BRIGHTSIGN IHNEN ODER DRITTEN GEGEN\u00dcBER HAFTBAR F\u00dcR NUTZUNGSAUSF\u00c4LLE, DATENVERLUSTE, GESCH\u00c4FTSUNTERBRECHUNGEN ODER DIENSTLEISTUNGEN ODER INDIREKTE, SPEZIELLE, STRAFENDE, ZUF\u00c4LLIGE ODER FOLGESCH\u00c4DEN, DIE SICH AUS ODER IM ZUSAMMENHANG MIT DIESER VEREINBARUNG ERGEBEN, ODER F\u00dcR ENTGANGENE GEWINNE, UNABH\u00c4NGIG VON DER ART DER HANDLUNG, OB AUS VERTRAG, UNERLAUBTER HANDLUNG (EINSCHLIESSLICH FAHRL\u00c4SSIGKEIT) ODER EINEM ANDEREN GESETZLICHEN ODER ANGEMESSENEN RECHTSMITTEL, SELBST WENN ADVISED VON DER M\u00d6GLICHKEIT SOLCHER SCH\u00c4DEN ODER VERLUSTE ODER VON ANSPR\u00dcCHEN DRITTER BETROFFEN IST.\u00a0<span class=\"Apple-converted-space\">\u00a0\u00a0<\/span>SIE ERKENNEN AN, DASS DIESE HAFTUNGSBESCHR\u00c4NKUNG EIN GRUNDLEGENDER ASPEKT DIESER VEREINBARUNG UND DER KOSTENLOSEN BEREITSTELLUNG DER SOFTWARE DURCH BRIGHTSIGN IST, UND DASS OHNE DIESE HAFTUNGSBESCHR\u00c4NKUNG DIE WIRTSCHAFTLICHEN BEDINGUNGEN F\u00dcR DIE SOFTWARE WESENTLICH ANDERS W\u00c4REN.<\/p>\n<p class=\"p5\"><strong>6. Pers\u00f6nliche Daten.\u00a0 \u00a0<\/strong>\u00a0Sie erkennen an und erkl\u00e4ren sich damit einverstanden, dass die Software und das Ger\u00e4t nicht dazu bestimmt sind, personenbezogene Informationen, pers\u00f6nliche Daten, finanzielle, medizinische oder andere gesch\u00fctzte Informationen (zusammenfassend als \"Pers\u00f6nliche Daten\" bezeichnet) zu erfassen, zu speichern, zu verarbeiten, zu \u00fcbertragen oder zur Verf\u00fcgung zu stellen.  Sie werden die Software oder das Ger\u00e4t nicht nutzen, um personenbezogene Daten zu sammeln, zu speichern, zu verarbeiten, zu \u00fcbertragen oder zur Verf\u00fcgung zu stellen, und Sie werden dies auch keinem Dritten gestatten.  Sie werden das Unternehmen, seine Lieferanten, leitenden Angestellten, Direktoren, Mitarbeiter, Vertreter, Nachfolger, Tochtergesellschaften, Unterlizenzen und Zessionare von allen Anspr\u00fcchen, Sch\u00e4den, Verlusten, Kosten und Haftungen (einschlie\u00dflich angemessener Anwalts- und Gerichtskosten) freistellen, die sich aus der Erfassung, Speicherung, Verarbeitung, \u00dcbertragung oder Bereitstellung personenbezogener Daten unter Verwendung der Software oder des Ger\u00e4ts ergeben oder damit zusammenh\u00e4ngen.<\/p>\n<p class=\"p5\"><strong>7. VERSCHIEDENES.<\/strong><span class=\"Apple-converted-space\">\u00a0 \u00a0\u00a0<\/span>Diese Vereinbarung unterliegt in jeder Hinsicht den Gesetzen des Staates Kalifornien, wie sie auf Vereinbarungen angewandt werden, die ausschlie\u00dflich in Kalifornien zwischen in Kalifornien ans\u00e4ssigen Personen geschlossen und erf\u00fcllt werden sollen.<span class=\"Apple-converted-space\">\u00a0\u00a0<\/span>Das \u00dcbereinkommen der Vereinten Nationen \u00fcber Vertr\u00e4ge \u00fcber den internationalen Warenkauf ist ausdr\u00fccklich von der Anwendung auf dieses Abkommen ausgeschlossen.<span class=\"Apple-converted-space\">\u00a0\u00a0<\/span>Diese Vereinbarung stellt die gesamte Vereinbarung zwischen den Parteien in Bezug auf die Software dar. Diese Vereinbarung ersetzt alle fr\u00fcheren Vereinbarungen zwischen den Parteien in Bezug auf die Software, und die Bedingungen dieser Vereinbarung regeln diese. Ihr Recht, die Software zu nutzen, erlischt sofort, wenn Sie gegen diesen Vertrag versto\u00dfen.<\/p>\n\n        \n        <\/div><!-- block-inner -->  \n\n        \n    <\/section><!-- full-width-text -->","protected":false},"excerpt":{"rendered":"","protected":false},"author":32,"featured_media":0,"parent":846,"menu_order":70,"comment_status":"closed","ping_status":"closed","template":"","meta":{"_acf_changed":true,"_searchwp_excluded":"","footnotes":""},"class_list":["post-11685","page","type-page","status-publish","hentry"],"acf":[],"_links":{"self":[{"href":"https:\/\/www.brightsign.biz\/de\/wp-json\/wp\/v2\/pages\/11685","targetHints":{"allow":["GET"]}}],"collection":[{"href":"https:\/\/www.brightsign.biz\/de\/wp-json\/wp\/v2\/pages"}],"about":[{"href":"https:\/\/www.brightsign.biz\/de\/wp-json\/wp\/v2\/types\/page"}],"author":[{"embeddable":true,"href":"https:\/\/www.brightsign.biz\/de\/wp-json\/wp\/v2\/users\/32"}],"replies":[{"embeddable":true,"href":"https:\/\/www.brightsign.biz\/de\/wp-json\/wp\/v2\/comments?post=11685"}],"version-history":[{"count":0,"href":"https:\/\/www.brightsign.biz\/de\/wp-json\/wp\/v2\/pages\/11685\/revisions"}],"up":[{"embeddable":true,"href":"https:\/\/www.brightsign.biz\/de\/wp-json\/wp\/v2\/pages\/846"}],"wp:attachment":[{"href":"https:\/\/www.brightsign.biz\/de\/wp-json\/wp\/v2\/media?parent=11685"}],"curies":[{"name":"wp","href":"https:\/\/api.w.org\/{rel}","templated":true}]}}