{"id":11704,"date":"2024-09-19T16:31:21","date_gmt":"2024-09-19T20:31:21","guid":{"rendered":"https:\/\/www.brightsign.biz\/?page_id=11704"},"modified":"2024-09-19T16:45:06","modified_gmt":"2024-09-19T20:45:06","slug":"website-nutzungsbedingungen-8","status":"publish","type":"page","link":"https:\/\/www.brightsign.biz\/de\/legal\/brightsign-network-license-agreement\/","title":{"rendered":"BrightSign Netzwerk-Lizenzvertrag"},"content":{"rendered":"<section\n  id=\"hero-block_dbf3c3dc2c6c2c6e6bcc94f16488a65a\"\n  class=\"hero custom-block\"\n  data-form-url=\"\"\n>\n  <!-- Backgrounds: cover full section, center position (extended via SCSS) -->\n        <div id=\"hero-desktop-background\" style=\"background-image: url('https:\/\/www.brightsign.biz\/wp-content\/uploads\/2024\/09\/header-template3-15-1920x900.jpg'); background-size: cover; background-position: center center; background-repeat: no-repeat;\"><\/div>\n        <div id=\"hero-mobile-background\" style=\"background-image: url('https:\/\/www.brightsign.biz\/wp-content\/uploads\/2024\/09\/header-template3-15-1920x900.jpg'); background-size: cover; background-position: center center; background-repeat: no-repeat;\"><\/div>\n  \n  <div class=\"hero-gradient\" aria-hidden=\"true\"><\/div>\n  <div class=\"block-inner medium\">\n    <div class=\"block-inner-content grid-x grid-margin-y\">\n\n      <!-- MOBILE-only layout -->\n      <div class=\"cell small-12 show-for-small-only\">\n        \n        \n        \n        \n        <div class=\"mobile-content form-content\"><h1 class=\"\"><strong>Bright<\/strong>Sign<br \/>\n<strong>Netzwerk<\/strong><br \/>\nLizenzvereinbarung<\/h1>\n<p>10. Februar 2020<\/p>\n<\/div>      <\/div>\n      <!-- end MOBILE-only -->\n\n      <!-- DESKTOP text cell -->\n      <div class=\"cell small-12 medium-12 large-6 hide-for-small-only\">\n        \n        <h1 class=\"\"><strong>Bright<\/strong>Sign<br \/>\n<strong>Netzwerk<\/strong><br \/>\nLizenzvereinbarung<\/h1>\n<p>10. Februar 2020<\/p>\n      <\/div>\n      <!-- end DESKTOP text cell -->\n\n      <!-- DESKTOP form\/video cell -->\n      <div class=\"cell small-12 medium-12 large-6 center-play hide-for-small-only\">\n        \n              <\/div>\n      <!-- end DESKTOP form\/video cell -->\n\n    <\/div><!-- .block-inner-content -->\n  <\/div><!-- .block-inner -->\n<\/section><!-- hero -->\n\n\n\n    <section id=\"full-width-text-block_398614bcc5f89ce0cbe337f808f45dae\" class=\"full-width-text custom-block dark small-top small-bottom brand-htags default-lists\">\n\n        <div class=\"block-inner medium\">\n\n        <h2 style=\"text-align: center\">BrightSign Netzwerk-Lizenzvertrag<\/h2>\n<h3>Nutzungsbedingungen<\/h3>\n<p>Bitte lesen Sie die folgenden Nutzungsbedingungen (\"Bedingungen\") sorgf\u00e4ltig durch. BrightSign bietet die Nutzung des BrightSign-Netzwerks vorbehaltlich der folgenden Bedingungen an.  Wenn Sie auf das BrightSign-Netzwerk zugreifen und es nutzen, werden Sie aufgefordert, die Bedingungen zu lesen und zu akzeptieren. Dar\u00fcber hinaus unterliegen Sie und BrightSign bei der Nutzung bestimmter BrightSign-eigener oder von BrightSign betriebener Dienste den f\u00fcr diese Dienste geltenden Richtlinien oder Regeln, die von Zeit zu Zeit ver\u00f6ffentlicht und ge\u00e4ndert werden k\u00f6nnen.<\/p>\n<p>Willkommen im BrightSign-Netzwerk, einem Online-Inhaltsverteilungsdienst, der von BrightSign (\"Unternehmen\") bereitgestellt wird.  Diese Bedingungen regeln Ihre Nutzung der Dienste, einschlie\u00dflich der Software und ihrer Interaktion mit den Diensten.<\/p>\n<h4>1.\u00a0<u>Die Dienstleistungen<\/u><\/h4>\n<p>1.1\u00a0<u>Verantwortlichkeiten des Unternehmens<\/u>.  Das Unternehmen bietet die Dienste an, um Ihnen das Hochladen, \u00dcbertragen, Verwalten, \u00dcberwachen und Herunterladen von Texten, Grafiken, Videos und anderen von Ihnen ausgew\u00e4hlten und bereitgestellten Materialien (\"Inhalte\") zur Verwendung mit einem oder mehreren Ger\u00e4ten zu erm\u00f6glichen, die Sie vom Unternehmen oder einem seiner autorisierten Vertreter erworben haben.<\/p>\n<p>1.2\u00a0<u>Geb\u00fchren<\/u>.  Die Geb\u00fchren f\u00fcr diese Dienste (\"Geb\u00fchren\") gelten pro Ger\u00e4t und werden in Ihrem Konto f\u00fcr die Dienste festgelegt.  Sie verpflichten sich, die Geb\u00fchren p\u00fcnktlich an das Unternehmen zu zahlen.  Sie erkl\u00e4ren sich damit einverstanden, dass Ihre Nutzung der Dienste eingestellt oder untersagt werden kann, wenn Sie die Geb\u00fchren nicht p\u00fcnktlich zahlen.<\/p>\n<p>1.3\u00a0<span class=\"wysiwyg-underline\">Abonnement-Aktivierung<\/span>. Gekaufte Abonnements m\u00fcssen innerhalb von 60 Tagen nach dem Kaufdatum aktiviert werden. Nach diesem Zeitraum k\u00f6nnen gekaufte Abonnements, die nicht aktiviert wurden, im Rahmen der regelm\u00e4\u00dfigen Wartung des BrightSign-Netzwerks gel\u00f6scht werden. Siehe\u00a0<a href=\"https:\/\/support.brightsign.biz\/hc\/en-us\/articles\/218068067\">diese FAQ<\/a>\u00a0f\u00fcr weitere Informationen zur Aktivierung von gekauften Abonnements.<\/p>\n<h4>2.\u00a0<span class=\"wysiwyg-underline\">Garantien und Beschr\u00e4nkungen in Bezug auf den Inhalt.<\/span><\/h4>\n<p>2.1\u00a0<u>Zusicherungen und Garantien<\/u>. Sie sichern dem Unternehmen hiermit zu und gew\u00e4hrleisten, dass (i) Sie alle ausschlie\u00dflichen Rechte, Titel und Anteile an den Inhalten besitzen oder alle erforderlichen Lizenzen oder Genehmigungen f\u00fcr die Nutzung der Inhalte eingeholt haben, einschlie\u00dflich, aber nicht beschr\u00e4nkt auf alle Texte, Bilder, Audio- und Videodateien, Logos und Kopien, die in den Inhalten enthalten sind, einschlie\u00dflich, aber nicht beschr\u00e4nkt auf alle Rechte zum Kopieren, Verbreiten, Auff\u00fchren und Anzeigen der Inhalte und zum Erstellen abgeleiteter Werke von den Inhalten, oder dass Sie solche Lizenzen einholen, bevor Sie die Dienste zur \u00dcbertragung oder Anzeige dieser Inhalte nutzen; und (ii) die Nutzung, \u00dcbertragung und Anzeige der Inhalte keine Urheberrechte, Patente, Marken, Gesch\u00e4ftsgeheimnisse oder andere Rechte an geistigem Eigentum Dritter verletzen oder eine Verleumdung, Verletzung der Privatsph\u00e4re oder eine Verletzung des Rechts auf \u00d6ffentlichkeit oder anderer Rechte einer Partei darstellen.<\/p>\n<p>2.2\u00a0<u>Bedingungen<\/u>. Als Bedingung f\u00fcr die Nutzung der Dienste erkl\u00e4ren Sie sich damit einverstanden, dass Sie nichts unternehmen:<\/p>\n<p>2.2.1 Nutzung der Dienste oder des Ger\u00e4ts zur Darstellung von Inhalten, die rechtswidrig, sch\u00e4dlich, bedrohlich, bel\u00e4stigend, verleumderisch, obsz\u00f6n, pornografisch, vulg\u00e4r, die Privatsph\u00e4re oder das \u00d6ffentlichkeitsrecht eines anderen verletzend sind oder die geistigen Eigentumsrechte eines Dritten verletzen;<\/p>\n<p>2.2.2 die Dienste oder das Ger\u00e4t zu nutzen, um Inhalte anzuzeigen, die hasserf\u00fcllt, rassistisch, ethnisch oder anderweitig anst\u00f6\u00dfig sind, die zu einem Verhalten ermutigen, das eine Straftat darstellen, eine zivilrechtliche Haftung nach sich ziehen oder anderweitig gegen geltende lokale, staatliche, nationale oder internationale Gesetze versto\u00dfen k\u00f6nnte;<\/p>\n<p>2.2.3 die Dienste oder das Ger\u00e4t zu nutzen, um Inhalte anzuzeigen, zu deren \u00dcbertragung Sie nach dem Gesetz oder aufgrund vertraglicher oder treuh\u00e4nderischer Beziehungen nicht berechtigt sind;<\/p>\n<p>2.2.4 die Dienste oder das Ger\u00e4t zu nutzen, um Minderj\u00e4hrigen in irgendeiner Weise zu schaden, einschlie\u00dflich, aber nicht beschr\u00e4nkt auf die Anzeige von Inhalten, die gegen Bundes-, Landes-, internationale oder andere Gesetze zur Kinderpornografie, zur sexuellen Ausbeutung von Kindern oder gegen Gesetze, die die Darstellung von Minderj\u00e4hrigen bei sexuellen Handlungen verbieten, versto\u00dfen;<\/p>\n<p>2.2.5 Kopfzeilen zu f\u00e4lschen oder Identifikatoren anderweitig zu manipulieren, um die Herkunft von Inhalten zu verschleiern, die \u00fcber die Dienste oder das Ger\u00e4t angezeigt werden;<\/p>\n<p>2.2.6 die Dienste oder das Ger\u00e4t zu nutzen, um Material zu \u00fcbertragen, das Softwareviren oder andere Computercodes, Dateien oder Programme enth\u00e4lt, die dazu bestimmt sind, die Funktionalit\u00e4t von Computersoftware zu unterbrechen, zu zerst\u00f6ren oder einzuschr\u00e4nken; oder<\/p>\n<p>2.2.7 die Dienste oder Server oder Netzwerke, die mit den Diensten verbunden sind, zu st\u00f6ren oder zu unterbrechen (oder zu versuchen, sie zu st\u00f6ren oder zu unterbrechen).<\/p>\n<p>2.3 Wenn das Unternehmen davon in Kenntnis gesetzt wird oder Grund zu der Annahme hat, dass Sie eine der oben genannten Handlungen begehen, kann das Unternehmen dies untersuchen und nach eigenem Ermessen entscheiden, ob es die zust\u00e4ndigen Beh\u00f6rden benachrichtigt und\/oder Ihren Zugang zu den Diensten sperrt. Das Unternehmen kann Ihre Inhalte oder elektronische Kommunikation jeglicher Art offenlegen, um Gesetzen, Vorschriften oder beh\u00f6rdlichen Aufforderungen nachzukommen oder um die Rechte oder das Eigentum des Unternehmens, eines Dritten oder eines anderen Nutzers der Dienste zu sch\u00fctzen.<\/p>\n<p>2.4 Sie erkennen an und erkl\u00e4ren sich damit einverstanden, dass die Dienste und das Ger\u00e4t nicht dazu bestimmt sind, personenbezogene Informationen, pers\u00f6nliche Daten, finanzielle, medizinische oder andere gesch\u00fctzte Informationen (zusammenfassend als \"personenbezogene Daten\" bezeichnet) zu sammeln, zu speichern, zu verarbeiten, zu \u00fcbertragen oder zur Verf\u00fcgung zu stellen.  Sie werden keine pers\u00f6nlichen Daten in die Dienste oder das Ger\u00e4t hochladen oder die Dienste oder das Ger\u00e4t anderweitig nutzen, um pers\u00f6nliche Daten zu sammeln, zu speichern, zu verarbeiten, zu \u00fcbertragen oder zur Verf\u00fcgung zu stellen, und Sie werden dies auch keinem Dritten erlauben.  Sie werden das Unternehmen, seine Lieferanten, leitenden Angestellten, Direktoren, Mitarbeiter, Vertreter, Nachfolger, Tochtergesellschaften, Unterlizenzen und Zessionare von allen Anspr\u00fcchen, Sch\u00e4den, Verlusten, Kosten und Haftungen (einschlie\u00dflich angemessener Anwalts- und Gerichtskosten) freistellen, die sich aus der Erhebung, Speicherung, Verarbeitung, \u00dcbertragung oder Bereitstellung von personenbezogenen Daten unter Verwendung der Dienste oder eines Ger\u00e4ts ergeben.<\/p>\n<h4>3.\u00a0<span class=\"wysiwyg-underline\">Eigent\u00fcmerschaft<\/span><\/h4>\n<p>Ihnen wird ein begrenztes Recht zur Nutzung der Dienste einger\u00e4umt. Das Unternehmen und seine Lieferanten behalten alle Rechte, Titel und Interessen, einschlie\u00dflich aller Urheberrechte und geistigen Eigentumsrechte, an den Diensten. Alle nicht ausdr\u00fccklich in diesen Bedingungen gew\u00e4hrten Rechte, einschlie\u00dflich US-amerikanischer und internationaler Urheberrechte, sind dem Unternehmen und seinen Zulieferern vorbehalten.<\/p>\n<h4>4.\u00a0<span class=\"wysiwyg-underline\">Unerlaubte Verwendung<\/span><\/h4>\n<p>Sie verpflichten sich, das Unternehmen unverz\u00fcglich \u00fcber jede unbefugte Nutzung Ihres Passworts oder Kontos f\u00fcr die Dienste oder jede andere Verletzung der Sicherheit zu informieren.<\/p>\n<h4>5.\u00a0<span class=\"wysiwyg-underline\">Entsch\u00e4digung<\/span><\/h4>\n<p>Sie erkl\u00e4ren sich damit einverstanden, das Unternehmen, seine Lieferanten, leitenden Angestellten, Direktoren, Mitarbeiter, Vertreter, Nachfolger, Tochtergesellschaften, Unterlizenzen und Zessionare von allen Anspr\u00fcchen, Sch\u00e4den, Verlusten, Kosten und Haftungen (einschlie\u00dflich angemessener Anwalts- und Gerichtskosten) freizustellen, die sich aus einem Versto\u00df gegen diese Bedingungen oder einer Verletzung von Gesetzen oder Rechten Dritter durch Sie oder eine Person, die unter Ihrer Leitung, Autorit\u00e4t oder Kontrolle handelt, ergeben, einschlie\u00dflich, aber nicht beschr\u00e4nkt auf die Ver\u00f6ffentlichung, Verteilung, Anzeige oder sonstige Nutzung der Inhalte durch Sie oder eine Person, die Ihr Passwort verwendet.<\/p>\n<h4>6.\u00a0<span class=\"wysiwyg-underline\">\u00c4nderungen an den Diensten<\/span><\/h4>\n<p>Das Unternehmen kann jederzeit und ohne Vorank\u00fcndigung \u00c4nderungen an den Diensten vornehmen.<\/p>\n<h4>7.\u00a0<span class=\"wysiwyg-underline\">HAFTUNGSAUSSCHL\u00dcSSE<\/span><\/h4>\n<p>DER DIENST UND DIE FIRMWARE WERDEN VOM UNTERNEHMEN IN DER VORLIEGENDEN FORM ZUR VERF\u00dcGUNG GESTELLT, UND DAS UNTERNEHMEN UND SEINE LIEFERANTEN LEHNEN AUSDR\u00dcCKLICH ALLE AUSDR\u00dcCKLICHEN, STILLSCHWEIGENDEN UND GESETZLICHEN GARANTIEN AB, EINSCHLIESSLICH, ABER NICHT BESCHR\u00c4NKT AUF DIE GARANTIE DER MARKTG\u00c4NGIGKEIT, DER EIGNUNG F\u00dcR EINEN BESTIMMTEN ZWECK UND DER NICHTVERLETZUNG VON RECHTEN. OHNE EINSCHR\u00c4NKUNG DES VORSTEHENDEN \u00dcBERNIMMT DAS UNTERNEHMEN KEINE GARANTIE DAF\u00dcR, DASS DER SERVICE ODER DIE FIRMWARE EFFEKTIV, GENAU, ZUVERL\u00c4SSIG ODER SICHER IST.<\/p>\n<h4>8.\u00a0<span class=\"wysiwyg-underline\">HAFTUNGSBESCHR\u00c4NKUNG<\/span><\/h4>\n<p>DAS UNTERNEHMEN UND SEINE LIEFERANTEN HAFTEN IM VOLLEN GESETZLICH ZUL\u00c4SSIGEN UMFANG NICHT F\u00dcR NUTZUNGSAUSF\u00c4LLE, ENTGANGENE GEWINNE, DATENVERLUSTE, FIRMENWERT ODER ANDERE WIRTSCHAFTLICHE VORTEILE, GESCH\u00c4FTSUNTERBRECHUNGEN ODER DIENSTLEISTUNGEN ODER INDIREKTE, ZUF\u00c4LLIGE, STRAFENDE, BESONDERE ODER FOLGESCH\u00c4DEN, DIE SICH AUS ODER IN VERBINDUNG MIT DEM DIENST ODER DER FIRMWARE ERGEBEN. DIE VORSTEHENDE HAFTUNGSBESCHR\u00c4NKUNG GILT UNABH\u00c4NGIG DAVON, OB ES SICH UM EINE KLAGE WEGEN VERTRAGSBRUCH, FAHRL\u00c4SSIGKEIT, EINER ANDEREN UNERLAUBTEN HANDLUNG ODER EINER ANDEREN THEORIE HANDELT, AUCH WENN EIN AUTORISIERTER VERTRETER DES UNTERNEHMENS \u00dcBER DIE M\u00d6GLICHKEIT SOLCHER SCH\u00c4DEN INFORMIERT WURDE ODER DAVON H\u00c4TTE WISSEN M\u00dcSSEN.  DIE HAFTUNG DES UNTERNEHMENS UND DIE HAFTUNG SEINER VERTRETER, MITARBEITER UND LIEFERANTEN GEGEN\u00dcBER IHNEN ODER DRITTEN IST UNTER ALLEN UMST\u00c4NDEN AUF DEN BETRAG DER GEB\u00dcHREN BESCHR\u00c4NKT, DIE SIE IN DEN LETZTEN 12 MONATEN VOR ENTSTEHUNG DES HAFTUNGSGRUNDES AN DAS UNTERNEHMEN BEZAHLT HABEN.  DAS UNTERNEHMEN, SEINE LIEFERANTEN UND SEINE VERTRETER \u00dcBERNEHMEN KEINE HAFTUNG F\u00dcR DEN UNBEFUGTEN ZUGRIFF AUF ODER DEN MISSBRAUCH VON INHALTEN DURCH DRITTE.<\/p>\n<p>DIE VORSTEHENDEN HAFTUNGSAUSSCHL\u00dcSSE, VERZICHTSERKL\u00c4RUNGEN UND EINSCHR\u00c4NKUNGEN GELTEN UNGEACHTET DES FEHLENS EINES WESENTLICHEN ZWECKS EINES BESCHR\u00c4NKTEN RECHTSMITTELS.<\/p>\n<p>IN EINIGEN GERICHTSBARKEITEN IST DIE BESCHR\u00c4NKUNG ODER DER AUSSCHLUSS DER HAFTUNG F\u00dcR BEIL\u00c4UFIG ENTSTANDENE SCH\u00c4DEN ODER FOLGESCH\u00c4DEN NICHT ZUL\u00c4SSIG, SO DASS DIE OBIGE BESCHR\u00c4NKUNG ODER DER AUSSCHLUSS M\u00d6GLICHERWEISE NICHT AUF SIE ZUTRIFFT, UND SIE K\u00d6NNEN AUCH ANDERE GESETZLICHE RECHTE HABEN, DIE VON GERICHTSBARKEIT ZU GERICHTSBARKEIT VARIIEREN.<\/p>\n<h4>9.\u00a0<span class=\"wysiwyg-underline\">Laufzeit und Beendigung.<\/span><\/h4>\n<p>Das Unternehmen kann diese Bedingungen und Ihren Zugang zu den Diensten jederzeit mit oder ohne Grund k\u00fcndigen. Die Abschnitte 2, 3, 4, 5, 7, 8 und 11 bleiben bestehen.<\/p>\n<h4>10. <span class=\"wysiwyg-underline\">Internationale Verwendung<\/span><\/h4>\n<p>Die Dienste werden vom Unternehmen von seinen B\u00fcros in den Vereinigten Staaten von Amerika (\"USA\") aus kontrolliert, betrieben und verwaltet. Das Unternehmen gibt keine Zusicherung, dass die Dienste f\u00fcr die Nutzung an Standorten au\u00dferhalb der USA geeignet oder verf\u00fcgbar sind. Wenn Sie von einem Standort au\u00dferhalb der USA auf die Dienste zugreifen, sind Sie f\u00fcr die Einhaltung aller lokalen Gesetze an Ihrem Wohnsitz verantwortlich.<\/p>\n<h4>11.\u00a0<span class=\"wysiwyg-underline\">Geltendes Recht; Streitbeilegung<\/span><\/h4>\n<p>Alle rechtlichen Fragen, die sich aus der Nutzung der Dienste, der Firmware und dieser Bedingungen ergeben oder damit in Zusammenhang stehen, werden in \u00dcbereinstimmung mit den Gesetzen der USA ausgelegt, ohne Ber\u00fccksichtigung der Grunds\u00e4tze des Kollisionsrechts.<\/p>\n<h4>12.\u00a0<span class=\"wysiwyg-underline\">Zuweisung<\/span><\/h4>\n<p>Sie d\u00fcrfen diese Bedingungen unter keinen Umst\u00e4nden abtreten oder \u00fcbertragen. Sie erkl\u00e4ren sich damit einverstanden, dass diese Bedingungen und alle darin enthaltenen Vereinbarungen vom Unternehmen im Falle einer Fusion, \u00dcbernahme oder eines Konkurses nach eigenem Ermessen automatisch an einen Dritten \u00fcbertragen werden k\u00f6nnen.<\/p>\n<h4>13.\u00a0<span class=\"wysiwyg-underline\">Gesamte Vereinbarung; Verzicht; Trennbarkeit<\/span><\/h4>\n<p>Diese Bedingungen stellen die gesamte Vereinbarung zwischen Ihnen und dem Unternehmen in Bezug auf die Nutzung der Dienste dar. Das Vers\u00e4umnis des Unternehmens, ein Recht oder eine Bestimmung in diesen Bedingungen durchzusetzen, stellt keinen Verzicht auf dieses Recht oder diese Bestimmung oder auf andere Rechte oder Bestimmungen in diesen Bedingungen dar. Sollte ein Gericht feststellen, dass ein oder mehrere Rechte oder Bestimmungen in diesen Bedingungen ung\u00fcltig sind, erkl\u00e4ren Sie sich damit einverstanden, dass der Rest der Bedingungen durchsetzbar ist und dass die ung\u00fcltige Bestimmung im gr\u00f6\u00dftm\u00f6glichen gesetzlich zul\u00e4ssigen Umfang durchsetzbar sein wird.<\/p>\n\n        \n        <\/div><!-- block-inner -->  \n\n        \n    <\/section><!-- full-width-text -->","protected":false},"excerpt":{"rendered":"","protected":false},"author":32,"featured_media":0,"parent":846,"menu_order":70,"comment_status":"closed","ping_status":"closed","template":"","meta":{"_acf_changed":true,"_searchwp_excluded":"","footnotes":""},"class_list":["post-11704","page","type-page","status-publish","hentry"],"acf":[],"_links":{"self":[{"href":"https:\/\/www.brightsign.biz\/de\/wp-json\/wp\/v2\/pages\/11704","targetHints":{"allow":["GET"]}}],"collection":[{"href":"https:\/\/www.brightsign.biz\/de\/wp-json\/wp\/v2\/pages"}],"about":[{"href":"https:\/\/www.brightsign.biz\/de\/wp-json\/wp\/v2\/types\/page"}],"author":[{"embeddable":true,"href":"https:\/\/www.brightsign.biz\/de\/wp-json\/wp\/v2\/users\/32"}],"replies":[{"embeddable":true,"href":"https:\/\/www.brightsign.biz\/de\/wp-json\/wp\/v2\/comments?post=11704"}],"version-history":[{"count":0,"href":"https:\/\/www.brightsign.biz\/de\/wp-json\/wp\/v2\/pages\/11704\/revisions"}],"up":[{"embeddable":true,"href":"https:\/\/www.brightsign.biz\/de\/wp-json\/wp\/v2\/pages\/846"}],"wp:attachment":[{"href":"https:\/\/www.brightsign.biz\/de\/wp-json\/wp\/v2\/media?parent=11704"}],"curies":[{"name":"wp","href":"https:\/\/api.w.org\/{rel}","templated":true}]}}