{"id":11748,"date":"2024-10-24T12:42:51","date_gmt":"2024-10-24T16:42:51","guid":{"rendered":"https:\/\/www.brightsign.biz\/?page_id=11748"},"modified":"2024-10-24T12:42:53","modified_gmt":"2024-10-24T16:42:53","slug":"website-nutzungsbedingungen-9","status":"publish","type":"page","link":"https:\/\/www.brightsign.biz\/de\/legal\/sustainability-statement\/","title":{"rendered":"Erkl\u00e4rung zur Nachhaltigkeit"},"content":{"rendered":"<section\n  id=\"hero-block_58e384872f9ea25b4807a6c16c3edeef\"\n  class=\"hero custom-block\"\n  data-form-url=\"\"\n>\n  <!-- Backgrounds: cover full section, center position (extended via SCSS) -->\n        <div id=\"hero-desktop-background\" style=\"background-image: url('https:\/\/www.brightsign.biz\/wp-content\/uploads\/2024\/09\/header-template3-15-1920x900.jpg'); background-size: cover; background-position: center center; background-repeat: no-repeat;\"><\/div>\n        <div id=\"hero-mobile-background\" style=\"background-image: url('https:\/\/www.brightsign.biz\/wp-content\/uploads\/2024\/09\/header-template3-15-1920x900.jpg'); background-size: cover; background-position: center center; background-repeat: no-repeat;\"><\/div>\n  \n  <div class=\"hero-gradient\" aria-hidden=\"true\"><\/div>\n  <div class=\"block-inner medium\">\n    <div class=\"block-inner-content grid-x grid-margin-y\">\n\n      <!-- MOBILE-only layout -->\n      <div class=\"cell small-12 show-for-small-only\">\n        \n        \n        \n        \n        <div class=\"mobile-content form-content\"><h1 class=\"\"><strong>Nachhaltigkeit<br \/>\n<\/strong>Stellungnahme<\/h1>\n<p>Aktualisiert am 27. September 2024<\/p>\n<\/div>      <\/div>\n      <!-- end MOBILE-only -->\n\n      <!-- DESKTOP text cell -->\n      <div class=\"cell small-12 medium-12 large-6 hide-for-small-only\">\n        \n        <h1 class=\"\"><strong>Nachhaltigkeit<br \/>\n<\/strong>Stellungnahme<\/h1>\n<p>Aktualisiert am 27. September 2024<\/p>\n      <\/div>\n      <!-- end DESKTOP text cell -->\n\n      <!-- DESKTOP form\/video cell -->\n      <div class=\"cell small-12 medium-12 large-6 center-play hide-for-small-only\">\n        \n              <\/div>\n      <!-- end DESKTOP form\/video cell -->\n\n    <\/div><!-- .block-inner-content -->\n  <\/div><!-- .block-inner -->\n<\/section><!-- hero -->\n\n\n\n    <section id=\"full-width-text-block_7af17197b449c53a2323dc6440db0f7a\" class=\"full-width-text custom-block dark small-top small-bottom brand-htags default-lists\">\n\n        <div class=\"block-inner medium\">\n\n        <h2 style=\"text-align: center\">BrightSign Nachhaltigkeitserkl\u00e4rung<\/h2>\n<p>Wir bei BrightSign haben uns verpflichtet, als verantwortungsvoller Elektronikhersteller und Softwareanbieter zu agieren, der sich der Nachhaltigkeit und dem Umweltschutz verschrieben hat. Wir sind uns bewusst, wie wichtig es ist, die Auswirkungen auf die Umwelt zu minimieren, und tragen aktiv zum Aufbau einer gr\u00fcneren Zukunft bei. Dies zeigt sich auch in der Produktion unserer branchenf\u00fchrenden digitalen Medienplayer und Signage-L\u00f6sungen.<\/p>\n<ul>\n<li><strong>Produktdesign:<\/strong> Entscheidend f\u00fcr unsere Nachhaltigkeit ist der geringe Stromverbrauch unserer Produkte. Bei der Entwicklung unserer Elektronik achten wir auf Langlebigkeit und Zuverl\u00e4ssigkeit. Unser Engagement f\u00fcr verl\u00e4ngerte Produktlebenszyklen durch Cloud-Steuerung, Remote-Player-Management und selbstheilende Softwaretechnologien sorgt f\u00fcr weniger Elektronikabfall und f\u00f6rdert ein nachhaltigeres Verbrauchsmodell.<\/li>\n<li><strong>Operative Exzellenz:<\/strong> Wir bem\u00fchen uns, unseren CO2-Fu\u00dfabdruck zu verringern, indem wir energieeffiziente Verfahren in unserem gesamten Betrieb einf\u00fchren. Auch unsere Ingenieure verwenden energieeffiziente L\u00f6sungen und Ger\u00e4te w\u00e4hrend des Entwicklungsprozesses. Wo es m\u00f6glich ist, bevorzugen wir die Nutzung erneuerbarer Energiequellen und suchen st\u00e4ndig nach innovativen Wegen, um den Energieverbrauch zu minimieren.<\/li>\n<li><strong>Verantwortung in der Lieferkette:<\/strong> Wir arbeiten eng mit Lieferanten zusammen, die unsere Werte teilen und sich f\u00fcr faire Arbeitsbedingungen, eine ethische Materialbeschaffung und ein verantwortungsvolles Abfallmanagement einsetzen. Durch die Optimierung der Herstellungsprozesse wollen wir das Abfallaufkommen verringern, das Recycling und die Wiederverwendung von Materialien f\u00f6rdern und die mit der Herstellung unserer Produkte verbundenen Umweltauswirkungen minimieren.<\/li>\n<\/ul>\n<p>Nachhaltigkeit ist eine Reise, und wir sind bestrebt, uns st\u00e4ndig zu verbessern. Wir bewerten regelm\u00e4\u00dfig unsere Praktiken und setzen uns ehrgeizige Ziele. Durch die F\u00f6rderung einer Kultur der Innovation und Zusammenarbeit suchen wir nach neuen Wegen, um unsere Umweltauswirkungen zu verringern und eine nachhaltigere Zukunft zu schaffen.<\/p>\n<p>Gemeinsam mit unseren Mitarbeitern, Kunden, Lieferanten und Gemeinden bem\u00fchen wir uns um eine nachhaltige Elektronikfertigung. Wir glauben, dass wir durch verantwortungsbewusste Praktiken etwas bewirken k\u00f6nnen.<\/p>\n\n        \n        <\/div><!-- block-inner -->  \n\n        \n    <\/section><!-- full-width-text -->","protected":false},"excerpt":{"rendered":"","protected":false},"author":32,"featured_media":0,"parent":846,"menu_order":70,"comment_status":"closed","ping_status":"closed","template":"","meta":{"_acf_changed":true,"_searchwp_excluded":"","footnotes":""},"class_list":["post-11748","page","type-page","status-publish","hentry"],"acf":[],"_links":{"self":[{"href":"https:\/\/www.brightsign.biz\/de\/wp-json\/wp\/v2\/pages\/11748","targetHints":{"allow":["GET"]}}],"collection":[{"href":"https:\/\/www.brightsign.biz\/de\/wp-json\/wp\/v2\/pages"}],"about":[{"href":"https:\/\/www.brightsign.biz\/de\/wp-json\/wp\/v2\/types\/page"}],"author":[{"embeddable":true,"href":"https:\/\/www.brightsign.biz\/de\/wp-json\/wp\/v2\/users\/32"}],"replies":[{"embeddable":true,"href":"https:\/\/www.brightsign.biz\/de\/wp-json\/wp\/v2\/comments?post=11748"}],"version-history":[{"count":0,"href":"https:\/\/www.brightsign.biz\/de\/wp-json\/wp\/v2\/pages\/11748\/revisions"}],"up":[{"embeddable":true,"href":"https:\/\/www.brightsign.biz\/de\/wp-json\/wp\/v2\/pages\/846"}],"wp:attachment":[{"href":"https:\/\/www.brightsign.biz\/de\/wp-json\/wp\/v2\/media?parent=11748"}],"curies":[{"name":"wp","href":"https:\/\/api.w.org\/{rel}","templated":true}]}}