{"id":12083,"date":"2025-03-17T17:36:54","date_gmt":"2025-03-17T21:36:54","guid":{"rendered":"https:\/\/www.brightsign.biz\/?page_id=12083"},"modified":"2025-03-18T10:40:24","modified_gmt":"2025-03-18T14:40:24","slug":"garantiebestimmungen-3","status":"publish","type":"page","link":"https:\/\/www.brightsign.biz\/de\/legal\/regulatory\/","title":{"rendered":"Informationen zur Einhaltung gesetzlicher Vorschriften"},"content":{"rendered":"<section\n  id=\"hero-block_539c9c40e3d1b24ca2abdc9177a4faee\"\n  class=\"hero custom-block\"\n  data-form-url=\"\"\n>\n  <!-- Backgrounds: cover full section, center position (extended via SCSS) -->\n        <div id=\"hero-desktop-background\" style=\"background-image: url('https:\/\/www.brightsign.biz\/wp-content\/uploads\/2024\/09\/header-template3-15-1920x900.jpg'); background-size: cover; background-position: center center; background-repeat: no-repeat;\"><\/div>\n        <div id=\"hero-mobile-background\" style=\"background-image: url('https:\/\/www.brightsign.biz\/wp-content\/uploads\/2024\/09\/header-template3-15-1920x900.jpg'); background-size: cover; background-position: center center; background-repeat: no-repeat;\"><\/div>\n  \n  <div class=\"hero-gradient\" aria-hidden=\"true\"><\/div>\n  <div class=\"block-inner medium\">\n    <div class=\"block-inner-content grid-x grid-margin-y\">\n\n      <!-- MOBILE-only layout -->\n      <div class=\"cell small-12 show-for-small-only\">\n        \n        \n        \n        \n        <div class=\"mobile-content form-content\"><h1><strong>Einhaltung von Vorschriften<\/strong> Informationen<\/h1>\n<p>Aktualisiert 17. M\u00e4rz 2025<\/p>\n<\/div>      <\/div>\n      <!-- end MOBILE-only -->\n\n      <!-- DESKTOP text cell -->\n      <div class=\"cell small-12 medium-12 large-6 hide-for-small-only\">\n        \n        <h1><strong>Einhaltung von Vorschriften<\/strong> Informationen<\/h1>\n<p>Aktualisiert 17. M\u00e4rz 2025<\/p>\n      <\/div>\n      <!-- end DESKTOP text cell -->\n\n      <!-- DESKTOP form\/video cell -->\n      <div class=\"cell small-12 medium-12 large-6 center-play hide-for-small-only\">\n        \n              <\/div>\n      <!-- end DESKTOP form\/video cell -->\n\n    <\/div><!-- .block-inner-content -->\n  <\/div><!-- .block-inner -->\n<\/section><!-- hero -->\n\n\n\n    <section id=\"full-width-text-block_62aeaff3ca721e8e249cecd5f45a656a\" class=\"full-width-text custom-block dark small-top none-bottom brand-htags default-lists\">\n\n        <div class=\"block-inner medium\">\n\n        <h2 style=\"text-align: center\">BrightSign Informationen zur Einhaltung gesetzlicher Vorschriften<\/h2>\n<p><strong>FCC-Vorschriften, Teil 15.<\/strong><\/p>\n<p>Dieses Ger\u00e4t wurde getestet und entspricht den Grenzwerten f\u00fcr ein digitales Ger\u00e4t der Klasse B gem\u00e4\u00df Teil 15 der FCC-Vorschriften. Diese Grenzwerte sind so ausgelegt, dass sie einen angemessenen Schutz gegen sch\u00e4dliche St\u00f6rungen bei der Installation in Wohngebieten bieten. Dieses Ger\u00e4t erzeugt und verwendet Hochfrequenzenergie und kann diese ausstrahlen. Wenn es nicht gem\u00e4\u00df den Anweisungen installiert und verwendet wird, kann es sch\u00e4dliche St\u00f6rungen des Funkverkehrs verursachen. Es kann jedoch nicht garantiert werden, dass bei einer bestimmten Installation keine St\u00f6rungen auftreten. Wenn dieses Ger\u00e4t St\u00f6rungen des Radio- oder Fernsehempfangs verursacht, was durch Ein- und Ausschalten des Ger\u00e4ts festgestellt werden kann, sollte der Benutzer versuchen, die St\u00f6rungen durch eine oder mehrere der folgenden Ma\u00dfnahmen zu beheben:<\/p>\n<ul>\n<li>Neuausrichtung oder Verlegung der Empfangsantenne<\/li>\n<li>Vergr\u00f6\u00dfern Sie den Abstand zwischen Ger\u00e4t und Empf\u00e4nger<\/li>\n<li>Schlie\u00dfen Sie das Ger\u00e4t an eine Steckdose eines anderen Stromkreises an als den, an den der Empf\u00e4nger angeschlossen ist.<\/li>\n<li>Ziehen Sie den H\u00e4ndler oder einen erfahrenen Radio-\/Fernsehtechniker zu Rate.<\/li>\n<\/ul>\n<p><strong>Dieses Ger\u00e4t erf\u00fcllt die Anforderungen von Teil 15 der FCC-Vorschriften.<\/strong><\/p>\n<p>Der Betrieb unterliegt den folgenden zwei Bedingungen:<\/p>\n<ul>\n<li>Dieses Ger\u00e4t darf keine sch\u00e4dlichen St\u00f6rungen verursachen.<\/li>\n<li>Dieses Ger\u00e4t muss alle empfangenen Interferenzen akzeptieren, einschlie\u00dflich Interferenzen, die einen unerw\u00fcnschten Betrieb verursachen k\u00f6nnen.<\/li>\n<\/ul>\n<p>\u00c4nderungen oder Modifikationen, die nicht ausdr\u00fccklich von der f\u00fcr die Einhaltung der Vorschriften verantwortlichen Stelle genehmigt wurden, k\u00f6nnen dazu f\u00fchren, dass der Benutzer die Berechtigung zum Betrieb des Ger\u00e4ts verliert.<\/p>\n<p><strong>Verantwortliche Partei:<\/strong><\/p>\n<p>BrightSign, LLC.<\/p>\n<p>500 S. Winchester Blvd, Suite 100, San Jose, CA 95128<\/p>\n<p>USA Telefon: 1-408-852-9263<\/p>\n<p><strong>ICES-003 Klasse B Hinweis:<\/strong><\/p>\n<p><strong>(Avis NMB-003, Klasse B)<\/strong><\/p>\n<p>Dieses digitale Ger\u00e4t der Klasse B entspricht der kanadischen Norm ICES-003.<\/p>\n<p><strong>Konformit\u00e4tserkl\u00e4rung der Europ\u00e4ischen Gemeinschaft<\/strong><\/p>\n<p>Dieses Produkt entspricht den Schutzanforderungen der EG-Richtlinie 892004\/108\/EG zur Angleichung der Rechtsvorschriften der Mitgliedstaaten \u00fcber die elektromagnetische Vertr\u00e4glichkeit. BrightSign, LLC. \u00fcbernimmt keine Verantwortung f\u00fcr die Nichterf\u00fcllung der Schutzanforderungen, die sich aus einer nicht empfohlenen Modifikation des Produkts ergeben. Dieses Produkt wurde getestet und erf\u00fcllt die Grenzwerte f\u00fcr Ger\u00e4te der Klasse B der Informationstechnologie gem\u00e4\u00df CISPR 22 \/ Europ\u00e4ischer Standard EN 55022 und EN 55024. Die Grenzwerte f\u00fcr Ger\u00e4te der Klasse B wurden f\u00fcr typische Umgebungen abgeleitet, um einen angemessenen Schutz gegen Interferenzen mit lizenzierten Kommunikationsger\u00e4ten zu gew\u00e4hrleisten. Es m\u00fcssen ordnungsgem\u00e4\u00df abgeschirmte und geerdete Kabel und Steckverbinder verwendet werden, um das Potenzial f\u00fcr die Verursachung von St\u00f6rungen der Radio- und Fernsehkommunikation und anderer elektrischer oder elektronischer Ger\u00e4te zu verringern.<\/p>\n<p><strong>Konformit\u00e4tserkl\u00e4rung<\/strong><\/p>\n<p>Dieses Produkt entspricht den Anforderungen der Richtlinie \u00fcber elektromagnetische Vertr\u00e4glichkeit (2014\/30\/EU) und der Verordnung \u00fcber elektromagnetische Vertr\u00e4glichkeit 2016. Mittel zum Nachweis der Konformit\u00e4t mit den grundlegenden Anforderungen (verwendete Normen\/Spezifikationen):<\/p>\n<table style=\"height: 623px\" width=\"807\">\n<tbody>\n<tr>\n<td width=\"312\">BS EN 55032:2015+A 1:2020 (Klasse B)<\/td>\n<td width=\"213\">EN 61000 3-3:2013+A2:2021<\/td>\n<\/tr>\n<tr>\n<td width=\"312\">BS EN 55035:2017+A11:2020<\/td>\n<td width=\"213\">EN 61000 4-4:2012<\/td>\n<\/tr>\n<tr>\n<td width=\"312\">BS EN 61000 4-2:2009<\/td>\n<td width=\"213\">EN IEC 61000 3-2:2019+A1:2021<\/td>\n<\/tr>\n<tr>\n<td width=\"312\">BS EN 61000 4-5:2014+A1:2017<\/td>\n<td width=\"213\">IEC 610 00 4-8:2009<\/td>\n<\/tr>\n<tr>\n<td width=\"312\">BS EN 61000 4-6:2014<\/td>\n<td width=\"213\">IEC 61000 4-3:2020<\/td>\n<\/tr>\n<tr>\n<td width=\"312\">BS EN 61000 4-8:2010<\/td>\n<td width=\"213\">IEC 61000 4-5:2014\/AMD1:2017<\/td>\n<\/tr>\n<tr>\n<td width=\"312\">BS EN IEC 61000 3-2:2019+A1:2021<\/td>\n<td width=\"213\">IEC 61000 4-11:2020<\/td>\n<\/tr>\n<tr>\n<td width=\"312\">BS EN IEC 61000 4-11:2020<\/td>\n<td width=\"213\">IEC 61000 4-2:2008<\/td>\n<\/tr>\n<tr>\n<td width=\"312\">BS EN IEC 61000 4-3:2020<\/td>\n<td width=\"213\">IEC 61000 4-4:2012<\/td>\n<\/tr>\n<tr>\n<td width=\"312\"><\/td>\n<td width=\"213\">IEC 61000 4-6:2013<\/td>\n<\/tr>\n<\/tbody>\n<\/table>\n<p>&nbsp;<\/p>\n<p><strong>Drahtloser Betriebskanal f\u00fcr verschiedene Dom\u00e4nen<\/strong><\/p>\n<p>Die Funktion zur Auswahl des L\u00e4ndercodes soll f\u00fcr Produkte, die in den USA\/Kanada vermarktet werden, deaktiviert werden.<\/p>\n<ul>\n<li>N. Amerika 2,412-2,462 GHz Ch01 bis CH11<\/li>\n<li>Japan 2,412-2,484 GHz Ch01 bis Ch14<\/li>\n<li>Europa ETSI 2,412-2,472 GHz Ch01 bis Ch13<\/li>\n<\/ul>\n<p><strong>Frankreich Beschr\u00e4nkte Funkfrequenzb\u00e4nder<\/strong><\/p>\n<p>Einige Gebiete in Frankreich haben ein eingeschr\u00e4nktes Frequenzband. Die im ung\u00fcnstigsten Fall zul\u00e4ssige H\u00f6chstleistung in Innenr\u00e4umen betr\u00e4gt:<\/p>\n<ul>\n<li>10 mW f\u00fcr das gesamte 2,4-GHz-Band (2400 MHz-2483,5 MHz)<\/li>\n<li>100mW f\u00fcr Frequenzen zwischen 2446,5 MHz und 2483,5 MHz<\/li>\n<\/ul>\n<p>Die Kan\u00e4le 10 bis einschlie\u00dflich 13 arbeiten im Band 2446,6 MHz bis 2483,5 MHz. Es gibt nur wenige M\u00f6glichkeiten f\u00fcr die Nutzung im Freien: Auf Privatgrundst\u00fccken oder auf dem Privatgrundst\u00fcck \u00f6ffentlicher Personen unterliegt die Nutzung einem vorherigen Genehmigungsverfahren durch das Verteidigungsministerium, mit einer maximal genehmigten Leistung von 100mW im Band 2446,5-2483,5 MHz. Die Nutzung im Freien auf \u00f6ffentlichem Grund ist nicht gestattet, und zwar in den unten aufgef\u00fchrten Abteilungen f\u00fcr das gesamte 2,4-GHz-Band:<\/p>\n<ul>\n<li>Die maximal zul\u00e4ssige Leistung in Innenr\u00e4umen betr\u00e4gt 100 mW.<\/li>\n<li>Die maximal zul\u00e4ssige Leistung im Freien betr\u00e4gt 10 mW.<\/li>\n<\/ul>\n<p>Abteilungen, in denen die Nutzung des Frequenzbands 2400-2483,5 MHz mit einer EIRP von weniger als 100 mW in Geb\u00e4uden und weniger als 10 mW im Freien erlaubt ist:<\/p>\n<ul>\n<li>01 Ain Orientales 02 Aisne 03 Allier<\/li>\n<li>05 Hautes Alpes 08 Ardennen 09 Ari\u00e8ge<\/li>\n<li>11 Aude 12 Aveyron 16 Charente<\/li>\n<li>24 Dordogne 25 Doubs 26 Dr\u00f4me<\/li>\n<li>32 Gers 36 Indre 37 Indre et Loire<\/li>\n<li>41 Loir et Cher 45 Loiret 50 Manche<\/li>\n<li>55 Maas 58 Ni\u00e8vre 59 Nord<\/li>\n<li>60 Oise 61 Orne 63 Puy du D\u00f4me<\/li>\n<li>64 Pyr\u00e9n\u00e9es Atlantique 66 Pyr\u00e9n\u00e9es 67 Bas Rhin<\/li>\n<li>68 Haut Rhin 70 Haute Sa\u00f4ne 71 Sa\u00f4ne et Loire<\/li>\n<li>75 Paris 82 Tarn et Garonne<\/li>\n<li>84 Vaucluse 88 Vosges 89 Yonne<\/li>\n<li>90 Territoire de Belfort 94 Val de Marne<\/li>\n<\/ul>\n<p>Diese Anforderung wird sich wahrscheinlich im Laufe der Zeit \u00e4ndern, so dass Sie Ihre WLAN-Karte in mehr Gebieten in Frankreich verwenden k\u00f6nnen. Bitte erkundigen Sie sich bei ART nach den neuesten Informationen (<a href=\"http:\/\/www.art-telecom.fr\" target=\"_blank\" rel=\"noopener\">www.art-telecom.fr<\/a>). BrightSign Drahtlose (WiFi) Ger\u00e4te senden weniger als 100mW, aber mehr als 10mW.<\/p>\n<p><strong>UL-Sicherheitshinweise<\/strong><\/p>\n<p>Erforderlich f\u00fcr UL 1459, die Telekommunikationsger\u00e4te (Telefone) abdeckt, die f\u00fcr den elektrischen Anschluss an ein Telekommunikationsnetz bestimmt sind, deren Betriebsspannung gegen Erde 200 V Spitze, 300 V Spitze-Spitze und 105 V Effektivwert nicht \u00fcbersteigt und die in \u00dcbereinstimmung mit dem National Electrical Code (NFPA 70) installiert oder verwendet werden.Bei der Verwendung des BrightSign-Players sollten stets grundlegende Sicherheitsvorkehrungen getroffen werden, um die Gefahr von Br\u00e4nden, elektrischen Schl\u00e4gen und Verletzungen von Personen zu verringern, einschlie\u00dflich der folgenden:<\/p>\n<ul>\n<li>NICHT in der N\u00e4he von Wasser verwenden, z. B. in der N\u00e4he einer Badewanne, einer Waschsch\u00fcssel, eines Sp\u00fclbeckens oder einer W\u00e4schewanne, in einem feuchten Keller oder in der N\u00e4he eines Schwimmbeckens.<\/li>\n<li>Verwenden Sie das Ger\u00e4t NICHT w\u00e4hrend eines Gewitters. Es besteht ein geringes Risiko eines Stromschlags durch Blitzschlag.<\/li>\n<li>NICHT in der N\u00e4he eines Gaslecks verwenden.<\/li>\n<\/ul>\n\n        \n        <\/div><!-- block-inner -->  \n\n        \n    <\/section><!-- full-width-text -->","protected":false},"excerpt":{"rendered":"","protected":false},"author":32,"featured_media":0,"parent":846,"menu_order":30,"comment_status":"closed","ping_status":"closed","template":"","meta":{"_acf_changed":true,"_searchwp_excluded":"","footnotes":""},"class_list":["post-12083","page","type-page","status-publish","hentry"],"acf":[],"_links":{"self":[{"href":"https:\/\/www.brightsign.biz\/de\/wp-json\/wp\/v2\/pages\/12083","targetHints":{"allow":["GET"]}}],"collection":[{"href":"https:\/\/www.brightsign.biz\/de\/wp-json\/wp\/v2\/pages"}],"about":[{"href":"https:\/\/www.brightsign.biz\/de\/wp-json\/wp\/v2\/types\/page"}],"author":[{"embeddable":true,"href":"https:\/\/www.brightsign.biz\/de\/wp-json\/wp\/v2\/users\/32"}],"replies":[{"embeddable":true,"href":"https:\/\/www.brightsign.biz\/de\/wp-json\/wp\/v2\/comments?post=12083"}],"version-history":[{"count":0,"href":"https:\/\/www.brightsign.biz\/de\/wp-json\/wp\/v2\/pages\/12083\/revisions"}],"up":[{"embeddable":true,"href":"https:\/\/www.brightsign.biz\/de\/wp-json\/wp\/v2\/pages\/846"}],"wp:attachment":[{"href":"https:\/\/www.brightsign.biz\/de\/wp-json\/wp\/v2\/media?parent=12083"}],"curies":[{"name":"wp","href":"https:\/\/api.w.org\/{rel}","templated":true}]}}