{"id":12119,"date":"2025-05-15T10:14:22","date_gmt":"2025-05-15T14:14:22","guid":{"rendered":"https:\/\/www.brightsign.biz\/?page_id=12119"},"modified":"2025-05-15T10:14:24","modified_gmt":"2025-05-15T14:14:24","slug":"digitale-beschilderung","status":"publish","type":"page","link":"https:\/\/www.brightsign.biz\/de\/digital-signage\/","title":{"rendered":"Regionale Landing Page"},"content":{"rendered":"<section\n  id=\"hero-block_c4f754f78784baf1ec85ff04373780f8\"\n  class=\"hero custom-block\"\n  data-form-url=\"https:\/\/content.brightsign.biz\/l\/1011161\/2025-05-05\/3j3fg?page_name=german-lp\"\n>\n  <!-- Backgrounds: cover full section, center position (extended via SCSS) -->\n        <div id=\"hero-desktop-background\" style=\"background-image: url('https:\/\/www.brightsign.biz\/wp-content\/uploads\/2025\/01\/purple-gradient-v2a-2001x1125-1-1920x900.png'); background-size: cover; background-position: center center; background-repeat: no-repeat;\"><\/div>\n        <div id=\"hero-mobile-background\" style=\"background-image: url('https:\/\/www.brightsign.biz\/wp-content\/uploads\/2025\/01\/purple-gradient-v2a-2001x1125-1-1920x900.png'); background-size: cover; background-position: center center; background-repeat: no-repeat;\"><\/div>\n  \n  <div class=\"hero-gradient\" aria-hidden=\"true\"><\/div>\n  <div class=\"block-inner medium\">\n    <div class=\"block-inner-content grid-x grid-margin-y\">\n\n      <!-- MOBILE-only layout -->\n      <div class=\"cell small-12 show-for-small-only\">\n        \n                  <div class=\"hero-form-embed\"><\/div>\n        \n        \n        \n        <div class=\"mobile-content form-content\"><p>&nbsp;<\/p>\n<h1><em>Die erste Wahl f\u00fcr zuverl\u00e4ssiges <\/em><strong>Digital Signage<\/strong><\/h1>\n<p>&nbsp;<\/p>\n<div style=\"padding-top: 10px;padding-right: 30px\">\n<p>BrightSign ist der Weltmarktf\u00fchrer f\u00fcr Digital Signage-Technologie mit fast 3 Millionen Installationen weltweit.<\/p>\n<p>Das Herzst\u00fcck unseres Media Players ist BrightSignOS\u2122 - speziell entwickelt, um die Zuverl\u00e4ssigkeit und Sicherheit zu bieten, die Digital Signage erfordert.<\/p>\n<p><strong>Fordern Sie noch heute Ihre kostenlose Demo an<\/strong> - und sehen Sie, warum Unternehmen in ganz Europa auf BrightSign vertrauen.<\/p>\n<\/div>\n<\/div>      <\/div>\n      <!-- end MOBILE-only -->\n\n      <!-- DESKTOP text cell -->\n      <div class=\"cell small-12 medium-12 large-6 small-order-2 medium-order-1 large-order-1 hide-for-small-only\">\n        \n        <p>&nbsp;<\/p>\n<h1><em>Die erste Wahl f\u00fcr zuverl\u00e4ssiges <\/em><strong>Digital Signage<\/strong><\/h1>\n<p>&nbsp;<\/p>\n<div style=\"padding-top: 10px;padding-right: 30px\">\n<p>BrightSign ist der Weltmarktf\u00fchrer f\u00fcr Digital Signage-Technologie mit fast 3 Millionen Installationen weltweit.<\/p>\n<p>Das Herzst\u00fcck unseres Media Players ist BrightSignOS\u2122 - speziell entwickelt, um die Zuverl\u00e4ssigkeit und Sicherheit zu bieten, die Digital Signage erfordert.<\/p>\n<p><strong>Fordern Sie noch heute Ihre kostenlose Demo an<\/strong> - und sehen Sie, warum Unternehmen in ganz Europa auf BrightSign vertrauen.<\/p>\n<\/div>\n      <\/div>\n      <!-- end DESKTOP text cell -->\n\n      <!-- DESKTOP form\/video cell -->\n      <div class=\"cell small-12 medium-12 large-6 center-play small-order-1 medium-order-2 large-order-2 hide-for-small-only\">\n        \n                  <div class=\"hero-form-embed\"><\/div>\n              <\/div>\n      <!-- end DESKTOP form\/video cell -->\n\n    <\/div><!-- .block-inner-content -->\n  <\/div><!-- .block-inner -->\n<\/section><!-- hero -->\n\n\n\n\n\n\n<div class=\"pill-pad-wrap left\">\n\n    <section id=\"pill-image-text-block_9dbbc07fd6ccd9c74aa82d4224a0e968\" class=\"pill-image-text custom-block\">\n\n        <div class=\"dot-in\"><\/div><!-- dot-in -->\n\n        <div class=\"pill-image-layer grid-x left\">\n\n            <div class=\"cell small-12 medium-6\"><\/div>\n\n            <div class=\"cell small-12 medium-6 pill-bg\">\n\n                <div class=\"pill-bg-image\" style=\"background-image: url( https:\/\/www.brightsign.biz\/wp-content\/uploads\/2025\/05\/house-of-rituals-3-scaled-cropped-v02-1920x900.jpg );\"><\/div>\n\n            <\/div><!-- pill-bg -->\n\n        <\/div><!-- pill-image-layer -->\n\n        <div class=\"block-inner medium grid-x left\">\n\n            <div class=\"cell small-12 medium-6 pill-content image-left\">\n\n                \n                    <div class=\"pill-title\">\n                        <h3>Treiben Sie Ihre Digital Signage-Reise voran<\/h3>\n                        <div aria-hidden=\"true\" class=\"blue-dot\"><\/div>\n                    <\/div>\n\n                \n                                    <p>Digital Signage ersetzt statische Anzeigen durch digitale dynamische Inhalte. Hier sind nur einige Beispiele:<\/p>\n<ul>\n<li>Einzelh\u00e4ndler nutzen interaktive Displays, um Kunden zu fesseln, Produkte zu bewerben und sich an lokale Vorlieben anzupassen, um den Umsatz und die Markentreue zu steigern.<\/li>\n<li>Hotels bieten ihren G\u00e4sten und Touristen \u00fcber digitale Kioske einen Echtzeit-Service.<\/li>\n<li>Vergn\u00fcgungsst\u00e4tten setzen auf gro\u00dffl\u00e4chige digitale Displays, um ihr Branding, ihre Darbietungen und Live-Updates in Szene zu setzen.<\/li>\n<\/ul>\n                \n                \n            <\/div><!-- pill-content -->\n\n        <\/div><!-- block-inner -->\n\n    <\/section><!-- pill-image-text -->\n\n<\/div><!--pill-pad-wrap -->\n\n\n\n\n\n\n\n<section id=\"media-text-block_236df0161b118b093747eafa20073a6f\" class=\"media-text custom-block dark none-top none-bottom\" >\n    <div class=\"dot-in\"><\/div><!-- dot-in -->\n    <div class=\"block-inner medium grid-x right\">\n    \n        <div class=\"cell small-12 medium-12 large-6 mediatext-content default-checks\">\n            <div aria-hidden=\"true\" class=\"blue-dot\"><\/div>\n                                                    <h3>BrightSign bei der BMW Group<\/h3>\n<p>BMW betreibt seine globale interne Kommunikation mit BrightSign - und f\u00f6rdert damit die betriebliche Effizienz, das Engagement der Mitarbeiter und die Nachhaltigkeit in gro\u00dfem Umfang.<\/p>\n<ul>\n<li>Verbessert die Kommunikation mit sicherer, skalierbarer Content-Bereitstellung \u00fcber B\u00fcros und Produktionsstandorte hinweg.<\/li>\n<li>Vereinfacht die Verwaltung mit wartungsarmen, unternehmenstauglichen L\u00f6sungen wie dynamischen Dashboards und Videow\u00e4nden.<\/li>\n<\/ul>\n                        \n                        \n                    <\/div><!-- mediatext-content -->\n        \n        <div class=\"cell small-12 medium-12 large-6 form-wrapper\">\n                            <!-- Normal form on all devices -->\n                                                    <div class=\"mediatext-image default-bg\">\n                        <img decoding=\"async\" src=\"https:\/\/www.brightsign.biz\/wp-content\/uploads\/2025\/04\/2023-03-muc-digital-signage-bmw-2-750x440.jpg\" alt=\"Interne Kommunikationsbeschilderung von BrightSign bei der BMW Group\" \/>\n                                            <\/div><!-- mediatext-image -->\n                                                            \n                    <\/div><!-- form-wrapper -->\n        \n    <\/div><!-- block-inner -->\n<\/section><!-- media-text -->\n\n\n\n\n\n\n\n<section id=\"testimonial-slider-block_fa3c85ac34d1f31a56d926835fa1e5c1\" class=\"testimonial-slider custom-block\">\n\n    <div class=\"block-inner medium\">\n\n                    <h3>Was unsere Kunden sagen<\/h3>\n        \n        <div class=\"swiper testimonial-swiper\">\n            \n            <div class=\"swiper-wrapper\">\n\n                \n                    <div class=\"swiper-slide\">\n\n                        <div class=\"slide-inner\">\n\n                            <blockquote>\n            \n                                <p>\"Der XC5 unterst\u00fctzt das kundenspezifische Simulationssystem von UCL und bietet gleichzeitig eine benutzerfreundliche Oberfl\u00e4che.<\/p>\n<p>Seine Zuverl\u00e4ssigkeit und Flexibilit\u00e4t machen den Wechsel zwischen Lernumgebungen einfach, so dass sich die Dozenten auf ihren Unterricht konzentrieren k\u00f6nnen.\"<\/p>\n\n                                <div class=\"cite-wrap\">\n\n                                                                        <cite>\n                                        <span class=\"testimonial-name\">Stefan Marcher Schmidt<\/span>\n                                                                                    <br><span>COO bei Schmidts Radio A\/S<\/span>\n                                                                            <\/cite>\n                                <\/div>\n\n                                \n                            <\/blockquote>\n\n                        <\/div><!-- slide-inner -->\n\n                    <\/div><!-- swiper-slide -->\n\n                \n                    <div class=\"swiper-slide\">\n\n                        <div class=\"slide-inner\">\n\n                            <blockquote>\n            \n                                <p>\"Wir entscheiden uns regelm\u00e4\u00dfig f\u00fcr BrightSign-Player. Sie bieten unseren Kunden eine seltene Kombination aus Zuverl\u00e4ssigkeit, Wartungsfreundlichkeit, reibungsloser Wiedergabe und, was besonders wichtig ist, eine Auswahl an Software.<\/p>\n<p>Wir scherzen, dass BrightSigns Player uns alle \u00fcberdauern werden, und ich wette, dass das nicht weit von der Wahrheit entfernt ist.\"<\/p>\n\n                                <div class=\"cite-wrap\">\n\n                                                                        <cite>\n                                        <span class=\"testimonial-name\">Jonathan Alger<\/span>\n                                                                                    <br><span>Gesch\u00e4ftsf\u00fchrender Gesellschafter und Mitbegr\u00fcnder von C&amp;G Partners<\/span>\n                                                                            <\/cite>\n                                <\/div>\n\n                                \n                            <\/blockquote>\n\n                        <\/div><!-- slide-inner -->\n\n                    <\/div><!-- swiper-slide -->\n\n                \n            <\/div><!-- swiper-wrapper -->\n\n            <div class=\"swiper-button-next show-for-large\"><\/div>\n            <div class=\"swiper-button-prev show-for-large\"><\/div>\n            <div class=\"swiper-pagination-wrapper hide-for-large\">\n                <div class=\"swiper-pagination\"><\/div>\n            <\/div><!-- swiper-pagination-wrapper -->\n\n        <\/div><!-- swiper -->\n\n    <\/div><!-- block-inner -->\n\n<\/section><!-- testimonial-slider -->\n\n\n\n\n\n\n\n    <section id=\"full-width-text-block_3a3e86d70cd5bd417f1e28d75ad02d74\" class=\"full-width-text custom-block dark small-top none-bottom default-htags default-lists\">\n\n        <div class=\"block-inner medium\">\n\n        <h3 style=\"text-align: center;color: #701896\">Speziell f\u00fcr Digital Signage entwickelt<\/h3>\n<p style=\"text-align: center\">BrightSigns Player, Software und Dienstleistungen bilden die Grundlage f\u00fcr die Leistung, Sicherheit und langfristige Zuverl\u00e4ssigkeit, die Kunden verlangen.<\/p>\n\n        \n        <\/div><!-- block-inner -->  \n\n        \n    <\/section><!-- full-width-text -->  \n\n\n\n\n\n\n\n\n\n<section id=\"media-grid-block_3fdade45fd507778ba577a2ea3221651\" class=\"media-grid custom-block dark none-top small-bottom\">\n\n<div class=\"block-inner medium\">\n\n<div class=\"full-width-text default-htags\">\n\n\n<\/div>\n\n\n<div class=\"grid-x\">\n\n\n<div class=\"mg-cell cell small-12 medium-4\">\n\n    <div class=\"mg-cell-inner item-parent\">\n\n    <div class=\"mg-item-content remove-overlay default-htags default-lists\">\n\n        \n            <div class=\"mg-item-image\">\n\n                <img decoding=\"async\" src=\"https:\/\/www.brightsign.biz\/wp-content\/uploads\/2024\/06\/BrightSign-series5-fullfamily-web-900x495.png\" alt=\"BrightSign Serie 5 Digital Signage Media Player\" \/>\n           \n\n                            <\/div>\n        \n        \n\n            <div class=\"mg-content-top\">\n\n                <h5>BrightSign Player<\/h5>\n                                    <p>Entwickelt f\u00fcr Profis mit erstklassiger Technologie und konkurrenzloser Flexibilit\u00e4t, um fesselnde Signage-Erlebnisse zu liefern.<\/p>\n                                \n\n            <\/div><!-- mg-content-top -->\n\n            <\/div><!-- mg-item-content -->\n\n            <ul class=\"mg-cta-list small-buttons\">\n\n                \n                <li>\n                    <a href=\"https:\/\/www.brightsign.biz\/de\/lichtzeichengeber\/serie-5\/\" target=\"_self\">Erkunden Sie die Spieler<i class=\"fa-solid fa-chevron-right\"><\/i><\/a>\n                <\/li>\n\n                                \n                \n            <\/ul>\n\n    \n    <\/div><!-- mg-cell-inner -->\n\n<\/div><!-- mg-cell -->\n\n\n<div class=\"mg-cell cell small-12 medium-4\">\n\n    <div class=\"mg-cell-inner item-parent\">\n\n    <div class=\"mg-item-content remove-overlay default-htags default-lists\">\n\n        \n            <div class=\"mg-item-image\">\n\n                <img decoding=\"async\" src=\"https:\/\/www.brightsign.biz\/wp-content\/uploads\/2024\/06\/brightsign-os-image-900x495.jpg\" alt=\"\" \/>\n           \n\n                            <\/div>\n        \n        \n\n            <div class=\"mg-content-top\">\n\n                <h5>BrightSignOS<\/h5>\n                                    <p>Unser spezialisiertes Betriebssystem, das jedem BrightSign-Player erstklassige Sicherheit, Signage-Leistung und Nachhaltigkeit verleiht.<\/p>\n                                \n\n            <\/div><!-- mg-content-top -->\n\n            <\/div><!-- mg-item-content -->\n\n            <ul class=\"mg-cta-list small-buttons\">\n\n                \n                <li>\n                    <a href=\"https:\/\/www.brightsign.biz\/de\/brightsign-vorteil\/brightsign-os\/\" target=\"_self\">Mehr erfahren<i class=\"fa-solid fa-chevron-right\"><\/i><\/a>\n                <\/li>\n\n                                \n                \n            <\/ul>\n\n    \n    <\/div><!-- mg-cell-inner -->\n\n<\/div><!-- mg-cell -->\n\n\n<div class=\"mg-cell cell small-12 medium-4\">\n\n    <div class=\"mg-cell-inner item-parent\">\n\n    <div class=\"mg-item-content remove-overlay default-htags default-lists\">\n\n        \n            <div class=\"mg-item-image\">\n\n                <img decoding=\"async\" src=\"https:\/\/www.brightsign.biz\/wp-content\/uploads\/2024\/10\/BrightAuthor-connected_1000x667-Web_v2-900x495.png\" alt=\"BrightAuthor:connected auf dem Laptop-Bildschirm\" \/>\n           \n\n                            <\/div>\n        \n        \n\n            <div class=\"mg-content-top\">\n\n                <h5>bsn.Control<\/h5>\n                                    <p>Jeder BrightSign-Player wird mit bsn.Control geliefert - unserem kostenlosen Fern\u00fcberwachungs- und -steuerungsservice.<\/p>\n                                \n\n            <\/div><!-- mg-content-top -->\n\n            <\/div><!-- mg-item-content -->\n\n            <ul class=\"mg-cta-list small-buttons\">\n\n                \n                <li>\n                    <a href=\"https:\/\/control.bsn.cloud\/\" target=\"_blank\">Anmelden<i class=\"fa-solid fa-chevron-right\"><\/i><\/a>\n                <\/li>\n\n                                \n                \n            <\/ul>\n\n    \n    <\/div><!-- mg-cell-inner -->\n\n<\/div><!-- mg-cell -->\n\n\n<\/div><!-- grid-x -->\n\n\n<\/div><!-- block-inner -->  \n\n<\/section><!-- ### -->\n\n\n\n\n\n\n\n\n<section id=\"full-width-cta-block_9fd7227ba3661f90b47a210d6b79199a\" class=\"full-width-cta custom-block\">\n\n<div class=\"block-inner medium grid-x\">\n\n<div class=\"cell small-12 medium-8\">\n    <h4>5-Jahres-Garantie f\u00fcr Serie 5-Player<\/h4>\n<p>Ab dem 1. Januar 2025 erhalten alle neu gekauften und registrierten Mediaplayer der Serie 5 und h\u00f6her eine Standardgarantie von 5 Jahren.<\/p>\n<\/div><!-- medium-8 -->\n\n<div class=\"cell small-12 medium-4 content-right\">\n    <div class=\"basic-button blue\"><a href=\"https:\/\/www.brightsign.biz\/de\/lichtzeichengeber\/garantie\/\" target=\"_self\">Mehr erfahren<i class=\"fa-solid fa-chevron-right\"><\/i><\/a><\/div>\n<\/div><!-- medium-4 -->\n\n<\/div><!-- block-inner -->\n\n<\/section><!-- hero -->\n\n\n\n\n\n\n\n    <section id=\"full-width-text-block_80624368912f191211cc9ea02eed721a\" class=\"full-width-text custom-block dark small-top none-bottom brand-htags default-lists\">\n\n        <div class=\"block-inner medium\">\n\n        <h3 style=\"text-align: center;color: #701896\">Erkunden Sie unsere Partner<\/h3>\n        \n        <\/div><!-- block-inner -->  \n\n        \n    <\/section><!-- full-width-text -->  \n\n\n\n\n\n\n\n<section id=\"ticker-block_bcc56dd9b0e40e7324fd8a004eec6dbe\" class=\"ticker custom-block white-bg\">\n\n    \n    <div class=\"block-inner\">\n        <div class=\"swiper ticker-swiper\">\n            <div class=\"swiper-wrapper\">\n\n                                    \n                        <div class=\"swiper-slide\">\n                                                            <img decoding=\"async\" src=\"https:\/\/www.brightsign.biz\/wp-content\/uploads\/2023\/04\/Appspace_Inline_600x64-4.png\" alt=\"\" \/>\n                                                                                <\/div>\n\n                    \n                        <div class=\"swiper-slide\">\n                                                            <img decoding=\"async\" src=\"https:\/\/www.brightsign.biz\/wp-content\/uploads\/2023\/04\/Creative_Realities_Logo.png\" alt=\"Creative Realities-Logo\" \/>\n                                                                                <\/div>\n\n                    \n                        <div class=\"swiper-slide\">\n                                                            <img decoding=\"async\" src=\"https:\/\/www.brightsign.biz\/wp-content\/uploads\/2023\/04\/easescreen-logo-claim-blue-3840px-scaled.png\" alt=\"\" \/>\n                                                                                <\/div>\n\n                    \n                        <div class=\"swiper-slide\">\n                                                            <img decoding=\"async\" src=\"https:\/\/www.brightsign.biz\/wp-content\/uploads\/2024\/06\/korbyt-logo.png\" alt=\"\" \/>\n                                                                                <\/div>\n\n                    \n                        <div class=\"swiper-slide\">\n                                                            <img decoding=\"async\" src=\"https:\/\/www.brightsign.biz\/wp-content\/uploads\/2024\/06\/Navori-Logo.png\" alt=\"Navori Labs-Logo\" \/>\n                                                                                <\/div>\n\n                    \n                        <div class=\"swiper-slide\">\n                                                            <img decoding=\"async\" src=\"https:\/\/www.brightsign.biz\/wp-content\/uploads\/2024\/06\/Poppulo_FWI_Color.png\" alt=\"\" \/>\n                                                                                <\/div>\n\n                    \n                        <div class=\"swiper-slide\">\n                                                            <img decoding=\"async\" src=\"https:\/\/www.brightsign.biz\/wp-content\/uploads\/2024\/06\/Partners-CMS-Signagelive.webp\" alt=\"\" \/>\n                                                                                <\/div>\n\n                    \n                        <div class=\"swiper-slide\">\n                                                            <img decoding=\"async\" src=\"https:\/\/www.brightsign.biz\/wp-content\/uploads\/2024\/06\/Uniguest-color-logo-1.png\" alt=\"\" \/>\n                                                                                <\/div>\n\n                    \n                        <div class=\"swiper-slide\">\n                                                            <img decoding=\"async\" src=\"https:\/\/www.brightsign.biz\/wp-content\/uploads\/2023\/04\/22M-Logo-Preferred-NoTagline-1.png\" alt=\"\" \/>\n                                                                                <\/div>\n\n                    \n                        <div class=\"swiper-slide\">\n                                                            <img decoding=\"async\" src=\"https:\/\/www.brightsign.biz\/wp-content\/uploads\/2023\/04\/Partners-CMS-Nowsignage.png\" alt=\"\" \/>\n                                                                                <\/div>\n\n                    \n                        <div class=\"swiper-slide\">\n                                                            <img decoding=\"async\" src=\"https:\/\/www.brightsign.biz\/wp-content\/uploads\/2023\/04\/Partners-CMS-Omnivex.png\" alt=\"\" \/>\n                                                                                <\/div>\n\n                    \n                        <div class=\"swiper-slide\">\n                                                            <img decoding=\"async\" src=\"https:\/\/www.brightsign.biz\/wp-content\/uploads\/2024\/10\/onsign_logo_color.png\" alt=\"OnSign TV-Logo\" \/>\n                                                                                <\/div>\n\n                    \n                        <div class=\"swiper-slide\">\n                                                            <img decoding=\"async\" src=\"https:\/\/www.brightsign.biz\/wp-content\/uploads\/2023\/04\/REACH_logo1920x1080.png\" alt=\"\" \/>\n                                                                                <\/div>\n\n                    \n                        <div class=\"swiper-slide\">\n                                                            <img decoding=\"async\" src=\"https:\/\/www.brightsign.biz\/wp-content\/uploads\/2023\/04\/Partners-CMS-Wallboard.png\" alt=\"\" \/>\n                                                                                <\/div>\n\n                    \n                        <div class=\"swiper-slide\">\n                                                            <img decoding=\"async\" src=\"https:\/\/www.brightsign.biz\/wp-content\/uploads\/2024\/06\/CleverDisplay-color-logo.png\" alt=\"\" \/>\n                                                                                <\/div>\n\n                    \n                        <div class=\"swiper-slide\">\n                                                            <img decoding=\"async\" src=\"https:\/\/www.brightsign.biz\/wp-content\/uploads\/2023\/04\/connect_signage-logo-full-colour-rgb-500px@72ppi.jpg\" alt=\"\" \/>\n                                                                                <\/div>\n\n                    \n                        <div class=\"swiper-slide\">\n                                                            <img decoding=\"async\" src=\"https:\/\/www.brightsign.biz\/wp-content\/uploads\/2023\/04\/DenevaDS-H-Denom-Color.png\" alt=\"\" \/>\n                                                                                <\/div>\n\n                    \n                        <div class=\"swiper-slide\">\n                                                            <img decoding=\"async\" src=\"https:\/\/www.brightsign.biz\/wp-content\/uploads\/2023\/04\/Partners-CMS-Dise.png\" alt=\"\" \/>\n                                                                                <\/div>\n\n                    \n                        <div class=\"swiper-slide\">\n                                                            <img decoding=\"async\" src=\"https:\/\/www.brightsign.biz\/wp-content\/uploads\/2023\/04\/Partners-CMS-embed.png\" alt=\"\" \/>\n                                                                                <\/div>\n\n                    \n                        <div class=\"swiper-slide\">\n                                                            <img decoding=\"async\" src=\"https:\/\/www.brightsign.biz\/wp-content\/uploads\/2023\/04\/Partners-CMS-intuiface.png\" alt=\"\" \/>\n                                                                                <\/div>\n\n                    \n                        <div class=\"swiper-slide\">\n                                                            <img decoding=\"async\" src=\"https:\/\/www.brightsign.biz\/wp-content\/uploads\/2023\/04\/Mvix_Primary_White_Background.png\" alt=\"\" \/>\n                                                                                <\/div>\n\n                    \n                        <div class=\"swiper-slide\">\n                                                            <img decoding=\"async\" src=\"https:\/\/www.brightsign.biz\/wp-content\/uploads\/2024\/06\/PADS4_Logo_01.png\" alt=\"PADS4-Logo\" \/>\n                                                                                <\/div>\n\n                    \n                        <div class=\"swiper-slide\">\n                                                            <img decoding=\"async\" src=\"https:\/\/www.brightsign.biz\/wp-content\/uploads\/2023\/04\/WallSign-logo-black.png\" alt=\"\" \/>\n                                                                                <\/div>\n\n                                    \n            <\/div><!-- swiper-wrapper -->\n        <\/div><!-- swiper -->\n    <\/div><!-- block-inner -->\n<\/section><!-- ticker -->","protected":false},"excerpt":{"rendered":"","protected":false},"author":32,"featured_media":0,"parent":0,"menu_order":0,"comment_status":"closed","ping_status":"closed","template":"","meta":{"_acf_changed":false,"_searchwp_excluded":"","footnotes":""},"class_list":["post-12119","page","type-page","status-publish","hentry"],"acf":[],"_links":{"self":[{"href":"https:\/\/www.brightsign.biz\/de\/wp-json\/wp\/v2\/pages\/12119","targetHints":{"allow":["GET"]}}],"collection":[{"href":"https:\/\/www.brightsign.biz\/de\/wp-json\/wp\/v2\/pages"}],"about":[{"href":"https:\/\/www.brightsign.biz\/de\/wp-json\/wp\/v2\/types\/page"}],"author":[{"embeddable":true,"href":"https:\/\/www.brightsign.biz\/de\/wp-json\/wp\/v2\/users\/32"}],"replies":[{"embeddable":true,"href":"https:\/\/www.brightsign.biz\/de\/wp-json\/wp\/v2\/comments?post=12119"}],"version-history":[{"count":0,"href":"https:\/\/www.brightsign.biz\/de\/wp-json\/wp\/v2\/pages\/12119\/revisions"}],"wp:attachment":[{"href":"https:\/\/www.brightsign.biz\/de\/wp-json\/wp\/v2\/media?parent=12119"}],"curies":[{"name":"wp","href":"https:\/\/api.w.org\/{rel}","templated":true}]}}