{"id":12242,"date":"2025-05-19T15:53:21","date_gmt":"2025-05-19T19:53:21","guid":{"rendered":"https:\/\/www.brightsign.biz\/?page_id=12242"},"modified":"2025-05-19T15:53:23","modified_gmt":"2025-05-19T19:53:23","slug":"gdpr-erklarung-6","status":"publish","type":"page","link":"https:\/\/www.brightsign.biz\/de\/legal\/cookie-policy\/","title":{"rendered":"Cookie-Richtlinie"},"content":{"rendered":"<section\n  id=\"hero-block_da91d1958906385ab35d46e7df1e5b55\"\n  class=\"hero custom-block\"\n  data-form-url=\"\"\n>\n  <!-- Backgrounds: cover full section, center position (extended via SCSS) -->\n        <div id=\"hero-desktop-background\" style=\"background-image: url('https:\/\/www.brightsign.biz\/wp-content\/uploads\/2024\/09\/header-template3-15-1920x900.jpg'); background-size: cover; background-position: center center; background-repeat: no-repeat;\"><\/div>\n        <div id=\"hero-mobile-background\" style=\"background-image: url('https:\/\/www.brightsign.biz\/wp-content\/uploads\/2024\/09\/header-template3-15-1920x900.jpg'); background-size: cover; background-position: center center; background-repeat: no-repeat;\"><\/div>\n  \n  <div class=\"hero-gradient\" aria-hidden=\"true\"><\/div>\n  <div class=\"block-inner medium\">\n    <div class=\"block-inner-content grid-x grid-margin-y\">\n\n      <!-- MOBILE-only layout -->\n      <div class=\"cell small-12 show-for-small-only\">\n        \n        \n        \n        \n        <div class=\"mobile-content form-content\"><h1><strong>Keks<\/strong> Politik<\/h1>\n<p>G\u00fcltig ab 25. April 2025<\/p>\n<\/div>      <\/div>\n      <!-- end MOBILE-only -->\n\n      <!-- DESKTOP text cell -->\n      <div class=\"cell small-12 medium-12 large-6 hide-for-small-only\">\n        \n        <h1><strong>Keks<\/strong> Politik<\/h1>\n<p>G\u00fcltig ab 25. April 2025<\/p>\n      <\/div>\n      <!-- end DESKTOP text cell -->\n\n      <!-- DESKTOP form\/video cell -->\n      <div class=\"cell small-12 medium-12 large-6 center-play hide-for-small-only\">\n        \n              <\/div>\n      <!-- end DESKTOP form\/video cell -->\n\n    <\/div><!-- .block-inner-content -->\n  <\/div><!-- .block-inner -->\n<\/section><!-- hero -->\n\n\n\n    <section id=\"full-width-text-block_18c9855743281d81f3bad8a4a45b6865\" class=\"full-width-text custom-block dark small-top small-bottom brand-htags default-lists\">\n\n        <div class=\"block-inner medium\">\n\n        <h2 class=\"column-title\" style=\"text-align: center\">BrightSign Cookie-Richtlinie<\/h2>\n<p>Diese Cookie-Richtlinie erkl\u00e4rt, wie BrightSign LLC (\"BrightSign\", \"wir\", \"uns\" oder \"unser\") Cookies und \u00e4hnliche Technologien, einschlie\u00dflich Tools wie Web-Beacons und Z\u00e4hlpixel, verwendet. In dieser Cookie-Richtlinie werden all diese Technologien zusammenfassend als \"Cookies\" bezeichnet.<\/p>\n<p>Es steht Ihnen frei, Ihren Browser oder Ihr Betriebssystem so einzustellen, dass Sie Cookies, die f\u00fcr das Funktionieren unserer Website nicht erforderlich sind, einschr\u00e4nken oder ablehnen, aber dadurch k\u00f6nnen Sie m\u00f6glicherweise bestimmte Funktionen auf unserer Website nicht nutzen oder nicht alle unsere Angebote in vollem Umfang in Anspruch nehmen.<\/p>\n<p>Diese Cookie-Richtlinie sollte in Verbindung mit unserer Website gelesen werden. <a href=\"https:\/\/www.brightsign.biz\/de\/legal\/datenschutzbestimmungen\/\">Globale Datenschutzrichtlinie<\/a>. Wenn Sie Fragen oder Bedenken bez\u00fcglich der Cookie-Richtlinie haben, kontaktieren Sie uns bitte unter <a href=\"mailto:privacy@brightsign.biz\">privacy@brightsign.biz<\/a> oder wie anderweitig in unserer globalen Datenschutzrichtlinie beschrieben.<\/p>\n<p>&nbsp;<\/p>\n<p><strong>Was sind Cookies und \u00e4hnliche Technologien? <\/strong><\/p>\n<ul>\n<li><strong>Cookies <\/strong>sind Textdateien, die Websites auf dem Ger\u00e4t eines Besuchers speichern, um den Browser des Besuchers eindeutig zu identifizieren oder um Informationen oder Einstellungen im Browser zu speichern, damit Sie effizient zwischen den Seiten navigieren k\u00f6nnen, sich Ihre Pr\u00e4ferenzen merken, Funktionen aktivieren und uns helfen, Aktivit\u00e4ten und Muster zu verstehen.<\/li>\n<li><strong>Lokale Speichertechnologien<\/strong>wie HTML5, bieten eine Cookie-\u00e4hnliche Funktionalit\u00e4t, k\u00f6nnen aber gr\u00f6\u00dfere Datenmengen speichern, auch auf Ihrem Ger\u00e4t au\u00dferhalb Ihres Browsers in Verbindung mit bestimmten Anwendungen.<\/li>\n<li><strong>Web Beacons<\/strong>(auch bekannt als Pixel-Tags oder Clear GIFs) werden verwendet, um nachzuweisen, dass eine Webseite oder eine E-Mail aufgerufen oder ge\u00f6ffnet wurde, oder dass bestimmte Inhalte angesehen oder angeklickt wurden.<\/li>\n<\/ul>\n<p>Wir k\u00f6nnen sowohl dauerhafte Cookies als auch Sitzungscookies verwenden. Dauerhafte Cookies bleiben auf Ihrem Ger\u00e4t f\u00fcr einen bestimmten Zeitraum oder bis Sie sie l\u00f6schen, w\u00e4hrend Sitzungscookies gel\u00f6scht werden, sobald Sie Ihren Webbrowser schlie\u00dfen. Die Cookies, die durch Ihre Nutzung unserer Website gesetzt werden, werden entweder von uns selbst (First-Party-Cookies) oder von Dritten auf unsere Bitte hin (Third-Party-Cookies) gesetzt.<\/p>\n<p>&nbsp;<\/p>\n<p><strong>Welche Arten von Cookies verwenden wir?<\/strong><\/p>\n<p>Wir verwenden die folgenden Kategorien von Cookies:<\/p>\n<p><strong>Erforderliche Cookies.<\/strong> Notwendige Cookies sind erforderlich, um die grundlegenden Funktionen dieser Website zu erm\u00f6glichen, wie z. B. die sichere Anmeldung oder die Anpassung Ihrer Einwilligungseinstellungen.<\/p>\n<p><strong>Funktionale Cookies.<\/strong> Funktionale Cookies helfen dabei, bestimmte Funktionen auszuf\u00fchren, wie z. B. das Teilen des Inhalts unserer Website auf Social-Media-Plattformen, das Sammeln von Feedback und andere Funktionen von Dritten.<\/p>\n<p><strong>Analytische Cookies.<\/strong> Analytische Cookies werden verwendet, um zu verstehen, wie Besucher mit der Website interagieren. Diese Cookies helfen dabei, Informationen \u00fcber Metriken wie die Anzahl der Besucher, Absprungrate, Verkehrsquelle usw. zu liefern.<\/p>\n<p><strong>Leistungs-Cookies.<\/strong> Leistungs-Cookies werden verwendet, um die wichtigsten Leistungsindizes unserer Website zu verstehen und zu analysieren, was dazu beitr\u00e4gt, den Website-Besuchern ein besseres Nutzererlebnis zu bieten.<\/p>\n<p><strong>Werbung Cookies.<\/strong> Werbe-Cookies werden verwendet, um Besuchern ma\u00dfgeschneiderte Werbung auf der Grundlage der zuvor besuchten Seiten zu zeigen und die Wirksamkeit der Werbekampagnen zu analysieren.<\/p>\n<p><strong>E-Mail-Interaktionstechnologie.<\/strong> Unsere E-Mails k\u00f6nnen Web-Beacons enthalten, die uns mitteilen, ob sie ge\u00f6ffnet wurden, und die Klicks auf Links in einer E-Mail verifizieren. Wir verwenden diese Informationen, um zu verstehen, wie eine E-Mail-Kampagne ablief, welche Arten von E-Mails und Inhalten unsere Empf\u00e4nger interessant finden und welche Aktionen unsere Empf\u00e4nger durchgef\u00fchrt haben, damit wir unsere E-Mail-Kampagnen in Zukunft verbessern und unsere E-Mails f\u00fcr unsere Empf\u00e4nger relevanter gestalten k\u00f6nnen. Wenn Sie nicht m\u00f6chten, dass der Web-Beacon auf Ihr Ger\u00e4t heruntergeladen wird, sollten Sie w\u00e4hlen, dass Sie E-Mails von uns im Klartext und nicht im HTML-Format erhalten.<\/p>\n<p>&nbsp;<\/p>\n<p><strong>Wie k\u00f6nnen Sie die Verwendung von Cookies kontrollieren?<\/strong><\/p>\n<p>Je nachdem, von wo aus Sie auf unsere Website zugreifen, wird Ihnen m\u00f6glicherweise ein Cookie-Banner oder ein anderes Tool angezeigt, mit dem Sie Ihre Zustimmung erteilen k\u00f6nnen, bevor Cookies gesetzt werden, die nicht unbedingt erforderlich sind. In diesem Fall setzen wir Cookies, die nicht unbedingt erforderlich sind, nur mit Ihrer Zustimmung.<\/p>\n<p>Sie k\u00f6nnen die Online-Verfolgung auch einschr\u00e4nken, indem Sie:<\/p>\n<ul>\n<li><strong>Blockieren von Cookies in Ihrem Browser. <\/strong>Bei den meisten Browsern k\u00f6nnen Sie Cookies entfernen oder ablehnen. Folgen Sie dazu den Anweisungen in den Einstellungen Ihres Browsers. Viele Browser akzeptieren Cookies standardm\u00e4\u00dfig, bis Sie Ihre Einstellungen \u00e4ndern. Weitere Informationen \u00fcber Cookies, u. a. dar\u00fcber, wie Sie sehen k\u00f6nnen, welche Cookies auf Ihrem Ger\u00e4t gespeichert sind und wie Sie sie verwalten und l\u00f6schen k\u00f6nnen, finden Sie unter <a href=\"https:\/\/allaboutcookies.org\/\" target=\"_blank\" rel=\"noopener\">allaboutcookies.org<\/a>. Verwenden Sie die folgenden Links, um mehr dar\u00fcber zu erfahren, wie Sie Cookies und Online-Tracking \u00fcber Ihren Browser steuern k\u00f6nnen:\n<ul>\n<li><a href=\"https:\/\/support.mozilla.org\/en-US\/kb\/cookies-information-websites-store-on-your-computer\" target=\"_blank\" rel=\"noopener\">Firefox<\/a>; <a href=\"https:\/\/support.google.com\/chrome\/answer\/95647?co=GENIE.Platform=Desktop&amp;hl=en\" target=\"_blank\" rel=\"noopener\">Chrom<\/a>; <a href=\"https:\/\/support.microsoft.com\/en-gb\/microsoft-edge\/delete-cookies-in-microsoft-edge-63947406-40ac-c3b8-57b9-2a946a29ae09\" target=\"_blank\" rel=\"noopener\">Microsoft Edge<\/a>; <a href=\"https:\/\/support.apple.com\/en-gb\/guide\/safari\/sfri11471\/mac\" target=\"_blank\" rel=\"noopener\">Safari (Mac)<\/a>; <a href=\"https:\/\/support.apple.com\/en-gb\/HT201265\" target=\"_blank\" rel=\"noopener\">Safari (Mobil\/iOS)<\/a><\/li>\n<\/ul>\n<\/li>\n<li><strong>Verwendung von Datenschutz-Plug-ins oder Browsern<\/strong>. Sie k\u00f6nnen das Setzen von Cookies f\u00fcr interessenbezogene Werbung auf unserer Website blockieren, indem Sie einen Browser mit Datenschutzfunktionen verwenden, z. B. <a href=\"https:\/\/brave.com\/\" target=\"_blank\" rel=\"noopener\">Mutig<\/a>oder die Installation von Browser-Plugins wie <a href=\"https:\/\/privacybadger.org\/\" target=\"_blank\" rel=\"noopener\">Datenschutz Badger<\/a>, <a href=\"https:\/\/www.ghostery.com\/\" target=\"_blank\" rel=\"noopener\">Ghostery<\/a>, oder <a href=\"https:\/\/ublock.org\/en\" target=\"_blank\" rel=\"noopener\">uBlock Herkunft<\/a>und sie so zu konfigurieren, dass Cookies\/Tracker von Drittanbietern blockiert werden.<\/li>\n<li><strong>Google Analytics.\u00a0<\/strong>Wir verwenden Google Analytics, um besser zu verstehen, wie Menschen unsere Website nutzen, indem wir Informationen sammeln und Berichte dar\u00fcber erstellen, wie Nutzer unsere Website nutzen. Die von Google gesammelten Informationen (einschlie\u00dflich Ihrer IP-Adresse) werden an Google \u00fcbertragen und von Google auf Servern in den Vereinigten Staaten gespeichert. F\u00fcr weitere Informationen zu Google Analytics klicken Sie bitte auf\u00a0<a href=\"https:\/\/marketingplatform.google.com\/about\/analytics\/\" target=\"_blank\" rel=\"noopener\">hier<\/a>. Um mehr \u00fcber die Datenschutzpraktiken von Google zu erfahren, klicken Sie auf\u00a0<a href=\"https:\/\/www.google.com\/policies\/privacy\/partners\/\" target=\"_blank\" rel=\"noopener\">hier<\/a>. Sie k\u00f6nnen Google Analytics deaktivieren, indem Sie das Browser-Plug-in herunterladen und installieren, das unter folgender Adresse verf\u00fcgbar ist:\u00a0<a href=\"https:\/\/tools.google.com\/dlpage\/gaoptout\" target=\"_blank\" rel=\"noopener\">https:\/\/tools.google.com\/dlpage\/gaoptout<\/a>.<\/li>\n<li><strong>Opt-out-Tools der Werbeindustrie<\/strong>. Sie k\u00f6nnen diese Optionen auch nutzen, um die Verwendung Ihrer Daten f\u00fcr interessenbezogene Werbung durch die teilnehmenden Unternehmen einzuschr\u00e4nken:\n<ul>\n<li>Digitale Werbeallianz f\u00fcr Websites: <a href=\"https:\/\/optout.aboutads.info\/?c=2&amp;lang=EN\" target=\"_blank\" rel=\"noopener\">optout.aboutads.info <\/a>und <a href=\"https:\/\/www.aboutads.info\/appchoices\" target=\"_blank\" rel=\"noopener\">https:\/\/www.aboutads.info\/appchoices<\/a> (f\u00fcr mobile Opt-outs);<\/li>\n<li>Initiative f\u00fcr Netzwerkwerbung: <a href=\"https:\/\/optout.networkadvertising.org\/?c=1\" target=\"_blank\" rel=\"noopener\">optout.networkadvertising.org<\/a><u><\/u><\/li>\n<\/ul>\n<\/li>\n<li><strong>Opt-outs auf der Plattform. <\/strong>Sie k\u00f6nnen auch die Opt-out-Funktionen nutzen, die von Werbeplattformen Dritter angeboten werden, wie z. B:\n<ul>\n<li><a href=\"https:\/\/www.linkedin.com\/psettings\/guest-controls\/retargeting-opt-out\" target=\"_blank\" rel=\"noopener\">LinkedIn-Abmeldung<\/a><\/li>\n<li><a href=\"https:\/\/adssettings.google.com\/anonymous?sig=ACi0TCh1HOOrlixkpDF0of2cGdhEwyHPl8P4P4lbv6tAAV8tVg6-13NP6UTV2wAYGz4zusX6onl61tVHXLaXLHCbNvwXH8X9VQ&amp;hl=en\" target=\"_blank\" rel=\"noopener\">Google-Abmeldung<\/a><\/li>\n<li><a href=\"https:\/\/www.facebook.com\/about\/ads\" target=\"_blank\" rel=\"noopener\">Facebook<\/a><\/li>\n<\/ul>\n<\/li>\n<li><strong>Nicht verfolgen. <\/strong>Einige Internet-Browser k\u00f6nnen so konfiguriert sein, dass sie \"Do Not Track\"-Signale an die Online-Dienste senden, die Sie besuchen. Wir reagieren derzeit nicht auf \"Do Not Track\"- oder \u00e4hnliche Signale. Um mehr \u00fcber \"Do Not Track\" zu erfahren, besuchen Sie bitte\u00a0<a href=\"http:\/\/www.allaboutdnt.com\/\" target=\"_blank\" rel=\"noopener\">http:\/\/www.allaboutdnt.com<\/a>.<\/li>\n<\/ul>\n<p>Beachten Sie, dass diese Opt-out-Mechanismen spezifisch f\u00fcr das Ger\u00e4t oder den Browser sind, auf dem sie ausge\u00fcbt werden, so dass Sie sich auf jedem Browser und Ger\u00e4t, das Sie verwenden, abmelden m\u00fcssen.<\/p>\n<p>&nbsp;<\/p>\n<p><strong>\u00c4nderungen an unserer Cookie-Richtlinie<\/strong><\/p>\n<p>Unsere Cookie-Richtlinie wird regelm\u00e4\u00dfig \u00fcberpr\u00fcft und wir werden alle Aktualisierungen auf dieser Seite ver\u00f6ffentlichen.<\/p>\n<p>&nbsp;<\/p>\n<p><strong>Kontaktaufnahme mit uns<\/strong><\/p>\n<p>Wenn Sie Fragen zu dieser Cookie-Richtlinie oder unseren Datenschutzpraktiken haben, kontaktieren Sie uns bitte per E-Mail unter <a href=\"mailto:privacy@brightsign.biz\">privacy@brightsign.biz<\/a> oder per Post an:<\/p>\n<p>BrightSign GMBH<br \/>\nAchtung! Datenschutz<br \/>\nP.O. Box 320250<br \/>\nLos Gatos, CA 95032-0104<\/p>\n\n        \n        <\/div><!-- block-inner -->  \n\n        \n    <\/section><!-- full-width-text -->","protected":false},"excerpt":{"rendered":"","protected":false},"author":32,"featured_media":0,"parent":846,"menu_order":40,"comment_status":"closed","ping_status":"closed","template":"","meta":{"_acf_changed":true,"_searchwp_excluded":"","footnotes":""},"class_list":["post-12242","page","type-page","status-publish","hentry"],"acf":[],"_links":{"self":[{"href":"https:\/\/www.brightsign.biz\/de\/wp-json\/wp\/v2\/pages\/12242","targetHints":{"allow":["GET"]}}],"collection":[{"href":"https:\/\/www.brightsign.biz\/de\/wp-json\/wp\/v2\/pages"}],"about":[{"href":"https:\/\/www.brightsign.biz\/de\/wp-json\/wp\/v2\/types\/page"}],"author":[{"embeddable":true,"href":"https:\/\/www.brightsign.biz\/de\/wp-json\/wp\/v2\/users\/32"}],"replies":[{"embeddable":true,"href":"https:\/\/www.brightsign.biz\/de\/wp-json\/wp\/v2\/comments?post=12242"}],"version-history":[{"count":0,"href":"https:\/\/www.brightsign.biz\/de\/wp-json\/wp\/v2\/pages\/12242\/revisions"}],"up":[{"embeddable":true,"href":"https:\/\/www.brightsign.biz\/de\/wp-json\/wp\/v2\/pages\/846"}],"wp:attachment":[{"href":"https:\/\/www.brightsign.biz\/de\/wp-json\/wp\/v2\/media?parent=12242"}],"curies":[{"name":"wp","href":"https:\/\/api.w.org\/{rel}","templated":true}]}}