{"id":12319,"date":"2025-06-04T18:29:38","date_gmt":"2025-06-04T22:29:38","guid":{"rendered":"https:\/\/www.brightsign.biz\/?page_id=12319"},"modified":"2025-12-31T16:00:13","modified_gmt":"2025-12-31T21:00:13","slug":"xd6","status":"publish","type":"page","link":"https:\/\/www.brightsign.biz\/de\/brightsign-players\/series-6\/xd6\/","title":{"rendered":"XD6"},"content":{"rendered":"<section\n  id=\"hero-block_ed698d5fbe7bf67915f1dae1ba0058d5\"\n  class=\"hero custom-block\"\n  data-form-url=\"\"\n>\n  <!-- Backgrounds: cover full section, center position (extended via SCSS) -->\n        <div id=\"hero-desktop-background\" style=\"background-image: url('https:\/\/www.brightsign.biz\/wp-content\/uploads\/2025\/06\/xd6-application-hero-desktop-v02-1920x900.jpg'); background-size: cover; background-position: center center; background-repeat: no-repeat;\"><\/div>\n        <div id=\"hero-mobile-background\" style=\"background-image: url('https:\/\/www.brightsign.biz\/wp-content\/uploads\/2025\/06\/xd6-application-hero-mobile-v04-750x900.jpg'); background-size: cover; background-position: center center; background-repeat: no-repeat;\"><\/div>\n  \n  <div class=\"hero-gradient\" aria-hidden=\"true\"><\/div>\n  <div class=\"block-inner medium\">\n    <div class=\"block-inner-content grid-x grid-margin-y\">\n\n      <!-- MOBILE-only layout -->\n      <div class=\"cell small-12 show-for-small-only\">\n        \n        \n        \n        \n        <ul class=\"custom-breadcrumb\"><li>Produkte und Software<\/li><\/ul><div class=\"mobile-content form-content\"><h1><strong>Bright<\/strong>Zeichen XD6 <strong>Digitaler Spieler<\/strong><\/h1>\n<p>Au\u00dfergew\u00f6hnliche 4K-Video- und Grafikleistung - \u00fcberall einsetzbar.<\/p>\n<\/div><div class=\"basic-button blue\"><a href=\"https:\/\/www.brightsign.biz\/de\/kontaktieren-sie-uns\/\" target=\"\">MIT EINEM EXPERTEN SPRECHEN <i class=\"fa-solid fa-chevron-right\"><\/i><\/a><\/div>      <\/div>\n      <!-- end MOBILE-only -->\n\n      <!-- DESKTOP text cell -->\n      <div class=\"cell small-12 medium-12 large-6 hide-for-small-only\">\n        \n        <ul class=\"custom-breadcrumb\"><li>Produkte und Software<\/li><\/ul><h1><strong>Bright<\/strong>Zeichen XD6 <strong>Digitaler Spieler<\/strong><\/h1>\n<p>Au\u00dfergew\u00f6hnliche 4K-Video- und Grafikleistung - \u00fcberall einsetzbar.<\/p>\n<div class=\"basic-button blue\"><a href=\"https:\/\/www.brightsign.biz\/de\/kontaktieren-sie-uns\/\" target=\"\">MIT EINEM EXPERTEN SPRECHEN <i class=\"fa-solid fa-chevron-right\"><\/i><\/a><\/div>      <\/div>\n      <!-- end DESKTOP text cell -->\n\n      <!-- DESKTOP form\/video cell -->\n      <div class=\"cell small-12 medium-12 large-6 center-play hide-for-small-only\">\n        \n              <\/div>\n      <!-- end DESKTOP form\/video cell -->\n\n    <\/div><!-- .block-inner-content -->\n  <\/div><!-- .block-inner -->\n<\/section><!-- hero -->\n\n\n<section id=\"tabbed-content-block_126ebc4395ba703a809748436e4e30fa\" class=\"simple-tabs-content custom-block dark small-top small-bottom\">\n\n    <div class=\"block-inner medium\">\n\n                    <div class=\"simple-tabs-header\">\n                                    <h2 class=\"h3\">Lernen Sie den XD6 Digital Player kennen<\/h2>\n                \n                            <\/div>\n        \n                <!-- Tabs Navigation -->\n        <!-- Tabs Navigation -->\n        <ul class=\"tabs content-tabs\" data-tabs data-active-collapse=\"false\" id=\"tabs-tabbed-content-block_126ebc4395ba703a809748436e4e30fa\">\n                            <li class=\"tabs-title is-active basic-button default-btns\">\n                    <a href=\"#tabID-block_126ebc4395ba703a809748436e4e30fa-1\">Produkt\u00fcbersicht<\/a>\n                <\/li>\n                            <li class=\"tabs-title idle basic-button default-btns\">\n                    <a href=\"#tabID-block_126ebc4395ba703a809748436e4e30fa-2\">Fotos und Videos<\/a>\n                <\/li>\n                            <li class=\"tabs-title idle basic-button default-btns\">\n                    <a href=\"#tabID-block_126ebc4395ba703a809748436e4e30fa-3\">Merkmale und Spezifikationen<\/a>\n                <\/li>\n                    <\/ul><!-- content-tabs -->\n                        <!-- Tabs Content -->\n        <div class=\"tabs-content\" data-tabs-content=\"tabs-tabbed-content-block_126ebc4395ba703a809748436e4e30fa\">\n            \n                <div class=\"tabs-panel is-active\" id=\"tabID-block_126ebc4395ba703a809748436e4e30fa-1\">\n\n                    <div class=\"tabs-panel-inner grid-x\">\n\n                                                                                    <div class=\"cell small-12 medium-12 large-6 simple-tab-content default-checks\">\n                                    <div class=\"simple-tab-image-wrap\">\n                                        <img decoding=\"async\" src=\"https:\/\/www.brightsign.biz\/wp-content\/uploads\/2025\/06\/BrightSign-53-XD6-min-750x440.png\" alt=\"BrightSign XD6-Medienspieler\" \/>\n                                    <\/div>\n                                                                                <!-- Add CTAs Here -->\n                                                                                            <ul class=\"simple-tab-ctas\">\n                                                                                                                <li class=\"basic-button doc\">\n                                                                <a href=\"https:\/\/www.brightsign.biz\/wp-content\/uploads\/2025\/06\/XD6-datasheet-20250604.pdf\" target=\"_blank\">\n                                                                    XD6 DATENBLATT<i class=\"fa-regular fa-file-arrow-down\"><\/i>\n                                                                <\/a>\n                                                            <\/li>\n                                                                                                                                                            <\/ul>\n                                                                                                                    <\/div>\n                                                        \n                                                            <div class=\"simple-tab-wysiwyg cell small-12 medium-12 large-6\">\n                                    <h2>Herzst\u00fcck Visuals<\/h2>\n<p>Der BrightSign XD6 nutzt die Flexibilit\u00e4t von Power over Ethernet (PoE+), um leistungsstarke 4K-Grafiken bereitzustellen und fesselnde 4K-Videos zu \u00fcbertragen - \u00fcberall.<\/p>\n<ul>\n<li>Stellare 4K- oder Dual-4K-Videos, ideal f\u00fcr Bildschirme und projizierte Anzeigen, und Unterst\u00fctzung f\u00fcr 10-Bit-HDR<\/li>\n<li>Stellen Sie beeindruckende 4K-Grafiken bereit und unterst\u00fctzen Sie komplexe Anwendungen mit erweiterten internen SSD-Funktionen<\/li>\n<li>Erweiterbarer interner Speicher \u00fcber eine SSD-Speicheroption mit M2-Schnittstelle<\/li>\n<\/ul>\n\n                                                                    <\/div>\n                                                                        <\/div><!-- tabs-panel-inner -->\n                <\/div><!-- tabs-panel -->\n            \n                <div class=\"tabs-panel\" id=\"tabID-block_126ebc4395ba703a809748436e4e30fa-2\">\n\n                    <div class=\"tabs-panel-inner grid-x\">\n\n                                                                                <!-- Swiper Content -->\n                            <div class=\"swiper tabbed-swiper1\">\n                                <div class=\"swiper-wrapper\">\n                                                                            <div class=\"swiper-slide\">\n                                                                                                                                        <img decoding=\"async\" src=\"https:\/\/www.brightsign.biz\/wp-content\/uploads\/2025\/12\/xd6-updated-top-black-1920x1281-1.png\" alt=\"BrightSign XD6-Medienspieler\" \/>\n                                                                                    <\/div>\n                                                                            <div class=\"swiper-slide\">\n                                                                                                                                        <img decoding=\"async\" src=\"https:\/\/www.brightsign.biz\/wp-content\/uploads\/2025\/06\/BrightSign-53-XD6-min.png\" alt=\"BrightSign XD6-Medienspieler\" \/>\n                                                                                    <\/div>\n                                                                            <div class=\"swiper-slide\">\n                                                                                                                                        <img decoding=\"async\" src=\"https:\/\/www.brightsign.biz\/wp-content\/uploads\/2025\/06\/BrightSign-54-XD6-min.png\" alt=\"BrightSign XD6-Medienspieler\" \/>\n                                                                                    <\/div>\n                                                                            <div class=\"swiper-slide\">\n                                                                                                                                        <img decoding=\"async\" src=\"https:\/\/www.brightsign.biz\/wp-content\/uploads\/2025\/12\/xd6-updated-side-black-1920x1281-1.png\" alt=\"BrightSign XD6-Medienspieler\" \/>\n                                                                                    <\/div>\n                                                                            <div class=\"swiper-slide\">\n                                                                                                                                        <img decoding=\"async\" src=\"https:\/\/www.brightsign.biz\/wp-content\/uploads\/2025\/06\/BrightSign-52-XD6-min.png\" alt=\"BrightSign XD6-Medienspieler\" \/>\n                                                                                    <\/div>\n                                                                            <div class=\"swiper-slide\">\n                                                                                                                                        <img decoding=\"async\" src=\"https:\/\/www.brightsign.biz\/wp-content\/uploads\/2025\/12\/xd6-updated-top-tilted-black-1920x1281-1.png\" alt=\"BrightSign XD6-Medienspieler\" \/>\n                                                                                    <\/div>\n                                                                    <\/div><!-- swiper-wrapper -->\n                            <\/div><!-- tabbed-swiper1 -->\n                            <div class=\"tabbed-swiper-button-next show-for-large\"><\/div>\n                            <div class=\"tabbed-swiper-button-prev show-for-large\"><\/div>\n                                                                        <\/div><!-- tabs-panel-inner -->\n                <\/div><!-- tabs-panel -->\n            \n                <div class=\"tabs-panel\" id=\"tabID-block_126ebc4395ba703a809748436e4e30fa-3\">\n\n                    <div class=\"tabs-panel-inner grid-x full-width\">\n\n                                                                                \n                                                            <div class=\"simple-tab-wysiwyg cell small-12 medium-12 large-12 full-width\">\n                                    <p><strong>Technische Daten<\/strong><\/p>\n<ul class=\"simple-tab-ctas\">\n<li class=\"basic-button doc\">\n<a href=\"https:\/\/www.brightsign.biz\/wp-content\/uploads\/2025\/06\/XD6-datasheet-20250604.pdf\" target=\"_blank\">XD6 Datenblatt<i class=\"fa-regular fa-file-arrow-down\" aria-hidden=\"true\"><\/i><\/a><\/li>\n<\/ul>\n\n<table id=\"tablepress-13\" class=\"tablepress tablepress-id-13\">\n<thead>\n<tr class=\"row-1\">\n\t<td class=\"column-1\"><\/td><th class=\"column-2\">XD236<\/th><th class=\"column-3\">XD1036<\/th>\n<\/tr>\n<\/thead>\n<tbody class=\"row-striping row-hover\">\n<tr class=\"row-2\">\n\t<td class=\"column-1\">E\/A-Paket<\/td><td class=\"column-2\">Standard<\/td><td class=\"column-3\">Erweitert<\/td>\n<\/tr>\n<tr class=\"row-3\">\n\t<td class=\"column-1\">Neuronale Verarbeitungseinheit (NPU)<\/td><td class=\"column-2\">\u2714<\/td><td class=\"column-3\">\u2714<\/td>\n<\/tr>\n<tr class=\"row-4\">\n\t<td class=\"column-1\">4K-Videodekodierung<\/td><td class=\"column-2\">Zweimal 10 Bit bei 60p<\/td><td class=\"column-3\">Zweimal 10 Bit bei 60p<\/td>\n<\/tr>\n<tr class=\"row-5\">\n\t<td class=\"column-1\">Full HD bei 60p Videodekodierung<\/td><td class=\"column-2\">\u2714 (Dual)<\/td><td class=\"column-3\">\u2714 (Dual)<\/td>\n<\/tr>\n<tr class=\"row-6\">\n\t<td class=\"column-1\">HTML5-Leistung<\/td><td class=\"column-2\">Fl\u00fcssige 2D-WebGL-Bewegungen im Vollbildmodus<\/td><td class=\"column-3\">Responsives Multi-Touch-2D-WebGL<\/td>\n<\/tr>\n<tr class=\"row-7\">\n\t<td class=\"column-1\">HTML-Unterst\u00fctzung: HTML5, CSS, JavaScript, SVG, WebGL und Chromium-kompatibel<\/td><td class=\"column-2\">\u2714<\/td><td class=\"column-3\">\u2714<\/td>\n<\/tr>\n<tr class=\"row-8\">\n\t<td class=\"column-1\">Unterst\u00fctzt 4K-IP-Streaming<\/td><td class=\"column-2\">\u2714<\/td><td class=\"column-3\">\u2714<\/td>\n<\/tr>\n<tr class=\"row-9\">\n\t<td class=\"column-1\">Bild- und Grafikaufl\u00f6sung<\/td><td class=\"column-2\">4K<\/td><td class=\"column-3\">4K<\/td>\n<\/tr>\n<tr class=\"row-10\">\n\t<td class=\"column-1\">10-Bit-HDR-Unterst\u00fctzung<\/td><td class=\"column-2\">\u2714<\/td><td class=\"column-3\">\u2714<\/td>\n<\/tr>\n<tr class=\"row-11\">\n\t<td class=\"column-1\">4K-Videocodecs: H.265\/HEVC, H.264\/AVC, VP9<\/td><td class=\"column-2\">\u2714<br \/>\r\nH.265, H.264 bei 60p<\/td><td class=\"column-3\">\u2714<br \/>\r\nH.265, H.264 bei 60p<\/td>\n<\/tr>\n<tr class=\"row-12\">\n\t<td class=\"column-1\">4K-Videocontainer: .MP4, .MOV, .MKV, .WEBM, .TS, .MPG, .MPEG, .PS, .M2P, .MPV, .AVI, .HEVC, .H264, .AV1, .VP9 und .MJPG<\/td><td class=\"column-2\">\u2714<\/td><td class=\"column-3\">\u2714<\/td>\n<\/tr>\n<tr class=\"row-13\">\n\t<td class=\"column-1\">Full-HD-Videocodecs: H.265\/HEVC, H.264\/AVC, VP9, MPEG 4 Teil 2, MPEG1-Video, MPEG2-Video<\/td><td class=\"column-2\">\u2714<\/td><td class=\"column-3\">\u2714<\/td>\n<\/tr>\n<tr class=\"row-14\">\n\t<td class=\"column-1\">Full-HD-Videocontainer: .MP4, .MOV, .MKV, .WEBM, .TS, .MPG, .MPEG, .PS, .M2P, .MPV, .AVI, .HEVC, .H264, .AV1, .VP9 und .MJPG<\/td><td class=\"column-2\">\u2714<\/td><td class=\"column-3\">\u2714<\/td>\n<\/tr>\n<tr class=\"row-15\">\n\t<td class=\"column-1\">Bilder: BMP, JPEG, PNG<\/td><td class=\"column-2\">\u2714<\/td><td class=\"column-3\">\u2714<\/td>\n<\/tr>\n<tr class=\"row-16\">\n\t<td class=\"column-1\">Audio: MP2, MP3, AAC und WAV (AC3 wird durchgeleitet)<\/td><td class=\"column-2\">\u2714<\/td><td class=\"column-3\">\u2714<\/td>\n<\/tr>\n<tr class=\"row-17\">\n\t<td class=\"column-1\">Betriebstemperaturbereich<\/td><td class=\"column-2\">0 \u00b0C bis 50 \u00b0C<\/td><td class=\"column-3\">0 \u00b0C bis 50 \u00b0C<\/td>\n<\/tr>\n<tr class=\"row-18\">\n\t<td class=\"column-1\">Abmessungen (B x T x H)<\/td><td class=\"column-2\">205 x 185,9 x 19,2 mm<\/td><td class=\"column-3\">205 x 185,9 x 19,2 mm<\/td>\n<\/tr>\n<tr class=\"row-19\">\n\t<td class=\"column-1\">Versandgewicht \/ Gewicht des Players<\/td><td class=\"column-2\">1,3 kg \/ 0,59 kg<\/td><td class=\"column-3\">1,3 kg \/ 0,59 kg<\/td>\n<\/tr>\n<tr class=\"row-20\">\n\t<td class=\"column-1\">Verriegelung der Stromversorgung<\/td><td class=\"column-2\">12 V \/ 3 A<\/td><td class=\"column-3\">12 V \/ 3 A<\/td>\n<\/tr>\n<tr class=\"row-21\">\n\t<td class=\"column-1\">Inklusive 5 Jahre Garantie, Teile und Arbeitsleistung*<\/td><td class=\"column-2\">\u2714<\/td><td class=\"column-3\">\u2714<\/td>\n<\/tr>\n<\/tbody>\n<\/table>\n<!-- #tablepress-13 from cache -->\n<p style=\"font-size: 12px\">*Das Garantieprogramm gilt f\u00fcr Player der Serie 5, die nach dem 1. Januar 2025 bei BrightSign gekauft wurden. Das Garantieprogramm gilt nicht f\u00fcr Zubeh\u00f6r.<br \/>\nErfahren Sie mehr unter <a href=\"https:\/\/www.brightsign.biz\/de\/lichtzeichengeber\/garantie\/\">https:\/\/www.brightsign.biz\/brightsign-players\/warranty\/<\/a><\/p>\n\n                                                                    <\/div>\n                                                                        <\/div><!-- tabs-panel-inner -->\n                <\/div><!-- tabs-panel -->\n                    \n        <\/div><!-- tabs-content -->\n    <\/div><!-- block-inner medium -->\n\n<\/section><!-- tabbed-content -->\n\n\n\n\n\n<section id=\"full-width-cta-block_baf51325430a4e72936798fb023e2b80\" class=\"full-width-cta custom-block\">\n\n<div class=\"block-inner medium grid-x\">\n\n<div class=\"cell small-12 medium-8\">\n    <h4>Lassen Sie uns reden<\/h4>\n<p>Sehen Sie nicht, wonach Sie suchen? Unser Team ist bestrebt, die Digital Signage-L\u00f6sung zu finden, die Ihren Unternehmenszielen und Ihrem Budget entspricht.<\/p>\n<\/div><!-- medium-8 -->\n\n<div class=\"cell small-12 medium-4 content-right\">\n    <div class=\"basic-button blue\"><a href=\"https:\/\/www.brightsign.biz\/de\/kontaktieren-sie-uns\/\" target=\"_self\">MIT EINEM EXPERTEN SPRECHEN<i class=\"fa-solid fa-chevron-right\"><\/i><\/a><\/div>\n<\/div><!-- medium-4 -->\n\n<\/div><!-- block-inner -->\n\n<\/section><!-- hero -->\n\n\n\n\n\n<section id=\"warranty\" class=\"media-text custom-block dark none-top none-bottom\" >\n    <div class=\"dot-in\"><\/div><!-- dot-in -->\n    <div class=\"block-inner medium grid-x left\">\n    \n        <div class=\"cell small-12 medium-12 large-6 mediatext-content default-checks\">\n            <div aria-hidden=\"true\" class=\"blue-dot\"><\/div>\n                            <h4>5-Jahres-Garantie-Programm<\/h4>\n                                                    <h5><strong>Verl\u00e4sslichkeit, auf die Sie z\u00e4hlen k\u00f6nnen<\/strong><\/h5>\n<p>Ab dem 1. Januar 2025 gilt f\u00fcr alle neu gekauften und registrierten Mediaplayer der Serie 5 und dar\u00fcber hinaus weltweit eine Standardgarantie von 5 Jahren.<\/p>\n<p>Neukunden k\u00f6nnen die 5-Jahres-Garantie aktivieren, indem sie ihre Spieler online registrieren. Spieler mit einem aktiven bsn.Control- oder bsn.Content-Konto werden automatisch f\u00fcr die 5-Jahres-Garantie registriert.<\/p>\n                        \n                            <div class=\"basic-button blue\">\n                    <a href=\"https:\/\/www.brightsign.biz\/de\/lichtzeichengeber\/garantie\/\" target=\"_self\">\n                        JETZT ANMELDEN                    <\/a>\n                <\/div><!-- basic-cta -->\n                        \n                    <\/div><!-- mediatext-content -->\n        \n        <div class=\"cell small-12 medium-12 large-6 form-wrapper\">\n                            <!-- Normal form on all devices -->\n                                                    <div class=\"mediatext-image no-blue\">\n                        <img decoding=\"async\" src=\"https:\/\/www.brightsign.biz\/wp-content\/uploads\/2025\/01\/BrightSign_5yr_LockUp_Small_RGB-750x421.png\" alt=\"BrightSign 5-Jahres-Garantie\" \/>\n                                            <\/div><!-- mediatext-image -->\n                                                            \n                    <\/div><!-- form-wrapper -->\n        \n    <\/div><!-- block-inner -->\n<\/section><!-- media-text -->\n\n\n\n\n\n<section id=\"control\" class=\"media-text custom-block dark none-top medium-bottom\" >\n    <div class=\"dot-in\"><\/div><!-- dot-in -->\n    <div class=\"block-inner medium grid-x right\">\n    \n        <div class=\"cell small-12 medium-12 large-6 mediatext-content default-checks\">\n            <div aria-hidden=\"true\" class=\"blue-dot\"><\/div>\n                            <h4>bsn.Control<\/h4>\n                                                    <h5>Kostenlos mit jedem Spieler<\/h5>\n<p>Optimieren Sie die Einrichtung von Playern mit Fernverwaltungssoftware und -diensten, die sich Ihren Anforderungen anpassen - von einfachen Displays bis hin zu komplexen Netzwerken.<\/p>\n<p>bsn.Control ist unser kostenloser Ger\u00e4temanagement-Service, mit dem Sie den Zustand der Player in Echtzeit \u00fcberwachen und nahtlos in Ihr bevorzugtes CMS integrieren k\u00f6nnen.<\/p>\n                        \n                            <div class=\"basic-button blue\">\n                    <a href=\"https:\/\/www.brightsign.biz\/de\/lichtzeichengeber\/software\/\" target=\"_self\">\n                        MEHR LERNEN                    <\/a>\n                <\/div><!-- basic-cta -->\n                        \n                    <\/div><!-- mediatext-content -->\n        \n        <div class=\"cell small-12 medium-12 large-6 form-wrapper\">\n                            <!-- Normal form on all devices -->\n                                                    <div class=\"mediatext-image no-blue\">\n                        <img decoding=\"async\" src=\"https:\/\/www.brightsign.biz\/wp-content\/uploads\/2025\/05\/bsn.Control_BSN.Cloud-Solution-logo_1200x627-750x392.png\" alt=\"BrightSign bsn.Control Logo f\u00fcr die Fernverwaltung von Ger\u00e4ten\" \/>\n                                            <\/div><!-- mediatext-image -->\n                                                            \n                    <\/div><!-- form-wrapper -->\n        \n    <\/div><!-- block-inner -->\n<\/section><!-- media-text -->","protected":false},"excerpt":{"rendered":"","protected":false},"author":32,"featured_media":12305,"parent":12316,"menu_order":0,"comment_status":"closed","ping_status":"closed","template":"","meta":{"_acf_changed":false,"_searchwp_excluded":"","footnotes":""},"class_list":["post-12319","page","type-page","status-publish","has-post-thumbnail","hentry"],"acf":[],"_links":{"self":[{"href":"https:\/\/www.brightsign.biz\/de\/wp-json\/wp\/v2\/pages\/12319","targetHints":{"allow":["GET"]}}],"collection":[{"href":"https:\/\/www.brightsign.biz\/de\/wp-json\/wp\/v2\/pages"}],"about":[{"href":"https:\/\/www.brightsign.biz\/de\/wp-json\/wp\/v2\/types\/page"}],"author":[{"embeddable":true,"href":"https:\/\/www.brightsign.biz\/de\/wp-json\/wp\/v2\/users\/32"}],"replies":[{"embeddable":true,"href":"https:\/\/www.brightsign.biz\/de\/wp-json\/wp\/v2\/comments?post=12319"}],"version-history":[{"count":0,"href":"https:\/\/www.brightsign.biz\/de\/wp-json\/wp\/v2\/pages\/12319\/revisions"}],"up":[{"embeddable":true,"href":"https:\/\/www.brightsign.biz\/de\/wp-json\/wp\/v2\/pages\/12316"}],"wp:featuredmedia":[{"embeddable":true,"href":"https:\/\/www.brightsign.biz\/de\/wp-json\/wp\/v2\/media\/12305"}],"wp:attachment":[{"href":"https:\/\/www.brightsign.biz\/de\/wp-json\/wp\/v2\/media?parent=12319"}],"curies":[{"name":"wp","href":"https:\/\/api.w.org\/{rel}","templated":true}]}}