{"id":12801,"date":"2025-09-04T16:09:22","date_gmt":"2025-09-04T20:09:22","guid":{"rendered":"https:\/\/www.brightsign.biz\/?page_id=12801"},"modified":"2025-10-02T11:14:47","modified_gmt":"2025-10-02T15:14:47","slug":"patientenzentrierte-digitale-beschilderung-ebook","status":"publish","type":"page","link":"https:\/\/www.brightsign.biz\/de\/industry\/healthcare\/patient-centric-digital-signage-ebook\/","title":{"rendered":"22Miles Patientenzentrierte digitale Beschilderung eBook"},"content":{"rendered":"<section\n  id=\"hero-block_922cee05ef86db322c366ea0f75a6af7\"\n  class=\"hero custom-block\"\n  data-form-url=\"\"\n>\n  <!-- Backgrounds: cover full section, center position (extended via SCSS) -->\n        <div id=\"hero-desktop-background\" style=\"background-image: url('https:\/\/www.brightsign.biz\/wp-content\/uploads\/2025\/09\/22miles-healthcare-hero-desktop-v02-1920x900.jpg'); background-size: cover; background-position: center center; background-repeat: no-repeat;\"><\/div>\n        <div id=\"hero-mobile-background\" style=\"background-image: url('https:\/\/www.brightsign.biz\/wp-content\/uploads\/2025\/09\/22miles-healthcare-hero-mobile-v1.4-750x900.jpg'); background-size: cover; background-position: center center; background-repeat: no-repeat;\"><\/div>\n  \n  <div class=\"hero-gradient\" aria-hidden=\"true\"><\/div>\n  <div class=\"block-inner medium\">\n    <div class=\"block-inner-content grid-x grid-margin-y\">\n\n      <!-- MOBILE-only layout -->\n      <div class=\"cell small-12 show-for-small-only\">\n        \n        \n        \n        \n        <ul class=\"custom-breadcrumb\"><li>BrightSign &amp; 22Meilen<\/li><\/ul><div class=\"mobile-content form-content\"><h1>Transformieren <strong>Patient<\/strong> &amp; <strong>Personal<\/strong> Pflege<\/h1>\n<p>Erfahren Sie, wie eine patientenorientierte digitale Beschilderung die Ergebnisse f\u00fcr die Patienten verbessert und das Burnout des Personals verringert.<\/p>\n<\/div><div class=\"basic-button blue\"><a href=\"#download\" target=\"\">DOWNLOAD EBOOK <i class=\"fa-solid fa-chevron-right\"><\/i><\/a><\/div>      <\/div>\n      <!-- end MOBILE-only -->\n\n      <!-- DESKTOP text cell -->\n      <div class=\"cell small-12 medium-12 large-6 hide-for-small-only\">\n        \n        <ul class=\"custom-breadcrumb\"><li>BrightSign &amp; 22Meilen<\/li><\/ul><h1>Transformieren <strong>Patient<\/strong> &amp; <strong>Personal<\/strong> Pflege<\/h1>\n<p>Erfahren Sie, wie eine patientenorientierte digitale Beschilderung die Ergebnisse f\u00fcr die Patienten verbessert und das Burnout des Personals verringert.<\/p>\n<div class=\"basic-button blue\"><a href=\"#download\" target=\"\">DOWNLOAD EBOOK <i class=\"fa-solid fa-chevron-right\"><\/i><\/a><\/div>      <\/div>\n      <!-- end DESKTOP text cell -->\n\n      <!-- DESKTOP form\/video cell -->\n      <div class=\"cell small-12 medium-12 large-6 center-play hide-for-small-only\">\n        \n              <\/div>\n      <!-- end DESKTOP form\/video cell -->\n\n    <\/div><!-- .block-inner-content -->\n  <\/div><!-- .block-inner -->\n<\/section><!-- hero -->\n\n\n\n    <section id=\"full-width-text-block_a1553c4554c2c71e1e2b69980e44ac2b\" class=\"full-width-text custom-block dark medium-top none-bottom brand-htags default-lists\">\n\n        <div class=\"block-inner medium\">\n\n        <h2>Wie patientenorientierte digitale Beschilderung die Ergebnisse verbessert und den Burnout des Personals verringert<\/h2>\n<p>Im heutigen Umfeld des Gesundheitswesens, <strong>46% der Mitarbeiter berichten \u00fcber Burnout<\/strong><sup>1<\/sup> und <strong>65% der Patienten f\u00fchlen sich \u00fcberfordert<\/strong><sup>2<\/sup> durch ihre Pflege. Eine klare, konsistente Kommunikation ist f\u00fcr die Bew\u00e4ltigung beider Herausforderungen unerl\u00e4sslich. BrightSign und 22Miles unterst\u00fctzen das Gesundheitswesen mit einer zuverl\u00e4ssigen, vollst\u00e4ndig integrierten L\u00f6sung, die die speziell entwickelte Hardware von BrightSign mit der intelligenten Echtzeit-Software von 22Miles kombiniert.<\/p>\n<p>&nbsp;<\/p>\n\n        \n        <\/div><!-- block-inner -->  \n\n        \n    <\/section><!-- full-width-text -->  \n\n\n\n\n\n<section id=\"download\" class=\"media-text custom-block dark none-top none-bottom\" data-form-url=\"https:\/\/content.brightsign.biz\/l\/1011161\/2025-07-30\/3qh2c?page_name=22miles-healthcare-ebook\">\n    <div class=\"dot-in\"><\/div><!-- dot-in -->\n    <div class=\"block-inner medium grid-x right\">\n    \n        <div class=\"cell small-12 medium-12 large-6 mediatext-content small-checks\">\n            <div aria-hidden=\"true\" class=\"blue-dot\"><\/div>\n                            <h4>In diesem kostenlosen eBook erfahren Sie, wie BrightSign und 22Miles Krankenh\u00e4usern helfen k\u00f6nnen:<\/h4>\n                                                    <ul>\n<li><strong>Verbessern Sie das Patientenerlebnis<\/strong> durch die Bereitstellung von Echtzeit-Updates, Wegweisern und interaktiven Touchpoints, damit sich die Patienten informiert f\u00fchlen.<\/li>\n<li><strong>Verringerung des Burnout von Mitarbeitern<\/strong> durch Automatisierung wichtiger Aktualisierungen, KI-gest\u00fctzte Unterst\u00fctzung und konsistente Nachrichten\u00fcbermittlung in allen Einrichtungen.<\/li>\n<li><strong>Vorbereitung auf k\u00fcnftige Trends im Gesundheitswesen<\/strong> durch den Einsatz von KI-gest\u00fctzter Technologie, die Integration interaktiver Kioske und den Einsatz zuverl\u00e4ssiger Beschilderungsnetzwerke in allen Abteilungen.<\/li>\n<\/ul>\n<p><strong>Das eBook herunterladen<\/strong> um zu sehen, wie BrightSign und 22Miles Gesundheitseinrichtungen dabei helfen k\u00f6nnen, die Ergebnisse f\u00fcr die Patienten zu verbessern und gleichzeitig eine nachhaltigere Arbeitsbelastung f\u00fcr das Personal zu schaffen.<\/p>\n                        \n                        \n                    <\/div><!-- mediatext-content -->\n        \n        <div class=\"cell small-12 medium-12 large-6 form-wrapper\">\n                            <!-- Normal form on all devices -->\n                                                    <div class=\"mg-form-embed\">\n                        <!-- To be populated dynamically via JS -->\n                    <\/div>\n                                        \n                    <\/div><!-- form-wrapper -->\n        \n    <\/div><!-- block-inner -->\n<\/section><!-- media-text -->\n\n\n\n\n\n\n<section id=\"full-width-cta-block_68d02c8c544e3ae40739c6347ca41aa6\" class=\"full-width-cta custom-block\">\n\n<div class=\"block-inner medium grid-x\">\n\n<div class=\"cell small-12 medium-8\">\n    <h4>Sprechen Sie mit einem Experten<\/h4>\n<p>Wenden Sie sich noch heute an BrightSign und erfahren Sie, was sichere und leistungsstarke digitale Beschilderung f\u00fcr Ihr Krankenhaus, Ihre Gesundheitseinrichtung oder Ihre Arztpraxis leisten kann.<\/p>\n<\/div><!-- medium-8 -->\n\n<div class=\"cell small-12 medium-4 content-right\">\n    <div class=\"basic-button blue\"><a href=\"https:\/\/www.brightsign.biz\/de\/kontaktieren-sie-uns\/\" target=\"_self\">KONTAKT US<i class=\"fa-solid fa-chevron-right\"><\/i><\/a><\/div>\n<\/div><!-- medium-4 -->\n\n<\/div><!-- block-inner -->\n\n<\/section><!-- hero -->\n\n\n\n\n\n    <section id=\"full-width-text-block_2d02cc24eec3f3ba6184869204a04306\" class=\"full-width-text custom-block dark small-top none-bottom default-htags default-lists\">\n\n        <div class=\"block-inner medium\">\n\n        <hr \/>\n<h6>Referenzen<\/h6>\n<ol>\n<li>Centers for Disease Control and Prevention. (n.d.). <em>Gesundheitspersonal steht vor einer Krise der psychischen Gesundheit.<\/em> Abgerufen am 4. September 2025, von <a href=\"https:\/\/www.cdc.gov\/vitalsigns\/health-worker-mental-health\/index.html\" target=\"_blank\" rel=\"noopener\">https:\/\/www.cdc.gov\/vitalsigns\/health-worker-mental-health\/index.html<\/a><\/li>\n<li>American Academy of Physician Associates. (n.d.). <em>Patientenerfahrung.<\/em> Abgerufen am 4. September 2025, von <a href=\"https:\/\/www.aapa.org\/research\/patient-experience\/\" target=\"_blank\" rel=\"noopener\">https:\/\/www.aapa.org\/research\/patient-experience\/<\/a><\/li>\n<\/ol>\n\n        \n        <\/div><!-- block-inner -->  \n\n        \n    <\/section><!-- full-width-text -->  \n\n\n\n<div class=\"wp-native-block block-outer\"><div class=\"block-inner medium\">\n<p><\/p>\n<\/div><\/div>","protected":false},"excerpt":{"rendered":"","protected":false},"author":32,"featured_media":12803,"parent":706,"menu_order":0,"comment_status":"closed","ping_status":"closed","template":"","meta":{"_acf_changed":false,"_searchwp_excluded":"","footnotes":""},"class_list":["post-12801","page","type-page","status-publish","has-post-thumbnail","hentry"],"acf":[],"_links":{"self":[{"href":"https:\/\/www.brightsign.biz\/de\/wp-json\/wp\/v2\/pages\/12801","targetHints":{"allow":["GET"]}}],"collection":[{"href":"https:\/\/www.brightsign.biz\/de\/wp-json\/wp\/v2\/pages"}],"about":[{"href":"https:\/\/www.brightsign.biz\/de\/wp-json\/wp\/v2\/types\/page"}],"author":[{"embeddable":true,"href":"https:\/\/www.brightsign.biz\/de\/wp-json\/wp\/v2\/users\/32"}],"replies":[{"embeddable":true,"href":"https:\/\/www.brightsign.biz\/de\/wp-json\/wp\/v2\/comments?post=12801"}],"version-history":[{"count":0,"href":"https:\/\/www.brightsign.biz\/de\/wp-json\/wp\/v2\/pages\/12801\/revisions"}],"up":[{"embeddable":true,"href":"https:\/\/www.brightsign.biz\/de\/wp-json\/wp\/v2\/pages\/706"}],"wp:featuredmedia":[{"embeddable":true,"href":"https:\/\/www.brightsign.biz\/de\/wp-json\/wp\/v2\/media\/12803"}],"wp:attachment":[{"href":"https:\/\/www.brightsign.biz\/de\/wp-json\/wp\/v2\/media?parent=12801"}],"curies":[{"name":"wp","href":"https:\/\/api.w.org\/{rel}","templated":true}]}}