{"id":12963,"date":"2025-09-30T12:03:51","date_gmt":"2025-09-30T16:03:51","guid":{"rendered":"https:\/\/www.brightsign.biz\/?page_id=12963"},"modified":"2025-09-30T12:10:22","modified_gmt":"2025-09-30T16:10:22","slug":"pads4-fur-flughafen","status":"publish","type":"page","link":"https:\/\/www.brightsign.biz\/de\/industry\/transportation\/pads4-for-airports\/","title":{"rendered":"PADS4 Flugh\u00e4fen LP"},"content":{"rendered":"<section\n  id=\"hero-block_dc83679c1aa73ee4c917a9e11b3de544\"\n  class=\"hero custom-block\"\n  data-form-url=\"\"\n>\n  <!-- Backgrounds: cover full section, center position (extended via SCSS) -->\n        <div id=\"hero-desktop-background\" style=\"background-image: url('https:\/\/www.brightsign.biz\/wp-content\/uploads\/2025\/09\/PADS4-airport-hero-desktop-v02-1920x900.jpg'); background-size: cover; background-position: center center; background-repeat: no-repeat;\"><\/div>\n        <div id=\"hero-mobile-background\" style=\"background-image: url('https:\/\/www.brightsign.biz\/wp-content\/uploads\/2025\/09\/PADS4-airport-hero-mobile-v03-750x900.jpg'); background-size: cover; background-position: center center; background-repeat: no-repeat;\"><\/div>\n  \n  <div class=\"hero-gradient\" aria-hidden=\"true\"><\/div>\n  <div class=\"block-inner medium\">\n    <div class=\"block-inner-content grid-x grid-margin-y\">\n\n      <!-- MOBILE-only layout -->\n      <div class=\"cell small-12 show-for-small-only\">\n        \n        \n        \n        \n        <div class=\"mobile-content form-content\"><h1><strong>Zuverl\u00e4ssige L\u00f6sungen<\/strong>, Vernetzte Passagiere<\/h1>\n<p>Bieten Sie mit BrightSign und PADS4 ein nahtloses Passagiererlebnis, Echtzeit-Updates und zuverl\u00e4ssige digitale Beschilderung f\u00fcr Flugh\u00e4fen.<\/p>\n<\/div><div class=\"basic-button blue\"><a href=\"#contact\" target=\"\">BEGINNEN SIE IHRE REISE <i class=\"fa-solid fa-chevron-right\"><\/i><\/a><\/div>      <\/div>\n      <!-- end MOBILE-only -->\n\n      <!-- DESKTOP text cell -->\n      <div class=\"cell small-12 medium-12 large-6 hide-for-small-only\">\n        \n        <h1><strong>Zuverl\u00e4ssige L\u00f6sungen<\/strong>, Vernetzte Passagiere<\/h1>\n<p>Bieten Sie mit BrightSign und PADS4 ein nahtloses Passagiererlebnis, Echtzeit-Updates und zuverl\u00e4ssige digitale Beschilderung f\u00fcr Flugh\u00e4fen.<\/p>\n<div class=\"basic-button blue\"><a href=\"#contact\" target=\"\">BEGINNEN SIE IHRE REISE <i class=\"fa-solid fa-chevron-right\"><\/i><\/a><\/div>      <\/div>\n      <!-- end DESKTOP text cell -->\n\n      <!-- DESKTOP form\/video cell -->\n      <div class=\"cell small-12 medium-12 large-6 center-play hide-for-small-only\">\n        \n              <\/div>\n      <!-- end DESKTOP form\/video cell -->\n\n    <\/div><!-- .block-inner-content -->\n  <\/div><!-- .block-inner -->\n<\/section><!-- hero -->\n\n\n\n    <section id=\"full-width-text-block_30152a5f94d082d5879c2fc9f038e118\" class=\"full-width-text custom-block dark medium-top small-bottom brand-htags default-lists\">\n\n        <div class=\"block-inner medium\">\n\n        <h2 style=\"text-align: center\">Digital Signage - speziell f\u00fcr Flugh\u00e4fen entwickelt<\/h2>\n<p style=\"text-align: center\">Moderne Flugh\u00e4fen brauchen mehr als statische Displays. Verz\u00f6gerte Aktualisierungen, kostspielige Ausfallzeiten und eingeschr\u00e4nkte Kontrolle w\u00e4hrend kritischer Zeiten zwingen Flugh\u00e4fen dazu, ihre Digital Signage-Systeme zu modernisieren. Sie ben\u00f6tigen eine zuverl\u00e4ssige, sichere und stets aktive Beschilderung, die die Passagiere informiert und einen reibungslosen Betrieb gew\u00e4hrleistet.<\/p>\n<p style=\"text-align: center\">Deshalb vertrauen Flugh\u00e4fen weltweit <a href=\"https:\/\/www.brightsign.biz\/de\/lichtzeichengeber\/\">BrightSign Digital Signage Abspielger\u00e4te<\/a> und <a href=\"https:\/\/pads4.com\/\" target=\"_blank\" rel=\"noopener\">Das datengesteuerte CMS von PADS4<\/a> um Echtzeit-Fluginformationen, Notfallwarnungen und terminalspezifische Inhalte zu liefern.<\/p>\n<p style=\"text-align: center\">Durch die Integration mit operativen Flughafendatenbanken (AODBs) und mehr als 90 Datenquellen zentralisiert unsere gemeinsame L\u00f6sung FIDS, Wegweiser und Sicherheitsnachrichten, w\u00e4hrend sie gleichzeitig mehrere Sprachen unterst\u00fctzt und die Flexibilit\u00e4t von SaaS oder On-Premise bietet. Gemeinsam sorgen BrightSign und PADS4 daf\u00fcr, dass die Passagiere mit pr\u00e4zisen, hochaufl\u00f6senden Inhalten informiert und eingebunden werden.<\/p>\n\n        \n        <\/div><!-- block-inner -->  \n\n        \n    <\/section><!-- full-width-text -->  \n\n\n\n\n\n\n\n<section id=\"media-grid-block_724ccfaec949d8670e476f0cac9eb2ec\" class=\"media-grid custom-block dark none-top none-bottom\">\n\n<div class=\"block-inner medium\">\n\n<div class=\"full-width-text brand-htags\">\n\n\n<\/div>\n\n\n<div class=\"grid-x\">\n\n\n<div class=\"mg-cell cell small-12 medium-6\">\n\n    <div class=\"mg-cell-inner item-parent\">\n\n    <div class=\"mg-item-content keep-overlay brand-htags check-lists\">\n\n        \n            <div class=\"mg-item-image\">\n\n                <img decoding=\"async\" src=\"https:\/\/www.brightsign.biz\/wp-content\/uploads\/2025\/09\/BrightSignLogo_purple_1920x1080-900x495.png\" alt=\"BrightSign-Logo\" \/>\n           \n\n                            <\/div>\n        \n        \n\n            <div class=\"mg-content-top\">\n\n                <h4>Warum BrightSign?<\/h4>\n                                    <ul>\n<li>Unerreichte Zuverl\u00e4ssigkeit, gest\u00fctzt durch unser <a href=\"https:\/\/www.brightsign.biz\/de\/lichtzeichengeber\/garantie\/\">5 Jahre Garantie<\/a><sup>*<\/sup><\/li>\n<li>Sicheres, speziell entwickeltes BrightSignOS<sup>\u2122<\/sup> mit Schutz durch digitale Signatur<\/li>\n<li>Hardware f\u00fcr den Einsatz in anspruchsvollen 24\/7-Flughafenterminals<\/li>\n<\/ul>\n                                \n\n            <\/div><!-- mg-content-top -->\n\n            <\/div><!-- mg-item-content -->\n\n            <ul class=\"mg-cta-list small-buttons\">\n\n                                \n                \n            <\/ul>\n\n    \n    <\/div><!-- mg-cell-inner -->\n\n<\/div><!-- mg-cell -->\n\n\n<div class=\"mg-cell cell small-12 medium-6\">\n\n    <div class=\"mg-cell-inner item-parent\">\n\n    <div class=\"mg-item-content keep-overlay brand-htags check-lists\">\n\n        \n            <div class=\"mg-item-image\">\n\n                <img decoding=\"async\" src=\"https:\/\/www.brightsign.biz\/wp-content\/uploads\/2024\/06\/PADS4_Logo_01-900x495.png\" alt=\"PADS4-Logo\" \/>\n           \n\n                            <\/div>\n        \n        \n\n            <div class=\"mg-content-top\">\n\n                <h4>Warum PADS4?<\/h4>\n                                    <ul>\n<li>Skalierbare, zentralisierte Plattform f\u00fcr die komplette Verwaltung von Digital Signage an Flugh\u00e4fen<\/li>\n<li>Unterst\u00fctzung f\u00fcr mehrere Sprachen und Layouts<\/li>\n<li>Volle Flexibilit\u00e4t bei SaaS- oder On-Premise-Bereitstellungen<\/li>\n<\/ul>\n                                \n\n            <\/div><!-- mg-content-top -->\n\n            <\/div><!-- mg-item-content -->\n\n            <ul class=\"mg-cta-list small-buttons\">\n\n                                \n                \n            <\/ul>\n\n    \n    <\/div><!-- mg-cell-inner -->\n\n<\/div><!-- mg-cell -->\n\n\n<\/div><!-- grid-x -->\n\n\n<\/div><!-- block-inner -->  \n\n<\/section><!-- ### -->\n\n\n\n\n\n<section id=\"contact\" class=\"media-text custom-block dark small-top none-bottom\" data-form-url=\"https:\/\/content.brightsign.biz\/l\/1011161\/2025-09-29\/3vqvn?page_name=pads4\">\n    <div class=\"dot-in\"><\/div><!-- dot-in -->\n    <div class=\"block-inner medium grid-x right\">\n    \n        <div class=\"cell small-12 medium-12 large-6 mediatext-content default-checks\">\n            <div aria-hidden=\"true\" class=\"blue-dot\"><\/div>\n                                                    <h3>Upgrade Ihrer Flughafenbeschilderung<\/h3>\n<p>Stellen Sie sicher, dass Ihr Flughafen Echtzeitgenauigkeit und Betriebskontrolle auf jedem Bildschirm erreicht. Schaffen Sie ein nahtloses Passagiererlebnis mit zuverl\u00e4ssiger, sicherer digitaler Beschilderung, die von BrightSign und PADS4 unterst\u00fctzt wird.<\/p>\n<h4>Beginnen Sie Ihre Reise heute<\/h4>\n<p>Senden Sie das Formular an <strong>eine Demo planen<\/strong> oder <strong>kostenloses Proof of Concept anfordern<\/strong>.<\/p>\n                        \n                        \n                    <\/div><!-- mediatext-content -->\n        \n        <div class=\"cell small-12 medium-12 large-6 form-wrapper\">\n                            <!-- Normal form on all devices -->\n                                                    <div class=\"mg-form-embed\">\n                        <!-- To be populated dynamically via JS -->\n                    <\/div>\n                                        \n                    <\/div><!-- form-wrapper -->\n        \n    <\/div><!-- block-inner -->\n<\/section><!-- media-text -->\n\n\n\n\n\n    <section id=\"full-width-text-block_42e30f5174ca31f5691fcd17a31d4a1f\" class=\"full-width-text custom-block dark none-top none-bottom default-htags default-lists\">\n\n        <div class=\"block-inner medium\">\n\n        <hr \/>\n<p><sup>*Das Garantieprogramm gilt f\u00fcr Player der Serie 5 und h\u00f6her, die nach dem 1. November 2024 bei BrightSign erworben wurden. Das Garantieprogramm gilt nicht f\u00fcr Zubeh\u00f6r.<\/sup><\/p>\n<p><sup>Weitere Informationen finden Sie in der\u00a0<a href=\"https:\/\/www.brightsign.biz\/de\/legal\/garantie\/\">BrightSign Eingeschr\u00e4nkte Hardware-Garantie<\/a>.<\/sup><\/p>\n\n        \n        <\/div><!-- block-inner -->  \n\n        \n    <\/section><!-- full-width-text -->","protected":false},"excerpt":{"rendered":"","protected":false},"author":32,"featured_media":12964,"parent":12228,"menu_order":0,"comment_status":"closed","ping_status":"closed","template":"","meta":{"_acf_changed":false,"_searchwp_excluded":"","footnotes":""},"class_list":["post-12963","page","type-page","status-publish","has-post-thumbnail","hentry"],"acf":[],"_links":{"self":[{"href":"https:\/\/www.brightsign.biz\/de\/wp-json\/wp\/v2\/pages\/12963","targetHints":{"allow":["GET"]}}],"collection":[{"href":"https:\/\/www.brightsign.biz\/de\/wp-json\/wp\/v2\/pages"}],"about":[{"href":"https:\/\/www.brightsign.biz\/de\/wp-json\/wp\/v2\/types\/page"}],"author":[{"embeddable":true,"href":"https:\/\/www.brightsign.biz\/de\/wp-json\/wp\/v2\/users\/32"}],"replies":[{"embeddable":true,"href":"https:\/\/www.brightsign.biz\/de\/wp-json\/wp\/v2\/comments?post=12963"}],"version-history":[{"count":0,"href":"https:\/\/www.brightsign.biz\/de\/wp-json\/wp\/v2\/pages\/12963\/revisions"}],"up":[{"embeddable":true,"href":"https:\/\/www.brightsign.biz\/de\/wp-json\/wp\/v2\/pages\/12228"}],"wp:featuredmedia":[{"embeddable":true,"href":"https:\/\/www.brightsign.biz\/de\/wp-json\/wp\/v2\/media\/12964"}],"wp:attachment":[{"href":"https:\/\/www.brightsign.biz\/de\/wp-json\/wp\/v2\/media?parent=12963"}],"curies":[{"name":"wp","href":"https:\/\/api.w.org\/{rel}","templated":true}]}}