{"id":12972,"date":"2025-10-02T16:29:05","date_gmt":"2025-10-02T20:29:05","guid":{"rendered":"https:\/\/www.brightsign.biz\/?page_id=12972"},"modified":"2025-10-02T16:29:07","modified_gmt":"2025-10-02T20:29:07","slug":"anwendungsbereich-in-einer-box","status":"publish","type":"page","link":"https:\/\/www.brightsign.biz\/de\/appspace-in-a-box\/","title":{"rendered":"Appspace in einer Box"},"content":{"rendered":"<section\n  id=\"hero-block_40b8dfc7bb3e3b8fa40adcdc403923a6\"\n  class=\"hero custom-block\"\n  data-form-url=\"\"\n>\n  <!-- Backgrounds: cover full section, center position (extended via SCSS) -->\n        <div id=\"hero-desktop-background\" style=\"background-image: url('https:\/\/www.brightsign.biz\/wp-content\/uploads\/2025\/10\/appspace-hero-desktop-v01-1920x900.jpg'); background-size: cover; background-position: center center; background-repeat: no-repeat;\"><\/div>\n        <div id=\"hero-mobile-background\" style=\"background-image: url('https:\/\/www.brightsign.biz\/wp-content\/uploads\/2025\/10\/appspace-hero-mobile-v01-750x900.jpg'); background-size: cover; background-position: center center; background-repeat: no-repeat;\"><\/div>\n  \n  <div class=\"hero-gradient\" aria-hidden=\"true\"><\/div>\n  <div class=\"block-inner medium\">\n    <div class=\"block-inner-content grid-x grid-margin-y\">\n\n      <!-- MOBILE-only layout -->\n      <div class=\"cell small-12 show-for-small-only\">\n        \n        \n        \n        \n        <ul class=\"custom-breadcrumb\"><li>Appspace &amp; BrightSign<\/li><\/ul><div class=\"mobile-content form-content\"><h1>Erleben Sie die <strong>Moderner Arbeitsplatz<\/strong><\/h1>\n<p>Gestalten Sie Ihren physischen Raum um und machen Sie Schluss mit den verpassten Notizen.<\/p>\n<\/div><div class=\"basic-button blue\"><a href=\"#calendly\" target=\"\">KONTAKTIEREN SIE UNS <i class=\"fa-solid fa-chevron-right\"><\/i><\/a><\/div>      <\/div>\n      <!-- end MOBILE-only -->\n\n      <!-- DESKTOP text cell -->\n      <div class=\"cell small-12 medium-12 large-6 hide-for-small-only\">\n        \n        <ul class=\"custom-breadcrumb\"><li>Appspace &amp; BrightSign<\/li><\/ul><h1>Erleben Sie die <strong>Moderner Arbeitsplatz<\/strong><\/h1>\n<p>Gestalten Sie Ihren physischen Raum um und machen Sie Schluss mit den verpassten Notizen.<\/p>\n<div class=\"basic-button blue\"><a href=\"#calendly\" target=\"\">KONTAKTIEREN SIE UNS <i class=\"fa-solid fa-chevron-right\"><\/i><\/a><\/div>      <\/div>\n      <!-- end DESKTOP text cell -->\n\n      <!-- DESKTOP form\/video cell -->\n      <div class=\"cell small-12 medium-12 large-6 center-play hide-for-small-only\">\n        \n              <\/div>\n      <!-- end DESKTOP form\/video cell -->\n\n    <\/div><!-- .block-inner-content -->\n  <\/div><!-- .block-inner -->\n<\/section><!-- hero -->\n\n\n\n    <section id=\"full-width-text-block_d7f07f4416565dd39df8e59919cc488b\" class=\"full-width-text custom-block dark small-top none-bottom brand-htags default-lists\">\n\n        <div class=\"block-inner medium\">\n\n        <p><img loading=\"lazy\" decoding=\"async\" class=\"size-medium wp-image-25403 aligncenter\" src=\"https:\/\/www.brightsign.biz\/wp-content\/uploads\/2025\/10\/appspace-brightsign-logos-horizontal-v01.png\" alt=\"Appspace- und BrightSign-Logos\" width=\"800\" height=\"100\" \/><\/p>\n<p>&nbsp;<\/p>\n<h3 style=\"text-align: center\">Ein vernetzter Arbeitsplatz entsteht nicht zuf\u00e4llig<\/h3>\n\n        \n        <\/div><!-- block-inner -->  \n\n        \n    <\/section><!-- full-width-text -->  \n\n\n\n\n\n<section id=\"calendly\" class=\"media-text custom-block dark none-top none-bottom\" >\n    <div class=\"dot-in\"><\/div><!-- dot-in -->\n    <div class=\"block-inner medium grid-x right\">\n    \n        <div class=\"cell small-12 medium-12 large-6 mediatext-content small-checks\">\n            <div aria-hidden=\"true\" class=\"blue-dot\"><\/div>\n                                                    <p>Appspace und BrightSign vereinen zuverl\u00e4ssige Mediaplayer und unternehmenstaugliche Software in einer einheitlichen Plattform, <strong>speziell f\u00fcr die Unternehmenskommunikation entwickelt<\/strong>.<\/p>\n<p>&nbsp;<\/p>\n<h5>Das Ergebnis ist:<\/h5>\n<ul>\n<li>Zentralisiertes Content Management f\u00fcr konsistentes Messaging<\/li>\n<li>Echtzeit-Updates f\u00fcr Mitarbeiter und G\u00e4ste<\/li>\n<li>Nahtlose G\u00e4steerlebnisse durch Wegfindung, Raumbuchung und Check-in<\/li>\n<\/ul>\n<h4><\/h4>\n<h4>Einen Anruf vereinbaren<\/h4>\n<p><strong>Das Formular abschicken<\/strong> zur Verbindung mit Appspace &amp; BrightSign und zur Erstellung einer ma\u00dfgeschneiderten L\u00f6sung f\u00fcr Ihr Unternehmen.<\/p>\n                        \n                        \n                    <\/div><!-- mediatext-content -->\n        \n        <div class=\"cell small-12 medium-12 large-6 form-wrapper\">\n                            <!-- Normal form on all devices -->\n                                                    <div class=\"mg-code-drop\">\n                        <!-- Calendly inline widget begin -->\r\n<div class=\"calendly-inline-widget\" data-url=\" https:\/\/calendly.com\/d\/cs6p-hjw-4x5 \" style=\"min-width:320px;height:700px;\"><\/div>\r\n<script type=\"text\/javascript\" src=\" https:\/\/assets.calendly.com\/assets\/external\/widget.js \" async><\/script>\r\n<!-- Calendly inline widget end -->                    <\/div>\n                                        \n                    <\/div><!-- form-wrapper -->\n        \n    <\/div><!-- block-inner -->\n<\/section><!-- media-text -->","protected":false},"excerpt":{"rendered":"","protected":false},"author":32,"featured_media":12974,"parent":0,"menu_order":0,"comment_status":"closed","ping_status":"closed","template":"","meta":{"_acf_changed":false,"_searchwp_excluded":"1","footnotes":""},"class_list":["post-12972","page","type-page","status-publish","has-post-thumbnail","hentry"],"acf":[],"_links":{"self":[{"href":"https:\/\/www.brightsign.biz\/de\/wp-json\/wp\/v2\/pages\/12972","targetHints":{"allow":["GET"]}}],"collection":[{"href":"https:\/\/www.brightsign.biz\/de\/wp-json\/wp\/v2\/pages"}],"about":[{"href":"https:\/\/www.brightsign.biz\/de\/wp-json\/wp\/v2\/types\/page"}],"author":[{"embeddable":true,"href":"https:\/\/www.brightsign.biz\/de\/wp-json\/wp\/v2\/users\/32"}],"replies":[{"embeddable":true,"href":"https:\/\/www.brightsign.biz\/de\/wp-json\/wp\/v2\/comments?post=12972"}],"version-history":[{"count":0,"href":"https:\/\/www.brightsign.biz\/de\/wp-json\/wp\/v2\/pages\/12972\/revisions"}],"wp:featuredmedia":[{"embeddable":true,"href":"https:\/\/www.brightsign.biz\/de\/wp-json\/wp\/v2\/media\/12974"}],"wp:attachment":[{"href":"https:\/\/www.brightsign.biz\/de\/wp-json\/wp\/v2\/media?parent=12972"}],"curies":[{"name":"wp","href":"https:\/\/api.w.org\/{rel}","templated":true}]}}