{"id":3282,"date":"2023-04-26T21:46:59","date_gmt":"2023-04-26T21:46:59","guid":{"rendered":"https:\/\/brightsign2425.wpenginepowered.com\/?page_id=3282"},"modified":"2026-04-24T10:51:29","modified_gmt":"2026-04-24T14:51:29","slug":"garantie","status":"publish","type":"page","link":"https:\/\/www.brightsign.biz\/de\/legal\/warranty\/","title":{"rendered":"BrightSign Eingeschr\u00e4nkte Hardware-Garantie"},"content":{"rendered":"<section\n  id=\"hero-block_5d7e5ee14d9cdd5cc5d4ffe75c44322a\"\n  class=\"hero custom-block\"\n  data-form-url=\"\"\n>\n  <!-- Backgrounds: cover full section, center position (extended via SCSS) -->\n        <div id=\"hero-desktop-background\" style=\"background-image: url('https:\/\/www.brightsign.biz\/wp-content\/uploads\/2024\/09\/header-template3-15-1920x900.jpg'); background-size: cover; background-position: center center; background-repeat: no-repeat;\"><\/div>\n        <div id=\"hero-mobile-background\" style=\"background-image: url('https:\/\/www.brightsign.biz\/wp-content\/uploads\/2024\/09\/header-template3-15-1920x900.jpg'); background-size: cover; background-position: center center; background-repeat: no-repeat;\"><\/div>\n  \n  <div class=\"hero-gradient\" aria-hidden=\"true\"><\/div>\n  <div class=\"block-inner medium\">\n    <div class=\"block-inner-content grid-x grid-margin-y\">\n\n      <!-- MOBILE-only layout -->\n      <div class=\"cell small-12 show-for-small-only\">\n        \n        \n        \n        \n        <div class=\"mobile-content form-content\"><h1><strong>Bright<\/strong>Sign Media Player Hardware Limited <strong>Garantie<\/strong><\/h1>\n<p>Aktualisiert am 17. April 2026<\/p>\n<\/div>      <\/div>\n      <!-- end MOBILE-only -->\n\n      <!-- DESKTOP text cell -->\n      <div class=\"cell small-12 medium-12 large-6 hide-for-small-only\">\n        \n        <h1><strong>Bright<\/strong>Sign Media Player Hardware Limited <strong>Garantie<\/strong><\/h1>\n<p>Aktualisiert am 17. April 2026<\/p>\n      <\/div>\n      <!-- end DESKTOP text cell -->\n\n      <!-- DESKTOP form\/video cell -->\n      <div class=\"cell small-12 medium-12 large-6 center-play hide-for-small-only\">\n        \n              <\/div>\n      <!-- end DESKTOP form\/video cell -->\n\n    <\/div><!-- .block-inner-content -->\n  <\/div><!-- .block-inner -->\n<\/section><!-- hero -->\n\n\n\n    <section id=\"full-width-text-block_cf1aeff85e1686f66da38974761b30e4\" class=\"full-width-text custom-block dark small-top none-bottom brand-htags default-lists\">\n\n        <div class=\"block-inner medium\">\n\n        <h2 style=\"text-align: center\">Eingeschr\u00e4nkte Hardware-Garantie f\u00fcr den BrightSign Media Player<\/h2>\n<p><strong>Eingeschr\u00e4nkte Base BrightSign Media Player Hardware-Garantie<\/strong><\/p>\n<p>BrightSign<sup>\u00ae <\/sup>BrightSign garantiert die BrightSign Media Player Hardware Produkte gegen Material- und Verarbeitungsfehler bei normalem Gebrauch f\u00fcr einen Zeitraum von zwei (2) Jahren ab dem Kaufdatum durch den Endverbraucher, das durch eine Kaufrechnung belegt ist. Wenn BrightSign feststellt, dass das BrightSign-Produkt defekt ist, wird BrightSign nach eigenem Ermessen entweder das Ger\u00e4t reparieren oder das Ger\u00e4t durch ein neues, \u00fcberholtes oder gleichwertiges Modell des BrightSign-Produkts ersetzen. Die Verpflichtung von BrightSign, das Ger\u00e4t zu reparieren oder zu ersetzen, stellt das einzige und ausschlie\u00dfliche Rechtsmittel des K\u00e4ufers f\u00fcr jegliche Garantieanspr\u00fcche dar. Der K\u00e4ufer verzichtet auf alle anderen Rechtsmittel, die unter dem anwendbaren Handelsrecht zur Verf\u00fcgung stehen, soweit dies gesetzlich zul\u00e4ssig ist, es sei denn, BrightSign hat mit grober Fahrl\u00e4ssigkeit oder vors\u00e4tzlichem Fehlverhalten gehandelt.<\/p>\n<p>Der K\u00e4ufer muss BrightSign \u00fcber jeden Garantieanspruch informieren und eine RMA-Nummer innerhalb der geltenden Garantiezeit anfordern. BrightSign kann einen Kaufnachweis und eine schriftliche Beschreibung des Defekts verlangen. Alle R\u00fccksendungen m\u00fcssen im Voraus bezahlt an die von BrightSign benannte Serviceeinrichtung gesendet werden.<\/p>\n<p>Vor der R\u00fcckgabe eines defekten Produkts muss der Kunde eine RMA-Nummer (Return Materials Authorization) von BrightSign erhalten. Alle defekten BrightSign-Hardwareprodukte sollten an BrightSign zur\u00fcckgeschickt werden, wobei die R\u00fccksendekosten im Voraus bezahlt werden m\u00fcssen. BrightSign akzeptiert keine unfreien Sendungen.<\/p>\n<p>Sollte sich das Produkt bei der \u00dcberpr\u00fcfung durch BrightSign als defekt erweisen, wird es kostenlos repariert oder ersetzt und BrightSign \u00fcbernimmt die Versandkosten f\u00fcr den Ersatz.<\/p>\n<p><strong>Optionale erweiterte 5 Jahre beschr\u00e4nkte Hardware-Garantie<\/strong><\/p>\n<p>Wenn der Kunde sich daf\u00fcr entscheidet und bestimmte, hier definierte zus\u00e4tzliche Anforderungen erf\u00fcllt, verl\u00e4ngert BrightSign die eingeschr\u00e4nkte BrightSign-Hardware-Garantie gegen Material- und Verarbeitungsfehler bei normalem Gebrauch auf einen erweiterten Zeitraum von f\u00fcnf (5) Jahren ab Kaufdatum.<\/p>\n<p>Um diese kostenlose, erweiterte 5-Jahres-Garantie in Anspruch nehmen zu k\u00f6nnen, muss der Kunde:<\/p>\n<ol>\n<li>Melden Sie Ihren Spieler an <strong>bsn.Control<\/strong> oder <strong>bsn.Inhalt<\/strong> und die Registrierung erfolgt automatisch - es sind keine weiteren Schritte erforderlich.<\/li>\n<li>Wenn Sie sich nicht f\u00fcr bsn.Control oder bsn.Content entscheiden, k\u00f6nnen Sie sich f\u00fcr die kostenlose, optionale Garantieverl\u00e4ngerung registrieren, indem Sie unsere Seite f\u00fcr die Garantieregistrierung besuchen und sich dort registrieren: <a href=\"https:\/\/www.brightsign.biz\/de\/lichtzeichengeber\/garantie\/\">https:\/\/www.brightsign.biz\/brightsign-players\/warranty\/<\/a><\/li>\n<\/ol>\n<p><strong>Umfang und Einschr\u00e4nkung der Gew\u00e4hrleistung<\/strong><\/p>\n<p>Die Garantie f\u00fcr den Media Player BrightSign beschr\u00e4nkt sich auf die Reparatur oder den Ersatz defekter Ger\u00e4te, wie in der beschr\u00e4nkten Garantie oben beschrieben. Diese Garantie erstreckt sich nicht auf Zubeh\u00f6r wie Kabel, Tastenfelder oder Fernbedienungen, Verschlei\u00dfteile wie SD-Speicherkarten, Kundenschulungen, Installation oder Deinstallation, Einrichtungseinstellungen oder Signalempfangsprobleme. Diese Garantie deckt auch keine Probleme im Zusammenhang mit der Software oder den Inhalten ab, die mit dem BrightSign-Produkt verwendet werden. Diese Garantie deckt keine Sch\u00e4den ab, die durch h\u00f6here Gewalt, Unfall, Missbrauch, Fahrl\u00e4ssigkeit oder Modifikation des BrightSign-Produkts oder eines Teils davon verursacht wurden. Diese Garantie deckt keine Sch\u00e4den ab, die auf eine unsachgem\u00e4\u00dfe Wartung oder Bedienung des BrightSign-Produkts, den Anschluss an eine falsche Spannungsversorgung oder Reparaturversuche durch eine andere Person als eine von BrightSign zur Wartung Ihres BrightSign-Produkts autorisierte Einrichtung zur\u00fcckzuf\u00fchren sind.<\/p>\n<p><strong>Gew\u00e4hrleistungsausschluss<\/strong><\/p>\n<p>DIE OBEN GENANNTE BESCHR\u00c4NKTE GARANTIE UND DIE RECHTSMITTEL SIND EXKLUSIV UND ERSETZEN ALLE ANDEREN, M\u00dcNDLICHEN ODER SCHRIFTLICHEN, AUSDR\u00dcCKLICHEN, STILLSCHWEIGENDEN, DURCH HANDELSBRAUCH ENTSTANDENEN ODER GESETZLICHEN GARANTIEN. ALLE ANDEREN GEW\u00c4HRLEISTUNGEN, EINSCHLIESSLICH DER STILLSCHWEIGENDEN GEW\u00c4HRLEISTUNG DER MARKTG\u00c4NGIGKEIT, DER EIGNUNG F\u00dcR EINEN BESTIMMTEN ZWECK, DES EIGENTUMSRECHTS, DER NICHTVERLETZUNG VON RECHTEN DRITTER, DES UNGEST\u00d6RTEN GENUSSES UND DER GENAUIGKEIT SIND AUSDR\u00dcCKLICH AUSGESCHLOSSEN. DIE GARANTIE VON BRIGHTSIGN GILT NICHT F\u00dcR SEPARAT LIZENZIERTEN SOFTWARECODE. DIESE GARANTIEN GELTEN NUR F\u00dcR BRIGHTSIGN MEDIA PLAYER HARDWAREPRODUKTE, DIE VON BRIGHTSIGN ODER EINEM AUTORISIERTEN BRIGHTSIGN-H\u00c4NDLER ERWORBEN WURDEN. DER K\u00c4UFER IST NICHT BERECHTIGT, GARANTIEN ODER ZUSICHERUNGEN IM NAMEN VON BRIGHTSIGN ABZUGEBEN ODER WEITERZUGEBEN, UND ER ERGREIFT ALLE NOTWENDIGEN MASSNAHMEN, UM SICHERZUSTELLEN, DASS WEDER ER NOCH EINER SEINER H\u00c4NDLER, VERTRETER ODER MITARBEITER GARANTIEN ODER ZUSICHERUNGEN IM NAMEN VON BRIGHTSIGN AN DRITTE ABGEBEN ODER WEITERGEBEN. UNGEACHTET DES VORSTEHENDEN SCHR\u00c4NKT DIESE GARANTIE DIE HAFTUNG VON BRIGHTSIGN NICHT EIN F\u00dcR: (A) TODESF\u00c4LLE ODER PERSONENSCH\u00c4DEN, DIE DURCH GROBE FAHRL\u00c4SSIGKEIT ODER VORS\u00c4TZLICHES VERHALTEN VON BRIGHTSIGN VERURSACHT WURDEN; (B) BETRUG ODER ARGLISTIGES VERSCHWEIGEN EINES BRIGHTSIGN BEKANNTEN FEHLERS; ODER (C) DIE VERPFLICHTUNGEN VON BRIGHTSIGN GEM\u00c4SS DEM JAPANISCHEN PRODUKTHAFTUNGSGESETZ, SOWEIT ANWENDBAR.<\/p>\n<p><strong>HAFTUNGSBESCHR\u00c4NKUNG<\/strong><\/p>\n<p>IN KEINEM FALL HAFTEN BRIGHTSIGN ODER SEINE LIEFERANTEN F\u00dcR FOLGESCH\u00c4DEN, SPEZIELLE, EXEMPLARISCHE, ZUF\u00c4LLIGE ODER INDIREKTE SCH\u00c4DEN ODER F\u00dcR EINKOMMENS-, GEWINN-, DATEN- ODER NUTZUNGSAUSF\u00c4LLE ODER F\u00dcR DIE KOSTEN VON ERSATZG\u00dcTERN, UNABH\u00c4NGIG DAVON, OB ES SICH UM EINEN VERTRAG ODER EINE UNERLAUBTE HANDLUNG (EINSCHLIESSLICH FAHRL\u00c4SSIGKEIT) HANDELT, DIE SICH AUS ODER IN VERBINDUNG MIT DEM BRIGHTSIGN MEDIA PLAYER PRODUKT ODER SEINER VERWENDUNG ERGEBEN. IN KEINEM FALL \u00dcBERSTEIGT DIE GESAMTE KUMULIERTE HAFTUNG VON BRIGHTSIGN ODER SEINEN LIEFERANTEN IN BEZUG AUF DAS BRIGHTSIGN MEDIA PLAYER-PRODUKT DEN KAUFPREIS DES BRIGHTSIGN-PRODUKTS. Die Parteien erkennen an, dass die Haftungsbeschr\u00e4nkungen in diesem Abschnitt eine angemessene Risikoverteilung zwischen erfahrenen Gesch\u00e4ftspartnern widerspiegeln und ein wesentliches Element der Gesch\u00e4ftsgrundlage zwischen den Parteien darstellen. BrightSign h\u00e4tte diese Garantie ohne diese Einschr\u00e4nkungen nicht gew\u00e4hrt. Einige Gerichtsbarkeiten erlauben den Ausschluss von stillschweigenden Garantien oder die Beschr\u00e4nkung der Haftung f\u00fcr bestimmte zuf\u00e4llige oder Folgesch\u00e4den nicht, so dass die oben genannten Ausschl\u00fcsse m\u00f6glicherweise nicht auf Sie zutreffen.<\/p>\n<p><strong>Geltendes Recht<\/strong><\/p>\n<p>Diese Garantie und alle sich daraus ergebenden Anspr\u00fcche unterliegen den Gesetzen des Staates Kalifornien, ungeachtet der Bestimmungen des Kollisionsrechts. F\u00fcr K\u00e4ufer in der Europ\u00e4ischen Union gilt das Recht des Staates Kalifornien, soweit dies nach dem anwendbaren zwingenden Recht zul\u00e4ssig ist. F\u00fcr K\u00e4ufer im Vereinigten K\u00f6nigreich gilt das Recht von England und Wales. F\u00fcr Japan gilt japanisches Recht. Die Parteien erkl\u00e4ren sich mit der ausschlie\u00dflichen Zust\u00e4ndigkeit der Gerichte von Santa Clara County, Kalifornien, oder, nach Wahl von BrightSign, eines anderen zust\u00e4ndigen Gerichts am Sitz des K\u00e4ufers einverstanden.<\/p>\n<p><strong>Verj\u00e4hrung der Klage<\/strong><\/p>\n<p>Jede Klage, die sich aus oder im Zusammenhang mit dieser Garantie ergibt, muss innerhalb eines (1) Jahres ab dem Datum eingeleitet werden, an dem der K\u00e4ufer von dem Mangel, der den Anspruch begr\u00fcndet, wusste oder vern\u00fcnftigerweise h\u00e4tte wissen m\u00fcssen. Diese vertragliche Verj\u00e4hrungsfrist gilt im gr\u00f6\u00dftm\u00f6glichen Umfang, den das geltende Recht zul\u00e4sst, und erg\u00e4nzt und ersetzt im B2B-Gesch\u00e4ft jede l\u00e4ngere gesetzliche Verj\u00e4hrungsfrist.<\/p>\n<p><strong>Deutschland-spezifischer Nachtrag<\/strong><\/p>\n<p>Soweit auf die Gesch\u00e4ftsbeziehung zwischen BrightSign und dem K\u00e4ufer zwingende Vorschriften des deutschen Rechts Anwendung finden, ist unbeschadet der sonstigen Bestimmungen dieser Garantie: (a) die Haftung von BrightSign f\u00fcr Sch\u00e4den, die auf grober Fahrl\u00e4ssigkeit oder Vorsatz beruhen, nicht beschr\u00e4nkt; (b) die Haftung von BrightSign f\u00fcr Sch\u00e4den aus der Verletzung des Lebens, des K\u00f6rpers oder der Gesundheit, die auf einer fahrl\u00e4ssigen Pflichtverletzung beruhen, nicht beschr\u00e4nkt; und (c) die Haftung von BrightSign nach dem deutschen Produkthaftungsgesetz nicht beschr\u00e4nkt.<\/p>\n\n        \n        <\/div><!-- block-inner -->  \n\n        \n    <\/section><!-- full-width-text -->","protected":false},"excerpt":{"rendered":"","protected":false},"author":2,"featured_media":0,"parent":846,"menu_order":30,"comment_status":"closed","ping_status":"closed","template":"","meta":{"_acf_changed":false,"_searchwp_excluded":"","footnotes":""},"class_list":["post-3282","page","type-page","status-publish","hentry"],"acf":[],"_links":{"self":[{"href":"https:\/\/www.brightsign.biz\/de\/wp-json\/wp\/v2\/pages\/3282","targetHints":{"allow":["GET"]}}],"collection":[{"href":"https:\/\/www.brightsign.biz\/de\/wp-json\/wp\/v2\/pages"}],"about":[{"href":"https:\/\/www.brightsign.biz\/de\/wp-json\/wp\/v2\/types\/page"}],"author":[{"embeddable":true,"href":"https:\/\/www.brightsign.biz\/de\/wp-json\/wp\/v2\/users\/2"}],"replies":[{"embeddable":true,"href":"https:\/\/www.brightsign.biz\/de\/wp-json\/wp\/v2\/comments?post=3282"}],"version-history":[{"count":2,"href":"https:\/\/www.brightsign.biz\/de\/wp-json\/wp\/v2\/pages\/3282\/revisions"}],"predecessor-version":[{"id":13530,"href":"https:\/\/www.brightsign.biz\/de\/wp-json\/wp\/v2\/pages\/3282\/revisions\/13530"}],"up":[{"embeddable":true,"href":"https:\/\/www.brightsign.biz\/de\/wp-json\/wp\/v2\/pages\/846"}],"wp:attachment":[{"href":"https:\/\/www.brightsign.biz\/de\/wp-json\/wp\/v2\/media?parent=3282"}],"curies":[{"name":"wp","href":"https:\/\/api.w.org\/{rel}","templated":true}]}}