{"id":3296,"date":"2023-04-26T21:54:54","date_gmt":"2023-04-26T21:54:54","guid":{"rendered":"https:\/\/brightsign2425.wpenginepowered.com\/?page_id=3296"},"modified":"2024-09-03T14:05:40","modified_gmt":"2024-09-03T18:05:40","slug":"kartenpolitik","status":"publish","type":"page","link":"https:\/\/www.brightsign.biz\/de\/legal\/map-policy\/","title":{"rendered":"MAP-Politik"},"content":{"rendered":"<section\n  id=\"hero-block_62c6c6eda1da426b68a1398b82a229d8\"\n  class=\"hero custom-block\"\n  data-form-url=\"\"\n>\n  <!-- Backgrounds: cover full section, center position (extended via SCSS) -->\n        <div id=\"hero-desktop-background\" style=\"background-image: url('https:\/\/www.brightsign.biz\/wp-content\/uploads\/2024\/09\/header-template3-15-1920x900.jpg'); background-size: cover; background-position: center center; background-repeat: no-repeat;\"><\/div>\n        <div id=\"hero-mobile-background\" style=\"background-image: url('https:\/\/www.brightsign.biz\/wp-content\/uploads\/2024\/09\/header-template3-15-1920x900.jpg'); background-size: cover; background-position: center center; background-repeat: no-repeat;\"><\/div>\n  \n  <div class=\"hero-gradient\" aria-hidden=\"true\"><\/div>\n  <div class=\"block-inner medium\">\n    <div class=\"block-inner-content grid-x grid-margin-y\">\n\n      <!-- MOBILE-only layout -->\n      <div class=\"cell small-12 show-for-small-only\">\n        \n        \n        \n        \n        <div class=\"mobile-content form-content\"><h1>MAP-Politik<\/h1>\n<p>Politik f\u00fcr die USA und Kanada<\/p>\n<\/div>      <\/div>\n      <!-- end MOBILE-only -->\n\n      <!-- DESKTOP text cell -->\n      <div class=\"cell small-12 medium-12 large-6 hide-for-small-only\">\n        \n        <h1>MAP-Politik<\/h1>\n<p>Politik f\u00fcr die USA und Kanada<\/p>\n      <\/div>\n      <!-- end DESKTOP text cell -->\n\n      <!-- DESKTOP form\/video cell -->\n      <div class=\"cell small-12 medium-12 large-6 center-play hide-for-small-only\">\n        \n              <\/div>\n      <!-- end DESKTOP form\/video cell -->\n\n    <\/div><!-- .block-inner-content -->\n  <\/div><!-- .block-inner -->\n<\/section><!-- hero -->\n\n\n\n    <section id=\"full-width-text-block_e239005dfb20b48966a7d15d966690b4\" class=\"full-width-text custom-block dark small-top small-bottom default-htags default-lists\">\n\n        <div class=\"block-inner medium\">\n\n        <h2>Politik des beworbenen Mindestpreises<\/h2>\n<p>Um die von unseren Wiederverk\u00e4ufern get\u00e4tigten Investitionen und den Ruf unserer Marke zu sch\u00fctzen, hat BrightSign LLC (\"BrightSign\", \"wir\", \"uns\" oder \"unsere(s)\") einseitig eine MINDESTWERBUNGSPREISPOLITIK (die \"Politik\") eingef\u00fchrt.  Die Richtlinie soll unseren Kunden Zugang zu einer starken Unterst\u00fctzung vor und nach dem Verkauf durch die Distributoren und Wiederverk\u00e4ufer unserer Produkte (zusammenfassend \"Wiederverk\u00e4ufer\" genannt) verschaffen und unseren Produkten einen erfolgreicheren Wettbewerb erm\u00f6glichen.<\/p>\n<p>BrightSign hat diese Richtlinie einseitig angenommen, und BrightSign wird diese Richtlinie einseitig durchsetzen.<\/p>\n<p><strong>Erfassungsbereich<\/strong><\/p>\n<p>Diese Richtlinie gilt f\u00fcr alle Parteien, die Produkte der Marke BrightSign im Internet weiterverkaufen, einschlie\u00dflich \u00fcber Websites, Bannerwerbung, Broadcast-E-Mails, Zielseiten, Websites von Drittanbietern, gesponserte Werbung, Webshop-Angebote, Auktionsseiten und Marktplatzseiten-Suchen\/Feeds (zusammenfassend \"Wiederverk\u00e4ufer\").  Dar\u00fcber hinaus sind alle BrightSign-Wiederverk\u00e4ufer, die BrightSign-Produkte an einen dritten Internet-Verk\u00e4ufer weiterverkaufen, verpflichtet, den dritten Internet-Verk\u00e4ufer \u00fcber die Richtlinie zu informieren und BrightSign den Namen und die Kontaktinformationen des dritten Internet-Wiederverk\u00e4ufers mitzuteilen.  Diese Richtlinie gilt auch f\u00fcr gedruckte Massenmedien (einschlie\u00dflich Fachzeitschriften, Magazine und Zeitungen), gedruckte Kataloge und Direktwerbung.<\/p>\n<p><strong>MAP-Politik<\/strong><\/p>\n<p>Der MAP-Preis, zu dem alle BrightSign-Produkte beworben werden d\u00fcrfen, darf nicht weniger als 100% der Listenpreise f\u00fcr diese Produkte betragen, wie sie in den zu diesem Zeitpunkt aktuellen Listen im Webshop des Unternehmens BrightSign angegeben sind.<\/p>\n<p>Jeder Distributor oder Wiederverk\u00e4ufer kann den Preis, zu dem er BrightSign-Produkte zum Wiederverkauf anbietet, selbst bestimmen.  Ebenso kann BrightSign frei entscheiden, mit welchen Unternehmen es Gesch\u00e4fte machen will und mit welchen nicht.  Die einseitige Politik von BrightSign besteht darin, seine Produkte weder direkt noch indirekt an einen Wiederverk\u00e4ufer zu verkaufen, wenn dieser Wiederverk\u00e4ufer eines der Produkte von BrightSign in einem der oben aufgef\u00fchrten Medien zu einem Preis bewirbt, der unter dem in dieser MAP-Politik festgelegten Mindestwerbepreis liegt.<\/p>\n<p>Die den Kunden in Rechnung gestellten Preise k\u00f6nnen telefonisch, per E-Mail, durch Aush\u00e4nge in den Gesch\u00e4ften, auf Webseiten oder in Mitteilungen zur Best\u00e4tigung des Kaufs von Produkten sowie durch Preisnachl\u00e4sse, die ein Wiederverk\u00e4ufer in den Online-Einkaufswagen eines K\u00e4ufers legen m\u00f6chte, mitgeteilt werden.  Aussagen wie \"Rufen Sie uns an, um den Preis zu erfahren\" und \"Wir werden jeden Preis angleichen\" sind zul\u00e4ssig.<\/p>\n<p>Diese MAP-Politik gilt nur f\u00fcr beworbene Preise und nicht f\u00fcr die tats\u00e4chlichen Wiederverkaufspreise.  Wiederverk\u00e4ufern von BrightSign-Produkten steht es frei, diese Produkte zu jedem Preis ihrer Wahl zu verkaufen.<\/p>\n<p><strong>Durchsetzung der Politik<\/strong><\/p>\n<p>1. Verst\u00f6\u00dft ein Wiederverk\u00e4ufer in einer Filiale oder auf einer zugeh\u00f6rigen Website gegen diese Richtlinie, so betrachtet BrightSign dies als einen Versto\u00df des Wiederverk\u00e4ufers.<\/p>\n<p>2. BrightSign beh\u00e4lt sich das Recht vor, ausstehende Bestellungen zu stornieren, zuk\u00fcnftige Bestellungen einzuschr\u00e4nken oder das Konto eines Wiederverk\u00e4ufers zu sperren, wenn BrightSign Grund zu der Annahme hat, dass:<\/p>\n<p>i. ein Wiederverk\u00e4ufer gegen die Bestimmungen dieser Richtlinie versto\u00dfen hat; oder<\/p>\n<p>ii. ein Wiederverk\u00e4ufer beabsichtigt, diese Richtlinie zu verletzen.<\/p>\n<p>BrightSign oder sein Richtlinienadministrator ist allein verantwortlich f\u00fcr die Feststellung, ob ein Versto\u00df gegen die Richtlinie vorliegt.  BrightSign kann die beworbenen Preise von Produkten, die unter diese Richtlinie fallen, entweder direkt oder \u00fcber Dritte \u00fcberwachen.  Von BrightSign beauftragte Dritte k\u00f6nnen sich an der \u00dcberwachung der Website-Werbung beteiligen, einschlie\u00dflich, aber nicht beschr\u00e4nkt auf die \u00dcberpr\u00fcfung der beworbenen Preise.<\/p>\n<p>BrightSign verlangt von einem Wiederverk\u00e4ufer keine Zusicherung der Einhaltung oder Zustimmung zu dieser Richtlinie und wird diese auch nicht akzeptieren.  BrightSign wird keine Annahmebedingungen im Zusammenhang mit dieser Richtlinie er\u00f6rtern.  BrightSign-Vertriebsmitarbeiter sind nicht berechtigt, diese Richtlinie mit Wiederverk\u00e4ufern zu besprechen oder zu beeinflussen, und BrightSign-Vertriebsmitarbeiter sind nicht befugt, auf diese Richtlinie zu verzichten.  Kein Vertreter von BrightSign ist befugt, eine Vereinbarung oder Zusicherung der Einhaltung dieser Richtlinie anzufordern oder zu akzeptieren.<\/p>\n<p>Diese Richtlinie kann von BrightSign jederzeit nach eigenem Ermessen ge\u00e4ndert oder aufgehoben werden.<\/p>\n<p>Alle Fragen zur Politik sollten an folgende Adresse gerichtet werden\u00a0<a class=\"not-cta\" href=\"mailto:legal@brightsign.biz\" target=\"_blank\" rel=\"noopener\">legal@brightsign.biz<\/a>.<\/p>\n\n        \n        <\/div><!-- block-inner -->  \n\n        \n    <\/section><!-- full-width-text -->  \n\n\n\n\n\n<section id=\"ticker-block_18d0611a2b861f4931d628a3b003007c\" class=\"ticker custom-block white-bg\">\n\n    \n    <div class=\"block-inner\">\n        <div class=\"swiper ticker-swiper\">\n            <div class=\"swiper-wrapper\">\n\n                \n            <\/div><!-- swiper-wrapper -->\n        <\/div><!-- swiper -->\n    <\/div><!-- block-inner -->\n<\/section><!-- ticker -->","protected":false},"excerpt":{"rendered":"","protected":false},"author":2,"featured_media":0,"parent":846,"menu_order":80,"comment_status":"closed","ping_status":"closed","template":"","meta":{"_acf_changed":true,"_searchwp_excluded":"","footnotes":""},"class_list":["post-3296","page","type-page","status-publish","hentry"],"acf":[],"_links":{"self":[{"href":"https:\/\/www.brightsign.biz\/de\/wp-json\/wp\/v2\/pages\/3296","targetHints":{"allow":["GET"]}}],"collection":[{"href":"https:\/\/www.brightsign.biz\/de\/wp-json\/wp\/v2\/pages"}],"about":[{"href":"https:\/\/www.brightsign.biz\/de\/wp-json\/wp\/v2\/types\/page"}],"author":[{"embeddable":true,"href":"https:\/\/www.brightsign.biz\/de\/wp-json\/wp\/v2\/users\/2"}],"replies":[{"embeddable":true,"href":"https:\/\/www.brightsign.biz\/de\/wp-json\/wp\/v2\/comments?post=3296"}],"version-history":[{"count":0,"href":"https:\/\/www.brightsign.biz\/de\/wp-json\/wp\/v2\/pages\/3296\/revisions"}],"up":[{"embeddable":true,"href":"https:\/\/www.brightsign.biz\/de\/wp-json\/wp\/v2\/pages\/846"}],"wp:attachment":[{"href":"https:\/\/www.brightsign.biz\/de\/wp-json\/wp\/v2\/media?parent=3296"}],"curies":[{"name":"wp","href":"https:\/\/api.w.org\/{rel}","templated":true}]}}