{"id":3689,"date":"2025-04-09T12:05:19","date_gmt":"2025-04-09T16:05:19","guid":{"rendered":"https:\/\/brightsign2425.wpenginepowered.com\/?page_id=3689"},"modified":"2025-05-29T13:08:23","modified_gmt":"2025-05-29T17:08:23","slug":"handlerressourcen","status":"publish","type":"page","link":"https:\/\/www.brightsign.biz\/de\/resources\/dealer-resources\/","title":{"rendered":"H\u00e4ndler-Ressourcen"},"content":{"rendered":"<section\n  id=\"hero-block_95327b53f7255f1c0dbb30ba39ddc4e5\"\n  class=\"hero custom-block\"\n  data-form-url=\"\"\n>\n  <!-- Backgrounds: cover full section, center position (extended via SCSS) -->\n        <div id=\"hero-desktop-background\" style=\"background-image: url('https:\/\/www.brightsign.biz\/wp-content\/uploads\/2023\/04\/Knowledge_Resource_Hero-1920x900.jpg'); background-size: cover; background-position: center center; background-repeat: no-repeat;\"><\/div>\n        <div id=\"hero-mobile-background\" style=\"background-image: url('https:\/\/www.brightsign.biz\/wp-content\/uploads\/2023\/04\/Knowledge_Resource_Hero-1920x900.jpg'); background-size: cover; background-position: center center; background-repeat: no-repeat;\"><\/div>\n  \n  <div class=\"hero-gradient\" aria-hidden=\"true\"><\/div>\n  <div class=\"block-inner medium\">\n    <div class=\"block-inner-content grid-x grid-margin-y\">\n\n      <!-- MOBILE-only layout -->\n      <div class=\"cell small-12 show-for-small-only\">\n        \n        \n        \n        \n        <ul class=\"custom-breadcrumb\"><li>Support-Center<\/li><\/ul><div class=\"mobile-content form-content\"><h1>H\u00e4ndler <strong>Ressourcen<\/strong><\/h1>\n<p>Ressourcen, die Ihnen den Einstieg in die Arbeit mit BrightSign erleichtern.<\/p>\n<\/div>      <\/div>\n      <!-- end MOBILE-only -->\n\n      <!-- DESKTOP text cell -->\n      <div class=\"cell small-12 medium-12 large-6 hide-for-small-only\">\n        \n        <ul class=\"custom-breadcrumb\"><li>Support-Center<\/li><\/ul><h1>H\u00e4ndler <strong>Ressourcen<\/strong><\/h1>\n<p>Ressourcen, die Ihnen den Einstieg in die Arbeit mit BrightSign erleichtern.<\/p>\n      <\/div>\n      <!-- end DESKTOP text cell -->\n\n      <!-- DESKTOP form\/video cell -->\n      <div class=\"cell small-12 medium-12 large-6 center-play hide-for-small-only\">\n        \n              <\/div>\n      <!-- end DESKTOP form\/video cell -->\n\n    <\/div><!-- .block-inner-content -->\n  <\/div><!-- .block-inner -->\n<\/section><!-- hero -->\n\n\n\n    <section id=\"full-width-text-block_7ff844966d290f9fa3f2a7dac22fcfb4\" class=\"full-width-text custom-block dark small-top small-bottom brand-htags default-lists\">\n\n        <div class=\"block-inner medium\">\n\n        <h2 style=\"text-align: center\">H\u00e4ndler-Ressourcen<\/h2>\n<p style=\"text-align: center\">BrightSign arbeitet eng mit unseren Partnern zusammen, um sie beim Verkauf von BrightSign-Produkten zu unterst\u00fctzen und die Verkaufszyklen zu verk\u00fcrzen,<br \/>\nin Marktsegmenten zu expandieren und neue Gesch\u00e4ftsm\u00f6glichkeiten zu erschlie\u00dfen. Hier erfahren Sie, wie Sie mit BrightSign loslegen k\u00f6nnen.<\/p>\n\n        \n        <\/div><!-- block-inner -->  \n\n        \n    <\/section><!-- full-width-text -->  \n\n\n\n\n\n<section id=\"media-text-block_e972f8b4379c613f6b2a6da98e671de6\" class=\"media-text custom-block dark small-top small-bottom\" >\n    <div class=\"dot-in\"><\/div><!-- dot-in -->\n    <div class=\"block-inner medium grid-x right\">\n    \n        <div class=\"cell small-12 medium-12 large-6 mediatext-content default-checks\">\n            <div aria-hidden=\"true\" class=\"blue-dot\"><\/div>\n                            <h4>Die Grundlagen<\/h4>\n                                                    <p>Beginnen Sie mit diesen Dokumenten und Videos, um einen detaillierten \u00dcberblick \u00fcber die L\u00f6sung von BrightSign zu erhalten.<\/p>\n<ul>\n<li>Beobachten Sie die\u00a0<a href=\"https:\/\/www.youtube.com\/watch?v=zQgxV2QrIOI\" target=\"_blank\" rel=\"noopener\">Serie 5 \u00dcbersichtsvideo<\/a> um mehr \u00fcber die Vorteile der Verwendung von BrightSign f\u00fcr verschiedene Anwendungen zu erfahren.<\/li>\n<li>Informieren Sie sich \u00fcber unser umfangreiches Angebot an hochentwickelten Funktionen und Spezifikationen f\u00fcr\u00a0<a href=\"https:\/\/www.brightsign.biz\/de\/lichtzeichengeber\/serie-5\/\">unsere Player der Serie 5<\/a>.<\/li>\n<li>Erkunden Sie unser <a href=\"https:\/\/www.brightsign.biz\/de\/lichtzeichengeber\/software\/\">Softwarel\u00f6sungen<\/a> einschlie\u00dflich Signage Authoring und unserer Cloud-Netzwerkl\u00f6sung.<\/li>\n<\/ul>\n                        \n                        \n                    <\/div><!-- mediatext-content -->\n        \n        <div class=\"cell small-12 medium-12 large-6 form-wrapper\">\n                            <!-- Normal form on all devices -->\n                                                    <div class=\"mediatext-image default-bg\">\n                        <img decoding=\"async\" src=\"https:\/\/www.brightsign.biz\/wp-content\/uploads\/2023\/05\/Training2.jpg\" alt=\"\" \/>\n                                            <\/div><!-- mediatext-image -->\n                                                            \n                    <\/div><!-- form-wrapper -->\n        \n    <\/div><!-- block-inner -->\n<\/section><!-- media-text -->\n\n\n\n\n\n<section id=\"media-text-block_010472e4bc79a988d8d3081de977d1d7\" class=\"media-text custom-block dark none-top none-bottom\" >\n    <div class=\"dot-in\"><\/div><!-- dot-in -->\n    <div class=\"block-inner medium grid-x left\">\n    \n        <div class=\"cell small-12 medium-12 large-6 mediatext-content default-checks\">\n            <div aria-hidden=\"true\" class=\"blue-dot\"><\/div>\n                            <h4>Wie verwendet man BrightSign<\/h4>\n                                                    <p>Hier erfahren Sie, wie Sie Ihren BrightSign-Player und die Software verwenden.<\/p>\n<ul>\n<li>Besuchen Sie die\u00a0<a class=\"not-cta\" href=\"https:\/\/docs.brightsign.biz\/quickstarts\" target=\"_blank\" rel=\"noopener\">Leitfaden f\u00fcr Schnellstarter<\/a>\u00a0um Ihr BrightSign-Ger\u00e4t einzurichten und Ihre erste Pr\u00e4sentation abzuspielen.<\/li>\n<li>Beginnen Sie mit unserem <a href=\"https:\/\/www.brightsign.biz\/de\/ressourcen\/schnellstart-anleitung\/\">Schnellstart<\/a> Reihe, um zu erfahren, wie Sie Ihre Spieler zum Laufen bringen k\u00f6nnen.<\/li>\n<li><a class=\"not-cta\" href=\"https:\/\/docs.brightsign.biz\/how-tos\/video-guides\" target=\"_blank\" rel=\"noopener\">Sehen Sie sich unsere Tutorial-Videos an<\/a>\u00a0vertieftes Wissen \u00fcber ein bestimmtes BrightSign Thema zu erlangen.<\/li>\n<\/ul>\n                        \n                        \n                    <\/div><!-- mediatext-content -->\n        \n        <div class=\"cell small-12 medium-12 large-6 form-wrapper\">\n                            <!-- Normal form on all devices -->\n                                                    <div class=\"mediatext-image default-bg\">\n                        <img decoding=\"async\" src=\"https:\/\/www.brightsign.biz\/wp-content\/uploads\/2023\/04\/Scalable-e1716320218918.jpg\" alt=\"\" \/>\n                                            <\/div><!-- mediatext-image -->\n                                                            \n                    <\/div><!-- form-wrapper -->\n        \n    <\/div><!-- block-inner -->\n<\/section><!-- media-text -->\n\n\n\n\n\n\n<div class=\"pill-pad-wrap left\">\n\n    <section id=\"pill-image-text-block_e1f089e188dde71f1420b6784030226b\" class=\"pill-image-text custom-block\">\n\n        <div class=\"dot-in\"><\/div><!-- dot-in -->\n\n        <div class=\"pill-image-layer grid-x left\">\n\n            <div class=\"cell small-12 medium-6\"><\/div>\n\n            <div class=\"cell small-12 medium-6 pill-bg\">\n\n                <div class=\"pill-bg-image\" style=\"background-image: url( https:\/\/www.brightsign.biz\/wp-content\/uploads\/2023\/05\/TechSupport.jpg );\"><\/div>\n\n            <\/div><!-- pill-bg -->\n\n        <\/div><!-- pill-image-layer -->\n\n        <div class=\"block-inner medium grid-x left\">\n\n            <div class=\"cell small-12 medium-6 pill-content image-left\">\n\n                \n                    <div class=\"pill-title\">\n                        <h3>Unterst\u00fctzung erhalten<\/h3>\n                        <div aria-hidden=\"true\" class=\"blue-dot\"><\/div>\n                    <\/div>\n\n                \n                                    <p>Informieren Sie sich \u00fcber unsere technischen Supportoptionen.<\/p>\n<ul>\n<li><a href=\"https:\/\/support.brightsign.biz\/hc\/en-us\/requests\/new\" target=\"_blank\" rel=\"noopener\">Unterst\u00fctzung Anfordern<\/a>\u00a0indem Sie ein Online-Support-Ticket einreichen.<\/li>\n<li>BrightSign aktualisiert unsere Software kontinuierlich und kostenlos mit neuen Funktionen. Besuchen Sie\u00a0<a href=\"https:\/\/www.brightsign.biz\/de\/ressourcen\/software-downloads\/\">Software-Downloads<\/a> um die neueste brightAuthor-Software und BrightSignOS\u2122-Player-Firmware zu erhalten.<\/li>\n<li><a href=\"https:\/\/www.brightsign.biz\/de\/kontaktieren-sie-uns\/\" rel=\"noopener\">Kontakt zur Vertriebsunterst\u00fctzung<\/a>\u00a0f\u00fcr Preisgestaltung und Bestellunterst\u00fctzung.<\/li>\n<li>Durchsuchen Sie unser\u00a0<a class=\"not-cta\" href=\"https:\/\/docs.brightsign.biz\/faqs\" target=\"_blank\" rel=\"noopener\">FAQs<\/a>\u00a0f\u00fcr sofortige Antworten.<\/li>\n<li>Lesen Sie das Neueste\u00a0<a href=\"https:\/\/docs.brightsign.biz\/support\/announcements\" target=\"_blank\" rel=\"noopener\">BrightSign Support-Ank\u00fcndigungen.<\/a><\/li>\n<\/ul>\n                \n                \n                <div class=\"basic-cta\">\n                <a href=\"https:\/\/support.brightsign.biz\/hc\/en-us\/requests\/new\" target=\"_blank\">Unterst\u00fctzung Anfordern<i class=\"fa-solid fa-chevron-right\"><\/i><\/a>\n                <\/div><!-- basic-cta -->\n\n                \n            <\/div><!-- pill-content -->\n\n        <\/div><!-- block-inner -->\n\n    <\/section><!-- pill-image-text -->\n\n<\/div><!--pill-pad-wrap -->\n\n\n\n\n\n<section id=\"media-text-block_873e78d6781eff0a92627f684d7839b2\" class=\"media-text custom-block dark small-top small-bottom\" >\n    <div class=\"dot-in\"><\/div><!-- dot-in -->\n    <div class=\"block-inner medium grid-x left\">\n    \n        <div class=\"cell small-12 medium-12 large-6 mediatext-content default-checks\">\n            <div aria-hidden=\"true\" class=\"blue-dot\"><\/div>\n                            <h4>Hilfreiche Ressourcen<\/h4>\n                                                    <p>Entdecken Sie weitere Ressourcen, die Ihnen helfen, mit BrightSign erfolgreich zu sein.<\/p>\n<ul>\n<li>Durchsuchen Sie unsere Bibliothek mit\u00a0<a href=\"https:\/\/www.brightsign.biz\/de\/ressourcen\/literatur\/\">Literatur und Videos<\/a>.<\/li>\n<li>BrightSign's lesen\u00a0<a href=\"https:\/\/www.brightsign.biz\/de\/legal\/kartenpolitik\/\">MAP-Politik<\/a>\u00a0f\u00fcr unsere Verkaufsrichtlinien f\u00fcr BrightSign.<\/li>\n<li>BrightSign's anzeigen <a href=\"https:\/\/www.brightsign.biz\/de\/legal\/gdpr-erklarung-3\/\">U.S.-Zuschl\u00e4ge<\/a>.<\/li>\n<\/ul>\n                        \n                        \n                    <\/div><!-- mediatext-content -->\n        \n        <div class=\"cell small-12 medium-12 large-6 form-wrapper\">\n                            <!-- Normal form on all devices -->\n                                                    <div class=\"mediatext-image default-bg\">\n                        <img decoding=\"async\" src=\"https:\/\/www.brightsign.biz\/wp-content\/uploads\/2023\/05\/GettingStarted.jpg\" alt=\"\" \/>\n                                            <\/div><!-- mediatext-image -->\n                                                            \n                    <\/div><!-- form-wrapper -->\n        \n    <\/div><!-- block-inner -->\n<\/section><!-- media-text -->\n\n\n\n\n\n<section id=\"ticker-block_083114ab0f448088f2880b3044c9f3b5\" class=\"ticker custom-block white-bg\">\n\n            <h4>Vertrauen bei Branchenf\u00fchrern<\/h4>\n    \n    <div class=\"block-inner\">\n        <div class=\"swiper ticker-swiper\">\n            <div class=\"swiper-wrapper\">\n\n                                    \n                        <div class=\"swiper-slide\">\n                                                            <img decoding=\"async\" src=\"https:\/\/www.brightsign.biz\/wp-content\/uploads\/2024\/05\/PlugPowerGrayscale.svg\" alt=\"\" \/>\n                                                                                <\/div>\n\n                    \n                        <div class=\"swiper-slide\">\n                                                            <img decoding=\"async\" src=\"https:\/\/www.brightsign.biz\/wp-content\/uploads\/2024\/05\/GoPro_logo_light.svg\" alt=\"\" \/>\n                                                                                <\/div>\n\n                    \n                        <div class=\"swiper-slide\">\n                                                            <img decoding=\"async\" src=\"https:\/\/www.brightsign.biz\/wp-content\/uploads\/2024\/05\/lg.svg\" alt=\"\" \/>\n                                                                                <\/div>\n\n                    \n                        <div class=\"swiper-slide\">\n                                                            <img decoding=\"async\" src=\"https:\/\/www.brightsign.biz\/wp-content\/uploads\/2024\/05\/bestbuy.svg\" alt=\"\" \/>\n                                                                                <\/div>\n\n                    \n                        <div class=\"swiper-slide\">\n                                                            <img decoding=\"async\" src=\"https:\/\/www.brightsign.biz\/wp-content\/uploads\/2024\/05\/bose.svg\" alt=\"\" \/>\n                                                                                <\/div>\n\n                    \n                        <div class=\"swiper-slide\">\n                                                            <img decoding=\"async\" src=\"https:\/\/www.brightsign.biz\/wp-content\/uploads\/2024\/05\/PlugPowerGrayscale.svg\" alt=\"\" \/>\n                                                                                <\/div>\n\n                    \n                        <div class=\"swiper-slide\">\n                                                            <img decoding=\"async\" src=\"https:\/\/www.brightsign.biz\/wp-content\/uploads\/2024\/05\/GoPro_logo_light.svg\" alt=\"\" \/>\n                                                                                <\/div>\n\n                    \n                        <div class=\"swiper-slide\">\n                                                            <img decoding=\"async\" src=\"https:\/\/www.brightsign.biz\/wp-content\/uploads\/2024\/05\/lg.svg\" alt=\"\" \/>\n                                                                                <\/div>\n\n                    \n                        <div class=\"swiper-slide\">\n                                                            <img decoding=\"async\" src=\"https:\/\/www.brightsign.biz\/wp-content\/uploads\/2024\/05\/bestbuy.svg\" alt=\"\" \/>\n                                                                                <\/div>\n\n                    \n                        <div class=\"swiper-slide\">\n                                                            <img decoding=\"async\" src=\"https:\/\/www.brightsign.biz\/wp-content\/uploads\/2024\/05\/bose.svg\" alt=\"\" \/>\n                                                                                <\/div>\n\n                                    \n            <\/div><!-- swiper-wrapper -->\n        <\/div><!-- swiper -->\n    <\/div><!-- block-inner -->\n<\/section><!-- ticker -->","protected":false},"excerpt":{"rendered":"","protected":false},"author":2,"featured_media":0,"parent":556,"menu_order":10,"comment_status":"closed","ping_status":"closed","template":"","meta":{"_acf_changed":true,"_searchwp_excluded":"","footnotes":""},"class_list":["post-3689","page","type-page","status-publish","hentry"],"acf":[],"_links":{"self":[{"href":"https:\/\/www.brightsign.biz\/de\/wp-json\/wp\/v2\/pages\/3689","targetHints":{"allow":["GET"]}}],"collection":[{"href":"https:\/\/www.brightsign.biz\/de\/wp-json\/wp\/v2\/pages"}],"about":[{"href":"https:\/\/www.brightsign.biz\/de\/wp-json\/wp\/v2\/types\/page"}],"author":[{"embeddable":true,"href":"https:\/\/www.brightsign.biz\/de\/wp-json\/wp\/v2\/users\/2"}],"replies":[{"embeddable":true,"href":"https:\/\/www.brightsign.biz\/de\/wp-json\/wp\/v2\/comments?post=3689"}],"version-history":[{"count":0,"href":"https:\/\/www.brightsign.biz\/de\/wp-json\/wp\/v2\/pages\/3689\/revisions"}],"up":[{"embeddable":true,"href":"https:\/\/www.brightsign.biz\/de\/wp-json\/wp\/v2\/pages\/556"}],"wp:attachment":[{"href":"https:\/\/www.brightsign.biz\/de\/wp-json\/wp\/v2\/media?parent=3689"}],"curies":[{"name":"wp","href":"https:\/\/api.w.org\/{rel}","templated":true}]}}