{"id":5853,"date":"2023-05-09T07:14:42","date_gmt":"2023-05-09T11:14:42","guid":{"rendered":"https:\/\/brightsign2425.wpenginepowered.com\/?page_id=5853"},"modified":"2025-06-05T06:07:50","modified_gmt":"2025-06-05T10:07:50","slug":"brightsign-eingebaut","status":"publish","type":"page","link":"https:\/\/www.brightsign.biz\/de\/brightsign-players\/brightsign-built-in\/","title":{"rendered":"BrightSign Built-In"},"content":{"rendered":"<section\n  id=\"hero-block_9a118ab6937102975343ea528ef15a66\"\n  class=\"hero custom-block\"\n  data-form-url=\"\"\n>\n  <!-- Backgrounds: cover full section, center position (extended via SCSS) -->\n        <div id=\"hero-desktop-background\" style=\"background-image: url('https:\/\/www.brightsign.biz\/wp-content\/uploads\/2024\/06\/hero-BSBI-v6.png'); background-size: cover; background-position: center center; background-repeat: no-repeat;\"><\/div>\n        <div id=\"hero-mobile-background\" style=\"background-image: url('https:\/\/www.brightsign.biz\/wp-content\/uploads\/2024\/06\/hero-BSBI-v6.png'); background-size: cover; background-position: center center; background-repeat: no-repeat;\"><\/div>\n  \n  <div class=\"hero-gradient\" aria-hidden=\"true\"><\/div>\n  <div class=\"block-inner medium\">\n    <div class=\"block-inner-content grid-x grid-margin-y\">\n\n      <!-- MOBILE-only layout -->\n      <div class=\"cell small-12 show-for-small-only\">\n        \n        \n        \n        \n        <ul class=\"custom-breadcrumb\"><li>Produkte und Software<\/li><\/ul><div class=\"mobile-content form-content\"><h1 class=\"\"><strong>Bright<\/strong>Sign<br \/>\nBuilt-in<\/h1>\n<p><span class=\"sub-heading\">BrightSign's System-on-a-Chip (SoC) L\u00f6sung.<\/span><\/p>\n<\/div>      <\/div>\n      <!-- end MOBILE-only -->\n\n      <!-- DESKTOP text cell -->\n      <div class=\"cell small-12 medium-12 large-6 hide-for-small-only\">\n        \n        <ul class=\"custom-breadcrumb\"><li>Produkte und Software<\/li><\/ul><h1 class=\"\"><strong>Bright<\/strong>Sign<br \/>\nBuilt-in<\/h1>\n<p><span class=\"sub-heading\">BrightSign's System-on-a-Chip (SoC) L\u00f6sung.<\/span><\/p>\n      <\/div>\n      <!-- end DESKTOP text cell -->\n\n      <!-- DESKTOP form\/video cell -->\n      <div class=\"cell small-12 medium-12 large-6 center-play hide-for-small-only\">\n        \n              <\/div>\n      <!-- end DESKTOP form\/video cell -->\n\n    <\/div><!-- .block-inner-content -->\n  <\/div><!-- .block-inner -->\n<\/section><!-- hero -->\n\n\n\n    <section id=\"full-width-text-block_8605dc4fcb18315f0e27821021130370\" class=\"full-width-text custom-block dark small-top none-bottom brand-htags default-lists\">\n\n        <div class=\"block-inner medium\">\n\n        <h2 style=\"text-align: center\">System-on-a-Chip<\/h2>\n<p style=\"text-align: center\">BrightSign Built-In kombiniert nahtlos hochwertige kommerzielle Displays mit der Leistung der SoC-L\u00f6sung von BrightSign. Unsere qualifizierten Bildschirmhersteller bieten diese All-in-One-Display-L\u00f6sungen in einer breiten Palette von Gr\u00f6\u00dfen mit Touchscreen- und Konnektivit\u00e4tsoptionen an. Vielseitige Montageoptionen und einzigartige Formen sind ebenfalls erh\u00e4ltlich, um das Publikum zu fesseln und die Kundenbindung zu verbessern.<\/p>\n\n        \n                        <ul class=\"small-buttons center\">\n                                    <li>\n                        <a href=\"https:\/\/www.brightsign.biz\/de\/partner\/?_partner_category=built-in\" target=\"_self\">TREFFEN SIE UNSERE PARTNER<\/a>\n                    <\/li>\n                            <\/ul>\n            \n        \n        <\/div><!-- block-inner -->  \n\n        \n    <\/section><!-- full-width-text -->  \n\n\n\n\n\n<section id=\"video\" class=\"media-text custom-block dark none-top none-bottom\" >\n    <div class=\"dot-in\"><\/div><!-- dot-in -->\n    <div class=\"block-inner medium grid-x right\">\n    \n        <div class=\"cell small-12 medium-12 large-6 mediatext-content default-checks\">\n            <div aria-hidden=\"true\" class=\"blue-dot\"><\/div>\n                                                    <h3>All-in-One Digital Signage L\u00f6sung<\/h3>\n<p>BrightSign Built-In bietet eine flexible All-in-One-Display-L\u00f6sung mit <a href=\"https:\/\/www.brightsign.biz\/de\/brightsign-vorteil\/brightsign-os\/\">BrightSignOS\u2122.<\/a> Integration, wodurch ein externer Media Player \u00fcberfl\u00fcssig wird und nur eine minimale Einrichtung erforderlich ist. In Kombination mit bsn.Control f\u00fcr kostenlose Fernverwaltung und -optimierung bietet BrightSign Built-In eine nachhaltige, zuverl\u00e4ssige und skalierbare L\u00f6sung f\u00fcr eine Vielzahl von Digital Signage-Anforderungen in unterschiedlichen Umgebungen.<\/p>\n<p>Vom Kiosk bis zur Wegweisung, vom Regaldisplay bis zur gro\u00dfformatigen Beschilderung - f\u00fcr jede Anwendung gibt es ein BrightSign Built-In-Display. Mit f\u00fcnf Jahren Software-Updates, \u00fcberragender Sicherheit und nahtloser Kompatibilit\u00e4t mit zahlreichen CMS-L\u00f6sungen ist es eine kosteneffiziente, leistungsstarke Wahl.<\/p>\n                        \n                        \n                    <\/div><!-- mediatext-content -->\n        \n        <div class=\"cell small-12 medium-12 large-6 form-wrapper center-play\">\n                            <!-- Normal form on all devices -->\n                                                    <div class=\"mediatext-image default-bg\">\n                        <img decoding=\"async\" src=\"https:\/\/www.brightsign.biz\/wp-content\/uploads\/2025\/03\/bsbi-thumbnail-20250311-750x440.jpg\" alt=\"BrightSign Built-In All-in-One Digital Signage L\u00f6sung\" \/>\n                                            <\/div><!-- mediatext-image -->\n                                                            \n                                <!-- Video Modal Markup using hero.php classes -->\n                    <div class=\"mediagrid-modal reveal full\" id=\"video-1064697289\" data-reveal data-close-on-click=\"true\">\n                        <div class=\"mediagrid-modal-inner\">\n                            <iframe src=\"\" data-src=\"https:\/\/player.vimeo.com\/video\/1064697289?autoplay=1\" frameborder=\"0\" allowfullscreen allowtransparency allow=\"autoplay\"><\/iframe>\n                            <button class=\"close-button\" data-close aria-label=\"Modal schlie\u00dfen\" type=\"button\">\n                                <i class=\"fa-sharp fa-regular fa-xmark\"><\/i>\n                            <\/button>\n                        <\/div>\n                    <\/div>\n                    <button class=\"play-modal\" data-open=\"video-1064697289\" aria-controls=\"video-1064697289\" aria-haspopup=\"dialog\" tabindex=\"0\"><\/button>\n                    <\/div><!-- form-wrapper -->\n        \n    <\/div><!-- block-inner -->\n<\/section><!-- media-text -->\n\n\n\n\n\n\n\n<section id=\"media-grid-block_6b39117e374d5d4a3473931ec0bc50ef\" class=\"media-grid custom-block dark none-top none-bottom\">\n\n<div class=\"block-inner medium\">\n\n<div class=\"full-width-text brand-htags\">\n\n\n<\/div>\n\n\n<div class=\"grid-x\">\n\n\n<div class=\"mg-cell cell small-12 medium-4\">\n\n    <div class=\"mg-cell-inner item-parent\">\n\n    <div class=\"mg-item-content remove-overlay brand-htags default-lists\">\n\n        \n            <div class=\"mg-item-image\">\n\n                <img decoding=\"async\" src=\"https:\/\/www.brightsign.biz\/wp-content\/uploads\/2024\/06\/Moka-retail-e1715265262906-900x495.jpg\" alt=\"\" \/>\n           \n\n                            <\/div>\n        \n        \n\n            <div class=\"mg-content-top\">\n\n                <h5>Klein- und Gro\u00dfformat<\/h5>\n                                    <p>BrightSign Built-In bietet hervorragende Videoqualit\u00e4t und Signage-Leistung f\u00fcr eine Vielzahl von All-in-One-Displays von kleinen bis gro\u00dfen Formaten mit Touchscreen-Optionen, die sofort einsatzbereit sind.<\/p>\n                                \n\n            <\/div><!-- mg-content-top -->\n\n            <\/div><!-- mg-item-content -->\n\n            <ul class=\"mg-cta-list small-buttons\">\n\n                                \n                \n            <\/ul>\n\n    \n    <\/div><!-- mg-cell-inner -->\n\n<\/div><!-- mg-cell -->\n\n\n<div class=\"mg-cell cell small-12 medium-4\">\n\n    <div class=\"mg-cell-inner item-parent\">\n\n    <div class=\"mg-item-content remove-overlay brand-htags default-lists\">\n\n        \n            <div class=\"mg-item-image\">\n\n                <img decoding=\"async\" src=\"https:\/\/www.brightsign.biz\/wp-content\/uploads\/2024\/06\/CRI-shoes-e1704309438347-900x495.webp\" alt=\"\" \/>\n           \n\n                            <\/div>\n        \n        \n\n            <div class=\"mg-content-top\">\n\n                <h5>Kioske und freistehende Displays<\/h5>\n                                    <p>Freistehende BrightSign Built-In-Displays sind eine bequeme und einfache M\u00f6glichkeit, BrightSign-gesteuerte Beschilderung in jede Umgebung einzubauen, von kleinen Thekenkiosken bis hin zu gro\u00dfformatigen doppelseitigen Displays.<\/p>\n                                \n\n            <\/div><!-- mg-content-top -->\n\n            <\/div><!-- mg-item-content -->\n\n            <ul class=\"mg-cta-list small-buttons\">\n\n                                \n                \n            <\/ul>\n\n    \n    <\/div><!-- mg-cell-inner -->\n\n<\/div><!-- mg-cell -->\n\n\n<div class=\"mg-cell cell small-12 medium-4\">\n\n    <div class=\"mg-cell-inner item-parent\">\n\n    <div class=\"mg-item-content remove-overlay brand-htags default-lists\">\n\n        \n            <div class=\"mg-item-image\">\n\n                <img decoding=\"async\" src=\"https:\/\/www.brightsign.biz\/wp-content\/uploads\/2024\/06\/Expo-screen-HS5-web-900x495.png\" alt=\"Interaktive digitale Beschilderung f\u00fcr den Einzelhandel, Produktdemo-Videow\u00e4nde mit System-on-a-Chip (SoC)-L\u00f6sung von BrightSign Built-In, BrightSign.\" \/>\n           \n\n                            <\/div>\n        \n        \n\n            <div class=\"mg-content-top\">\n\n                <h5>Auff\u00e4llige Formfaktoren<\/h5>\n                                    <p>BrightSign Built-In-Displays f\u00fcgen sich in unkonventionelle R\u00e4ume ein und bieten eine gro\u00dfe Auswahl an unterschiedlichen Formfaktoren und Montagel\u00f6sungen, die den Betrachter mit einem immersiven Erlebnis fesseln.<\/p>\n                                \n\n            <\/div><!-- mg-content-top -->\n\n            <\/div><!-- mg-item-content -->\n\n            <ul class=\"mg-cta-list small-buttons\">\n\n                                \n                \n            <\/ul>\n\n    \n    <\/div><!-- mg-cell-inner -->\n\n<\/div><!-- mg-cell -->\n\n\n<\/div><!-- grid-x -->\n\n\n<\/div><!-- block-inner -->  \n\n<\/section><!-- ### -->\n\n\n\n\n\n<section id=\"xs6\" class=\"media-text custom-block dark small-top none-bottom\" >\n    <div class=\"dot-in\"><\/div><!-- dot-in -->\n    <div class=\"block-inner medium grid-x left\">\n    \n        <div class=\"cell small-12 medium-12 large-6 mediatext-content small-checks\">\n            <div aria-hidden=\"true\" class=\"blue-dot\"><\/div>\n                                                    <h3>BrightSign XS6<\/h3>\n<p><strong>BrightSign ist das leistungsst\u00e4rkste System-on-a-Chip.<\/strong><\/p>\n<ul>\n<li>Erm\u00f6glicht qualifizierten Bildschirmherstellern, vertrauensw\u00fcrdige BrightSign-basierte SoC-Displays in Full HD- oder 4K 60Hz-Optionen anzubieten<\/li>\n<li>Rationalisierung von Installationen mit einer All-in-One-L\u00f6sung, die die Verkabelung, die Einrichtungszeit und die Gesamtbetriebskosten minimiert<\/li>\n<li>Bieten Sie \u00fcberzeugende Beschilderungsfunktionen und f\u00fchren Sie hochwertige, eindrucksvolle 4K-Grafiken aus.<\/li>\n<li>Kompatibel mit allen BrightSign-Software-, Service- und integrierten Partner-CMS-L\u00f6sungen<\/li>\n<\/ul>\n                        \n                        \n                            <ul class=\"small-buttons\">\n                                        <li class=\"basic-cta\">\n                        <a href=\"https:\/\/www.brightsign.biz\/de\/kontaktieren-sie-uns\/\" target=\"_self\">\n                            <span class=\"\">\n                                MIT DEM VERKAUF SPRECHEN                            <\/span>\n                            <i class=\"fa-solid fa-chevron-right\"><\/i>\n                        <\/a>\n                    <\/li>\n                                        <li class=\"basic-cta\">\n                        <a href=\"https:\/\/www.brightsign.biz\/de\/partner\/?_partner_category=built-in\" target=\"_self\">\n                            <span class=\"\">\n                                TREFFEN SIE UNSERE PARTNER                            <\/span>\n                            <i class=\"fa-solid fa-chevron-right\"><\/i>\n                        <\/a>\n                    <\/li>\n                                        <li class=\"basic-cta\">\n                        <a href=\"\/wp-content\/uploads\/2025\/06\/XS6-datasheet-20250604.pdf\" target=\"_blank\">\n                            <span class=\"\">\n                                XS6 DATENBLATT                            <\/span>\n                            <i class=\"fa-solid fa-chevron-right\"><\/i>\n                        <\/a>\n                    <\/li>\n                                    <\/ul>\n                    <\/div><!-- mediatext-content -->\n        \n        <div class=\"cell small-12 medium-12 large-6 form-wrapper\">\n                            <!-- Normal form on all devices -->\n                                                    <div class=\"mediatext-image no-blue\">\n                        <img decoding=\"async\" src=\"https:\/\/www.brightsign.biz\/wp-content\/uploads\/2025\/06\/firebird-2-min-2-750x563.png\" alt=\"BrightSign Built-In XS6 System-on-a-Chip\" \/>\n                                            <\/div><!-- mediatext-image -->\n                                                            \n                    <\/div><!-- form-wrapper -->\n        \n    <\/div><!-- block-inner -->\n<\/section><!-- media-text -->\n\n\n\n\n\n<section id=\"hs5\" class=\"media-text custom-block dark none-top none-bottom\" >\n    <div class=\"dot-in\"><\/div><!-- dot-in -->\n    <div class=\"block-inner medium grid-x right\">\n    \n        <div class=\"cell small-12 medium-12 large-6 mediatext-content small-checks\">\n            <div aria-hidden=\"true\" class=\"blue-dot\"><\/div>\n                                                    <h3 class=\"column-title\">BrightSign HS5<\/h3>\n<p><strong>SoC-Integrationsl\u00f6sung auf Basis von BrightSignOS.<\/strong><\/p>\n<ul>\n<li>Erm\u00f6glicht es qualifizierten Bildschirmherstellern, zuverl\u00e4ssige BrightSign-basierte SoC-Displays mit \u00fcberlegenen Funktionen und wichtigen Grafikanimationen anzubieten<\/li>\n<li>Vereinfacht die Installation mit einer All-in-One-L\u00f6sung, die den Verkabelungs- und Einrichtungsaufwand minimiert und embeds nahtlos in kleine und gro\u00dfformatige Displays mit Full HD- oder 4K-Optionen integriert<\/li>\n<li>Arbeitet mit unvergleichlicher Zuverl\u00e4ssigkeit, Sicherheit und Nachhaltigkeit auf BrightSignOS\u2122<\/li>\n<li>Reduziert die Gesamtbetriebskosten mit kostenloser Fernverwaltung und -steuerung der Player<\/li>\n<li>Kompatibel mit der gesamten BrightSign-Software, den Dienstleistungen und einem globalen Netzwerk von Partner-CMS-L\u00f6sungen und -Integrationen<\/li>\n<\/ul>\n                        \n                        \n                            <ul class=\"small-buttons\">\n                                        <li class=\"basic-cta\">\n                        <a href=\"https:\/\/www.brightsign.biz\/de\/kontaktieren-sie-uns\/\" target=\"_self\">\n                            <span class=\"\">\n                                MIT DEM VERKAUF SPRECHEN                            <\/span>\n                            <i class=\"fa-solid fa-chevron-right\"><\/i>\n                        <\/a>\n                    <\/li>\n                                        <li class=\"basic-cta\">\n                        <a href=\"https:\/\/www.brightsign.biz\/de\/partner\/?_partner_category=built-in\" target=\"_self\">\n                            <span class=\"\">\n                                TREFFEN SIE UNSERE PARTNER                            <\/span>\n                            <i class=\"fa-solid fa-chevron-right\"><\/i>\n                        <\/a>\n                    <\/li>\n                                        <li class=\"basic-cta\">\n                        <a href=\"\/wp-content\/uploads\/2023\/12\/HS5-datasheet-2023-v2.pdf\" target=\"_blank\">\n                            <span class=\"\">\n                                HS5 DATENBLATT                            <\/span>\n                            <i class=\"fa-solid fa-chevron-right\"><\/i>\n                        <\/a>\n                    <\/li>\n                                    <\/ul>\n                    <\/div><!-- mediatext-content -->\n        \n        <div class=\"cell small-12 medium-12 large-6 form-wrapper\">\n                            <!-- Normal form on all devices -->\n                                                    <div class=\"mediatext-image no-blue\">\n                        <img decoding=\"async\" src=\"https:\/\/www.brightsign.biz\/wp-content\/uploads\/2024\/06\/HS-Content-Large-750x533.png\" alt=\"\" \/>\n                                            <\/div><!-- mediatext-image -->\n                                                            \n                    <\/div><!-- form-wrapper -->\n        \n    <\/div><!-- block-inner -->\n<\/section><!-- media-text -->\n\n\n\n\n\n<section id=\"warranty\" class=\"media-text custom-block dark none-top none-bottom\" >\n    <div class=\"dot-in\"><\/div><!-- dot-in -->\n    <div class=\"block-inner medium grid-x left\">\n    \n        <div class=\"cell small-12 medium-12 large-6 mediatext-content default-checks\">\n            <div aria-hidden=\"true\" class=\"blue-dot\"><\/div>\n                            <h4>5-Jahres-Garantie-Programm<\/h4>\n                                                    <h5><strong>Verl\u00e4sslichkeit, auf die Sie z\u00e4hlen k\u00f6nnen<\/strong><\/h5>\n<p>Ab dem 1. Januar 2025 gilt f\u00fcr alle neu gekauften und registrierten Mediaplayer der Serie 5 und dar\u00fcber hinaus weltweit eine Standardgarantie von 5 Jahren.<\/p>\n<p>Neukunden k\u00f6nnen die 5-Jahres-Garantie aktivieren, indem sie ihre Spieler online registrieren. Spieler mit einem aktiven <a href=\"https:\/\/www.bsn.cloud\/\" target=\"_blank\" rel=\"noopener\">bsn.Control oder bsn.Content Konto<\/a> werden automatisch f\u00fcr die 5-Jahres-Garantie registriert.<\/p>\n                        \n                            <div class=\"basic-button blue\">\n                    <a href=\"https:\/\/www.brightsign.biz\/de\/lichtzeichengeber\/garantie\/\" target=\"_self\">\n                        JETZT ANMELDEN                    <\/a>\n                <\/div><!-- basic-cta -->\n                        \n                    <\/div><!-- mediatext-content -->\n        \n        <div class=\"cell small-12 medium-12 large-6 form-wrapper\">\n                            <!-- Normal form on all devices -->\n                                                    <div class=\"mediatext-image no-blue\">\n                        <img decoding=\"async\" src=\"https:\/\/www.brightsign.biz\/wp-content\/uploads\/2025\/01\/BrightSign_5yr_LockUp_Small_RGB-750x421.png\" alt=\"BrightSign 5-Jahres-Garantie\" \/>\n                                            <\/div><!-- mediatext-image -->\n                                                            \n                    <\/div><!-- form-wrapper -->\n        \n    <\/div><!-- block-inner -->\n<\/section><!-- media-text -->","protected":false},"excerpt":{"rendered":"","protected":false},"author":2,"featured_media":10869,"parent":539,"menu_order":25,"comment_status":"closed","ping_status":"closed","template":"","meta":{"_acf_changed":true,"_searchwp_excluded":"","footnotes":""},"class_list":["post-5853","page","type-page","status-publish","has-post-thumbnail","hentry"],"acf":[],"_links":{"self":[{"href":"https:\/\/www.brightsign.biz\/de\/wp-json\/wp\/v2\/pages\/5853","targetHints":{"allow":["GET"]}}],"collection":[{"href":"https:\/\/www.brightsign.biz\/de\/wp-json\/wp\/v2\/pages"}],"about":[{"href":"https:\/\/www.brightsign.biz\/de\/wp-json\/wp\/v2\/types\/page"}],"author":[{"embeddable":true,"href":"https:\/\/www.brightsign.biz\/de\/wp-json\/wp\/v2\/users\/2"}],"replies":[{"embeddable":true,"href":"https:\/\/www.brightsign.biz\/de\/wp-json\/wp\/v2\/comments?post=5853"}],"version-history":[{"count":0,"href":"https:\/\/www.brightsign.biz\/de\/wp-json\/wp\/v2\/pages\/5853\/revisions"}],"up":[{"embeddable":true,"href":"https:\/\/www.brightsign.biz\/de\/wp-json\/wp\/v2\/pages\/539"}],"wp:featuredmedia":[{"embeddable":true,"href":"https:\/\/www.brightsign.biz\/de\/wp-json\/wp\/v2\/media\/10869"}],"wp:attachment":[{"href":"https:\/\/www.brightsign.biz\/de\/wp-json\/wp\/v2\/media?parent=5853"}],"curies":[{"name":"wp","href":"https:\/\/api.w.org\/{rel}","templated":true}]}}