{"id":624,"date":"2023-03-27T15:51:43","date_gmt":"2023-03-27T15:51:43","guid":{"rendered":"https:\/\/brightsign2425.wpenginepowered.com\/?page_id=624"},"modified":"2025-11-10T19:17:46","modified_gmt":"2025-11-11T00:17:46","slug":"brightsign-os","status":"publish","type":"page","link":"https:\/\/www.brightsign.biz\/de\/brightsign-advantage\/brightsign-os\/","title":{"rendered":"BrightSignOS"},"content":{"rendered":"<section\n  id=\"hero-block_f73323b56d8c01bf4ccc71ef0f388237\"\n  class=\"hero custom-block\"\n  data-form-url=\"\"\n>\n  <!-- Backgrounds: cover full section, center position (extended via SCSS) -->\n        <div id=\"hero-desktop-background\" style=\"background-image: url('https:\/\/www.brightsign.biz\/wp-content\/uploads\/2024\/06\/hero-OS-v4.jpg'); background-size: cover; background-position: center center; background-repeat: no-repeat;\"><\/div>\n        <div id=\"hero-mobile-background\" style=\"background-image: url('https:\/\/www.brightsign.biz\/wp-content\/uploads\/2024\/06\/hero-OS-v4.jpg'); background-size: cover; background-position: center center; background-repeat: no-repeat;\"><\/div>\n  \n  <div class=\"hero-gradient\" aria-hidden=\"true\"><\/div>\n  <div class=\"block-inner medium\">\n    <div class=\"block-inner-content grid-x grid-margin-y\">\n\n      <!-- MOBILE-only layout -->\n      <div class=\"cell small-12 show-for-small-only\">\n        \n        \n        \n        \n        <ul class=\"custom-breadcrumb\"><li>Produkte und Software<\/li><\/ul><div class=\"mobile-content form-content\"><h1><strong>Bright<\/strong>SignOS<b>\u2122<\/b><\/h1>\n<p>Ma\u00dfgeschneidert und vertrauensw\u00fcrdig<\/p>\n<\/div><div class=\"basic-button blue\"><a href=\"https:\/\/www.brightsign.biz\/de\/ressourcen\/software-downloads\/\" target=\"\">Software Herunterladen <i class=\"fa-solid fa-chevron-right\"><\/i><\/a><\/div>      <\/div>\n      <!-- end MOBILE-only -->\n\n      <!-- DESKTOP text cell -->\n      <div class=\"cell small-12 medium-12 large-6 hide-for-small-only\">\n        \n        <ul class=\"custom-breadcrumb\"><li>Produkte und Software<\/li><\/ul><h1><strong>Bright<\/strong>SignOS<b>\u2122<\/b><\/h1>\n<p>Ma\u00dfgeschneidert und vertrauensw\u00fcrdig<\/p>\n<div class=\"basic-button blue\"><a href=\"https:\/\/www.brightsign.biz\/de\/ressourcen\/software-downloads\/\" target=\"\">Software Herunterladen <i class=\"fa-solid fa-chevron-right\"><\/i><\/a><\/div>      <\/div>\n      <!-- end DESKTOP text cell -->\n\n      <!-- DESKTOP form\/video cell -->\n      <div class=\"cell small-12 medium-12 large-6 center-play hide-for-small-only\">\n        \n              <\/div>\n      <!-- end DESKTOP form\/video cell -->\n\n    <\/div><!-- .block-inner-content -->\n  <\/div><!-- .block-inner -->\n<\/section><!-- hero -->\n\n\n\n    <section id=\"full-width-text-block_de796164b36ce6f004449008195f6bd4\" class=\"full-width-text custom-block dark small-top medium-bottom brand-htags default-lists\">\n\n        <div class=\"block-inner medium\">\n\n        <h2 style=\"text-align: center\">Purpose-Built Performance<\/h2>\n<p style=\"text-align: center\">BrightSignOS ist ein spezialisiertes und zuverl\u00e4ssiges Betriebssystem, das alle BrightSign-Player antreibt und sie nahtlos mit BSN.Cloud-Diensten und Partnerl\u00f6sungen verbindet. Es wurde speziell f\u00fcr Digital Signage entwickelt und optimiert und ist der Grundstein f\u00fcr die legend\u00e4re Zuverl\u00e4ssigkeit, Sicherheit, Leistung und Nachhaltigkeit von BrightSign. <\/p>\n\n        \n        <\/div><!-- block-inner -->  \n\n        \n    <\/section><!-- full-width-text -->  \n\n\n\n\n\n\n\n<section id=\"media-grid-block_01efdf15dac311c08440a32c5fbee27d\" class=\"media-grid custom-block dark none-top none-bottom\">\n\n<div class=\"block-inner medium\">\n\n<div class=\"full-width-text default-htags\">\n\n\n<\/div>\n\n\n<div class=\"grid-x\">\n\n\n<div class=\"mg-cell cell small-12 medium-6\">\n\n    <div class=\"mg-cell-inner item-parent\">\n\n    <div class=\"mg-item-content remove-overlay default-htags default-lists\">\n\n        \n            <div class=\"mg-item-image\">\n\n                <img decoding=\"async\" src=\"https:\/\/www.brightsign.biz\/wp-content\/uploads\/2024\/06\/secure.png\" alt=\"\" \/>\n           \n\n                            <\/div>\n        \n        \n\n            <div class=\"mg-content-top\">\n\n                \n                                    <h4>Sicher<\/h4>\n<p>Entwickelt, um Risiken erheblich zu reduzieren und f\u00fcr jedes Sicherheitsprofil konfigurierbar zu sein<\/p>\n<ul>\n<li>Au\u00dfergew\u00f6hnlich gesch\u00fctztes Betriebssystem mit einer sicheren digitalen Signatur<\/li>\n<li>F\u00fchrt eine einzigartige Signage-Anwendung zum Schutz vor Viren aus<\/li>\n<li>Konfigurierbar f\u00fcr jede Art von Sicherheitsprofil<\/li>\n<li>Sicherheit erstreckt sich auf integrierte CMS-L\u00f6sungen<\/li>\n<\/ul>\n                                \n\n            <\/div><!-- mg-content-top -->\n\n            <\/div><!-- mg-item-content -->\n\n            <ul class=\"mg-cta-list small-buttons\">\n\n                                \n                \n            <\/ul>\n\n    \n    <\/div><!-- mg-cell-inner -->\n\n<\/div><!-- mg-cell -->\n\n\n<div class=\"mg-cell cell small-12 medium-6\">\n\n    <div class=\"mg-cell-inner item-parent\">\n\n    <div class=\"mg-item-content remove-overlay default-htags default-lists\">\n\n        \n            <div class=\"mg-item-image\">\n\n                <img decoding=\"async\" src=\"https:\/\/www.brightsign.biz\/wp-content\/uploads\/2024\/06\/reliable.png\" alt=\"\" \/>\n           \n\n                            <\/div>\n        \n        \n\n            <div class=\"mg-content-top\">\n\n                \n                                    <h4>Zuverl\u00e4ssig<\/h4>\n<p>Wiedergabe mit Selbstheilung und Fernverwaltung f\u00fcr un\u00fcbertroffene Betriebszeiten<\/p>\n<ul>\n<li>Dauerhafte Selbstheilungsprotokolle, die zu un\u00fcbertroffenen Betriebszeiten f\u00fchren<\/li>\n<li>Sichere integrierte Fernverwaltung und -\u00fcberwachung der Player<\/li>\n<li>Ferndiagnose und -kontrolle zur Reduzierung kostspieliger Besuche vor Ort<\/li>\n<li>Herausnehmbare Speichermedien zur Vermeidung von Rip\/Replace-Situationen<\/li>\n<\/ul>\n                                \n\n            <\/div><!-- mg-content-top -->\n\n            <\/div><!-- mg-item-content -->\n\n            <ul class=\"mg-cta-list small-buttons\">\n\n                                \n                \n            <\/ul>\n\n    \n    <\/div><!-- mg-cell-inner -->\n\n<\/div><!-- mg-cell -->\n\n\n<div class=\"mg-cell cell small-12 medium-6\">\n\n    <div class=\"mg-cell-inner item-parent\">\n\n    <div class=\"mg-item-content remove-overlay default-htags default-lists\">\n\n        \n            <div class=\"mg-item-image\">\n\n                <img decoding=\"async\" src=\"https:\/\/www.brightsign.biz\/wp-content\/uploads\/2024\/06\/superior.png\" alt=\"\" \/>\n           \n\n                            <\/div>\n        \n        \n\n            <div class=\"mg-content-top\">\n\n                \n                                    <h4>Hochwertig<\/h4>\n<p>Leistung, Funktionen und Erweiterungen, die speziell f\u00fcr Digital Signage entwickelt wurden<\/p>\n<ul>\n<li>Optimiert f\u00fcr die Ausf\u00fchrung modernster Videos und Grafikanimationen<\/li>\n<li>Umfangreiche Beschilderungsfunktionen mit kostenloser Autorensoftware verf\u00fcgbar<\/li>\n<li>Integriert mit Hunderten von globalen <a href=\"https:\/\/www.brightsign.biz\/de\/partner\/\">CMS-L\u00f6sungen<\/a><\/li>\n<li>Hochgradig erweiterbar, um spezielle Signage-Technologien sicher zu betreiben<\/li>\n<\/ul>\n                                \n\n            <\/div><!-- mg-content-top -->\n\n            <\/div><!-- mg-item-content -->\n\n            <ul class=\"mg-cta-list small-buttons\">\n\n                                \n                \n            <\/ul>\n\n    \n    <\/div><!-- mg-cell-inner -->\n\n<\/div><!-- mg-cell -->\n\n\n<div class=\"mg-cell cell small-12 medium-6\">\n\n    <div class=\"mg-cell-inner item-parent\">\n\n    <div class=\"mg-item-content remove-overlay default-htags default-lists\">\n\n        \n            <div class=\"mg-item-image\">\n\n                <img decoding=\"async\" src=\"https:\/\/www.brightsign.biz\/wp-content\/uploads\/2024\/06\/sustainable.png\" alt=\"\" \/>\n           \n\n                            <\/div>\n        \n        \n\n            <div class=\"mg-content-top\">\n\n                \n                                    <h4>Nachhaltig<\/h4>\n<p>Funktioniert und skaliert mit kostenlosen Updates f\u00fcr eine un\u00fcbertroffene Langlebigkeit des Players<\/p>\n<ul>\n<li>Geringer Energiebedarf bei hoher Leistung<\/li>\n<li>Garantierte Unterst\u00fctzung f\u00fcr einen langen Lebenszyklus f\u00fcr eine beispiellose Langlebigkeit<\/li>\n<li>Kostenlose Updates nach Bedarf und konsistent \u00fcber alle Hardware-Generationen hinweg<\/li>\n<li>Remote-Neubeschaffung zu jeder Zeit, um Flexibilit\u00e4t zu gew\u00e4hrleisten<\/li>\n<\/ul>\n                                \n\n            <\/div><!-- mg-content-top -->\n\n            <\/div><!-- mg-item-content -->\n\n            <ul class=\"mg-cta-list small-buttons\">\n\n                                \n                \n            <\/ul>\n\n    \n    <\/div><!-- mg-cell-inner -->\n\n<\/div><!-- mg-cell -->\n\n\n<\/div><!-- grid-x -->\n\n\n<\/div><!-- block-inner -->  \n\n<\/section><!-- ### -->\n\n\n\n\n\n    <section id=\"full-width-text-block_d5af3e186291981b27185d67b73494f9\" class=\"full-width-text custom-block dark none-top none-bottom default-htags default-lists\">\n\n        <div class=\"block-inner medium\">\n\n        <p>&nbsp;<\/p>\n<p>&nbsp;<\/p>\n\n        \n        <\/div><!-- block-inner -->  \n\n        \n    <\/section><!-- full-width-text -->  \n\n\n\n\n\n\n\n<section id=\"full-width-feature-block_eb6a1c592957bab6464d43f0f368100f\" class=\"full-width-feature custom-block\">\n\n    <div class=\"fv-bg-image\" style=\"background-image: url('https:\/\/www.brightsign.biz\/wp-content\/uploads\/2024\/06\/player-parts.png')\"><\/div>\n\n<div class=\"hero-gradient\"><\/div>\n\n<div class=\"block-inner grid-x\">\n\n<div class=\"block-inner-content default-checks cell small-12 medium-12 large-6\">\n\n    <h2><\/h2>\n<ul>\n<li>Reduzieren Sie die Risiken auf nahezu Null mit einem hochsicheren Dateisystem, das nur f\u00fcr die Ausf\u00fchrung von Signage entwickelt wurde, und eliminieren Sie Schwachstellen mit un\u00fcbertroffenen und konfigurierbaren Sicherheitsma\u00dfnahmen.<\/li>\n<li>Erleben Sie legend\u00e4re Zuverl\u00e4ssigkeit, un\u00fcbertroffene Betriebszeiten und reduzierte Gesamtbetriebskosten durch intelligente Selbstheilungstools und Fern\u00fcberwachung, die Probleme schnell beheben.<\/li>\n<li>Erzielen Sie eine \u00fcberragende Signage-Leistung mit ma\u00dfgeschneiderter Content-Verarbeitung und einer umfangreichen Suite von Signage-Funktionen, Integrationen und Erweiterungen<\/li>\n<li>Bleiben Sie den Marktanforderungen mit kostenlosen garantierten Updates voraus und erreichen Sie die Nachhaltigkeit der Player mit effizientem Energiemanagement, verl\u00e4ngerten Lebenszyklen und flexibler Wiederbereitstellung.<\/li>\n<\/ul>\n\n\n<div class=\"basic-button blue\">\n<a href=\"https:\/\/www.brightsign.biz\/de\/lichtzeichengeber\/software\/\" target=\"_self\">BrightSign Software erforschen<i class=\"fa-solid fa-chevron-right\"><\/i><\/a>\n<\/div><!-- basic-cta -->\n\n\n\n<\/div><!-- block-inner-content -->\n\n<div class=\"cell small-12 medium-12 large-6\">\n<\/div><!-- cell -->\n\n<\/div><!-- block-inner -->\n\n<\/section>\n\n\n\n    <section id=\"full-width-text-block_d5af3e186291981b27185d67b73494f9\" class=\"full-width-text custom-block dark none-top none-bottom default-htags default-lists\">\n\n        <div class=\"block-inner medium\">\n\n        <p>&nbsp;<\/p>\n<p>&nbsp;<\/p>\n\n        \n        <\/div><!-- block-inner -->  \n\n        \n    <\/section><!-- full-width-text -->  \n\n\n\n\n\n\n<section id=\"full-width-cta-block_f68ffe0e7deb0413d2dd74d6df693fa0\" class=\"full-width-cta custom-block\">\n\n<div class=\"block-inner medium grid-x\">\n\n<div class=\"cell small-12 medium-8\">\n    <h4><b>Lassen Sie uns reden<\/b><\/h4>\n<p><span style=\"font-weight: 400\">Sehen Sie nicht, wonach Sie suchen? Unser Team ist bestrebt, die Digital Signage-L\u00f6sung zu finden, die Ihren Unternehmenszielen und Ihrem Budget entspricht.\u00a0<\/span><\/p>\n<\/div><!-- medium-8 -->\n\n<div class=\"cell small-12 medium-4 content-right\">\n    <div class=\"basic-button blue\"><a href=\"https:\/\/www.brightsign.biz\/de\/kontaktieren-sie-uns\/\" target=\"_self\">MIT EINEM EXPERTEN SPRECHEN<i class=\"fa-solid fa-chevron-right\"><\/i><\/a><\/div>\n<\/div><!-- medium-4 -->\n\n<\/div><!-- block-inner -->\n\n<\/section><!-- hero -->\n\n\n\n\n\n<section id=\"ticker-block_4833fad4d142ad0ee48f04b716929a28\" class=\"ticker custom-block white-bg dark medium-top medium-bottom\">\n\n            <h4>Vertrauen bei Branchenf\u00fchrern<\/h4>\n    \n    <div class=\"block-inner\">\n        <div class=\"swiper ticker-swiper\">\n            <div class=\"swiper-wrapper\">\n\n                                    \n                        <div class=\"swiper-slide\">\n                                                            <img decoding=\"async\" src=\"https:\/\/www.brightsign.biz\/wp-content\/uploads\/2024\/05\/PlugPowerGrayscale.svg\" alt=\"\" \/>\n                                                                                <\/div>\n\n                    \n                        <div class=\"swiper-slide\">\n                                                            <img decoding=\"async\" src=\"https:\/\/www.brightsign.biz\/wp-content\/uploads\/2024\/05\/GoPro_logo_light.svg\" alt=\"\" \/>\n                                                                                <\/div>\n\n                    \n                        <div class=\"swiper-slide\">\n                                                            <img decoding=\"async\" src=\"https:\/\/www.brightsign.biz\/wp-content\/uploads\/2024\/05\/lg.svg\" alt=\"\" \/>\n                                                                                <\/div>\n\n                    \n                        <div class=\"swiper-slide\">\n                                                            <img decoding=\"async\" src=\"https:\/\/www.brightsign.biz\/wp-content\/uploads\/2024\/05\/bestbuy.svg\" alt=\"\" \/>\n                                                                                <\/div>\n\n                    \n                        <div class=\"swiper-slide\">\n                                                            <img decoding=\"async\" src=\"https:\/\/www.brightsign.biz\/wp-content\/uploads\/2024\/05\/bose.svg\" alt=\"\" \/>\n                                                                                <\/div>\n\n                    \n                        <div class=\"swiper-slide\">\n                                                            <img decoding=\"async\" src=\"https:\/\/www.brightsign.biz\/wp-content\/uploads\/2024\/05\/PlugPowerGrayscale.svg\" alt=\"\" \/>\n                                                                                <\/div>\n\n                    \n                        <div class=\"swiper-slide\">\n                                                            <img decoding=\"async\" src=\"https:\/\/www.brightsign.biz\/wp-content\/uploads\/2024\/05\/GoPro_logo_light.svg\" alt=\"\" \/>\n                                                                                <\/div>\n\n                    \n                        <div class=\"swiper-slide\">\n                                                            <img decoding=\"async\" src=\"https:\/\/www.brightsign.biz\/wp-content\/uploads\/2024\/05\/lg.svg\" alt=\"\" \/>\n                                                                                <\/div>\n\n                    \n                        <div class=\"swiper-slide\">\n                                                            <img decoding=\"async\" src=\"https:\/\/www.brightsign.biz\/wp-content\/uploads\/2024\/05\/bestbuy.svg\" alt=\"\" \/>\n                                                                                <\/div>\n\n                    \n                        <div class=\"swiper-slide\">\n                                                            <img decoding=\"async\" src=\"https:\/\/www.brightsign.biz\/wp-content\/uploads\/2024\/05\/bose.svg\" alt=\"\" \/>\n                                                                                <\/div>\n\n                                    \n            <\/div><!-- swiper-wrapper -->\n        <\/div><!-- swiper -->\n    <\/div><!-- block-inner -->\n<\/section><!-- ticker -->","protected":false},"excerpt":{"rendered":"","protected":false},"author":2,"featured_media":0,"parent":513,"menu_order":20,"comment_status":"closed","ping_status":"closed","template":"","meta":{"_acf_changed":false,"_searchwp_excluded":"","footnotes":""},"class_list":["post-624","page","type-page","status-publish","hentry"],"acf":[],"_links":{"self":[{"href":"https:\/\/www.brightsign.biz\/de\/wp-json\/wp\/v2\/pages\/624","targetHints":{"allow":["GET"]}}],"collection":[{"href":"https:\/\/www.brightsign.biz\/de\/wp-json\/wp\/v2\/pages"}],"about":[{"href":"https:\/\/www.brightsign.biz\/de\/wp-json\/wp\/v2\/types\/page"}],"author":[{"embeddable":true,"href":"https:\/\/www.brightsign.biz\/de\/wp-json\/wp\/v2\/users\/2"}],"replies":[{"embeddable":true,"href":"https:\/\/www.brightsign.biz\/de\/wp-json\/wp\/v2\/comments?post=624"}],"version-history":[{"count":0,"href":"https:\/\/www.brightsign.biz\/de\/wp-json\/wp\/v2\/pages\/624\/revisions"}],"up":[{"embeddable":true,"href":"https:\/\/www.brightsign.biz\/de\/wp-json\/wp\/v2\/pages\/513"}],"wp:attachment":[{"href":"https:\/\/www.brightsign.biz\/de\/wp-json\/wp\/v2\/media?parent=624"}],"curies":[{"name":"wp","href":"https:\/\/api.w.org\/{rel}","templated":true}]}}