{"id":644,"date":"2023-03-27T16:04:26","date_gmt":"2023-03-27T16:04:26","guid":{"rendered":"https:\/\/brightsign2425.wpenginepowered.com\/?page_id=644"},"modified":"2026-04-27T10:27:26","modified_gmt":"2026-04-27T14:27:26","slug":"zubehor","status":"publish","type":"page","link":"https:\/\/www.brightsign.biz\/de\/brightsign-players\/accessories\/","title":{"rendered":"Zubeh\u00f6r"},"content":{"rendered":"<section\n  id=\"hero-block_f0f04822546f82532f3fded1e96e4648\"\n  class=\"hero custom-block\"\n  data-form-url=\"\"\n>\n  <!-- Backgrounds: cover full section, center position (extended via SCSS) -->\n        <div id=\"hero-desktop-background\" style=\"background-image: url('https:\/\/www.brightsign.biz\/wp-content\/uploads\/2023\/04\/AccessoriesOption_Hero-1920x900.jpg'); background-size: cover; background-position: center center; background-repeat: no-repeat;\"><\/div>\n        <div id=\"hero-mobile-background\" style=\"background-image: url('https:\/\/www.brightsign.biz\/wp-content\/uploads\/2023\/04\/AccessoriesOption_Hero-1920x900.jpg'); background-size: cover; background-position: center center; background-repeat: no-repeat;\"><\/div>\n  \n  <div class=\"hero-gradient\" aria-hidden=\"true\"><\/div>\n  <div class=\"block-inner medium\">\n    <div class=\"block-inner-content grid-x grid-margin-y\">\n\n      <!-- MOBILE-only layout -->\n      <div class=\"cell small-12 show-for-small-only\">\n        \n        \n        \n        \n        <ul class=\"custom-breadcrumb\"><li>Produkte und Software<\/li><\/ul><div class=\"mobile-content form-content\"><h1><strong>Zubeh\u00f6r<\/strong><\/h1>\n<p>Schaffen Sie fesselnde Erlebnisse mit benutzerfreundlicher Technik.<\/p>\n<\/div><div class=\"basic-button blue\"><a href=\"https:\/\/store.brightsign.biz\/\" target=\"_blank\">Jetzt kaufen <i class=\"fa-solid fa-chevron-right\"><\/i><\/a><\/div>      <\/div>\n      <!-- end MOBILE-only -->\n\n      <!-- DESKTOP text cell -->\n      <div class=\"cell small-12 medium-12 large-6 hide-for-small-only\">\n        \n        <ul class=\"custom-breadcrumb\"><li>Produkte und Software<\/li><\/ul><h1><strong>Zubeh\u00f6r<\/strong><\/h1>\n<p>Schaffen Sie fesselnde Erlebnisse mit benutzerfreundlicher Technik.<\/p>\n<div class=\"basic-button blue\"><a href=\"https:\/\/store.brightsign.biz\/\" target=\"_blank\">Jetzt kaufen <i class=\"fa-solid fa-chevron-right\"><\/i><\/a><\/div>      <\/div>\n      <!-- end DESKTOP text cell -->\n\n      <!-- DESKTOP form\/video cell -->\n      <div class=\"cell small-12 medium-12 large-6 center-play hide-for-small-only\">\n        \n              <\/div>\n      <!-- end DESKTOP form\/video cell -->\n\n    <\/div><!-- .block-inner-content -->\n  <\/div><!-- .block-inner -->\n<\/section><!-- hero -->\n\n\n\n    <section id=\"full-width-text-block_a932e1cbc2a8aecb99c83b160c7cf610\" class=\"full-width-text custom-block dark small-top small-bottom brand-htags default-lists\">\n\n        <div class=\"block-inner medium\">\n\n        <h2 style=\"text-align: center\">BrightSign Zubeh\u00f6r<\/h2>\n<p style=\"text-align: center\">Speziell angefertigte Komponenten von BrightSign zur Unterst\u00fctzung Ihrer Digital Signage-Implementierungen.<\/p>\n\n        \n        <\/div><!-- block-inner -->  \n\n        \n    <\/section><!-- full-width-text -->  \n\n\n\n\n\n<section id=\"media-text-block_abe59fc5c948460cf2f867188dfa37c2\" class=\"media-text custom-block dark small-top small-bottom\" >\n    <div class=\"dot-in\"><\/div><!-- dot-in -->\n    <div class=\"block-inner medium grid-x right\">\n    \n        <div class=\"cell small-12 medium-12 large-6 mediatext-content default-checks\">\n            <div aria-hidden=\"true\" class=\"blue-dot\"><\/div>\n                            <h4>MicroSD-Karten<\/h4>\n                                                    <p>Sorgen Sie f\u00fcr eine zuverl\u00e4ssige und lang anhaltende Wiedergabe.<\/p>\n<ul>\n<li>Bietet zuverl\u00e4ssige und sichere lokale Speicherung<\/li>\n<li>Langlebiges, kommerzielles Design<\/li>\n<li>Dateien schneller speichern mit MicroSD-Karten der Klasse 10<\/li>\n<li>Erm\u00f6glicht Echtzeit-Zustands\u00fcberwachung beim Kauf von BrightSign<\/li>\n<\/ul>\n                        \n                            <div class=\"basic-button blue\">\n                    <a href=\"https:\/\/store.brightsign.biz\/\" target=\"_blank\">\n                        Jetzt kaufen                    <\/a>\n                <\/div><!-- basic-cta -->\n                        \n                    <\/div><!-- mediatext-content -->\n        \n        <div class=\"cell small-12 medium-12 large-6 form-wrapper\">\n                            <!-- Normal form on all devices -->\n                                                    <div class=\"mediatext-image no-blue\">\n                        <img decoding=\"async\" src=\"https:\/\/www.brightsign.biz\/wp-content\/uploads\/2023\/04\/SD-cards-web-750x440.png\" alt=\"\" \/>\n                                            <\/div><!-- mediatext-image -->\n                                                            \n                    <\/div><!-- form-wrapper -->\n        \n    <\/div><!-- block-inner -->\n<\/section><!-- media-text -->\n\n\n\n\n\n<section id=\"wifi-modules\" class=\"media-text custom-block dark small-top small-bottom\" >\n    <div class=\"dot-in\"><\/div><!-- dot-in -->\n    <div class=\"block-inner medium grid-x left\">\n    \n        <div class=\"cell small-12 medium-12 large-6 mediatext-content default-checks\">\n            <div aria-hidden=\"true\" class=\"blue-dot\"><\/div>\n                            <h4>WiFi\/Bluetooth-Kit<\/h4>\n                                                    <p>Erweitern Sie die Anschlussm\u00f6glichkeiten Ihres Players.<\/p>\n<ul>\n<li>Erm\u00f6glicht drahtlose und Bluetooth-Funktionen mit einem embedded Intel-Modul<\/li>\n<li>Selbstinstallation mit einer M.2-Schnittstellenverbindung<\/li>\n<li>Unterst\u00fctzt 802.11-Protokolle<\/li>\n<li>Optionen f\u00fcr Doppel- und Einzelantennenmodule<\/li>\n<\/ul>\n                        \n                            <div class=\"basic-button blue\">\n                    <a href=\"https:\/\/store.brightsign.biz\/\" target=\"_blank\">\n                        Jetzt kaufen                    <\/a>\n                <\/div><!-- basic-cta -->\n                        \n                    <\/div><!-- mediatext-content -->\n        \n        <div class=\"cell small-12 medium-12 large-6 form-wrapper\">\n                            <!-- Normal form on all devices -->\n                                                    <div class=\"mediatext-image no-blue\">\n                        <img decoding=\"async\" src=\"https:\/\/www.brightsign.biz\/wp-content\/uploads\/2023\/04\/WIFI-BLUETOOTH-MODULES.png\" alt=\"\" \/>\n                                            <\/div><!-- mediatext-image -->\n                                                            \n                    <\/div><!-- form-wrapper -->\n        \n    <\/div><!-- block-inner -->\n<\/section><!-- media-text -->\n\n\n\n\n\n<section id=\"brightsign-mobile\" class=\"media-text custom-block dark small-top small-bottom\" >\n    <div class=\"dot-in\"><\/div><!-- dot-in -->\n    <div class=\"block-inner medium grid-x right\">\n    \n        <div class=\"cell small-12 medium-12 large-6 mediatext-content default-checks\">\n            <div aria-hidden=\"true\" class=\"blue-dot\"><\/div>\n                            <h4>BrightSign Mobil<\/h4>\n                                                    <p>Bleiben Sie in Verbindung mit einem USB-Modem und flexiblen Datentarifen f\u00fcr die Beschilderung.<\/p>\n<ul>\n<li>Flaches, angeschlossenes USB-A Regionalmodem f\u00fcr Nordamerika (USA + Kanada) oder Europa<\/li>\n<li>Kompatibel mit allen BrightSign Serie 5-Playern mit USB-Anschluss<\/li>\n<li>Unterst\u00fctzt BSN.Cloud, brightAuthor connected und integrierte Partner-CMS-L\u00f6sungen<\/li>\n<li>Erfordert einen mobilen Datendienstplan, der von BrightSign angeboten und unterst\u00fctzt wird<\/li>\n<li>Verbindet Spieler mit dem Internet mit 4G-Leistung in den USA, Kanada und Europa<\/li>\n<\/ul>\n<p><a class=\"btn cta\" href=\"https:\/\/www.brightsign.biz\/wp-content\/uploads\/2023\/12\/BrightSign-mobile-Dec2023.pdf\" target=\"_blank\" rel=\"_blank noopener\" aria-label=\"Datenblatt\">Datenblatt<\/a><br \/>\n<a class=\"btn cta\" href=\"https:\/\/docs.brightsign.biz\/hardware\/brightsign-modem\" target=\"_blank\" rel=\"noopener\">BrightSign Mobile Unterst\u00fctzung<\/a><\/p>\n<div id=\"syn-hor-column-slider-0\" class=\"column hor-slider pad-right-0 pad-left-0 desktop-1 tablet-4 mobile-2 lazy_anim slide_left in_view\" data-options=\"&quot;&lt;\/p\"><\/div>\n                        \n                            <div class=\"basic-button blue\">\n                    <a href=\"https:\/\/www.brightsign.biz\/de\/kontaktieren-sie-uns\/\" target=\"_self\">\n                        Mit Dem Vertrieb Sprechen                    <\/a>\n                <\/div><!-- basic-cta -->\n                        \n                    <\/div><!-- mediatext-content -->\n        \n        <div class=\"cell small-12 medium-12 large-6 form-wrapper center-play\">\n                            <!-- Normal form on all devices -->\n                                                    <div class=\"mediatext-image no-blue\">\n                        <img decoding=\"async\" src=\"https:\/\/www.brightsign.biz\/wp-content\/uploads\/2023\/12\/BrightSign-mobile-noLabel-750x440.png\" alt=\"BrightSign Mobiles USB-Laufwerk\" \/>\n                                            <\/div><!-- mediatext-image -->\n                                                            \n                                <!-- Video Modal Markup using hero.php classes -->\n                    <div class=\"mediagrid-modal reveal full\" id=\"video-554572080\" data-reveal data-close-on-click=\"true\">\n                        <div class=\"mediagrid-modal-inner\">\n                            <iframe src=\"\" data-src=\"https:\/\/player.vimeo.com\/video\/554572080?autoplay=1\" frameborder=\"0\" allowfullscreen allowtransparency allow=\"autoplay\"><\/iframe>\n                            <button class=\"close-button\" data-close aria-label=\"Modal schlie\u00dfen\" type=\"button\">\n                                <i class=\"fa-sharp fa-regular fa-xmark\"><\/i>\n                            <\/button>\n                        <\/div>\n                    <\/div>\n                    <button class=\"play-modal\" data-open=\"video-554572080\" aria-controls=\"video-554572080\" aria-haspopup=\"dialog\" tabindex=\"0\"><\/button>\n                    <\/div><!-- form-wrapper -->\n        \n    <\/div><!-- block-inner -->\n<\/section><!-- media-text -->\n\n\n\n\n\n<section id=\"media-text-block_2d3223ceade7334222c0deb9ac0e3b57\" class=\"media-text custom-block dark small-top small-bottom\" >\n    <div class=\"dot-in\"><\/div><!-- dot-in -->\n    <div class=\"block-inner medium grid-x left\">\n    \n        <div class=\"cell small-12 medium-12 large-6 mediatext-content default-checks\">\n            <div aria-hidden=\"true\" class=\"blue-dot\"><\/div>\n                            <h4>USB-Tastenfelder<\/h4>\n                                                    <p>Professionelle, kapazitive Touch-Tastaturen.<\/p>\n<ul>\n<li>Erstellen Sie mit Leichtigkeit zuverl\u00e4ssige interaktive Erlebnisse mit kapazitiven USB-Tasten<\/li>\n<li>L\u00f6sen Sie die Wiedergabe von Inhalten aus und geben Sie gleichzeitig ein Benutzer-Feedback mit der LED-Beleuchtung<\/li>\n<li>Programmieren Sie mit brightAuthor connected die Tastenbedienung und die Beleuchtung nach Ihren W\u00fcnschen<\/li>\n<li>Kompatibel mit allen BrightSign-Playern, die einen USB-Anschluss bieten<\/li>\n<li>Einfache Integration in Displays mit Unterst\u00fctzung f\u00fcr benutzerdefinierte Overlays<\/li>\n<li>Erh\u00e4ltlich von 4-Tasten- bis 11-Tasten-Modellen<\/li>\n<\/ul>\n                        \n                            <div class=\"basic-button blue\">\n                    <a href=\"https:\/\/store.brightsign.biz\/\" target=\"_self\">\n                        Jetzt kaufen                    <\/a>\n                <\/div><!-- basic-cta -->\n                        \n                    <\/div><!-- mediatext-content -->\n        \n        <div class=\"cell small-12 medium-12 large-6 form-wrapper\">\n                            <!-- Normal form on all devices -->\n                                                    <div class=\"mediatext-image no-blue\">\n                        <img decoding=\"async\" src=\"https:\/\/www.brightsign.biz\/wp-content\/uploads\/2023\/04\/buttonpanels-hero-750x440.png\" alt=\"\" \/>\n                                            <\/div><!-- mediatext-image -->\n                                                            \n                    <\/div><!-- form-wrapper -->\n        \n    <\/div><!-- block-inner -->\n<\/section><!-- media-text -->\n\n\n\n\n\n<section id=\"media-text-block_ea3862f83c332cf891fd9ef7d61cc9ab\" class=\"media-text custom-block dark small-top small-bottom\" >\n    <div class=\"dot-in\"><\/div><!-- dot-in -->\n    <div class=\"block-inner medium grid-x right\">\n    \n        <div class=\"cell small-12 medium-12 large-6 mediatext-content default-checks\">\n            <div aria-hidden=\"true\" class=\"blue-dot\"><\/div>\n                            <h4>HDMI- und USB-C-Kabel<\/h4>\n                                                    <p>Schaffen Sie brillante vernetzte Erlebnisse.<\/p>\n<ul>\n<li>Unterst\u00fctzt eine Vielzahl von Konnektivit\u00e4tsoptionen<\/li>\n<li>F\u00fchrt Steuerungen, Audio und erweiterte Peripherieger\u00e4te aus<\/li>\n<li>Erm\u00f6glicht erweiterte Konnektivit\u00e4t zu Playern und angeschlossenen Ger\u00e4ten<\/li>\n<li>Hohe Kompatibilit\u00e4t mit der BrightSign-Produktreihe<\/li>\n<\/ul>\n                        \n                            <div class=\"basic-button blue\">\n                    <a href=\"https:\/\/store.brightsign.biz\/\" target=\"_self\">\n                        Jetzt kaufen                    <\/a>\n                <\/div><!-- basic-cta -->\n                        \n                    <\/div><!-- mediatext-content -->\n        \n        <div class=\"cell small-12 medium-12 large-6 form-wrapper\">\n                            <!-- Normal form on all devices -->\n                                                    <div class=\"mediatext-image no-blue\">\n                        <img decoding=\"async\" src=\"https:\/\/www.brightsign.biz\/wp-content\/uploads\/2023\/04\/USB-C-hero-700x440.png\" alt=\"\" \/>\n                                            <\/div><!-- mediatext-image -->\n                                                            \n                    <\/div><!-- form-wrapper -->\n        \n    <\/div><!-- block-inner -->\n<\/section><!-- media-text -->\n\n\n\n\n\n<section id=\"media-text-block_9b60ecbe3de2aba2148b4631566349ac\" class=\"media-text custom-block dark small-top small-bottom\" >\n    <div class=\"dot-in\"><\/div><!-- dot-in -->\n    <div class=\"block-inner medium grid-x left\">\n    \n        <div class=\"cell small-12 medium-12 large-6 mediatext-content default-checks\">\n            <div aria-hidden=\"true\" class=\"blue-dot\"><\/div>\n                            <h4>IR-Fernbedienung<\/h4>\n                                                    <p>Einfach zu bedienende, fortschrittliche Beschilderungssteuerung.<\/p>\n<ul>\n<li>Erm\u00f6glicht eine vereinfachte Spielerverwaltung<\/li>\n<li>Kompatibel mit der gesamten BrightSign-Produktreihe<\/li>\n<li>Vereinfachte Installation mit USB- und 3,5-mm-Anschl\u00fcssen<\/li>\n<li>Sendet und empf\u00e4ngt Befehle \u00fcber den IR-Adapter<\/li>\n<\/ul>\n                        \n                            <div class=\"basic-button blue\">\n                    <a href=\"https:\/\/store.brightsign.biz\/\" target=\"_self\">\n                        Jetzt kaufen                    <\/a>\n                <\/div><!-- basic-cta -->\n                        \n                    <\/div><!-- mediatext-content -->\n        \n        <div class=\"cell small-12 medium-12 large-6 form-wrapper\">\n                            <!-- Normal form on all devices -->\n                                                    <div class=\"mediatext-image no-blue\">\n                        <img decoding=\"async\" src=\"https:\/\/www.brightsign.biz\/wp-content\/uploads\/2024\/04\/remote-RC1002-web.webp\" alt=\"\" \/>\n                                            <\/div><!-- mediatext-image -->\n                                                            \n                    <\/div><!-- form-wrapper -->\n        \n    <\/div><!-- block-inner -->\n<\/section><!-- media-text -->\n\n\n\n\n\n<section id=\"media-text-block_d89b2d42d1261a3681cf9ad80a56ec18\" class=\"media-text custom-block dark small-top small-bottom\" >\n    <div class=\"dot-in\"><\/div><!-- dot-in -->\n    <div class=\"block-inner medium grid-x right\">\n    \n        <div class=\"cell small-12 medium-12 large-6 mediatext-content default-checks\">\n            <div aria-hidden=\"true\" class=\"blue-dot\"><\/div>\n                            <h4>GPIO Klemmenblock<\/h4>\n                                                    <p>Passen Sie Ihre BrightSign-Player an.<\/p>\n<ul>\n<li>Erm\u00f6glicht beeindruckende interaktive Beschilderung<\/li>\n<li>Erm\u00f6glicht einfache, kundenspezifische Blankdrahtverbindungen<\/li>\n<li>Zuverl\u00e4ssige Plug-and-Play-Konnektivit\u00e4t<\/li>\n<li>Kompatibel mit der gesamten BrightSign-Produktreihe<\/li>\n<\/ul>\n                        \n                            <div class=\"basic-button blue\">\n                    <a href=\"https:\/\/store.brightsign.biz\/\" target=\"_self\">\n                        Jetzt kaufen                    <\/a>\n                <\/div><!-- basic-cta -->\n                        \n                    <\/div><!-- mediatext-content -->\n        \n        <div class=\"cell small-12 medium-12 large-6 form-wrapper\">\n                            <!-- Normal form on all devices -->\n                                                    <div class=\"mediatext-image no-blue\">\n                        <img decoding=\"async\" src=\"https:\/\/www.brightsign.biz\/wp-content\/uploads\/2023\/04\/GPIO-terminal-block.png\" alt=\"\" \/>\n                                            <\/div><!-- mediatext-image -->\n                                                            \n                    <\/div><!-- form-wrapper -->\n        \n    <\/div><!-- block-inner -->\n<\/section><!-- media-text -->\n\n\n\n\n\n<section id=\"media-text-block_75e1ca8d1e12b13d05268fe86d76a65f\" class=\"media-text custom-block dark small-top small-bottom\" >\n    <div class=\"dot-in\"><\/div><!-- dot-in -->\n    <div class=\"block-inner medium grid-x left\">\n    \n        <div class=\"cell small-12 medium-12 large-6 mediatext-content default-checks\">\n            <div aria-hidden=\"true\" class=\"blue-dot\"><\/div>\n                            <h4>Stromversorgungen<\/h4>\n                                                    <p>Handels\u00fcbliche Ersatznetzteile.<\/p>\n<ul>\n<li>Gebaut und verkauft von BrightSign<\/li>\n<li>Abw\u00e4rtskompatibilit\u00e4t f\u00fcr Player der Serie 2, Serie 3 und Serie 4<\/li>\n<li>Spielerspezifische Teile f\u00fcr garantierte Leistung<\/li>\n<li>Mit vier internationalen Steckern f\u00fcr die USA, Gro\u00dfbritannien, Australien und die EU<\/li>\n<\/ul>\n                        \n                            <div class=\"basic-button blue\">\n                    <a href=\"https:\/\/store.brightsign.biz\/\" target=\"_self\">\n                        Jetzt kaufen                    <\/a>\n                <\/div><!-- basic-cta -->\n                        \n                    <\/div><!-- mediatext-content -->\n        \n        <div class=\"cell small-12 medium-12 large-6 form-wrapper\">\n                            <!-- Normal form on all devices -->\n                                                    <div class=\"mediatext-image no-blue\">\n                        <img decoding=\"async\" src=\"https:\/\/www.brightsign.biz\/wp-content\/uploads\/2023\/04\/powerSupply-hero-750x425.png\" alt=\"\" \/>\n                                            <\/div><!-- mediatext-image -->\n                                                            \n                    <\/div><!-- form-wrapper -->\n        \n    <\/div><!-- block-inner -->\n<\/section><!-- media-text -->","protected":false},"excerpt":{"rendered":"","protected":false},"author":2,"featured_media":1921,"parent":539,"menu_order":40,"comment_status":"closed","ping_status":"closed","template":"","meta":{"_acf_changed":false,"_searchwp_excluded":"","footnotes":""},"class_list":["post-644","page","type-page","status-publish","has-post-thumbnail","hentry"],"acf":[],"_links":{"self":[{"href":"https:\/\/www.brightsign.biz\/de\/wp-json\/wp\/v2\/pages\/644","targetHints":{"allow":["GET"]}}],"collection":[{"href":"https:\/\/www.brightsign.biz\/de\/wp-json\/wp\/v2\/pages"}],"about":[{"href":"https:\/\/www.brightsign.biz\/de\/wp-json\/wp\/v2\/types\/page"}],"author":[{"embeddable":true,"href":"https:\/\/www.brightsign.biz\/de\/wp-json\/wp\/v2\/users\/2"}],"replies":[{"embeddable":true,"href":"https:\/\/www.brightsign.biz\/de\/wp-json\/wp\/v2\/comments?post=644"}],"version-history":[{"count":1,"href":"https:\/\/www.brightsign.biz\/de\/wp-json\/wp\/v2\/pages\/644\/revisions"}],"predecessor-version":[{"id":13533,"href":"https:\/\/www.brightsign.biz\/de\/wp-json\/wp\/v2\/pages\/644\/revisions\/13533"}],"up":[{"embeddable":true,"href":"https:\/\/www.brightsign.biz\/de\/wp-json\/wp\/v2\/pages\/539"}],"wp:featuredmedia":[{"embeddable":true,"href":"https:\/\/www.brightsign.biz\/de\/wp-json\/wp\/v2\/media\/1921"}],"wp:attachment":[{"href":"https:\/\/www.brightsign.biz\/de\/wp-json\/wp\/v2\/media?parent=644"}],"curies":[{"name":"wp","href":"https:\/\/api.w.org\/{rel}","templated":true}]}}