{"id":665,"date":"2023-03-27T16:09:25","date_gmt":"2023-03-27T16:09:25","guid":{"rendered":"https:\/\/brightsign2425.wpenginepowered.com\/?page_id=665"},"modified":"2025-11-10T18:51:04","modified_gmt":"2025-11-10T23:51:04","slug":"interaktive-demos","status":"publish","type":"page","link":"https:\/\/www.brightsign.biz\/de\/solutions\/interactive-demos\/","title":{"rendered":"Interaktive Demos im Handumdrehen"},"content":{"rendered":"<section\n  id=\"hero-block_19b7ee1ce270053b8a6b8624954af494\"\n  class=\"hero custom-block\"\n  data-form-url=\"\"\n>\n  <!-- Backgrounds: cover full section, center position (extended via SCSS) -->\n        <div id=\"hero-desktop-background\" style=\"background-image: url('https:\/\/www.brightsign.biz\/wp-content\/uploads\/2024\/06\/hero-interactive-1.png'); background-size: cover; background-position: center center; background-repeat: no-repeat;\"><\/div>\n        <div id=\"hero-mobile-background\" style=\"background-image: url('https:\/\/www.brightsign.biz\/wp-content\/uploads\/2024\/06\/hero-interactive-1.png'); background-size: cover; background-position: center center; background-repeat: no-repeat;\"><\/div>\n  \n  <div class=\"hero-gradient\" aria-hidden=\"true\"><\/div>\n  <div class=\"block-inner medium\">\n    <div class=\"block-inner-content grid-x grid-margin-y\">\n\n      <!-- MOBILE-only layout -->\n      <div class=\"cell small-12 show-for-small-only\">\n        \n        \n        \n        \n        <ul class=\"custom-breadcrumb\"><li><a href=\"https:\/\/www.brightsign.biz\/de\/losungen\/\" target=\"_self\">L\u00f6sungen<\/a><\/li><\/ul><div class=\"mobile-content form-content\"><h1>Interaktiv <strong>Demos<\/strong><\/h1>\n<p>Fesseln Sie Ihr Publikum mit fesselnden und interaktiven Demo-Erlebnissen.<\/p>\n<\/div><div class=\"basic-button blue\"><a href=\"https:\/\/www.brightsign.biz\/de\/kontaktieren-sie-uns\/\" target=\"\">Sprechen Sie mit einem Experten <i class=\"fa-solid fa-chevron-right\"><\/i><\/a><\/div>      <\/div>\n      <!-- end MOBILE-only -->\n\n      <!-- DESKTOP text cell -->\n      <div class=\"cell small-12 medium-12 large-6 hide-for-small-only\">\n        \n        <ul class=\"custom-breadcrumb\"><li><a href=\"https:\/\/www.brightsign.biz\/de\/losungen\/\" target=\"_self\">L\u00f6sungen<\/a><\/li><\/ul><h1>Interaktiv <strong>Demos<\/strong><\/h1>\n<p>Fesseln Sie Ihr Publikum mit fesselnden und interaktiven Demo-Erlebnissen.<\/p>\n<div class=\"basic-button blue\"><a href=\"https:\/\/www.brightsign.biz\/de\/kontaktieren-sie-uns\/\" target=\"\">Sprechen Sie mit einem Experten <i class=\"fa-solid fa-chevron-right\"><\/i><\/a><\/div>      <\/div>\n      <!-- end DESKTOP text cell -->\n\n      <!-- DESKTOP form\/video cell -->\n      <div class=\"cell small-12 medium-12 large-6 center-play hide-for-small-only\">\n        \n              <\/div>\n      <!-- end DESKTOP form\/video cell -->\n\n    <\/div><!-- .block-inner-content -->\n  <\/div><!-- .block-inner -->\n<\/section><!-- hero -->\n\n\n\n\n<div class=\"pill-pad-wrap left\">\n\n    <section id=\"pill-image-text-block_2c56f496934351908ad8395b7d3cb09a\" class=\"pill-image-text custom-block dark small-top small-bottom\">\n\n        <div class=\"dot-in\"><\/div><!-- dot-in -->\n\n        <div class=\"pill-image-layer grid-x left\">\n\n            <div class=\"cell small-12 medium-6\"><\/div>\n\n            <div class=\"cell small-12 medium-6 pill-bg\">\n\n                <div class=\"pill-bg-image\" style=\"background-image: url( https:\/\/www.brightsign.biz\/wp-content\/uploads\/2023\/12\/Bluefin-HS5.png );\"><\/div>\n\n            <\/div><!-- pill-bg -->\n\n        <\/div><!-- pill-image-layer -->\n\n        <div class=\"block-inner medium grid-x left\">\n\n            <div class=\"cell small-12 medium-6 pill-content image-left\">\n\n                \n                    <div class=\"pill-title\">\n                        <h3>Interaktive Demos im Handumdrehen<\/h3>\n                        <div aria-hidden=\"true\" class=\"blue-dot\"><\/div>\n                    <\/div>\n\n                \n                                    <p>Erstellen Sie fesselnde interaktive Demos und Erlebnisse, die das Engagement und den Verkauf f\u00f6rdern.<\/p>\n<ul>\n<li>Erfahrungen auf individuelle Vorlieben zuschneiden und tiefere Verbindungen f\u00f6rdern<\/li>\n<li>Stimulieren Sie die Sinne mit reichhaltigen visuellen, akustischen und taktilen Interaktionen<\/li>\n<li>Vereinfachung komplexer Konzepte durch ansprechende Multimedia-Demos<\/li>\n<\/ul>\n                \n                \n            <\/div><!-- pill-content -->\n\n        <\/div><!-- block-inner -->\n\n    <\/section><!-- pill-image-text -->\n\n<\/div><!--pill-pad-wrap -->\n\n\n\n\n\n    <section id=\"full-width-text-block_c76e5ad2259ab889476fca12c3b85d36\" class=\"full-width-text custom-block dark small-top small-bottom brand-htags default-lists\">\n\n        <div class=\"block-inner medium\">\n\n        <h2 style=\"text-align: center\">Interaktive Demos und Erlebnisse<\/h2>\n<p style=\"text-align: center\">Verbessern Sie das Engagement und steigern Sie den Umsatz mit interaktiven und personalisierten Erlebnissen.<\/p>\n\n        \n        <\/div><!-- block-inner -->  \n\n        \n    <\/section><!-- full-width-text -->  \n\n\n\n\n\n\n\n<section id=\"media-grid-block_dfe5e464c837bef22caa058b2e3ed58a\" class=\"media-grid custom-block dark none-top medium-bottom\">\n\n<div class=\"block-inner medium\">\n\n<div class=\"full-width-text default-htags\">\n\n\n<\/div>\n\n\n<div class=\"grid-x\">\n\n\n<div class=\"mg-cell cell small-12 medium-4\">\n\n    <div class=\"mg-cell-inner item-parent\">\n\n    <div class=\"mg-item-content remove-overlay default-htags default-lists\">\n\n        \n            <div class=\"mg-item-image\">\n\n                <img decoding=\"async\" src=\"https:\/\/www.brightsign.biz\/wp-content\/uploads\/2024\/04\/ScheepvaartMuseum_IMG_4450-scaled-e1682562659581-768x430-1.webp\" alt=\"\" \/>\n           \n\n                            <\/div>\n        \n        \n\n            <div class=\"mg-content-top\">\n\n                \n                                    <h4>Kunden anlocken und binden<\/h4>\n<p>Steigern Sie das Interesse und die Kundenbindung durch einfache bis anspruchsvolle Interaktionen.<\/p>\n<p>&nbsp;<\/p>\n                                \n\n            <\/div><!-- mg-content-top -->\n\n            <\/div><!-- mg-item-content -->\n\n            <ul class=\"mg-cta-list small-buttons\">\n\n                                \n                \n            <\/ul>\n\n    \n    <\/div><!-- mg-cell-inner -->\n\n<\/div><!-- mg-cell -->\n\n\n<div class=\"mg-cell cell small-12 medium-4\">\n\n    <div class=\"mg-cell-inner item-parent\">\n\n    <div class=\"mg-item-content remove-overlay default-htags default-lists\">\n\n        \n            <div class=\"mg-item-image\">\n\n                <img decoding=\"async\" src=\"https:\/\/www.brightsign.biz\/wp-content\/uploads\/2023\/04\/InteractiveDemo-900x495.jpg\" alt=\"\" \/>\n           \n\n                            <\/div>\n        \n        \n\n            <div class=\"mg-content-top\">\n\n                \n                                    <h4>Personalisierte Erlebnisse<\/h4>\n<p>Schaffen Sie fesselnde Erlebnisse mit unterschiedlichen Sensoren, Beleuchtung und Partnerintegrationen.<\/p>\n                                \n\n            <\/div><!-- mg-content-top -->\n\n            <\/div><!-- mg-item-content -->\n\n            <ul class=\"mg-cta-list small-buttons\">\n\n                                \n                \n            <\/ul>\n\n    \n    <\/div><!-- mg-cell-inner -->\n\n<\/div><!-- mg-cell -->\n\n\n<div class=\"mg-cell cell small-12 medium-4\">\n\n    <div class=\"mg-cell-inner item-parent\">\n\n    <div class=\"mg-item-content remove-overlay default-htags default-lists\">\n\n        \n            <div class=\"mg-item-image\">\n\n                <img decoding=\"async\" src=\"https:\/\/www.brightsign.biz\/wp-content\/uploads\/2023\/12\/e0728br-House-of-Rituals-3-scaled-1-900x495.jpg\" alt=\"Haus der Rituale, interaktive Demo f\u00fcr den Einzelhandel, unterst\u00fctzt von BrightSign\" \/>\n           \n\n                            <\/div>\n        \n        \n\n            <div class=\"mg-content-top\">\n\n                \n                                    <h4>Vielseitiges Engagement<\/h4>\n<p>Beeinflussen Sie Aktionen, indem Sie alle Sinne ansprechen und interaktives Storytelling einsetzen.<\/p>\n                                \n\n            <\/div><!-- mg-content-top -->\n\n            <\/div><!-- mg-item-content -->\n\n            <ul class=\"mg-cta-list small-buttons\">\n\n                                \n                \n            <\/ul>\n\n    \n    <\/div><!-- mg-cell-inner -->\n\n<\/div><!-- mg-cell -->\n\n\n<\/div><!-- grid-x -->\n\n\n<\/div><!-- block-inner -->  \n\n<\/section><!-- ### -->\n\n\n\n\n\n\n\n<section id=\"cta-list-block_8a6e92a2862f05f58e205d7da689b04e\" class=\"cta-list custom-block dark small-top medium-bottom\">\n\n\t<div class=\"block-inner medium grid-x\">\n\n\t\t\n\n\t\t \n\n\t\t\t<div class=\"cta-list-logo cell small-12 medium-auto\">  \n\t\t\t\t<div class=\"logo-container\">          \n\t\t\t\t<img decoding=\"async\" src=\"https:\/\/www.brightsign.biz\/wp-content\/uploads\/2024\/05\/questionicon.svg\" alt=\"\" \/>\n\t\t\t\t<\/div>\n\t\t\t<\/div>\n\n\t\t\n\t\t\n\t\t\t<div class=\"cta-list-intro cell small-12 medium-auto\">\n\t\t\t<h4>Brauchen Sie Hilfe?<\/h4>\n<p><span style=\"font-weight: 400\">Wir bieten eine Reihe von Online-Ressourcen an, um sicherzustellen, dass Sie alle Informationen haben, die Sie ben\u00f6tigen, um das Beste aus Ihrer Digital Signage-L\u00f6sung zu machen.\u00a0<\/span><\/p>\n\t\t\t\n\t\t\t\t\t\t\t<div class=\"basic-button blue\"><a href=\"https:\/\/www.brightsign.biz\/de\/brightsign-vorteil\/unterstutzung\/\" target=\"_self\">Unterst\u00fctzung erhalten<i class=\"fa-solid fa-chevron-right\"><\/i><\/a><\/div>\n\t\t\t\t\t\t<\/div>\n\t\t\n\t\t\n\n\t\t\n\n\t\t\t\t<div class=\"cta-list-ul cell small-12 medium-auto\">\n\t\t<ul>\n\t\t\t\t<li>\n\t\t<a href=\"https:\/\/www.brightsign.biz\/de\/ressourcen\/faqs\/\" target=\"_self\">FAQs erforschen<i class=\"fa-solid fa-chevron-right\"><\/i><\/a>\n\t\t<\/li>\n\n\t\t\t\t<li>\n\t\t<a href=\"https:\/\/www.brightsign.biz\/de\/ressourcen\/schnellstart-anleitung\/\" target=\"_self\">Schnellstartanleitung aufrufen<i class=\"fa-solid fa-chevron-right\"><\/i><\/a>\n\t\t<\/li>\n\n\t\t\t\t<li>\n\t\t<a href=\"https:\/\/docs.brightsign.biz\/\" target=\"_self\">Technische Dokumentation anzeigen<i class=\"fa-solid fa-chevron-right\"><\/i><\/a>\n\t\t<\/li>\n\n\t\t\t\t<li>\n\t\t<a href=\"https:\/\/www.brightsign.biz\/de\/ressourcen\/anleitungsvideos\/\" target=\"_self\">Video-Tutorials ansehen<i class=\"fa-solid fa-chevron-right\"><\/i><\/a>\n\t\t<\/li>\n\n\t\t\t\t<\/ul>\n\t\t<\/div>\n\t\t\n\t<\/div><!-- block-inner -->\n\n<\/section><!-- hero -->\n\n\n\n\n\n\n\n\n<section id=\"full-width-feature-block_e7a450114932e39b034efe51d0eae661\" class=\"full-width-feature custom-block\">\n\n    <div class=\"fv-bg-image\" style=\"background-image: url('https:\/\/www.brightsign.biz\/wp-content\/uploads\/2023\/02\/WETA_FullHeroModuleLayered-1920x900.jpg')\"><\/div>\n\n<div class=\"hero-gradient\"><\/div>\n\n<div class=\"block-inner grid-x\">\n\n<div class=\"block-inner-content default-checks cell small-12 medium-12 large-6\">\n\n    <h2><strong>\"Das Erlebnis hat das Publikum vom ersten Moment an begeistert.\"<\/strong><\/h2>\n<p>Wir verwenden BrightSign-Player f\u00fcr die meisten unserer Besuchererlebnis-Installationen<br>\r\nweil sie von Natur aus zuverl\u00e4ssig sind. Der Besuch jeder Person ist einzigartig, je nachdem<br>\r\nwomit sie interagieren: welchen Knopf sie dr\u00fccken, welchen Hebel sie ziehen oder<br>\r\nwelchen Sensor er ausl\u00f6st. BrightSign erm\u00f6glicht dieses vollst\u00e4ndig anpassbare Medienerlebnis<br>\r\nin wiederholter, zuverl\u00e4ssiger Weise zu vermitteln, bis der Abspann l\u00e4uft.<\/p>\n<p>Richard Taylor<\/p>\n<p><strong>-Weta Workshop<\/strong><\/p>\n\n\n\n<\/div><!-- block-inner-content -->\n\n<div class=\"cell small-12 medium-12 large-6\">\n<\/div><!-- cell -->\n\n<\/div><!-- block-inner -->\n\n<\/section>\n\n\n\n<section id=\"ticker-block_7b5107971e391ca33b4b763ce24390ce\" class=\"ticker custom-block white-bg dark medium-top medium-bottom\">\n\n            <h4>Vertrauen bei Branchenf\u00fchrern<\/h4>\n    \n    <div class=\"block-inner\">\n        <div class=\"swiper ticker-swiper\">\n            <div class=\"swiper-wrapper\">\n\n                                    \n                        <div class=\"swiper-slide\">\n                                                            <img decoding=\"async\" src=\"https:\/\/www.brightsign.biz\/wp-content\/uploads\/2024\/05\/PlugPowerGrayscale.svg\" alt=\"\" \/>\n                                                                                <\/div>\n\n                    \n                        <div class=\"swiper-slide\">\n                                                            <img decoding=\"async\" src=\"https:\/\/www.brightsign.biz\/wp-content\/uploads\/2024\/05\/GoPro_logo_light.svg\" alt=\"\" \/>\n                                                                                <\/div>\n\n                    \n                        <div class=\"swiper-slide\">\n                                                            <img decoding=\"async\" src=\"https:\/\/www.brightsign.biz\/wp-content\/uploads\/2024\/05\/lg.svg\" alt=\"\" \/>\n                                                                                <\/div>\n\n                    \n                        <div class=\"swiper-slide\">\n                                                            <img decoding=\"async\" src=\"https:\/\/www.brightsign.biz\/wp-content\/uploads\/2024\/05\/bestbuy.svg\" alt=\"\" \/>\n                                                                                <\/div>\n\n                    \n                        <div class=\"swiper-slide\">\n                                                            <img decoding=\"async\" src=\"https:\/\/www.brightsign.biz\/wp-content\/uploads\/2024\/05\/bose.svg\" alt=\"\" \/>\n                                                                                <\/div>\n\n                                    \n            <\/div><!-- swiper-wrapper -->\n        <\/div><!-- swiper -->\n    <\/div><!-- block-inner -->\n<\/section><!-- ticker -->","protected":false},"excerpt":{"rendered":"","protected":false},"author":2,"featured_media":11461,"parent":544,"menu_order":30,"comment_status":"closed","ping_status":"closed","template":"","meta":{"_acf_changed":false,"_searchwp_excluded":"","footnotes":""},"class_list":["post-665","page","type-page","status-publish","has-post-thumbnail","hentry"],"acf":[],"_links":{"self":[{"href":"https:\/\/www.brightsign.biz\/de\/wp-json\/wp\/v2\/pages\/665","targetHints":{"allow":["GET"]}}],"collection":[{"href":"https:\/\/www.brightsign.biz\/de\/wp-json\/wp\/v2\/pages"}],"about":[{"href":"https:\/\/www.brightsign.biz\/de\/wp-json\/wp\/v2\/types\/page"}],"author":[{"embeddable":true,"href":"https:\/\/www.brightsign.biz\/de\/wp-json\/wp\/v2\/users\/2"}],"replies":[{"embeddable":true,"href":"https:\/\/www.brightsign.biz\/de\/wp-json\/wp\/v2\/comments?post=665"}],"version-history":[{"count":0,"href":"https:\/\/www.brightsign.biz\/de\/wp-json\/wp\/v2\/pages\/665\/revisions"}],"up":[{"embeddable":true,"href":"https:\/\/www.brightsign.biz\/de\/wp-json\/wp\/v2\/pages\/544"}],"wp:featuredmedia":[{"embeddable":true,"href":"https:\/\/www.brightsign.biz\/de\/wp-json\/wp\/v2\/media\/11461"}],"wp:attachment":[{"href":"https:\/\/www.brightsign.biz\/de\/wp-json\/wp\/v2\/media?parent=665"}],"curies":[{"name":"wp","href":"https:\/\/api.w.org\/{rel}","templated":true}]}}