{"id":7012,"date":"2023-05-25T10:12:09","date_gmt":"2023-05-25T14:12:09","guid":{"rendered":"https:\/\/brightsign2425.wpenginepowered.com\/?page_id=7012"},"modified":"2025-03-21T14:25:25","modified_gmt":"2025-03-21T18:25:25","slug":"hohere-bildung","status":"publish","type":"page","link":"https:\/\/www.brightsign.biz\/de\/higher-ed\/","title":{"rendered":"Hochschulbildung"},"content":{"rendered":"<section\n  id=\"higheredform\"\n  class=\"hero custom-block\"\n  data-form-url=\"\"\n>\n  <!-- Backgrounds: cover full section, center position (extended via SCSS) -->\n        <div id=\"hero-desktop-background\" style=\"background-image: url('https:\/\/www.brightsign.biz\/wp-content\/uploads\/2024\/05\/ClemsonHero-1920x900.jpg'); background-size: cover; background-position: center center; background-repeat: no-repeat;\"><\/div>\n        <div id=\"hero-mobile-background\" style=\"background-image: url('https:\/\/www.brightsign.biz\/wp-content\/uploads\/2024\/05\/ClemsonHero-1920x900.jpg'); background-size: cover; background-position: center center; background-repeat: no-repeat;\"><\/div>\n  \n  <div class=\"hero-gradient\" aria-hidden=\"true\"><\/div>\n  <div class=\"block-inner medium\">\n    <div class=\"block-inner-content grid-x grid-margin-y\">\n\n      <!-- MOBILE-only layout -->\n      <div class=\"cell small-12 show-for-small-only\">\n        \n        \n        \n        \n        <div class=\"mobile-content form-content\"><h1 class=\"column-title h1\">Fesselnde Erlebnisse auf dem Campus schaffen<\/h1>\n<p>F\u00fcnf Wege zum Aufbau einer effektiven digitalen Kommunikation<br \/>\nStrategie f\u00fcr jeden Schritt der Studentenerfahrung.<\/p>\n<\/div>      <\/div>\n      <!-- end MOBILE-only -->\n\n      <!-- DESKTOP text cell -->\n      <div class=\"cell small-12 medium-12 large-6 hide-for-small-only\">\n        \n        <h1 class=\"column-title h1\">Fesselnde Erlebnisse auf dem Campus schaffen<\/h1>\n<p>F\u00fcnf Wege zum Aufbau einer effektiven digitalen Kommunikation<br \/>\nStrategie f\u00fcr jeden Schritt der Studentenerfahrung.<\/p>\n      <\/div>\n      <!-- end DESKTOP text cell -->\n\n      <!-- DESKTOP form\/video cell -->\n      <div class=\"cell small-12 medium-12 large-6 center-play hide-for-small-only\">\n        \n              <\/div>\n      <!-- end DESKTOP form\/video cell -->\n\n    <\/div><!-- .block-inner-content -->\n  <\/div><!-- .block-inner -->\n<\/section><!-- hero -->\n\n\n\n    <section id=\"full-width-text-block_3a8d8601fa63137b645dcbdfcdf0c976\" class=\"full-width-text custom-block dark small-top small-bottom default-htags default-lists\">\n\n        <div class=\"block-inner medium\">\n\n        <h2 class=\"column-title\" style=\"text-align: center\">Digital Signage &amp; Die Studienreise<\/h2>\n<div class=\"text-content\" style=\"text-align: center\">Eine umfassende Digital Signage-Strategie kann Ihnen helfen, mit Sch\u00fclern, Eltern, Lehrkr\u00e4ften und Ehemaligen auf interessante Weise in Kontakt zu treten.<br \/>\nMit diesen Tipps von BrightSign und Carousel, den f\u00fchrenden Anbietern von Digital Signage-L\u00f6sungen f\u00fcr Hochschulen, hebt sich Ihre Schule von anderen ab.<\/div>\n\n        \n        <\/div><!-- block-inner -->  \n\n        \n    <\/section><!-- full-width-text -->  \n\n\n\n\n\n<section id=\"media-text-block_1c614f10d48c028d48177f4e769c2351\" class=\"media-text custom-block dark none-top none-bottom\" >\n    <div class=\"dot-in\"><\/div><!-- dot-in -->\n    <div class=\"block-inner medium grid-x left\">\n    \n        <div class=\"cell small-12 medium-12 large-6 mediatext-content default-checks\">\n            <div aria-hidden=\"true\" class=\"blue-dot\"><\/div>\n                            <h4>Studieninteressierte<\/h4>\n                                        <h4>Nutzen Sie die digitale Beschilderung, um ein ansprechendes Erlebnis vor der Einschreibung zu schaffen.<\/h4>\n                                        <div class=\"vc_row wpb_row vc_row-fluid\">\n<div class=\"wpb_column vc_column_container vc_col-sm-12\">\n<div class=\"vc_column-inner\">\n<div class=\"wpb_wrapper\">\n<div class=\"is-color-white in_view\">\n<div id=\"syn-flex-wrapper-2\" class=\"wrapper flex col-50 padding-top-component padding-bottom-component flex-row color-white top-left contains-inner mobile-center-center\">\n<div class=\"flex-inner\">\n<div id=\"syn-text-column-1\" class=\"column column-text left in_view\">\n<div class=\"text-content\">\n<ul>\n<li>Heben Sie Leistungen hervor und zeigen Sie sie, um ein Bewusstsein f\u00fcr Leistung zu schaffen.<\/li>\n<li>Zeigen Sie potenziellen Studenten, was auch sie mit einem Studium an Ihrer Einrichtung erreichen k\u00f6nnen.<\/li>\n<li>Teilen Sie Ihre Grundwerte mit und vermitteln Sie neuen Bewerbern ein Gef\u00fchl der Begeisterung, indem Sie ihnen zeigen, wie das Leben auf Ihrem Campus ist.<\/li>\n<li>Helfen Sie Eltern und Sch\u00fclern, sich auf dem Campus zurechtzufinden.<\/li>\n<\/ul>\n<p><strong>Nutzen Sie die digitale Beschilderung, um mit Sch\u00fclern und Eltern in Kontakt zu treten, die Ihre Schule in Betracht ziehen:<\/strong><\/p>\n<ul>\n<li>Auf Touren<\/li>\n<li>W\u00e4hrend Hochschulmessen<\/li>\n<li>In der Zulassungsstelle<\/li>\n<li>In Sporteinrichtungen<\/li>\n<li>Im Buchhandel<\/li>\n<\/ul>\n<p><strong>M\u00f6chten Sie ein spannendes Erlebnis f\u00fcr Studieninteressierte schaffen?<\/strong><\/p>\n<\/div>\n<p><a class=\"btn cta\" href=\"https:\/\/www.brightsign.biz\/de\/hohere-bildung\/#higheredform\" rel=\"\" aria-label=\"Erhalten Sie eine kostenlose Beratung\">Erhalten Sie eine kostenlose Beratung<\/a><\/div>\n<\/div>\n<\/div>\n<\/div>\n<\/div>\n<\/div>\n<\/div>\n<\/div>\n                        \n                        \n                    <\/div><!-- mediatext-content -->\n        \n        <div class=\"cell small-12 medium-12 large-6 form-wrapper\">\n                            <!-- Normal form on all devices -->\n                                                    <div class=\"mediatext-image no-blue\">\n                        <img decoding=\"async\" src=\"https:\/\/www.brightsign.biz\/wp-content\/uploads\/2024\/05\/LaCrossWayFinding-SILO2-750x745.png\" alt=\"\" \/>\n                                            <\/div><!-- mediatext-image -->\n                                                            \n                    <\/div><!-- form-wrapper -->\n        \n    <\/div><!-- block-inner -->\n<\/section><!-- media-text -->\n\n\n\n\n\n\n\n<section id=\"full-width-feature-block_4665ec8728ae171f8a0e706251bbde54\" class=\"full-width-feature custom-block light none-top none-bottom\">\n\n    <div class=\"fv-bg-image\" style=\"background-image: url('https:\/\/www.brightsign.biz\/wp-content\/uploads\/2024\/05\/HigherEd-Clemson-Hero-1920x900.jpg')\"><\/div>\n\n<div class=\"hero-gradient\"><\/div>\n\n<div class=\"block-inner grid-x\">\n\n<div class=\"block-inner-content default-checks cell small-12 medium-12 large-6\">\n\n    <h2 class=\"\">Einen Eindruck hinterlassen<\/h2>\n<p>Als die Trainer und die Verwaltung der Clemson University eine M\u00f6glichkeit suchten, mit ihren Studenten und potenziellen Neuzug\u00e4ngen im Basketballprogramm der M\u00e4nner in Kontakt zu treten, wandten sie sich an BrightSign und Carousel.<\/p>\n<ul>\n<li>Sie wollten etwas anderes als die statischen Standardanzeigen, die in den meisten Umkleider\u00e4umen zu finden sind.<\/li>\n<li>Sie brauchten ein modernes System zur Bereitstellung von Inhalten, das sie in Echtzeit aktualisieren konnten.<\/li>\n<\/ul>\n<p>Die Clemson-L\u00f6sung umfasst hochaufl\u00f6sende Displays, die \u00fcber jedem der 18 Schlie\u00dff\u00e4cher des Raums angebracht sind und von BrightSign Digital Signage-Playern betrieben werden.<\/p>\n<ul>\n<li>Der Inhalt der Displays kann auf einzelnen Schlie\u00dff\u00e4chern oder auf allen Displays ge\u00e4ndert werden, um ein kontinuierliches Bild oder Video zu erzeugen.<\/li>\n<li>Die Umkleidekabinenl\u00f6sung umfasst auch ein vertikal in der Umkleidekabine montiertes Display, auf dem der Trainerstab den Spielplan des Tages sowie wichtige Informationen, Statistiken und Clips f\u00fcr das gesamte Team anzeigen kann.<\/li>\n<li>Die dynamischen, ma\u00dfgeschneiderten digitalen Anzeigen bieten Echtzeit-Interaktion, einschlie\u00dflich der Anzeige der pers\u00f6nlichen Avatare der Spieler \u00fcber ihren Spinden, was bei den Sportlern sehr beliebt ist.<\/li>\n<li>Au\u00dferdem wurden die Mitarbeiter der Sportabteilung von Clemson darin geschult, wie sie die Inhalte schnell und einfach verwalten und aktualisieren k\u00f6nnen.<\/li>\n<\/ul>\n<p>\"Stellen Sie sich vor, Sie sind ein potenzieller Rekrut auf einer College-Tour, kommen in die Umkleidekabine und sehen \u00fcber den Spinden Highlight-Reels\", sagt Brady Jolet, AVI Senior Account Manager. \"Das wird einen Eindruck hinterlassen.\"<\/p>\n\n\n<div class=\"basic-button blue\">\n<a href=\"https:\/\/www.brightsign.biz\/de\/hohere-bildung\/#higheredform\" target=\"_self\">DIESE L\u00d6SUNG ERHALTEN<i class=\"fa-solid fa-chevron-right\"><\/i><\/a>\n<\/div><!-- basic-cta -->\n\n\n\n<\/div><!-- block-inner-content -->\n\n<div class=\"cell small-12 medium-12 large-6\">\n<\/div><!-- cell -->\n\n<\/div><!-- block-inner -->\n\n<\/section>\n\n\n\n<section id=\"media-text-block_cf6d2c3f0a5e3cce4e0a5129e68524bb\" class=\"media-text custom-block dark small-top small-bottom\" >\n    <div class=\"dot-in\"><\/div><!-- dot-in -->\n    <div class=\"block-inner medium grid-x right\">\n    \n        <div class=\"cell small-12 medium-12 large-6 mediatext-content default-checks\">\n            <div aria-hidden=\"true\" class=\"blue-dot\"><\/div>\n                                                    <div id=\"New-Students\" class=\"column column-text left in_view\">\n<h3 class=\"column-title\">Erstsemester und neue Studenten<\/h3>\n<div class=\"text-content\"><strong>Verwenden Sie digitale Schilder zur Begr\u00fc\u00dfung von Studienanf\u00e4ngern und zur Unterst\u00fctzung der Eingliederung neuer Studenten.<\/strong><\/p>\n<ul>\n<li>Bieten Sie den Sch\u00fclern eine Bildungserfahrung, die ihnen ein Gef\u00fchl der Zugeh\u00f6rigkeit vermittelt.<\/li>\n<li>Geben Sie Informationen \u00fcber Veranstaltungen weiter, die neue Studenten zusammenbringen und ihnen das Gef\u00fchl geben, willkommen zu sein.<\/li>\n<li>F\u00fchren Sie neue Studenten \u00fcber den Campus und informieren Sie sie \u00fcber die vorhandenen Einrichtungen.<\/li>\n<li>Ermutigen Sie den Schulgeist.<\/li>\n<\/ul>\n<p><strong>Nutzen Sie die digitale Beschilderung, um mit neuen Studenten in Kontakt zu treten:<\/strong><\/p>\n<ul>\n<li>W\u00e4hrend der Orientierung f\u00fcr Studienanf\u00e4nger<\/li>\n<li>In Wohnheimen und Mensen<\/li>\n<li>Beim Studentenwerk<\/li>\n<li>Im B\u00fcro f\u00fcr finanzielle Hilfe<\/li>\n<\/ul>\n<p><strong>M\u00f6chten Sie eine einladende Umgebung f\u00fcr neue Studenten schaffen?<\/strong><\/p>\n<\/div>\n<p><a class=\"btn cta\" href=\"https:\/\/www.brightsign.biz\/de\/hohere-bildung\/#higheredform\" rel=\"\" aria-label=\"Erhalten Sie eine kostenlose Beratung\">Erhalten Sie eine kostenlose Beratung<\/a><\/div>\n                        \n                        \n                    <\/div><!-- mediatext-content -->\n        \n        <div class=\"cell small-12 medium-12 large-6 form-wrapper\">\n                            <!-- Normal form on all devices -->\n                                                    <div class=\"mediatext-image no-blue\">\n                        <img decoding=\"async\" src=\"https:\/\/www.brightsign.biz\/wp-content\/uploads\/2023\/05\/NWTechCollegeSilo-750x440.png\" alt=\"Northwest Technical College in Minnesota zeigt die Verwendung der BrightSign-Player-Technologie\" \/>\n                                            <\/div><!-- mediatext-image -->\n                                                            \n                    <\/div><!-- form-wrapper -->\n        \n    <\/div><!-- block-inner -->\n<\/section><!-- media-text -->\n\n\n\n\n\n\n\n<section id=\"full-width-feature-block_12e16690cf881fa03bf7cc21457d7590\" class=\"full-width-feature custom-block light small-top small-bottom\">\n\n    <div class=\"fv-bg-image\" style=\"background-image: url('https:\/\/www.brightsign.biz\/wp-content\/uploads\/2024\/05\/HigherEd-Bemidji-Hero-1920x900.jpg')\"><\/div>\n\n<div class=\"hero-gradient\"><\/div>\n\n<div class=\"block-inner grid-x\">\n\n<div class=\"block-inner-content default-checks cell small-12 medium-12 large-6\">\n\n    <h2 class=\"\">Vereinfachung der digitalen Signage \u00fcber mehrere Standorte hinweg<\/h2>\n<p><span class=\"sub-heading\">Als die Bemidji State University (BSU) die Kommunikation zwischen den beiden nur eine Meile voneinander entfernten Campus st\u00e4rken und vereinheitlichen wollte, wandte sie sich an BrightSign und Carousel.<\/span><\/p>\n<ul>\n<li>Wir wollten den IT-Betrieb und die Verwaltung von Inhalten in zwei verschiedenen Lernumgebungen vereinfachen.<\/li>\n<li>Wir wollten eine Grundlage schaffen, um mehr Inhaltsersteller und Mitwirkende zu gewinnen.<\/li>\n<li>Wollte ein veraltetes Digital Signage-Netzwerk in eine cloudbasierte L\u00f6sung umwandeln.<\/li>\n<\/ul>\n<p>Die BSU-L\u00f6sung umfasste digitale Wanddisplays und interaktive Monitore, die mit BrightSign-Playern und der Carousel Content Cloud betrieben wurden und in Wohnheimen, Gemeinschaftsbereichen, Abteilungsgeb\u00e4uden, dem Wellness-Center und anderen Abteilungen mit regem Publikumsverkehr eingesetzt wurden.<\/p>\n<ul>\n<li>Erleichtert die Verwendung gleicher oder \u00e4hnlicher Inhalte in Vorlagen, die f\u00fcr jeden Campus individuell gestaltet sind.<\/li>\n<li>Das Hauptaugenmerk lag auf der Ausstattung von Klassenzimmern und Konferenzr\u00e4umen f\u00fcr hybrides Lernen und Meetings, aber auch auf der F\u00e4higkeit, sich an ver\u00e4nderte Anforderungen anzupassen.<\/li>\n<\/ul>\n<p>\"Wir sind in der Lage, die digitale Beschilderung effektiv zu nutzen, um Studenten und Dozenten \u00fcber die Ressourcen zu informieren, die wir an beiden Standorten anbieten. Carousel macht es auch einfach, den gleichen oder \u00e4hnlichen Inhalt auf Vorlagen zu verwenden, die f\u00fcr jeden Campus gebrandet sind, oder sehr campusspezifische Inhalte auf einen Standort auszurichten. Unabh\u00e4ngig davon, wie wir die Vorlagen oder die Inhalte verwenden, macht Carousel Cloud Digital Signage f\u00fcr alle Beteiligten einfach.\"<\/p>\n\n\n<div class=\"basic-button blue\">\n<a href=\"#higheredform\" target=\"_self\">DIESE L\u00d6SUNG ERHALTEN<i class=\"fa-solid fa-chevron-right\"><\/i><\/a>\n<\/div><!-- basic-cta -->\n\n\n\n<\/div><!-- block-inner-content -->\n\n<div class=\"cell small-12 medium-12 large-6\">\n<\/div><!-- cell -->\n\n<\/div><!-- block-inner -->\n\n<\/section>\n\n\n\n<section id=\"media-text-block_4cff276a08209078b0c6e1bc4e092a60\" class=\"media-text custom-block dark none-top none-bottom\" >\n    <div class=\"dot-in\"><\/div><!-- dot-in -->\n    <div class=\"block-inner medium grid-x left\">\n    \n        <div class=\"cell small-12 medium-12 large-6 mediatext-content default-checks\">\n            <div aria-hidden=\"true\" class=\"blue-dot\"><\/div>\n                                                    <div class=\"vc_row wpb_row vc_row-fluid\">\n<div class=\"wpb_column vc_column_container vc_col-sm-12\">\n<div class=\"vc_column-inner\">\n<div class=\"wpb_wrapper\">\n<div class=\"is-color-white in_view\">\n<div id=\"syn-flex-wrapper-4\" class=\"wrapper flex col-50 padding-top-component padding-bottom-component flex-row color-white top-left contains-inner mobile-center-center\">\n<div class=\"flex-inner\">\n<div id=\"syn-text-column-2\" class=\"column column-text left in_view\">\n<h3 class=\"column-title\">Wiederkehrende Studenten<\/h3>\n<div class=\"text-content\"><strong>Nutzen Sie die digitale Beschilderung, um sicherzustellen, dass Sophomores und Juniors ihren Weg zum Erfolg fortsetzen.<\/strong><\/p>\n<ul>\n<li>Ermutigen, f\u00f6rdern, helfen und verbessern Sie die Erfahrungen der Studenten.<\/li>\n<li>Verbessern Sie die Lernumgebung mit interaktiven Displays.<\/li>\n<li>Schaffen Sie Vertrauen, indem Sie genaue Echtzeitinformationen dar\u00fcber weitergeben, wo Sch\u00fcler leben, spielen und lernen.<\/li>\n<li>Verbessern Sie das Wohlbefinden der Studenten und zeigen Sie ihnen, dass Ihnen die Sicherheit auf dem Campus am Herzen liegt.<\/li>\n<\/ul>\n<p><strong>Nutzen Sie die digitale Beschilderung, um mit diesen Sch\u00fclern in Kontakt zu treten:<\/strong><\/p>\n<ul>\n<li>Das B\u00fcro der Akademischen Berater<\/li>\n<li>Arbeitszimmer<\/li>\n<li>Bibliotheken<\/li>\n<li>H\u00f6rs\u00e4le<\/li>\n<\/ul>\n<p><strong>M\u00f6chten Sie mehr Studenten behalten?<\/strong><\/p>\n<\/div>\n<p><a class=\"btn cta\" href=\"https:\/\/www.brightsign.biz\/de\/hohere-bildung\/#higheredform\" rel=\"\" aria-label=\"Erhalten Sie eine kostenlose Beratung\">Erhalten Sie eine kostenlose Beratung<\/a><\/div>\n<\/div>\n<\/div>\n<\/div>\n<\/div>\n<\/div>\n<\/div>\n<\/div>\n                        \n                        \n                    <\/div><!-- mediatext-content -->\n        \n        <div class=\"cell small-12 medium-12 large-6 form-wrapper\">\n                            <!-- Normal form on all devices -->\n                                                    <div class=\"mediatext-image no-blue\">\n                        <img decoding=\"async\" src=\"https:\/\/www.brightsign.biz\/wp-content\/uploads\/2023\/05\/UCMercedSilo-750x440.png\" alt=\"Der Campus der UC Merced wird auf mehreren Bildschirmen mit einem BrightSign-Player angezeigt\" \/>\n                                            <\/div><!-- mediatext-image -->\n                                                            \n                    <\/div><!-- form-wrapper -->\n        \n    <\/div><!-- block-inner -->\n<\/section><!-- media-text -->\n\n\n\n\n\n\n\n<section id=\"full-width-feature-block_ebcfe68c97e36a1308508655827596c0\" class=\"full-width-feature custom-block light small-top small-bottom\">\n\n    <div class=\"fv-bg-image\" style=\"background-image: url('https:\/\/www.brightsign.biz\/wp-content\/uploads\/2023\/05\/Higher-Ed-UCMerced-Hero-1920x900.jpg')\"><\/div>\n\n<div class=\"hero-gradient\"><\/div>\n\n<div class=\"block-inner grid-x\">\n\n<div class=\"block-inner-content default-checks cell small-12 medium-12 large-6\">\n\n    <h2 class=\"\">Aktualisierung der Technologie<\/h2>\n<p><span class=\"sub-heading\">UC Merced, der j\u00fcngste Campus der University of California, hatte in der Vergangenheit Probleme mit Digital Signage. Deshalb entschied man sich f\u00fcr Carousel und BrightSign f\u00fcr ein umfassendes Digital Signage Upgrade im Jahr 2020.<\/span><\/p>\n<ul>\n<li>Produktunterst\u00fctzung und Benutzerfreundlichkeit standen an erster Stelle, das vorherige System wurde wegen mangelnder Unterst\u00fctzung durch den Hersteller au\u00dfer Betrieb genommen.<\/li>\n<li>Interoperabilit\u00e4t sei wichtig, insbesondere f\u00fcr Notfallwarnungen.<\/li>\n<li>Wollte Digital Signage in Klassenzimmer und Konferenzr\u00e4ume bringen, wobei drahtlose Pr\u00e4sentationssysteme nach einer Pr\u00e4sentation oder einem Vortrag automatisch auf Digital Signage Inhalte umschalten.<\/li>\n<li>Gesucht wurde eine L\u00f6sung, mit der mehrere Abteilungen auf einfache Weise ansprechende und interessante Inhalte erstellen k\u00f6nnen.<\/li>\n<\/ul>\n<p>Die L\u00f6sung umfasste mehr als f\u00fcnfzig aktive Digital Signage-Bildschirme in Dutzenden von Geb\u00e4uden auf dem Campus, die mit BrightSign-Mediaplayern und Carousel Digital Signage CMS betrieben wurden.<\/p>\n<ul>\n<li>Die native Integration von Carousel mit BrightSign-Playern vereinfachte die Bereitstellung und erm\u00f6glichte es UC Merced, die Vorteile der Zero-Touch-Bereitstellung und der Remote-Playerkonfiguration zu nutzen.<\/li>\n<li>L\u00e4sst sich problemlos in die Mersive Solstice-Kollaborationssysteme und Zoom Rooms integrieren.<\/li>\n<li>F\u00fcr kreative Freiheit und effizientes Content-Management wurden Benutzerrechte und markengesch\u00fctzte Bereiche eingerichtet.<\/li>\n<li>Au\u00dfergew\u00f6hnlicher technischer Support und kollaborative Funktionen verbesserten das Gesamterlebnis.<\/li>\n<li>Inklusive CAP-Integration f\u00fcr die Abteilung Campus-Sicherheit.<\/li>\n<\/ul>\n<p>\"Carousel Cloud und BrightSign bieten uns viele M\u00f6glichkeiten, die wir vorher einfach nicht hatten. Die M\u00f6glichkeit, mit einer Plattform so viel zu tun, tr\u00e4gt sehr zum Erreichen unserer Ziele bei\".<\/p>\n\n\n<div class=\"basic-button blue\">\n<a href=\"#higheredform\" target=\"_self\">DIESE L\u00d6SUNG ERHALTEN<i class=\"fa-solid fa-chevron-right\"><\/i><\/a>\n<\/div><!-- basic-cta -->\n\n\n\n<\/div><!-- block-inner-content -->\n\n<div class=\"cell small-12 medium-12 large-6\">\n<\/div><!-- cell -->\n\n<\/div><!-- block-inner -->\n\n<\/section>","protected":false},"excerpt":{"rendered":"","protected":false},"author":2,"featured_media":0,"parent":0,"menu_order":0,"comment_status":"closed","ping_status":"closed","template":"","meta":{"_acf_changed":true,"_searchwp_excluded":"","footnotes":""},"class_list":["post-7012","page","type-page","status-publish","hentry"],"acf":[],"_links":{"self":[{"href":"https:\/\/www.brightsign.biz\/de\/wp-json\/wp\/v2\/pages\/7012","targetHints":{"allow":["GET"]}}],"collection":[{"href":"https:\/\/www.brightsign.biz\/de\/wp-json\/wp\/v2\/pages"}],"about":[{"href":"https:\/\/www.brightsign.biz\/de\/wp-json\/wp\/v2\/types\/page"}],"author":[{"embeddable":true,"href":"https:\/\/www.brightsign.biz\/de\/wp-json\/wp\/v2\/users\/2"}],"replies":[{"embeddable":true,"href":"https:\/\/www.brightsign.biz\/de\/wp-json\/wp\/v2\/comments?post=7012"}],"version-history":[{"count":0,"href":"https:\/\/www.brightsign.biz\/de\/wp-json\/wp\/v2\/pages\/7012\/revisions"}],"wp:attachment":[{"href":"https:\/\/www.brightsign.biz\/de\/wp-json\/wp\/v2\/media?parent=7012"}],"curies":[{"name":"wp","href":"https:\/\/api.w.org\/{rel}","templated":true}]}}