{"id":850,"date":"2023-03-27T17:17:13","date_gmt":"2023-03-27T21:17:13","guid":{"rendered":"https:\/\/brightsign2425.wpenginepowered.com\/?page_id=850"},"modified":"2026-01-16T15:14:43","modified_gmt":"2026-01-16T20:14:43","slug":"karrieren","status":"publish","type":"page","link":"https:\/\/www.brightsign.biz\/de\/about\/careers\/","title":{"rendered":"Karriere"},"content":{"rendered":"<section\n  id=\"browse_jobs\"\n  class=\"hero custom-block\"\n  data-form-url=\"\"\n>\n  <!-- Backgrounds: cover full section, center position (extended via SCSS) -->\n        <div id=\"hero-desktop-background\" style=\"background-image: url('https:\/\/www.brightsign.biz\/wp-content\/uploads\/2023\/09\/About-Careers-Hero-1920x900.jpg'); background-size: cover; background-position: center center; background-repeat: no-repeat;\"><\/div>\n        <div id=\"hero-mobile-background\" style=\"background-image: url('https:\/\/www.brightsign.biz\/wp-content\/uploads\/2023\/09\/About-Careers-Hero-1920x900.jpg'); background-size: cover; background-position: center center; background-repeat: no-repeat;\"><\/div>\n  \n  <div class=\"hero-gradient\" aria-hidden=\"true\"><\/div>\n  <div class=\"block-inner medium\">\n    <div class=\"block-inner-content grid-x grid-margin-y\">\n\n      <!-- MOBILE-only layout -->\n      <div class=\"cell small-12 show-for-small-only\">\n        \n        \n        \n        \n        <ul class=\"custom-breadcrumb\"><li>Unternehmen<\/li><\/ul><div class=\"mobile-content form-content\"><h1><strong>Karriere<\/strong><\/h1>\n<p>Sehen Sie sich die Karrierem\u00f6glichkeiten an und schlie\u00dfen Sie sich dem BrightSign-Team an.<\/p>\n<\/div><div class=\"basic-button blue\"><a href=\"https:\/\/boards.greenhouse.io\/brightsign\/\" target=\"_blank\">Jobs durchsuchen <i class=\"fa-solid fa-chevron-right\"><\/i><\/a><\/div>      <\/div>\n      <!-- end MOBILE-only -->\n\n      <!-- DESKTOP text cell -->\n      <div class=\"cell small-12 medium-12 large-6 hide-for-small-only\">\n        \n        <ul class=\"custom-breadcrumb\"><li>Unternehmen<\/li><\/ul><h1><strong>Karriere<\/strong><\/h1>\n<p>Sehen Sie sich die Karrierem\u00f6glichkeiten an und schlie\u00dfen Sie sich dem BrightSign-Team an.<\/p>\n<div class=\"basic-button blue\"><a href=\"https:\/\/boards.greenhouse.io\/brightsign\/\" target=\"_blank\">Jobs durchsuchen <i class=\"fa-solid fa-chevron-right\"><\/i><\/a><\/div>      <\/div>\n      <!-- end DESKTOP text cell -->\n\n      <!-- DESKTOP form\/video cell -->\n      <div class=\"cell small-12 medium-12 large-6 center-play hide-for-small-only\">\n        \n              <\/div>\n      <!-- end DESKTOP form\/video cell -->\n\n    <\/div><!-- .block-inner-content -->\n  <\/div><!-- .block-inner -->\n<\/section><!-- hero -->\n\n\n\n\n<div class=\"pill-pad-wrap left\">\n\n    <section id=\"pill-image-text-block_eb8c893e1f3e27fef547f2f5ab583068\" class=\"pill-image-text custom-block dark small-top none-bottom\">\n\n        <div class=\"dot-in\"><\/div><!-- dot-in -->\n\n        <div class=\"pill-image-layer grid-x left\">\n\n            <div class=\"cell small-12 medium-6\"><\/div>\n\n            <div class=\"cell small-12 medium-6 pill-bg\">\n\n                <div class=\"pill-bg-image\" style=\"background-image: url( https:\/\/www.brightsign.biz\/wp-content\/uploads\/2024\/05\/EmployeesWavingInfoComm23-e1693257951849.png );\"><\/div>\n\n            <\/div><!-- pill-bg -->\n\n        <\/div><!-- pill-image-layer -->\n\n        <div class=\"block-inner medium grid-x left\">\n\n            <div class=\"cell small-12 medium-6 pill-content image-left\">\n\n                \n                    <div class=\"pill-title\">\n                        <h3>Werden Sie Mitglied des BrightSign-Teams<\/h3>\n                        <div aria-hidden=\"true\" class=\"blue-dot\"><\/div>\n                    <\/div>\n\n                \n                                    <p>Entwickeln Sie Ihre Karriere bei einem f\u00fchrenden Technologieunternehmen, das in Sie investiert. Unser globales Team aus leidenschaftlichen, kreativen und innovativen Fachleuten setzt auf brillante Ideen und Zusammenarbeit.<\/p>\n<ul>\n<li>Wettbewerbsf\u00e4hige Verg\u00fctung<\/li>\n<li>Vorteile<\/li>\n<li>Flexible Zeitpl\u00e4ne f\u00fcr Fernreisen oder gemischte Reisen<\/li>\n<li>Unbegrenztes Wachstumspotenzial<\/li>\n<li>Inklusive Kultur<\/li>\n<\/ul>\n                \n                \n            <\/div><!-- pill-content -->\n\n        <\/div><!-- block-inner -->\n\n    <\/section><!-- pill-image-text -->\n\n<\/div><!--pill-pad-wrap -->\n\n\n\n\n\n<section id=\"browse_jobs\" class=\"media-text custom-block dark small-top small-bottom\" >\n    <div class=\"dot-in\"><\/div><!-- dot-in -->\n    <div class=\"block-inner medium grid-x right\">\n    \n        <div class=\"cell small-12 medium-12 large-6 mediatext-content default-checks\">\n            <div aria-hidden=\"true\" class=\"blue-dot\"><\/div>\n                            <h4>Wer wir sind<\/h4>\n                                                    <p>Bei BrightSign sind wir nur so stark wie unser Team. Unser Ziel ist es, den Mitarbeitern zu erm\u00f6glichen, ihr Bestes bei der Arbeit zu geben, w\u00e4hrend sie ihre Leidenschaft und ihren Sinn in dem finden, was sie tun. Wir sind bestrebt, ein Team von Weltklasse aufzubauen und zu erleben. Deshalb legen wir vom ersten Tag an gro\u00dfen Wert auf Entwicklung und Engagement.<\/p>\n<p>Wir wollen eine Kultur der Verantwortlichkeit, Zugeh\u00f6rigkeit und Zusammenarbeit f\u00f6rdern.<\/p>\n<p>Machen Sie den n\u00e4chsten Schritt in Ihrer Karriere mit BrightSign.<\/p>\n                        \n                            <div class=\"basic-button blue\">\n                    <a href=\"https:\/\/boards.greenhouse.io\/brightsign\/\" target=\"_self\">\n                        Gelegenheiten durchsuchen                    <\/a>\n                <\/div><!-- basic-cta -->\n                        \n                    <\/div><!-- mediatext-content -->\n        \n        <div class=\"cell small-12 medium-12 large-6 form-wrapper\">\n                            <!-- Normal form on all devices -->\n                                                    <div class=\"mediatext-image default-bg\">\n                        <img decoding=\"async\" src=\"https:\/\/www.brightsign.biz\/wp-content\/uploads\/2024\/05\/postslide-3-750x440.jpeg\" alt=\"\" \/>\n                                            <\/div><!-- mediatext-image -->\n                                                            \n                    <\/div><!-- form-wrapper -->\n        \n    <\/div><!-- block-inner -->\n<\/section><!-- media-text -->\n\n\n\n\n\n    <section id=\"full-width-text-block_82f33a89c46591292bbf8ca608ce729b\" class=\"full-width-text custom-block dark small-top small-bottom brand-htags default-lists\">\n\n        <div class=\"block-inner medium\">\n\n        <h2 style=\"text-align: center\">Was wir anbieten<\/h2>\n<p style=\"text-align: center\">Wir sind stolz darauf, unseren Vollzeitbesch\u00e4ftigten ein umfassendes Leistungspaket anbieten zu k\u00f6nnen:<\/p>\n<h4><strong>Gro\u00dfz\u00fcgige bezahlte Freizeit<\/strong><\/h4>\n<p>PTO kann nach Belieben genutzt werden, vom Urlaub bis zur Weltreise!<\/p>\n<h4><strong>Fernarbeit<\/strong><\/h4>\n<p>Wir bieten Ihnen entweder ein reines Fernarbeitsmodell oder ein hybrides Arbeitsmodell. Wenn Sie vollst\u00e4ndig ferngesteuert arbeiten, k\u00f6nnen wir Sie bei der Einrichtung Ihres Heimb\u00fcros unterst\u00fctzen, indem wir Ihnen einen Zuschuss f\u00fcr die Einrichtung Ihres Heimb\u00fcros gew\u00e4hren, den Sie nach Belieben nutzen k\u00f6nnen, und Ihnen regelm\u00e4\u00dfige Gehaltsbeitr\u00e4ge f\u00fcr die Internet- und Handynutzung zu Hause zahlen.<\/p>\n<h4><strong>Elterliche Leistungen<\/strong><\/h4>\n<p>BrightSign freut sich, eine gro\u00dfz\u00fcgige, umfassende Elternunterst\u00fctzung f\u00fcr Haupt- und Nebenbetreuungspersonen anbieten zu k\u00f6nnen.  Die Politik ist auf allen Ebenen des Unternehmens und an allen Standorten geschlechtsneutral, obwohl einige L\u00e4nder zus\u00e4tzliche gesetzliche Leistungen vorsehen k\u00f6nnen.<\/p>\n<h4><strong>Gesundheitliche Vorteile<\/strong><\/h4>\n<p>Die Gesundheit unserer Mitarbeiter hat f\u00fcr uns Priorit\u00e4t. Deshalb bieten wir eine Reihe von verschiedenen Tarifoptionen an, die f\u00fcr Sie und Ihre Mitarbeiter geeignet sind. Au\u00dferdem bieten wir einen Kredit an, der in der Regel die Kosten f\u00fcr die Mitarbeiterpr\u00e4mie deckt. Dies gilt f\u00fcr medizinische, zahn\u00e4rztliche und visuelle Leistungen.<\/p>\n<h4><strong>Ersparnisse f\u00fcr den Ruhestand<\/strong><\/h4>\n<p>Wir m\u00f6chten, dass Sie f\u00fcr den Erfolg ger\u00fcstet sind. Bei Dienstantritt sind Sie automatisch bei unserem 401(k)- oder Rentenplan* angemeldet und k\u00f6nnen Beitr\u00e4ge leisten.<\/p>\n<p>*Weitere Einzelheiten entnehmen Sie bitte den Tarifbestimmungen.<\/p>\n<h4><strong>Kontinuierliche Entwicklung<\/strong><\/h4>\n<p>Wir bieten kontinuierliche Weiterbildungsm\u00f6glichkeiten von On-Demand-Kursen bis hin zu Live-Workshops. Wir sind der Meinung, dass alle unsere Mitarbeiter die M\u00f6glichkeit haben sollten, sich neue F\u00e4higkeiten anzueignen oder die besten Praktiken in ihrem Bereich aufzufrischen.<\/p>\n\n        \n        <\/div><!-- block-inner -->  \n\n        \n    <\/section><!-- full-width-text -->  \n\n\n\n\n\n    <section id=\"browse-jobs\" class=\"full-width-text custom-block dark small-top small-bottom brand-htags default-lists\">\n\n        <div class=\"block-inner medium\">\n\n        <h2 style=\"text-align: center\">Treten Sie dem Team bei<\/h2>\n<p style=\"text-align: center\">BrightSign hei\u00dft Menschen mit unterschiedlichem Hintergrund, Erfahrungen, F\u00e4higkeiten und Perspektiven willkommen. Wir sind ein Arbeitgeber, der die Chancengleichheit f\u00f6rdert, und fordern alle interessierten Personen auf, sich zu bewerben.<\/p>\n\n        \n                        <ul class=\"small-buttons center\">\n                                    <li>\n                        <a href=\"https:\/\/boards.greenhouse.io\/brightsign\/\" target=\"_blank\">Arbeitspl\u00e4tze bei BrightSign<\/a>\n                    <\/li>\n                            <\/ul>\n            \n        \n        <\/div><!-- block-inner -->  \n\n        \n    <\/section><!-- full-width-text -->","protected":false},"excerpt":{"rendered":"","protected":false},"author":2,"featured_media":0,"parent":560,"menu_order":40,"comment_status":"closed","ping_status":"closed","template":"","meta":{"_acf_changed":false,"_searchwp_excluded":"","footnotes":""},"class_list":["post-850","page","type-page","status-publish","hentry"],"acf":[],"_links":{"self":[{"href":"https:\/\/www.brightsign.biz\/de\/wp-json\/wp\/v2\/pages\/850","targetHints":{"allow":["GET"]}}],"collection":[{"href":"https:\/\/www.brightsign.biz\/de\/wp-json\/wp\/v2\/pages"}],"about":[{"href":"https:\/\/www.brightsign.biz\/de\/wp-json\/wp\/v2\/types\/page"}],"author":[{"embeddable":true,"href":"https:\/\/www.brightsign.biz\/de\/wp-json\/wp\/v2\/users\/2"}],"replies":[{"embeddable":true,"href":"https:\/\/www.brightsign.biz\/de\/wp-json\/wp\/v2\/comments?post=850"}],"version-history":[{"count":0,"href":"https:\/\/www.brightsign.biz\/de\/wp-json\/wp\/v2\/pages\/850\/revisions"}],"up":[{"embeddable":true,"href":"https:\/\/www.brightsign.biz\/de\/wp-json\/wp\/v2\/pages\/560"}],"wp:attachment":[{"href":"https:\/\/www.brightsign.biz\/de\/wp-json\/wp\/v2\/media?parent=850"}],"curies":[{"name":"wp","href":"https:\/\/api.w.org\/{rel}","templated":true}]}}