{"id":852,"date":"2023-03-27T17:17:36","date_gmt":"2023-03-27T17:17:36","guid":{"rendered":"https:\/\/brightsign2425.wpenginepowered.com\/?page_id=852"},"modified":"2026-04-03T15:33:26","modified_gmt":"2026-04-03T19:33:26","slug":"kontaktieren-sie-uns","status":"publish","type":"page","link":"https:\/\/www.brightsign.biz\/de\/contact-us\/","title":{"rendered":"KONTAKT"},"content":{"rendered":"<section id=\"media-grid-block_c6985476c10a21db39d1398043075531\" class=\"media-grid custom-block dark large-top medium-bottom\">\n\n<div class=\"block-inner medium\">\n\n<div class=\"full-width-text brand-htags\">\n\n    <div><h1 style=\"text-align: center;font-size: 65px\">KONTAKT<\/h1>\n<\/div>\n\n<\/div>\n\n\n<div class=\"grid-x\">\n\n\n<div class=\"mg-cell cell small-12 medium-6\">\n\n    <div class=\"mg-cell-inner item-parent\">\n\n    <div class=\"mg-item-content remove-overlay brand-htags check-lists\">\n\n        \n            <div class=\"mg-item-image\">\n\n                <img decoding=\"async\" src=\"https:\/\/www.brightsign.biz\/wp-content\/uploads\/2023\/05\/SupportCard-900x495.jpg\" alt=\"L\u00e4chelnder BrightSign Kundenbetreuer, der die Brille abnimmt und am Computer arbeitet\" \/>\n           \n\n                            <\/div>\n        \n        \n\n            <div class=\"mg-content-top\">\n\n                <h4>Mit Unterst\u00fctzung verbinden<\/h4>\n                                    <ul>\n<li><a href=\"https:\/\/docs.brightsign.biz\/support\" target=\"_blank\" rel=\"noopener\">Schnell Antworten finden<\/a> mit AI-unterst\u00fctzter Suche<\/li>\n<li>Hilfe bei der Behebung von Fehlern erhalten<\/li>\n<li>Finden Sie einen lokalen Dienstleistungsanbieter<\/li>\n<li>Anfrage an den technischen Support stellen<\/li>\n<\/ul>\n                                \n\n            <\/div><!-- mg-content-top -->\n\n            <\/div><!-- mg-item-content -->\n\n            <ul class=\"mg-cta-list small-buttons\">\n\n                \n                <li>\n                    <a href=\"#zendesk\" target=\"_self\">UNTERST\u00dcTZUNG ERHALTEN<i class=\"fa-solid fa-chevron-right\"><\/i><\/a>\n                <\/li>\n\n                                \n                \n            <\/ul>\n\n    \n    <\/div><!-- mg-cell-inner -->\n\n<\/div><!-- mg-cell -->\n\n\n<div class=\"mg-cell cell small-12 medium-6\">\n\n    <div class=\"mg-cell-inner item-parent\">\n\n    <div class=\"mg-item-content remove-overlay brand-htags check-lists\">\n\n        \n            <div class=\"mg-item-image\">\n\n                <img decoding=\"async\" src=\"https:\/\/www.brightsign.biz\/wp-content\/uploads\/2025\/09\/IMG_0624-900x495.jpg\" alt=\"Ein Mitglied des BrightSign-Vertriebsteams zeigt einem Kunden die bsn.Control-Ger\u00e4teverwaltungsdienste\" \/>\n           \n\n                            <\/div>\n        \n        \n\n            <div class=\"mg-content-top\">\n\n                <h4>Entdecken Sie, was m\u00f6glich ist<\/h4>\n                                    <ul>\n<li>Entdecken Sie BrightSign Produkte und L\u00f6sungen<\/li>\n<li>Demo oder Proof of Concept anfordern<\/li>\n<li>Verbindung mit dem Vertrieb<\/li>\n<li><a href=\"https:\/\/www.brightsign.biz\/de\/partner\/\">Einen Partner finden<\/a> f\u00fcr Ihren Bedarf an digitaler Beschilderung<\/li>\n<\/ul>\n                                \n\n            <\/div><!-- mg-content-top -->\n\n            <\/div><!-- mg-item-content -->\n\n            <ul class=\"mg-cta-list small-buttons\">\n\n                \n                <li>\n                    <a href=\"#contact\" target=\"_self\">ANFANGSBEREITSCHAFT<i class=\"fa-solid fa-chevron-right\"><\/i><\/a>\n                <\/li>\n\n                                \n                \n            <\/ul>\n\n    \n    <\/div><!-- mg-cell-inner -->\n\n<\/div><!-- mg-cell -->\n\n\n<\/div><!-- grid-x -->\n\n\n<\/div><!-- block-inner -->  \n\n<\/section><!-- ### -->\n\n\n\n\n<section\n  id=\"contact\"\n  class=\"hero custom-block\"\n  data-form-url=\"https:\/\/content.brightsign.biz\/l\/1011161\/2024-05-26\/2drxn?page_name=contact-us\"\n>\n  <!-- Backgrounds: cover full section, center position (extended via SCSS) -->\n        <div id=\"hero-desktop-background\" style=\"background-image: url('https:\/\/www.brightsign.biz\/wp-content\/uploads\/2024\/06\/HeroGradientFallback-1920x900.webp'); background-size: cover; background-position: center center; background-repeat: no-repeat;\"><\/div>\n        <div id=\"hero-mobile-background\" style=\"background-image: url('https:\/\/www.brightsign.biz\/wp-content\/uploads\/2024\/06\/HeroGradientFallback-1920x900.webp'); background-size: cover; background-position: center center; background-repeat: no-repeat;\"><\/div>\n  \n  <div class=\"hero-gradient\" aria-hidden=\"true\"><\/div>\n  <div class=\"block-inner\">\n    <div class=\"block-inner-content grid-x grid-margin-y\">\n\n      <!-- MOBILE-only layout -->\n      <div class=\"cell small-12 show-for-small-only\">\n                  <h1 class=\"mobile-title-mobile\">Sprechen Sie mit einem Experten<\/h1>\n        \n                  <div class=\"hero-form-embed\"><\/div>\n        \n        \n                  <h2 class=\"mobile-subtitle-desktop\">Verkaufsanfragen<\/h2>\n        \n        <div class=\"mobile-content form-content\"><p>Machen Sie das Beste aus Ihrer BrightSign-Erfahrung:<\/p>\n<ul>\n<li>Erfahren Sie mehr \u00fcber BrightSign-Produkte<\/li>\n<li>Erkunden Sie auf Ihre Marke zugeschnittene Anwendungsf\u00e4lle<\/li>\n<li>Demo oder Proof of Concept anfordern<\/li>\n<li>Zugang zu unserem Partnernetzwerk<\/li>\n<\/ul>\n<div style=\"padding-top: 10px;padding-right: 10px\">\n<p><img decoding=\"async\" class=\"alignleft\" style=\"padding-top: 20px;padding-bottom: 20px\" src=\"https:\/\/www.brightsign.biz\/wp-content\/uploads\/2025\/09\/question-mark-icon-v15.png\" alt=\"Fragezeichen-Symbol\" \/>F\u00fcr technische Fragen verwenden Sie die <a href=\"#zendesk\">Support-Widget<\/a> in der rechten unteren Ecke oder <a href=\"https:\/\/support.brightsign.biz\/hc\/en-us\/requests\/new\" target=\"_blank\" rel=\"noopener\">hier eine Support-Anfrage stellen<\/a>.<\/p>\n<\/div>\n<p>&nbsp;<\/p>\n<p>Postanschrift:<br \/>\nP.O. Box 320250<br \/>\nLos Gatos, CA 95032-0104<\/p>\n<p>Telefon-Nummer:<br \/>\n408-852-9263<\/p>\n<\/div>      <\/div>\n      <!-- end MOBILE-only -->\n\n      <!-- DESKTOP text cell -->\n      <div class=\"cell small-12 medium-12 large-6 form-content small-order-2 medium-order-1 large-order-1 hide-for-small-only\">\n        \n        <h1><strong>KONTAKT<\/strong><\/h1>\n<p>&nbsp;<\/p>\n<p>Machen Sie das Beste aus Ihrer BrightSign-Erfahrung:<\/p>\n<ul>\n<li>Erfahren Sie mehr \u00fcber BrightSign-Produkte<\/li>\n<li>Erkunden Sie auf Ihre Marke zugeschnittene Anwendungsf\u00e4lle<\/li>\n<li>Demo oder Proof of Concept anfordern<\/li>\n<li>Zugang zu unserem Partnernetzwerk<\/li>\n<\/ul>\n<div style=\"padding-top: 10px;padding-right: 10px\">\n<p><img decoding=\"async\" class=\"alignleft\" style=\"padding-top: 20px;padding-bottom: 20px\" src=\"https:\/\/www.brightsign.biz\/wp-content\/uploads\/2025\/09\/question-mark-icon-v15.png\" alt=\"Fragezeichen-Symbol\" \/><\/p>\n<p>F\u00fcr technische Fragen verwenden Sie die <a href=\"#zendesk\">Support-Widget<\/a> in der rechten unteren Ecke oder <a href=\"https:\/\/support.brightsign.biz\/hc\/en-us\/requests\/new\" target=\"_blank\" rel=\"noopener\">hier eine Support-Anfrage stellen<\/a>.<\/p>\n<\/div>\n<p>&nbsp;<\/p>\n<p>Postanschrift:<br \/>\nP.O. Box 320250<br \/>\nLos Gatos, CA 95032-0104<\/p>\n<p>Telefon-Nummer:<br \/>\n408-852-9263<\/p>\n      <\/div>\n      <!-- end DESKTOP text cell -->\n\n      <!-- DESKTOP form\/video cell -->\n      <div class=\"cell small-12 medium-12 large-6 center-play small-order-1 medium-order-2 large-order-2 hide-for-small-only\">\n                  <h2 class=\"mobile-title-desktop\">Sprechen Sie mit einem Experten<\/h2>\n        \n                  <div class=\"hero-form-embed\"><\/div>\n              <\/div>\n      <!-- end DESKTOP form\/video cell -->\n\n    <\/div><!-- .block-inner-content -->\n  <\/div><!-- .block-inner -->\n<\/section><!-- hero -->\n\n\n\n<section id=\"testimonial-slider-block_577ae95734a230bf3983c0dbbb0264ed\" class=\"testimonial-slider custom-block\">\n\n    <div class=\"block-inner medium\">\n\n                    <h3>Was unsere Kunden sagen<\/h3>\n        \n        <div class=\"swiper testimonial-swiper\">\n            \n            <div class=\"swiper-wrapper\">\n\n                \n                    <div class=\"swiper-slide\">\n\n                        <div class=\"slide-inner\">\n\n                            <blockquote>\n            \n                                <p>Die Gesch\u00e4fte am Times Square geh\u00f6ren zu den am besten sichtbaren Einzelhandelsgesch\u00e4ften<br \/>\nEinrichtungen auf der ganzen Welt. Bereitstellung einer markengerechten digitalen<br \/>\nErfahrung war unser Ziel. Wir haben BrightSign-Medienspieler anvertraut<br \/>\num eine ausfallsichere Medienverteilungsplattform bereitzustellen. Nicht nur<br \/>\nhaben wir den Vorteil der un\u00fcbertroffenen Zuverl\u00e4ssigkeit von BrightSign, aber wir<br \/>\nwaren in der Lage, mit nur zwei Akteuren Inhalte f\u00fcr den gesamten Laden zu erstellen<br \/>\n- ein echter Beweis f\u00fcr die robusten F\u00e4higkeiten der BrightSign-Hardware.<\/p>\n\n                                <div class=\"cite-wrap\">\n\n                                                                        <cite>\n                                        <span class=\"testimonial-name\">Brandie Perkins<\/span>\n                                                                                    <br><span>Reflektieren<\/span>\n                                                                            <\/cite>\n                                <\/div>\n\n                                \n                            <\/blockquote>\n\n                        <\/div><!-- slide-inner -->\n\n                    <\/div><!-- swiper-slide -->\n\n                \n                    <div class=\"swiper-slide\">\n\n                        <div class=\"slide-inner\">\n\n                            <blockquote>\n            \n                                <p>\u201eBrightSign-Player sind robust, flexibel, reaktionsschnell und lassen sich leicht an unsere Bed\u00fcrfnisse anpassen. Wir verwenden BrightSign-Player in gro\u00dfem Umfang, weil sie robust und solide sind und sich bew\u00e4hrt haben.\u201c<\/p>\n\n                                <div class=\"cite-wrap\">\n\n                                                                        <cite>\n                                        <span class=\"testimonial-name\">Marc Simpson<\/span>\n                                                                                    <br><span>All Blacks Rugby Experience, Toulouse<\/span>\n                                                                            <\/cite>\n                                <\/div>\n\n                                \n                            <\/blockquote>\n\n                        <\/div><!-- slide-inner -->\n\n                    <\/div><!-- swiper-slide -->\n\n                \n                    <div class=\"swiper-slide\">\n\n                        <div class=\"slide-inner\">\n\n                            <blockquote>\n            \n                                <p>\u201eWir entscheiden uns regelm\u00e4\u00dfig f\u00fcr BrightSign-Player. Sie bieten unseren Kunden eine seltene Kombination aus Zuverl\u00e4ssigkeit, Wartungsfreundlichkeit, fl\u00fcssiger Wiedergabe und - ganz wichtig - eine Auswahl an Software. Wir scherzen, dass<br \/>\ndie Player von BrightSign uns alle \u00fcberleben werden, und ich wette, das ist nicht weit von der Wahrheit entfernt.\"<\/p>\n\n                                <div class=\"cite-wrap\">\n\n                                                                        <cite>\n                                        <span class=\"testimonial-name\">Jonathan Alger<\/span>\n                                                                                    <br><span>C&amp;G-Partners f\u00fcr die Rockefeller-Universit\u00e4t<\/span>\n                                                                            <\/cite>\n                                <\/div>\n\n                                \n                            <\/blockquote>\n\n                        <\/div><!-- slide-inner -->\n\n                    <\/div><!-- swiper-slide -->\n\n                \n                    <div class=\"swiper-slide\">\n\n                        <div class=\"slide-inner\">\n\n                            <blockquote>\n            \n                                <p>\u201eDas System BrightSign war eine ideale Empfehlung, da es zweifellos der leistungsf\u00e4higste Player war und das beste Preis-Leistungs-Verh\u00e4ltnis bot. Die Qualit\u00e4t hat uns dazu bewogen, das BrightSign f\u00fcr alle zuk\u00fcnftigen Projekte zu standardisieren.\u201c<\/p>\n\n                                <div class=\"cite-wrap\">\n\n                                                                        <cite>\n                                        <span class=\"testimonial-name\">Terry Podesta<\/span>\n                                                                                    <br><span>360 Digital<\/span>\n                                                                            <\/cite>\n                                <\/div>\n\n                                \n                            <\/blockquote>\n\n                        <\/div><!-- slide-inner -->\n\n                    <\/div><!-- swiper-slide -->\n\n                \n                    <div class=\"swiper-slide\">\n\n                        <div class=\"slide-inner\">\n\n                            <blockquote>\n            \n                                <p>Richard Taylor, Mitbegr\u00fcnder und Creative Lead von Weta Workshop, sagt: \"Das Erlebnis hat das Publikum vom ersten Moment an begeistert. Der Besuch jeder Person ist einzigartig, je nachdem, womit sie interagiert: welchen Knopf sie dr\u00fcckt, welchen Hebel sie zieht oder welchen Sensor sie ausl\u00f6st. BrightSign erm\u00f6glicht es, dieses vollst\u00e4ndig anpassbare Medienerlebnis in einer wiederholten, zuverl\u00e4ssigen Art und Weise zu liefern, bis der Abspann l\u00e4uft.\"<\/p>\n<p> Co-founder und Creative Lead, Weta Workshop <\/p>\n\n                                <div class=\"cite-wrap\">\n\n                                                                        <cite>\n                                        <span class=\"testimonial-name\">Richard Taylor<\/span>\n                                                                                    <br><span> Co-founder und Creative Lead, Weta Workshop<\/span>\n                                                                            <\/cite>\n                                <\/div>\n\n                                \n                            <\/blockquote>\n\n                        <\/div><!-- slide-inner -->\n\n                    <\/div><!-- swiper-slide -->\n\n                \n            <\/div><!-- swiper-wrapper -->\n\n            <div class=\"swiper-button-next show-for-large\"><\/div>\n            <div class=\"swiper-button-prev show-for-large\"><\/div>\n            <div class=\"swiper-pagination-wrapper hide-for-large\">\n                <div class=\"swiper-pagination\"><\/div>\n            <\/div><!-- swiper-pagination-wrapper -->\n\n        <\/div><!-- swiper -->\n\n    <\/div><!-- block-inner -->\n\n<\/section><!-- testimonial-slider -->\n\n\n\n\n\n<section id=\"ticker-block_9e06e040e583709112efe8c78fcd8ce5\" class=\"ticker custom-block white-bg dark medium-top medium-bottom\">\n\n            <h4>Vertrauen bei Branchenf\u00fchrern<\/h4>\n    \n    <div class=\"block-inner\">\n        <div class=\"swiper ticker-swiper\">\n            <div class=\"swiper-wrapper\">\n\n                                    \n                        <div class=\"swiper-slide\">\n                                                            <img decoding=\"async\" src=\"https:\/\/www.brightsign.biz\/wp-content\/uploads\/2024\/05\/PlugPowerGrayscale.svg\" alt=\"\" \/>\n                                                                                <\/div>\n\n                    \n                        <div class=\"swiper-slide\">\n                                                            <img decoding=\"async\" src=\"https:\/\/www.brightsign.biz\/wp-content\/uploads\/2024\/05\/GoPro_logo_light.svg\" alt=\"\" \/>\n                                                                                <\/div>\n\n                    \n                        <div class=\"swiper-slide\">\n                                                            <img decoding=\"async\" src=\"https:\/\/www.brightsign.biz\/wp-content\/uploads\/2024\/05\/lg.svg\" alt=\"\" \/>\n                                                                                <\/div>\n\n                    \n                        <div class=\"swiper-slide\">\n                                                            <img decoding=\"async\" src=\"https:\/\/www.brightsign.biz\/wp-content\/uploads\/2024\/05\/bestbuy.svg\" alt=\"\" \/>\n                                                                                <\/div>\n\n                    \n                        <div class=\"swiper-slide\">\n                                                            <img decoding=\"async\" src=\"https:\/\/www.brightsign.biz\/wp-content\/uploads\/2024\/05\/bose.svg\" alt=\"\" \/>\n                                                                                <\/div>\n\n                    \n                        <div class=\"swiper-slide\">\n                                                            <img decoding=\"async\" src=\"https:\/\/www.brightsign.biz\/wp-content\/uploads\/2024\/05\/PlugPowerGrayscale.svg\" alt=\"\" \/>\n                                                                                <\/div>\n\n                    \n                        <div class=\"swiper-slide\">\n                                                            <img decoding=\"async\" src=\"https:\/\/www.brightsign.biz\/wp-content\/uploads\/2024\/05\/GoPro_logo_light.svg\" alt=\"\" \/>\n                                                                                <\/div>\n\n                    \n                        <div class=\"swiper-slide\">\n                                                            <img decoding=\"async\" src=\"https:\/\/www.brightsign.biz\/wp-content\/uploads\/2024\/05\/lg.svg\" alt=\"\" \/>\n                                                                                <\/div>\n\n                    \n                        <div class=\"swiper-slide\">\n                                                            <img decoding=\"async\" src=\"https:\/\/www.brightsign.biz\/wp-content\/uploads\/2024\/05\/bestbuy.svg\" alt=\"\" \/>\n                                                                                <\/div>\n\n                    \n                        <div class=\"swiper-slide\">\n                                                            <img decoding=\"async\" src=\"https:\/\/www.brightsign.biz\/wp-content\/uploads\/2024\/05\/bose.svg\" alt=\"\" \/>\n                                                                                <\/div>\n\n                                    \n            <\/div><!-- swiper-wrapper -->\n        <\/div><!-- swiper -->\n    <\/div><!-- block-inner -->\n<\/section><!-- ticker -->","protected":false},"excerpt":{"rendered":"","protected":false},"author":2,"featured_media":0,"parent":0,"menu_order":110,"comment_status":"closed","ping_status":"closed","template":"","meta":{"_acf_changed":false,"_searchwp_excluded":"","footnotes":""},"class_list":["post-852","page","type-page","status-publish","hentry"],"acf":[],"_links":{"self":[{"href":"https:\/\/www.brightsign.biz\/de\/wp-json\/wp\/v2\/pages\/852","targetHints":{"allow":["GET"]}}],"collection":[{"href":"https:\/\/www.brightsign.biz\/de\/wp-json\/wp\/v2\/pages"}],"about":[{"href":"https:\/\/www.brightsign.biz\/de\/wp-json\/wp\/v2\/types\/page"}],"author":[{"embeddable":true,"href":"https:\/\/www.brightsign.biz\/de\/wp-json\/wp\/v2\/users\/2"}],"replies":[{"embeddable":true,"href":"https:\/\/www.brightsign.biz\/de\/wp-json\/wp\/v2\/comments?post=852"}],"version-history":[{"count":6,"href":"https:\/\/www.brightsign.biz\/de\/wp-json\/wp\/v2\/pages\/852\/revisions"}],"predecessor-version":[{"id":13483,"href":"https:\/\/www.brightsign.biz\/de\/wp-json\/wp\/v2\/pages\/852\/revisions\/13483"}],"wp:attachment":[{"href":"https:\/\/www.brightsign.biz\/de\/wp-json\/wp\/v2\/media?parent=852"}],"curies":[{"name":"wp","href":"https:\/\/api.w.org\/{rel}","templated":true}]}}