{"id":11685,"date":"2024-09-11T12:35:07","date_gmt":"2024-09-11T16:35:07","guid":{"rendered":"https:\/\/www.brightsign.biz\/?page_id=11685"},"modified":"2024-09-11T12:58:57","modified_gmt":"2024-09-11T16:58:57","slug":"condiciones-de-uso-del-sitio-web-5","status":"publish","type":"page","link":"https:\/\/www.brightsign.biz\/es\/legal\/brightauthor-license-agreement\/","title":{"rendered":"BrightAuthor Acuerdo de licencia"},"content":{"rendered":"<section\n  id=\"hero-block_d1fe6dde5b47989724452b3452f59bdc\"\n  class=\"hero custom-block\"\n  data-form-url=\"\"\n>\n  <!-- Backgrounds: cover full section, center position (extended via SCSS) -->\n        <div id=\"hero-desktop-background\" style=\"background-image: url('https:\/\/www.brightsign.biz\/wp-content\/uploads\/2024\/09\/header-template3-15-1920x900.jpg'); background-size: cover; background-position: center center; background-repeat: no-repeat;\"><\/div>\n        <div id=\"hero-mobile-background\" style=\"background-image: url('https:\/\/www.brightsign.biz\/wp-content\/uploads\/2024\/09\/header-template3-15-1920x900.jpg'); background-size: cover; background-position: center center; background-repeat: no-repeat;\"><\/div>\n  \n  <div class=\"hero-gradient\" aria-hidden=\"true\"><\/div>\n  <div class=\"block-inner medium\">\n    <div class=\"block-inner-content grid-x grid-margin-y\">\n\n      <!-- MOBILE-only layout -->\n      <div class=\"cell small-12 show-for-small-only\">\n        \n        \n        \n        \n        <div class=\"mobile-content form-content\"><h1 class=\"\"><strong>Bright<\/strong>Autor<br \/>\nAcuerdo de licencia<\/h1>\n<p>10 de febrero de 2020<\/p>\n<\/div>      <\/div>\n      <!-- end MOBILE-only -->\n\n      <!-- DESKTOP text cell -->\n      <div class=\"cell small-12 medium-12 large-6 hide-for-small-only\">\n        \n        <h1 class=\"\"><strong>Bright<\/strong>Autor<br \/>\nAcuerdo de licencia<\/h1>\n<p>10 de febrero de 2020<\/p>\n      <\/div>\n      <!-- end DESKTOP text cell -->\n\n      <!-- DESKTOP form\/video cell -->\n      <div class=\"cell small-12 medium-12 large-6 center-play hide-for-small-only\">\n        \n              <\/div>\n      <!-- end DESKTOP form\/video cell -->\n\n    <\/div><!-- .block-inner-content -->\n  <\/div><!-- .block-inner -->\n<\/section><!-- hero -->\n\n\n\n    <section id=\"full-width-text-block_53bd4df2a9569c754863eeed3d46d54d\" class=\"full-width-text custom-block dark small-top small-bottom brand-htags default-lists\">\n\n        <div class=\"block-inner medium\">\n\n        <h2 style=\"text-align: center\">BrightAuthor Acuerdo de licencia<\/h2>\n<p class=\"p2\"><strong>BRIGHTSIGN, LLC.<\/strong><\/p>\n<p class=\"p2\"><strong>SOFTWARE BRIGHTAUTHOR<\/strong><\/p>\n<p class=\"p2\"><strong>ACUERDO DE LICENCIA<\/strong><\/p>\n<p class=\"p3\">\n<p class=\"p4\"><strong>IMPORTANTE: ESTE ACUERDO DE LICENCIA ES EL ACUERDO LEGAL (\"ACUERDO\") ENTRE USTED Y BRIGHTSIGN, LLC. (\"BRIGHTSIGN\") QUE RIGE EL USO DEL SOFTWARE BRIGHTSIGN BRIGHTAUTHOR (\"SOFTWARE\") QUE OPERA CON EL BRIGHTSIGN BRIGHTSIGN.<sup>\u00ae\u00a0<\/sup>PRODUCTO (\"DISPOSITIVO\").<span class=\"Apple-converted-space\">\u00a0\u00a0<\/span>SI DESCARGA E INSTALA EL SOFTWARE, EST\u00c1 INDICANDO QUE HA LE\u00cdDO Y COMPRENDIDO LOS T\u00c9RMINOS DE ESTE ACUERDO Y QUE ACEPTA CUMPLIRLOS.<span class=\"Apple-converted-space\">\u00a0\u00a0<\/span>SI NO EST\u00c1 DE ACUERDO CON LOS T\u00c9RMINOS Y CONDICIONES DE ESTE ACUERDO, NO DEBE DESCARGAR EL SOFTWARE Y NO SE LE CONCEDE NING\u00daN DERECHO SOBRE EL MISMO Y NO TIENE DERECHO A UTILIZARLO.<\/strong><\/p>\n<p class=\"p1\">\n<p class=\"p5\">Usted y BrightSign acuerdan lo siguiente:<\/p>\n<p class=\"p5\"><strong>1.\u00a0<\/strong><strong>Licencia de software.<\/strong><span class=\"Apple-converted-space\">\u00a0 \u00a0\u00a0<\/span>Por el presente documento, BrightSign le concede una licencia no exclusiva, intransferible, no sublicenciable y libre de regal\u00edas para utilizar y mostrar el Software \u00fanicamente para su uso con un Dispositivo adquirido por usted.<span class=\"Apple-converted-space\">\u00a0\u00a0<\/span>Se trata de una licencia y no de una venta.<\/p>\n<p class=\"p5\"><strong>2.<span class=\"Apple-converted-space\">\u00a0\u00a0<\/span>Restricciones.\u00a0 <span class=\"Apple-converted-space\">\u00a0\u00a0<\/span><\/strong>Usted no podr\u00e1 (a) utilizar el Software o el Dispositivo para mostrar contenidos ilegales o que violen derechos de terceros, (b) copiar, distribuir, sublicenciar, arrendar, alquilar o transferir de cualquier otro modo el Software a terceros, (c) modificar, adaptar, alterar, traducir o crear trabajos derivados del Software, (d) descompilar, desensamblar, (d) descompilar, desensamblar, realizar ingenier\u00eda inversa o derivar de cualquier otro modo el c\u00f3digo fuente, o intentar derivar el c\u00f3digo fuente, del Software, excepto en la medida en que BrightSign pueda, en determinadas jurisdicciones, estar obligada por ley a permitir la ingenier\u00eda inversa y siempre que las disposiciones de dicha ley no puedan eximirse o condicionarse a la solicitud previa de informaci\u00f3n relativa a la interoperabilidad; o (e) encargar a un tercero que realice para usted cualquiera de las acciones anteriores. El Software y todos sus derechos de propiedad intelectual son propiedad exclusiva de BrightSign o de sus proveedores. BrightSign se reserva el derecho a actualizar el Software de vez en cuando a su entera discreci\u00f3n, incluyendo la adici\u00f3n, modificaci\u00f3n o eliminaci\u00f3n de funcionalidades y caracter\u00edsticas, o la modificaci\u00f3n de la interfaz de usuario.<span class=\"Apple-converted-space\">\u00a0\u00a0<\/span>BrightSign se reserva todos los derechos sobre el Software que no se le hayan concedido expresamente en el presente Contrato.<\/p>\n<p class=\"p5\"><strong>3.<span class=\"Apple-converted-space\">\u00a0\u00a0<\/span>SIN GARANT\u00cdA.<span class=\"Apple-converted-space\">\u00a0 \u00a0\u00a0<\/span><\/strong>USTED RECONOCE QUE EL SOFTWARE ES PROPORCIONADO POR BRIGHTSIGN \"TAL CUAL\" Y SIN GARANT\u00cdA DE NING\u00daN TIPO Y QUE USTED NO HA RECIBIDO NINGUNA GARANT\u00cdA EXPRESA DE BRIGHTSIGN. Y SIN GARANT\u00cdA DE NING\u00daN TIPO Y QUE USTED NO HA RECIBIDO NINGUNA GARANT\u00cdA EXPRESA DE BRIGHTSIGN.<span class=\"Apple-converted-space\">\u00a0\u00a0<\/span>BRIGHTSIGN NO GARANTIZA QUE EL SOFTWARE SATISFAGA SUS NECESIDADES O QUE EL FUNCIONAMIENTO DEL SOFTWARE SEA ININTERRUMPIDO O EST\u00c9 LIBRE DE ERRORES.\u00a0<span class=\"Apple-converted-space\">\u00a0\u00a0<\/span>USTED ASUME TODA LA RESPONSABILIDAD DE LA SELECCI\u00d3N, POSESI\u00d3N, RENDIMIENTO Y CORRECTA INSTALACI\u00d3N Y USO DEL SOFTWARE, AS\u00cd COMO DE LA VERIFICACI\u00d3N DE LOS RESULTADOS OBTENIDOS CON EL MISMO.\u00a0<span class=\"Apple-converted-space\">\u00a0\u00a0<\/span>BRIGHTSIGN NO GARANTIZA NI PUEDE GARANTIZAR EL RENDIMIENTO O LOS RESULTADOS QUE USTED PUEDA OBTENER MEDIANTE EL USO DEL SOFTWARE.<\/p>\n<p class=\"p5\"><strong>4. Exenci\u00f3n de garant\u00eda.\u00a0 <\/strong><span class=\"Apple-converted-space\">\u00a0\u00a0<\/span>BRIGHTSIGN no ofrece garant\u00edas, expresas o impl\u00edcitas, derivadas del curso de los negocios o del uso del comercio, o legales, en cuanto al SOFTWARE, o a cualquier asunto.<span class=\"Apple-converted-space\">\u00a0 I<\/span>En particular, quedan expresamente excluidas todas y cada una de las garant\u00edas de comerciabilidad, idoneidad para un fin determinado, CALIDAD SATISFACTORIA y no infracci\u00f3n de derechos de terceros.<\/p>\n<p class=\"p5\"><strong>5. LIMITACI\u00d3N DE RESPONSABILIDAD<\/strong>.\u00a0 <span class=\"Apple-converted-space\">\u00a0\u00a0<\/span>EN NING\u00daN CASO BRIGHTSIGN SER\u00c1 RESPONSABLE ANTE USTED O CUALQUIER TERCERO POR CUALQUIER P\u00c9RDIDA DE USO, P\u00c9RDIDA DE DATOS, INTERRUPCI\u00d3N DE NEGOCIOS O SERVICIOS, O CUALQUIER DA\u00d1O INDIRECTO, ESPECIAL, PUNITIVO, INCIDENTAL O CONSECUENTE QUE SURJA BAJO O EN RELACI\u00d3N CON ESTE ACUERDO O POR LUCRO CESANTE, INDEPENDIENTEMENTE DE LA FORMA DE ACCI\u00d3N, YA SEA EN CONTRATO, AGRAVIO (INCLUYENDO NEGLIGENCIA), O CUALQUIER OTRO RECURSO LEGAL O EQUITATIVO, INCLUSO SI SE ADVIRTI\u00d3 DE LA POSIBILIDAD DE TALES DA\u00d1OS O P\u00c9RDIDAS, O DE CUALQUIER RECLAMACI\u00d3N POR PARTE DE TERCEROS.\u00a0<span class=\"Apple-converted-space\">\u00a0\u00a0<\/span>USTED RECONOCE QUE ESTA LIMITACI\u00d3N DE RESPONSABILIDAD ES UN ASPECTO FUNDAMENTAL DE ESTE ACUERDO Y DEL SUMINISTRO GRATUITO DEL SOFTWARE POR PARTE DE BRIGHTSIGN, Y QUE EN AUSENCIA DE DICHA LIMITACI\u00d3N DE RESPONSABILIDAD LAS CONDICIONES ECON\u00d3MICAS DEL SOFTWARE SER\u00cdAN SUSTANCIALMENTE DIFERENTES.<\/p>\n<p class=\"p5\"><strong>6. Datos personales.\u00a0 \u00a0<\/strong>\u00a0Usted reconoce y acepta que el Software y el Dispositivo no est\u00e1n destinados a ser utilizados para recopilar, almacenar, procesar, transmitir o poner a disposici\u00f3n cualquier informaci\u00f3n de identificaci\u00f3n personal, datos personales, financieros, m\u00e9dicos u otra informaci\u00f3n protegida (colectivamente, \"Datos Personales\").  Usted no utilizar\u00e1 ni permitir\u00e1 que un tercero utilice el Software o el Dispositivo para recopilar, almacenar, procesar, transmitir o poner a disposici\u00f3n Datos Personales.  Usted indemnizar\u00e1 y mantendr\u00e1 indemne a la Empresa, sus proveedores, directivos, directores, empleados, agentes, sucesores, filiales, sublicencias y cesionarios frente a cualesquiera reclamaciones, da\u00f1os, p\u00e9rdidas, costes y responsabilidades (incluidos los honorarios razonables de abogados y las costas judiciales) que se deriven o est\u00e9n relacionados con cualquier recopilaci\u00f3n, almacenamiento, procesamiento, transmisi\u00f3n o puesta a disposici\u00f3n de Datos Personales utilizando el Software o el Dispositivo.<\/p>\n<p class=\"p5\"><strong>7. VARIOS.<\/strong><span class=\"Apple-converted-space\">\u00a0 \u00a0\u00a0<\/span>El presente Acuerdo se regir\u00e1 en todos sus aspectos por las leyes del Estado de California, ya que dichas leyes se aplican a los acuerdos celebrados y ejecutados \u00edntegramente en California entre residentes de California.<span class=\"Apple-converted-space\">\u00a0\u00a0<\/span>La Convenci\u00f3n de las Naciones Unidas sobre los Contratos de Compraventa Internacional de Mercader\u00edas queda expresamente excluida de la aplicaci\u00f3n al presente Acuerdo.<span class=\"Apple-converted-space\">\u00a0\u00a0<\/span>Este Contrato constituye el acuerdo completo entre las partes con respecto al Software. Este Acuerdo sustituye, y los t\u00e9rminos de este Acuerdo rigen, cualquier acuerdo anterior, entre las partes con respecto al Software. Su derecho a utilizar el Software terminar\u00e1 inmediatamente en caso de incumplimiento por su parte de este acuerdo.<\/p>\n\n        \n        <\/div><!-- block-inner -->  \n\n        \n    <\/section><!-- full-width-text -->","protected":false},"excerpt":{"rendered":"","protected":false},"author":32,"featured_media":0,"parent":846,"menu_order":70,"comment_status":"closed","ping_status":"closed","template":"","meta":{"_acf_changed":true,"_searchwp_excluded":"","footnotes":""},"class_list":["post-11685","page","type-page","status-publish","hentry"],"acf":[],"_links":{"self":[{"href":"https:\/\/www.brightsign.biz\/es\/wp-json\/wp\/v2\/pages\/11685","targetHints":{"allow":["GET"]}}],"collection":[{"href":"https:\/\/www.brightsign.biz\/es\/wp-json\/wp\/v2\/pages"}],"about":[{"href":"https:\/\/www.brightsign.biz\/es\/wp-json\/wp\/v2\/types\/page"}],"author":[{"embeddable":true,"href":"https:\/\/www.brightsign.biz\/es\/wp-json\/wp\/v2\/users\/32"}],"replies":[{"embeddable":true,"href":"https:\/\/www.brightsign.biz\/es\/wp-json\/wp\/v2\/comments?post=11685"}],"version-history":[{"count":0,"href":"https:\/\/www.brightsign.biz\/es\/wp-json\/wp\/v2\/pages\/11685\/revisions"}],"up":[{"embeddable":true,"href":"https:\/\/www.brightsign.biz\/es\/wp-json\/wp\/v2\/pages\/846"}],"wp:attachment":[{"href":"https:\/\/www.brightsign.biz\/es\/wp-json\/wp\/v2\/media?parent=11685"}],"curies":[{"name":"wp","href":"https:\/\/api.w.org\/{rel}","templated":true}]}}