{"id":11686,"date":"2024-09-11T12:35:07","date_gmt":"2024-09-11T16:35:07","guid":{"rendered":"https:\/\/www.brightsign.biz\/?page_id=11686"},"modified":"2024-09-11T12:35:07","modified_gmt":"2024-09-11T16:35:07","slug":"condiciones-de-uso-del-sitio-web-6","status":"publish","type":"page","link":"https:\/\/www.brightsign.biz\/es\/legal\/firmware-license-agreement\/","title":{"rendered":"BrightSign Acuerdo de licencia de firmware"},"content":{"rendered":"<section\n  id=\"hero-block_76e53b1778ae4746736091952dacc784\"\n  class=\"hero custom-block\"\n  data-form-url=\"\"\n>\n  <!-- Backgrounds: cover full section, center position (extended via SCSS) -->\n        <div id=\"hero-desktop-background\" style=\"background-image: url('https:\/\/www.brightsign.biz\/wp-content\/uploads\/2024\/09\/header-template3-15-1920x900.jpg'); background-size: cover; background-position: center center; background-repeat: no-repeat;\"><\/div>\n        <div id=\"hero-mobile-background\" style=\"background-image: url('https:\/\/www.brightsign.biz\/wp-content\/uploads\/2024\/09\/header-template3-15-1920x900.jpg'); background-size: cover; background-position: center center; background-repeat: no-repeat;\"><\/div>\n  \n  <div class=\"hero-gradient\" aria-hidden=\"true\"><\/div>\n  <div class=\"block-inner medium\">\n    <div class=\"block-inner-content grid-x grid-margin-y\">\n\n      <!-- MOBILE-only layout -->\n      <div class=\"cell small-12 show-for-small-only\">\n        \n        \n        \n        \n        <div class=\"mobile-content form-content\"><h1 class=\"\"><strong>Bright<\/strong>Sign<br \/>\n<strong>Firmware<\/strong><br \/>\nAcuerdo de licencia<\/h1>\n<p>10 de febrero de 2020<\/p>\n<\/div>      <\/div>\n      <!-- end MOBILE-only -->\n\n      <!-- DESKTOP text cell -->\n      <div class=\"cell small-12 medium-12 large-6 hide-for-small-only\">\n        \n        <h1 class=\"\"><strong>Bright<\/strong>Sign<br \/>\n<strong>Firmware<\/strong><br \/>\nAcuerdo de licencia<\/h1>\n<p>10 de febrero de 2020<\/p>\n      <\/div>\n      <!-- end DESKTOP text cell -->\n\n      <!-- DESKTOP form\/video cell -->\n      <div class=\"cell small-12 medium-12 large-6 center-play hide-for-small-only\">\n        \n              <\/div>\n      <!-- end DESKTOP form\/video cell -->\n\n    <\/div><!-- .block-inner-content -->\n  <\/div><!-- .block-inner -->\n<\/section><!-- hero -->\n\n\n\n    <section id=\"full-width-text-block_5435e051320e752884ea88a57d6822c8\" class=\"full-width-text custom-block dark small-top small-bottom brand-htags default-lists\">\n\n        <div class=\"block-inner medium\">\n\n        <h2 style=\"text-align: center\">BrightSign Acuerdo de licencia de firmware<\/h2>\n<p><em><strong>Para descargar el software, siga el enlace siguiente (una vez en la p\u00e1gina de descargas, despu\u00e9s de hacer clic en el enlace siguiente, despl\u00e1cese hacia abajo para encontrar y descargar el software necesario):<\/strong><\/em><\/p>\n<p><a href=\"http:\/\/www.brightsign.biz\/es\/downloads\/overview\/\">http:\/\/www.brightsign.biz\/downloads\/overview\/\u00a0<\/a><\/p>\n<p>&nbsp;<\/p>\n<p><strong>IMPORTANTE: LEA ESTE ACUERDO CUIDADOSAMENTE Y REVISE EL MANUAL COMPLETO DEL PRODUCTO Y OTRA INFORMACI\u00d3N EN WWW.BRIGHTSIGN.BIZ ANTES DE ENCENDER SU PRODUCTO BRIGHTSIGN (\"PRODUCTO\") POR PRIMERA VEZ. ESTE ACUERDO DE LICENCIA ES EL ACUERDO LEGAL (\"ACUERDO\") ENTRE USTED (\"USTED\") Y BRIGHTSIGN, LLC. (\"BRIGHTSIGN\") QUE RIGE EL USO DEL FIRMWARE QUE FUNCIONA CON EL PRODUCTO (\"FIRMWARE\"). SI DESCARGA E INSTALA EL FIRMWARE O ENCIENDE O UTILIZA DE CUALQUIER OTRO MODO EL PRODUCTO, EST\u00c1 INDICANDO QUE HA LE\u00cdDO Y COMPRENDIDO LOS T\u00c9RMINOS DE ESTE ACUERDO Y QUE ACEPTA CUMPLIRLOS. SI NO EST\u00c1 DE ACUERDO CON LOS T\u00c9RMINOS Y CONDICIONES DE ESTE ACUERDO, NO DEBE DESCARGAR EL FIRMWARE, NO SE LE CONCEDE DERECHO ALGUNO SOBRE EL FIRMWARE Y NO TIENE DERECHO A UTILIZAR EL PRODUCTO.<\/strong><\/p>\n<p><strong>Notificaciones a terceros<\/strong><\/p>\n<p>Parte de la tecnolog\u00eda utilizada en el Producto est\u00e1 sujeta a licencias de terceros, que requieren que se le proporcione este aviso:<\/p>\n<p><em>Tecnolog\u00eda de codificaci\u00f3n de audio MPEG Layer-3 con licencia de Fraunhofer IIS y Thomson.<\/em><\/p>\n<p>Ver tambi\u00e9n\u00a0<strong>C\u00f3digo con licencia independiente<\/strong>\u00a0abajo.<\/p>\n<p><strong>Licencia<\/strong><br \/>\nSujeto a los t\u00e9rminos de este acuerdo, BrightSign le concede una licencia no exclusiva e intransferible para ejecutar el Firmware proporcionado con el Producto y cualquier versi\u00f3n actualizada descargada por usted s\u00f3lo en y tal y como se incorpora en el Producto. Se trata de una licencia y no de una venta. Usted no podr\u00e1 (i) copiar o distribuir, sublicenciar, arrendar, alquilar o transferir de cualquier otro modo el Firmware a terceros excepto con e incorporado en el Producto, y entonces no por valor; (ii) modificar, adaptar, alterar, traducir o crear trabajos derivados del Firmware; (iii) descompilar, desensamblar, realizar ingenier\u00eda inversa u obtener de cualquier otro modo el c\u00f3digo fuente, o intentar obtener el c\u00f3digo fuente, del Firmware, excepto en la medida en que la ley exija a BrightSign, en determinadas jurisdicciones, que permita la ingenier\u00eda inversa, y siempre que las disposiciones de dicha ley no puedan derogarse ni condicionarse a la solicitud previa de informaci\u00f3n relativa a la interoperabilidad; o (iv) encargar a un tercero la realizaci\u00f3n de cualquiera de las acciones anteriores. El Firmware y todos los derechos de propiedad intelectual que contiene son propiedad exclusiva de BrightSign o de sus proveedores, salvo en la medida en que el Firmware contenga C\u00f3digo Licenciado por Separado, seg\u00fan lo dispuesto a continuaci\u00f3n. BrightSign se reserva el derecho a actualizar el Firmware de vez en cuando a su entera discreci\u00f3n, incluyendo la adici\u00f3n, modificaci\u00f3n o eliminaci\u00f3n de funcionalidades y caracter\u00edsticas, incluyendo pero no limit\u00e1ndose a la modificaci\u00f3n de la interfaz de usuario. BrightSign se reserva todos los derechos sobre el Firmware que no se le hayan concedido expresamente en el presente Contrato.<\/p>\n<p><strong>C\u00f3digo con licencia independiente<\/strong><br \/>\nSin perjuicio de las dem\u00e1s disposiciones del presente Contrato, determinados componentes del Firmware son, o son modificaciones de, software \"libre\" o de \"c\u00f3digo abierto\" (\"C\u00f3digo con Licencia Separada\"). El C\u00f3digo con Licencia Separada est\u00e1 sujeto a los t\u00e9rminos y condiciones de su licencia aplicable, incluidas las licencias GPL v2, LGPL v2.1, AFL v2.1 y Artistic, y no est\u00e1 sujeto a la Licencia anterior. Tal y como exigen los t\u00e9rminos de las correspondientes licencias de C\u00f3digo con Licencia Separada, BrightSign pone a disposici\u00f3n de los usuarios el c\u00f3digo \"libre\" y de \"c\u00f3digo abierto\" proporcionado bajo dichas licencias, as\u00ed como las modificaciones de BrightSign a dicho c\u00f3digo, en el sitio web de BrightSign, sin coste alguno. Consulte el archivo README-Sources suministrado con este Firmware y visite http:\/\/www.brightsign.biz para obtener informaci\u00f3n detallada sobre nuestro uso del c\u00f3digo con licencia independiente, las licencias correspondientes y, cuando sea necesario, el c\u00f3digo fuente correspondiente.<\/p>\n<p><strong>DENEGACI\u00d3N DE GARANT\u00cdA<\/strong><br \/>\nEL FIRMWARE SE PROPORCIONA \"TAL CUAL\", SIN GARANT\u00cdA DE NING\u00daN TIPO. BRIGHTSIGN RENUNCIA A TODAS LAS GARANT\u00cdAS, ORALES O ESCRITAS, EXPRESAS, IMPL\u00cdCITAS, DERIVADAS DEL CURSO DE LAS NEGOCIACIONES O DEL USO DEL COMERCIO, O ESTATUTARIAS. CUALQUIER Y TODAS LAS DEM\u00c1S GARANT\u00cdAS, INCLUYENDO LAS GARANT\u00cdAS IMPL\u00cdCITAS DE COMERCIABILIDAD, IDONEIDAD PARA UN PROP\u00d3SITO PARTICULAR, T\u00cdTULO, NO INFRACCI\u00d3N DE DERECHOS DE TERCEROS, DISFRUTE TRANQUILO Y PRECISI\u00d3N EST\u00c1N EXPRESAMENTE EXCLUIDOS. USTED NO TENDR\u00c1 DERECHO A HACER O TRANSMITIR, Y TOMAR\u00c1 TODAS LAS MEDIDAS NECESARIAS PARA ASEGURAR QUE NI USTED NI NINGUNO DE SUS DISTRIBUIDORES, AGENTES O EMPLEADOS HAGAN O TRANSMITAN NINGUNA GARANT\u00cdA O REPRESENTACI\u00d3N EN NOMBRE DE BRIGHTSIGN A NING\u00daN TERCERO.<\/p>\n<p><strong>LIMITACI\u00d3N DE RESPONSABILIDAD<\/strong><br \/>\nEN NING\u00daN CASO BRIGHTSIGN O SUS PROVEEDORES O DISTRIBUIDORES SER\u00c1N RESPONSABLES POR CUALQUIER DA\u00d1O CONSECUENTE, ESPECIAL, EJEMPLAR, INCIDENTAL E INDIRECTO, O POR LA P\u00c9RDIDA DE INGRESOS O BENEFICIOS O DATOS O USO O POR EL COSTO DE BIENES SUSTITUTOS, YA SEA EN CONTRATO O AGRAVIO (INCLUYENDO NEGLIGENCIA), QUE SURJA DE, O EN CONEXI\u00d3N CON EL FIRMWARE O SU USO DEL MISMO. EN NING\u00daN CASO LA RESPONSABILIDAD TOTAL ACUMULADA DE BRIGHTSIGN O DE SUS PROVEEDORES EN RELACI\u00d3N CON EL FIRMWARE EXCEDER\u00c1 EL PRECIO DE COMPRA DEL PRODUCTO. Algunas jurisdicciones no permiten la exclusi\u00f3n de garant\u00edas impl\u00edcitas o limitaci\u00f3n de responsabilidad por ciertos da\u00f1os incidentales o consecuentes, por lo que las exclusiones establecidas anteriormente pueden no aplicarse a usted.<\/p>\n<p><strong>Varios<\/strong>\u00a0Este acuerdo es el acuerdo final, completo y exclusivo entre las partes en relaci\u00f3n con el Firmware y sustituye a todas las propuestas, representaciones, entendimientos o acuerdos anteriores o contempor\u00e1neos relacionados con el mismo, ya sean orales o escritos. Ninguna renuncia o modificaci\u00f3n de este acuerdo ser\u00e1 v\u00e1lida a menos que est\u00e9 firmada por cada una de las partes. Su derecho a utilizar el Firmware se extinguir\u00e1 inmediatamente en caso de incumplimiento por su parte del presente acuerdo. La renuncia al incumplimiento de cualquiera de los t\u00e9rminos del presente contrato no se interpretar\u00e1 en modo alguno como una renuncia a cualquier otro t\u00e9rmino o incumplimiento del mismo. En caso de que un tribunal competente declare inaplicable alguna de las disposiciones del presente contrato, el resto de las disposiciones seguir\u00e1n en pleno vigor y efecto. Este acuerdo se regir\u00e1 por las leyes del Estado de California, sin dar efecto a ning\u00fan conflicto de principios legales que puedan establecer la aplicaci\u00f3n de la ley de otra jurisdicci\u00f3n. Cualquier acci\u00f3n o procedimiento que surja de este acuerdo o est\u00e9 relacionado con el mismo s\u00f3lo podr\u00e1 iniciarse en un tribunal federal del Distrito Norte de California o en un tribunal estatal del Condado de Santa Clara, California, y cada una de las partes se somete irrevocablemente a la jurisdicci\u00f3n y competencia de cualquiera de dichos tribunales en cualquier acci\u00f3n o procedimiento de este tipo. La Convenci\u00f3n de las Naciones Unidas sobre los Contratos de Compraventa Internacional de Mercader\u00edas no se aplicar\u00e1 a este acuerdo. Si tiene alguna pregunta sobre este acuerdo, o si desea ponerse en contacto con BrightSign, p\u00f3ngase en contacto con nosotros por correo postal en BrightSign LLC, 16780 Lark Ave, Suite B, Los Gatos, CA 95032.<\/p>\n<p>Copyright \u00a9 2016 por BrightSign, LLC. Todos los derechos reservados. BrightSign es una marca registrada de BrightSign, LLC.<\/p>\n\n        \n        <\/div><!-- block-inner -->  \n\n        \n    <\/section><!-- full-width-text -->","protected":false},"excerpt":{"rendered":"","protected":false},"author":32,"featured_media":0,"parent":846,"menu_order":70,"comment_status":"closed","ping_status":"closed","template":"","meta":{"_acf_changed":true,"_searchwp_excluded":"","footnotes":""},"class_list":["post-11686","page","type-page","status-publish","hentry"],"acf":[],"_links":{"self":[{"href":"https:\/\/www.brightsign.biz\/es\/wp-json\/wp\/v2\/pages\/11686","targetHints":{"allow":["GET"]}}],"collection":[{"href":"https:\/\/www.brightsign.biz\/es\/wp-json\/wp\/v2\/pages"}],"about":[{"href":"https:\/\/www.brightsign.biz\/es\/wp-json\/wp\/v2\/types\/page"}],"author":[{"embeddable":true,"href":"https:\/\/www.brightsign.biz\/es\/wp-json\/wp\/v2\/users\/32"}],"replies":[{"embeddable":true,"href":"https:\/\/www.brightsign.biz\/es\/wp-json\/wp\/v2\/comments?post=11686"}],"version-history":[{"count":0,"href":"https:\/\/www.brightsign.biz\/es\/wp-json\/wp\/v2\/pages\/11686\/revisions"}],"up":[{"embeddable":true,"href":"https:\/\/www.brightsign.biz\/es\/wp-json\/wp\/v2\/pages\/846"}],"wp:attachment":[{"href":"https:\/\/www.brightsign.biz\/es\/wp-json\/wp\/v2\/media?parent=11686"}],"curies":[{"name":"wp","href":"https:\/\/api.w.org\/{rel}","templated":true}]}}