{"id":11704,"date":"2024-09-19T16:31:21","date_gmt":"2024-09-19T20:31:21","guid":{"rendered":"https:\/\/www.brightsign.biz\/?page_id=11704"},"modified":"2024-09-19T16:45:06","modified_gmt":"2024-09-19T20:45:06","slug":"condiciones-de-uso-del-sitio-web-8","status":"publish","type":"page","link":"https:\/\/www.brightsign.biz\/es\/legal\/brightsign-network-license-agreement\/","title":{"rendered":"BrightSign Acuerdo de licencia de red"},"content":{"rendered":"<section\n  id=\"hero-block_dbf3c3dc2c6c2c6e6bcc94f16488a65a\"\n  class=\"hero custom-block\"\n  data-form-url=\"\"\n>\n  <!-- Backgrounds: cover full section, center position (extended via SCSS) -->\n        <div id=\"hero-desktop-background\" style=\"background-image: url('https:\/\/www.brightsign.biz\/wp-content\/uploads\/2024\/09\/header-template3-15-1920x900.jpg'); background-size: cover; background-position: center center; background-repeat: no-repeat;\"><\/div>\n        <div id=\"hero-mobile-background\" style=\"background-image: url('https:\/\/www.brightsign.biz\/wp-content\/uploads\/2024\/09\/header-template3-15-1920x900.jpg'); background-size: cover; background-position: center center; background-repeat: no-repeat;\"><\/div>\n  \n  <div class=\"hero-gradient\" aria-hidden=\"true\"><\/div>\n  <div class=\"block-inner medium\">\n    <div class=\"block-inner-content grid-x grid-margin-y\">\n\n      <!-- MOBILE-only layout -->\n      <div class=\"cell small-12 show-for-small-only\">\n        \n        \n        \n        \n        <div class=\"mobile-content form-content\"><h1 class=\"\"><strong>Bright<\/strong>Sign<br \/>\n<strong>Red<\/strong><br \/>\nAcuerdo de licencia<\/h1>\n<p>10 de febrero de 2020<\/p>\n<\/div>      <\/div>\n      <!-- end MOBILE-only -->\n\n      <!-- DESKTOP text cell -->\n      <div class=\"cell small-12 medium-12 large-6 hide-for-small-only\">\n        \n        <h1 class=\"\"><strong>Bright<\/strong>Sign<br \/>\n<strong>Red<\/strong><br \/>\nAcuerdo de licencia<\/h1>\n<p>10 de febrero de 2020<\/p>\n      <\/div>\n      <!-- end DESKTOP text cell -->\n\n      <!-- DESKTOP form\/video cell -->\n      <div class=\"cell small-12 medium-12 large-6 center-play hide-for-small-only\">\n        \n              <\/div>\n      <!-- end DESKTOP form\/video cell -->\n\n    <\/div><!-- .block-inner-content -->\n  <\/div><!-- .block-inner -->\n<\/section><!-- hero -->\n\n\n\n    <section id=\"full-width-text-block_398614bcc5f89ce0cbe337f808f45dae\" class=\"full-width-text custom-block dark small-top small-bottom brand-htags default-lists\">\n\n        <div class=\"block-inner medium\">\n\n        <h2 style=\"text-align: center\">BrightSign Acuerdo de licencia de red<\/h2>\n<h3>Condiciones de uso<\/h3>\n<p>Lea atentamente las siguientes Condiciones de uso (\"Condiciones\"). BrightSign ofrece el uso de la Red BrightSign sujeto a las siguientes Condiciones.  Al acceder y utilizar la Red BrightSign, se le pedir\u00e1 que lea y acepte las Condiciones. Adem\u00e1s, al utilizar determinados servicios propiedad de BrightSign o gestionados por BrightSign, usted y BrightSign estar\u00e1n sujetos a las directrices o normas publicadas aplicables a dichos servicios, que pueden publicarse y modificarse de vez en cuando.<\/p>\n<p>Bienvenido a la Red BrightSign, un servicio de distribuci\u00f3n de contenidos en l\u00ednea proporcionado por BrightSign (\"Empresa\").  Estas Condiciones rigen el uso de los Servicios, incluido el Software y su interacci\u00f3n con los Servicios.<\/p>\n<h4>1.\u00a0<u>Servicios<\/u><\/h4>\n<p>1.1\u00a0<u>Responsabilidades de la empresa<\/u>.  La Empresa ofrece los Servicios para permitirle cargar, transmitir, gestionar, supervisar y descargar texto, gr\u00e1ficos, v\u00eddeo y otro material seleccionado y proporcionado por usted (\"Contenido\") para su uso con uno o m\u00e1s Dispositivos adquiridos por usted a la Empresa o a uno de sus representantes autorizados.<\/p>\n<p>1.2\u00a0<u>Tarifas<\/u>.  Las tarifas por estos Servicios (\"Tarifas\") son por Dispositivo y se establecen en su cuenta para los Servicios.  Usted se compromete a pagar puntualmente las Tarifas a la Empresa.  Usted acepta que si no paga las Cuotas puntualmente, su uso de los Servicios puede ser interrumpido o rechazado.<\/p>\n<p>1.3\u00a0<span class=\"wysiwyg-underline\">Activaci\u00f3n de la suscripci\u00f3n<\/span>. Las suscripciones adquiridas deben activarse en un plazo de 60 d\u00edas a partir de la fecha de compra. Transcurrido este plazo, las suscripciones adquiridas que no se hayan activado podr\u00e1n eliminarse como parte del mantenimiento peri\u00f3dico de la Red BrightSign. Consulte\u00a0<a href=\"https:\/\/support.brightsign.biz\/hc\/en-us\/articles\/218068067\">este FAQ<\/a>\u00a0para obtener m\u00e1s informaci\u00f3n sobre la activaci\u00f3n de las suscripciones adquiridas.<\/p>\n<h4>2.\u00a0<span class=\"wysiwyg-underline\">Garant\u00edas y restricciones relativas al contenido.<\/span><\/h4>\n<p>2.1\u00a0<u>Declaraciones y garant\u00edas<\/u>. Por la presente, usted declara y garantiza a la Empresa que (i) es titular de todos y cada uno de los derechos, t\u00edtulos e intereses exclusivos sobre el Contenido o ha obtenido todas las licencias o autorizaciones necesarias para el uso del Contenido, incluidos, entre otros, todos los textos, im\u00e1genes, audio, v\u00eddeo, logotipos y copias incluidos en todo el Contenido y, entre otros, todos los derechos a copiar, distribuir, ejecutar y mostrar el Contenido y a crear trabajos derivados del Contenido, o deber\u00e1 obtener dichas licencias antes de utilizar los Servicios para transmitir o mostrar dicho Contenido; y (ii) el uso, transmisi\u00f3n y exhibici\u00f3n del Contenido no infringir\u00e1 los derechos de autor, patentes, marcas comerciales, secretos comerciales u otros derechos de propiedad intelectual de terceros, ni constituir\u00e1 difamaci\u00f3n, invasi\u00f3n de la privacidad o violaci\u00f3n de cualquier derecho de publicidad o de cualquier otro derecho de terceros.<\/p>\n<p>2.2\u00a0<u>Condiciones<\/u>. Como condici\u00f3n para el uso de los Servicios, usted se compromete a no:<\/p>\n<p>2.2.1 Utilizar los Servicios o el Dispositivo para mostrar cualquier Contenido que sea ilegal, da\u00f1ino, amenazador, acosador, difamatorio, obsceno, pornogr\u00e1fico, vulgar, invasivo de la privacidad o el derecho de publicidad de otra persona, o que infrinja los derechos de propiedad intelectual de un tercero;<\/p>\n<p>2.2.2 Utilizar los Servicios o el Dispositivo para mostrar cualquier Contenido que sea odioso, racial, \u00e9tnico o de cualquier otro modo censurable, que fomente conductas que puedan constituir un delito penal, dar lugar a responsabilidad civil o violar de cualquier otro modo cualquier ley local, estatal, nacional o internacional aplicable;<\/p>\n<p>2.2.3 Utilizar los Servicios o el Dispositivo para mostrar Contenido que no tenga derecho a transmitir en virtud de cualquier ley o de relaciones contractuales o fiduciarias;<\/p>\n<p>2.2.4 Utilizar los Servicios o el Dispositivo para da\u00f1ar a menores de cualquier manera, incluyendo, pero sin limitarse a, mostrar Contenido que viole las leyes federales, estatales, internacionales o cualquier otra ley sobre pornograf\u00eda infantil, leyes sobre explotaci\u00f3n sexual infantil o leyes que proh\u00edban la representaci\u00f3n de menores participando en conductas sexuales;<\/p>\n<p>2.2.5 Falsificar encabezados o manipular identificadores de otro modo con el fin de ocultar el origen de cualquier Contenido mostrado utilizando los Servicios o el Dispositivo;<\/p>\n<p>2.2.6 Utilizar los Servicios o el Dispositivo para transmitir cualquier material que contenga virus inform\u00e1ticos o cualquier otro c\u00f3digo inform\u00e1tico, archivos o programas dise\u00f1ados para interrumpir, destruir o limitar la funcionalidad de cualquier software inform\u00e1tico; o<\/p>\n<p>2.2.7 Interferir o perturbar (o intentar interferir o perturbar) los Servicios o los servidores o redes conectados a los Servicios.<\/p>\n<p>2.3 Si se notifica a la Empresa o \u00e9sta tiene motivos para sospechar que usted est\u00e1 llevando a cabo alguna de las acciones anteriores, la Empresa podr\u00e1 investigar y determinar, a su entera discreci\u00f3n, si procede notificar a las autoridades competentes y\/o cancelar su acceso a los Servicios. La Empresa podr\u00e1 revelar cualquier Contenido o comunicaci\u00f3n electr\u00f3nica de cualquier tipo para cumplir con cualquier ley, reglamento o solicitud gubernamental o seg\u00fan sea necesario para proteger los derechos o la propiedad de la Empresa, de un tercero o de cualquier otro usuario de los Servicios.<\/p>\n<p>2.4 Usted reconoce y acepta que los Servicios y el Dispositivo no est\u00e1n destinados a ser utilizados para recopilar, almacenar, procesar, transmitir o poner a disposici\u00f3n cualquier informaci\u00f3n de identificaci\u00f3n personal, datos personales, financieros, m\u00e9dicos u otra informaci\u00f3n protegida (colectivamente, \"Datos Personales\").  Usted no cargar\u00e1, ni permitir\u00e1 que lo hagan terceros, en los Servicios o el Dispositivo, ni utilizar\u00e1 de otro modo los Servicios o el Dispositivo para recopilar, almacenar, procesar, transmitir o poner a disposici\u00f3n Datos personales.  Usted indemnizar\u00e1 y mantendr\u00e1 indemne a la Empresa, sus proveedores, directivos, directores, empleados, agentes, sucesores, filiales, sublicencias y cesionarios frente a cualesquiera reclamaciones, da\u00f1os, p\u00e9rdidas, costes y responsabilidades (incluidos honorarios razonables de abogados y costas judiciales) derivados o relacionados con cualquier recopilaci\u00f3n, almacenamiento, procesamiento, transmisi\u00f3n o puesta a disposici\u00f3n de Datos Personales utilizando los Servicios o cualquier Dispositivo.<\/p>\n<h4>3.\u00a0<span class=\"wysiwyg-underline\">Propiedad<\/span><\/h4>\n<p>Se le concede un derecho limitado a utilizar los Servicios. La Empresa y sus proveedores conservan todos los derechos, t\u00edtulos e intereses, incluidos todos los derechos de autor y de propiedad intelectual, sobre los Servicios. Todos los derechos no concedidos espec\u00edficamente en estas Condiciones, incluidos los derechos de autor internacionales y de Estados Unidos, est\u00e1n reservados por la Empresa y sus proveedores.<\/p>\n<h4>4.\u00a0<span class=\"wysiwyg-underline\">Uso no autorizado<\/span><\/h4>\n<p>Usted se compromete a notificar inmediatamente a la Empresa cualquier uso no autorizado de su contrase\u00f1a o cuenta de los Servicios o cualquier otra violaci\u00f3n de la seguridad.<\/p>\n<h4>5.\u00a0<span class=\"wysiwyg-underline\">Indemnizaci\u00f3n<\/span><\/h4>\n<p>Usted acepta indemnizar y eximir de responsabilidad a la Empresa, sus proveedores, directivos, directores, empleados, agentes, sucesores, filiales, sublicenciatarios y cesionarios frente a cualesquiera reclamaciones, da\u00f1os, p\u00e9rdidas, costes y responsabilidades (incluidos los honorarios razonables de abogados y las costas judiciales) derivados o relacionados con cualquier incumplimiento de estas Condiciones o violaci\u00f3n de cualquier ley o de los derechos de un tercero, por su parte o por parte de cualquier persona que act\u00fae bajo su direcci\u00f3n, autoridad o control, incluyendo, sin limitaci\u00f3n, la publicaci\u00f3n, distribuci\u00f3n, exhibici\u00f3n u otro uso del Contenido por su parte o por parte de cualquier persona que utilice su contrase\u00f1a.<\/p>\n<h4>6.\u00a0<span class=\"wysiwyg-underline\">Cambios en los servicios<\/span><\/h4>\n<p>La Empresa podr\u00e1 realizar cambios en los Servicios en cualquier momento y sin previo aviso.<\/p>\n<h4>7.\u00a0<span class=\"wysiwyg-underline\">AVISO LEGAL<\/span><\/h4>\n<p>LA EMPRESA PROPORCIONA EL SERVICIO Y EL FIRMWARE \"TAL CUAL\" Y LA EMPRESA Y SUS PROVEEDORES RENUNCIAN EXPRESAMENTE A TODAS LAS GARANT\u00cdAS EXPRESAS, IMPL\u00cdCITAS Y LEGALES, INCLUIDAS, ENTRE OTRAS, LAS GARANT\u00cdAS DE COMERCIABILIDAD, IDONEIDAD PARA UN FIN DETERMINADO Y NO INFRACCI\u00d3N. SIN PERJUICIO DE LO ANTERIOR, LA EMPRESA NO GARANTIZA QUE EL SERVICIO O EL FIRMWARE SEAN EFICACES, PRECISOS, FIABLES O SEGUROS.<\/p>\n<h4>8.\u00a0<span class=\"wysiwyg-underline\">LIMITACI\u00d3N DE RESPONSABILIDAD<\/span><\/h4>\n<p>EN LA MEDIDA EN QUE LA LEY LO PERMITA, LA EMPRESA Y SUS PROVEEDORES NO SER\u00c1N RESPONSABLES DE NINGUNA P\u00c9RDIDA DE USO, P\u00c9RDIDA DE BENEFICIOS, P\u00c9RDIDA DE DATOS, FONDO DE COMERCIO U OTRAS VENTAJAS ECON\u00d3MICAS, INTERRUPCI\u00d3N DE LA ACTIVIDAD COMERCIAL O DE LOS SERVICIOS, NI DE NING\u00daN DA\u00d1O INDIRECTO, INCIDENTAL, PUNITIVO, ESPECIAL O CONSECUENTE QUE SURJA DEL SERVICIO O DEL FIRMWARE O EST\u00c9 RELACIONADO CON ELLOS. LA ANTERIOR LIMITACI\u00d3N DE RESPONSABILIDAD SE APLICAR\u00c1 TANTO EN UNA ACCI\u00d3N POR INCUMPLIMIENTO DE CONTRATO, NEGLIGENCIA, OTRO AGRAVIO O CUALQUIER OTRA TEOR\u00cdA, INCLUSO SI UN REPRESENTANTE AUTORIZADO DE LA EMPRESA HA SIDO ADVERTIDO O DEBER\u00cdA HABER SABIDO DE LA POSIBILIDAD DE TALES DA\u00d1OS.  LA RESPONSABILIDAD DE LA EMPRESA, Y LA RESPONSABILIDAD DE SUS REPRESENTANTES, EMPLEADOS Y PROVEEDORES, ANTE USTED O CUALQUIER TERCERO EN CUALQUIER CIRCUNSTANCIA SE LIMITA AL IMPORTE DE LAS TARIFAS QUE USTED PAG\u00d3 A LA EMPRESA EN LOS 12 MESES ANTERIORES A LA FECHA EN QUE SURGI\u00d3 LA CAUSA DE LA ACCI\u00d3N QUE DIO LUGAR A LA RESPONSABILIDAD.  LA EMPRESA, SUS PROVEEDORES Y SUS REPRESENTANTES NO SER\u00c1N RESPONSABLES DEL ACCESO NO AUTORIZADO O DEL USO INDEBIDO DE CUALQUIER CONTENIDO POR PARTE DE TERCEROS.<\/p>\n<p>LAS RENUNCIAS, EXENCIONES Y LIMITACIONES ANTERIORES SE APLICAR\u00c1N A PESAR DE CUALQUIER INCUMPLIMIENTO DE LA FINALIDAD ESENCIAL DE CUALQUIER RECURSO LIMITADO.<\/p>\n<p>ALGUNAS JURISDICCIONES NO PERMITEN LA LIMITACI\u00d3N O EXCLUSI\u00d3N DE RESPONSABILIDAD POR DA\u00d1OS INCIDENTALES O CONSECUENTES, POR LO QUE ES POSIBLE QUE LA LIMITACI\u00d3N O EXCLUSI\u00d3N ANTERIOR NO SE APLIQUE EN SU CASO Y QUE USTED TENGA OTROS DERECHOS LEGALES QUE VAR\u00cdAN DE UNA JURISDICCI\u00d3N A OTRA.<\/p>\n<h4>9.\u00a0<span class=\"wysiwyg-underline\">Plazo y terminaci\u00f3n.<\/span><\/h4>\n<p>La Empresa podr\u00e1 rescindir estas Condiciones y su acceso a los Servicios en cualquier momento, con o sin causa. Las secciones 2, 3, 4, 5, 7, 8 y 11 seguir\u00e1n vigentes.<\/p>\n<h4>10. <span class=\"wysiwyg-underline\">Uso internacional<\/span><\/h4>\n<p>Los Servicios son controlados, operados y administrados por la Empresa desde sus oficinas en los Estados Unidos de Am\u00e9rica (\"EE.UU.\"). La Empresa no garantiza que los Servicios sean apropiados o est\u00e9n disponibles para su uso en ubicaciones fuera de EE.UU.. Si accede a los Servicios desde una ubicaci\u00f3n fuera de EE.UU., usted es responsable del cumplimiento de todas las leyes locales de su lugar de residencia.<\/p>\n<h4>11.\u00a0<span class=\"wysiwyg-underline\">Ley aplicable; resoluci\u00f3n de litigios<\/span><\/h4>\n<p>Todas las cuestiones legales que surjan o est\u00e9n relacionadas con el uso de los Servicios, el Firmware y estas Condiciones se interpretar\u00e1n de acuerdo con las leyes de EE.UU., sin tener en cuenta los conflictos de principios legales.<\/p>\n<h4>12.\u00a0<span class=\"wysiwyg-underline\">Asignaci\u00f3n<\/span><\/h4>\n<p>Usted no puede ceder o transferir estos T\u00e9rminos bajo ninguna circunstancia. Usted acepta que estas Condiciones y todos los acuerdos incorporados pueden ser cedidos autom\u00e1ticamente por la Empresa, a su entera discreci\u00f3n, a un tercero en caso de fusi\u00f3n, adquisici\u00f3n o quiebra.<\/p>\n<h4>13.\u00a0<span class=\"wysiwyg-underline\">Acuerdo completo; Renuncia; Divisibilidad<\/span><\/h4>\n<p>Estas Condiciones constituyen el acuerdo completo entre usted y la Empresa con respecto al uso de los Servicios. El hecho de que la Empresa no haga valer cualquier derecho o disposici\u00f3n de estas Condiciones no constituir\u00e1 una renuncia a dicho derecho o disposici\u00f3n ni a ning\u00fan otro derecho o disposici\u00f3n de estas Condiciones. Si un tribunal dictaminara que uno o m\u00e1s derechos o disposiciones establecidos en estos T\u00e9rminos no son v\u00e1lidos, usted acepta que el resto de los T\u00e9rminos ser\u00e1n aplicables y que la disposici\u00f3n no v\u00e1lida ser\u00e1 aplicable en la m\u00e1xima medida permitida por la ley.<\/p>\n\n        \n        <\/div><!-- block-inner -->  \n\n        \n    <\/section><!-- full-width-text -->","protected":false},"excerpt":{"rendered":"","protected":false},"author":32,"featured_media":0,"parent":846,"menu_order":70,"comment_status":"closed","ping_status":"closed","template":"","meta":{"_acf_changed":true,"_searchwp_excluded":"","footnotes":""},"class_list":["post-11704","page","type-page","status-publish","hentry"],"acf":[],"_links":{"self":[{"href":"https:\/\/www.brightsign.biz\/es\/wp-json\/wp\/v2\/pages\/11704","targetHints":{"allow":["GET"]}}],"collection":[{"href":"https:\/\/www.brightsign.biz\/es\/wp-json\/wp\/v2\/pages"}],"about":[{"href":"https:\/\/www.brightsign.biz\/es\/wp-json\/wp\/v2\/types\/page"}],"author":[{"embeddable":true,"href":"https:\/\/www.brightsign.biz\/es\/wp-json\/wp\/v2\/users\/32"}],"replies":[{"embeddable":true,"href":"https:\/\/www.brightsign.biz\/es\/wp-json\/wp\/v2\/comments?post=11704"}],"version-history":[{"count":0,"href":"https:\/\/www.brightsign.biz\/es\/wp-json\/wp\/v2\/pages\/11704\/revisions"}],"up":[{"embeddable":true,"href":"https:\/\/www.brightsign.biz\/es\/wp-json\/wp\/v2\/pages\/846"}],"wp:attachment":[{"href":"https:\/\/www.brightsign.biz\/es\/wp-json\/wp\/v2\/media?parent=11704"}],"curies":[{"name":"wp","href":"https:\/\/api.w.org\/{rel}","templated":true}]}}