{"id":11748,"date":"2024-10-24T12:42:51","date_gmt":"2024-10-24T16:42:51","guid":{"rendered":"https:\/\/www.brightsign.biz\/?page_id=11748"},"modified":"2024-10-24T12:42:53","modified_gmt":"2024-10-24T16:42:53","slug":"condiciones-de-uso-del-sitio-web-9","status":"publish","type":"page","link":"https:\/\/www.brightsign.biz\/es\/legal\/sustainability-statement\/","title":{"rendered":"Declaraci\u00f3n de sostenibilidad"},"content":{"rendered":"<section\n  id=\"hero-block_58e384872f9ea25b4807a6c16c3edeef\"\n  class=\"hero custom-block\"\n  data-form-url=\"\"\n>\n  <!-- Backgrounds: cover full section, center position (extended via SCSS) -->\n        <div id=\"hero-desktop-background\" style=\"background-image: url('https:\/\/www.brightsign.biz\/wp-content\/uploads\/2024\/09\/header-template3-15-1920x900.jpg'); background-size: cover; background-position: center center; background-repeat: no-repeat;\"><\/div>\n        <div id=\"hero-mobile-background\" style=\"background-image: url('https:\/\/www.brightsign.biz\/wp-content\/uploads\/2024\/09\/header-template3-15-1920x900.jpg'); background-size: cover; background-position: center center; background-repeat: no-repeat;\"><\/div>\n  \n  <div class=\"hero-gradient\" aria-hidden=\"true\"><\/div>\n  <div class=\"block-inner medium\">\n    <div class=\"block-inner-content grid-x grid-margin-y\">\n\n      <!-- MOBILE-only layout -->\n      <div class=\"cell small-12 show-for-small-only\">\n        \n        \n        \n        \n        <div class=\"mobile-content form-content\"><h1 class=\"\"><strong>Sostenibilidad<br \/>\n<\/strong>Declaraci\u00f3n<\/h1>\n<p>Actualizado el 27 de septiembre de 2024<\/p>\n<\/div>      <\/div>\n      <!-- end MOBILE-only -->\n\n      <!-- DESKTOP text cell -->\n      <div class=\"cell small-12 medium-12 large-6 hide-for-small-only\">\n        \n        <h1 class=\"\"><strong>Sostenibilidad<br \/>\n<\/strong>Declaraci\u00f3n<\/h1>\n<p>Actualizado el 27 de septiembre de 2024<\/p>\n      <\/div>\n      <!-- end DESKTOP text cell -->\n\n      <!-- DESKTOP form\/video cell -->\n      <div class=\"cell small-12 medium-12 large-6 center-play hide-for-small-only\">\n        \n              <\/div>\n      <!-- end DESKTOP form\/video cell -->\n\n    <\/div><!-- .block-inner-content -->\n  <\/div><!-- .block-inner -->\n<\/section><!-- hero -->\n\n\n\n    <section id=\"full-width-text-block_7af17197b449c53a2323dc6440db0f7a\" class=\"full-width-text custom-block dark small-top small-bottom brand-htags default-lists\">\n\n        <div class=\"block-inner medium\">\n\n        <h2 style=\"text-align: center\">BrightSign Declaraci\u00f3n de sostenibilidad<\/h2>\n<p>En BrightSign nos comprometemos a actuar como fabricantes de productos electr\u00f3nicos y proveedores de software responsables, dedicados a la sostenibilidad y al cuidado del medio ambiente. Reconocemos la importancia cr\u00edtica de minimizar nuestro impacto medioambiental y contribuimos activamente a construir un futuro m\u00e1s verde. Esto se pone de manifiesto en la producci\u00f3n de nuestros reproductores multimedia digitales y soluciones de se\u00f1alizaci\u00f3n l\u00edderes del sector.<\/p>\n<ul>\n<li><strong>Dise\u00f1o del producto:<\/strong> La clave de nuestra sostenibilidad es el bajo consumo de energ\u00eda de nuestros productos. Dise\u00f1amos nuestros productos electr\u00f3nicos pensando en la longevidad, centr\u00e1ndonos en la durabilidad y la fiabilidad. Nuestro compromiso con la ampliaci\u00f3n del ciclo de vida de los productos mediante el control en la nube, la gesti\u00f3n remota de los reproductores y las tecnolog\u00edas de software de autorreparaci\u00f3n garantiza la reducci\u00f3n de los residuos electr\u00f3nicos y promueve un modelo de consumo m\u00e1s sostenible.<\/li>\n<li><strong>Excelencia operativa:<\/strong> Nos esforzamos por reducir nuestra huella de carbono aplicando pr\u00e1cticas de eficiencia energ\u00e9tica en todas nuestras operaciones. Nuestros ingenieros tambi\u00e9n utilizan soluciones y aparatos eficientes desde el punto de vista energ\u00e9tico durante el proceso de desarrollo. Siempre que es posible, damos prioridad al uso de fuentes de energ\u00eda renovables y buscamos continuamente formas innovadoras de minimizar el consumo de energ\u00eda.<\/li>\n<li><strong>Responsabilidad en la cadena de suministro:<\/strong> Trabajamos en estrecha colaboraci\u00f3n con proveedores que comparten nuestros valores, promoviendo pr\u00e1cticas laborales justas, el abastecimiento \u00e9tico de materiales y la gesti\u00f3n responsable de los residuos. Mediante la optimizaci\u00f3n de los procesos de fabricaci\u00f3n, pretendemos reducir la generaci\u00f3n de residuos, fomentar el reciclaje y la reutilizaci\u00f3n de materiales y minimizar el impacto ambiental asociado a la producci\u00f3n de nuestros productos.<\/li>\n<\/ul>\n<p>La sostenibilidad es un viaje, y estamos dedicados a la mejora continua. Evaluamos peri\u00f3dicamente nuestras pr\u00e1cticas y nos fijamos objetivos ambiciosos. Al fomentar una cultura de innovaci\u00f3n y colaboraci\u00f3n, buscamos nuevas formas de reducir nuestro impacto ambiental y crear un futuro m\u00e1s sostenible.<\/p>\n<p>Juntos, con nuestros empleados, clientes, proveedores y comunidades, nos esforzamos por lograr una fabricaci\u00f3n electr\u00f3nica sostenible. Al adoptar pr\u00e1cticas responsables, creemos que podemos marcar una diferencia significativa.<\/p>\n\n        \n        <\/div><!-- block-inner -->  \n\n        \n    <\/section><!-- full-width-text -->","protected":false},"excerpt":{"rendered":"","protected":false},"author":32,"featured_media":0,"parent":846,"menu_order":70,"comment_status":"closed","ping_status":"closed","template":"","meta":{"_acf_changed":true,"_searchwp_excluded":"","footnotes":""},"class_list":["post-11748","page","type-page","status-publish","hentry"],"acf":[],"_links":{"self":[{"href":"https:\/\/www.brightsign.biz\/es\/wp-json\/wp\/v2\/pages\/11748","targetHints":{"allow":["GET"]}}],"collection":[{"href":"https:\/\/www.brightsign.biz\/es\/wp-json\/wp\/v2\/pages"}],"about":[{"href":"https:\/\/www.brightsign.biz\/es\/wp-json\/wp\/v2\/types\/page"}],"author":[{"embeddable":true,"href":"https:\/\/www.brightsign.biz\/es\/wp-json\/wp\/v2\/users\/32"}],"replies":[{"embeddable":true,"href":"https:\/\/www.brightsign.biz\/es\/wp-json\/wp\/v2\/comments?post=11748"}],"version-history":[{"count":0,"href":"https:\/\/www.brightsign.biz\/es\/wp-json\/wp\/v2\/pages\/11748\/revisions"}],"up":[{"embeddable":true,"href":"https:\/\/www.brightsign.biz\/es\/wp-json\/wp\/v2\/pages\/846"}],"wp:attachment":[{"href":"https:\/\/www.brightsign.biz\/es\/wp-json\/wp\/v2\/media?parent=11748"}],"curies":[{"name":"wp","href":"https:\/\/api.w.org\/{rel}","templated":true}]}}