{"id":11985,"date":"2025-01-29T17:54:04","date_gmt":"2025-01-29T22:54:04","guid":{"rendered":"https:\/\/www.brightsign.biz\/?page_id=11985"},"modified":"2025-05-21T17:19:22","modified_gmt":"2025-05-21T21:19:22","slug":"garantia","status":"publish","type":"page","link":"https:\/\/www.brightsign.biz\/es\/brightsign-players\/warranty\/","title":{"rendered":"Programa de garant\u00eda de 5 a\u00f1os"},"content":{"rendered":"<section\n  id=\"hero-block_dc1f3825da509b0d654d645e8f754e68\"\n  class=\"hero custom-block\"\n  data-form-url=\"\"\n>\n  <!-- Backgrounds: cover full section, center position (extended via SCSS) -->\n        <div id=\"hero-desktop-background\" style=\"background-image: url('https:\/\/www.brightsign.biz\/wp-content\/uploads\/2025\/01\/5-year-warranty-hero-desktop-1b-copy-1920x900.png'); background-size: cover; background-position: center center; background-repeat: no-repeat;\"><\/div>\n        <div id=\"hero-mobile-background\" style=\"background-image: url('https:\/\/www.brightsign.biz\/wp-content\/uploads\/2025\/01\/purple-gradient-v2a-2001x1125-1-1920x900.png'); background-size: cover; background-position: center center; background-repeat: no-repeat;\"><\/div>\n  \n  <div class=\"hero-gradient\" aria-hidden=\"true\"><\/div>\n  <div class=\"block-inner medium\">\n    <div class=\"block-inner-content grid-x grid-margin-y\">\n\n      <!-- MOBILE-only layout -->\n      <div class=\"cell small-12 show-for-small-only\">\n        \n        \n        \n        \n        <ul class=\"custom-breadcrumb\"><li>Productos y software<\/li><\/ul><div class=\"mobile-content form-content\"><h1><strong>5 a\u00f1os de garant\u00eda<\/strong> Programa<\/h1>\n<p>Calidad BrightSign, garantizada.<\/p>\n<\/div><div class=\"basic-button blue\"><a href=\"#register\" target=\"\">REG\u00cdSTRESE AHORA <i class=\"fa-solid fa-chevron-right\"><\/i><\/a><\/div>      <\/div>\n      <!-- end MOBILE-only -->\n\n      <!-- DESKTOP text cell -->\n      <div class=\"cell small-12 medium-12 large-6 hide-for-small-only\">\n        \n        <ul class=\"custom-breadcrumb\"><li>Productos y software<\/li><\/ul><h1><strong>5 a\u00f1os de garant\u00eda<\/strong> Programa<\/h1>\n<p>Calidad BrightSign, garantizada.<\/p>\n<div class=\"basic-button blue\"><a href=\"#register\" target=\"\">REG\u00cdSTRESE AHORA <i class=\"fa-solid fa-chevron-right\"><\/i><\/a><\/div>      <\/div>\n      <!-- end DESKTOP text cell -->\n\n      <!-- DESKTOP form\/video cell -->\n      <div class=\"cell small-12 medium-12 large-6 center-play hide-for-small-only\">\n        \n              <\/div>\n      <!-- end DESKTOP form\/video cell -->\n\n    <\/div><!-- .block-inner-content -->\n  <\/div><!-- .block-inner -->\n<\/section><!-- hero -->\n\n\n\n    <section id=\"full-width-text-block_50dc28afc53479846b1ae50a8b5bfefd\" class=\"full-width-text custom-block dark medium-top none-bottom brand-htags default-lists\">\n\n        <div class=\"block-inner medium\">\n\n        <h2>Garant\u00eda de 5 a\u00f1os de BrightSign: Fabricado para ser fiable, respaldado con confianza<\/h2>\n<p>El programa de garant\u00eda BrightSign ofrece una confianza inigualable en la fiabilidad de nuestros reproductores. A partir del 1 de enero de 2025, todos los reproductores multimedia de la serie 5 y posteriores reci\u00e9n comprados y registrados incluyen ahora una garant\u00eda est\u00e1ndar de 5 a\u00f1os. Para garantizar que nuestros clientes actuales se beneficien de este nuevo programa, la Serie 5<sup>*<\/sup> Los reproductores adquiridos entre el 1 de noviembre de 2024 y el 31 de diciembre de 2024 pueden registrarse para recibir una garant\u00eda ampliada de 3 a\u00f1os, lo que eleva su cobertura total a 5 a\u00f1os. Junto con los m\u00e1s de 5 a\u00f1os de soporte de software habituales de BrightSign, esta garant\u00eda refuerza la longevidad y fiabilidad que espera de BrightSign.<\/p>\n\n        \n        <\/div><!-- block-inner -->  \n\n        \n    <\/section><!-- full-width-text -->  \n\n\n\n\n\n    <section id=\"full-width-text-block_9024505fc95bde2495f8019a895ffc70\" class=\"full-width-text custom-block dark small-top none-bottom brand-htags default-lists\">\n\n        <div class=\"block-inner medium\">\n\n        <h3 style=\"color: #701896\">Mayor protecci\u00f3n para la tecnolog\u00eda en la que conf\u00eda<\/h3>\n        \n        <\/div><!-- block-inner -->  \n\n        \n    <\/section><!-- full-width-text -->  \n\n\n\n\n\n<section id=\"media-text-block_efad8eb629a7fca1493b0e9ba7072851\" class=\"media-text custom-block dark none-top none-bottom\" >\n    <div class=\"dot-in\"><\/div><!-- dot-in -->\n    <div class=\"block-inner medium grid-x right\">\n    \n        <div class=\"cell small-12 medium-12 large-6 mediatext-content small-checks\">\n            <div aria-hidden=\"true\" class=\"blue-dot\"><\/div>\n                                                    <ul>\n<li><strong>Fiabilidad con la que puede contar: <\/strong>BrightSign es famoso por la calidad y longevidad de sus soluciones de se\u00f1alizaci\u00f3n digital. Nuestra garant\u00eda es un testimonio de nuestra confianza en la durabilidad de los reproductores BrightSign.<\/li>\n<li><strong>Normalizaci\u00f3n mundial, beneficios locales: <\/strong>A partir del 1 de enero de 2025, todos los reproductores multimedia de la serie 5 y posteriores que se adquieran y registren en todo el mundo contar\u00e1n con una garant\u00eda est\u00e1ndar de 5 a\u00f1os, lo que simplificar\u00e1 la asistencia independientemente de d\u00f3nde se encuentre.<\/li>\n<li><strong>Garant\u00eda sin coste: <\/strong>Las reparaciones, las piezas y el mantenimiento cubiertos por la garant\u00eda est\u00e1n totalmente cubiertos; los clientes s\u00f3lo tienen que ocuparse de enviar los reproductores a BrightSign.<\/li>\n<\/ul>\n                        \n                        \n                    <\/div><!-- mediatext-content -->\n        \n        <div class=\"cell small-12 medium-12 large-6 form-wrapper\">\n                            <!-- Normal form on all devices -->\n                                                    <div class=\"mediatext-image no-blue\">\n                        <img decoding=\"async\" src=\"https:\/\/www.brightsign.biz\/wp-content\/uploads\/2025\/01\/BrightSign_5yr_LockUp_Small_RGB-750x421.png\" alt=\"BrightSign Garant\u00eda de 5 a\u00f1os\" \/>\n                                            <\/div><!-- mediatext-image -->\n                                                            \n                    <\/div><!-- form-wrapper -->\n        \n    <\/div><!-- block-inner -->\n<\/section><!-- media-text -->\n\n\n\n\n\n<section id=\"register\" class=\"media-text custom-block dark none-top none-bottom\" >\n    <div class=\"dot-in\"><\/div><!-- dot-in -->\n    <div class=\"block-inner medium grid-x right\">\n    \n        <div class=\"cell small-12 medium-12 large-6 mediatext-content small-checks\">\n            <div aria-hidden=\"true\" class=\"blue-dot\"><\/div>\n                                                    <h2 style=\"color: #311c6b\">\u00bfPor qu\u00e9 registrarse?<\/h2>\n<p>El registro asegura que su reproductor tiene derecho a la garant\u00eda de 5 a\u00f1os. Al registrarte, podemos ofrecerte asistencia de garant\u00eda sin problemas, mantenerte informado sobre actualizaciones o mejoras y agilizar tu experiencia: es un paso r\u00e1pido que garantiza tu tranquilidad.<\/p>\n<h3>Registro sencillo para una cobertura m\u00e1xima<\/h3>\n<p>Los nuevos clientes pueden activar la garant\u00eda de 5 a\u00f1os registrando los reproductores adquiridos despu\u00e9s del 1 de enero de 2025.<\/p>\n<p>Para cumplir nuestro compromiso con todos los usuarios del BrightSign, la Serie 5<sup>*<\/sup> Los jugadores adquiridos entre el 1 de noviembre de 2024 y el 31 de diciembre de 2024 pueden registrarse hasta 3 a\u00f1os m\u00e1s, lo que garantiza una protecci\u00f3n completa durante un total de 5 a\u00f1os. Los jugadores con una <a href=\"https:\/\/www.bsn.cloud\/\" target=\"_blank\" rel=\"noopener\">bsn.Control<\/a> o <a href=\"https:\/\/www.bsn.cloud\/\" target=\"_blank\" rel=\"noopener\">bsn.Contenido<\/a> se inscriben autom\u00e1ticamente en la garant\u00eda de 5 a\u00f1os, sin necesidad de pasos adicionales.<\/p>\n<p>&nbsp;<\/p>\n<p><sup>*El programa de garant\u00eda se aplica a los reproductores de la serie 5 y posteriores adquiridos en BrightSign despu\u00e9s del 1 de noviembre de 2024. El programa de garant\u00eda no se aplica a los accesorios. <\/sup><\/p>\n<p><sup>Para m\u00e1s informaci\u00f3n, consulte el <a href=\"https:\/\/www.brightsign.biz\/es\/legal\/garantia\/\">BrightSign Garant\u00eda limitada de hardware<\/a>.<\/sup><\/p>\n                        \n                        \n                    <\/div><!-- mediatext-content -->\n        \n        <div class=\"cell small-12 medium-12 large-6 form-wrapper\">\n                            <!-- Desktop: Show original form content -->\n                <div class=\"hide-for-small-only\">\n                                                                <div class=\"mg-form-embed\">\n                            <iframe loading=\"lazy\" src=\"https:\/\/3293628.extforms.netsuite.com\/app\/site\/hosting\/scriptlet.nl?script=1401&#038;deploy=1&#038;compid=3293628&#038;ns-at=AAEJ7tMQYkFKKep9hU0NsX7SU6JxL0JaNu-gR6ciQF6QGkSsqL8\" width=\"100%\" height=\"1000\"><\/iframe>                        <\/div>\n                                    <\/div>\n                        \n                    <\/div><!-- form-wrapper -->\n        \n    <\/div><!-- block-inner -->\n<\/section><!-- media-text -->","protected":false},"excerpt":{"rendered":"","protected":false},"author":32,"featured_media":11988,"parent":539,"menu_order":0,"comment_status":"closed","ping_status":"closed","template":"","meta":{"_acf_changed":false,"_searchwp_excluded":"","footnotes":""},"class_list":["post-11985","page","type-page","status-publish","has-post-thumbnail","hentry"],"acf":[],"_links":{"self":[{"href":"https:\/\/www.brightsign.biz\/es\/wp-json\/wp\/v2\/pages\/11985","targetHints":{"allow":["GET"]}}],"collection":[{"href":"https:\/\/www.brightsign.biz\/es\/wp-json\/wp\/v2\/pages"}],"about":[{"href":"https:\/\/www.brightsign.biz\/es\/wp-json\/wp\/v2\/types\/page"}],"author":[{"embeddable":true,"href":"https:\/\/www.brightsign.biz\/es\/wp-json\/wp\/v2\/users\/32"}],"replies":[{"embeddable":true,"href":"https:\/\/www.brightsign.biz\/es\/wp-json\/wp\/v2\/comments?post=11985"}],"version-history":[{"count":0,"href":"https:\/\/www.brightsign.biz\/es\/wp-json\/wp\/v2\/pages\/11985\/revisions"}],"up":[{"embeddable":true,"href":"https:\/\/www.brightsign.biz\/es\/wp-json\/wp\/v2\/pages\/539"}],"wp:featuredmedia":[{"embeddable":true,"href":"https:\/\/www.brightsign.biz\/es\/wp-json\/wp\/v2\/media\/11988"}],"wp:attachment":[{"href":"https:\/\/www.brightsign.biz\/es\/wp-json\/wp\/v2\/media?parent=11985"}],"curies":[{"name":"wp","href":"https:\/\/api.w.org\/{rel}","templated":true}]}}