{"id":12083,"date":"2025-03-17T17:36:54","date_gmt":"2025-03-17T21:36:54","guid":{"rendered":"https:\/\/www.brightsign.biz\/?page_id=12083"},"modified":"2025-03-18T10:40:24","modified_gmt":"2025-03-18T14:40:24","slug":"garantia-reglamentaria-3","status":"publish","type":"page","link":"https:\/\/www.brightsign.biz\/es\/legal\/regulatory\/","title":{"rendered":"Informaci\u00f3n sobre el cumplimiento de la normativa"},"content":{"rendered":"<section\n  id=\"hero-block_539c9c40e3d1b24ca2abdc9177a4faee\"\n  class=\"hero custom-block\"\n  data-form-url=\"\"\n>\n  <!-- Backgrounds: cover full section, center position (extended via SCSS) -->\n        <div id=\"hero-desktop-background\" style=\"background-image: url('https:\/\/www.brightsign.biz\/wp-content\/uploads\/2024\/09\/header-template3-15-1920x900.jpg'); background-size: cover; background-position: center center; background-repeat: no-repeat;\"><\/div>\n        <div id=\"hero-mobile-background\" style=\"background-image: url('https:\/\/www.brightsign.biz\/wp-content\/uploads\/2024\/09\/header-template3-15-1920x900.jpg'); background-size: cover; background-position: center center; background-repeat: no-repeat;\"><\/div>\n  \n  <div class=\"hero-gradient\" aria-hidden=\"true\"><\/div>\n  <div class=\"block-inner medium\">\n    <div class=\"block-inner-content grid-x grid-margin-y\">\n\n      <!-- MOBILE-only layout -->\n      <div class=\"cell small-12 show-for-small-only\">\n        \n        \n        \n        \n        <div class=\"mobile-content form-content\"><h1><strong>Cumplimiento de la normativa<\/strong> Informaci\u00f3n<\/h1>\n<p>Actualizado el 17 de marzo de 2025<\/p>\n<\/div>      <\/div>\n      <!-- end MOBILE-only -->\n\n      <!-- DESKTOP text cell -->\n      <div class=\"cell small-12 medium-12 large-6 hide-for-small-only\">\n        \n        <h1><strong>Cumplimiento de la normativa<\/strong> Informaci\u00f3n<\/h1>\n<p>Actualizado el 17 de marzo de 2025<\/p>\n      <\/div>\n      <!-- end DESKTOP text cell -->\n\n      <!-- DESKTOP form\/video cell -->\n      <div class=\"cell small-12 medium-12 large-6 center-play hide-for-small-only\">\n        \n              <\/div>\n      <!-- end DESKTOP form\/video cell -->\n\n    <\/div><!-- .block-inner-content -->\n  <\/div><!-- .block-inner -->\n<\/section><!-- hero -->\n\n\n\n    <section id=\"full-width-text-block_62aeaff3ca721e8e249cecd5f45a656a\" class=\"full-width-text custom-block dark small-top none-bottom brand-htags default-lists\">\n\n        <div class=\"block-inner medium\">\n\n        <h2 style=\"text-align: center\">BrightSign Informaci\u00f3n sobre el cumplimiento de la normativa<\/h2>\n<p><strong>Normas FCC, Parte 15.<\/strong><\/p>\n<p>Este equipo ha sido probado y cumple los l\u00edmites establecidos para los dispositivos digitales de clase B, de conformidad con el apartado 15 de las normas de la FCC. Estos l\u00edmites est\u00e1n dise\u00f1ados para proporcionar una protecci\u00f3n razonable contra interferencias perjudiciales en una instalaci\u00f3n residencial. Este equipo genera, utiliza y puede irradiar energ\u00eda de radiofrecuencia y, si no se instala y utiliza de acuerdo con las instrucciones, puede causar interferencias perjudiciales en las comunicaciones por radio. No obstante, no se garantiza que no se produzcan interferencias en una instalaci\u00f3n concreta. Si este equipo causa interferencias perjudiciales en la recepci\u00f3n de radio o televisi\u00f3n, lo cual puede determinarse apagando y encendiendo el equipo, se recomienda al usuario que intente corregir la interferencia mediante una o m\u00e1s de las siguientes medidas:<\/p>\n<ul>\n<li>Reorientar o reubicar la antena receptora<\/li>\n<li>Aumentar la separaci\u00f3n entre el equipo y el receptor<\/li>\n<li>Conectar el equipo a una toma de corriente de un circuito distinto al que est\u00e1 conectado el receptor.<\/li>\n<li>Consulte al distribuidor o a un t\u00e9cnico experto en radio\/TV para obtener ayuda.<\/li>\n<\/ul>\n<p><strong>Este dispositivo cumple con la Parte 15 de las normas de la FCC.<\/strong><\/p>\n<p>El funcionamiento est\u00e1 sujeto a las dos condiciones siguientes:<\/p>\n<ul>\n<li>Este dispositivo no puede causar interferencias perjudiciales.<\/li>\n<li>Este dispositivo debe aceptar cualquier interferencia recibida, incluidas las interferencias que puedan causar un funcionamiento no deseado.<\/li>\n<\/ul>\n<p>Los cambios o modificaciones no aprobados expresamente por la parte responsable del cumplimiento podr\u00edan anular la autoridad del usuario para utilizar el equipo.<\/p>\n<p><strong>Responsable:<\/strong><\/p>\n<p>BrightSign, LLC.<\/p>\n<p>500 S. Winchester Blvd., Suite 100, San Jos\u00e9, CA 95128<\/p>\n<p>EE.UU. Tel\u00e9fono: 1-408-852-9263<\/p>\n<p><strong>Aviso ICES-003 Clase B:<\/strong><\/p>\n<p><strong>(Avis NMB-003, Classe B)<\/strong><\/p>\n<p>Este aparato digital de Clase B cumple la norma canadiense ICES-003.<\/p>\n<p><strong>Declaraci\u00f3n de conformidad de la Comunidad Europea<\/strong><\/p>\n<p>Este producto cumple los requisitos de protecci\u00f3n de la Directiva 892004\/108\/CE del Consejo de la CE relativa a la aproximaci\u00f3n de las legislaciones de los Estados miembros en materia de compatibilidad electromagn\u00e9tica. BrightSign, LLC. no se hace responsable del incumplimiento de los requisitos de protecci\u00f3n derivados de una modificaci\u00f3n no recomendada del producto. Este producto ha sido probado y cumple los l\u00edmites para equipos de tecnolog\u00eda de la informaci\u00f3n de Clase B seg\u00fan CISPR 22 \/ Norma europea EN 55022 y EN 55024. Los l\u00edmites para los equipos de Clase B se derivaron para entornos t\u00edpicos con el fin de proporcionar una protecci\u00f3n razonable contra interferencias con dispositivos de comunicaci\u00f3n autorizados. Deben utilizarse cables y conectores debidamente apantallados y conectados a tierra para reducir la posibilidad de causar interferencias en las comunicaciones de radio y TV y en otros equipos el\u00e9ctricos o electr\u00f3nicos.<\/p>\n<p><strong>Declaraci\u00f3n de conformidad<\/strong><\/p>\n<p>Este producto cumple los requisitos de la Directiva de Compatibilidad Electromagn\u00e9tica (2014\/30\/UE) y el Reglamento de Compatibilidad Electromagn\u00e9tica de 2016. Medios para demostrar la conformidad con los requisitos esenciales (normas\/especificaciones utilizadas):<\/p>\n<table style=\"height: 623px\" width=\"807\">\n<tbody>\n<tr>\n<td width=\"312\">BS EN 55032:2015+A 1:2020 (Clase B)<\/td>\n<td width=\"213\">EN 61000 3-3:2013+A2:2021<\/td>\n<\/tr>\n<tr>\n<td width=\"312\">BS EN 55035:2017+A11:2020<\/td>\n<td width=\"213\">EN 61000 4-4:2012<\/td>\n<\/tr>\n<tr>\n<td width=\"312\">BS EN 61000 4-2:2009<\/td>\n<td width=\"213\">EN IEC 61000 3-2:2019+A1:2021<\/td>\n<\/tr>\n<tr>\n<td width=\"312\">BS EN 61000 4-5:2014+A1:2017<\/td>\n<td width=\"213\">CIEI 610 00 4-8:2009<\/td>\n<\/tr>\n<tr>\n<td width=\"312\">BS EN 61000 4-6:2014<\/td>\n<td width=\"213\">CIEI 61000 4-3:2020<\/td>\n<\/tr>\n<tr>\n<td width=\"312\">BS EN 61000 4-8:2010<\/td>\n<td width=\"213\">IEC 61000 4-5:2014\/AMD1:2017<\/td>\n<\/tr>\n<tr>\n<td width=\"312\">BS EN IEC 61000 3-2:2019+A1:2021<\/td>\n<td width=\"213\">CIEI 61000 4-11:2020<\/td>\n<\/tr>\n<tr>\n<td width=\"312\">BS EN IEC 61000 4-11:2020<\/td>\n<td width=\"213\">IEC 61000 4-2:2008<\/td>\n<\/tr>\n<tr>\n<td width=\"312\">BS EN IEC 61000 4-3:2020<\/td>\n<td width=\"213\">IEC 61000 4-4:2012<\/td>\n<\/tr>\n<tr>\n<td width=\"312\"><\/td>\n<td width=\"213\">IEC 61000 4-6:2013<\/td>\n<\/tr>\n<\/tbody>\n<\/table>\n<p>&nbsp;<\/p>\n<p><strong>Canal de operaci\u00f3n inal\u00e1mbrica para distintos dominios<\/strong><\/p>\n<p>La funci\u00f3n de selecci\u00f3n del c\u00f3digo de pa\u00eds debe desactivarse para los productos comercializados en EE.UU.\/CANAD\u00c1.<\/p>\n<ul>\n<li>N. Am\u00e9rica 2,412-2,462 GHz Ch01 a CH11<\/li>\n<li>Jap\u00f3n 2,412-2,484 GHz Ch01 a Ch14<\/li>\n<li>Europa ETSI 2,412-2,472 GHz Ch01 a Ch13<\/li>\n<\/ul>\n<p><strong>Bandas de frecuencias inal\u00e1mbricas restringidas en Francia<\/strong><\/p>\n<p>Algunas zonas de Francia tienen una banda de frecuencias restringida. La potencia m\u00e1xima autorizada en el peor de los casos en interiores son:<\/p>\n<ul>\n<li>10mW para toda la banda de 2,4 GHz (2400 MHz-2483,5 MHz)<\/li>\n<li>100mW para frecuencias entre 2446,5 MHz y 2483,5 MHz<\/li>\n<\/ul>\n<p>Los canales 10 a 13 inclusive operan en la banda de 2446,6 MHz a 2483,5 MHz.Hay pocas posibilidades de uso en exteriores: En propiedad privada o en propiedad privada de personas p\u00fablicas, el uso est\u00e1 sujeto a un procedimiento de autorizaci\u00f3n previa por parte del Ministerio de Defensa, con una potencia m\u00e1xima autorizada de 100mW en la banda 2446,5-2483,5 MHz. No se permite el uso en exteriores en propiedad p\u00fablica.En los departamentos que se indican a continuaci\u00f3n, para toda la banda de 2,4 GHz:<\/p>\n<ul>\n<li>La potencia m\u00e1xima autorizada en interiores es de 100mW<\/li>\n<li>La potencia m\u00e1xima autorizada en exteriores es de 10mW<\/li>\n<\/ul>\n<p>Departamentos en los que se permite el uso de la banda de 2400-2483,5 MHz con una PIRE inferior a 100mW en interiores e inferior a 10mW en exteriores:<\/p>\n<ul>\n<li>01 Ain Orientales 02 Aisne 03 Allier<\/li>\n<li>05 Altos Alpes 08 Ardenas 09 Ari\u00e8ge<\/li>\n<li>11 Aude 12 Aveyron 16 Charente<\/li>\n<li>24 Dordo\u00f1a 25 Doubs 26 Dr\u00f4me<\/li>\n<li>32 Gers 36 Indre 37 Indre et Loire<\/li>\n<li>41 Loir et Cher 45 Loiret 50 Manche<\/li>\n<li>55 Mosa 58 Ni\u00e8vre 59 Norte<\/li>\n<li>60 Oise 61 Orne 63 Puy du D\u00f4me<\/li>\n<li>64 Pirineos Atl\u00e1nticos 66 Pirineos 67 Bajo Rin<\/li>\n<li>68 Alto Rin 70 Alta Saona 71 Saona y Loira<\/li>\n<li>75 Par\u00eds 82 Tarn et Garonne<\/li>\n<li>84 Vaucluse 88 Vosgos 89 Yonne<\/li>\n<li>90 Territoire de Belfort 94 Val de Marne<\/li>\n<\/ul>\n<p>Es probable que este requisito cambie con el tiempo, permiti\u00e9ndole utilizar su tarjeta LAN inal\u00e1mbrica en m\u00e1s zonas dentro de Francia. Consulte con ART para obtener la informaci\u00f3n m\u00e1s reciente (<a href=\"http:\/\/www.art-telecom.fr\" target=\"_blank\" rel=\"noopener\">www.art-telecom.fr<\/a>). BrightSign Los dispositivos inal\u00e1mbricos (WiFi) transmiten menos de 100mW, pero m\u00e1s de 10mW.<\/p>\n<p><strong>Avisos de seguridad UL<\/strong><\/p>\n<p>Requerido para UL 1459 que cubre equipos de telecomunicaciones (tel\u00e9fono) destinados a ser conectados el\u00e9ctricamente a una red de telecomunicaciones que tiene un voltaje de funcionamiento a tierra que no excede 200V pico, 300V pico a pico, y 105V rms, e instalado o utilizado de acuerdo con el C\u00f3digo El\u00e9ctrico Nacional (NFPA 70).Cuando se utiliza el reproductor BrightSign, siempre se deben seguir las precauciones b\u00e1sicas de seguridad para reducir el riesgo de incendio, descarga el\u00e9ctrica y lesiones a las personas, incluyendo las siguientes:<\/p>\n<ul>\n<li>NO utilizar cerca del agua, por ejemplo, cerca de una ba\u00f1era, lavabo, fregadero o lavadero, en un s\u00f3tano h\u00famedo o cerca de una piscina.<\/li>\n<li>NO lo utilice durante una tormenta el\u00e9ctrica. Puede haber un riesgo remoto de descarga el\u00e9ctrica por un rayo.<\/li>\n<li>NO utilizar en las proximidades de una fuga de gas.<\/li>\n<\/ul>\n\n        \n        <\/div><!-- block-inner -->  \n\n        \n    <\/section><!-- full-width-text -->","protected":false},"excerpt":{"rendered":"","protected":false},"author":32,"featured_media":0,"parent":846,"menu_order":30,"comment_status":"closed","ping_status":"closed","template":"","meta":{"_acf_changed":true,"_searchwp_excluded":"","footnotes":""},"class_list":["post-12083","page","type-page","status-publish","hentry"],"acf":[],"_links":{"self":[{"href":"https:\/\/www.brightsign.biz\/es\/wp-json\/wp\/v2\/pages\/12083","targetHints":{"allow":["GET"]}}],"collection":[{"href":"https:\/\/www.brightsign.biz\/es\/wp-json\/wp\/v2\/pages"}],"about":[{"href":"https:\/\/www.brightsign.biz\/es\/wp-json\/wp\/v2\/types\/page"}],"author":[{"embeddable":true,"href":"https:\/\/www.brightsign.biz\/es\/wp-json\/wp\/v2\/users\/32"}],"replies":[{"embeddable":true,"href":"https:\/\/www.brightsign.biz\/es\/wp-json\/wp\/v2\/comments?post=12083"}],"version-history":[{"count":0,"href":"https:\/\/www.brightsign.biz\/es\/wp-json\/wp\/v2\/pages\/12083\/revisions"}],"up":[{"embeddable":true,"href":"https:\/\/www.brightsign.biz\/es\/wp-json\/wp\/v2\/pages\/846"}],"wp:attachment":[{"href":"https:\/\/www.brightsign.biz\/es\/wp-json\/wp\/v2\/media?parent=12083"}],"curies":[{"name":"wp","href":"https:\/\/api.w.org\/{rel}","templated":true}]}}