{"id":12181,"date":"2025-06-05T06:01:03","date_gmt":"2025-06-05T10:01:03","guid":{"rendered":"https:\/\/www.brightsign.biz\/?page_id=12181"},"modified":"2026-01-07T13:20:13","modified_gmt":"2026-01-07T18:20:13","slug":"evento-infocomm-pro-av","status":"publish","type":"page","link":"https:\/\/www.brightsign.biz\/es\/infocomm-pro-av-event\/","title":{"rendered":"Evento InfoComm Pro AV"},"content":{"rendered":"<section\n  id=\"hero-block_faabba1b85241b05d046870e07197c07\"\n  class=\"hero custom-block\"\n  data-form-url=\"\"\n>\n  <!-- Backgrounds: cover full section, center position (extended via SCSS) -->\n        <div id=\"hero-desktop-background\" style=\"background-image: url('https:\/\/www.brightsign.biz\/wp-content\/uploads\/2025\/05\/infocomm-webhero-desktop-4-v06.png'); background-size: cover; background-position: center center; background-repeat: no-repeat;\"><\/div>\n        <div id=\"hero-mobile-background\" style=\"background-image: url('https:\/\/www.brightsign.biz\/wp-content\/uploads\/2025\/05\/infocomm-webhero-mobile-4.png'); background-size: cover; background-position: center center; background-repeat: no-repeat;\"><\/div>\n  \n  <div class=\"hero-gradient\" aria-hidden=\"true\"><\/div>\n  <div class=\"block-inner medium\">\n    <div class=\"block-inner-content grid-x grid-margin-y\">\n\n      <!-- MOBILE-only layout -->\n      <div class=\"cell small-12 show-for-small-only\">\n        \n        \n        \n        \n        <ul class=\"custom-breadcrumb\"><li>InfoComm 2025<\/li><\/ul><div class=\"mobile-content form-content\"><h1>Pr\u00f3xima generaci\u00f3n <strong>Todo sobre la Se\u00f1alizaci\u00f3n Digital<\/strong><\/h1>\n<p>Gracias por visitarnos en InfoComm 2025.<\/p>\n<p>Fue estupendo conectar y hablar de las \u00faltimas soluciones de se\u00f1alizaci\u00f3n digital de BrightSign.<\/p>\n<\/div><div class=\"basic-button blue\"><a href=\"#contact\" target=\"\">\u00daLTIMAS NOTICIAS <i class=\"fa-solid fa-chevron-right\"><\/i><\/a><\/div>      <\/div>\n      <!-- end MOBILE-only -->\n\n      <!-- DESKTOP text cell -->\n      <div class=\"cell small-12 medium-12 large-10 hide-for-small-only\">\n        \n        <ul class=\"custom-breadcrumb\"><li>InfoComm 2025<\/li><\/ul><h1>Pr\u00f3xima generaci\u00f3n <strong>Todo sobre la Se\u00f1alizaci\u00f3n Digital<\/strong><\/h1>\n<p>Gracias por visitarnos en InfoComm 2025.<\/p>\n<p>Fue estupendo conectar y hablar de las \u00faltimas soluciones de se\u00f1alizaci\u00f3n digital de BrightSign.<\/p>\n<div class=\"basic-button blue\"><a href=\"#contact\" target=\"\">\u00daLTIMAS NOTICIAS <i class=\"fa-solid fa-chevron-right\"><\/i><\/a><\/div>      <\/div>\n      <!-- end DESKTOP text cell -->\n\n      <!-- DESKTOP form\/video cell -->\n      <div class=\"cell small-12 medium-12 large-6 center-play hide-for-small-only\">\n        \n              <\/div>\n      <!-- end DESKTOP form\/video cell -->\n\n    <\/div><!-- .block-inner-content -->\n  <\/div><!-- .block-inner -->\n<\/section><!-- hero -->\n\n\n\n\n\n<section id=\"video\" class=\"simple-video custom-block\">\n\n<div class=\"block-inner medium\">\n\n\n<div class=\"vimeo-wrapper\">\n\n<div class=\"vimeo-thumb\" style=\"background-image: url( https:\/\/www.brightsign.biz\/wp-content\/uploads\/2025\/06\/brightsign-infocomm-2025-recap-video-thumbnail-1440x800.jpg );\"><\/div>\n\n<div class=\"inline-video\" id=\"video-1096275599\"><iframe src=\"\" frameborder=\"0\" allowfullscreen allowtransparency allow=\"autoplay\"><\/iframe><\/div>\n\n<button class=\"play-embed\" data-id=\"1096275599\"><\/button>\n\n<\/div><!-- vimeo-wrapper -->\n\n\n<\/div><!-- block-inner -->\n\n<\/section><!-- simple-video -->\n\n\n\n\n\n\n\n<section id=\"facts\" class=\"factoids custom-block\">\n\n<div class=\"block-inner medium grid-x\">\n\n\n<div class=\"cell small-12 medium-12 large-3 factoid-intro show-for-large\">\n   <h3>La demanda de lo digital ya est\u00e1 aqu\u00ed<\/h3>\n<\/div>\n\n\n<div class=\"cell small-12 medium-12 large-9\">\n<div class=\"grid-x grid-padding-x\">\n\n\n<div class=\"cell small-6 medium-6 factoid-intro hide-for-large\">\n   <h3>La demanda de lo digital ya est\u00e1 aqu\u00ed<\/h3>\n<\/div>\n\n\n<div class=\"cell small-6 medium-6 large-4 factoid-item\">\n    <div class=\"logo-container\">\n\t    <img decoding=\"async\" src=\"https:\/\/www.brightsign.biz\/wp-content\/uploads\/2025\/01\/ISE_Web-icons_20250108_ISE_Web_Megaphone_1_50x50px.svg\" alt=\"\" \/>\n    <\/div>\n   <h3>83%<\/h3>\n   <p>Los consumidores recuerdan m\u00e1s los contenidos digitales que los tradicionales\u00b9.<\/p>\n\n\n<\/div>\n\n<div class=\"cell small-6 medium-6 large-4 factoid-item\">\n    <div class=\"logo-container\">\n\t    <img decoding=\"async\" src=\"https:\/\/www.brightsign.biz\/wp-content\/uploads\/2025\/01\/ISE_Web-icons_20250108_ISE_Web_Upward-Trend_3_50x50px.svg\" alt=\"\" \/>\n    <\/div>\n   <h3>400%<\/h3>\n   <p>M\u00e1s visitas captadas con la se\u00f1alizaci\u00f3n digital\u00b2.<\/p>\n\n\n<\/div>\n\n<div class=\"cell small-6 medium-6 large-4 factoid-item\">\n    <div class=\"logo-container\">\n\t    <img decoding=\"async\" src=\"https:\/\/www.brightsign.biz\/wp-content\/uploads\/2025\/01\/ISE_Web-icons_20250108_ISE_Web_Money_2_50x50px.svg\" alt=\"\" \/>\n    <\/div>\n   <h3>67%<\/h3>\n   <p>Los consumidores compran en funci\u00f3n de la se\u00f1alizaci\u00f3n digital\u00b3.<\/p>\n\n\n<\/div>\n\n<\/div>\n<\/div>\n\n<\/div><!-- block-inner -->\n\n<\/section><!-- hero -->\n\n\n\n\n\n\n\n\n<section id=\"demos\" class=\"media-grid custom-block dark medium-top none-bottom\">\n\n<div class=\"block-inner medium\">\n\n<div class=\"full-width-text default-htags\">\n\n    <div><h2 style=\"text-align: center;color: #701896\">Transforme su estrategia con soluciones reales<\/h2>\n<\/div>\n\n<\/div>\n\n\n<div class=\"grid-x\">\n\n\n<div class=\"mg-cell cell small-12 medium-4\">\n\n    <div class=\"mg-cell-inner item-parent\">\n\n    <div class=\"mg-item-content remove-overlay default-htags default-lists\">\n\n        \n            <div class=\"mg-item-image\">\n\n                <img decoding=\"async\" src=\"https:\/\/www.brightsign.biz\/wp-content\/uploads\/2025\/06\/brightsign-built-in-fragrance-demo-infocomm-2025-900x495.jpg\" alt=\"Demostraci\u00f3n de BrightSign Built-In en InfoComm 2025\" \/>\n           \n\n                            <\/div>\n        \n        \n\n            <div class=\"mg-content-top\">\n\n                <h5>Experiencia Lift &amp; Learn<\/h5>\n                                    <p>La pantalla del Bluefin con el BrightSign Built-In se integra con los sensores ponderados del Nexmosphere para activar la elevaci\u00f3n de la fragancia y aprender el contenido.<\/p>\n                                \n\n            <\/div><!-- mg-content-top -->\n\n            <\/div><!-- mg-item-content -->\n\n            <ul class=\"mg-cta-list small-buttons\">\n\n                \n                <li>\n                    <a href=\"https:\/\/www.brightsign.biz\/es\/jugadores-brillantes\/brightsign-incorporado\/\" target=\"_self\">Explorar BrightSign Built-In<i class=\"fa-solid fa-chevron-right\"><\/i><\/a>\n                <\/li>\n\n                                \n                \n            <\/ul>\n\n    \n    <\/div><!-- mg-cell-inner -->\n\n<\/div><!-- mg-cell -->\n\n\n<div class=\"mg-cell cell small-12 medium-4\">\n\n    <div class=\"mg-cell-inner item-parent\">\n\n    <div class=\"mg-item-content remove-overlay default-htags default-lists\">\n\n        \n            <div class=\"mg-item-image\">\n\n                <img decoding=\"async\" src=\"https:\/\/www.brightsign.biz\/wp-content\/uploads\/2025\/06\/brightsign-xt5-broadcast-demo-infocomm-2025-900x495.jpg\" alt=\"Demostraci\u00f3n del reproductor de se\u00f1alizaci\u00f3n digital de doble pantalla BrightSign XT5 en InfoComm 2025\" \/>\n           \n\n                            <\/div>\n        \n        \n\n            <div class=\"mg-content-top\">\n\n                <h5>TV en directo de doble pantalla<\/h5>\n                                    <p>XT5 ofrece el doble de impacto con emisiones en doble pantalla que muestran simult\u00e1neamente datos en directo y v\u00eddeo.<\/p>\n                                \n\n            <\/div><!-- mg-content-top -->\n\n            <\/div><!-- mg-item-content -->\n\n            <ul class=\"mg-cta-list small-buttons\">\n\n                \n                <li>\n                    <a href=\"https:\/\/www.brightsign.biz\/es\/jugadores-brillantes\/serie-5\/xt5\/\" target=\"_self\">Explorar el XT5<i class=\"fa-solid fa-chevron-right\"><\/i><\/a>\n                <\/li>\n\n                                \n                \n            <\/ul>\n\n    \n    <\/div><!-- mg-cell-inner -->\n\n<\/div><!-- mg-cell -->\n\n\n<div class=\"mg-cell cell small-12 medium-4\">\n\n    <div class=\"mg-cell-inner item-parent\">\n\n    <div class=\"mg-item-content remove-overlay default-htags default-lists\">\n\n        \n            <div class=\"mg-item-image\">\n\n                <img decoding=\"async\" src=\"https:\/\/www.brightsign.biz\/wp-content\/uploads\/2025\/06\/brightsign-xc5-travel-demo-infocomm-2025-900x495.jpg\" alt=\"Demostraci\u00f3n de viaje del reproductor de se\u00f1alizaci\u00f3n digital BrightSign XC5 con tecnolog\u00eda LiDAR en InfoComm 2025\" \/>\n           \n\n                            <\/div>\n        \n        \n\n            <div class=\"mg-content-top\">\n\n                <h5>Interactividad multipantalla<\/h5>\n                                    <p>El XC5 y la tecnolog\u00eda LiDAR activan atractivos contenidos sobre viajes en tres pantallas que corresponden a puntos de inter\u00e9s proyectados en el suelo.<\/p>\n                                \n\n            <\/div><!-- mg-content-top -->\n\n            <\/div><!-- mg-item-content -->\n\n            <ul class=\"mg-cta-list small-buttons\">\n\n                \n                <li>\n                    <a href=\"https:\/\/www.brightsign.biz\/es\/jugadores-brillantes\/serie-5\/xc5\/\" target=\"_self\">Explorar el XC5<i class=\"fa-solid fa-chevron-right\"><\/i><\/a>\n                <\/li>\n\n                                \n                \n            <\/ul>\n\n    \n    <\/div><!-- mg-cell-inner -->\n\n<\/div><!-- mg-cell -->\n\n\n<\/div><!-- grid-x -->\n\n\n<\/div><!-- block-inner -->  \n\n<\/section><!-- ### -->\n\n\n\n\n\n<section id=\"contact\" class=\"media-text custom-block dark small-top none-bottom\" data-form-url=\"https:\/\/content.brightsign.biz\/l\/1011161\/2025-04-23\/3h64g?page_name=infocomm-2025\">\n    <div class=\"dot-in\"><\/div><!-- dot-in -->\n    <div class=\"block-inner medium grid-x right\">\n    \n        <div class=\"cell small-12 medium-12 large-6 mediatext-content default-checks\">\n            <div aria-hidden=\"true\" class=\"blue-dot\"><\/div>\n                                                    <h2>Su viaje a la se\u00f1alizaci\u00f3n digital comienza aqu\u00ed<\/h2>\n<p>BrightSign ofrece soluciones de se\u00f1alizaci\u00f3n digital de calidad profesional con una fiabilidad, seguridad y rendimiento inigualables, dondequiera que las necesite.<\/p>\n<h4>\u00bfNos ech\u00f3 de menos en InfoComm 2025?<\/h4>\n<p>BrightSign desvel\u00f3 avances de vanguardia que est\u00e1n configurando el futuro de la se\u00f1alizaci\u00f3n digital, pero a\u00fan est\u00e1 a tiempo de saber m\u00e1s. Esto es lo que hemos anunciado:<\/p>\n<ul>\n<li>Nuevo <a href=\"#ai\">Conjuntos de herramientas de IA<\/a> que potencian una se\u00f1alizaci\u00f3n digital m\u00e1s personalizada y cautivadora.<\/li>\n<li>El debut de la Serie 6: <a href=\"https:\/\/www.brightsign.biz\/es\/jugadores-brillantes\/serie-6\/xd6\/\">XD6<\/a> y <a href=\"https:\/\/www.brightsign.biz\/es\/jugadores-brillantes\/serie-6\/hd6\/\">HD6<\/a> reproductores multimedia digitales y <a href=\"https:\/\/www.brightsign.biz\/es\/jugadores-brillantes\/brightsign-incorporado\/#xs6\">XS6<\/a> Tecnolog\u00eda SoC.<\/li>\n<li>Nuestro liderazgo <a href=\"https:\/\/www.brightsign.biz\/es\/jugadores-brillantes\/garantia\/\">5 a\u00f1os de garant\u00eda<\/a>\u00a0disponible para los reproductores registrados de la serie 5 y posteriores BrightSign.*<sup>*<\/sup><\/li>\n<li>Pantallas comerciales UHD de la serie LG UV5N con BrightSignOS\u2122 integrado para un despliegue sin problemas y sin necesidad de reproductores.<\/li>\n<\/ul>\n<p>P\u00f3ngase en contacto con el equipo de BrightSign para obtener m\u00e1s informaci\u00f3n o estudiar nuevas soluciones para sus necesidades de se\u00f1alizaci\u00f3n digital.<\/p>\n                        \n                        \n                    <\/div><!-- mediatext-content -->\n        \n        <div class=\"cell small-12 medium-12 large-6 form-wrapper\">\n                            <!-- Normal form on all devices -->\n                                                    <div class=\"mg-form-embed\">\n                        <!-- To be populated dynamically via JS -->\n                    <\/div>\n                                        \n                    <\/div><!-- form-wrapper -->\n        \n    <\/div><!-- block-inner -->\n<\/section><!-- media-text -->\n\n\n\n\n\n<section id=\"ai\" class=\"media-text custom-block dark none-top none-bottom\" >\n    <div class=\"dot-in\"><\/div><!-- dot-in -->\n    <div class=\"block-inner medium grid-x left\">\n    \n        <div class=\"cell small-12 medium-12 large-6 mediatext-content default-checks\">\n            <div aria-hidden=\"true\" class=\"blue-dot\"><\/div>\n                                                    <h3>BrightSign AI en la periferia<\/h3>\n<ul>\n<li>Quividi utiliza reproductores BrightSign e IA para ayudar a los minoristas a medir la participaci\u00f3n y adaptar las campa\u00f1as.<\/li>\n<li>Los reproductores BrightSign ejecutaron aplicaciones de IA sin comprometer el v\u00eddeo, el audio o los gr\u00e1ficos.<\/li>\n<li>brightAuthor connected gestion\u00f3 sin problemas la entrega de medios y aplicaciones de IA a los reproductores BrightSign.<\/li>\n<\/ul>\n                        \n                            <div class=\"basic-button blue\">\n                    <a href=\"https:\/\/www.brightsign.biz\/es\/acerca-de\/news-blog\/nuevos-conjuntos-de-herramientas-de-ai-para-una-senalizacion-digital-cautivadora-infocomm-2025\/\" target=\"_self\">\n                        SABER M\u00c1S                    <\/a>\n                <\/div><!-- basic-cta -->\n                        \n                    <\/div><!-- mediatext-content -->\n        \n        <div class=\"cell small-12 medium-12 large-6 form-wrapper\">\n                            <!-- Normal form on all devices -->\n                                                    <div class=\"mediatext-image default-bg\">\n                        <img decoding=\"async\" src=\"https:\/\/www.brightsign.biz\/wp-content\/uploads\/2025\/06\/brightsign-new-ai-quividi-infocomm-2025-750x666.jpg\" alt=\"Demostraci\u00f3n de IA BrightSign y Quividi en InfoComm 2025\" \/>\n                                            <\/div><!-- mediatext-image -->\n                                                            \n                    <\/div><!-- form-wrapper -->\n        \n    <\/div><!-- block-inner -->\n<\/section><!-- media-text -->\n\n\n\n\n\n<section id=\"control\" class=\"media-text custom-block dark none-top none-bottom\" >\n    <div class=\"dot-in\"><\/div><!-- dot-in -->\n    <div class=\"block-inner medium grid-x right\">\n    \n        <div class=\"cell small-12 medium-12 large-6 mediatext-content default-checks\">\n            <div aria-hidden=\"true\" class=\"blue-dot\"><\/div>\n                                                    <h3>bsn.Control - Gratis con cada jugador<\/h3>\n<p>Agilice la configuraci\u00f3n de los reproductores con software y servicios de gesti\u00f3n remota que se adaptan a sus necesidades, desde pantallas sencillas hasta redes sofisticadas.<\/p>\n<p><strong>bsn.Control<\/strong> es nuestro servicio gratuito de gesti\u00f3n de dispositivos que le permite supervisar la salud de los reproductores en tiempo real e integrarse a la perfecci\u00f3n con su CMS preferido.<\/p>\n                        \n                            <div class=\"basic-button blue\">\n                    <a href=\"https:\/\/www.brightsign.biz\/es\/jugadores-brillantes\/software\/\" target=\"_self\">\n                        SABER M\u00c1S                    <\/a>\n                <\/div><!-- basic-cta -->\n                        \n                    <\/div><!-- mediatext-content -->\n        \n        <div class=\"cell small-12 medium-12 large-6 form-wrapper\">\n                            <!-- Normal form on all devices -->\n                                                    <div class=\"mediatext-image no-blue\">\n                        <img decoding=\"async\" src=\"https:\/\/www.brightsign.biz\/wp-content\/uploads\/2025\/05\/bsncontrol-bsncloud-solution-logo-padded-750x319.png\" alt=\"Logotipo de gesti\u00f3n remota de dispositivos BrightSign bsn.Control\" \/>\n                                            <\/div><!-- mediatext-image -->\n                                                            \n                    <\/div><!-- form-wrapper -->\n        \n    <\/div><!-- block-inner -->\n<\/section><!-- media-text -->\n\n\n\n\n\n<section id=\"built-in\" class=\"media-text custom-block dark none-top none-bottom\" >\n    <div class=\"dot-in\"><\/div><!-- dot-in -->\n    <div class=\"block-inner medium grid-x left\">\n    \n        <div class=\"cell small-12 medium-12 large-6 mediatext-content default-checks\">\n            <div aria-hidden=\"true\" class=\"blue-dot\"><\/div>\n                                                    <h3>Soluci\u00f3n integral de se\u00f1alizaci\u00f3n digital<\/h3>\n<p>BrightSign Built-In ofrece soluciones de visualizaci\u00f3n todo en uno con un rendimiento estelar y elimina la necesidad de reproductores multimedia externos.<\/p>\n<ul>\n<li>BrightSign Built-In combina pantallas de alta calidad con la potencia de la soluci\u00f3n de sistema en chip (SoC) BrightSign, lo que proporciona opciones vers\u00e1tiles para quioscos, paneles de men\u00fas, murales de v\u00eddeo, etc.<\/li>\n<li>Explore las brillantes opciones de pantalla de Bluefin, LG, MOKA y XPO Screens.<\/li>\n<\/ul>\n                        \n                            <div class=\"basic-button blue\">\n                    <a href=\"https:\/\/www.brightsign.biz\/es\/jugadores-brillantes\/brightsign-incorporado\/\" target=\"_self\">\n                        SABER M\u00c1S                    <\/a>\n                <\/div><!-- basic-cta -->\n                        \n                    <\/div><!-- mediatext-content -->\n        \n        <div class=\"cell small-12 medium-12 large-6 form-wrapper\">\n                            <!-- Normal form on all devices -->\n                                                    <div class=\"mediatext-image default-bg\">\n                        <img decoding=\"async\" src=\"https:\/\/www.brightsign.biz\/wp-content\/uploads\/2025\/05\/ise-bsbi-DSC01991-crop-750x773.jpg\" alt=\"Soluci\u00f3n de sistema en un chip (SoC) BrightSign Built-In\" \/>\n                                            <\/div><!-- mediatext-image -->\n                                                            \n                    <\/div><!-- form-wrapper -->\n        \n    <\/div><!-- block-inner -->\n<\/section><!-- media-text -->\n\n\n\n\n\n    <section id=\"partners\" class=\"full-width-text custom-block dark small-top none-bottom brand-htags default-lists\">\n\n        <div class=\"block-inner medium\">\n\n        <h3 style=\"text-align: center;color: #701896\">Conozca a nuestros socios<\/h3>\n        \n        <\/div><!-- block-inner -->  \n\n        \n    <\/section><!-- full-width-text -->  \n\n\n\n\n\n<section id=\"ticker-block_45b2e2c5045608350152ff59e3962b07\" class=\"ticker custom-block white-bg dark small-top small-bottom\">\n\n    \n    <div class=\"block-inner\">\n        <div class=\"swiper ticker-swiper\">\n            <div class=\"swiper-wrapper\">\n\n                                    \n                        <div class=\"swiper-slide\">\n                                                            <img decoding=\"async\" src=\"https:\/\/www.brightsign.biz\/wp-content\/uploads\/2025\/01\/3-LGE_B2B-Brand-Logo_2D_White-Background.png\" alt=\"Logotipo de LG Business Solutions\" \/>\n                                                                                <\/div>\n\n                    \n                        <div class=\"swiper-slide\">\n                                                            <img decoding=\"async\" src=\"https:\/\/www.brightsign.biz\/wp-content\/uploads\/2024\/06\/XPO_logo_BrightSign-web-e1703261016920.png\" alt=\"\" \/>\n                                                                                <\/div>\n\n                    \n                        <div class=\"swiper-slide\">\n                                                            <img decoding=\"async\" src=\"https:\/\/www.brightsign.biz\/wp-content\/uploads\/2024\/06\/MOKA-LOGO-RGB-1-scaled-e1705601827626.jpg\" alt=\"\" \/>\n                                                                                <\/div>\n\n                    \n                        <div class=\"swiper-slide\">\n                                                            <img decoding=\"async\" src=\"https:\/\/www.brightsign.biz\/wp-content\/uploads\/2024\/06\/Bluefin-logo-2048x859-1.png\" alt=\"\" \/>\n                                                                                <\/div>\n\n                    \n                        <div class=\"swiper-slide\">\n                                                            <img decoding=\"async\" src=\"https:\/\/www.brightsign.biz\/wp-content\/uploads\/2023\/04\/Partners-CMS-Carousel.png\" alt=\"\" \/>\n                                                                                <\/div>\n\n                    \n                        <div class=\"swiper-slide\">\n                                                            <img decoding=\"async\" src=\"https:\/\/www.brightsign.biz\/wp-content\/uploads\/2023\/04\/Partners-CMS-intuiface.png\" alt=\"\" \/>\n                                                                                <\/div>\n\n                    \n                        <div class=\"swiper-slide\">\n                                                            <img decoding=\"async\" src=\"https:\/\/www.brightsign.biz\/wp-content\/uploads\/2023\/04\/Partners-CMS-Omnivex.png\" alt=\"\" \/>\n                                                                                <\/div>\n\n                    \n                        <div class=\"swiper-slide\">\n                                                            <img decoding=\"async\" src=\"https:\/\/www.brightsign.biz\/wp-content\/uploads\/2023\/04\/Partners-CMS-Wallboard.png\" alt=\"\" \/>\n                                                                                <\/div>\n\n                    \n                        <div class=\"swiper-slide\">\n                                                            <img decoding=\"async\" src=\"https:\/\/www.brightsign.biz\/wp-content\/uploads\/2024\/12\/SignMetrix-original_logoL.png\" alt=\"Logotipo de SignMetrix\" \/>\n                                                                                <\/div>\n\n                    \n                        <div class=\"swiper-slide\">\n                                                            <img decoding=\"async\" src=\"https:\/\/www.brightsign.biz\/wp-content\/uploads\/2025\/01\/OptConnect_Logo_Color_Large.jpg\" alt=\"Logotipo de OptConnect\" \/>\n                                                                                <\/div>\n\n                    \n                        <div class=\"swiper-slide\">\n                                                            <img decoding=\"async\" src=\"https:\/\/www.brightsign.biz\/wp-content\/uploads\/2023\/04\/Partners-CMS-Dise.png\" alt=\"\" \/>\n                                                                                <\/div>\n\n                    \n                        <div class=\"swiper-slide\">\n                                                            <img decoding=\"async\" src=\"https:\/\/www.brightsign.biz\/wp-content\/uploads\/2024\/06\/Poppulo_FWI_Color.png\" alt=\"\" \/>\n                                                                                <\/div>\n\n                                    \n            <\/div><!-- swiper-wrapper -->\n        <\/div><!-- swiper -->\n    <\/div><!-- block-inner -->\n<\/section><!-- ticker -->\n\n\n\n\n\n    <section id=\"full-width-text-block_a76c7d9549f5aee5a9b0f3d2ace7453e\" class=\"full-width-text custom-block dark small-top none-bottom default-htags default-lists\">\n\n        <div class=\"block-inner medium\">\n\n        <p><sup>*El programa de garant\u00eda se aplica a los reproductores de la serie 5 y posteriores adquiridos en BrightSign despu\u00e9s del 1 de noviembre de 2024. El programa de garant\u00eda no se aplica a los accesorios. <\/sup><\/p>\n<p><sup>Para m\u00e1s informaci\u00f3n, consulte el <a href=\"https:\/\/www.brightsign.biz\/es\/legal\/garantia\/\">BrightSign Garant\u00eda limitada de hardware<\/a>.<\/sup><\/p>\n<hr \/>\n<h6>Referencias<\/h6>\n<ol>\n<li style=\"font-size: 12px\"><em>Look Digital Signage. (sin fecha). Digital signage statistics. Obtenido el 8 de abril de 2025, de <a href=\"https:\/\/www.lookdigitalsignage.com\/blog\/digital-signage-statistics\" target=\"_blank\" rel=\"noopener\">https:\/\/www.lookdigitalsignage.com\/blog\/digital-signage-statistics<\/a><\/em><\/li>\n<li style=\"font-size: 12px\"><em>CrownTV. (sin fecha). Top 101 digital signage statistics. Obtenido el 23 de abril de 2025, de <a href=\"https:\/\/www.crowntv-us.com\/blog\/top-101-digital-signage-statistics\/\" target=\"_blank\" rel=\"noopener\">https:\/\/www.crowntv-us.com\/blog\/top-101-digital-signage-statistics\/<\/a><\/em><\/li>\n<li style=\"font-size: 12px\"><em>Market.us. (sin fecha). Estad\u00edsticas de se\u00f1alizaci\u00f3n digital: Tama\u00f1o del mercado, crecimiento y tendencias. Obtenido el 23 de abril de 2025, de <a href=\"https:\/\/scoop.market.us\/digital-signage-statistics\/\" target=\"_blank\" rel=\"noopener\">https:\/\/scoop.market.us\/digital-signage-statistics\/<\/a><\/em><\/li>\n<\/ol>\n\n        \n        <\/div><!-- block-inner -->  \n\n        \n    <\/section><!-- full-width-text -->","protected":false},"excerpt":{"rendered":"","protected":false},"author":32,"featured_media":12183,"parent":0,"menu_order":0,"comment_status":"closed","ping_status":"closed","template":"","meta":{"_acf_changed":false,"_searchwp_excluded":"","footnotes":""},"class_list":["post-12181","page","type-page","status-publish","has-post-thumbnail","hentry"],"acf":[],"_links":{"self":[{"href":"https:\/\/www.brightsign.biz\/es\/wp-json\/wp\/v2\/pages\/12181","targetHints":{"allow":["GET"]}}],"collection":[{"href":"https:\/\/www.brightsign.biz\/es\/wp-json\/wp\/v2\/pages"}],"about":[{"href":"https:\/\/www.brightsign.biz\/es\/wp-json\/wp\/v2\/types\/page"}],"author":[{"embeddable":true,"href":"https:\/\/www.brightsign.biz\/es\/wp-json\/wp\/v2\/users\/32"}],"replies":[{"embeddable":true,"href":"https:\/\/www.brightsign.biz\/es\/wp-json\/wp\/v2\/comments?post=12181"}],"version-history":[{"count":0,"href":"https:\/\/www.brightsign.biz\/es\/wp-json\/wp\/v2\/pages\/12181\/revisions"}],"wp:featuredmedia":[{"embeddable":true,"href":"https:\/\/www.brightsign.biz\/es\/wp-json\/wp\/v2\/media\/12183"}],"wp:attachment":[{"href":"https:\/\/www.brightsign.biz\/es\/wp-json\/wp\/v2\/media?parent=12181"}],"curies":[{"name":"wp","href":"https:\/\/api.w.org\/{rel}","templated":true}]}}