{"id":12319,"date":"2025-06-04T18:29:38","date_gmt":"2025-06-04T22:29:38","guid":{"rendered":"https:\/\/www.brightsign.biz\/?page_id=12319"},"modified":"2025-12-31T16:00:13","modified_gmt":"2025-12-31T21:00:13","slug":"xd6","status":"publish","type":"page","link":"https:\/\/www.brightsign.biz\/es\/brightsign-players\/series-6\/xd6\/","title":{"rendered":"XD6"},"content":{"rendered":"<section\n  id=\"hero-block_ed698d5fbe7bf67915f1dae1ba0058d5\"\n  class=\"hero custom-block\"\n  data-form-url=\"\"\n>\n  <!-- Backgrounds: cover full section, center position (extended via SCSS) -->\n        <div id=\"hero-desktop-background\" style=\"background-image: url('https:\/\/www.brightsign.biz\/wp-content\/uploads\/2025\/06\/xd6-application-hero-desktop-v02-1920x900.jpg'); background-size: cover; background-position: center center; background-repeat: no-repeat;\"><\/div>\n        <div id=\"hero-mobile-background\" style=\"background-image: url('https:\/\/www.brightsign.biz\/wp-content\/uploads\/2025\/06\/xd6-application-hero-mobile-v04-750x900.jpg'); background-size: cover; background-position: center center; background-repeat: no-repeat;\"><\/div>\n  \n  <div class=\"hero-gradient\" aria-hidden=\"true\"><\/div>\n  <div class=\"block-inner medium\">\n    <div class=\"block-inner-content grid-x grid-margin-y\">\n\n      <!-- MOBILE-only layout -->\n      <div class=\"cell small-12 show-for-small-only\">\n        \n        \n        \n        \n        <ul class=\"custom-breadcrumb\"><li>Productos y software<\/li><\/ul><div class=\"mobile-content form-content\"><h1><strong>Bright<\/strong>Firma XD6 <strong>Reproductor digital<\/strong><\/h1>\n<p>Excepcional rendimiento gr\u00e1fico y de v\u00eddeo 4K, desplegable en cualquier lugar.<\/p>\n<\/div><div class=\"basic-button blue\"><a href=\"https:\/\/www.brightsign.biz\/es\/contacto\/\" target=\"\">HABLE CON UN EXPERTO <i class=\"fa-solid fa-chevron-right\"><\/i><\/a><\/div>      <\/div>\n      <!-- end MOBILE-only -->\n\n      <!-- DESKTOP text cell -->\n      <div class=\"cell small-12 medium-12 large-6 hide-for-small-only\">\n        \n        <ul class=\"custom-breadcrumb\"><li>Productos y software<\/li><\/ul><h1><strong>Bright<\/strong>Firma XD6 <strong>Reproductor digital<\/strong><\/h1>\n<p>Excepcional rendimiento gr\u00e1fico y de v\u00eddeo 4K, desplegable en cualquier lugar.<\/p>\n<div class=\"basic-button blue\"><a href=\"https:\/\/www.brightsign.biz\/es\/contacto\/\" target=\"\">HABLE CON UN EXPERTO <i class=\"fa-solid fa-chevron-right\"><\/i><\/a><\/div>      <\/div>\n      <!-- end DESKTOP text cell -->\n\n      <!-- DESKTOP form\/video cell -->\n      <div class=\"cell small-12 medium-12 large-6 center-play hide-for-small-only\">\n        \n              <\/div>\n      <!-- end DESKTOP form\/video cell -->\n\n    <\/div><!-- .block-inner-content -->\n  <\/div><!-- .block-inner -->\n<\/section><!-- hero -->\n\n\n<section id=\"tabbed-content-block_126ebc4395ba703a809748436e4e30fa\" class=\"simple-tabs-content custom-block dark small-top small-bottom\">\n\n    <div class=\"block-inner medium\">\n\n                    <div class=\"simple-tabs-header\">\n                                    <h2 class=\"h3\">Conoce el reproductor digital XD6<\/h2>\n                \n                            <\/div>\n        \n                <!-- Tabs Navigation -->\n        <!-- Tabs Navigation -->\n        <ul class=\"tabs content-tabs\" data-tabs data-active-collapse=\"false\" id=\"tabs-tabbed-content-block_126ebc4395ba703a809748436e4e30fa\">\n                            <li class=\"tabs-title is-active basic-button default-btns\">\n                    <a href=\"#tabID-block_126ebc4395ba703a809748436e4e30fa-1\">Productos<\/a>\n                <\/li>\n                            <li class=\"tabs-title idle basic-button default-btns\">\n                    <a href=\"#tabID-block_126ebc4395ba703a809748436e4e30fa-2\">Fotos y v\u00eddeos<\/a>\n                <\/li>\n                            <li class=\"tabs-title idle basic-button default-btns\">\n                    <a href=\"#tabID-block_126ebc4395ba703a809748436e4e30fa-3\">Caracter\u00edsticas y especificaciones<\/a>\n                <\/li>\n                    <\/ul><!-- content-tabs -->\n                        <!-- Tabs Content -->\n        <div class=\"tabs-content\" data-tabs-content=\"tabs-tabbed-content-block_126ebc4395ba703a809748436e4e30fa\">\n            \n                <div class=\"tabs-panel is-active\" id=\"tabID-block_126ebc4395ba703a809748436e4e30fa-1\">\n\n                    <div class=\"tabs-panel-inner grid-x\">\n\n                                                                                    <div class=\"cell small-12 medium-12 large-6 simple-tab-content default-checks\">\n                                    <div class=\"simple-tab-image-wrap\">\n                                        <img decoding=\"async\" src=\"https:\/\/www.brightsign.biz\/wp-content\/uploads\/2025\/06\/BrightSign-53-XD6-min-750x440.png\" alt=\"BrightSign Reproductor multimedia XD6\" \/>\n                                    <\/div>\n                                                                                <!-- Add CTAs Here -->\n                                                                                            <ul class=\"simple-tab-ctas\">\n                                                                                                                <li class=\"basic-button doc\">\n                                                                <a href=\"https:\/\/www.brightsign.biz\/wp-content\/uploads\/2025\/06\/XD6-datasheet-20250604.pdf\" target=\"_blank\">\n                                                                    DATASHEET XD6<i class=\"fa-regular fa-file-arrow-down\"><\/i>\n                                                                <\/a>\n                                                            <\/li>\n                                                                                                                                                            <\/ul>\n                                                                                                                    <\/div>\n                                                        \n                                                            <div class=\"simple-tab-wysiwyg cell small-12 medium-12 large-6\">\n                                    <h2>Centro visual<\/h2>\n<p>BrightSign XD6 aprovecha la flexibilidad de la alimentaci\u00f3n a trav\u00e9s de Ethernet (PoE+) para implementar gr\u00e1ficos 4K de alto rendimiento y transmitir v\u00eddeo 4K profundamente cautivador, en cualquier lugar.<\/p>\n<ul>\n<li>V\u00eddeo estelar en 4K o doble 4K, ideal para proyecciones en pantalla y proyecciones, y compatibilidad con HDR de 10 bits<\/li>\n<li>Implemente gr\u00e1ficos 4K envolventes y admita aplicaciones complejas con capacidades SSD internas ampliadas<\/li>\n<li>Almacenamiento interno ampliable mediante una interfaz M2 Opci\u00f3n de almacenamiento SSD<\/li>\n<\/ul>\n\n                                                                    <\/div>\n                                                                        <\/div><!-- tabs-panel-inner -->\n                <\/div><!-- tabs-panel -->\n            \n                <div class=\"tabs-panel\" id=\"tabID-block_126ebc4395ba703a809748436e4e30fa-2\">\n\n                    <div class=\"tabs-panel-inner grid-x\">\n\n                                                                                <!-- Swiper Content -->\n                            <div class=\"swiper tabbed-swiper1\">\n                                <div class=\"swiper-wrapper\">\n                                                                            <div class=\"swiper-slide\">\n                                                                                                                                        <img decoding=\"async\" src=\"https:\/\/www.brightsign.biz\/wp-content\/uploads\/2025\/12\/xd6-updated-top-black-1920x1281-1.png\" alt=\"BrightSign Reproductor multimedia XD6\" \/>\n                                                                                    <\/div>\n                                                                            <div class=\"swiper-slide\">\n                                                                                                                                        <img decoding=\"async\" src=\"https:\/\/www.brightsign.biz\/wp-content\/uploads\/2025\/06\/BrightSign-53-XD6-min.png\" alt=\"BrightSign Reproductor multimedia XD6\" \/>\n                                                                                    <\/div>\n                                                                            <div class=\"swiper-slide\">\n                                                                                                                                        <img decoding=\"async\" src=\"https:\/\/www.brightsign.biz\/wp-content\/uploads\/2025\/06\/BrightSign-54-XD6-min.png\" alt=\"BrightSign Reproductor multimedia XD6\" \/>\n                                                                                    <\/div>\n                                                                            <div class=\"swiper-slide\">\n                                                                                                                                        <img decoding=\"async\" src=\"https:\/\/www.brightsign.biz\/wp-content\/uploads\/2025\/12\/xd6-updated-side-black-1920x1281-1.png\" alt=\"BrightSign Reproductor multimedia XD6\" \/>\n                                                                                    <\/div>\n                                                                            <div class=\"swiper-slide\">\n                                                                                                                                        <img decoding=\"async\" src=\"https:\/\/www.brightsign.biz\/wp-content\/uploads\/2025\/06\/BrightSign-52-XD6-min.png\" alt=\"BrightSign Reproductor multimedia XD6\" \/>\n                                                                                    <\/div>\n                                                                            <div class=\"swiper-slide\">\n                                                                                                                                        <img decoding=\"async\" src=\"https:\/\/www.brightsign.biz\/wp-content\/uploads\/2025\/12\/xd6-updated-top-tilted-black-1920x1281-1.png\" alt=\"BrightSign Reproductor multimedia XD6\" \/>\n                                                                                    <\/div>\n                                                                    <\/div><!-- swiper-wrapper -->\n                            <\/div><!-- tabbed-swiper1 -->\n                            <div class=\"tabbed-swiper-button-next show-for-large\"><\/div>\n                            <div class=\"tabbed-swiper-button-prev show-for-large\"><\/div>\n                                                                        <\/div><!-- tabs-panel-inner -->\n                <\/div><!-- tabs-panel -->\n            \n                <div class=\"tabs-panel\" id=\"tabID-block_126ebc4395ba703a809748436e4e30fa-3\">\n\n                    <div class=\"tabs-panel-inner grid-x full-width\">\n\n                                                                                \n                                                            <div class=\"simple-tab-wysiwyg cell small-12 medium-12 large-12 full-width\">\n                                    <p><strong>Especificaciones t\u00e9cnicas<\/strong><\/p>\n<ul class=\"simple-tab-ctas\">\n<li class=\"basic-button doc\">\n<a href=\"https:\/\/www.brightsign.biz\/wp-content\/uploads\/2025\/06\/XD6-datasheet-20250604.pdf\" target=\"_blank\">Ficha t\u00e9cnica del XD6<i class=\"fa-regular fa-file-arrow-down\" aria-hidden=\"true\"><\/i><\/a><\/li>\n<\/ul>\n\n<table id=\"tablepress-13\" class=\"tablepress tablepress-id-13\">\n<thead>\n<tr class=\"row-1\">\n\t<td class=\"column-1\"><\/td><th class=\"column-2\">XD236<\/th><th class=\"column-3\">XD1036<\/th>\n<\/tr>\n<\/thead>\n<tbody class=\"row-striping row-hover\">\n<tr class=\"row-2\">\n\t<td class=\"column-1\">Paquete de E\/S<\/td><td class=\"column-2\">Est\u00e1ndar<\/td><td class=\"column-3\">Ampliado<\/td>\n<\/tr>\n<tr class=\"row-3\">\n\t<td class=\"column-1\">Unidad de procesamiento neuronal (NPU)<\/td><td class=\"column-2\">\u2714<\/td><td class=\"column-3\">\u2714<\/td>\n<\/tr>\n<tr class=\"row-4\">\n\t<td class=\"column-1\">Decodificaci\u00f3n de v\u00eddeo 4K<\/td><td class=\"column-2\">Doble de 10 bits a 60p<\/td><td class=\"column-3\">Doble de 10 bits a 60p<\/td>\n<\/tr>\n<tr class=\"row-5\">\n\t<td class=\"column-1\">Decodificaci\u00f3n de v\u00eddeo Full HD a 60p<\/td><td class=\"column-2\">\u2714 (Doble)<\/td><td class=\"column-3\">\u2714 (Doble)<\/td>\n<\/tr>\n<tr class=\"row-6\">\n\t<td class=\"column-1\">Rendimiento HTML5<\/td><td class=\"column-2\">Movimiento 2D WebGL fluido a pantalla completa<\/td><td class=\"column-3\">WebGL 2D multit\u00e1ctil y adaptable<\/td>\n<\/tr>\n<tr class=\"row-7\">\n\t<td class=\"column-1\">Compatibilidad con HTML: HTML5, CSS, JavaScript, SVG, WebGL y Chromium.<\/td><td class=\"column-2\">\u2714<\/td><td class=\"column-3\">\u2714<\/td>\n<\/tr>\n<tr class=\"row-8\">\n\t<td class=\"column-1\">Admite transmisi\u00f3n IP 4K<\/td><td class=\"column-2\">\u2714<\/td><td class=\"column-3\">\u2714<\/td>\n<\/tr>\n<tr class=\"row-9\">\n\t<td class=\"column-1\">Resoluci\u00f3n de im\u00e1genes y gr\u00e1ficos<\/td><td class=\"column-2\">4K<\/td><td class=\"column-3\">4K<\/td>\n<\/tr>\n<tr class=\"row-10\">\n\t<td class=\"column-1\">Compatibilidad con HDR de 10 bits<\/td><td class=\"column-2\">\u2714<\/td><td class=\"column-3\">\u2714<\/td>\n<\/tr>\n<tr class=\"row-11\">\n\t<td class=\"column-1\">C\u00f3decs de v\u00eddeo 4K: H.265\/HEVC, H.264\/AVC, VP9<\/td><td class=\"column-2\">\u2714<br \/>\r\nH.265, H.264 a 60p<\/td><td class=\"column-3\">\u2714<br \/>\r\nH.265, H.264 a 60p<\/td>\n<\/tr>\n<tr class=\"row-12\">\n\t<td class=\"column-1\">Contenedores de v\u00eddeo 4K: .MP4, .MOV, .MKV, .WEBM, .TS, .MPG, .MPEG, .PS, .M2P, .MPV, .AVI, .HEVC, .H264, .AV1, .VP9 y .MJPG.<\/td><td class=\"column-2\">\u2714<\/td><td class=\"column-3\">\u2714<\/td>\n<\/tr>\n<tr class=\"row-13\">\n\t<td class=\"column-1\">C\u00f3decs de v\u00eddeo Full HD: H.265\/HEVC, H.264\/AVC, VP9, MPEG 4 parte 2, v\u00eddeo MPEG1, v\u00eddeo MPEG2<\/td><td class=\"column-2\">\u2714<\/td><td class=\"column-3\">\u2714<\/td>\n<\/tr>\n<tr class=\"row-14\">\n\t<td class=\"column-1\">Contenedores de v\u00eddeo Full HD: .MP4, .MOV, .MKV, .WEBM, .TS, .MPG, .MPEG, .PS, .M2P, .MPV, .AVI, .HEVC, .H264, .AV1, .VP9 y .MJPG.<\/td><td class=\"column-2\">\u2714<\/td><td class=\"column-3\">\u2714<\/td>\n<\/tr>\n<tr class=\"row-15\">\n\t<td class=\"column-1\">Im\u00e1genes: BMP, JPEG, PNG<\/td><td class=\"column-2\">\u2714<\/td><td class=\"column-3\">\u2714<\/td>\n<\/tr>\n<tr class=\"row-16\">\n\t<td class=\"column-1\">Audio: MP2, MP3, AAC y WAV (AC3 se transmite sin cambios)<\/td><td class=\"column-2\">\u2714<\/td><td class=\"column-3\">\u2714<\/td>\n<\/tr>\n<tr class=\"row-17\">\n\t<td class=\"column-1\">Rango de temperatura de funcionamiento<\/td><td class=\"column-2\">0 \u00b0C a 50 \u00b0C<\/td><td class=\"column-3\">0 \u00b0C a 50 \u00b0C<\/td>\n<\/tr>\n<tr class=\"row-18\">\n\t<td class=\"column-1\">Dimensiones (An x Pr x Al)<\/td><td class=\"column-2\">205 x 185,9 x 19,2 mm<\/td><td class=\"column-3\">205 x 185,9 x 19,2 mm<\/td>\n<\/tr>\n<tr class=\"row-19\">\n\t<td class=\"column-1\">Peso de env\u00edo \/ Peso del reproductor<\/td><td class=\"column-2\">1,3 kg \/ 0,59 kg<\/td><td class=\"column-3\">1,3 kg \/ 0,59 kg<\/td>\n<\/tr>\n<tr class=\"row-20\">\n\t<td class=\"column-1\">Bloqueo de la fuente de alimentaci\u00f3n<\/td><td class=\"column-2\">12 V \/ 3 A<\/td><td class=\"column-3\">12 V \/ 3 A<\/td>\n<\/tr>\n<tr class=\"row-21\">\n\t<td class=\"column-1\">Incluye garant\u00eda de 5 a\u00f1os, piezas y mano de obra*.<\/td><td class=\"column-2\">\u2714<\/td><td class=\"column-3\">\u2714<\/td>\n<\/tr>\n<\/tbody>\n<\/table>\n<!-- #tablepress-13 from cache -->\n<p style=\"font-size: 12px\">*El programa de garant\u00eda se aplica a los reproductores de la serie 5 comprados en BrightSign despu\u00e9s del 1 de enero de 2025. El programa de garant\u00eda no se aplica a los accesorios.<br \/>\nM\u00e1s informaci\u00f3n en <a href=\"https:\/\/www.brightsign.biz\/es\/jugadores-brillantes\/garantia\/\">https:\/\/www.brightsign.biz\/brightsign-players\/warranty\/<\/a><\/p>\n\n                                                                    <\/div>\n                                                                        <\/div><!-- tabs-panel-inner -->\n                <\/div><!-- tabs-panel -->\n                    \n        <\/div><!-- tabs-content -->\n    <\/div><!-- block-inner medium -->\n\n<\/section><!-- tabbed-content -->\n\n\n\n\n\n<section id=\"full-width-cta-block_baf51325430a4e72936798fb023e2b80\" class=\"full-width-cta custom-block\">\n\n<div class=\"block-inner medium grid-x\">\n\n<div class=\"cell small-12 medium-8\">\n    <h4>Hablemos<\/h4>\n<p>\u00bfNo encuentra lo que busca? A nuestro equipo le apasiona encontrar la soluci\u00f3n de se\u00f1alizaci\u00f3n digital que se adapte a sus objetivos empresariales y a su presupuesto.<\/p>\n<\/div><!-- medium-8 -->\n\n<div class=\"cell small-12 medium-4 content-right\">\n    <div class=\"basic-button blue\"><a href=\"https:\/\/www.brightsign.biz\/es\/contacto\/\" target=\"_self\">HABLE CON UN EXPERTO<i class=\"fa-solid fa-chevron-right\"><\/i><\/a><\/div>\n<\/div><!-- medium-4 -->\n\n<\/div><!-- block-inner -->\n\n<\/section><!-- hero -->\n\n\n\n\n\n<section id=\"warranty\" class=\"media-text custom-block dark none-top none-bottom\" >\n    <div class=\"dot-in\"><\/div><!-- dot-in -->\n    <div class=\"block-inner medium grid-x left\">\n    \n        <div class=\"cell small-12 medium-12 large-6 mediatext-content default-checks\">\n            <div aria-hidden=\"true\" class=\"blue-dot\"><\/div>\n                            <h4>Programa de garant\u00eda de 5 a\u00f1os<\/h4>\n                                                    <h5><strong>Fiabilidad con la que puede contar<\/strong><\/h5>\n<p>A partir del 1 de enero de 2025, todos los reproductores multimedia de la serie 5 y posteriores que se adquieran y registren en todo el mundo contar\u00e1n con una garant\u00eda est\u00e1ndar de 5 a\u00f1os.<\/p>\n<p>Los nuevos clientes pueden activar la garant\u00eda de 5 a\u00f1os registrando sus reproductores en l\u00ednea. Los jugadores con una cuenta bsn.Control o bsn.Content activa se inscriben autom\u00e1ticamente en la garant\u00eda de 5 a\u00f1os.<\/p>\n                        \n                            <div class=\"basic-button blue\">\n                    <a href=\"https:\/\/www.brightsign.biz\/es\/jugadores-brillantes\/garantia\/\" target=\"_self\">\n                        REG\u00cdSTRESE AHORA                    <\/a>\n                <\/div><!-- basic-cta -->\n                        \n                    <\/div><!-- mediatext-content -->\n        \n        <div class=\"cell small-12 medium-12 large-6 form-wrapper\">\n                            <!-- Normal form on all devices -->\n                                                    <div class=\"mediatext-image no-blue\">\n                        <img decoding=\"async\" src=\"https:\/\/www.brightsign.biz\/wp-content\/uploads\/2025\/01\/BrightSign_5yr_LockUp_Small_RGB-750x421.png\" alt=\"BrightSign Garant\u00eda de 5 a\u00f1os\" \/>\n                                            <\/div><!-- mediatext-image -->\n                                                            \n                    <\/div><!-- form-wrapper -->\n        \n    <\/div><!-- block-inner -->\n<\/section><!-- media-text -->\n\n\n\n\n\n<section id=\"control\" class=\"media-text custom-block dark none-top medium-bottom\" >\n    <div class=\"dot-in\"><\/div><!-- dot-in -->\n    <div class=\"block-inner medium grid-x right\">\n    \n        <div class=\"cell small-12 medium-12 large-6 mediatext-content default-checks\">\n            <div aria-hidden=\"true\" class=\"blue-dot\"><\/div>\n                            <h4>bsn.Control<\/h4>\n                                                    <h5>Gratis con cada jugador<\/h5>\n<p>Agilice la configuraci\u00f3n de los reproductores con software y servicios de gesti\u00f3n remota que se adaptan a sus necesidades, desde pantallas sencillas hasta redes sofisticadas.<\/p>\n<p>bsn.Control es nuestro servicio gratuito de gesti\u00f3n de dispositivos que le permite supervisar la salud de los reproductores en tiempo real e integrarse perfectamente con su CMS preferido.<\/p>\n                        \n                            <div class=\"basic-button blue\">\n                    <a href=\"https:\/\/www.brightsign.biz\/es\/jugadores-brillantes\/software\/\" target=\"_self\">\n                        SABER M\u00c1S                    <\/a>\n                <\/div><!-- basic-cta -->\n                        \n                    <\/div><!-- mediatext-content -->\n        \n        <div class=\"cell small-12 medium-12 large-6 form-wrapper\">\n                            <!-- Normal form on all devices -->\n                                                    <div class=\"mediatext-image no-blue\">\n                        <img decoding=\"async\" src=\"https:\/\/www.brightsign.biz\/wp-content\/uploads\/2025\/05\/bsn.Control_BSN.Cloud-Solution-logo_1200x627-750x392.png\" alt=\"Logotipo de gesti\u00f3n remota de dispositivos BrightSign bsn.Control\" \/>\n                                            <\/div><!-- mediatext-image -->\n                                                            \n                    <\/div><!-- form-wrapper -->\n        \n    <\/div><!-- block-inner -->\n<\/section><!-- media-text -->","protected":false},"excerpt":{"rendered":"","protected":false},"author":32,"featured_media":12305,"parent":12316,"menu_order":0,"comment_status":"closed","ping_status":"closed","template":"","meta":{"_acf_changed":false,"_searchwp_excluded":"","footnotes":""},"class_list":["post-12319","page","type-page","status-publish","has-post-thumbnail","hentry"],"acf":[],"_links":{"self":[{"href":"https:\/\/www.brightsign.biz\/es\/wp-json\/wp\/v2\/pages\/12319","targetHints":{"allow":["GET"]}}],"collection":[{"href":"https:\/\/www.brightsign.biz\/es\/wp-json\/wp\/v2\/pages"}],"about":[{"href":"https:\/\/www.brightsign.biz\/es\/wp-json\/wp\/v2\/types\/page"}],"author":[{"embeddable":true,"href":"https:\/\/www.brightsign.biz\/es\/wp-json\/wp\/v2\/users\/32"}],"replies":[{"embeddable":true,"href":"https:\/\/www.brightsign.biz\/es\/wp-json\/wp\/v2\/comments?post=12319"}],"version-history":[{"count":0,"href":"https:\/\/www.brightsign.biz\/es\/wp-json\/wp\/v2\/pages\/12319\/revisions"}],"up":[{"embeddable":true,"href":"https:\/\/www.brightsign.biz\/es\/wp-json\/wp\/v2\/pages\/12316"}],"wp:featuredmedia":[{"embeddable":true,"href":"https:\/\/www.brightsign.biz\/es\/wp-json\/wp\/v2\/media\/12305"}],"wp:attachment":[{"href":"https:\/\/www.brightsign.biz\/es\/wp-json\/wp\/v2\/media?parent=12319"}],"curies":[{"name":"wp","href":"https:\/\/api.w.org\/{rel}","templated":true}]}}