{"id":12801,"date":"2025-09-04T16:09:22","date_gmt":"2025-09-04T20:09:22","guid":{"rendered":"https:\/\/www.brightsign.biz\/?page_id=12801"},"modified":"2025-10-02T11:14:47","modified_gmt":"2025-10-02T15:14:47","slug":"senalizacion-digital-centrada-en-el-paciente-ebook","status":"publish","type":"page","link":"https:\/\/www.brightsign.biz\/es\/industry\/healthcare\/patient-centric-digital-signage-ebook\/","title":{"rendered":"22Miles Digital Signage eBook centrado en el paciente"},"content":{"rendered":"<section\n  id=\"hero-block_922cee05ef86db322c366ea0f75a6af7\"\n  class=\"hero custom-block\"\n  data-form-url=\"\"\n>\n  <!-- Backgrounds: cover full section, center position (extended via SCSS) -->\n        <div id=\"hero-desktop-background\" style=\"background-image: url('https:\/\/www.brightsign.biz\/wp-content\/uploads\/2025\/09\/22miles-healthcare-hero-desktop-v02-1920x900.jpg'); background-size: cover; background-position: center center; background-repeat: no-repeat;\"><\/div>\n        <div id=\"hero-mobile-background\" style=\"background-image: url('https:\/\/www.brightsign.biz\/wp-content\/uploads\/2025\/09\/22miles-healthcare-hero-mobile-v1.4-750x900.jpg'); background-size: cover; background-position: center center; background-repeat: no-repeat;\"><\/div>\n  \n  <div class=\"hero-gradient\" aria-hidden=\"true\"><\/div>\n  <div class=\"block-inner medium\">\n    <div class=\"block-inner-content grid-x grid-margin-y\">\n\n      <!-- MOBILE-only layout -->\n      <div class=\"cell small-12 show-for-small-only\">\n        \n        \n        \n        \n        <ul class=\"custom-breadcrumb\"><li>BrightSign &amp; 22Millas<\/li><\/ul><div class=\"mobile-content form-content\"><h1>Transformar <strong>Paciente<\/strong> &amp; <strong>Personal<\/strong> Atenci\u00f3n<\/h1>\n<p>Descubra c\u00f3mo la se\u00f1alizaci\u00f3n digital centrada en el paciente mejora los resultados y alivia el agotamiento del personal.<\/p>\n<\/div><div class=\"basic-button blue\"><a href=\"#download\" target=\"\">DESCARGAR EBOOK <i class=\"fa-solid fa-chevron-right\"><\/i><\/a><\/div>      <\/div>\n      <!-- end MOBILE-only -->\n\n      <!-- DESKTOP text cell -->\n      <div class=\"cell small-12 medium-12 large-6 hide-for-small-only\">\n        \n        <ul class=\"custom-breadcrumb\"><li>BrightSign &amp; 22Millas<\/li><\/ul><h1>Transformar <strong>Paciente<\/strong> &amp; <strong>Personal<\/strong> Atenci\u00f3n<\/h1>\n<p>Descubra c\u00f3mo la se\u00f1alizaci\u00f3n digital centrada en el paciente mejora los resultados y alivia el agotamiento del personal.<\/p>\n<div class=\"basic-button blue\"><a href=\"#download\" target=\"\">DESCARGAR EBOOK <i class=\"fa-solid fa-chevron-right\"><\/i><\/a><\/div>      <\/div>\n      <!-- end DESKTOP text cell -->\n\n      <!-- DESKTOP form\/video cell -->\n      <div class=\"cell small-12 medium-12 large-6 center-play hide-for-small-only\">\n        \n              <\/div>\n      <!-- end DESKTOP form\/video cell -->\n\n    <\/div><!-- .block-inner-content -->\n  <\/div><!-- .block-inner -->\n<\/section><!-- hero -->\n\n\n\n    <section id=\"full-width-text-block_a1553c4554c2c71e1e2b69980e44ac2b\" class=\"full-width-text custom-block dark medium-top none-bottom brand-htags default-lists\">\n\n        <div class=\"block-inner medium\">\n\n        <h2>C\u00f3mo la se\u00f1alizaci\u00f3n digital centrada en el paciente mejora los resultados y reduce el agotamiento del personal<\/h2>\n<p>En el entorno sanitario actual, <strong>46% del personal declaran estar agotados<\/strong><sup>1<\/sup> y <strong>65% de los pacientes se sienten abrumados<\/strong><sup>2<\/sup> por su atenci\u00f3n. Una comunicaci\u00f3n clara y coherente es esencial para superar ambos retos. BrightSign y 22Miles respaldan los entornos sanitarios con una soluci\u00f3n fiable y totalmente integrada que combina el hardware espec\u00edfico de BrightSign con el software inteligente en tiempo real de 22Miles.<\/p>\n<p>&nbsp;<\/p>\n\n        \n        <\/div><!-- block-inner -->  \n\n        \n    <\/section><!-- full-width-text -->  \n\n\n\n\n\n<section id=\"download\" class=\"media-text custom-block dark none-top none-bottom\" data-form-url=\"https:\/\/content.brightsign.biz\/l\/1011161\/2025-07-30\/3qh2c?page_name=22miles-healthcare-ebook\">\n    <div class=\"dot-in\"><\/div><!-- dot-in -->\n    <div class=\"block-inner medium grid-x right\">\n    \n        <div class=\"cell small-12 medium-12 large-6 mediatext-content small-checks\">\n            <div aria-hidden=\"true\" class=\"blue-dot\"><\/div>\n                            <h4>En este libro electr\u00f3nico gratuito, descubra c\u00f3mo BrightSign y 22Miles pueden ayudar a los hospitales:<\/h4>\n                                                    <ul>\n<li><strong>Mejorar la experiencia del paciente<\/strong> mediante actualizaciones en tiempo real, orientaci\u00f3n y puntos de contacto interactivos para que los pacientes se sientan informados.<\/li>\n<li><strong>Reducir el agotamiento del personal<\/strong> automatizando las actualizaciones importantes, permitiendo la asistencia mediante IA y manteniendo la coherencia de los mensajes en todas las instalaciones.<\/li>\n<li><strong>Prep\u00e1rese para las futuras tendencias sanitarias<\/strong> aprovechando la tecnolog\u00eda basada en IA, integrando quioscos interactivos y desplegando redes de se\u00f1alizaci\u00f3n fiables en todos los departamentos.<\/li>\n<\/ul>\n<p><strong>Descargar el eBook<\/strong> para ver c\u00f3mo BrightSign y 22Miles pueden ayudar a los centros sanitarios a mejorar los resultados para los pacientes y, al mismo tiempo, crear una carga de trabajo m\u00e1s sostenible para el personal.<\/p>\n                        \n                        \n                    <\/div><!-- mediatext-content -->\n        \n        <div class=\"cell small-12 medium-12 large-6 form-wrapper\">\n                            <!-- Normal form on all devices -->\n                                                    <div class=\"mg-form-embed\">\n                        <!-- To be populated dynamically via JS -->\n                    <\/div>\n                                        \n                    <\/div><!-- form-wrapper -->\n        \n    <\/div><!-- block-inner -->\n<\/section><!-- media-text -->\n\n\n\n\n\n\n<section id=\"full-width-cta-block_68d02c8c544e3ae40739c6347ca41aa6\" class=\"full-width-cta custom-block\">\n\n<div class=\"block-inner medium grid-x\">\n\n<div class=\"cell small-12 medium-8\">\n    <h4>Hable con un experto<\/h4>\n<p>P\u00f3ngase en contacto con BrightSign hoy mismo para ver lo que la se\u00f1alizaci\u00f3n digital segura y potente puede hacer por su hospital, centro sanitario o consultorio m\u00e9dico.<\/p>\n<\/div><!-- medium-8 -->\n\n<div class=\"cell small-12 medium-4 content-right\">\n    <div class=\"basic-button blue\"><a href=\"https:\/\/www.brightsign.biz\/es\/contacto\/\" target=\"_self\">CONTACTO<i class=\"fa-solid fa-chevron-right\"><\/i><\/a><\/div>\n<\/div><!-- medium-4 -->\n\n<\/div><!-- block-inner -->\n\n<\/section><!-- hero -->\n\n\n\n\n\n    <section id=\"full-width-text-block_2d02cc24eec3f3ba6184869204a04306\" class=\"full-width-text custom-block dark small-top none-bottom default-htags default-lists\">\n\n        <div class=\"block-inner medium\">\n\n        <hr \/>\n<h6>Referencias<\/h6>\n<ol>\n<li>Centros para el Control y la Prevenci\u00f3n de la Diseasa. (sin fecha). <em>Los trabajadores sanitarios se enfrentan a una crisis de salud mental.<\/em> Extra\u00eddo el 4 de septiembre de 2025, de <a href=\"https:\/\/www.cdc.gov\/vitalsigns\/health-worker-mental-health\/index.html\" target=\"_blank\" rel=\"noopener\">https:\/\/www.cdc.gov\/vitalsigns\/health-worker-mental-health\/index.html<\/a><\/li>\n<li>Academia Americana de M\u00e9dicos Asociados. (s.f.). <em>Experiencia del paciente.<\/em> Extra\u00eddo el 4 de septiembre de 2025, de <a href=\"https:\/\/www.aapa.org\/research\/patient-experience\/\" target=\"_blank\" rel=\"noopener\">https:\/\/www.aapa.org\/research\/patient-experience\/<\/a><\/li>\n<\/ol>\n\n        \n        <\/div><!-- block-inner -->  \n\n        \n    <\/section><!-- full-width-text -->  \n\n\n\n<div class=\"wp-native-block block-outer\"><div class=\"block-inner medium\">\n<p><\/p>\n<\/div><\/div>","protected":false},"excerpt":{"rendered":"","protected":false},"author":32,"featured_media":12803,"parent":706,"menu_order":0,"comment_status":"closed","ping_status":"closed","template":"","meta":{"_acf_changed":false,"_searchwp_excluded":"","footnotes":""},"class_list":["post-12801","page","type-page","status-publish","has-post-thumbnail","hentry"],"acf":[],"_links":{"self":[{"href":"https:\/\/www.brightsign.biz\/es\/wp-json\/wp\/v2\/pages\/12801","targetHints":{"allow":["GET"]}}],"collection":[{"href":"https:\/\/www.brightsign.biz\/es\/wp-json\/wp\/v2\/pages"}],"about":[{"href":"https:\/\/www.brightsign.biz\/es\/wp-json\/wp\/v2\/types\/page"}],"author":[{"embeddable":true,"href":"https:\/\/www.brightsign.biz\/es\/wp-json\/wp\/v2\/users\/32"}],"replies":[{"embeddable":true,"href":"https:\/\/www.brightsign.biz\/es\/wp-json\/wp\/v2\/comments?post=12801"}],"version-history":[{"count":0,"href":"https:\/\/www.brightsign.biz\/es\/wp-json\/wp\/v2\/pages\/12801\/revisions"}],"up":[{"embeddable":true,"href":"https:\/\/www.brightsign.biz\/es\/wp-json\/wp\/v2\/pages\/706"}],"wp:featuredmedia":[{"embeddable":true,"href":"https:\/\/www.brightsign.biz\/es\/wp-json\/wp\/v2\/media\/12803"}],"wp:attachment":[{"href":"https:\/\/www.brightsign.biz\/es\/wp-json\/wp\/v2\/media?parent=12801"}],"curies":[{"name":"wp","href":"https:\/\/api.w.org\/{rel}","templated":true}]}}