{"id":12907,"date":"2026-01-01T08:00:02","date_gmt":"2026-01-01T13:00:02","guid":{"rendered":"https:\/\/www.brightsign.biz\/?page_id=12907"},"modified":"2026-01-01T08:00:02","modified_gmt":"2026-01-01T13:00:02","slug":"programa-de-actualizacion","status":"publish","type":"page","link":"https:\/\/www.brightsign.biz\/es\/upgrade-program\/","title":{"rendered":"Programa de actualizaci\u00f3n"},"content":{"rendered":"<section\n  id=\"hero-block_fc4602a2ff1f1d3c50e94ae4fe30a35b\"\n  class=\"hero custom-block\"\n  data-form-url=\"\"\n>\n  <!-- Backgrounds: cover full section, center position (extended via SCSS) -->\n        <div id=\"hero-desktop-background\" style=\"background-image: url('https:\/\/www.brightsign.biz\/wp-content\/uploads\/2025\/09\/upgrade-hero-desktop-2-1920x900.jpg'); background-size: cover; background-position: center center; background-repeat: no-repeat;\"><\/div>\n        <div id=\"hero-mobile-background\" style=\"background-image: url('https:\/\/www.brightsign.biz\/wp-content\/uploads\/2025\/09\/upgrade-hero-mobile-1-750x900.jpg'); background-size: cover; background-position: center center; background-repeat: no-repeat;\"><\/div>\n  \n  <div class=\"hero-gradient\" aria-hidden=\"true\"><\/div>\n  <div class=\"block-inner medium\">\n    <div class=\"block-inner-content grid-x grid-margin-y\">\n\n      <!-- MOBILE-only layout -->\n      <div class=\"cell small-12 show-for-small-only\">\n        \n        \n        \n        \n        <div class=\"mobile-content form-content\"><h1>Actualizar <strong>Programa<\/strong><\/h1>\n<\/div>      <\/div>\n      <!-- end MOBILE-only -->\n\n      <!-- DESKTOP text cell -->\n      <div class=\"cell small-12 medium-12 large-6 hide-for-small-only\">\n        \n        <h1>Actualizar <strong>Programa<\/strong><\/h1>\n      <\/div>\n      <!-- end DESKTOP text cell -->\n\n      <!-- DESKTOP form\/video cell -->\n      <div class=\"cell small-12 medium-12 large-6 center-play hide-for-small-only\">\n        \n              <\/div>\n      <!-- end DESKTOP form\/video cell -->\n\n    <\/div><!-- .block-inner-content -->\n  <\/div><!-- .block-inner -->\n<\/section><!-- hero -->\n\n\n\n    <section id=\"full-width-text-block_8d1745f4cc25dc41469f2c29d3d4f9b7\" class=\"full-width-text custom-block dark small-top small-bottom brand-htags default-lists\">\n\n        <div class=\"block-inner medium\">\n\n        <h2 style=\"text-align: center\">Eleve su se\u00f1alizaci\u00f3n digital<\/h2>\n<p style=\"text-align: center\">El programa de actualizaci\u00f3n BrightSign ya ha finalizado. Sin embargo, si desea actualizar sus reproductores de se\u00f1alizaci\u00f3n digital de la serie 4 o anteriores, por favor <a href=\"https:\/\/www.brightsign.biz\/es\/contacto\/\">Contacto<\/a>.<\/p>\n\n        \n        <\/div><!-- block-inner -->  \n\n        \n    <\/section><!-- full-width-text -->  \n\n\n\n\n\n    <section id=\"full-width-text-block_7c7818506694650bc3ad85ae1b41e0ae\" class=\"full-width-text custom-block dark small-top none-bottom brand-htags default-lists\">\n\n        <div class=\"block-inner medium\">\n\n        <h3 style=\"text-align: center\">Conozca los reproductores<\/h3>\n<p style=\"text-align: center\">Descubra los reproductores de se\u00f1alizaci\u00f3n digital de la serie 5 y 6 de BrightSign.<\/p>\n\n        \n        <\/div><!-- block-inner -->  \n\n        \n    <\/section><!-- full-width-text -->  \n\n\n\n\n\n<!-- Inject style_attr here -->\n<section\n    id=\"progress-slider-block_7b034540380b61fff0791cb1c9c75c03\"\n    class=\"progress-slider custom-block dark small-top small-bottom\"\n     >\n\n    <div class=\"block-inner\">\n\n        \n        <div class=\"swiper progress-swiper\">\n\n            <div class=\"swiper-wrapper\">\n\n                                                            \n                        <div class=\"swiper-slide\">\n\n                                                            <div class=\"prog-slide-image\">\n                                    <img decoding=\"async\" src=\"https:\/\/www.brightsign.biz\/wp-content\/uploads\/2025\/07\/Series-6_HD6_265x272px_reflection_v2.png\" alt=\"BrightSign Reproductor de se\u00f1alizaci\u00f3n digital HD6\" \/>\n                                <\/div>\n                            \n                                                            <p class=\"xx-small-p\">BrightSign HD6<\/p>\n                            \n                                                            <a class=\"full-button activate-container\" aria-hidden=\"true\" href=\"https:\/\/www.brightsign.biz\/es\/jugadores-brillantes\/serie-6\/hd6\/\" target=\"_self\"><\/a>\n                            \n                        <\/div><!-- .swiper-slide -->\n                                            \n                        <div class=\"swiper-slide\">\n\n                                                            <div class=\"prog-slide-image\">\n                                    <img decoding=\"async\" src=\"https:\/\/www.brightsign.biz\/wp-content\/uploads\/2025\/07\/Series-6_XD6_265x272px_reflection_v2.png\" alt=\"Reproductor de se\u00f1alizaci\u00f3n digital BrightSign XD6\" \/>\n                                <\/div>\n                            \n                                                            <p class=\"xx-small-p\">BrightSign XD6<\/p>\n                            \n                                                            <a class=\"full-button activate-container\" aria-hidden=\"true\" href=\"https:\/\/www.brightsign.biz\/es\/jugadores-brillantes\/serie-6\/xd6\/\" target=\"_self\"><\/a>\n                            \n                        <\/div><!-- .swiper-slide -->\n                                            \n                        <div class=\"swiper-slide\">\n\n                                                            <div class=\"prog-slide-image\">\n                                    <img decoding=\"async\" src=\"https:\/\/www.brightsign.biz\/wp-content\/uploads\/2023\/03\/XC5-1.png\" alt=\"imagen frontal del reproductor de se\u00f1alizaci\u00f3n digital BrightSign XC5 sobre fondo blanco con sombra\" \/>\n                                <\/div>\n                            \n                                                            <p class=\"xx-small-p\">BrightSign XC5<\/p>\n                            \n                                                            <a class=\"full-button activate-container\" aria-hidden=\"true\" href=\"https:\/\/www.brightsign.biz\/es\/jugadores-brillantes\/serie-5\/xc5\/\" target=\"_self\"><\/a>\n                            \n                        <\/div><!-- .swiper-slide -->\n                                            \n                        <div class=\"swiper-slide\">\n\n                                                            <div class=\"prog-slide-image\">\n                                    <img decoding=\"async\" src=\"https:\/\/www.brightsign.biz\/wp-content\/uploads\/2023\/03\/XT5_Recolor-1.png\" alt=\"imagen frontal del reproductor de se\u00f1alizaci\u00f3n digital BrightSign XT5 sobre fondo blanco con sombra\" \/>\n                                <\/div>\n                            \n                                                            <p class=\"xx-small-p\">BrightSign XT5<\/p>\n                            \n                                                            <a class=\"full-button activate-container\" aria-hidden=\"true\" href=\"https:\/\/www.brightsign.biz\/es\/jugadores-brillantes\/serie-5\/xt5\/\" target=\"_self\"><\/a>\n                            \n                        <\/div><!-- .swiper-slide -->\n                                            \n                        <div class=\"swiper-slide\">\n\n                                                            <div class=\"prog-slide-image\">\n                                    <img decoding=\"async\" src=\"https:\/\/www.brightsign.biz\/wp-content\/uploads\/2023\/03\/XD5-1.png\" alt=\"imagen frontal del reproductor de se\u00f1alizaci\u00f3n digital BrightSign XD5 sobre fondo blanco con sombra\" \/>\n                                <\/div>\n                            \n                                                            <p class=\"xx-small-p\">BrightSign XD5<\/p>\n                            \n                                                            <a class=\"full-button activate-container\" aria-hidden=\"true\" href=\"https:\/\/www.brightsign.biz\/es\/jugadores-brillantes\/serie-5\/xd5\/\" target=\"_self\"><\/a>\n                            \n                        <\/div><!-- .swiper-slide -->\n                                            \n                        <div class=\"swiper-slide\">\n\n                                                            <div class=\"prog-slide-image\">\n                                    <img decoding=\"async\" src=\"https:\/\/www.brightsign.biz\/wp-content\/uploads\/2023\/03\/HD5-1.png\" alt=\"imagen frontal del reproductor de se\u00f1alizaci\u00f3n digital BrightSign HD5 sobre fondo blanco con sombra\" \/>\n                                <\/div>\n                            \n                                                            <p class=\"xx-small-p\">BrightSign HD5<\/p>\n                            \n                                                            <a class=\"full-button activate-container\" aria-hidden=\"true\" href=\"https:\/\/www.brightsign.biz\/es\/jugadores-brillantes\/serie-5\/hd5\/\" target=\"_self\"><\/a>\n                            \n                        <\/div><!-- .swiper-slide -->\n                                            \n                        <div class=\"swiper-slide\">\n\n                                                            <div class=\"prog-slide-image\">\n                                    <img decoding=\"async\" src=\"https:\/\/www.brightsign.biz\/wp-content\/uploads\/2023\/03\/LS5-1.png\" alt=\"imagen frontal del reproductor de se\u00f1alizaci\u00f3n digital BrightSign LS5 sobre fondo blanco con sombra\" \/>\n                                <\/div>\n                            \n                                                            <p class=\"xx-small-p\">BrightSign LS5<\/p>\n                            \n                                                            <a class=\"full-button activate-container\" aria-hidden=\"true\" href=\"https:\/\/www.brightsign.biz\/es\/jugadores-brillantes\/serie-5\/ls5\/\" target=\"_self\"><\/a>\n                            \n                        <\/div><!-- .swiper-slide -->\n                                            \n                        <div class=\"swiper-slide\">\n\n                                                            <div class=\"prog-slide-image\">\n                                    <img decoding=\"async\" src=\"https:\/\/www.brightsign.biz\/wp-content\/uploads\/2023\/03\/AU5_Main_White.jpg\" alt=\"Imagen frontal del reproductor de audio digital BrightSign AU5\" \/>\n                                <\/div>\n                            \n                                                            <p class=\"xx-small-p\">BrightSign AU5<\/p>\n                            \n                                                            <a class=\"full-button activate-container\" aria-hidden=\"true\" href=\"https:\/\/www.brightsign.biz\/es\/jugadores-brillantes\/serie-5\/au5\/\" target=\"_self\"><\/a>\n                            \n                        <\/div><!-- .swiper-slide -->\n                                    \n            <\/div><!-- .swiper-wrapper -->\n\n            <!-- scrollbar -->\n            <div class=\"swiper-scrollbar\"><\/div>\n            <div class=\"swiper-pagination-wrapper\">\n                <div class=\"swiper-pagination hide\"><\/div>\n            <\/div><!-- .swiper-pagination-wrapper -->\n\n        <\/div><!-- .progress-swiper -->\n\n                    <div class=\"basic-button blue\">\n                <a href=\"https:\/\/www.brightsign.biz\/es\/contacto\/\" target=\"_self\">\n                    M\u00c1S INFORMACI\u00d3N<i class=\"fa-solid fa-chevron-right\" aria-hidden=\"true\"><\/i>\n                <\/a>\n            <\/div>\n        \n    <\/div><!-- .block-inner -->\n\n<\/section><!-- .progress-slider -->","protected":false},"excerpt":{"rendered":"","protected":false},"author":32,"featured_media":12899,"parent":0,"menu_order":0,"comment_status":"closed","ping_status":"closed","template":"","meta":{"_acf_changed":false,"_searchwp_excluded":"","footnotes":""},"class_list":["post-12907","page","type-page","status-publish","has-post-thumbnail","hentry"],"acf":[],"_links":{"self":[{"href":"https:\/\/www.brightsign.biz\/es\/wp-json\/wp\/v2\/pages\/12907","targetHints":{"allow":["GET"]}}],"collection":[{"href":"https:\/\/www.brightsign.biz\/es\/wp-json\/wp\/v2\/pages"}],"about":[{"href":"https:\/\/www.brightsign.biz\/es\/wp-json\/wp\/v2\/types\/page"}],"author":[{"embeddable":true,"href":"https:\/\/www.brightsign.biz\/es\/wp-json\/wp\/v2\/users\/32"}],"replies":[{"embeddable":true,"href":"https:\/\/www.brightsign.biz\/es\/wp-json\/wp\/v2\/comments?post=12907"}],"version-history":[{"count":0,"href":"https:\/\/www.brightsign.biz\/es\/wp-json\/wp\/v2\/pages\/12907\/revisions"}],"wp:featuredmedia":[{"embeddable":true,"href":"https:\/\/www.brightsign.biz\/es\/wp-json\/wp\/v2\/media\/12899"}],"wp:attachment":[{"href":"https:\/\/www.brightsign.biz\/es\/wp-json\/wp\/v2\/media?parent=12907"}],"curies":[{"name":"wp","href":"https:\/\/api.w.org\/{rel}","templated":true}]}}