{"id":13040,"date":"2025-11-10T19:38:48","date_gmt":"2025-11-11T00:38:48","guid":{"rendered":"https:\/\/www.brightsign.biz\/?page_id=13040"},"modified":"2025-11-10T19:38:50","modified_gmt":"2025-11-11T00:38:50","slug":"guia-del-comprador-de-banca-moderna","status":"publish","type":"page","link":"https:\/\/www.brightsign.biz\/es\/industry\/finance\/modern-banking-buyers-guide\/","title":{"rendered":"Gu\u00eda del comprador de banca Uniguest y BrightSign"},"content":{"rendered":"<section\n  id=\"hero-block_455d7ea75cfdbe1f088f1f40ac9bdb24\"\n  class=\"hero custom-block\"\n  data-form-url=\"\"\n>\n  <!-- Backgrounds: cover full section, center position (extended via SCSS) -->\n        <div id=\"hero-desktop-background\" style=\"background-image: url('https:\/\/www.brightsign.biz\/wp-content\/uploads\/2025\/11\/uniguest-finance-guide-desktop-v01-1920x900.jpg'); background-size: cover; background-position: center center; background-repeat: no-repeat;\"><\/div>\n        <div id=\"hero-mobile-background\" style=\"background-image: url('https:\/\/www.brightsign.biz\/wp-content\/uploads\/2025\/11\/uniguest-finance-guide-mobile-v10-750x900.jpg'); background-size: cover; background-position: center center; background-repeat: no-repeat;\"><\/div>\n  \n  <div class=\"hero-gradient\" aria-hidden=\"true\"><\/div>\n  <div class=\"block-inner medium\">\n    <div class=\"block-inner-content grid-x grid-margin-y\">\n\n      <!-- MOBILE-only layout -->\n      <div class=\"cell small-12 show-for-small-only\">\n        \n        \n        \n        \n        <ul class=\"custom-breadcrumb\"><li>BrightSign &amp; Uniguest<\/li><\/ul><div class=\"mobile-content form-content\"><h1><strong>Modernizar<\/strong> En <strong>Banca<\/strong> Experiencia<\/h1>\n<p>Descubra c\u00f3mo la se\u00f1alizaci\u00f3n digital transforma las sucursales bancarias tradicionales en servicios financieros de confianza, eficaces y personalizados.<\/p>\n<\/div><div class=\"basic-button blue\"><a href=\"#download\" target=\"\">GU\u00cdA DE DESCARGA <i class=\"fa-solid fa-chevron-right\"><\/i><\/a><\/div>      <\/div>\n      <!-- end MOBILE-only -->\n\n      <!-- DESKTOP text cell -->\n      <div class=\"cell small-12 medium-12 large-6 hide-for-small-only\">\n        \n        <ul class=\"custom-breadcrumb\"><li>BrightSign &amp; Uniguest<\/li><\/ul><h1><strong>Modernizar<\/strong> En <strong>Banca<\/strong> Experiencia<\/h1>\n<p>Descubra c\u00f3mo la se\u00f1alizaci\u00f3n digital transforma las sucursales bancarias tradicionales en servicios financieros de confianza, eficaces y personalizados.<\/p>\n<div class=\"basic-button blue\"><a href=\"#download\" target=\"\">GU\u00cdA DE DESCARGA <i class=\"fa-solid fa-chevron-right\"><\/i><\/a><\/div>      <\/div>\n      <!-- end DESKTOP text cell -->\n\n      <!-- DESKTOP form\/video cell -->\n      <div class=\"cell small-12 medium-12 large-6 center-play hide-for-small-only\">\n        \n              <\/div>\n      <!-- end DESKTOP form\/video cell -->\n\n    <\/div><!-- .block-inner-content -->\n  <\/div><!-- .block-inner -->\n<\/section><!-- hero -->\n\n\n\n    <section id=\"full-width-text-block_341f60df3cca994de391c850f7653020\" class=\"full-width-text custom-block dark medium-top none-bottom brand-htags default-lists\">\n\n        <div class=\"block-inner medium\">\n\n        <h2>La se\u00f1alizaci\u00f3n digital moderna genera confianza e impulsa la eficiencia en las sucursales bancarias actuales<\/h2>\n<p>A medida que evolucionan las expectativas de los clientes, las sucursales bancarias est\u00e1n redefiniendo su prop\u00f3sito: de espacios transaccionales a centros financieros impulsados por las relaciones. La se\u00f1alizaci\u00f3n digital atrae <strong>400% m\u00e1s atenci\u00f3n que los expositores est\u00e1ticos<\/strong> y ofrece <strong>tasas de recuerdo de anuncios tan altas como 83%<\/strong>,<sup>\u00b9<\/sup> ayudar a los bancos a comunicar con claridad, generar confianza y ofrecer una experiencia conectada.<\/p>\n<p>En colaboraci\u00f3n con <strong>BrightSign<\/strong> y <a href=\"https:\/\/uniguest.com\/\" target=\"_blank\" rel=\"noopener\"><strong>Uniguest<\/strong><\/a>, Esta gu\u00eda gratuita explora c\u00f3mo la se\u00f1alizaci\u00f3n digital fiable, interactiva y personalizada ofrece un retorno de la inversi\u00f3n medible y le ayuda a mantener la coherencia de la marca, reforzar la confianza de los clientes y operar con mayor eficacia en todas las sucursales.<\/p>\n<p>&nbsp;<\/p>\n\n        \n        <\/div><!-- block-inner -->  \n\n        \n    <\/section><!-- full-width-text -->  \n\n\n\n\n\n<section id=\"download\" class=\"media-text custom-block dark none-top none-bottom\" data-form-url=\"https:\/\/content.brightsign.biz\/l\/1011161\/2025-10-09\/3wsmy?page_name=uniguest-finance-guide\">\n    <div class=\"dot-in\"><\/div><!-- dot-in -->\n    <div class=\"block-inner medium grid-x right\">\n    \n        <div class=\"cell small-12 medium-12 large-6 mediatext-content small-checks\">\n            <div aria-hidden=\"true\" class=\"blue-dot\"><\/div>\n                            <h4>En esta Gu\u00eda del comprador gratuita, descubrir\u00e1 c\u00f3mo BrightSign y Uniguest pueden ayudar a los bancos:<\/h4>\n                                                    <ul>\n<li><strong>Reforzar la confianza<\/strong> con una comunicaci\u00f3n precisa y coherente en todas las sedes.<\/li>\n<li><strong>Mejorar la experiencia del cliente<\/strong> a trav\u00e9s de un compromiso interactivo y personalizado en la sucursal.<\/li>\n<li><strong>Mejorar la eficacia operativa<\/strong> con gesti\u00f3n centralizada de dispositivos y contenidos.<\/li>\n<li><strong>Prepare su sucursal para el futuro<\/strong> con tecnolog\u00eda escalable y preparada para IA, dise\u00f1ada para entornos de sucursales modernos.<\/li>\n<\/ul>\n<p><strong>Descarga gratuita <em>Gu\u00eda del comprador: Se\u00f1alizaci\u00f3n digital para experiencias modernas en sucursales bancarias <\/em><\/strong>para ver c\u00f3mo BrightSign y Uniguest permiten a los bancos personalizar las experiencias en las sucursales, reforzar la confianza en la marca y alcanzar la excelencia operativa en todas las ubicaciones.<\/p>\n                        \n                        \n                    <\/div><!-- mediatext-content -->\n        \n        <div class=\"cell small-12 medium-12 large-6 form-wrapper\">\n                            <!-- Normal form on all devices -->\n                                                    <div class=\"mg-form-embed\">\n                        <!-- To be populated dynamically via JS -->\n                    <\/div>\n                                        \n                    <\/div><!-- form-wrapper -->\n        \n    <\/div><!-- block-inner -->\n<\/section><!-- media-text -->\n\n\n\n\n\n\n<section id=\"full-width-cta-block_2c9006f7ffb6a0ad050b201fdbbf7865\" class=\"full-width-cta custom-block\">\n\n<div class=\"block-inner medium grid-x\">\n\n<div class=\"cell small-12 medium-8\">\n    <h4>Hable con un experto<\/h4>\n<p>P\u00f3ngase en contacto con BrightSign hoy mismo para ver lo que la se\u00f1alizaci\u00f3n digital segura y espec\u00edfica puede hacer por su sucursal bancaria o instituci\u00f3n financiera.<\/p>\n<\/div><!-- medium-8 -->\n\n<div class=\"cell small-12 medium-4 content-right\">\n    <div class=\"basic-button blue\"><a href=\"https:\/\/www.brightsign.biz\/es\/contacto\/\" target=\"_self\">CONTACTO<i class=\"fa-solid fa-chevron-right\"><\/i><\/a><\/div>\n<\/div><!-- medium-4 -->\n\n<\/div><!-- block-inner -->\n\n<\/section><!-- hero -->\n\n\n\n\n\n    <section id=\"full-width-text-block_8c9a5fd6577ca21c53edc8329429b471\" class=\"full-width-text custom-block dark small-top none-bottom default-htags default-lists\">\n\n        <div class=\"block-inner medium\">\n\n        <hr \/>\n<h6>Referencias<\/h6>\n<ol>\n<li style=\"list-style-type: none\">\n<ol>\n<li>Tecnolog\u00edas iVideo. (2025). <em>La rentabilidad de la se\u00f1alizaci\u00f3n digital en entornos comerciales y empresariales.<\/em> Obtenido el 14 de octubre de 2025, de <a href=\"https:\/\/www.ivideo.com\/roi-of-digital-signage\/\" target=\"_blank\" rel=\"noopener\">https:\/\/www.ivideo.com\/roi-of-digital-signage\/<\/a><\/li>\n<\/ol>\n<\/li>\n<\/ol>\n<p>&nbsp;<\/p>\n\n        \n        <\/div><!-- block-inner -->  \n\n        \n    <\/section><!-- full-width-text -->","protected":false},"excerpt":{"rendered":"","protected":false},"author":32,"featured_media":13043,"parent":704,"menu_order":0,"comment_status":"closed","ping_status":"closed","template":"","meta":{"_acf_changed":false,"_searchwp_excluded":"","footnotes":""},"class_list":["post-13040","page","type-page","status-publish","has-post-thumbnail","hentry"],"acf":[],"_links":{"self":[{"href":"https:\/\/www.brightsign.biz\/es\/wp-json\/wp\/v2\/pages\/13040","targetHints":{"allow":["GET"]}}],"collection":[{"href":"https:\/\/www.brightsign.biz\/es\/wp-json\/wp\/v2\/pages"}],"about":[{"href":"https:\/\/www.brightsign.biz\/es\/wp-json\/wp\/v2\/types\/page"}],"author":[{"embeddable":true,"href":"https:\/\/www.brightsign.biz\/es\/wp-json\/wp\/v2\/users\/32"}],"replies":[{"embeddable":true,"href":"https:\/\/www.brightsign.biz\/es\/wp-json\/wp\/v2\/comments?post=13040"}],"version-history":[{"count":0,"href":"https:\/\/www.brightsign.biz\/es\/wp-json\/wp\/v2\/pages\/13040\/revisions"}],"up":[{"embeddable":true,"href":"https:\/\/www.brightsign.biz\/es\/wp-json\/wp\/v2\/pages\/704"}],"wp:featuredmedia":[{"embeddable":true,"href":"https:\/\/www.brightsign.biz\/es\/wp-json\/wp\/v2\/media\/13043"}],"wp:attachment":[{"href":"https:\/\/www.brightsign.biz\/es\/wp-json\/wp\/v2\/media?parent=13040"}],"curies":[{"name":"wp","href":"https:\/\/api.w.org\/{rel}","templated":true}]}}