{"id":3296,"date":"2023-04-26T21:54:54","date_gmt":"2023-04-26T21:54:54","guid":{"rendered":"https:\/\/brightsign2425.wpenginepowered.com\/?page_id=3296"},"modified":"2024-09-03T14:05:40","modified_gmt":"2024-09-03T18:05:40","slug":"politica-de-mapas","status":"publish","type":"page","link":"https:\/\/www.brightsign.biz\/es\/legal\/map-policy\/","title":{"rendered":"Pol\u00edtica MAP"},"content":{"rendered":"<section\n  id=\"hero-block_62c6c6eda1da426b68a1398b82a229d8\"\n  class=\"hero custom-block\"\n  data-form-url=\"\"\n>\n  <!-- Backgrounds: cover full section, center position (extended via SCSS) -->\n        <div id=\"hero-desktop-background\" style=\"background-image: url('https:\/\/www.brightsign.biz\/wp-content\/uploads\/2024\/09\/header-template3-15-1920x900.jpg'); background-size: cover; background-position: center center; background-repeat: no-repeat;\"><\/div>\n        <div id=\"hero-mobile-background\" style=\"background-image: url('https:\/\/www.brightsign.biz\/wp-content\/uploads\/2024\/09\/header-template3-15-1920x900.jpg'); background-size: cover; background-position: center center; background-repeat: no-repeat;\"><\/div>\n  \n  <div class=\"hero-gradient\" aria-hidden=\"true\"><\/div>\n  <div class=\"block-inner medium\">\n    <div class=\"block-inner-content grid-x grid-margin-y\">\n\n      <!-- MOBILE-only layout -->\n      <div class=\"cell small-12 show-for-small-only\">\n        \n        \n        \n        \n        <div class=\"mobile-content form-content\"><h1>Pol\u00edtica MAP<\/h1>\n<p>Pol\u00edtica para EE.UU. y Canad\u00e1<\/p>\n<\/div>      <\/div>\n      <!-- end MOBILE-only -->\n\n      <!-- DESKTOP text cell -->\n      <div class=\"cell small-12 medium-12 large-6 hide-for-small-only\">\n        \n        <h1>Pol\u00edtica MAP<\/h1>\n<p>Pol\u00edtica para EE.UU. y Canad\u00e1<\/p>\n      <\/div>\n      <!-- end DESKTOP text cell -->\n\n      <!-- DESKTOP form\/video cell -->\n      <div class=\"cell small-12 medium-12 large-6 center-play hide-for-small-only\">\n        \n              <\/div>\n      <!-- end DESKTOP form\/video cell -->\n\n    <\/div><!-- .block-inner-content -->\n  <\/div><!-- .block-inner -->\n<\/section><!-- hero -->\n\n\n\n    <section id=\"full-width-text-block_e239005dfb20b48966a7d15d966690b4\" class=\"full-width-text custom-block dark small-top small-bottom default-htags default-lists\">\n\n        <div class=\"block-inner medium\">\n\n        <h2>Pol\u00edtica de precios m\u00ednimos anunciados<\/h2>\n<p>Para proteger la inversi\u00f3n realizada por nuestros revendedores y la reputaci\u00f3n de nuestra marca, BrightSign LLC (\"BrightSign\", \"nosotros\", \"nos\" o \"nuestro(s)\") ha adoptado unilateralmente una POL\u00cdTICA DE PRECIO M\u00cdNIMO ANUNCIADO (la \"Pol\u00edtica\").  La Pol\u00edtica est\u00e1 dise\u00f1ada para proporcionar a nuestros clientes acceso a un s\u00f3lido soporte preventa y postventa por parte de los distribuidores y revendedores de nuestros productos (colectivamente, \"Revendedores\") y para permitir que nuestros productos compitan con mayor \u00e9xito.<\/p>\n<p>BrightSign ha adoptado esta Pol\u00edtica unilateralmente, y BrightSign har\u00e1 cumplir esta Pol\u00edtica unilateralmente.<\/p>\n<p><strong>Cobertura<\/strong><\/p>\n<p>Esta Pol\u00edtica se aplica a todas las partes que revenden productos de la marca BrightSign en Internet, incluso a trav\u00e9s de sitios web, anuncios de banner, correos electr\u00f3nicos de difusi\u00f3n, p\u00e1ginas de destino, sitios de terceros, anuncios patrocinados, listados de tiendas web, sitios de subastas y b\u00fasquedas\/feeds de sitios de mercado (colectivamente \"Revendedores\").  Adem\u00e1s, todos los Revendedores de BrightSign que revendan productos de BrightSign a un vendedor de Internet tercero est\u00e1n obligados a informar al vendedor de Internet tercero de la Pol\u00edtica, y tambi\u00e9n a notificar a BrightSign el nombre y la informaci\u00f3n de contacto del revendedor de Internet tercero.  Esta Pol\u00edtica tambi\u00e9n se aplica a los medios de comunicaci\u00f3n impresos (incluidas revistas especializadas, revistas y peri\u00f3dicos), cat\u00e1logos impresos y publicidad por correo directo.<\/p>\n<p><strong>Pol\u00edtica MAP<\/strong><\/p>\n<p>El precio MAP al que pueden anunciarse todos los Productos de BrightSign no ser\u00e1 inferior al 100% de los precios de lista de dichos productos, tal y como figuran en los listados vigentes en ese momento en la tienda web de la empresa de BrightSign.<\/p>\n<p>Cada distribuidor o revendedor es libre de determinar el precio al que anunciar\u00e1 los Productos BrightSign para su reventa.  Del mismo modo, BrightSign es libre de determinar con qu\u00e9 empresas har\u00e1 negocios y con cu\u00e1les no.  La pol\u00edtica unilateral de BrightSign es no vender sus productos, directa o indirectamente, a un revendedor si dicho revendedor anuncia o promociona cualquiera de los productos de BrightSign en cualquiera de los medios enumerados anteriormente a un precio inferior al precio m\u00ednimo anunciado establecido en esta Pol\u00edtica MAP.<\/p>\n<p>Los precios reales cobrados a los clientes pueden facilitarse por tel\u00e9fono, respuesta por correo electr\u00f3nico, expositores en tienda, p\u00e1ginas web o comunicaciones de confirmaci\u00f3n de compra de productos y cualquier precio reducido que un revendedor desee colocar en la cesta de la compra en l\u00ednea de un comprador.  Se permiten declaraciones como \"llame para consultar el precio\" e \"igualaremos cualquier precio\".<\/p>\n<p>Esta pol\u00edtica MAP se aplica \u00fanicamente a los precios anunciados y no a los precios de reventa reales.  Los revendedores de los productos de BrightSign son libres de vender estos productos al precio que elijan.<\/p>\n<p><strong>Aplicaci\u00f3n de la pol\u00edtica<\/strong><\/p>\n<p>1. Si un Revendedor infringe esta Pol\u00edtica en cualquiera de las tiendas o en cualquier sitio web asociado, BrightSign considerar\u00e1 que se trata de una infracci\u00f3n por parte del Revendedor.<\/p>\n<p>2. BrightSign se reserva el derecho a cancelar cualquier pedido pendiente, restringir futuros pedidos o suspender la cuenta de un Revendedor si BrightSign tiene motivos para creer que:<\/p>\n<p>i. un Revendedor ha infringido las disposiciones de esta pol\u00edtica; o<\/p>\n<p>ii. un Revendedor tiene la intenci\u00f3n de infringir esta pol\u00edtica.<\/p>\n<p>BrightSign o su administrador de la Pol\u00edtica ser\u00e1n los \u00fanicos responsables de determinar si se ha producido una violaci\u00f3n de la Pol\u00edtica.  BrightSign podr\u00e1 supervisar los precios anunciados de los productos cubiertos por esta Pol\u00edtica, ya sea directamente o a trav\u00e9s de terceros.  Los terceros contratados por BrightSign pueden participar en la supervisi\u00f3n de la publicidad del sitio web, incluida, entre otras cosas, la revisi\u00f3n de los precios anunciados.<\/p>\n<p>BrightSign no solicita, ni aceptar\u00e1, ninguna garant\u00eda de cumplimiento o acuerdo con esta Pol\u00edtica por parte de ning\u00fan Revendedor.  BrightSign no discutir\u00e1 ninguna condici\u00f3n de aceptaci\u00f3n relacionada con esta Pol\u00edtica.  Los representantes de ventas de BrightSign no est\u00e1n autorizados a discutir o influir en esta Pol\u00edtica con los Revendedores, y los representantes de ventas de BrightSign no tienen autoridad para renunciar a esta Pol\u00edtica.  Ning\u00fan agente de BrightSign est\u00e1 autorizado a solicitar o aceptar un acuerdo o garant\u00eda de cumplimiento en relaci\u00f3n con esta Pol\u00edtica.<\/p>\n<p>Esta Pol\u00edtica est\u00e1 sujeta a cambios o cancelaci\u00f3n por parte de BrightSign en cualquier momento a su entera discreci\u00f3n.<\/p>\n<p>Todas las preguntas relacionadas con la pol\u00edtica deben dirigirse a\u00a0<a class=\"not-cta\" href=\"mailto:legal@brightsign.biz\" target=\"_blank\" rel=\"noopener\">legal@brightsign.biz<\/a>.<\/p>\n\n        \n        <\/div><!-- block-inner -->  \n\n        \n    <\/section><!-- full-width-text -->  \n\n\n\n\n\n<section id=\"ticker-block_18d0611a2b861f4931d628a3b003007c\" class=\"ticker custom-block white-bg\">\n\n    \n    <div class=\"block-inner\">\n        <div class=\"swiper ticker-swiper\">\n            <div class=\"swiper-wrapper\">\n\n                \n            <\/div><!-- swiper-wrapper -->\n        <\/div><!-- swiper -->\n    <\/div><!-- block-inner -->\n<\/section><!-- ticker -->","protected":false},"excerpt":{"rendered":"","protected":false},"author":2,"featured_media":0,"parent":846,"menu_order":80,"comment_status":"closed","ping_status":"closed","template":"","meta":{"_acf_changed":true,"_searchwp_excluded":"","footnotes":""},"class_list":["post-3296","page","type-page","status-publish","hentry"],"acf":[],"_links":{"self":[{"href":"https:\/\/www.brightsign.biz\/es\/wp-json\/wp\/v2\/pages\/3296","targetHints":{"allow":["GET"]}}],"collection":[{"href":"https:\/\/www.brightsign.biz\/es\/wp-json\/wp\/v2\/pages"}],"about":[{"href":"https:\/\/www.brightsign.biz\/es\/wp-json\/wp\/v2\/types\/page"}],"author":[{"embeddable":true,"href":"https:\/\/www.brightsign.biz\/es\/wp-json\/wp\/v2\/users\/2"}],"replies":[{"embeddable":true,"href":"https:\/\/www.brightsign.biz\/es\/wp-json\/wp\/v2\/comments?post=3296"}],"version-history":[{"count":0,"href":"https:\/\/www.brightsign.biz\/es\/wp-json\/wp\/v2\/pages\/3296\/revisions"}],"up":[{"embeddable":true,"href":"https:\/\/www.brightsign.biz\/es\/wp-json\/wp\/v2\/pages\/846"}],"wp:attachment":[{"href":"https:\/\/www.brightsign.biz\/es\/wp-json\/wp\/v2\/media?parent=3296"}],"curies":[{"name":"wp","href":"https:\/\/api.w.org\/{rel}","templated":true}]}}