{"id":4270,"date":"2023-04-30T20:49:31","date_gmt":"2023-05-01T00:49:31","guid":{"rendered":"https:\/\/brightsign2425.wpenginepowered.com\/?page_id=4270"},"modified":"2025-05-28T16:46:12","modified_gmt":"2025-05-28T20:46:12","slug":"demos-xt","status":"publish","type":"page","link":"https:\/\/www.brightsign.biz\/es\/resources\/demos\/xt-demos\/","title":{"rendered":"Demos XT"},"content":{"rendered":"<section\n  id=\"hero-block_cb3e83067a1cc7740b2b9204e7a453d9\"\n  class=\"hero custom-block\"\n  data-form-url=\"\"\n>\n  <!-- Backgrounds: cover full section, center position (extended via SCSS) -->\n        <div id=\"hero-desktop-background\" style=\"background-image: url('https:\/\/www.brightsign.biz\/wp-content\/uploads\/2024\/09\/BG.png'); background-size: cover; background-position: center center; background-repeat: no-repeat;\"><\/div>\n        <div id=\"hero-mobile-background\" style=\"background-image: url('https:\/\/www.brightsign.biz\/wp-content\/uploads\/2024\/09\/BG.png'); background-size: cover; background-position: center center; background-repeat: no-repeat;\"><\/div>\n  \n  <div class=\"hero-gradient\" aria-hidden=\"true\"><\/div>\n  <div class=\"block-inner medium\">\n    <div class=\"block-inner-content grid-x grid-margin-y\">\n\n      <!-- MOBILE-only layout -->\n      <div class=\"cell small-12 show-for-small-only\">\n        \n        \n        \n        \n        <div class=\"mobile-content form-content\"><h1>XT <strong>Demos<\/strong><\/h1>\n<p>Descargue las demos de XT y p\u00f3ngase manos a la obra.<\/p>\n<\/div>      <\/div>\n      <!-- end MOBILE-only -->\n\n      <!-- DESKTOP text cell -->\n      <div class=\"cell small-12 medium-12 large-6 hide-for-small-only\">\n        \n        <h1>XT <strong>Demos<\/strong><\/h1>\n<p>Descargue las demos de XT y p\u00f3ngase manos a la obra.<\/p>\n      <\/div>\n      <!-- end DESKTOP text cell -->\n\n      <!-- DESKTOP form\/video cell -->\n      <div class=\"cell small-12 medium-12 large-6 center-play hide-for-small-only\">\n        \n              <\/div>\n      <!-- end DESKTOP form\/video cell -->\n\n    <\/div><!-- .block-inner-content -->\n  <\/div><!-- .block-inner -->\n<\/section><!-- hero -->\n\n\n\n    <section id=\"full-width-text-block_320f3327a7e676e53367afb55821809e\" class=\"full-width-text custom-block dark small-top small-bottom brand-htags default-lists\">\n\n        <div class=\"block-inner medium\">\n\n        <h2 class=\"column-title\" style=\"text-align: center\">Demos de BrightSign XT<\/h2>\n<div class=\"text-content\" style=\"text-align: center\">Descargue presentaciones de demostraci\u00f3n para ver las capacidades de BrightSign XT.<\/div>\n\n        \n        <\/div><!-- block-inner -->  \n\n        \n    <\/section><!-- full-width-text -->  \n\n\n\n\n\n<section id=\"media-text-block_5f6744fd1b5de1e0e400736198a03118\" class=\"media-text custom-block dark none-top none-bottom\" >\n    <div class=\"dot-in\"><\/div><!-- dot-in -->\n    <div class=\"block-inner medium grid-x right\">\n    \n        <div class=\"cell small-12 medium-12 large-6 mediatext-content default-checks\">\n            <div aria-hidden=\"true\" class=\"blue-dot\"><\/div>\n                            <h4>Instrucciones<\/h4>\n                                                    <ul>\n<li>Descargue el archivo de la demo (aseg\u00farese de que la demo es compatible con su modelo BrightSign)<\/li>\n<li>Descomprima el archivo y copie todo el contenido en una tarjeta MicroSD.<\/li>\n<li>Inserte la tarjeta MicroSD en su unidad BrightSign y enci\u00e9ndala.<\/li>\n<li>Para realizar cambios en la demo, descargue el archivo fuente y utilice BrightAuthor para abrir el archivo del proyecto *.bpf incluido con la demo<\/li>\n<\/ul>\n                        \n                        \n                    <\/div><!-- mediatext-content -->\n        \n        <div class=\"cell small-12 medium-12 large-6 form-wrapper\">\n                            <!-- Normal form on all devices -->\n                                                    <div class=\"mediatext-image no-blue\">\n                        <img decoding=\"async\" src=\"https:\/\/www.brightsign.biz\/wp-content\/uploads\/2023\/04\/XT5_ContentLarge-e1682994409813.png\" alt=\"\" \/>\n                                            <\/div><!-- mediatext-image -->\n                                                            \n                    <\/div><!-- form-wrapper -->\n        \n    <\/div><!-- block-inner -->\n<\/section><!-- media-text -->\n\n\n\n\n\n    <section id=\"full-width-text-block_d709464ff8a56cb49ce2908d272cd813\" class=\"full-width-text custom-block dark small-top small-bottom brand-htags default-lists\">\n\n        <div class=\"block-inner medium\">\n\n        <h2 class=\"column-title\" style=\"text-align: center\">Demos y presentaciones<\/h2>\n<div class=\"text-content\" style=\"text-align: center\">Explore nuestras demo y presentaciones y desc\u00e1rguelas para empezar.<\/div>\n\n        \n        <\/div><!-- block-inner -->  \n\n        \n    <\/section><!-- full-width-text -->  \n\n\n\n\n\n\n\n<section id=\"media-grid-block_4392a9246db9ffafaa1a867522cbb492\" class=\"media-grid custom-block dark medium-top medium-bottom\">\n\n<div class=\"block-inner medium\">\n\n<div class=\"full-width-text default-htags\">\n\n\n<\/div>\n\n\n<div class=\"grid-x\">\n\n\n<div class=\"mg-cell cell small-12 medium-6\">\n\n    <div class=\"mg-cell-inner item-parent\">\n\n    <div class=\"mg-item-content keep-overlay default-htags default-lists\">\n\n        \n            <div class=\"mg-item-image\">\n\n                <img decoding=\"async\" src=\"https:\/\/www.brightsign.biz\/wp-content\/uploads\/2023\/04\/60e783b3631ee959f83626511cc782f0-e1683571733323.jpg\" alt=\"\" \/>\n           \n\n                            <\/div>\n        \n        \n\n            <div class=\"mg-content-top\">\n\n                <h4>Presentaci\u00f3n corporativa de TV en directo<\/h4>\n                                    <div id=\"syn-card-column-0\" class=\"column column-card inline no-border lazy_anim slide_right in_view\">\n<h6 class=\"column-title\">Esta presentaci\u00f3n incluye reproducci\u00f3n de TV en directo a trav\u00e9s de la entrada HDMI 2.0a, descodificaci\u00f3n de v\u00eddeo dual y un carrusel de deslizamiento HTML5.<strong>Requisitos m\u00ednimos:<\/strong><\/h6>\n<div class=\"text-content\">\n<ul>\n<li>BrightSign Modelo XT1143 con firmware versi\u00f3n 6.2.38 o superior<\/li>\n<li>Tarjeta de memoria MicroSD Clase 10 con la demo publicada<\/li>\n<li>Pantalla 1080p60<\/li>\n<\/ul>\n<h6><strong>Descargar la presentaci\u00f3n publicada y los archivos fuente<\/strong><\/h6>\n<\/div>\n<\/div>\n                                \n\n            <\/div><!-- mg-content-top -->\n\n            <\/div><!-- mg-item-content -->\n\n            <ul class=\"mg-cta-list small-buttons\">\n\n                                \n                                    \n                    <li>\n                    <a href=\"https:\/\/www.brightsignnetwork.com\/download\/WebDemos\/Series3\/XT3\/XT3-CorpESPN-updated-Publish.zip\" target=\"_self\">TV corporativa en directo Publicada<i class=\"fa-solid fa-chevron-right\"><\/i><\/a>\n                    <\/li>\n\n                    \n                    <li>\n                    <a href=\"https:\/\/www.brightsignnetwork.com\/download\/WebDemos\/Series4\/ESPN-HDMI-In-Video-PUBLISH.zip\" target=\"_self\">HDMI In ESPN V\u00eddeo Publicado<i class=\"fa-solid fa-chevron-right\"><\/i><\/a>\n                    <\/li>\n\n                    \n                    <li>\n                    <a href=\"https:\/\/www.brightsignnetwork.com\/download\/WebDemos\/Series3\/XT3\/XT3-CorpESPN-updated-Project.zip\" target=\"_self\">Archivo fuente de TV en directo<i class=\"fa-solid fa-chevron-right\"><\/i><\/a>\n                    <\/li>\n\n                                    \n            <\/ul>\n\n    \n    <\/div><!-- mg-cell-inner -->\n\n<\/div><!-- mg-cell -->\n\n\n<div class=\"mg-cell cell small-12 medium-6\">\n\n    <div class=\"mg-cell-inner item-parent\">\n\n    <div class=\"mg-item-content keep-overlay default-htags default-lists\">\n\n        \n            <div class=\"mg-item-image\">\n\n                <img decoding=\"async\" src=\"https:\/\/www.brightsign.biz\/wp-content\/uploads\/2023\/04\/2556ca8012a1abd2ea527a424fd9f039-e1683571628228.jpg\" alt=\"\" \/>\n           \n\n                            <\/div>\n        \n        \n\n            <div class=\"mg-content-top\">\n\n                <h4>Restaurante LBar Presentaci\u00f3n<\/h4>\n                                    <p>Esta presentaci\u00f3n incluye v\u00eddeo de TV en directo desde la entrada HDMI y una zona HTML en forma de L con im\u00e1genes y mensajes animados.<\/p>\n<section class=\"section\">\n<div class=\"wrap\">\n<div class=\"wpb-content-wrapper\">\n<div class=\"vc_row wpb_row vc_row-fluid\">\n<div class=\"wpb_column vc_column_container vc_col-sm-12\">\n<div class=\"vc_column-inner\">\n<div class=\"wpb_wrapper\">\n<div class=\"is-color-white in_view\">\n<div id=\"syn-flex-wrapper-1\" class=\"wrapper flex col-50 padding-top-component padding-bottom-component align-flex-start flex-row color-white center-center contains-inner mobile-center-center\">\n<div class=\"flex-inner\">\n<div id=\"syn-card-column-1\" class=\"column column-card inline no-border lazy_anim slide_left in_view\">\n<div class=\"text-content\">\n<p><strong>Requisitos m\u00ednimos:<\/strong><\/p>\n<ul>\n<li>BrightSign Modelo XT1143 con firmware versi\u00f3n 6.2.38 o superior<\/li>\n<li>Tarjeta de memoria MicroSD Clase 10 con la demo publicada<\/li>\n<li>Pantalla 1080p60<\/li>\n<\/ul>\n<p><strong>Descargar la presentaci\u00f3n publicada y los archivos fuente<\/strong><\/p>\n<\/div>\n<div class=\"ctas\"><a class=\"btn cta\" href=\"https:\/\/www.brightsignnetwork.com\/download\/WebDemos\/Series3\/XT3\/XT-Lbar-publish.zip\" target=\"_blank\" rel=\"_blank noopener\">Demo m\u00e1scara en forma de L publicada<\/a><\/div>\n<div class=\"ctas\"><a class=\"btn cta\" href=\"https:\/\/www.brightsignnetwork.com\/download\/WebDemos\/Series3\/XT3\/XT-Lbar-project.zip\" target=\"_blank\" rel=\"_blank noopener\">Proyecto m\u00e1scara en forma de L<\/a><\/div>\n<\/div>\n<\/div>\n<\/div>\n<\/div>\n<\/div>\n<\/div>\n<\/div>\n<\/div>\n<\/div>\n<\/div>\n<\/section>\n<p>&nbsp;<\/p>\n                                \n\n            <\/div><!-- mg-content-top -->\n\n            <\/div><!-- mg-item-content -->\n\n            <ul class=\"mg-cta-list small-buttons\">\n\n                                \n                \n            <\/ul>\n\n    \n    <\/div><!-- mg-cell-inner -->\n\n<\/div><!-- mg-cell -->\n\n\n<\/div><!-- grid-x -->\n\n\n<\/div><!-- block-inner -->  \n\n<\/section><!-- ### -->\n\n\n\n\n\n<section id=\"ticker-block_cb8825eadc742811b63b8d2f47a1735a\" class=\"ticker custom-block white-bg dark none-top none-bottom\">\n\n            <h4>Con la confianza de los l\u00edderes del sector<\/h4>\n    \n    <div class=\"block-inner\">\n        <div class=\"swiper ticker-swiper\">\n            <div class=\"swiper-wrapper\">\n\n                                    \n                        <div class=\"swiper-slide\">\n                                                            <img decoding=\"async\" src=\"https:\/\/www.brightsign.biz\/wp-content\/uploads\/2024\/05\/PlugPowerGrayscale.svg\" alt=\"\" \/>\n                                                                                <\/div>\n\n                    \n                        <div class=\"swiper-slide\">\n                                                            <img decoding=\"async\" src=\"https:\/\/www.brightsign.biz\/wp-content\/uploads\/2024\/05\/GoPro_logo_light.svg\" alt=\"\" \/>\n                                                                                <\/div>\n\n                    \n                        <div class=\"swiper-slide\">\n                                                            <img decoding=\"async\" src=\"https:\/\/www.brightsign.biz\/wp-content\/uploads\/2024\/05\/lg.svg\" alt=\"\" \/>\n                                                                                <\/div>\n\n                    \n                        <div class=\"swiper-slide\">\n                                                            <img decoding=\"async\" src=\"https:\/\/www.brightsign.biz\/wp-content\/uploads\/2024\/05\/bestbuy.svg\" alt=\"\" \/>\n                                                                                <\/div>\n\n                    \n                        <div class=\"swiper-slide\">\n                                                            <img decoding=\"async\" src=\"https:\/\/www.brightsign.biz\/wp-content\/uploads\/2024\/05\/bose.svg\" alt=\"\" \/>\n                                                                                <\/div>\n\n                                    \n            <\/div><!-- swiper-wrapper -->\n        <\/div><!-- swiper -->\n    <\/div><!-- block-inner -->\n<\/section><!-- ticker -->","protected":false},"excerpt":{"rendered":"","protected":false},"author":2,"featured_media":0,"parent":787,"menu_order":10,"comment_status":"closed","ping_status":"closed","template":"","meta":{"_acf_changed":true,"_searchwp_excluded":"","footnotes":""},"class_list":["post-4270","page","type-page","status-publish","hentry"],"acf":[],"_links":{"self":[{"href":"https:\/\/www.brightsign.biz\/es\/wp-json\/wp\/v2\/pages\/4270","targetHints":{"allow":["GET"]}}],"collection":[{"href":"https:\/\/www.brightsign.biz\/es\/wp-json\/wp\/v2\/pages"}],"about":[{"href":"https:\/\/www.brightsign.biz\/es\/wp-json\/wp\/v2\/types\/page"}],"author":[{"embeddable":true,"href":"https:\/\/www.brightsign.biz\/es\/wp-json\/wp\/v2\/users\/2"}],"replies":[{"embeddable":true,"href":"https:\/\/www.brightsign.biz\/es\/wp-json\/wp\/v2\/comments?post=4270"}],"version-history":[{"count":0,"href":"https:\/\/www.brightsign.biz\/es\/wp-json\/wp\/v2\/pages\/4270\/revisions"}],"up":[{"embeddable":true,"href":"https:\/\/www.brightsign.biz\/es\/wp-json\/wp\/v2\/pages\/787"}],"wp:attachment":[{"href":"https:\/\/www.brightsign.biz\/es\/wp-json\/wp\/v2\/media?parent=4270"}],"curies":[{"name":"wp","href":"https:\/\/api.w.org\/{rel}","templated":true}]}}