{"id":4286,"date":"2023-05-01T07:39:37","date_gmt":"2023-05-01T11:39:37","guid":{"rendered":"https:\/\/brightsign2425.wpenginepowered.com\/?page_id=4286"},"modified":"2025-05-28T16:46:20","modified_gmt":"2025-05-28T20:46:20","slug":"demos-xd","status":"publish","type":"page","link":"https:\/\/www.brightsign.biz\/es\/resources\/demos\/xd-demos\/","title":{"rendered":"Demos XD"},"content":{"rendered":"<section\n  id=\"hero-block_9203bb7a13993b1c1474966ddc80f8d9\"\n  class=\"hero custom-block\"\n  data-form-url=\"\"\n>\n  <!-- Backgrounds: cover full section, center position (extended via SCSS) -->\n        <div id=\"hero-desktop-background\" style=\"background-image: url('https:\/\/www.brightsign.biz\/wp-content\/uploads\/2024\/09\/BG.png'); background-size: cover; background-position: center center; background-repeat: no-repeat;\"><\/div>\n        <div id=\"hero-mobile-background\" style=\"background-image: url('https:\/\/www.brightsign.biz\/wp-content\/uploads\/2024\/09\/BG.png'); background-size: cover; background-position: center center; background-repeat: no-repeat;\"><\/div>\n  \n  <div class=\"hero-gradient\" aria-hidden=\"true\"><\/div>\n  <div class=\"block-inner medium\">\n    <div class=\"block-inner-content grid-x grid-margin-y\">\n\n      <!-- MOBILE-only layout -->\n      <div class=\"cell small-12 show-for-small-only\">\n        \n        \n        \n        \n        <div class=\"mobile-content form-content\"><h1>Demos XD<\/h1>\n<p>Descargue las demos XD y empiece ahora.<\/p>\n<\/div>      <\/div>\n      <!-- end MOBILE-only -->\n\n      <!-- DESKTOP text cell -->\n      <div class=\"cell small-12 medium-12 large-6 hide-for-small-only\">\n        \n        <h1>Demos XD<\/h1>\n<p>Descargue las demos XD y empiece ahora.<\/p>\n      <\/div>\n      <!-- end DESKTOP text cell -->\n\n      <!-- DESKTOP form\/video cell -->\n      <div class=\"cell small-12 medium-12 large-6 center-play hide-for-small-only\">\n        \n              <\/div>\n      <!-- end DESKTOP form\/video cell -->\n\n    <\/div><!-- .block-inner-content -->\n  <\/div><!-- .block-inner -->\n<\/section><!-- hero -->\n\n\n\n    <section id=\"full-width-text-block_a5231e08b393e7ac9d4dbfaec4b11885\" class=\"full-width-text custom-block dark small-top small-bottom default-htags default-lists\">\n\n        <div class=\"block-inner medium\">\n\n        <h2 class=\"column-title\" style=\"text-align: center\">Demos BrightSign XD<\/h2>\n<div class=\"text-content\" style=\"text-align: center\">Descargue presentaciones de demostraci\u00f3n para ver las capacidades de BrightSign XD.<\/div>\n\n        \n        <\/div><!-- block-inner -->  \n\n        \n    <\/section><!-- full-width-text -->  \n\n\n\n\n\n<section id=\"media-text-block_5b93af4d8a6eb4ba8e502672e40a224d\" class=\"media-text custom-block dark none-top small-bottom\" >\n    <div class=\"dot-in\"><\/div><!-- dot-in -->\n    <div class=\"block-inner medium grid-x right\">\n    \n        <div class=\"cell small-12 medium-12 large-6 mediatext-content default-checks\">\n            <div aria-hidden=\"true\" class=\"blue-dot\"><\/div>\n                            <h4>Instrucciones<\/h4>\n                                                    <ul>\n<li>Descargue el archivo de la demo (aseg\u00farese de que la demo es compatible con su modelo BrightSign)<\/li>\n<li>Descomprima el archivo y copie todo el contenido en una tarjeta MicroSD.<\/li>\n<li>Inserte la tarjeta MicroSD en su unidad BrightSign y enci\u00e9ndala.<\/li>\n<li>Para realizar cambios en la demo, descargue el archivo fuente y utilice BrightAuthor para abrir el archivo del proyecto *.bpf incluido con la demo<\/li>\n<\/ul>\n                        \n                        \n                    <\/div><!-- mediatext-content -->\n        \n        <div class=\"cell small-12 medium-12 large-6 form-wrapper\">\n                            <!-- Normal form on all devices -->\n                                                    <div class=\"mediatext-image default-bg\">\n                        <img decoding=\"async\" src=\"https:\/\/www.brightsign.biz\/wp-content\/uploads\/2023\/04\/XD5_ContentLarge-e1682028886465-750x440.png\" alt=\"\" \/>\n                                            <\/div><!-- mediatext-image -->\n                                                            \n                    <\/div><!-- form-wrapper -->\n        \n    <\/div><!-- block-inner -->\n<\/section><!-- media-text -->\n\n\n\n\n\n\n\n<section id=\"media-grid-block_158eb63084fd7e5058c41534f8086a41\" class=\"media-grid custom-block dark none-top none-bottom\">\n\n<div class=\"block-inner medium\">\n\n<div class=\"full-width-text default-htags\">\n\n\n<\/div>\n\n\n<div class=\"grid-x\">\n\n\n<div class=\"mg-cell cell small-12 medium-6\">\n\n    <div class=\"mg-cell-inner item-parent\">\n\n    <div class=\"mg-item-content keep-overlay default-htags default-lists\">\n\n        \n        \n\n            <div class=\"mg-content-top\">\n\n                \n                                    <div id=\"syn-card-column-0\" class=\"column column-card inline no-border lazy_anim slide_right in_view\">\n<div class=\"text-content\">Esta demo presenta videos en 4K de escenas oce\u00e1nicas en bucle continuo.&nbsp;<\/p>\n<p><strong>Requisitos m\u00ednimos:<\/strong><\/p>\n<ul>\n<li>BrightSign Modelo XD233, XD1033, XT243 o XT1143 con firmware versi\u00f3n 6.2.38 o superior<\/li>\n<li>Tarjeta de memoria MicroSD Clase 10 con la demo publicada<\/li>\n<li>Pantalla 4K60p o 4K30p<\/li>\n<\/ul>\n<p><strong>Descargar la presentaci\u00f3n publicada y los archivos fuente<\/strong><\/p>\n<\/div>\n<div class=\"ctas\"><a class=\"btn cta\" href=\"https:\/\/www.brightsignnetwork.com\/download\/WebDemos\/Series3\/XD3\/4K60pLoop-timescapes-publish.zip\" target=\"_blank\" rel=\"_blank noopener\">4K60p Publicado<\/a><\/div>\n<div class=\"ctas\"><a class=\"btn cta\" href=\"https:\/\/www.brightsignnetwork.com\/download\/WebDemos\/Series3\/XD3\/4K30pLoop-timescapes-publish.zip\" target=\"_blank\" rel=\"_blank noopener\">4K30p Publicado<\/a><\/div>\n<div class=\"ctas\"><a class=\"btn cta\" href=\"https:\/\/www.brightsignnetwork.com\/download\/WebDemos\/Series3\/XD3\/4KLoop-timescapes-project.zip\" target=\"_blank\" rel=\"_blank noopener\">Archivo fuente 4K60p<\/a><\/div>\n<\/div>\n<div id=\"syn-card-column-1\" class=\"column column-card inline no-border lazy_anim slide_left in_view\"><\/div>\n                                \n\n            <\/div><!-- mg-content-top -->\n\n            <\/div><!-- mg-item-content -->\n\n            <ul class=\"mg-cta-list small-buttons\">\n\n                                \n                \n            <\/ul>\n\n    \n    <\/div><!-- mg-cell-inner -->\n\n<\/div><!-- mg-cell -->\n\n\n<div class=\"mg-cell cell small-12 medium-6\">\n\n    <div class=\"mg-cell-inner item-parent\">\n\n    <div class=\"mg-item-content keep-overlay default-htags default-lists\">\n\n        \n            <div class=\"mg-item-image\">\n\n                <img decoding=\"async\" src=\"https:\/\/www.brightsign.biz\/wp-content\/uploads\/2023\/04\/2556ca8012a1abd2ea527a424fd9f039-e1683571628228.jpg\" alt=\"\" \/>\n           \n\n                            <\/div>\n        \n        \n\n            <div class=\"mg-content-top\">\n\n                \n                                    <div class=\"is-color-white in_view\">\n<div id=\"syn-flex-wrapper-1\" class=\"wrapper flex col-50 padding-top-component padding-bottom-gutter align-flex-start flex-row color-white center-center contains-inner mobile-center-center\">\n<div class=\"flex-inner\">\n<div id=\"syn-card-column-1\" class=\"column column-card inline no-border lazy_anim slide_left in_view\">\n<h4 class=\"column-title\">Presentaci\u00f3n 4K en modo vertical<\/h4>\n<div class=\"text-content\">Esta presentaci\u00f3n ofrece una calidad de v\u00eddeo 4K estelar en modo retrato.<strong>Requisitos m\u00ednimos:<\/strong><\/p>\n<ul>\n<li>BrightSign XD233, XD1033, XT243, XT1143 modelo con firmware v6.2.38 o superior<\/li>\n<li>Tarjeta de memoria MicroSD Clase 10 con la demo publicada<\/li>\n<li>Pantalla 4K60p o 4K30p<\/li>\n<\/ul>\n<p><strong>Descargar la presentaci\u00f3n publicada y los archivos fuente<\/strong><\/p>\n<\/div>\n<div class=\"ctas\"><a class=\"btn cta\" href=\"http:\/\/www.brightsignnetwork.com\/download\/WebDemos\/Series3\/XD3\/4K30p-PortraitLadies-publish.zip\" target=\"_blank\" rel=\"_blank noopener\">Retrato 4K30p<\/a><\/div>\n<div class=\"ctas\"><a class=\"btn cta\" href=\"https:\/\/www.brightsignnetwork.com\/download\/WebDemos\/Series3\/XD3\/4K60p-PortraitLadies-publish.zip\" target=\"_blank\" rel=\"_blank noopener\">Retrato 4K60p<\/a><\/div>\n<div class=\"ctas\"><a class=\"btn cta\" href=\"https:\/\/www.brightsignnetwork.com\/download\/WebDemos\/Series3\/XD3\/4K-PortraitLadies-Project.zip\" target=\"_blank\" rel=\"_blank noopener\">Archivo fuente 4K60p<\/a><\/div>\n<\/div>\n<\/div>\n<\/div>\n<\/div>\n<div class=\"is-color-white in_view\">\n<div id=\"syn-flex-wrapper-2\" class=\"wrapper flex col-50 padding-top-component padding-bottom-gutter align-flex-start flex-row color-white center-center contains-inner mobile-center-center\">\n<div class=\"flex-inner\">\n<div id=\"syn-card-column-2\" class=\"column column-card inline no-border lazy_anim slide_right in_view\"><\/div>\n<\/div>\n<\/div>\n<\/div>\n                                \n\n            <\/div><!-- mg-content-top -->\n\n            <\/div><!-- mg-item-content -->\n\n            <ul class=\"mg-cta-list small-buttons\">\n\n                                \n                \n            <\/ul>\n\n    \n    <\/div><!-- mg-cell-inner -->\n\n<\/div><!-- mg-cell -->\n\n\n<div class=\"mg-cell cell small-12 medium-6\">\n\n    <div class=\"mg-cell-inner item-parent\">\n\n    <div class=\"mg-item-content keep-overlay default-htags default-lists\">\n\n        \n            <div class=\"mg-item-image\">\n\n                <img decoding=\"async\" src=\"https:\/\/www.brightsign.biz\/wp-content\/uploads\/2023\/05\/42317eea4d047f1e4c02ae5fb12b2d83-1-e1683590188372.jpg\" alt=\"\" \/>\n           \n\n                            <\/div>\n        \n        \n\n            <div class=\"mg-content-top\">\n\n                \n                                    <div id=\"syn-card-column-2\" class=\"column column-card inline no-border lazy_anim slide_right in_view\">\n<h4 class=\"column-title\">Concesionario de coches Touch\/Social Media<\/h4>\n<div class=\"text-content\">Esta presentaci\u00f3n es un ejemplo de quiosco digital de un concesionario de coches para seleccionar v\u00eddeos de modelos de coches para reproducir. Tambi\u00e9n incluye una zona HTML5 de publicaciones animadas en redes sociales para la marca de coches.&nbsp;<\/p>\n<p><strong>Detalles:<\/strong><\/p>\n<ul>\n<li>Funcionamiento: Toque los botones de la parte inferior para reproducir un v\u00eddeo de cada opci\u00f3n<\/li>\n<li>Caracter\u00edsticas principales: multizona, v\u00eddeo 1080p60, pantalla t\u00e1ctil interactiva, fuente de texto HTML Postano para redes sociales<\/li>\n<\/ul>\n<p><strong>Requisitos m\u00ednimos:<\/strong><\/p>\n<ul>\n<li>BrightSign XD1032 o XD1132 con firmware ver 6.0.25<\/li>\n<li>Pantalla t\u00e1ctil 1080p60<\/li>\n<li>Conexi\u00f3n a Internet para las redes sociales de Postano<\/li>\n<\/ul>\n<p><strong>Descargar la presentaci\u00f3n publicada y los archivos fuente<\/strong><\/p>\n<\/div>\n<div class=\"ctas\"><a class=\"btn cta\" href=\"https:\/\/www.brightsignnetwork.com\/download\/2016-EventDemos\/4KHDR-Multi-App-PUBLISH.zip\" target=\"_blank\" rel=\"_blank noopener\">Demo 4K Multi Publicada<\/a><\/div>\n<div class=\"ctas\"><a class=\"btn cta\" href=\"https:\/\/www.brightsignnetwork.com\/download\/2016-EventDemos\/4K-HDR-multi-demo-2016-export.zip\" target=\"_blank\" rel=\"_blank noopener\">Archivo fuente demo 4K Multi<\/a><\/div>\n<div class=\"ctas\"><a class=\"btn cta\" href=\"https:\/\/www.brightsignnetwork.com\/download\/WebDemos\/4K\/4KMulti-setupfiles.zip\" target=\"_blank\" rel=\"_blank noopener\">Archivos de configuraci\u00f3n de red 4K Multi Demo<\/a><\/div>\n<\/div>\n<div id=\"syn-card-column-3\" class=\"column column-card inline no-border lazy_anim slide_left in_view\"><\/div>\n                                \n\n            <\/div><!-- mg-content-top -->\n\n            <\/div><!-- mg-item-content -->\n\n            <ul class=\"mg-cta-list small-buttons\">\n\n                                \n                \n            <\/ul>\n\n    \n    <\/div><!-- mg-cell-inner -->\n\n<\/div><!-- mg-cell -->\n\n\n<div class=\"mg-cell cell small-12 medium-6\">\n\n    <div class=\"mg-cell-inner item-parent\">\n\n    <div class=\"mg-item-content keep-overlay default-htags default-lists\">\n\n        \n            <div class=\"mg-item-image\">\n\n                <img decoding=\"async\" src=\"https:\/\/www.brightsign.biz\/wp-content\/uploads\/2023\/05\/e3813ced6be94cdf8735015b00a4d432.png\" alt=\"\" \/>\n           \n\n                            <\/div>\n        \n        \n\n            <div class=\"mg-content-top\">\n\n                \n                                    <p><main><\/p>\n<section class=\"section\">\n<div class=\"wrap\">\n<div class=\"wpb-content-wrapper\">\n<div class=\"vc_row wpb_row vc_row-fluid\">\n<div class=\"wpb_column vc_column_container vc_col-sm-12\">\n<div class=\"vc_column-inner\">\n<div class=\"wpb_wrapper\">\n<div class=\"is-color-white in_view\">\n<div id=\"syn-flex-wrapper-2\" class=\"wrapper flex col-50 padding-top-component padding-bottom-gutter align-flex-start flex-row color-white center-center contains-inner mobile-center-center\">\n<div class=\"flex-inner\">\n<div id=\"syn-card-column-3\" class=\"column column-card inline no-border lazy_anim slide_left in_view\">\n<h4 class=\"column-title\">Sushi HTML5 Menu Board<\/h4>\n<div class=\"text-content\">Esta presentaci\u00f3n muestra un BrightSign XD Smart Menu Board creado utilizando un h\u00edbrido de v\u00eddeo BrightSign, Live HDTV y contenido de imagen en capas con contenido HTML5. La zona HTML5 contiene la imagen y el logotipo del men\u00fa, junto con animaciones de los elementos del men\u00fa. El HTML extrae los elementos del men\u00fa y los precios de un archivo de datos JSON.&nbsp;<\/p>\n<p><strong>Requisitos m\u00ednimos:<\/strong><\/p>\n<p>En red BrightSign XD1230 o superior<\/p>\n<ul>\n<li>Tarjeta de memoria SDHC Clase 10 que contiene la Presentaci\u00f3n publicada<\/li>\n<li>Fuente de entrada HDMI (como otra unidad BrightSign)<\/li>\n<li>Pantalla 1080p60<\/li>\n<li>2 cables HDMI<\/li>\n<\/ul>\n<p>Firmware\/BrightAuthor:<\/p>\n<ul>\n<li>XD1132 firmware versi\u00f3n 5.1.24 o superior y BrightAuthor v4.1.0.8 o superior<\/li>\n<\/ul>\n<p><strong>Descargar la presentaci\u00f3n publicada y los archivos fuente<\/strong><\/p>\n<\/div>\n<div class=\"ctas\"><a class=\"btn cta\" href=\"https:\/\/www.brightsignnetwork.com\/download\/WebDemos\/XD\/Sushi_XD2_published.zip\" target=\"_blank\" rel=\"_blank noopener\">Sushi XD HTML5<\/a><\/div>\n<div class=\"ctas\"><a class=\"btn cta\" href=\"https:\/\/brightsignbiz.s3.amazonaws.com\/demos_xd\/sushi_project.zip\" target=\"_blank\" rel=\"_blank noopener\">Archivo fuente Sushi HTML5<\/a><\/div>\n<\/div>\n<\/div>\n<\/div>\n<\/div>\n<\/div>\n<\/div>\n<\/div>\n<\/div>\n<\/div>\n<\/div>\n<\/section>\n<p><\/main><\/p>\n                                \n\n            <\/div><!-- mg-content-top -->\n\n            <\/div><!-- mg-item-content -->\n\n            <ul class=\"mg-cta-list small-buttons\">\n\n                                \n                \n            <\/ul>\n\n    \n    <\/div><!-- mg-cell-inner -->\n\n<\/div><!-- mg-cell -->\n\n\n<\/div><!-- grid-x -->\n\n\n<\/div><!-- block-inner -->  \n\n<\/section><!-- ### -->\n\n\n\n\n\n<section id=\"ticker-block_255169a0f818bd92931a473128dce4aa\" class=\"ticker custom-block white-bg\">\n\n    \n    <div class=\"block-inner\">\n        <div class=\"swiper ticker-swiper\">\n            <div class=\"swiper-wrapper\">\n\n                \n            <\/div><!-- swiper-wrapper -->\n        <\/div><!-- swiper -->\n    <\/div><!-- block-inner -->\n<\/section><!-- ticker -->","protected":false},"excerpt":{"rendered":"","protected":false},"author":2,"featured_media":0,"parent":787,"menu_order":20,"comment_status":"closed","ping_status":"closed","template":"","meta":{"_acf_changed":true,"_searchwp_excluded":"","footnotes":""},"class_list":["post-4286","page","type-page","status-publish","hentry"],"acf":[],"_links":{"self":[{"href":"https:\/\/www.brightsign.biz\/es\/wp-json\/wp\/v2\/pages\/4286","targetHints":{"allow":["GET"]}}],"collection":[{"href":"https:\/\/www.brightsign.biz\/es\/wp-json\/wp\/v2\/pages"}],"about":[{"href":"https:\/\/www.brightsign.biz\/es\/wp-json\/wp\/v2\/types\/page"}],"author":[{"embeddable":true,"href":"https:\/\/www.brightsign.biz\/es\/wp-json\/wp\/v2\/users\/2"}],"replies":[{"embeddable":true,"href":"https:\/\/www.brightsign.biz\/es\/wp-json\/wp\/v2\/comments?post=4286"}],"version-history":[{"count":0,"href":"https:\/\/www.brightsign.biz\/es\/wp-json\/wp\/v2\/pages\/4286\/revisions"}],"up":[{"embeddable":true,"href":"https:\/\/www.brightsign.biz\/es\/wp-json\/wp\/v2\/pages\/787"}],"wp:attachment":[{"href":"https:\/\/www.brightsign.biz\/es\/wp-json\/wp\/v2\/media?parent=4286"}],"curies":[{"name":"wp","href":"https:\/\/api.w.org\/{rel}","templated":true}]}}