{"id":4288,"date":"2023-05-01T07:40:03","date_gmt":"2023-05-01T11:40:03","guid":{"rendered":"https:\/\/brightsign2425.wpenginepowered.com\/?page_id=4288"},"modified":"2026-04-27T10:40:22","modified_gmt":"2026-04-27T14:40:22","slug":"demos-en-hd","status":"publish","type":"page","link":"https:\/\/www.brightsign.biz\/es\/resources\/demos\/hd-demos\/","title":{"rendered":"Demos HD"},"content":{"rendered":"<section\n  id=\"hero-block_c1e5c6f3cc874ca7c16f89c60f78af1b\"\n  class=\"hero custom-block\"\n  data-form-url=\"\"\n>\n  <!-- Backgrounds: cover full section, center position (extended via SCSS) -->\n        <div id=\"hero-desktop-background\" style=\"background-image: url('https:\/\/www.brightsign.biz\/wp-content\/uploads\/2024\/09\/BG.png'); background-size: cover; background-position: center center; background-repeat: no-repeat;\"><\/div>\n        <div id=\"hero-mobile-background\" style=\"background-image: url('https:\/\/www.brightsign.biz\/wp-content\/uploads\/2024\/09\/BG.png'); background-size: cover; background-position: center center; background-repeat: no-repeat;\"><\/div>\n  \n  <div class=\"hero-gradient\" aria-hidden=\"true\"><\/div>\n  <div class=\"block-inner medium\">\n    <div class=\"block-inner-content grid-x grid-margin-y\">\n\n      <!-- MOBILE-only layout -->\n      <div class=\"cell small-12 show-for-small-only\">\n        \n        \n        \n        \n        <div class=\"mobile-content form-content\"><h1>Demos HD<\/h1>\n<p>Descargue demos HD y empiece ahora.<\/p>\n<\/div>      <\/div>\n      <!-- end MOBILE-only -->\n\n      <!-- DESKTOP text cell -->\n      <div class=\"cell small-12 medium-12 large-6 hide-for-small-only\">\n        \n        <h1>Demos HD<\/h1>\n<p>Descargue demos HD y empiece ahora.<\/p>\n      <\/div>\n      <!-- end DESKTOP text cell -->\n\n      <!-- DESKTOP form\/video cell -->\n      <div class=\"cell small-12 medium-12 large-6 center-play hide-for-small-only\">\n        \n              <\/div>\n      <!-- end DESKTOP form\/video cell -->\n\n    <\/div><!-- .block-inner-content -->\n  <\/div><!-- .block-inner -->\n<\/section><!-- hero -->\n\n\n\n    <section id=\"full-width-text-block_deeaf65e8ef9c7f057b8bfd3d7cb60c1\" class=\"full-width-text custom-block dark small-top small-bottom default-htags default-lists\">\n\n        <div class=\"block-inner medium\">\n\n        <h2 class=\"column-title\" style=\"text-align: center\">Demos BrightSign HD<\/h2>\n<div class=\"text-content\" style=\"text-align: center\">Descargue demos para ver las posibilidades de BrightSign HD.<\/div>\n\n        \n        <\/div><!-- block-inner -->  \n\n        \n    <\/section><!-- full-width-text -->  \n\n\n\n\n\n<section id=\"media-text-block_474b39959ca8816d6a90e7b212ac1ed9\" class=\"media-text custom-block dark none-top none-bottom\" >\n    <div class=\"dot-in\"><\/div><!-- dot-in -->\n    <div class=\"block-inner medium grid-x right\">\n    \n        <div class=\"cell small-12 medium-12 large-6 mediatext-content default-checks\">\n            <div aria-hidden=\"true\" class=\"blue-dot\"><\/div>\n                            <h4>Instrucciones<\/h4>\n                                                    <ul>\n<li>Descargue el archivo de la demo (aseg\u00farese de que la demo es compatible con su modelo BrightSign)<\/li>\n<li>Descomprima el archivo y copie todo el contenido en una tarjeta MicroSD<\/li>\n<li>Inserte la tarjeta MicroSD en su unidad BrightSign y enci\u00e9ndala.<\/li>\n<li>Para realizar cambios en la presentaci\u00f3n, descargue el archivo fuente y utilice brightAuthor para abrir el archivo de proyecto *.bpf incluido con la demostraci\u00f3n<\/li>\n<\/ul>\n                        \n                        \n                    <\/div><!-- mediatext-content -->\n        \n        <div class=\"cell small-12 medium-12 large-6 form-wrapper\">\n                            <!-- Normal form on all devices -->\n                                                    <div class=\"mediatext-image no-blue\">\n                        <img decoding=\"async\" src=\"https:\/\/www.brightsign.biz\/wp-content\/uploads\/2023\/04\/HD5_ContentLarge-e1682028752454-750x440.png\" alt=\"BrightSign Reproductor HD5 Digital Signage imagen vista frontal de arriba abajo\" \/>\n                                            <\/div><!-- mediatext-image -->\n                                                            \n                    <\/div><!-- form-wrapper -->\n        \n    <\/div><!-- block-inner -->\n<\/section><!-- media-text -->\n\n\n\n\n\n    <section id=\"full-width-text-block_837152a656017c103aeb14fcad3749af\" class=\"full-width-text custom-block dark small-top small-bottom default-htags default-lists\">\n\n        <div class=\"block-inner medium\">\n\n        <h2 class=\"column-title\" style=\"text-align: center\">Demos y presentaciones<\/h2>\n<div class=\"text-content\" style=\"text-align: center\">Descargue demos para ver las capacidades de BrightSign LS.<\/div>\n\n        \n        <\/div><!-- block-inner -->  \n\n        \n    <\/section><!-- full-width-text -->  \n\n\n\n\n\n\n\n<section id=\"media-grid-block_a1fa3800ece48ae4c7cd8be90975433d\" class=\"media-grid custom-block dark none-top none-bottom\">\n\n<div class=\"block-inner medium\">\n\n<div class=\"full-width-text default-htags\">\n\n\n<\/div>\n\n\n<div class=\"grid-x\">\n\n\n<div class=\"mg-cell cell small-12 medium-6\">\n\n    <div class=\"mg-cell-inner item-parent\">\n\n    <div class=\"mg-item-content keep-overlay default-htags default-lists\">\n\n        \n            <div class=\"mg-item-image\">\n\n                <img decoding=\"async\" src=\"https:\/\/www.brightsign.biz\/wp-content\/uploads\/2023\/05\/957d4d85435b6284ddf74571ea87803d-e1683590995620.png\" alt=\"\" \/>\n           \n\n                            <\/div>\n        \n        \n\n            <div class=\"mg-content-top\">\n\n                \n                                    <h4 class=\"column-title\">Alerta Covid-19<\/h4>\n<p>Se trata de una presentaci\u00f3n para mantener a los clientes informados y alerta durante una emergencia. Incluye un fondo de imagen, una fuente de im\u00e1genes en directo, una zona de v\u00eddeo, una zona de imagen para el logotipo y una zona de noticias.<\/p>\n<p><strong>Requisitos:<\/strong><\/p>\n<ul>\n<li>Reproductor HD224 o superior<\/li>\n<li>Conexi\u00f3n a Internet para las retransmisiones en directo<\/li>\n<\/ul>\n<p><strong>Descargar la presentaci\u00f3n publicada y los archivos fuente<\/strong><\/p>\n<p><a class=\"btn cta\" href=\"https:\/\/www.brightsignnetwork.com\/download\/WebDemos\/Series4\/COVID-19_Demo_SOURCE.zip\" target=\"_blank\" rel=\"_blank noopener\">Archivos publicados<\/a><br \/>\n<a class=\"btn cta\" href=\"https:\/\/www.brightsignnetwork.com\/download\/WebDemos\/Series4\/COVID-19_Demo_SOURCE.zip\" target=\"_blank\" rel=\"_blank noopener\">Archivos fuente<\/a><\/p>\n                                \n\n            <\/div><!-- mg-content-top -->\n\n            <\/div><!-- mg-item-content -->\n\n            <ul class=\"mg-cta-list small-buttons\">\n\n                                \n                \n            <\/ul>\n\n    \n    <\/div><!-- mg-cell-inner -->\n\n<\/div><!-- mg-cell -->\n\n\n<div class=\"mg-cell cell small-12 medium-6\">\n\n    <div class=\"mg-cell-inner item-parent\">\n\n    <div class=\"mg-item-content keep-overlay default-htags default-lists\">\n\n        \n            <div class=\"mg-item-image\">\n\n                <img decoding=\"async\" src=\"https:\/\/www.brightsign.biz\/wp-content\/uploads\/2023\/05\/8cb92923897626610788ee0d99f3f7e5-e1683591210270.png\" alt=\"\" \/>\n           \n\n                            <\/div>\n        \n        \n\n            <div class=\"mg-content-top\">\n\n                \n                                    <h4 class=\"column-title\">Presentaci\u00f3n del zoo en 4K<\/h4>\n<p>Se trata de una presentaci\u00f3n para un zoo e incluye una capa de fondo de zona de v\u00eddeo 4K, una zona HTML5 animada y una zona de imagen interactiva en la pantalla t\u00e1ctil para seleccionar la reproducci\u00f3n de v\u00eddeo en la zona de v\u00eddeo del fondo.<\/p>\n<p><strong>Requisitos:<\/strong><\/p>\n<ul>\n<li>HD1034 con firmware v7.1.95 o superior<\/li>\n<li>Pantalla t\u00e1ctil 4K o 1080p60<\/li>\n<\/ul>\n<p><strong>Descargar la presentaci\u00f3n publicada y los archivos fuente<\/strong><\/p>\n<p><a class=\"btn cta\" href=\"https:\/\/www.brightsignnetwork.com\/download\/WebDemos\/Series4\/HD-zoo-publish.zip\" target=\"_blank\" rel=\"_blank noopener\">Archivos publicados de Zoo Touch<\/a><br \/>\n<a class=\"btn cta\" href=\"https:\/\/www.brightsignnetwork.com\/download\/WebDemos\/Series4\/HD4-Zoo-Demo-project.zip\" target=\"_blank\" rel=\"_blank noopener\">Archivos fuente de Zoo Touch<\/a><\/p>\n                                \n\n            <\/div><!-- mg-content-top -->\n\n            <\/div><!-- mg-item-content -->\n\n            <ul class=\"mg-cta-list small-buttons\">\n\n                                \n                \n            <\/ul>\n\n    \n    <\/div><!-- mg-cell-inner -->\n\n<\/div><!-- mg-cell -->\n\n\n<div class=\"mg-cell cell small-12 medium-6\">\n\n    <div class=\"mg-cell-inner item-parent\">\n\n    <div class=\"mg-item-content keep-overlay default-htags default-lists\">\n\n        \n            <div class=\"mg-item-image\">\n\n                <img decoding=\"async\" src=\"https:\/\/www.brightsign.biz\/wp-content\/uploads\/2023\/05\/5e7328ae5490750846c654afdd670da2-e1683591399263.jpg\" alt=\"\" \/>\n           \n\n                            <\/div>\n        \n        \n\n            <div class=\"mg-content-top\">\n\n                \n                                    <h4 class=\"column-title\">Exposici\u00f3n Museum Touch<\/h4>\n<p>Esta presentaci\u00f3n incluye un fondo de imagen superpuesto con una zona de v\u00eddeo 1080p60, dos zonas HTML5 animadas y una zona de imagen con pantalla t\u00e1ctil y\/o interactividad BP200 para seleccionar la reproducci\u00f3n de v\u00eddeo en la zona de v\u00eddeo principal.<\/p>\n<p><strong>Requisitos:<\/strong><\/p>\n<ul>\n<li>HD1033 con firmware v6.2.38 o superior<\/li>\n<li>Pantalla t\u00e1ctil 1080p60<\/li>\n<\/ul>\n<p><strong>Descargar la presentaci\u00f3n publicada y los archivos fuente<\/strong><\/p>\n<p><a class=\"btn cta\" href=\"https:\/\/www.brightsignnetwork.com\/download\/WebDemos\/Series3\/HD3\/HD3-Museum-Publish.zip\">Archivos publicados de Museum Touch<\/a><\/p>\n                                \n\n            <\/div><!-- mg-content-top -->\n\n            <\/div><!-- mg-item-content -->\n\n            <ul class=\"mg-cta-list small-buttons\">\n\n                                \n                \n            <\/ul>\n\n    \n    <\/div><!-- mg-cell-inner -->\n\n<\/div><!-- mg-cell -->\n\n\n<div class=\"mg-cell cell small-12 medium-6\">\n\n    <div class=\"mg-cell-inner item-parent\">\n\n    <div class=\"mg-item-content keep-overlay default-htags default-lists\">\n\n        \n            <div class=\"mg-item-image\">\n\n                <img decoding=\"async\" src=\"https:\/\/www.brightsign.biz\/wp-content\/uploads\/2023\/05\/9b4888c19044639627d742d06fd8d538-e1683593695220.png\" alt=\"\" \/>\n           \n\n                            <\/div>\n        \n        \n\n            <div class=\"mg-content-top\">\n\n                \n                                    <h4 class=\"column-title\">Presentaci\u00f3n del men\u00fa de la cervecer\u00eda<\/h4>\n<p>Una\u00a0<a class=\"not-cta\" href=\"https:\/\/www.brightsign.biz\/es\/acerca-de\/news-blog\/partner\/red-dot-digital-media-2\/\">demo de Red Dot Digital Media<\/a>\u00a0dise\u00f1ada para mostrar una carta con un fondo de v\u00eddeo de 1080p60 y superposici\u00f3n de Live Text.<\/p>\n<p><strong>Requisitos:<\/strong><\/p>\n<ul>\n<li>BrightSign HD223 o HD1023 con firmware v6.2.38 o superior<\/li>\n<li>Pantalla 1080p60<\/li>\n<li>Tarjeta de memoria MicroSD Clase 10 con la demo publicada<\/li>\n<\/ul>\n<p><strong>Descargar la presentaci\u00f3n publicada y los archivos fuente<\/strong><br \/>\n<a class=\"btn cta\" href=\"https:\/\/www.brightsignnetwork.com\/download\/WebDemos\/Series3\/HD3\/Belching-Beaver-HD3-Publish.zip\" target=\"_blank\" rel=\"_blank noopener\">Archivos del men\u00fa de la cervecer\u00eda<\/a><br \/>\n<a class=\"btn cta\" href=\"https:\/\/www.brightsignnetwork.com\/download\/WebDemos\/Series3\/HD3\/Belching-Beaver-HD3-Source.zip\" target=\"_blank\" rel=\"_blank noopener\">Archivos fuente del men\u00fa de la cervecer\u00eda<\/a><\/p>\n                                \n\n            <\/div><!-- mg-content-top -->\n\n            <\/div><!-- mg-item-content -->\n\n            <ul class=\"mg-cta-list small-buttons\">\n\n                                \n                \n            <\/ul>\n\n    \n    <\/div><!-- mg-cell-inner -->\n\n<\/div><!-- mg-cell -->\n\n\n<div class=\"mg-cell cell small-12 medium-6\">\n\n    <div class=\"mg-cell-inner item-parent\">\n\n    <div class=\"mg-item-content keep-overlay default-htags default-lists\">\n\n        \n            <div class=\"mg-item-image\">\n\n                <img decoding=\"async\" src=\"https:\/\/www.brightsign.biz\/wp-content\/uploads\/2023\/05\/5384ee4eb11e21ee0ffa77a99ec51ab6-e1683591887947.jpg\" alt=\"\" \/>\n           \n\n                            <\/div>\n        \n        \n\n            <div class=\"mg-content-top\">\n\n                \n                                    <h4 class=\"column-title\">Quiosco t\u00e1ctil del centro m\u00e9dico<\/h4>\n<p>Se trata de una presentaci\u00f3n interactiva t\u00e1ctil para un centro m\u00e9dico y tambi\u00e9n muestra un\u00a0<a class=\"not-cta\" href=\"http:\/\/www.screenfeed.com\/\" target=\"_blank\" rel=\"noopener\">Alimentaci\u00f3n por pantalla<\/a>\u00a0Spectrum Weather feed. Toque el bot\u00f3n de cada planta para ver el mapa de servicios.<\/p>\n<p><strong>Requisitos:<\/strong><\/p>\n<ul>\n<li>HD1023, HO523, XD1033 o XT1143 con firmware versi\u00f3n 6.2.147 o superior<\/li>\n<li>Pantalla t\u00e1ctil 1920\u00d71080 @60p<\/li>\n<\/ul>\n<p><strong>Descargar la presentaci\u00f3n publicada y los archivos fuente<\/strong><br \/>\n<a class=\"btn cta\" href=\"https:\/\/www.brightsignnetwork.com\/download\/WebDemos\/Series3\/HD3\/MedicalCenter-Touch-PUBLISH.zip\" target=\"_blank\" rel=\"_blank noopener\">Presentaci\u00f3n publicada<\/a><br \/>\n<a class=\"btn cta\" href=\"https:\/\/www.brightsignnetwork.com\/download\/WebDemos\/Series3\/HD3\/MedicalCenter-Touch-SOURCE.zip\" target=\"_blank\" rel=\"_blank noopener\">Archivos fuente<\/a><\/p>\n                                \n\n            <\/div><!-- mg-content-top -->\n\n            <\/div><!-- mg-item-content -->\n\n            <ul class=\"mg-cta-list small-buttons\">\n\n                                \n                \n            <\/ul>\n\n    \n    <\/div><!-- mg-cell-inner -->\n\n<\/div><!-- mg-cell -->\n\n\n<div class=\"mg-cell cell small-12 medium-6\">\n\n    <div class=\"mg-cell-inner item-parent\">\n\n    <div class=\"mg-item-content keep-overlay default-htags default-lists\">\n\n        \n            <div class=\"mg-item-image\">\n\n                <img decoding=\"async\" src=\"https:\/\/www.brightsign.biz\/wp-content\/uploads\/2023\/05\/af6bd0fbce2bea2a52f353e5b00691af-e1683592050830.jpg\" alt=\"\" \/>\n           \n\n                            <\/div>\n        \n        \n\n            <div class=\"mg-content-top\">\n\n                \n                                    <h4 class=\"column-title\">Kiosco t\u00e1ctil para concesionarios de coches<\/h4>\n<p>Esta presentaci\u00f3n es un ejemplo de quiosco t\u00e1ctil de un concesionario de autom\u00f3viles para seleccionar y reproducir v\u00eddeos de los diferente modelos de autom\u00f3viles.<\/p>\n<p><strong>Requisitos:<\/strong><\/p>\n<ul>\n<li>BrightSign HD1022 con firmware ver 6.0.25+ o HD1023 con firmware ver 6.2.38+.<\/li>\n<li>Pantalla t\u00e1ctil 1080p60<\/li>\n<\/ul>\n<p><strong>Detalles:<\/strong><\/p>\n<ul>\n<li>Funcionamiento: Toque los botones de la parte inferior para reproducir un v\u00eddeo de cada opci\u00f3n<\/li>\n<li>Caracter\u00edsticas principales: multizona, v\u00eddeo 1080p60, pantalla t\u00e1ctil interactiva<\/li>\n<\/ul>\n<p><strong>Descargar la presentaci\u00f3n publicada y los archivos fuente<\/strong><br \/>\n<a class=\"btn cta\" href=\"https:\/\/www.brightsignnetwork.com\/download\/WebDemos\/HD\/CarDealership-HD1080p60-img-PUBLISH.zip\" target=\"_blank\" rel=\"_blank noopener\">Presentaci\u00f3n publicada<\/a><br \/>\n<a class=\"btn cta\" href=\"https:\/\/www.brightsignnetwork.com\/download\/WebDemos\/HD\/CarDealership-HD1080p60-img-SOURCE.zip\" target=\"_blank\" rel=\"_blank noopener\">Archivos fuente<\/a><\/p>\n                                \n\n            <\/div><!-- mg-content-top -->\n\n            <\/div><!-- mg-item-content -->\n\n            <ul class=\"mg-cta-list small-buttons\">\n\n                                \n                \n            <\/ul>\n\n    \n    <\/div><!-- mg-cell-inner -->\n\n<\/div><!-- mg-cell -->\n\n\n<\/div><!-- grid-x -->\n\n\n<\/div><!-- block-inner -->  \n\n<\/section><!-- ### -->\n\n\n\n\n\n<section id=\"ticker-block_6b2fd866f6e03a72cdc03378125cee96\" class=\"ticker custom-block white-bg\">\n\n    \n    <div class=\"block-inner\">\n        <div class=\"swiper ticker-swiper\">\n            <div class=\"swiper-wrapper\">\n\n                \n            <\/div><!-- swiper-wrapper -->\n        <\/div><!-- swiper -->\n    <\/div><!-- block-inner -->\n<\/section><!-- ticker -->","protected":false},"excerpt":{"rendered":"","protected":false},"author":2,"featured_media":0,"parent":787,"menu_order":30,"comment_status":"closed","ping_status":"closed","template":"","meta":{"_acf_changed":false,"_searchwp_excluded":"","footnotes":""},"class_list":["post-4288","page","type-page","status-publish","hentry"],"acf":[],"_links":{"self":[{"href":"https:\/\/www.brightsign.biz\/es\/wp-json\/wp\/v2\/pages\/4288","targetHints":{"allow":["GET"]}}],"collection":[{"href":"https:\/\/www.brightsign.biz\/es\/wp-json\/wp\/v2\/pages"}],"about":[{"href":"https:\/\/www.brightsign.biz\/es\/wp-json\/wp\/v2\/types\/page"}],"author":[{"embeddable":true,"href":"https:\/\/www.brightsign.biz\/es\/wp-json\/wp\/v2\/users\/2"}],"replies":[{"embeddable":true,"href":"https:\/\/www.brightsign.biz\/es\/wp-json\/wp\/v2\/comments?post=4288"}],"version-history":[{"count":2,"href":"https:\/\/www.brightsign.biz\/es\/wp-json\/wp\/v2\/pages\/4288\/revisions"}],"predecessor-version":[{"id":13540,"href":"https:\/\/www.brightsign.biz\/es\/wp-json\/wp\/v2\/pages\/4288\/revisions\/13540"}],"up":[{"embeddable":true,"href":"https:\/\/www.brightsign.biz\/es\/wp-json\/wp\/v2\/pages\/787"}],"wp:attachment":[{"href":"https:\/\/www.brightsign.biz\/es\/wp-json\/wp\/v2\/media?parent=4288"}],"curies":[{"name":"wp","href":"https:\/\/api.w.org\/{rel}","templated":true}]}}