{"id":513,"date":"2023-03-21T14:30:10","date_gmt":"2023-03-21T14:30:10","guid":{"rendered":"https:\/\/brightsign2425.wpenginepowered.com\/?page_id=513"},"modified":"2025-11-10T19:08:09","modified_gmt":"2025-11-11T00:08:09","slug":"ventaja-brightsign","status":"publish","type":"page","link":"https:\/\/www.brightsign.biz\/es\/brightsign-advantage\/","title":{"rendered":"BrightSign Ventaja"},"content":{"rendered":"<section\n  id=\"hero-block_b08d24c476e77f005f8ded7972616b6d\"\n  class=\"hero custom-block\"\n  data-form-url=\"\"\n>\n  <!-- Backgrounds: cover full section, center position (extended via SCSS) -->\n        <div id=\"hero-desktop-background\" style=\"background-image: url('https:\/\/www.brightsign.biz\/wp-content\/uploads\/2024\/06\/hero-brightsign-advantage.png'); background-size: cover; background-position: center center; background-repeat: no-repeat;\"><\/div>\n        <div id=\"hero-mobile-background\" style=\"background-image: url('https:\/\/www.brightsign.biz\/wp-content\/uploads\/2024\/06\/hero-brightsign-advantage.png'); background-size: cover; background-position: center center; background-repeat: no-repeat;\"><\/div>\n  \n  <div class=\"hero-gradient\" aria-hidden=\"true\"><\/div>\n  <div class=\"block-inner medium\">\n    <div class=\"block-inner-content grid-x grid-margin-y\">\n\n      <!-- MOBILE-only layout -->\n      <div class=\"cell small-12 show-for-small-only\">\n        \n        \n        \n        \n        <ul class=\"custom-breadcrumb\"><li>Soluciones<\/li><\/ul><div class=\"mobile-content form-content\"><h1>En <strong>Bright<\/strong>Sign <strong>Ventaja<\/strong><\/h1>\n<p>\u00c9xito de extremo a extremo de Signage.<\/p>\n<\/div>      <\/div>\n      <!-- end MOBILE-only -->\n\n      <!-- DESKTOP text cell -->\n      <div class=\"cell small-12 medium-12 large-6 hide-for-small-only\">\n        \n        <ul class=\"custom-breadcrumb\"><li>Soluciones<\/li><\/ul><h1>En <strong>Bright<\/strong>Sign <strong>Ventaja<\/strong><\/h1>\n<p>\u00c9xito de extremo a extremo de Signage.<\/p>\n      <\/div>\n      <!-- end DESKTOP text cell -->\n\n      <!-- DESKTOP form\/video cell -->\n      <div class=\"cell small-12 medium-12 large-6 center-play hide-for-small-only\">\n        \n              <\/div>\n      <!-- end DESKTOP form\/video cell -->\n\n    <\/div><!-- .block-inner-content -->\n  <\/div><!-- .block-inner -->\n<\/section><!-- hero -->\n\n\n\n    <section id=\"full-width-text-block_019fbcd12e4e7c9de9ed1dbcd730b6ec\" class=\"full-width-text custom-block dark small-top none-bottom brand-htags default-lists\">\n\n        <div class=\"block-inner medium\">\n\n        <h2 style=\"text-align: center\">Impulse su viaje de se\u00f1alizaci\u00f3n digital con BrightSign<\/h2>\n<p style=\"text-align: center\">BrightSign le ayuda a navegar por su viaje de se\u00f1alizaci\u00f3n digital con confianza ofreci\u00e9ndole soluciones fiables y escalables que le proporcionan todo lo que necesita para lograr el \u00e9xito en se\u00f1alizaci\u00f3n.<\/p>\n\n        \n        <\/div><!-- block-inner -->  \n\n        \n    <\/section><!-- full-width-text -->  \n\n\n\n\n\n\n\n<section id=\"media-grid-block_65d0f72905ed095c9fda24305196dcc5\" class=\"media-grid custom-block dark none-top small-bottom\">\n\n<div class=\"block-inner medium\">\n\n<div class=\"full-width-text default-htags\">\n\n\n<\/div>\n\n\n<div class=\"grid-x\">\n\n\n<div class=\"mg-cell cell small-12 medium-6\">\n\n    <div class=\"mg-cell-inner item-parent\">\n\n    <div class=\"mg-item-content remove-overlay default-htags default-lists\">\n\n        \n            <div class=\"mg-item-image\">\n\n                <img decoding=\"async\" src=\"https:\/\/www.brightsign.biz\/wp-content\/uploads\/2024\/06\/BrightSign-series5-fullfamily-web-900x495.png\" alt=\"BrightSign Reproductores multimedia de se\u00f1alizaci\u00f3n digital de la serie 5\" \/>\n           \n\n                            <\/div>\n        \n        \n\n            <div class=\"mg-content-top\">\n\n                <h4>Reproductores BrightSign<\/h4>\n                                    <p>Dise\u00f1ado para profesionales con tecnolog\u00eda de vanguardia y una flexibilidad inigualable para ofrecer experiencias de se\u00f1alizaci\u00f3n cautivadoras.<\/p>\n                                \n\n            <\/div><!-- mg-content-top -->\n\n            <\/div><!-- mg-item-content -->\n\n            <ul class=\"mg-cta-list small-buttons\">\n\n                \n                <li>\n                    <a href=\"https:\/\/www.brightsign.biz\/es\/jugadores-brillantes\/serie-5\/\" target=\"_self\">Conozca los reproductores<i class=\"fa-solid fa-chevron-right\"><\/i><\/a>\n                <\/li>\n\n                                \n                \n            <\/ul>\n\n    \n    <\/div><!-- mg-cell-inner -->\n\n<\/div><!-- mg-cell -->\n\n\n<div class=\"mg-cell cell small-12 medium-6\">\n\n    <div class=\"mg-cell-inner item-parent\">\n\n    <div class=\"mg-item-content remove-overlay default-htags default-lists\">\n\n        \n            <div class=\"mg-item-image\">\n\n                <img decoding=\"async\" src=\"https:\/\/www.brightsign.biz\/wp-content\/uploads\/2024\/06\/brightsign-os-image-900x495.jpg\" alt=\"\" \/>\n           \n\n                            <\/div>\n        \n        \n\n            <div class=\"mg-content-top\">\n\n                <h4>BrightSignOS\u2122<\/h4>\n                                    <p>El \u00fanico sistema operativo dise\u00f1ado espec\u00edficamente que aporta una fiabilidad, seguridad, potencia de se\u00f1alizaci\u00f3n y sostenibilidad inigualables a todos los reproductores BrightSign.<\/p>\n                                \n\n            <\/div><!-- mg-content-top -->\n\n            <\/div><!-- mg-item-content -->\n\n            <ul class=\"mg-cta-list small-buttons\">\n\n                \n                <li>\n                    <a href=\"https:\/\/www.brightsign.biz\/es\/ventaja-brightsign\/brightsign-os\/\" target=\"_self\">BrightSignOS\u2122<i class=\"fa-solid fa-chevron-right\"><\/i><\/a>\n                <\/li>\n\n                                \n                \n            <\/ul>\n\n    \n    <\/div><!-- mg-cell-inner -->\n\n<\/div><!-- mg-cell -->\n\n\n<\/div><!-- grid-x -->\n\n\n<\/div><!-- block-inner -->  \n\n<\/section><!-- ### -->\n\n\n\n\n\n\n<section id=\"full-width-cta-block_51bbfc20ca5c968fdb44ade437a7a001\" class=\"full-width-cta custom-block\">\n\n<div class=\"block-inner medium grid-x\">\n\n<div class=\"cell small-12 medium-8\">\n    <h4>5 a\u00f1os de confianza para todos los jugadores<\/h4>\n<p>A partir del 1 de enero de 2025, todos los reproductores multimedia de la serie 5 y posteriores que se adquieran y registren incluir\u00e1n una garant\u00eda est\u00e1ndar de 5 a\u00f1os.<\/p>\n<\/div><!-- medium-8 -->\n\n<div class=\"cell small-12 medium-4 content-right\">\n    <div class=\"basic-button blue\"><a href=\"https:\/\/www.brightsign.biz\/es\/jugadores-brillantes\/garantia\/\" target=\"_self\">REG\u00cdSTRESE AHORA<i class=\"fa-solid fa-chevron-right\"><\/i><\/a><\/div>\n<\/div><!-- medium-4 -->\n\n<\/div><!-- block-inner -->\n\n<\/section><!-- hero -->\n\n\n\n\n\n\n\n<section id=\"media-grid-block_abd7da2d3ec609e530c4cbf062104421\" class=\"media-grid custom-block dark small-top small-bottom\">\n\n<div class=\"block-inner medium\">\n\n<div class=\"full-width-text default-htags\">\n\n\n<\/div>\n\n\n<div class=\"grid-x\">\n\n\n<div class=\"mg-cell cell small-12 medium-4\">\n\n    <div class=\"mg-cell-inner item-parent\">\n\n    <div class=\"mg-item-content remove-overlay default-htags default-lists\">\n\n        \n            <div class=\"mg-item-image\">\n\n                <img decoding=\"async\" src=\"https:\/\/www.brightsign.biz\/wp-content\/uploads\/2023\/05\/EcosystemPartnerCard-900x495.jpg\" alt=\"Mujer con camisa amarilla y gafas de pie junto a un hombre con camisa verde que sostiene un port\u00e1til MacBook.\" \/>\n           \n\n                            <\/div>\n        \n        \n\n            <div class=\"mg-content-top\">\n\n                <h5>Socio<\/h5>\n                                    <p>Dise\u00f1ado para profesionales con tecnolog\u00eda de vanguardia y una flexibilidad inigualable para ofrecer experiencias de se\u00f1alizaci\u00f3n cautivadoras.<\/p>\n                                \n\n            <\/div><!-- mg-content-top -->\n\n            <\/div><!-- mg-item-content -->\n\n            <ul class=\"mg-cta-list small-buttons\">\n\n                \n                <li>\n                    <a href=\"https:\/\/www.brightsign.biz\/es\/socios\/\" target=\"_self\">Nuestra red de socios<i class=\"fa-solid fa-chevron-right\"><\/i><\/a>\n                <\/li>\n\n                                \n                \n            <\/ul>\n\n    \n    <\/div><!-- mg-cell-inner -->\n\n<\/div><!-- mg-cell -->\n\n\n<div class=\"mg-cell cell small-12 medium-4\">\n\n    <div class=\"mg-cell-inner item-parent\">\n\n    <div class=\"mg-item-content remove-overlay default-htags default-lists\">\n\n        \n            <div class=\"mg-item-image\">\n\n                <img decoding=\"async\" src=\"https:\/\/www.brightsign.biz\/wp-content\/uploads\/2024\/06\/brightsign-advantage-software-v2.png\" alt=\"\" \/>\n           \n\n                            <\/div>\n        \n        \n\n            <div class=\"mg-content-top\">\n\n                <h5>Software y servicios<\/h5>\n                                    <p>Infraestructura en la nube y servicios de se\u00f1alizaci\u00f3n digital seguros y escalables, que facilitan la supervisi\u00f3n de reproductores, la creaci\u00f3n de presentaciones, la gesti\u00f3n de contenidos y el control de redes multidispositivo de forma remota.<\/p>\n                                \n\n            <\/div><!-- mg-content-top -->\n\n            <\/div><!-- mg-item-content -->\n\n            <ul class=\"mg-cta-list small-buttons\">\n\n                \n                <li>\n                    <a href=\"https:\/\/www.brightsign.biz\/es\/jugadores-brillantes\/software\/\" target=\"_self\">Personalice su BrightSign<i class=\"fa-solid fa-chevron-right\"><\/i><\/a>\n                <\/li>\n\n                                \n                \n            <\/ul>\n\n    \n    <\/div><!-- mg-cell-inner -->\n\n<\/div><!-- mg-cell -->\n\n\n<div class=\"mg-cell cell small-12 medium-4\">\n\n    <div class=\"mg-cell-inner item-parent\">\n\n    <div class=\"mg-item-content remove-overlay default-htags default-lists\">\n\n        \n            <div class=\"mg-item-image\">\n\n                <img decoding=\"async\" src=\"https:\/\/www.brightsign.biz\/wp-content\/uploads\/2023\/05\/ConsultantCard-e1713282688603-900x495.jpg\" alt=\"BrightSign los miembros del equipo se consultan entre s\u00ed\" \/>\n           \n\n                            <\/div>\n        \n        \n\n            <div class=\"mg-content-top\">\n\n                <h5>Ayuda<\/h5>\n                                    <p>Garantizamos el cumplimiento de los objetivos y la superaci\u00f3n de los retos, desde consultas preventa y programas de formaci\u00f3n hasta amplios recursos en l\u00ednea y asistencia directa.<\/p>\n                                \n\n            <\/div><!-- mg-content-top -->\n\n            <\/div><!-- mg-item-content -->\n\n            <ul class=\"mg-cta-list small-buttons\">\n\n                \n                <li>\n                    <a href=\"https:\/\/www.brightsign.biz\/es\/recursos\/\" target=\"_self\">Recursos para el \u00e9xito<i class=\"fa-solid fa-chevron-right\"><\/i><\/a>\n                <\/li>\n\n                                \n                \n            <\/ul>\n\n    \n    <\/div><!-- mg-cell-inner -->\n\n<\/div><!-- mg-cell -->\n\n\n<\/div><!-- grid-x -->\n\n\n<\/div><!-- block-inner -->  \n\n<\/section><!-- ### -->\n\n\n\n\n\n\n\n<section id=\"cta-list-block_49a1b08d39bcc0994c05d91643c00fac\" class=\"cta-list custom-block dark small-top medium-bottom\">\n\n\t<div class=\"block-inner medium grid-x\">\n\n\t\t\n\n\t\t \n\n\t\t\t<div class=\"cta-list-logo cell small-12 medium-auto\">  \n\t\t\t\t<div class=\"logo-container\">          \n\t\t\t\t<img decoding=\"async\" src=\"https:\/\/www.brightsign.biz\/wp-content\/uploads\/2024\/05\/questionicon.svg\" alt=\"\" \/>\n\t\t\t\t<\/div>\n\t\t\t<\/div>\n\n\t\t\n\t\t\n\t\t\t<div class=\"cta-list-intro cell small-12 medium-auto\">\n\t\t\t<h4>\u00bfNecesita ayuda?<\/h4>\n<p><span style=\"font-weight: 400\">Le ofrecemos una serie de recursos en l\u00ednea para que disponga de toda la informaci\u00f3n que necesita para sacar el m\u00e1ximo partido a su soluci\u00f3n de se\u00f1alizaci\u00f3n digital.\u00a0<\/span><\/p>\n\t\t\t\n\t\t\t\t\t\t\t<div class=\"basic-button blue\"><a href=\"https:\/\/www.brightsign.biz\/es\/recursos\/solicitar-asistencia\/\" target=\"_self\">Obtener asistencia<i class=\"fa-solid fa-chevron-right\"><\/i><\/a><\/div>\n\t\t\t\t\t\t<\/div>\n\t\t\n\t\t\n\n\t\t\n\n\t\t\t\t<div class=\"cta-list-ul cell small-12 medium-auto\">\n\t\t<ul>\n\t\t\t\t<li>\n\t\t<a href=\"https:\/\/docs.brightsign.biz\/faqs\" target=\"_blank\">Preguntas frecuentes<i class=\"fa-solid fa-chevron-right\"><\/i><\/a>\n\t\t<\/li>\n\n\t\t\t\t<li>\n\t\t<a href=\"https:\/\/docs.brightsign.biz\/quickstarts\" target=\"_blank\">Gu\u00eda de acceso r\u00e1pido<i class=\"fa-solid fa-chevron-right\"><\/i><\/a>\n\t\t<\/li>\n\n\t\t\t\t<li>\n\t\t<a href=\"https:\/\/docs.brightsign.biz\" target=\"_blank\">Ver documentaci\u00f3n t\u00e9cnica<i class=\"fa-solid fa-chevron-right\"><\/i><\/a>\n\t\t<\/li>\n\n\t\t\t\t<li>\n\t\t<a href=\"https:\/\/docs.brightsign.biz\/how-tos\/video-guides\" target=\"_blank\">Ver tutoriales en v\u00eddeo<i class=\"fa-solid fa-chevron-right\"><\/i><\/a>\n\t\t<\/li>\n\n\t\t\t\t<\/ul>\n\t\t<\/div>\n\t\t\n\t<\/div><!-- block-inner -->\n\n<\/section><!-- hero -->\n\n\n\n\n\n\n\n\n<section id=\"full-width-feature-block_e7d384b00878a3c9a9d7ef8f1d42a83e\" class=\"full-width-feature custom-block\">\n\n\n<div class=\"bg-video\">\n    <iframe src=\"https:\/\/player.vimeo.com\/video\/799920596?autoplay=1&#038;muted=1&#038;controls=0\" allowfullscreen allowtransparency allow=\"autoplay\"><\/iframe>\n<\/div>\n\n\n<div class=\"hero-gradient\"><\/div>\n\n<div class=\"block-inner grid-x\">\n\n<div class=\"block-inner-content default-checks cell small-12 medium-12 large-6\">\n\n    <h2><strong>\u00a1A jugar!<\/strong><\/h2>\n<p>Un centro de RV y deportes de \u00faltima generaci\u00f3n se asoci\u00f3 con BrightSign para crear la primera experiencia digital cin\u00e9tica del mundo. Descubre c\u00f3mo el ecosistema BrightSign hizo posible la creaci\u00f3n de este innovador proyecto.<\/p>\n\n\n<div class=\"basic-button blue\">\n<a href=\"https:\/\/www.brightsign.biz\/es\/acerca-de\/news-blog\/four-winds-interactive-utiliza-brightsign\/\" target=\"_self\">Estudio de caso: Pixoul Gaming<i class=\"fa-solid fa-chevron-right\"><\/i><\/a>\n<\/div><!-- basic-cta -->\n\n\n\n<\/div><!-- block-inner-content -->\n\n<div class=\"cell small-12 medium-12 large-6\">\n<\/div><!-- cell -->\n\n<\/div><!-- block-inner -->\n\n<\/section>\n\n\n\n<section id=\"ticker-block_1553a2ffa80aafd6bd4c9c08c28bf4d6\" class=\"ticker custom-block white-bg dark medium-top medium-bottom\">\n\n            <h4>La confianza de los l\u00edderes del sector<\/h4>\n    \n    <div class=\"block-inner\">\n        <div class=\"swiper ticker-swiper\">\n            <div class=\"swiper-wrapper\">\n\n                                    \n                        <div class=\"swiper-slide\">\n                                                            <img decoding=\"async\" src=\"https:\/\/www.brightsign.biz\/wp-content\/uploads\/2024\/05\/PlugPowerGrayscale.svg\" alt=\"\" \/>\n                                                                                <\/div>\n\n                    \n                        <div class=\"swiper-slide\">\n                                                            <img decoding=\"async\" src=\"https:\/\/www.brightsign.biz\/wp-content\/uploads\/2024\/05\/GoPro_logo_light.svg\" alt=\"\" \/>\n                                                                                <\/div>\n\n                    \n                        <div class=\"swiper-slide\">\n                                                            <img decoding=\"async\" src=\"https:\/\/www.brightsign.biz\/wp-content\/uploads\/2024\/05\/lg.svg\" alt=\"\" \/>\n                                                                                <\/div>\n\n                    \n                        <div class=\"swiper-slide\">\n                                                            <img decoding=\"async\" src=\"https:\/\/www.brightsign.biz\/wp-content\/uploads\/2024\/05\/bestbuy.svg\" alt=\"\" \/>\n                                                                                <\/div>\n\n                    \n                        <div class=\"swiper-slide\">\n                                                            <img decoding=\"async\" src=\"https:\/\/www.brightsign.biz\/wp-content\/uploads\/2024\/05\/bose.svg\" alt=\"\" \/>\n                                                                                <\/div>\n\n                    \n                        <div class=\"swiper-slide\">\n                                                            <img decoding=\"async\" src=\"https:\/\/www.brightsign.biz\/wp-content\/uploads\/2024\/05\/PlugPowerGrayscale.svg\" alt=\"\" \/>\n                                                                                <\/div>\n\n                    \n                        <div class=\"swiper-slide\">\n                                                            <img decoding=\"async\" src=\"https:\/\/www.brightsign.biz\/wp-content\/uploads\/2024\/05\/GoPro_logo_light.svg\" alt=\"\" \/>\n                                                                                <\/div>\n\n                    \n                        <div class=\"swiper-slide\">\n                                                            <img decoding=\"async\" src=\"https:\/\/www.brightsign.biz\/wp-content\/uploads\/2024\/05\/lg.svg\" alt=\"\" \/>\n                                                                                <\/div>\n\n                    \n                        <div class=\"swiper-slide\">\n                                                            <img decoding=\"async\" src=\"https:\/\/www.brightsign.biz\/wp-content\/uploads\/2024\/05\/bestbuy.svg\" alt=\"\" \/>\n                                                                                <\/div>\n\n                    \n                        <div class=\"swiper-slide\">\n                                                            <img decoding=\"async\" src=\"https:\/\/www.brightsign.biz\/wp-content\/uploads\/2024\/05\/bose.svg\" alt=\"\" \/>\n                                                                                <\/div>\n\n                                    \n            <\/div><!-- swiper-wrapper -->\n        <\/div><!-- swiper -->\n    <\/div><!-- block-inner -->\n<\/section><!-- ticker -->","protected":false},"excerpt":{"rendered":"","protected":false},"author":11,"featured_media":0,"parent":0,"menu_order":10,"comment_status":"closed","ping_status":"closed","template":"","meta":{"_acf_changed":false,"_searchwp_excluded":"","footnotes":""},"class_list":["post-513","page","type-page","status-publish","hentry"],"acf":[],"_links":{"self":[{"href":"https:\/\/www.brightsign.biz\/es\/wp-json\/wp\/v2\/pages\/513","targetHints":{"allow":["GET"]}}],"collection":[{"href":"https:\/\/www.brightsign.biz\/es\/wp-json\/wp\/v2\/pages"}],"about":[{"href":"https:\/\/www.brightsign.biz\/es\/wp-json\/wp\/v2\/types\/page"}],"author":[{"embeddable":true,"href":"https:\/\/www.brightsign.biz\/es\/wp-json\/wp\/v2\/users\/11"}],"replies":[{"embeddable":true,"href":"https:\/\/www.brightsign.biz\/es\/wp-json\/wp\/v2\/comments?post=513"}],"version-history":[{"count":0,"href":"https:\/\/www.brightsign.biz\/es\/wp-json\/wp\/v2\/pages\/513\/revisions"}],"wp:attachment":[{"href":"https:\/\/www.brightsign.biz\/es\/wp-json\/wp\/v2\/media?parent=513"}],"curies":[{"name":"wp","href":"https:\/\/api.w.org\/{rel}","templated":true}]}}