{"id":544,"date":"2023-03-21T15:39:32","date_gmt":"2023-03-21T15:39:32","guid":{"rendered":"https:\/\/brightsign2425.wpenginepowered.com\/?page_id=544"},"modified":"2024-06-14T17:14:21","modified_gmt":"2024-06-14T21:14:21","slug":"soluciones","status":"publish","type":"page","link":"https:\/\/www.brightsign.biz\/es\/solutions\/","title":{"rendered":"Soluciones de se\u00f1alizaci\u00f3n digital"},"content":{"rendered":"<section\n  id=\"hero-block_b1137121821536f6535fb119ed258b12\"\n  class=\"hero custom-block\"\n  data-form-url=\"\"\n>\n  <!-- Backgrounds: cover full section, center position (extended via SCSS) -->\n        <div id=\"hero-desktop-background\" style=\"background-image: url('https:\/\/www.brightsign.biz\/wp-content\/uploads\/2023\/04\/Experiences_InteriorMain_NODIVIDER.jpg'); background-size: cover; background-position: center center; background-repeat: no-repeat;\"><\/div>\n        <div id=\"hero-mobile-background\" style=\"background-image: url('https:\/\/www.brightsign.biz\/wp-content\/uploads\/2023\/04\/Experiences_InteriorMain_NODIVIDER.jpg'); background-size: cover; background-position: center center; background-repeat: no-repeat;\"><\/div>\n  \n  <div class=\"hero-gradient\" aria-hidden=\"true\"><\/div>\n  <div class=\"block-inner medium\">\n    <div class=\"block-inner-content grid-x grid-margin-y\">\n\n      <!-- MOBILE-only layout -->\n      <div class=\"cell small-12 show-for-small-only\">\n        \n        \n        \n        \n        <ul class=\"custom-breadcrumb\"><li>Soluciones<\/li><\/ul><div class=\"mobile-content form-content\"><h1>Por necesidad empresarial<\/h1>\n<p class=\"translation-block\">\u00bfQu\u00e9 puede hacer<br> con BrightSign?<\/p>\n<\/div>      <\/div>\n      <!-- end MOBILE-only -->\n\n      <!-- DESKTOP text cell -->\n      <div class=\"cell small-12 medium-12 large-6 hide-for-small-only\">\n        \n        <ul class=\"custom-breadcrumb\"><li>Soluciones<\/li><\/ul><h1>Por necesidad empresarial<\/h1>\n<p class=\"translation-block\">\u00bfQu\u00e9 puede hacer<br> con BrightSign?<\/p>\n      <\/div>\n      <!-- end DESKTOP text cell -->\n\n      <!-- DESKTOP form\/video cell -->\n      <div class=\"cell small-12 medium-12 large-6 center-play hide-for-small-only\">\n        \n              <\/div>\n      <!-- end DESKTOP form\/video cell -->\n\n    <\/div><!-- .block-inner-content -->\n  <\/div><!-- .block-inner -->\n<\/section><!-- hero -->\n\n\n\n    <section id=\"full-width-text-block_dadc8b087b6c4383196fd1f6e6747f58\" class=\"full-width-text custom-block dark small-top medium-bottom brand-htags default-lists\">\n\n        <div class=\"block-inner medium\">\n\n        <h2 style=\"text-align: center\">Explorar soluciones<\/h2>\n<p style=\"text-align: center\">Descubra lo que puede crear con BrightSign.<\/p>\n\n        \n        <\/div><!-- block-inner -->  \n\n        \n    <\/section><!-- full-width-text -->  \n\n\n\n\n\n<section id=\"media-text-block_6ba905c841f6956055764732db913f7e\" class=\"media-text custom-block dark small-top medium-bottom\" >\n    <div class=\"dot-in\"><\/div><!-- dot-in -->\n    <div class=\"block-inner medium grid-x right\">\n    \n        <div class=\"cell small-12 medium-12 large-6 mediatext-content default-checks\">\n            <div aria-hidden=\"true\" class=\"blue-dot\"><\/div>\n                            <h4>Video Walls<\/h4>\n                                                    <p>Cree murales de v\u00eddeo din\u00e1micos con una sincronizaci\u00f3n perfecta.<\/p>\n<ul>\n<li>Crea impresionantes experiencias de videowall en 8K, HTML5 y gr\u00e1ficos en movimiento<\/li>\n<li>Sincronizaci\u00f3n precisa de fotogramas en todas las pantallas<\/li>\n<li>Personalice su contenido con configuraciones, relaciones de aspecto y dimensiones \u00fanicas<\/li>\n<li>Publicaci\u00f3n optimizada con las potentes herramientas del software BrightWall<\/li>\n<li>Atraiga a su p\u00fablico con integraciones interactivas t\u00e1ctiles, de iluminaci\u00f3n o de audio<\/li>\n<\/ul>\n                        \n                            <div class=\"basic-button blue\">\n                    <a href=\"https:\/\/www.brightsign.biz\/es\/experiences\/paredes-de-video\/\" target=\"_self\">\n                        Cree videowalls con BrightSign                    <\/a>\n                <\/div><!-- basic-cta -->\n                        \n                    <\/div><!-- mediatext-content -->\n        \n        <div class=\"cell small-12 medium-12 large-6 form-wrapper\">\n                            <!-- Normal form on all devices -->\n                                                    <div class=\"mediatext-image no-blue\">\n                        <img decoding=\"async\" src=\"https:\/\/www.brightsign.biz\/wp-content\/uploads\/2023\/05\/Vue_Experiences_VideoWall-e1683055772949-750x703.png\" alt=\"\" \/>\n                                            <\/div><!-- mediatext-image -->\n                                                            \n                    <\/div><!-- form-wrapper -->\n        \n    <\/div><!-- block-inner -->\n<\/section><!-- media-text -->\n\n\n\n\n\n<section id=\"media-text-block_934dafec0b7b9dc16cbbf1f4ec7e6b2b\" class=\"media-text custom-block dark small-top medium-bottom\" >\n    <div class=\"dot-in\"><\/div><!-- dot-in -->\n    <div class=\"block-inner medium grid-x left\">\n    \n        <div class=\"cell small-12 medium-12 large-6 mediatext-content default-checks\">\n            <div aria-hidden=\"true\" class=\"blue-dot\"><\/div>\n                            <h4>Experiencias multipantalla<\/h4>\n                                                    <p>Cree experiencias cautivadoras con un solo reproductor.<\/p>\n<ul>\n<li>Muestre v\u00eddeo y gr\u00e1ficos 4K nativos en varias pantallas<\/li>\n<li>Cree atractivas experiencias de v\u00eddeo multiformato, HTML5 y gr\u00e1ficos animados.<\/li>\n<li>Cree contenidos din\u00e1micos con dise\u00f1os multizona flexibles y audio sincronizado<\/li>\n<li>Rotaci\u00f3n fluida de video 4K con aceleraci\u00f3n de hardware<\/li>\n<li>Gestione toda la red de reproductores y pantallas desde una \u00fanica ubicaci\u00f3n<\/li>\n<\/ul>\n                        \n                            <div class=\"basic-button blue\">\n                    <a href=\"https:\/\/www.brightsign.biz\/es\/experiences\/multipantalla\/\" target=\"_self\">\n                        Cree experiencias multipantalla con BrightSign                    <\/a>\n                <\/div><!-- basic-cta -->\n                        \n                    <\/div><!-- mediatext-content -->\n        \n        <div class=\"cell small-12 medium-12 large-6 form-wrapper\">\n                            <!-- Normal form on all devices -->\n                                                    <div class=\"mediatext-image no-blue\">\n                        <img decoding=\"async\" src=\"https:\/\/www.brightsign.biz\/wp-content\/uploads\/2023\/04\/Samsung2700px-wShadow.png\" alt=\"\" \/>\n                                            <\/div><!-- mediatext-image -->\n                                                            \n                    <\/div><!-- form-wrapper -->\n        \n    <\/div><!-- block-inner -->\n<\/section><!-- media-text -->\n\n\n\n\n\n<section id=\"media-text-block_cb1b42e031d5fee314daa1f16062c029\" class=\"media-text custom-block dark small-top medium-bottom\" >\n    <div class=\"dot-in\"><\/div><!-- dot-in -->\n    <div class=\"block-inner medium grid-x right\">\n    \n        <div class=\"cell small-12 medium-12 large-6 mediatext-content default-checks\">\n            <div aria-hidden=\"true\" class=\"blue-dot\"><\/div>\n                            <h4>Demos Interactivas<\/h4>\n                                                    <p>Capte la atenci\u00f3n de su p\u00fablico con opciones t\u00e1ctiles.<\/p>\n<ul>\n<li>Ejecute gestos multit\u00e1ctiles con gran capacidad de respuesta y contenidos din\u00e1micos<\/li>\n<li>Cree experiencias ultra fluidas mediante v\u00eddeo, gr\u00e1ficos animados y HTML5<\/li>\n<li>Experiencias incre\u00edbles sin contacto gracias a sensores activados por movimiento<\/li>\n<li>Permite la selecci\u00f3n y reproducci\u00f3n de contenidos interactivos dirigidos por el usuario<\/li>\n<li>Integraci\u00f3n optimizada de esc\u00e1neres de c\u00f3digos de barras, RFID, GPIO, etc.<\/li>\n<\/ul>\n                        \n                            <div class=\"basic-button blue\">\n                    <a href=\"https:\/\/www.brightsign.biz\/es\/experiences\/demostraciones-interactivas\/\" target=\"_self\">\n                        Cree experiencias interactivas con BrightSign                    <\/a>\n                <\/div><!-- basic-cta -->\n                        \n                    <\/div><!-- mediatext-content -->\n        \n        <div class=\"cell small-12 medium-12 large-6 form-wrapper\">\n                            <!-- Normal form on all devices -->\n                                                    <div class=\"mediatext-image no-blue\">\n                        <img decoding=\"async\" src=\"https:\/\/www.brightsign.biz\/wp-content\/uploads\/2023\/04\/SamsClubATT-wShadow-750x746.png\" alt=\"\" \/>\n                                            <\/div><!-- mediatext-image -->\n                                                            \n                    <\/div><!-- form-wrapper -->\n        \n    <\/div><!-- block-inner -->\n<\/section><!-- media-text -->\n\n\n\n\n\n<section id=\"media-text-block_a78767994e255cca5c6941192745cd33\" class=\"media-text custom-block dark small-top medium-bottom\" >\n    <div class=\"dot-in\"><\/div><!-- dot-in -->\n    <div class=\"block-inner medium grid-x left\">\n    \n        <div class=\"cell small-12 medium-12 large-6 mediatext-content default-checks\">\n            <div aria-hidden=\"true\" class=\"blue-dot\"><\/div>\n                            <h4>Todo sobre la Se\u00f1alizaci\u00f3n Digital<\/h4>\n                                                    <p>Impulse experiencias personalizadas para su marca.<\/p>\n<ul>\n<li>Integraci\u00f3n de BrightSignOS en los reproductores m\u00e1s potentes de la historia<\/li>\n<li>Cree impresionantes pantallas con v\u00eddeo 8K, gr\u00e1ficos animados y HTML5<\/li>\n<li>Muestre fuentes din\u00e1micas en directo, MRSS, integraci\u00f3n con redes sociales, etc<\/li>\n<li>Integraci\u00f3n directa y gesti\u00f3n de contenidos con BrightAuthor:connected<\/li>\n<li>Implantaciones escalables con el mejor tiempo de actividad y seguridad de su categor\u00eda<\/li>\n<\/ul>\n                        \n                            <div class=\"basic-button blue\">\n                    <a href=\"https:\/\/www.brightsign.biz\/es\/experiences\/senalizacion-digital\/\" target=\"_self\">\n                        Crear se\u00f1alizaci\u00f3n digital con BrightSign                    <\/a>\n                <\/div><!-- basic-cta -->\n                        \n                    <\/div><!-- mediatext-content -->\n        \n        <div class=\"cell small-12 medium-12 large-6 form-wrapper\">\n                            <!-- Normal form on all devices -->\n                                                    <div class=\"mediatext-image no-blue\">\n                        <img decoding=\"async\" src=\"https:\/\/www.brightsign.biz\/wp-content\/uploads\/2024\/06\/solutions-digitalSignage-750x761.jpg\" alt=\"\" \/>\n                                            <\/div><!-- mediatext-image -->\n                                                            \n                    <\/div><!-- form-wrapper -->\n        \n    <\/div><!-- block-inner -->\n<\/section><!-- media-text -->\n\n\n\n\n\n<section id=\"media-text-block_3b966149e4227657bc01316a281b4360\" class=\"media-text custom-block dark small-top medium-bottom\" >\n    <div class=\"dot-in\"><\/div><!-- dot-in -->\n    <div class=\"block-inner medium grid-x right\">\n    \n        <div class=\"cell small-12 medium-12 large-6 mediatext-content default-checks\">\n            <div aria-hidden=\"true\" class=\"blue-dot\"><\/div>\n                            <h4>3D y experiencias inmersivas<\/h4>\n                                                    <div id=\"syn-text-column-4\" class=\"column column-text left lazy_anim slide_right in_view\">\n<div class=\"text-content\">\n<p>Cautive a su p\u00fablico con experiencias memorables.<\/p>\n<ul>\n<li>Cree experiencias 3D sin contacto con CSS, WebGL y JavaScript<\/li>\n<li>Ejecuta animaciones y gr\u00e1ficos fluidos con altas frecuencias de fotogramas<\/li>\n<li>Muestre asombrosos hologramas interactivos, mapas de proyecci\u00f3n y realidad aumentada<\/li>\n<li>Sumerja a su p\u00fablico en una realidad virtual y mixta ultrarrealista<\/li>\n<li>Despliegue se\u00f1alizaci\u00f3n con audio conectado, iluminaci\u00f3n, seguimiento del movimiento, etc.<\/li>\n<\/ul>\n<p>&nbsp;<\/p>\n<\/div>\n<\/div>\n<div id=\"syn-image-column-10\" class=\"column column-image bottom-right lazy_anim slide_left in_view\"><\/div>\n                        \n                            <div class=\"basic-button blue\">\n                    <a href=\"https:\/\/www.brightsign.biz\/es\/experiences\/inmersion-3d\/\" target=\"_self\">\n                        Cree experiencias 3D e inmersivas con BrightSign                    <\/a>\n                <\/div><!-- basic-cta -->\n                        \n                    <\/div><!-- mediatext-content -->\n        \n        <div class=\"cell small-12 medium-12 large-6 form-wrapper\">\n                            <!-- Normal form on all devices -->\n                                                    <div class=\"mediatext-image no-blue\">\n                        <img decoding=\"async\" src=\"https:\/\/www.brightsign.biz\/wp-content\/uploads\/2023\/02\/FunXtion_DemoImage_web-750x544.png\" alt=\"Dos personas haciendo ejercicio con las pantallas interactivas Funxtion de se\u00f1alizaci\u00f3n digital BrightSign\" \/>\n                                            <\/div><!-- mediatext-image -->\n                                                            \n                    <\/div><!-- form-wrapper -->\n        \n    <\/div><!-- block-inner -->\n<\/section><!-- media-text -->\n\n\n\n\n\n<section id=\"media-text-block_2cd25117912d7cd85cfe6b41e21a0cd1\" class=\"media-text custom-block dark small-top medium-bottom\" >\n    <div class=\"dot-in\"><\/div><!-- dot-in -->\n    <div class=\"block-inner medium grid-x left\">\n    \n        <div class=\"cell small-12 medium-12 large-6 mediatext-content default-checks\">\n            <div aria-hidden=\"true\" class=\"blue-dot\"><\/div>\n                            <h4>Experiencias Sonoras<\/h4>\n                                                    <p>Reproduzca audio cristalino.<\/p>\n<ul>\n<li>Ofrezca experiencias de audio impecables con Dolby Atmos<strong>\u00ae<\/strong>Dolby Audio<strong>\u2122<\/strong>y PCM<\/li>\n<li>Reproduce simult\u00e1neamente hasta tres archivos de audio en varias ubicaciones<\/li>\n<li>Controle la reproducci\u00f3n interactiva con iluminaci\u00f3n, se\u00f1alizaci\u00f3n y controles integrados<\/li>\n<li>Control simplificado del volumen y la entrada de la pantalla con comandos CEC<\/li>\n<li>Cree experiencias intuitivas con enrutamiento de audio sincronizado y control de zonas<\/li>\n<\/ul>\n                        \n                            <div class=\"basic-button blue\">\n                    <a href=\"https:\/\/www.brightsign.biz\/es\/experiences\/experiencias-de-audio\/\" target=\"_self\">\n                        Creaci\u00f3n de experiencias de audio con BrightSign                    <\/a>\n                <\/div><!-- basic-cta -->\n                        \n                    <\/div><!-- mediatext-content -->\n        \n        <div class=\"cell small-12 medium-12 large-6 form-wrapper\">\n                            <!-- Normal form on all devices -->\n                                                    <div class=\"mediatext-image no-blue\">\n                        <img decoding=\"async\" src=\"https:\/\/www.brightsign.biz\/wp-content\/uploads\/2023\/04\/InteractiveDemos-wShadow-750x750.png\" alt=\"\" \/>\n                                            <\/div><!-- mediatext-image -->\n                                                            \n                    <\/div><!-- form-wrapper -->\n        \n    <\/div><!-- block-inner -->\n<\/section><!-- media-text -->\n\n\n\n\n\n\n\n<section id=\"full-width-feature-block_ebb2b0831028e39a57de306c393a8358\" class=\"full-width-feature custom-block\">\n\n    <div class=\"fv-bg-image\" style=\"background-image: url('https:\/\/www.brightsign.biz\/wp-content\/uploads\/2023\/04\/Funxtion_Hero-1920x900.jpg')\"><\/div>\n\n<div class=\"hero-gradient\"><\/div>\n\n<div class=\"block-inner grid-x\">\n\n<div class=\"block-inner-content default-checks cell small-12 medium-12 large-6\">\n\n    <h2 class=\"translation-block\">\u00bfQu\u00e9 puede hacer<br> con BrightSign?<\/h2>\n<p>&nbsp;<\/p>\n<p>La tecnolog\u00eda BrightSign se encuentra en cientos de miles de lugares de todo el mundo. Ya sea en el centro comercial, en su restaurante favorito, en un acontecimiento deportivo o en su campus local, lo m\u00e1s probable es que BrightSign le haya cautivado.<\/p>\n\n\n<div class=\"basic-button blue\">\n<a href=\"https:\/\/www.brightsign.biz\/es\/markets\/\" target=\"_self\">Explorar soluciones por sectores<i class=\"fa-solid fa-chevron-right\"><\/i><\/a>\n<\/div><!-- basic-cta -->\n\n\n\n<\/div><!-- block-inner-content -->\n\n<div class=\"cell small-12 medium-12 large-6\">\n<\/div><!-- cell -->\n\n<\/div><!-- block-inner -->\n\n<\/section>\n\n\n\n<section id=\"ticker-block_107b4a72fdfed72a67f2ed417942555a\" class=\"ticker custom-block white-bg dark none-top none-bottom\">\n\n            <h4>Con la confianza de los l\u00edderes del sector<\/h4>\n    \n    <div class=\"block-inner\">\n        <div class=\"swiper ticker-swiper\">\n            <div class=\"swiper-wrapper\">\n\n                                    \n                        <div class=\"swiper-slide\">\n                                                            <img decoding=\"async\" src=\"https:\/\/www.brightsign.biz\/wp-content\/uploads\/2024\/05\/PlugPowerGrayscale.svg\" alt=\"\" \/>\n                                                                                <\/div>\n\n                    \n                        <div class=\"swiper-slide\">\n                                                            <img decoding=\"async\" src=\"https:\/\/www.brightsign.biz\/wp-content\/uploads\/2024\/05\/GoPro_logo_light.svg\" alt=\"\" \/>\n                                                                                <\/div>\n\n                    \n                        <div class=\"swiper-slide\">\n                                                            <img decoding=\"async\" src=\"https:\/\/www.brightsign.biz\/wp-content\/uploads\/2024\/05\/lg.svg\" alt=\"\" \/>\n                                                                                <\/div>\n\n                    \n                        <div class=\"swiper-slide\">\n                                                            <img decoding=\"async\" src=\"https:\/\/www.brightsign.biz\/wp-content\/uploads\/2024\/05\/bestbuy.svg\" alt=\"\" \/>\n                                                                                <\/div>\n\n                    \n                        <div class=\"swiper-slide\">\n                                                            <img decoding=\"async\" src=\"https:\/\/www.brightsign.biz\/wp-content\/uploads\/2024\/05\/bose.svg\" alt=\"\" \/>\n                                                                                <\/div>\n\n                                    \n            <\/div><!-- swiper-wrapper -->\n        <\/div><!-- swiper -->\n    <\/div><!-- block-inner -->\n<\/section><!-- ticker -->","protected":false},"excerpt":{"rendered":"","protected":false},"author":2,"featured_media":0,"parent":0,"menu_order":30,"comment_status":"closed","ping_status":"closed","template":"","meta":{"_acf_changed":false,"_searchwp_excluded":"","footnotes":""},"class_list":["post-544","page","type-page","status-publish","hentry"],"acf":[],"_links":{"self":[{"href":"https:\/\/www.brightsign.biz\/es\/wp-json\/wp\/v2\/pages\/544","targetHints":{"allow":["GET"]}}],"collection":[{"href":"https:\/\/www.brightsign.biz\/es\/wp-json\/wp\/v2\/pages"}],"about":[{"href":"https:\/\/www.brightsign.biz\/es\/wp-json\/wp\/v2\/types\/page"}],"author":[{"embeddable":true,"href":"https:\/\/www.brightsign.biz\/es\/wp-json\/wp\/v2\/users\/2"}],"replies":[{"embeddable":true,"href":"https:\/\/www.brightsign.biz\/es\/wp-json\/wp\/v2\/comments?post=544"}],"version-history":[{"count":0,"href":"https:\/\/www.brightsign.biz\/es\/wp-json\/wp\/v2\/pages\/544\/revisions"}],"wp:attachment":[{"href":"https:\/\/www.brightsign.biz\/es\/wp-json\/wp\/v2\/media?parent=544"}],"curies":[{"name":"wp","href":"https:\/\/api.w.org\/{rel}","templated":true}]}}