{"id":560,"date":"2023-03-21T16:09:41","date_gmt":"2023-03-21T16:09:41","guid":{"rendered":"https:\/\/brightsign2425.wpenginepowered.com\/?page_id=560"},"modified":"2026-04-08T15:19:24","modified_gmt":"2026-04-08T19:19:24","slug":"acerca-de","status":"publish","type":"page","link":"https:\/\/www.brightsign.biz\/es\/about\/","title":{"rendered":"Acerca de"},"content":{"rendered":"<section\n  id=\"hero-block_8e4a8cb510114a6810dbabbe3b8824e5\"\n  class=\"hero custom-block\"\n  data-form-url=\"\"\n>\n  <!-- Backgrounds: cover full section, center position (extended via SCSS) -->\n        <div id=\"hero-desktop-background\" style=\"background-image: url('https:\/\/www.brightsign.biz\/wp-content\/uploads\/2024\/06\/hero-about-v2-1920x900.png'); background-size: cover; background-position: center center; background-repeat: no-repeat;\"><\/div>\n        <div id=\"hero-mobile-background\" style=\"background-image: url('https:\/\/www.brightsign.biz\/wp-content\/uploads\/2024\/06\/hero-about-v2-1920x900.png'); background-size: cover; background-position: center center; background-repeat: no-repeat;\"><\/div>\n  \n  <div class=\"hero-gradient\" aria-hidden=\"true\"><\/div>\n  <div class=\"block-inner medium\">\n    <div class=\"block-inner-content grid-x grid-margin-y\">\n\n      <!-- MOBILE-only layout -->\n      <div class=\"cell small-12 show-for-small-only\">\n        \n        \n        \n        \n        <ul class=\"custom-breadcrumb\"><li>Empresa<\/li><\/ul><div class=\"mobile-content form-content\"><h1>Acerca de <strong>Bright<\/strong>Sign<\/h1>\n<p>L\u00edder en se\u00f1alizaci\u00f3n digital.<\/p>\n<\/div>      <\/div>\n      <!-- end MOBILE-only -->\n\n      <!-- DESKTOP text cell -->\n      <div class=\"cell small-12 medium-12 large-6 hide-for-small-only\">\n        \n        <ul class=\"custom-breadcrumb\"><li>Empresa<\/li><\/ul><h1>Acerca de <strong>Bright<\/strong>Sign<\/h1>\n<p>L\u00edder en se\u00f1alizaci\u00f3n digital.<\/p>\n      <\/div>\n      <!-- end DESKTOP text cell -->\n\n      <!-- DESKTOP form\/video cell -->\n      <div class=\"cell small-12 medium-12 large-6 center-play hide-for-small-only\">\n        \n              <\/div>\n      <!-- end DESKTOP form\/video cell -->\n\n    <\/div><!-- .block-inner-content -->\n  <\/div><!-- .block-inner -->\n<\/section><!-- hero -->\n\n\n\n    <section id=\"full-width-text-block_66bb4ce006aa14430e90836461eb1ef0\" class=\"full-width-text custom-block dark small-top small-bottom brand-htags default-lists\">\n\n        <div class=\"block-inner medium\">\n\n        <p><span style=\"font-weight: 400\">Desde nuestra fundaci\u00f3n a principios del 2000, BrightSign ha ayudado a muchas empresas a atraer, implicar y cautivar a su p\u00fablico de forma din\u00e1mica e impactante a trav\u00e9s de distintas soluciones de se\u00f1alizaci\u00f3n digital. Nuestro visionario fundador y CEO, Jeff Hastings, fue uno de los primeros defensores de la adopci\u00f3n de tecnolog\u00edas de contenidos de vanguardia, comprendiendo su potencial cuando se combinan con controles interactivos para crear experiencias inmersivas.<\/span><\/p>\n<p><span style=\"font-weight: 400\">Con sede en San Jos\u00e9, California, nuestra presencia se extiende por todo el mundo, con nuestra extensa red de socios BrightSign de m\u00e1s de 5.000 distribuidores e integradores autorizados en todo el mundo. En colaboraci\u00f3n con nuestros socios de m\u00e1s de 130 pa\u00edses, innovamos continuamente para mejorar la experiencia del cliente, aumentar la productividad y la seguridad, reducir los costes y generar ingresos para nuestros clientes.\u00a0<\/span><\/p>\n<p style=\"text-align: center\">\n\n        \n        <\/div><!-- block-inner -->  \n\n        \n    <\/section><!-- full-width-text -->  \n\n\n\n\n\n\n\n<section id=\"factoids-block_6b95a2540f143d56c16fda40d94bafe8\" class=\"factoids custom-block\">\n\n<div class=\"block-inner medium grid-x\">\n\n\n<div class=\"cell small-12 medium-12 large-3 factoid-intro show-for-large\">\n   <h3>BrightSign en cifras<\/h3>\n<\/div>\n\n\n<div class=\"cell small-12 medium-12 large-9\">\n<div class=\"grid-x grid-padding-x\">\n\n\n<div class=\"cell small-6 medium-6 factoid-intro hide-for-large\">\n   <h3>BrightSign en cifras<\/h3>\n<\/div>\n\n\n<div class=\"cell small-6 medium-6 large-4 factoid-item\">\n    <div class=\"logo-container\">\n\t    <img decoding=\"async\" src=\"https:\/\/www.brightsign.biz\/wp-content\/uploads\/2024\/05\/2m.svg\" alt=\"\" \/>\n    <\/div>\n   <h3>3M+<\/h3>\n   <p>BrightSigns vendidos<\/p>\n\n\n<\/div>\n\n<div class=\"cell small-6 medium-6 large-4 factoid-item\">\n    <div class=\"logo-container\">\n\t    <img decoding=\"async\" src=\"https:\/\/www.brightsign.biz\/wp-content\/uploads\/2024\/05\/star.svg\" alt=\"\" \/>\n    <\/div>\n   <h3>4.8\/5<\/h3>\n   <p>Valoraci\u00f3n de 2.127 clientes\/usuarios<\/p>\n\n\n<\/div>\n\n<div class=\"cell small-6 medium-6 large-4 factoid-item\">\n    <div class=\"logo-container\">\n\t    <img decoding=\"async\" src=\"https:\/\/www.brightsign.biz\/wp-content\/uploads\/2024\/05\/fistbump.svg\" alt=\"\" \/>\n    <\/div>\n   <h3>130+<\/h3>\n   <p>Total de pa\u00edses instalados<\/p>\n\n\n<\/div>\n\n<\/div>\n<\/div>\n\n<\/div><!-- block-inner -->\n\n<\/section><!-- hero -->\n\n\n\n\n\n\n\n<div class=\"pill-pad-wrap left\">\n\n    <section id=\"pill-image-text-block_4e9d045099cf2f74ea0bf3ddfa498877\" class=\"pill-image-text custom-block dark small-top small-bottom\">\n\n        <div class=\"dot-in\"><\/div><!-- dot-in -->\n\n        <div class=\"pill-image-layer grid-x left\">\n\n            <div class=\"cell small-12 medium-6\"><\/div>\n\n            <div class=\"cell small-12 medium-6 pill-bg\">\n\n                <div class=\"pill-bg-image\" style=\"background-image: url( https:\/\/www.brightsign.biz\/wp-content\/uploads\/2024\/05\/577645f928f6b280fdba149cff11bc34-1920x900.jpeg );\"><\/div>\n\n            <\/div><!-- pill-bg -->\n\n        <\/div><!-- pill-image-layer -->\n\n        <div class=\"block-inner medium grid-x left\">\n\n            <div class=\"cell small-12 medium-6 pill-content image-left\">\n\n                \n                    <div class=\"pill-title\">\n                        <h3>Conozca a nuestro equipo directivo<\/h3>\n                        <div aria-hidden=\"true\" class=\"blue-dot\"><\/div>\n                    <\/div>\n\n                \n                                    <p><span style=\"font-weight: 400\">Desde nuestra fundaci\u00f3n, el equipo directivo de BrightSign ha defendido y adoptado el potencial de las tecnolog\u00edas de contenidos de vanguardia. Su experiencia y conocimientos en el sector audiovisual profesional siguen poniendo el list\u00f3n muy alto, tanto hoy como en el futuro.<\/span><\/p>\n                \n                \n                <div class=\"basic-cta\">\n                <a href=\"https:\/\/www.brightsign.biz\/es\/acerca-de\/empresa\/liderazgo\/\" target=\"_self\">Conozca al equipo directivo de BrightSign<i class=\"fa-solid fa-chevron-right\"><\/i><\/a>\n                <\/div><!-- basic-cta -->\n\n                \n            <\/div><!-- pill-content -->\n\n        <\/div><!-- block-inner -->\n\n    <\/section><!-- pill-image-text -->\n\n<\/div><!--pill-pad-wrap -->\n\n\n\n\n\n\n<section id=\"full-width-cta-block_d94fff2c830766b0c70c7d2b23b46b27\" class=\"full-width-cta custom-block\">\n\n<div class=\"block-inner medium grid-x\">\n\n<div class=\"cell small-12 medium-8\">\n    <h3>\u00danete a nuestro equipo<\/h3>\n<p>En BrightSign, nos dedicamos a crear un equipo de primera clase y a fomentar una experiencia excepcional entre los empleados. Permitimos a nuestros empleados encontrar la pasi\u00f3n y el prop\u00f3sito en sus roles, aportando lo mejor de s\u00ed mismos a su trabajo. Haz crecer tu carrera en una empresa l\u00edder en tecnolog\u00eda que invierte en ti.<\/p>\n<\/div><!-- medium-8 -->\n\n<div class=\"cell small-12 medium-4 content-right\">\n    <div class=\"basic-button blue\"><a href=\"https:\/\/www.brightsign.biz\/es\/acerca-de\/carreras\/\" target=\"_self\">\u00danete al equipo BrightSign<i class=\"fa-solid fa-chevron-right\"><\/i><\/a><\/div>\n<\/div><!-- medium-4 -->\n\n<\/div><!-- block-inner -->\n\n<\/section><!-- hero -->\n\n\n\n\n\n<section id=\"posts-slider-block_e0fa3f20849c43f53beb2b6a4ad874af\" class=\"posts-slider custom-block dark medium-top medium-bottom\">\n\n<div class=\"block-inner medium\">\n\n<div class=\"posts-slider-intro\">\n\n   <h4 class=\"h4-alt\">Publicaciones destacadas<\/h4>\n    <div class=\"basic-cta\">\n        <a href=\"https:\/\/www.brightsign.biz\/es\/blog\/\" target=\"_self\">Ver todas las publicaciones<i class=\"fa-solid fa-chevron-right\"><\/i><\/a>\n    <\/div><!-- basic-cta -->\n\n<\/div><!-- post-slider-intro -->\n\n<div class=\"swiper post-swiper\">\n    <div class=\"swiper-wrapper\">\n\n        \n        <div class=\"swiper-slide\">\n\n            <div class=\"post-slide-image\">\n                                    <img decoding=\"async\" src=\"https:\/\/www.brightsign.biz\/wp-content\/uploads\/2025\/08\/ai-blog-ic25-1200x500-1-750x440.png\" alt=\"image for BrightSign Lleva la IA a la se\u00f1alizaci\u00f3n digital: Transforme sus pantallas\" \/>\n                            <\/div>\n\n            <div class=\"post-slide-content\">\n                <h6 class=\"big-h6\">BrightSign lleva la IA a la se\u00f1alizaci\u00f3n digital: Transforme sus pantallas<\/h6>\n                <p class=\"xx-small-p\">Descubra c\u00f3mo los reproductores de se\u00f1alizaci\u00f3n digital con IA de BrightSign convierten pantallas normales en herramientas empresariales inteligentes. Obtenga informaci\u00f3n en tiempo real, optimice el contenido y respete la privacidad...<\/p>\n\n                <a class=\"full-button activate-container\" aria-hidden=\"true\" href=\"https:\/\/www.brightsign.biz\/es\/blog\/brightsign-brings-ai-to-digital-signage\/\"><\/a>\n\n                <div class=\"basic-button short ultraviolet\">\n                    <a href=\"https:\/\/www.brightsign.biz\/es\/blog\/brightsign-brings-ai-to-digital-signage\/\">Leer<i class=\"fa-solid fa-chevron-right\"><\/i><\/a>\n                <\/div>\n            <\/div><!-- post-slide-content -->\n\n        <\/div><!-- swiper-slide -->\n\n        \n        <div class=\"swiper-slide\">\n\n            <div class=\"post-slide-image\">\n                                    <img decoding=\"async\" src=\"https:\/\/www.brightsign.biz\/wp-content\/uploads\/2025\/06\/IAB_DOOH_vs_pDOOH_blog_image-16-750x440.jpeg\" alt=\"imagen para estrategias de se\u00f1alizaci\u00f3n digital m\u00e1s inteligentes impulsadas por la publicidad program\u00e1tica\" \/>\n                            <\/div>\n\n            <div class=\"post-slide-content\">\n                <h6 class=\"big-h6\">Estrategias de carteler\u00eda digital m\u00e1s inteligentes impulsadas por la publicidad program\u00e1tica<\/h6>\n                <p class=\"xx-small-p\">Descubra c\u00f3mo la publicidad program\u00e1tica impulsa estrategias de se\u00f1alizaci\u00f3n digital m\u00e1s inteligentes con contenidos din\u00e1micos en tiempo real para...<\/p>\n\n                <a class=\"full-button activate-container\" aria-hidden=\"true\" href=\"https:\/\/www.brightsign.biz\/es\/blog\/smarter-digital-signage-strategies-powered-by-programmatic-advertising\/\"><\/a>\n\n                <div class=\"basic-button short ultraviolet\">\n                    <a href=\"https:\/\/www.brightsign.biz\/es\/blog\/smarter-digital-signage-strategies-powered-by-programmatic-advertising\/\">Leer<i class=\"fa-solid fa-chevron-right\"><\/i><\/a>\n                <\/div>\n            <\/div><!-- post-slide-content -->\n\n        <\/div><!-- swiper-slide -->\n\n        \n        <div class=\"swiper-slide\">\n\n            <div class=\"post-slide-image\">\n                                    <img decoding=\"async\" src=\"https:\/\/www.brightsign.biz\/wp-content\/uploads\/2025\/05\/transpo-blog-desktop-0515-750x440.jpg\" alt=\"imagen para desbloquear nuevos ingresos en lugares de tr\u00e1nsito muy frecuentados\" \/>\n                            <\/div>\n\n            <div class=\"post-slide-content\">\n                <h6 class=\"big-h6\">Obtenci\u00f3n de nuevos ingresos en lugares de tr\u00e1nsito muy frecuentados<\/h6>\n                <p class=\"xx-small-p\">Descubra c\u00f3mo la publicidad en el transporte p\u00fablico y la se\u00f1alizaci\u00f3n digital est\u00e1n transformando los centros de transporte de gran afluencia en entornos generadores de ingresos,...<\/p>\n\n                <a class=\"full-button activate-container\" aria-hidden=\"true\" href=\"https:\/\/www.brightsign.biz\/es\/blog\/unlocking-new-revenue-in-high-traffic-transit-locations\/\"><\/a>\n\n                <div class=\"basic-button short ultraviolet\">\n                    <a href=\"https:\/\/www.brightsign.biz\/es\/blog\/unlocking-new-revenue-in-high-traffic-transit-locations\/\">Leer<i class=\"fa-solid fa-chevron-right\"><\/i><\/a>\n                <\/div>\n            <\/div><!-- post-slide-content -->\n\n        <\/div><!-- swiper-slide -->\n\n        \n    <\/div><!-- swiper-wrapper -->\n\n    <div class=\"swiper-pagination-wrapper hide-for-large\">\n        <div class=\"swiper-pagination\"><\/div>\n    <\/div><!-- swiper-pagination-wrapper -->\n<\/div><!-- post-swiper -->\n\n<\/div><!-- block-inner -->\n\n<\/section><!-- hero -->\n\n\n\n\n\n\n\n<section id=\"full-width-cta-block_0863824827523194dd8b718d235542ee\" class=\"full-width-cta custom-block\">\n\n<div class=\"block-inner medium grid-x\">\n\n<div class=\"cell small-12 medium-8\">\n    <h4><b>Hablemos<\/b><\/h4>\n<p><span style=\"font-weight: 400\">\u00bfNo encuentra lo que busca? A nuestro equipo le apasiona encontrar la soluci\u00f3n de se\u00f1alizaci\u00f3n digital que se adapte a sus objetivos empresariales y a su presupuesto.\u00a0<\/span><\/p>\n<\/div><!-- medium-8 -->\n\n<div class=\"cell small-12 medium-4 content-right\">\n    <div class=\"basic-button blue\"><a href=\"https:\/\/www.brightsign.biz\/es\/contacto\/\" target=\"_self\">Hable con un experto<i class=\"fa-solid fa-chevron-right\"><\/i><\/a><\/div>\n<\/div><!-- medium-4 -->\n\n<\/div><!-- block-inner -->\n\n<\/section><!-- hero -->\n\n\n\n\n\n<section id=\"ticker-block_8b1edb718208cc235e0727b530afbc4c\" class=\"ticker custom-block white-bg\">\n\n            <h4>La confianza de los l\u00edderes del sector<\/h4>\n    \n    <div class=\"block-inner\">\n        <div class=\"swiper ticker-swiper\">\n            <div class=\"swiper-wrapper\">\n\n                                    \n                        <div class=\"swiper-slide\">\n                                                            <img decoding=\"async\" src=\"https:\/\/www.brightsign.biz\/wp-content\/uploads\/2024\/05\/PlugPowerGrayscale.svg\" alt=\"\" \/>\n                                                                                <\/div>\n\n                    \n                        <div class=\"swiper-slide\">\n                                                            <img decoding=\"async\" src=\"https:\/\/www.brightsign.biz\/wp-content\/uploads\/2024\/05\/GoPro_logo_light.svg\" alt=\"\" \/>\n                                                                                <\/div>\n\n                    \n                        <div class=\"swiper-slide\">\n                                                            <img decoding=\"async\" src=\"https:\/\/www.brightsign.biz\/wp-content\/uploads\/2024\/05\/lg.svg\" alt=\"\" \/>\n                                                                                <\/div>\n\n                    \n                        <div class=\"swiper-slide\">\n                                                            <img decoding=\"async\" src=\"https:\/\/www.brightsign.biz\/wp-content\/uploads\/2024\/05\/bestbuy.svg\" alt=\"\" \/>\n                                                                                <\/div>\n\n                    \n                        <div class=\"swiper-slide\">\n                                                            <img decoding=\"async\" src=\"https:\/\/www.brightsign.biz\/wp-content\/uploads\/2024\/05\/bose.svg\" alt=\"\" \/>\n                                                                                <\/div>\n\n                    \n                        <div class=\"swiper-slide\">\n                                                            <img decoding=\"async\" src=\"https:\/\/www.brightsign.biz\/wp-content\/uploads\/2024\/05\/PlugPowerGrayscale.svg\" alt=\"\" \/>\n                                                                                <\/div>\n\n                    \n                        <div class=\"swiper-slide\">\n                                                            <img decoding=\"async\" src=\"https:\/\/www.brightsign.biz\/wp-content\/uploads\/2024\/05\/GoPro_logo_light.svg\" alt=\"\" \/>\n                                                                                <\/div>\n\n                    \n                        <div class=\"swiper-slide\">\n                                                            <img decoding=\"async\" src=\"https:\/\/www.brightsign.biz\/wp-content\/uploads\/2024\/05\/lg.svg\" alt=\"\" \/>\n                                                                                <\/div>\n\n                    \n                        <div class=\"swiper-slide\">\n                                                            <img decoding=\"async\" src=\"https:\/\/www.brightsign.biz\/wp-content\/uploads\/2024\/05\/bestbuy.svg\" alt=\"\" \/>\n                                                                                <\/div>\n\n                    \n                        <div class=\"swiper-slide\">\n                                                            <img decoding=\"async\" src=\"https:\/\/www.brightsign.biz\/wp-content\/uploads\/2024\/05\/bose.svg\" alt=\"\" \/>\n                                                                                <\/div>\n\n                                    \n            <\/div><!-- swiper-wrapper -->\n        <\/div><!-- swiper -->\n    <\/div><!-- block-inner -->\n<\/section><!-- ticker -->","protected":false},"excerpt":{"rendered":"","protected":false},"author":2,"featured_media":0,"parent":0,"menu_order":70,"comment_status":"closed","ping_status":"closed","template":"","meta":{"_acf_changed":false,"_searchwp_excluded":"","footnotes":""},"class_list":["post-560","page","type-page","status-publish","hentry"],"acf":[],"_links":{"self":[{"href":"https:\/\/www.brightsign.biz\/es\/wp-json\/wp\/v2\/pages\/560","targetHints":{"allow":["GET"]}}],"collection":[{"href":"https:\/\/www.brightsign.biz\/es\/wp-json\/wp\/v2\/pages"}],"about":[{"href":"https:\/\/www.brightsign.biz\/es\/wp-json\/wp\/v2\/types\/page"}],"author":[{"embeddable":true,"href":"https:\/\/www.brightsign.biz\/es\/wp-json\/wp\/v2\/users\/2"}],"replies":[{"embeddable":true,"href":"https:\/\/www.brightsign.biz\/es\/wp-json\/wp\/v2\/comments?post=560"}],"version-history":[{"count":2,"href":"https:\/\/www.brightsign.biz\/es\/wp-json\/wp\/v2\/pages\/560\/revisions"}],"predecessor-version":[{"id":13493,"href":"https:\/\/www.brightsign.biz\/es\/wp-json\/wp\/v2\/pages\/560\/revisions\/13493"}],"wp:attachment":[{"href":"https:\/\/www.brightsign.biz\/es\/wp-json\/wp\/v2\/media?parent=560"}],"curies":[{"name":"wp","href":"https:\/\/api.w.org\/{rel}","templated":true}]}}