{"id":624,"date":"2023-03-27T15:51:43","date_gmt":"2023-03-27T15:51:43","guid":{"rendered":"https:\/\/brightsign2425.wpenginepowered.com\/?page_id=624"},"modified":"2025-11-10T19:17:46","modified_gmt":"2025-11-11T00:17:46","slug":"brightsign-os","status":"publish","type":"page","link":"https:\/\/www.brightsign.biz\/es\/brightsign-advantage\/brightsign-os\/","title":{"rendered":"BrightSignOS"},"content":{"rendered":"<section\n  id=\"hero-block_f73323b56d8c01bf4ccc71ef0f388237\"\n  class=\"hero custom-block\"\n  data-form-url=\"\"\n>\n  <!-- Backgrounds: cover full section, center position (extended via SCSS) -->\n        <div id=\"hero-desktop-background\" style=\"background-image: url('https:\/\/www.brightsign.biz\/wp-content\/uploads\/2024\/06\/hero-OS-v4.jpg'); background-size: cover; background-position: center center; background-repeat: no-repeat;\"><\/div>\n        <div id=\"hero-mobile-background\" style=\"background-image: url('https:\/\/www.brightsign.biz\/wp-content\/uploads\/2024\/06\/hero-OS-v4.jpg'); background-size: cover; background-position: center center; background-repeat: no-repeat;\"><\/div>\n  \n  <div class=\"hero-gradient\" aria-hidden=\"true\"><\/div>\n  <div class=\"block-inner medium\">\n    <div class=\"block-inner-content grid-x grid-margin-y\">\n\n      <!-- MOBILE-only layout -->\n      <div class=\"cell small-12 show-for-small-only\">\n        \n        \n        \n        \n        <ul class=\"custom-breadcrumb\"><li>Productos y software<\/li><\/ul><div class=\"mobile-content form-content\"><h1><strong>Bright<\/strong>SignOS<b>\u2122<\/b><\/h1>\n<p>A medida y de confianza<\/p>\n<\/div><div class=\"basic-button blue\"><a href=\"https:\/\/www.brightsign.biz\/es\/recursos\/descargas-de-software\/\" target=\"\">Descargar Software <i class=\"fa-solid fa-chevron-right\"><\/i><\/a><\/div>      <\/div>\n      <!-- end MOBILE-only -->\n\n      <!-- DESKTOP text cell -->\n      <div class=\"cell small-12 medium-12 large-6 hide-for-small-only\">\n        \n        <ul class=\"custom-breadcrumb\"><li>Productos y software<\/li><\/ul><h1><strong>Bright<\/strong>SignOS<b>\u2122<\/b><\/h1>\n<p>A medida y de confianza<\/p>\n<div class=\"basic-button blue\"><a href=\"https:\/\/www.brightsign.biz\/es\/recursos\/descargas-de-software\/\" target=\"\">Descargar Software <i class=\"fa-solid fa-chevron-right\"><\/i><\/a><\/div>      <\/div>\n      <!-- end DESKTOP text cell -->\n\n      <!-- DESKTOP form\/video cell -->\n      <div class=\"cell small-12 medium-12 large-6 center-play hide-for-small-only\">\n        \n              <\/div>\n      <!-- end DESKTOP form\/video cell -->\n\n    <\/div><!-- .block-inner-content -->\n  <\/div><!-- .block-inner -->\n<\/section><!-- hero -->\n\n\n\n    <section id=\"full-width-text-block_de796164b36ce6f004449008195f6bd4\" class=\"full-width-text custom-block dark small-top medium-bottom brand-htags default-lists\">\n\n        <div class=\"block-inner medium\">\n\n        <h2 style=\"text-align: center\">Rendimiento a medida<\/h2>\n<p style=\"text-align: center\">BrightSignOS es un sistema operativo especializado y de confianza que alimenta todos los reproductores BrightSign y los conecta a la perfecci\u00f3n con los servicios BSN.Cloud y las soluciones de socios. Especialmente dise\u00f1ado y optimizado para la se\u00f1alizaci\u00f3n digital, es la piedra angular de la legendaria fiabilidad, seguridad, rendimiento y sostenibilidad de BrightSign. <\/p>\n\n        \n        <\/div><!-- block-inner -->  \n\n        \n    <\/section><!-- full-width-text -->  \n\n\n\n\n\n\n\n<section id=\"media-grid-block_01efdf15dac311c08440a32c5fbee27d\" class=\"media-grid custom-block dark none-top none-bottom\">\n\n<div class=\"block-inner medium\">\n\n<div class=\"full-width-text default-htags\">\n\n\n<\/div>\n\n\n<div class=\"grid-x\">\n\n\n<div class=\"mg-cell cell small-12 medium-6\">\n\n    <div class=\"mg-cell-inner item-parent\">\n\n    <div class=\"mg-item-content remove-overlay default-htags default-lists\">\n\n        \n            <div class=\"mg-item-image\">\n\n                <img decoding=\"async\" src=\"https:\/\/www.brightsign.biz\/wp-content\/uploads\/2024\/06\/secure.png\" alt=\"\" \/>\n           \n\n                            <\/div>\n        \n        \n\n            <div class=\"mg-content-top\">\n\n                \n                                    <h4>Seguro<\/h4>\n<p>Dise\u00f1ado para reducir en gran medida los riesgos y ser configurable para cualquier perfil de seguridad.<\/p>\n<ul>\n<li>Sistema operativo excepcionalmente protegido con una firma digital segura<\/li>\n<li>Ejecuta una aplicaci\u00f3n de se\u00f1alizaci\u00f3n singular para protegerte contra los virus<\/li>\n<li>Configurable a cualquier tipo de perfil de seguridad<\/li>\n<li>La seguridad se extiende a las soluciones CMS integradas<\/li>\n<\/ul>\n                                \n\n            <\/div><!-- mg-content-top -->\n\n            <\/div><!-- mg-item-content -->\n\n            <ul class=\"mg-cta-list small-buttons\">\n\n                                \n                \n            <\/ul>\n\n    \n    <\/div><!-- mg-cell-inner -->\n\n<\/div><!-- mg-cell -->\n\n\n<div class=\"mg-cell cell small-12 medium-6\">\n\n    <div class=\"mg-cell-inner item-parent\">\n\n    <div class=\"mg-item-content remove-overlay default-htags default-lists\">\n\n        \n            <div class=\"mg-item-image\">\n\n                <img decoding=\"async\" src=\"https:\/\/www.brightsign.biz\/wp-content\/uploads\/2024\/06\/reliable.png\" alt=\"\" \/>\n           \n\n                            <\/div>\n        \n        \n\n            <div class=\"mg-content-top\">\n\n                \n                                    <h4>Fiable<\/h4>\n<p>Reproducci\u00f3n con autorreparaci\u00f3n y gesti\u00f3n remota para tiempos de actividad inigualables<\/p>\n<ul>\n<li>Protocolos persistentes de autorreparaci\u00f3n para tiempos de actividad inigualables<\/li>\n<li>Gesti\u00f3n y supervisi\u00f3n remotas y seguras del reproductor<\/li>\n<li>Diagn\u00f3sticos y controles remotos para reducir las costosas visitas in situ<\/li>\n<li>Almacenamiento extra\u00edble que evita situaciones de rotura\/sustituci\u00f3n<\/li>\n<\/ul>\n                                \n\n            <\/div><!-- mg-content-top -->\n\n            <\/div><!-- mg-item-content -->\n\n            <ul class=\"mg-cta-list small-buttons\">\n\n                                \n                \n            <\/ul>\n\n    \n    <\/div><!-- mg-cell-inner -->\n\n<\/div><!-- mg-cell -->\n\n\n<div class=\"mg-cell cell small-12 medium-6\">\n\n    <div class=\"mg-cell-inner item-parent\">\n\n    <div class=\"mg-item-content remove-overlay default-htags default-lists\">\n\n        \n            <div class=\"mg-item-image\">\n\n                <img decoding=\"async\" src=\"https:\/\/www.brightsign.biz\/wp-content\/uploads\/2024\/06\/superior.png\" alt=\"\" \/>\n           \n\n                            <\/div>\n        \n        \n\n            <div class=\"mg-content-top\">\n\n                \n                                    <h4>Superior<\/h4>\n<p>Rendimiento, funciones y extensiones dise\u00f1adas espec\u00edficamente para la se\u00f1alizaci\u00f3n digital<\/p>\n<ul>\n<li>Optimizado para ejecutar v\u00eddeo y gr\u00e1ficos animados de \u00faltima generaci\u00f3n<\/li>\n<li>Abundantes funciones de rotulaci\u00f3n disponibles con software de autor gratuito<\/li>\n<li>Integrado con cientos de <a href=\"https:\/\/www.brightsign.biz\/es\/socios\/\">Soluciones CMS<\/a><\/li>\n<li>Gran capacidad de ampliaci\u00f3n para ejecutar de forma segura tecnolog\u00edas de se\u00f1alizaci\u00f3n especializadas<\/li>\n<\/ul>\n                                \n\n            <\/div><!-- mg-content-top -->\n\n            <\/div><!-- mg-item-content -->\n\n            <ul class=\"mg-cta-list small-buttons\">\n\n                                \n                \n            <\/ul>\n\n    \n    <\/div><!-- mg-cell-inner -->\n\n<\/div><!-- mg-cell -->\n\n\n<div class=\"mg-cell cell small-12 medium-6\">\n\n    <div class=\"mg-cell-inner item-parent\">\n\n    <div class=\"mg-item-content remove-overlay default-htags default-lists\">\n\n        \n            <div class=\"mg-item-image\">\n\n                <img decoding=\"async\" src=\"https:\/\/www.brightsign.biz\/wp-content\/uploads\/2024\/06\/sustainable.png\" alt=\"\" \/>\n           \n\n                            <\/div>\n        \n        \n\n            <div class=\"mg-content-top\">\n\n                \n                                    <h4>Sostenible<\/h4>\n<p>Funciona y escala con actualizaciones gratuitas para una longevidad inigualable del reproductor<\/p>\n<ul>\n<li>Bajo consumo y alto rendimiento<\/li>\n<li>Ciclo de vida garantizado para una longevidad sin precedentes<\/li>\n<li>Actualizaciones gratuitas aplicadas a petici\u00f3n y coherentes en todas las generaciones de hardware.<\/li>\n<li>Reaprovisionamiento remoto en cualquier momento para garantizar la flexibilidad<\/li>\n<\/ul>\n                                \n\n            <\/div><!-- mg-content-top -->\n\n            <\/div><!-- mg-item-content -->\n\n            <ul class=\"mg-cta-list small-buttons\">\n\n                                \n                \n            <\/ul>\n\n    \n    <\/div><!-- mg-cell-inner -->\n\n<\/div><!-- mg-cell -->\n\n\n<\/div><!-- grid-x -->\n\n\n<\/div><!-- block-inner -->  \n\n<\/section><!-- ### -->\n\n\n\n\n\n    <section id=\"full-width-text-block_d5af3e186291981b27185d67b73494f9\" class=\"full-width-text custom-block dark none-top none-bottom default-htags default-lists\">\n\n        <div class=\"block-inner medium\">\n\n        <p>&nbsp;<\/p>\n<p>&nbsp;<\/p>\n\n        \n        <\/div><!-- block-inner -->  \n\n        \n    <\/section><!-- full-width-text -->  \n\n\n\n\n\n\n\n<section id=\"full-width-feature-block_eb6a1c592957bab6464d43f0f368100f\" class=\"full-width-feature custom-block\">\n\n    <div class=\"fv-bg-image\" style=\"background-image: url('https:\/\/www.brightsign.biz\/wp-content\/uploads\/2024\/06\/player-parts.png')\"><\/div>\n\n<div class=\"hero-gradient\"><\/div>\n\n<div class=\"block-inner grid-x\">\n\n<div class=\"block-inner-content default-checks cell small-12 medium-12 large-6\">\n\n    <h2><\/h2>\n<ul>\n<li>Reduzca los riesgos casi a cero con un sistema de archivos de alta seguridad construido s\u00f3lo para ejecutar la se\u00f1alizaci\u00f3n, eliminando vulnerabilidades con medidas de seguridad configurables y sin rival.<\/li>\n<li>Disfrute de una fiabilidad legendaria, unos tiempos de actividad inigualables y un coste total de propiedad reducido gracias a las herramientas inteligentes de autorreparaci\u00f3n y a la supervisi\u00f3n remota que resuelve r\u00e1pidamente los problemas.<\/li>\n<li>Consiga un rendimiento superior de la se\u00f1alizaci\u00f3n con un procesamiento de contenidos a medida y un amplio conjunto de funciones, integraciones y extensiones de se\u00f1alizaci\u00f3n.<\/li>\n<li>Adel\u00e1ntese a las demandas del mercado con actualizaciones gratuitas garantizadas y consiga la sostenibilidad de los reproductores con una gesti\u00f3n eficiente de la energ\u00eda, ciclos de vida ampliados y reprovisionamiento flexible.<\/li>\n<\/ul>\n\n\n<div class=\"basic-button blue\">\n<a href=\"https:\/\/www.brightsign.biz\/es\/jugadores-brillantes\/software\/\" target=\"_self\">Explorar el software BrightSign<i class=\"fa-solid fa-chevron-right\"><\/i><\/a>\n<\/div><!-- basic-cta -->\n\n\n\n<\/div><!-- block-inner-content -->\n\n<div class=\"cell small-12 medium-12 large-6\">\n<\/div><!-- cell -->\n\n<\/div><!-- block-inner -->\n\n<\/section>\n\n\n\n    <section id=\"full-width-text-block_d5af3e186291981b27185d67b73494f9\" class=\"full-width-text custom-block dark none-top none-bottom default-htags default-lists\">\n\n        <div class=\"block-inner medium\">\n\n        <p>&nbsp;<\/p>\n<p>&nbsp;<\/p>\n\n        \n        <\/div><!-- block-inner -->  \n\n        \n    <\/section><!-- full-width-text -->  \n\n\n\n\n\n\n<section id=\"full-width-cta-block_f68ffe0e7deb0413d2dd74d6df693fa0\" class=\"full-width-cta custom-block\">\n\n<div class=\"block-inner medium grid-x\">\n\n<div class=\"cell small-12 medium-8\">\n    <h4><b>Hablemos<\/b><\/h4>\n<p><span style=\"font-weight: 400\">\u00bfNo encuentra lo que busca? A nuestro equipo le apasiona encontrar la soluci\u00f3n de se\u00f1alizaci\u00f3n digital que se adapte a sus objetivos empresariales y a su presupuesto.\u00a0<\/span><\/p>\n<\/div><!-- medium-8 -->\n\n<div class=\"cell small-12 medium-4 content-right\">\n    <div class=\"basic-button blue\"><a href=\"https:\/\/www.brightsign.biz\/es\/contacto\/\" target=\"_self\">HABLE CON UN EXPERTO<i class=\"fa-solid fa-chevron-right\"><\/i><\/a><\/div>\n<\/div><!-- medium-4 -->\n\n<\/div><!-- block-inner -->\n\n<\/section><!-- hero -->\n\n\n\n\n\n<section id=\"ticker-block_4833fad4d142ad0ee48f04b716929a28\" class=\"ticker custom-block white-bg dark medium-top medium-bottom\">\n\n            <h4>La confianza de los l\u00edderes del sector<\/h4>\n    \n    <div class=\"block-inner\">\n        <div class=\"swiper ticker-swiper\">\n            <div class=\"swiper-wrapper\">\n\n                                    \n                        <div class=\"swiper-slide\">\n                                                            <img decoding=\"async\" src=\"https:\/\/www.brightsign.biz\/wp-content\/uploads\/2024\/05\/PlugPowerGrayscale.svg\" alt=\"\" \/>\n                                                                                <\/div>\n\n                    \n                        <div class=\"swiper-slide\">\n                                                            <img decoding=\"async\" src=\"https:\/\/www.brightsign.biz\/wp-content\/uploads\/2024\/05\/GoPro_logo_light.svg\" alt=\"\" \/>\n                                                                                <\/div>\n\n                    \n                        <div class=\"swiper-slide\">\n                                                            <img decoding=\"async\" src=\"https:\/\/www.brightsign.biz\/wp-content\/uploads\/2024\/05\/lg.svg\" alt=\"\" \/>\n                                                                                <\/div>\n\n                    \n                        <div class=\"swiper-slide\">\n                                                            <img decoding=\"async\" src=\"https:\/\/www.brightsign.biz\/wp-content\/uploads\/2024\/05\/bestbuy.svg\" alt=\"\" \/>\n                                                                                <\/div>\n\n                    \n                        <div class=\"swiper-slide\">\n                                                            <img decoding=\"async\" src=\"https:\/\/www.brightsign.biz\/wp-content\/uploads\/2024\/05\/bose.svg\" alt=\"\" \/>\n                                                                                <\/div>\n\n                    \n                        <div class=\"swiper-slide\">\n                                                            <img decoding=\"async\" src=\"https:\/\/www.brightsign.biz\/wp-content\/uploads\/2024\/05\/PlugPowerGrayscale.svg\" alt=\"\" \/>\n                                                                                <\/div>\n\n                    \n                        <div class=\"swiper-slide\">\n                                                            <img decoding=\"async\" src=\"https:\/\/www.brightsign.biz\/wp-content\/uploads\/2024\/05\/GoPro_logo_light.svg\" alt=\"\" \/>\n                                                                                <\/div>\n\n                    \n                        <div class=\"swiper-slide\">\n                                                            <img decoding=\"async\" src=\"https:\/\/www.brightsign.biz\/wp-content\/uploads\/2024\/05\/lg.svg\" alt=\"\" \/>\n                                                                                <\/div>\n\n                    \n                        <div class=\"swiper-slide\">\n                                                            <img decoding=\"async\" src=\"https:\/\/www.brightsign.biz\/wp-content\/uploads\/2024\/05\/bestbuy.svg\" alt=\"\" \/>\n                                                                                <\/div>\n\n                    \n                        <div class=\"swiper-slide\">\n                                                            <img decoding=\"async\" src=\"https:\/\/www.brightsign.biz\/wp-content\/uploads\/2024\/05\/bose.svg\" alt=\"\" \/>\n                                                                                <\/div>\n\n                                    \n            <\/div><!-- swiper-wrapper -->\n        <\/div><!-- swiper -->\n    <\/div><!-- block-inner -->\n<\/section><!-- ticker -->","protected":false},"excerpt":{"rendered":"","protected":false},"author":2,"featured_media":0,"parent":513,"menu_order":20,"comment_status":"closed","ping_status":"closed","template":"","meta":{"_acf_changed":false,"_searchwp_excluded":"","footnotes":""},"class_list":["post-624","page","type-page","status-publish","hentry"],"acf":[],"_links":{"self":[{"href":"https:\/\/www.brightsign.biz\/es\/wp-json\/wp\/v2\/pages\/624","targetHints":{"allow":["GET"]}}],"collection":[{"href":"https:\/\/www.brightsign.biz\/es\/wp-json\/wp\/v2\/pages"}],"about":[{"href":"https:\/\/www.brightsign.biz\/es\/wp-json\/wp\/v2\/types\/page"}],"author":[{"embeddable":true,"href":"https:\/\/www.brightsign.biz\/es\/wp-json\/wp\/v2\/users\/2"}],"replies":[{"embeddable":true,"href":"https:\/\/www.brightsign.biz\/es\/wp-json\/wp\/v2\/comments?post=624"}],"version-history":[{"count":0,"href":"https:\/\/www.brightsign.biz\/es\/wp-json\/wp\/v2\/pages\/624\/revisions"}],"up":[{"embeddable":true,"href":"https:\/\/www.brightsign.biz\/es\/wp-json\/wp\/v2\/pages\/513"}],"wp:attachment":[{"href":"https:\/\/www.brightsign.biz\/es\/wp-json\/wp\/v2\/media?parent=624"}],"curies":[{"name":"wp","href":"https:\/\/api.w.org\/{rel}","templated":true}]}}