{"id":642,"date":"2023-03-27T16:04:55","date_gmt":"2023-03-27T16:04:55","guid":{"rendered":"https:\/\/brightsign2425.wpenginepowered.com\/?page_id=642"},"modified":"2025-11-10T19:17:10","modified_gmt":"2025-11-11T00:17:10","slug":"serie-4","status":"publish","type":"page","link":"https:\/\/www.brightsign.biz\/es\/brightsign-players\/series-4\/","title":{"rendered":"Serie 4"},"content":{"rendered":"<section\n  id=\"hero-block_dc92d28917d2a98dfa91ebd6288edf77\"\n  class=\"hero custom-block\"\n  data-form-url=\"\"\n>\n  <!-- Backgrounds: cover full section, center position (extended via SCSS) -->\n        <div id=\"hero-desktop-background\" style=\"background-image: url('https:\/\/www.brightsign.biz\/wp-content\/uploads\/2024\/06\/hero-xt4.png'); background-size: cover; background-position: center center; background-repeat: no-repeat;\"><\/div>\n        <div id=\"hero-mobile-background\" style=\"background-image: url('https:\/\/www.brightsign.biz\/wp-content\/uploads\/2024\/06\/hero-xt4.png'); background-size: cover; background-position: center center; background-repeat: no-repeat;\"><\/div>\n  \n  <div class=\"hero-gradient\" aria-hidden=\"true\"><\/div>\n  <div class=\"block-inner medium\">\n    <div class=\"block-inner-content grid-x grid-margin-y\">\n\n      <!-- MOBILE-only layout -->\n      <div class=\"cell small-12 show-for-small-only\">\n        \n                  <div class=\"hero-form-embed\"><p><br data-mce-bogus=\"1\"><\/p>\n<\/div>\n        \n        \n        \n        <ul class=\"custom-breadcrumb\"><li>Productos y software<\/li><\/ul><div class=\"mobile-content form-content\"><h1>Serie <strong>4<\/strong><\/h1>\n<p>El est\u00e1ndar n\u00famero 1 en se\u00f1alizaci\u00f3n digital.<\/p>\n<\/div>      <\/div>\n      <!-- end MOBILE-only -->\n\n      <!-- DESKTOP text cell -->\n      <div class=\"cell small-12 medium-12 large-6 hide-for-small-only\">\n        \n        <ul class=\"custom-breadcrumb\"><li>Productos y software<\/li><\/ul><h1>Serie <strong>4<\/strong><\/h1>\n<p>El est\u00e1ndar n\u00famero 1 en se\u00f1alizaci\u00f3n digital.<\/p>\n      <\/div>\n      <!-- end DESKTOP text cell -->\n\n      <!-- DESKTOP form\/video cell -->\n      <div class=\"cell small-12 medium-12 large-6 center-play hide-for-small-only\">\n        \n                  <div class=\"hero-form-embed\"><p><br data-mce-bogus=\"1\"><\/p>\n<\/div>\n              <\/div>\n      <!-- end DESKTOP form\/video cell -->\n\n    <\/div><!-- .block-inner-content -->\n  <\/div><!-- .block-inner -->\n<\/section><!-- hero -->\n\n\n\n    <section id=\"full-width-text-block_6d5ef72478463786c0f411d816fe517f\" class=\"full-width-text custom-block dark small-top small-bottom brand-htags default-lists\">\n\n        <div class=\"block-inner medium\">\n\n        <h2 class=\"column-title\" style=\"text-align: center\">BrightSign Serie 4<\/h2>\n<div class=\"text-content\" style=\"text-align: center\">\n<p>A partir del 1 de marzo de 2025, el reproductor BrightSign XT1144 ha llegado al final de su producci\u00f3n. Aunque ya no venderemos este modelo, mantenemos nuestro compromiso de prestarle asistencia hasta el 1 de marzo de 2030. Si busca un producto similar al XT1144, le recomendamos el XT1145, que ofrece un IO comparable y un rendimiento mejorado.<\/p>\n<p>Adem\u00e1s, todos los reproductores BrightSign de la serie 5 y posteriores adquiridos despu\u00e9s del 1 de enero de 2025 vienen con un <a href=\"https:\/\/www.brightsign.biz\/es\/jugadores-brillantes\/garantia\/\">5 a\u00f1os de garant\u00eda<\/a>reforzando nuestro compromiso de ofrecer las soluciones de se\u00f1alizaci\u00f3n digital m\u00e1s fiables del sector.<\/div>\n\n        \n                        <ul class=\"small-buttons center\">\n                                    <li>\n                        <a href=\"https:\/\/www.brightsign.biz\/es\/jugadores-brillantes\/serie-5\/xt5\/\" target=\"_self\">M\u00c1S INFORMACI\u00d3N SOBRE EL XT5<\/a>\n                    <\/li>\n                            <\/ul>\n            \n        \n        <\/div><!-- block-inner -->  \n\n        \n    <\/section><!-- full-width-text -->  \n\n\n\n\n\n<section id=\"xt4\" class=\"media-text custom-block dark small-top small-bottom\" >\n    <div class=\"dot-in\"><\/div><!-- dot-in -->\n    <div class=\"block-inner medium grid-x left\">\n    \n        <div class=\"cell small-12 medium-12 large-6 mediatext-content default-checks\">\n            <div aria-hidden=\"true\" class=\"blue-dot\"><\/div>\n                            <h4>BrightSign XT4<\/h4>\n                                                    <p>Rendimiento empresarial premiado<\/p>\n<ul>\n<li>Ejecuta varios gr\u00e1ficos HTML5 simult\u00e1neamente<\/li>\n<li>Aplicaciones de pantalla t\u00e1ctil multigestual<\/li>\n<li>Ofrece potentes gr\u00e1ficos y v\u00eddeo 4K<\/li>\n<li>Amplia conectividad de E\/S<\/li>\n<li>Reproduce TV en directo desde cualquier canal<\/li>\n<\/ul>\n<p><a href=\"https:\/\/www.brightsign.biz\/wp-content\/uploads\/2023\/04\/XT4-datasheet.pdf\" target=\"_blank\">Ficha t\u00e9cnica de XT-4<\/a><\/p>\n                        \n                        \n                    <\/div><!-- mediatext-content -->\n        \n        <div class=\"cell small-12 medium-12 large-6 form-wrapper\">\n                            <!-- Normal form on all devices -->\n                                                    <div class=\"mediatext-image no-blue\">\n                        <img decoding=\"async\" src=\"https:\/\/www.brightsign.biz\/wp-content\/uploads\/2024\/05\/XT4_1144-750x440.webp\" alt=\"\" \/>\n                                            <\/div><!-- mediatext-image -->\n                                                            \n                    <\/div><!-- form-wrapper -->\n        \n    <\/div><!-- block-inner -->\n<\/section><!-- media-text -->\n\n\n\n\n\n<section id=\"media-text-block_15935d4f55a0f11c5d5601f4e8be3977\" class=\"media-text custom-block dark small-top small-bottom\" >\n    <div class=\"dot-in\"><\/div><!-- dot-in -->\n    <div class=\"block-inner medium grid-x right\">\n    \n        <div class=\"cell small-12 medium-12 large-6 mediatext-content default-checks\">\n            <div aria-hidden=\"true\" class=\"blue-dot\"><\/div>\n                            <h4>BrightSign XT4-T<\/h4>\n                                                    <p>Rendimiento insuperable para aplicaciones gubernamentales.<\/p>\n<ul>\n<li>Cumple la Ley de Acuerdos Comerciales (TAA)<\/li>\n<li>Ejecuta varios gr\u00e1ficos HTML5 simult\u00e1neamente<\/li>\n<li>Ejecuta dos v\u00eddeos 4K desde un solo reproductor<\/li>\n<li>Ultrarr\u00e1pido y fiable con red Gigabit y funciones PoE+<\/li>\n<li>Gesti\u00f3n remota de la seguridad y diagn\u00f3stico de los reproductores<\/li>\n<\/ul>\n<p><a href=\"https:\/\/www.brightsign.biz\/wp-content\/uploads\/2023\/04\/XT1144-t-datasheet.pdf\" target=\"_blank\">Ficha t\u00e9cnica de XT-4<\/a><\/p>\n                        \n                        \n                    <\/div><!-- mediatext-content -->\n        \n        <div class=\"cell small-12 medium-12 large-6 form-wrapper\">\n                            <!-- Normal form on all devices -->\n                                                    <div class=\"mediatext-image no-blue\">\n                        <img decoding=\"async\" src=\"https:\/\/www.brightsign.biz\/wp-content\/uploads\/2024\/05\/XT4.Content-750x440.webp\" alt=\"\" \/>\n                                            <\/div><!-- mediatext-image -->\n                                                            \n                    <\/div><!-- form-wrapper -->\n        \n    <\/div><!-- block-inner -->\n<\/section><!-- media-text -->\n\n\n\n\n\n\n<section id=\"full-width-cta-block_0f7b0ec0fe4d363acfc0caa024db1aa9\" class=\"full-width-cta custom-block\">\n\n<div class=\"block-inner medium grid-x\">\n\n<div class=\"cell small-12 medium-8\">\n    <h4><b>Hablemos<\/b><\/h4>\n<p><span style=\"font-weight: 400\">\u00bfNo encuentra lo que busca? A nuestro equipo le apasiona encontrar la soluci\u00f3n de se\u00f1alizaci\u00f3n digital que se adapte a sus objetivos empresariales y a su presupuesto.\u00a0<\/span><\/p>\n<\/div><!-- medium-8 -->\n\n<div class=\"cell small-12 medium-4 content-right\">\n    <div class=\"basic-button blue\"><a href=\"https:\/\/www.brightsign.biz\/es\/contacto\/\" target=\"_self\">HABLE CON UN EXPERTO<i class=\"fa-solid fa-chevron-right\"><\/i><\/a><\/div>\n<\/div><!-- medium-4 -->\n\n<\/div><!-- block-inner -->\n\n<\/section><!-- hero -->\n\n\n\n\n\n<section id=\"ticker-block_c21f0a40738022a2eea570465ce1e4b3\" class=\"ticker custom-block white-bg dark medium-top medium-bottom\">\n\n            <h4>La confianza de los l\u00edderes del sector<\/h4>\n    \n    <div class=\"block-inner\">\n        <div class=\"swiper ticker-swiper\">\n            <div class=\"swiper-wrapper\">\n\n                                    \n                        <div class=\"swiper-slide\">\n                                                            <img decoding=\"async\" src=\"https:\/\/www.brightsign.biz\/wp-content\/uploads\/2024\/05\/PlugPowerGrayscale.svg\" alt=\"\" \/>\n                                                                                <\/div>\n\n                    \n                        <div class=\"swiper-slide\">\n                                                            <img decoding=\"async\" src=\"https:\/\/www.brightsign.biz\/wp-content\/uploads\/2024\/05\/GoPro_logo_light.svg\" alt=\"\" \/>\n                                                                                <\/div>\n\n                    \n                        <div class=\"swiper-slide\">\n                                                            <img decoding=\"async\" src=\"https:\/\/www.brightsign.biz\/wp-content\/uploads\/2024\/05\/lg.svg\" alt=\"\" \/>\n                                                                                <\/div>\n\n                    \n                        <div class=\"swiper-slide\">\n                                                            <img decoding=\"async\" src=\"https:\/\/www.brightsign.biz\/wp-content\/uploads\/2024\/05\/bestbuy.svg\" alt=\"\" \/>\n                                                                                <\/div>\n\n                    \n                        <div class=\"swiper-slide\">\n                                                            <img decoding=\"async\" src=\"https:\/\/www.brightsign.biz\/wp-content\/uploads\/2024\/05\/bose.svg\" alt=\"\" \/>\n                                                                                <\/div>\n\n                    \n                        <div class=\"swiper-slide\">\n                                                            <img decoding=\"async\" src=\"https:\/\/www.brightsign.biz\/wp-content\/uploads\/2024\/05\/PlugPowerGrayscale.svg\" alt=\"\" \/>\n                                                                                <\/div>\n\n                    \n                        <div class=\"swiper-slide\">\n                                                            <img decoding=\"async\" src=\"https:\/\/www.brightsign.biz\/wp-content\/uploads\/2024\/05\/GoPro_logo_light.svg\" alt=\"\" \/>\n                                                                                <\/div>\n\n                    \n                        <div class=\"swiper-slide\">\n                                                            <img decoding=\"async\" src=\"https:\/\/www.brightsign.biz\/wp-content\/uploads\/2024\/05\/lg.svg\" alt=\"\" \/>\n                                                                                <\/div>\n\n                    \n                        <div class=\"swiper-slide\">\n                                                            <img decoding=\"async\" src=\"https:\/\/www.brightsign.biz\/wp-content\/uploads\/2024\/05\/bestbuy.svg\" alt=\"\" \/>\n                                                                                <\/div>\n\n                    \n                        <div class=\"swiper-slide\">\n                                                            <img decoding=\"async\" src=\"https:\/\/www.brightsign.biz\/wp-content\/uploads\/2024\/05\/bose.svg\" alt=\"\" \/>\n                                                                                <\/div>\n\n                                    \n            <\/div><!-- swiper-wrapper -->\n        <\/div><!-- swiper -->\n    <\/div><!-- block-inner -->\n<\/section><!-- ticker -->","protected":false},"excerpt":{"rendered":"","protected":false},"author":2,"featured_media":0,"parent":539,"menu_order":20,"comment_status":"closed","ping_status":"closed","template":"","meta":{"_acf_changed":false,"_searchwp_excluded":"","footnotes":""},"class_list":["post-642","page","type-page","status-publish","hentry"],"acf":[],"_links":{"self":[{"href":"https:\/\/www.brightsign.biz\/es\/wp-json\/wp\/v2\/pages\/642","targetHints":{"allow":["GET"]}}],"collection":[{"href":"https:\/\/www.brightsign.biz\/es\/wp-json\/wp\/v2\/pages"}],"about":[{"href":"https:\/\/www.brightsign.biz\/es\/wp-json\/wp\/v2\/types\/page"}],"author":[{"embeddable":true,"href":"https:\/\/www.brightsign.biz\/es\/wp-json\/wp\/v2\/users\/2"}],"replies":[{"embeddable":true,"href":"https:\/\/www.brightsign.biz\/es\/wp-json\/wp\/v2\/comments?post=642"}],"version-history":[{"count":0,"href":"https:\/\/www.brightsign.biz\/es\/wp-json\/wp\/v2\/pages\/642\/revisions"}],"up":[{"embeddable":true,"href":"https:\/\/www.brightsign.biz\/es\/wp-json\/wp\/v2\/pages\/539"}],"wp:attachment":[{"href":"https:\/\/www.brightsign.biz\/es\/wp-json\/wp\/v2\/media?parent=642"}],"curies":[{"name":"wp","href":"https:\/\/api.w.org\/{rel}","templated":true}]}}