{"id":666,"date":"2023-03-27T16:09:31","date_gmt":"2023-03-27T16:09:31","guid":{"rendered":"https:\/\/brightsign2425.wpenginepowered.com\/?page_id=666"},"modified":"2025-11-10T18:51:20","modified_gmt":"2025-11-10T23:51:20","slug":"senalizacion-digital","status":"publish","type":"page","link":"https:\/\/www.brightsign.biz\/es\/solutions\/digital-signage\/","title":{"rendered":"Todo sobre la Se\u00f1alizaci\u00f3n Digital"},"content":{"rendered":"<section\n  id=\"hero-block_980e17ef2f67dc346b7451b9ced3a08f\"\n  class=\"hero custom-block\"\n  data-form-url=\"\"\n>\n  <!-- Backgrounds: cover full section, center position (extended via SCSS) -->\n        <div id=\"hero-desktop-background\" style=\"background-image: url('https:\/\/www.brightsign.biz\/wp-content\/uploads\/2024\/06\/hero-signage.png'); background-size: cover; background-position: center center; background-repeat: no-repeat;\"><\/div>\n        <div id=\"hero-mobile-background\" style=\"background-image: url('https:\/\/www.brightsign.biz\/wp-content\/uploads\/2024\/06\/hero-signage.png'); background-size: cover; background-position: center center; background-repeat: no-repeat;\"><\/div>\n  \n  <div class=\"hero-gradient\" aria-hidden=\"true\"><\/div>\n  <div class=\"block-inner medium\">\n    <div class=\"block-inner-content grid-x grid-margin-y\">\n\n      <!-- MOBILE-only layout -->\n      <div class=\"cell small-12 show-for-small-only\">\n        \n        \n        \n        \n        <ul class=\"custom-breadcrumb\"><li><a href=\"https:\/\/www.brightsign.biz\/es\/soluciones\/\" target=\"_self\">Soluciones<\/a><\/li><\/ul><div class=\"mobile-content form-content\"><h1>Digital <strong>Signage<\/strong><\/h1>\n<p>Cree una se\u00f1alizaci\u00f3n digital cautivadora con BrightSign.<\/p>\n<\/div>      <\/div>\n      <!-- end MOBILE-only -->\n\n      <!-- DESKTOP text cell -->\n      <div class=\"cell small-12 medium-12 large-6 hide-for-small-only\">\n        \n        <ul class=\"custom-breadcrumb\"><li><a href=\"https:\/\/www.brightsign.biz\/es\/soluciones\/\" target=\"_self\">Soluciones<\/a><\/li><\/ul><h1>Digital <strong>Signage<\/strong><\/h1>\n<p>Cree una se\u00f1alizaci\u00f3n digital cautivadora con BrightSign.<\/p>\n      <\/div>\n      <!-- end DESKTOP text cell -->\n\n      <!-- DESKTOP form\/video cell -->\n      <div class=\"cell small-12 medium-12 large-6 center-play hide-for-small-only\">\n        \n              <\/div>\n      <!-- end DESKTOP form\/video cell -->\n\n    <\/div><!-- .block-inner-content -->\n  <\/div><!-- .block-inner -->\n<\/section><!-- hero -->\n\n\n\n\n<div class=\"pill-pad-wrap left\">\n\n    <section id=\"pill-image-text-block_2bca9798d485ad864a96f7d52e2dd551\" class=\"pill-image-text custom-block dark small-top small-bottom\">\n\n        <div class=\"dot-in\"><\/div><!-- dot-in -->\n\n        <div class=\"pill-image-layer grid-x left\">\n\n            <div class=\"cell small-12 medium-6\"><\/div>\n\n            <div class=\"cell small-12 medium-6 pill-bg\">\n\n                <div class=\"pill-bg-image\" style=\"background-image: url( https:\/\/www.brightsign.biz\/wp-content\/uploads\/2024\/06\/rockefeller-u-large-1920x900.jpg );\"><\/div>\n\n            <\/div><!-- pill-bg -->\n\n        <\/div><!-- pill-image-layer -->\n\n        <div class=\"block-inner medium grid-x left\">\n\n            <div class=\"cell small-12 medium-6 pill-content image-left\">\n\n                \n                    <div class=\"pill-title\">\n                        <h3>Todo sobre la Se\u00f1alizaci\u00f3n Digital<\/h3>\n                        <div aria-hidden=\"true\" class=\"blue-dot\"><\/div>\n                    <\/div>\n\n                \n                                    <p>Cautive a su p\u00fablico con una se\u00f1alizaci\u00f3n digital de gran impacto.<\/p>\n<ul>\n<li>Ofrezca actualizaciones, noticias y promociones en tiempo real para mantener el inter\u00e9s<\/li>\n<li>Mejore la orientaci\u00f3n con indicaciones y mapas claros y f\u00e1ciles de usar<\/li>\n<li>Fomente la participaci\u00f3n de los clientes mediante pantallas t\u00e1ctiles, c\u00f3digos QR y controles gestuales<\/li>\n<\/ul>\n                \n                \n            <\/div><!-- pill-content -->\n\n        <\/div><!-- block-inner -->\n\n    <\/section><!-- pill-image-text -->\n\n<\/div><!--pill-pad-wrap -->\n\n\n\n\n\n    <section id=\"full-width-text-block_b3508fe8cf652db26fd36f7c1d4f2d50\" class=\"full-width-text custom-block dark small-top small-bottom brand-htags default-lists\">\n\n        <div class=\"block-inner medium\">\n\n        <h2 style=\"text-align: center\">Soluciones de se\u00f1alizaci\u00f3n digital<\/h2>\n<p style=\"text-align: center\">carteles r\u00f3tulos digitales cautivadores con los reproductores multimedia BrightSign.<\/p>\n\n        \n        <\/div><!-- block-inner -->  \n\n        \n    <\/section><!-- full-width-text -->  \n\n\n\n\n\n\n\n<section id=\"media-grid-block_1dcbb48f54ae8382b49f92d8972d1f15\" class=\"media-grid custom-block dark small-top small-bottom\">\n\n<div class=\"block-inner medium\">\n\n<div class=\"full-width-text default-htags\">\n\n\n<\/div>\n\n\n<div class=\"grid-x\">\n\n\n<div class=\"mg-cell cell small-12 medium-4\">\n\n    <div class=\"mg-cell-inner item-parent\">\n\n    <div class=\"mg-item-content remove-overlay default-htags default-lists\">\n\n        \n            <div class=\"mg-item-image\">\n\n                <img decoding=\"async\" src=\"https:\/\/www.brightsign.biz\/wp-content\/uploads\/2023\/04\/DubaiWorldTradeCenter1-e1682459999569-900x495.jpg\" alt=\"\" \/>\n           \n\n                            <\/div>\n        \n        \n\n            <div class=\"mg-content-top\">\n\n                \n                                    <h4>Inspirar lealtad<\/h4>\n<p>Aproveche la se\u00f1alizaci\u00f3n digital para promocionar ofertas exclusivas, ventas flash y programas de fidelizaci\u00f3n para captar el inter\u00e9s de los clientes y aumentar los ingresos en la tienda y en l\u00ednea.<\/p>\n                                \n\n            <\/div><!-- mg-content-top -->\n\n            <\/div><!-- mg-item-content -->\n\n            <ul class=\"mg-cta-list small-buttons\">\n\n                                \n                \n            <\/ul>\n\n    \n    <\/div><!-- mg-cell-inner -->\n\n<\/div><!-- mg-cell -->\n\n\n<div class=\"mg-cell cell small-12 medium-4\">\n\n    <div class=\"mg-cell-inner item-parent\">\n\n    <div class=\"mg-item-content remove-overlay default-htags default-lists\">\n\n        \n            <div class=\"mg-item-image\">\n\n                <img decoding=\"async\" src=\"https:\/\/www.brightsign.biz\/wp-content\/uploads\/2023\/04\/Argo_Photo_Tower_01-brightsign-900x495.jpg\" alt=\"\" \/>\n           \n\n                            <\/div>\n        \n        \n\n            <div class=\"mg-content-top\">\n\n                \n                                    <h4>Aumentar las ventas<\/h4>\n<p>Muestre apetitosas im\u00e1genes de alimentos, actualizaciones de men\u00fas en directo y opiniones de clientes para atraer a los clientes y aumentar las ventas en general.<\/p>\n                                \n\n            <\/div><!-- mg-content-top -->\n\n            <\/div><!-- mg-item-content -->\n\n            <ul class=\"mg-cta-list small-buttons\">\n\n                                \n                \n            <\/ul>\n\n    \n    <\/div><!-- mg-cell-inner -->\n\n<\/div><!-- mg-cell -->\n\n\n<div class=\"mg-cell cell small-12 medium-4\">\n\n    <div class=\"mg-cell-inner item-parent\">\n\n    <div class=\"mg-item-content remove-overlay default-htags default-lists\">\n\n        \n            <div class=\"mg-item-image\">\n\n                <img decoding=\"async\" src=\"https:\/\/www.brightsign.biz\/wp-content\/uploads\/2024\/06\/create-excitement-cropped.jpg\" alt=\"\" \/>\n           \n\n                            <\/div>\n        \n        \n\n            <div class=\"mg-content-top\">\n\n                \n                                    <h4>Crear emoci\u00f3n<\/h4>\n<p>Muestre tr\u00e1ileres de pel\u00edculas, horarios y ofertas exclusivas para de concesiones para crear expectaci\u00f3n, mejorar la experiencia del cliente e impulsar las ventas de entradas y concesiones.<\/p>\n                                \n\n            <\/div><!-- mg-content-top -->\n\n            <\/div><!-- mg-item-content -->\n\n            <ul class=\"mg-cta-list small-buttons\">\n\n                                \n                \n            <\/ul>\n\n    \n    <\/div><!-- mg-cell-inner -->\n\n<\/div><!-- mg-cell -->\n\n\n<\/div><!-- grid-x -->\n\n\n<\/div><!-- block-inner -->  \n\n<\/section><!-- ### -->\n\n\n\n\n\n\n\n<section id=\"full-width-feature-block_1d8367a001a255da57e8fc386c66d5cf\" class=\"full-width-feature custom-block\">\n\n    <div class=\"fv-bg-image\" style=\"background-image: url('https:\/\/www.brightsign.biz\/wp-content\/uploads\/2023\/04\/LevisRetail_Hero-1920x900.jpg')\"><\/div>\n\n<div class=\"hero-gradient\"><\/div>\n\n<div class=\"block-inner grid-x\">\n\n<div class=\"block-inner-content default-checks cell small-12 medium-12 large-6\">\n\n    <h2>\"Fiabilidad inigualable\".<\/h2>\n<p>Las tiendas de Times Square se encuentran entre las de mayor visibilidad<br \/>\nestablecimientos del mundo. Ofrecer un servicio digital<br \/>\nera nuestro objetivo. Confiamos en los reproductores multimedia BrightSign<br \/>\npara ofrecer una plataforma de distribuci\u00f3n de medios a prueba de fallos. No s\u00f3lo<br \/>\nLas tiendas de Times Square se encuentran entre las las de mayor <br>visibilidad del mundo\nestablecimientos del mundo. Ofrecer un servicio digital<br>\nera nuestro objetivo. Confiamos en los reproductores multimedia BrightSign<br>\npara ofrecer una plataforma de distribuci\u00f3n de medios a prueba de fallos. No s\u00f3lo<br>\nnos beneficiamos de la fiabilidad inigualable de BrightSign, sino que fueron capaces<br>de generar contenidos para toda la tienda con s\u00f3lo dos reproductores<br \/>\nfueron capaces de generar contenidos para toda la tienda con s\u00f3lo dos reproductores<br \/>\n- un verdadero testimonio de las s\u00f3lidas capacidades del hardware BrightSign.<\/p>\n<p>Brandie Perkins<\/p>\n<p><strong>-Refleja<\/strong><\/p>\n\n\n\n<\/div><!-- block-inner-content -->\n\n<div class=\"cell small-12 medium-12 large-6\">\n<\/div><!-- cell -->\n\n<\/div><!-- block-inner -->\n\n<\/section>\n\n\n\n<section id=\"ticker-block_a446c2024b040a6fc59c7c967cf24196\" class=\"ticker custom-block white-bg dark medium-top medium-bottom\">\n\n            <h4>La confianza de los l\u00edderes del sector<\/h4>\n    \n    <div class=\"block-inner\">\n        <div class=\"swiper ticker-swiper\">\n            <div class=\"swiper-wrapper\">\n\n                                    \n                        <div class=\"swiper-slide\">\n                                                            <img decoding=\"async\" src=\"https:\/\/www.brightsign.biz\/wp-content\/uploads\/2024\/05\/PlugPowerGrayscale.svg\" alt=\"\" \/>\n                                                                                <\/div>\n\n                    \n                        <div class=\"swiper-slide\">\n                                                            <img decoding=\"async\" src=\"https:\/\/www.brightsign.biz\/wp-content\/uploads\/2024\/05\/GoPro_logo_light.svg\" alt=\"\" \/>\n                                                                                <\/div>\n\n                    \n                        <div class=\"swiper-slide\">\n                                                            <img decoding=\"async\" src=\"https:\/\/www.brightsign.biz\/wp-content\/uploads\/2024\/05\/lg.svg\" alt=\"\" \/>\n                                                                                <\/div>\n\n                    \n                        <div class=\"swiper-slide\">\n                                                            <img decoding=\"async\" src=\"https:\/\/www.brightsign.biz\/wp-content\/uploads\/2024\/05\/bestbuy.svg\" alt=\"\" \/>\n                                                                                <\/div>\n\n                    \n                        <div class=\"swiper-slide\">\n                                                            <img decoding=\"async\" src=\"https:\/\/www.brightsign.biz\/wp-content\/uploads\/2024\/05\/bose.svg\" alt=\"\" \/>\n                                                                                <\/div>\n\n                    \n                        <div class=\"swiper-slide\">\n                                                            <img decoding=\"async\" src=\"https:\/\/www.brightsign.biz\/wp-content\/uploads\/2024\/05\/PlugPowerGrayscale.svg\" alt=\"\" \/>\n                                                                                <\/div>\n\n                    \n                        <div class=\"swiper-slide\">\n                                                            <img decoding=\"async\" src=\"https:\/\/www.brightsign.biz\/wp-content\/uploads\/2024\/05\/GoPro_logo_light.svg\" alt=\"\" \/>\n                                                                                <\/div>\n\n                    \n                        <div class=\"swiper-slide\">\n                                                            <img decoding=\"async\" src=\"https:\/\/www.brightsign.biz\/wp-content\/uploads\/2024\/05\/lg.svg\" alt=\"\" \/>\n                                                                                <\/div>\n\n                    \n                        <div class=\"swiper-slide\">\n                                                            <img decoding=\"async\" src=\"https:\/\/www.brightsign.biz\/wp-content\/uploads\/2024\/05\/bestbuy.svg\" alt=\"\" \/>\n                                                                                <\/div>\n\n                    \n                        <div class=\"swiper-slide\">\n                                                            <img decoding=\"async\" src=\"https:\/\/www.brightsign.biz\/wp-content\/uploads\/2024\/05\/bose.svg\" alt=\"\" \/>\n                                                                                <\/div>\n\n                                    \n            <\/div><!-- swiper-wrapper -->\n        <\/div><!-- swiper -->\n    <\/div><!-- block-inner -->\n<\/section><!-- ticker -->","protected":false},"excerpt":{"rendered":"","protected":false},"author":2,"featured_media":11462,"parent":544,"menu_order":40,"comment_status":"closed","ping_status":"closed","template":"","meta":{"_acf_changed":false,"_searchwp_excluded":"","footnotes":""},"class_list":["post-666","page","type-page","status-publish","has-post-thumbnail","hentry"],"acf":[],"_links":{"self":[{"href":"https:\/\/www.brightsign.biz\/es\/wp-json\/wp\/v2\/pages\/666","targetHints":{"allow":["GET"]}}],"collection":[{"href":"https:\/\/www.brightsign.biz\/es\/wp-json\/wp\/v2\/pages"}],"about":[{"href":"https:\/\/www.brightsign.biz\/es\/wp-json\/wp\/v2\/types\/page"}],"author":[{"embeddable":true,"href":"https:\/\/www.brightsign.biz\/es\/wp-json\/wp\/v2\/users\/2"}],"replies":[{"embeddable":true,"href":"https:\/\/www.brightsign.biz\/es\/wp-json\/wp\/v2\/comments?post=666"}],"version-history":[{"count":0,"href":"https:\/\/www.brightsign.biz\/es\/wp-json\/wp\/v2\/pages\/666\/revisions"}],"up":[{"embeddable":true,"href":"https:\/\/www.brightsign.biz\/es\/wp-json\/wp\/v2\/pages\/544"}],"wp:featuredmedia":[{"embeddable":true,"href":"https:\/\/www.brightsign.biz\/es\/wp-json\/wp\/v2\/media\/11462"}],"wp:attachment":[{"href":"https:\/\/www.brightsign.biz\/es\/wp-json\/wp\/v2\/media?parent=666"}],"curies":[{"name":"wp","href":"https:\/\/api.w.org\/{rel}","templated":true}]}}