{"id":768,"date":"2023-03-27T16:42:38","date_gmt":"2023-03-27T20:42:38","guid":{"rendered":"https:\/\/brightsign2425.wpenginepowered.com\/?page_id=768"},"modified":"2025-02-19T09:58:14","modified_gmt":"2025-02-19T14:58:14","slug":"guia-de-inicio-rapido","status":"publish","type":"page","link":"https:\/\/www.brightsign.biz\/es\/resources\/quickstart-guide\/","title":{"rendered":"Gu\u00eda de Inicio R\u00e1pido"},"content":{"rendered":"<section\n  id=\"hero-block_06e84fa3f3d0b0bdd062f89b77496354\"\n  class=\"hero custom-block\"\n  data-form-url=\"\"\n>\n  <!-- Backgrounds: cover full section, center position (extended via SCSS) -->\n        <div id=\"hero-desktop-background\" style=\"background-image: url('https:\/\/www.brightsign.biz\/wp-content\/uploads\/2024\/06\/quick-start-hero-v3.png'); background-size: cover; background-position: center center; background-repeat: no-repeat;\"><\/div>\n        <div id=\"hero-mobile-background\" style=\"background-image: url('https:\/\/www.brightsign.biz\/wp-content\/uploads\/2024\/06\/quick-start-hero-v3.png'); background-size: cover; background-position: center center; background-repeat: no-repeat;\"><\/div>\n  \n  <div class=\"hero-gradient\" aria-hidden=\"true\"><\/div>\n  <div class=\"block-inner medium\">\n    <div class=\"block-inner-content grid-x grid-margin-y\">\n\n      <!-- MOBILE-only layout -->\n      <div class=\"cell small-12 show-for-small-only\">\n        \n        \n        \n        \n        <ul class=\"custom-breadcrumb\"><li>Centro de asistencia<\/li><\/ul><div class=\"mobile-content form-content\"><h1>Inicio r\u00e1pido <strong>Gu\u00eda<\/strong><\/h1>\n<p>Empezar con BrightSign.<\/p>\n<\/div>      <\/div>\n      <!-- end MOBILE-only -->\n\n      <!-- DESKTOP text cell -->\n      <div class=\"cell small-12 medium-12 large-6 hide-for-small-only\">\n        \n        <ul class=\"custom-breadcrumb\"><li>Centro de asistencia<\/li><\/ul><h1>Inicio r\u00e1pido <strong>Gu\u00eda<\/strong><\/h1>\n<p>Empezar con BrightSign.<\/p>\n      <\/div>\n      <!-- end DESKTOP text cell -->\n\n      <!-- DESKTOP form\/video cell -->\n      <div class=\"cell small-12 medium-12 large-6 center-play hide-for-small-only\">\n        \n              <\/div>\n      <!-- end DESKTOP form\/video cell -->\n\n    <\/div><!-- .block-inner-content -->\n  <\/div><!-- .block-inner -->\n<\/section><!-- hero -->\n\n\n\n    <section id=\"full-width-text-block_ea8be904e3ec914a9285d727ed6ab192\" class=\"full-width-text custom-block dark medium-top medium-bottom brand-htags default-lists\">\n\n        <div class=\"block-inner medium\">\n\n        <h2 class=\"column-title\" style=\"text-align: center\">Empezar con BrightSign<\/h2>\n<div class=\"text-content\" style=\"text-align: center\">Empezar a utilizar su reproductor BrightSign es tan f\u00e1cil como 1-2-3.<\/div>\n\n        \n        <\/div><!-- block-inner -->  \n\n        \n    <\/section><!-- full-width-text -->  \n\n\n\n\n\n\n\n<section id=\"setup\" class=\"simple-video custom-block\">\n\n<div class=\"block-inner medium\">\n\n\n<div class=\"vimeo-wrapper\">\n\n<div class=\"vimeo-thumb\" style=\"background-image: url( https:\/\/www.brightsign.biz\/wp-content\/uploads\/2024\/05\/intro-scaled-1-1440x800.jpg );\"><\/div>\n\n<div class=\"inline-video\" id=\"video-948903290\"><iframe src=\"\" frameborder=\"0\" allowfullscreen allowtransparency allow=\"autoplay\"><\/iframe><\/div>\n\n<button class=\"play-embed\" data-id=\"948903290\"><\/button>\n\n<\/div><!-- vimeo-wrapper -->\n\n\n    <h3>Configuraci\u00f3n del jugador<\/h3>\n<p>Una introducci\u00f3n a los conceptos b\u00e1sicos de configuraci\u00f3n de su reproductor BrightSign, los distintos m\u00e9todos de publicaci\u00f3n disponibles y c\u00f3mo <a href=\"http:\/\/bsn.cloud\">BSN.Cloud<\/a> funciona.<\/p>\n<\/div><!-- block-inner -->\n\n<\/section><!-- simple-video -->\n\n\n\n\n\n\n\n<section id=\"contentCloud\" class=\"media-grid custom-block dark large-top small-bottom\">\n\n<div class=\"block-inner medium\">\n\n<div class=\"full-width-text default-htags\">\n\n\n<\/div>\n\n\n<div class=\"grid-x\">\n\n\n<div class=\"mg-cell cell small-12 medium-6\">\n\n    <div class=\"mg-cell-inner item-parent\">\n\n    <div class=\"mg-item-content keep-overlay default-htags default-lists\">\n\n        \n            <div class=\"mg-item-image\">\n\n                <img decoding=\"async\" src=\"https:\/\/www.brightsign.biz\/wp-content\/uploads\/2024\/03\/th-contentCloud-900x495.png\" alt=\"\" \/>\n           \n\n                \n                <div class=\"mediagrid-modal reveal full\" id=\"video-927217914\" data-reveal data-close-on-click=\"true\">\n                <div class=\"mediagrid-modal-inner\">\n                <iframe src=\"\" frameborder=\"0\" allowfullscreen allowtransparency allow=\"autoplay\"><\/iframe>\n                <button class=\"close-button\" data-close aria-label=\"Cerrar modal\" type=\"button\"><i class=\"fa-sharp fa-regular fa-xmark\"><\/i><\/button>\n                <\/div>\n                <\/div>\n                <button class=\"play-modal\" data-id=\"927217914\" data-toggle=\"video-927217914\"><\/button>\n                                        <\/div>\n        \n        \n\n            <div class=\"mg-content-top\">\n\n                <h4>Configuraci\u00f3n de Content Cloud<\/h4>\n                                    <p>Utilice BSN.Cloud para aprovisionar (configurar) un reproductor para que utilice el Sistema de Gesti\u00f3n de Contenidos (CMS) de pago basado en la nube de BrightSign.<\/p>\n                                \n\n            <\/div><!-- mg-content-top -->\n\n            <\/div><!-- mg-item-content -->\n\n            <ul class=\"mg-cta-list small-buttons\">\n\n                                \n                \n            <\/ul>\n\n    \n    <\/div><!-- mg-cell-inner -->\n\n<\/div><!-- mg-cell -->\n\n\n<div class=\"mg-cell cell small-12 medium-6\">\n\n    <div class=\"mg-cell-inner item-parent\">\n\n    <div class=\"mg-item-content keep-overlay default-htags default-lists\">\n\n        \n            <div class=\"mg-item-image\">\n\n                <img decoding=\"async\" src=\"https:\/\/www.brightsign.biz\/wp-content\/uploads\/2024\/03\/th-CMS-900x495.png\" alt=\"\" \/>\n           \n\n                \n                <div class=\"mediagrid-modal reveal full\" id=\"video-927223617\" data-reveal data-close-on-click=\"true\">\n                <div class=\"mediagrid-modal-inner\">\n                <iframe src=\"\" frameborder=\"0\" allowfullscreen allowtransparency allow=\"autoplay\"><\/iframe>\n                <button class=\"close-button\" data-close aria-label=\"Cerrar modal\" type=\"button\"><i class=\"fa-sharp fa-regular fa-xmark\"><\/i><\/button>\n                <\/div>\n                <\/div>\n                <button class=\"play-modal\" data-id=\"927223617\" data-toggle=\"video-927223617\"><\/button>\n                                        <\/div>\n        \n        \n\n            <div class=\"mg-content-top\">\n\n                <h4>Configuraci\u00f3n de CMS Partner<\/h4>\n                                    <p>Utilice BSN.Cloud para aprovisionar (configurar) un reproductor para que utilice uno de nuestros muchos sistemas de gesti\u00f3n de contenidos. <a class=\"not-cta\" href=\"https:\/\/www.brightsign.biz\/es\/socios\/?tab=cms\" rel=\"noopener\">(CMS)\u00a0<\/a>.<\/p>\n                                \n\n            <\/div><!-- mg-content-top -->\n\n            <\/div><!-- mg-item-content -->\n\n            <ul class=\"mg-cta-list small-buttons\">\n\n                                \n                \n            <\/ul>\n\n    \n    <\/div><!-- mg-cell-inner -->\n\n<\/div><!-- mg-cell -->\n\n\n<\/div><!-- grid-x -->\n\n\n<\/div><!-- block-inner -->  \n\n<\/section><!-- ### -->\n\n\n\n\n\n\n\n<section id=\"lfn\" class=\"media-grid custom-block dark none-top none-bottom\">\n\n<div class=\"block-inner medium\">\n\n<div class=\"full-width-text default-htags\">\n\n\n<\/div>\n\n\n<div class=\"grid-x\">\n\n\n<div class=\"mg-cell cell small-12 medium-4\">\n\n    <div class=\"mg-cell-inner item-parent\">\n\n    <div class=\"mg-item-content keep-overlay default-htags default-lists\">\n\n        \n            <div class=\"mg-item-image\">\n\n                <img decoding=\"async\" src=\"https:\/\/www.brightsign.biz\/wp-content\/uploads\/2024\/03\/th-LFN-900x495.png\" alt=\"\" \/>\n           \n\n                \n                <div class=\"mediagrid-modal reveal full\" id=\"video-927219848\" data-reveal data-close-on-click=\"true\">\n                <div class=\"mediagrid-modal-inner\">\n                <iframe src=\"\" frameborder=\"0\" allowfullscreen allowtransparency allow=\"autoplay\"><\/iframe>\n                <button class=\"close-button\" data-close aria-label=\"Cerrar modal\" type=\"button\"><i class=\"fa-sharp fa-regular fa-xmark\"><\/i><\/button>\n                <\/div>\n                <\/div>\n                <button class=\"play-modal\" data-id=\"927219848\" data-toggle=\"video-927219848\"><\/button>\n                                        <\/div>\n        \n        \n\n            <div class=\"mg-content-top\">\n\n                \n                                    <h4>Configuraci\u00f3n de la red local<\/h4>\n<p class=\"column-title\">Utilice BSN.Cloud para aprovisionar (configurar) un reproductor para que utilice el modo de red local y <a class=\"not-cta\" href=\"https:\/\/www.brightsign.biz\/es\/recursos\/descargas-de-software\/\" rel=\"noopener\">BrightAuthor:connected<\/a>\u00a0para crear y publicar contenidos directamente en su reproductor a trav\u00e9s de una red de \u00e1rea local.<\/p>\n                                \n\n            <\/div><!-- mg-content-top -->\n\n            <\/div><!-- mg-item-content -->\n\n            <ul class=\"mg-cta-list small-buttons\">\n\n                                \n                \n            <\/ul>\n\n    \n    <\/div><!-- mg-cell-inner -->\n\n<\/div><!-- mg-cell -->\n\n\n<div class=\"mg-cell cell small-12 medium-4\">\n\n    <div class=\"mg-cell-inner item-parent\">\n\n    <div class=\"mg-item-content keep-overlay default-htags default-lists\">\n\n        \n            <div class=\"mg-item-image\">\n\n                <img decoding=\"async\" src=\"https:\/\/www.brightsign.biz\/wp-content\/uploads\/2024\/03\/th-standalone-900x495.png\" alt=\"\" \/>\n           \n\n                \n                <div class=\"mediagrid-modal reveal full\" id=\"video-928449808\" data-reveal data-close-on-click=\"true\">\n                <div class=\"mediagrid-modal-inner\">\n                <iframe src=\"\" frameborder=\"0\" allowfullscreen allowtransparency allow=\"autoplay\"><\/iframe>\n                <button class=\"close-button\" data-close aria-label=\"Cerrar modal\" type=\"button\"><i class=\"fa-sharp fa-regular fa-xmark\"><\/i><\/button>\n                <\/div>\n                <\/div>\n                <button class=\"play-modal\" data-id=\"928449808\" data-toggle=\"video-928449808\"><\/button>\n                                        <\/div>\n        \n        \n\n            <div class=\"mg-content-top\">\n\n                \n                                    <h4>Configuraci\u00f3n aut\u00f3noma<\/h4>\n<p class=\"column-title\">Crea un Setup y apl\u00edcalo a tu reproductor con una tarjeta MicroSD y utiliza\u00a0<a class=\"not-cta\" href=\"https:\/\/www.brightsign.biz\/es\/recursos\/descargas-de-software\/\" rel=\"noopener\">BrightAuthor:connected<\/a>\u00a0para crear y publicar contenidos en \u00e9l. No se necesita conexi\u00f3n a la red.<\/p>\n                                \n\n            <\/div><!-- mg-content-top -->\n\n            <\/div><!-- mg-item-content -->\n\n            <ul class=\"mg-cta-list small-buttons\">\n\n                                \n                \n            <\/ul>\n\n    \n    <\/div><!-- mg-cell-inner -->\n\n<\/div><!-- mg-cell -->\n\n\n<div class=\"mg-cell cell small-12 medium-4\">\n\n    <div class=\"mg-cell-inner item-parent\">\n\n    <div class=\"mg-item-content keep-overlay default-htags default-lists\">\n\n        \n            <div class=\"mg-item-image\">\n\n                <img decoding=\"async\" src=\"https:\/\/www.brightsign.biz\/wp-content\/uploads\/2024\/03\/th-webFolder-900x495.png\" alt=\"\" \/>\n           \n\n                \n                <div class=\"mediagrid-modal reveal full\" id=\"video-927221777\" data-reveal data-close-on-click=\"true\">\n                <div class=\"mediagrid-modal-inner\">\n                <iframe src=\"\" frameborder=\"0\" allowfullscreen allowtransparency allow=\"autoplay\"><\/iframe>\n                <button class=\"close-button\" data-close aria-label=\"Cerrar modal\" type=\"button\"><i class=\"fa-sharp fa-regular fa-xmark\"><\/i><\/button>\n                <\/div>\n                <\/div>\n                <button class=\"play-modal\" data-id=\"927221777\" data-toggle=\"video-927221777\"><\/button>\n                                        <\/div>\n        \n        \n\n            <div class=\"mg-content-top\">\n\n                \n                                    <h4>Configuraci\u00f3n de la carpeta web<\/h4>\n<p class=\"column-title\">Utilice BSN.Cloud para aprovisionar (configurar) un reproductor para su uso <a class=\"not-cta\" href=\"https:\/\/www.brightsign.biz\/es\/recursos\/descargas-de-software\/\" rel=\"noopener\">BrightAuthor:connected<\/a>\u00a0para crear y publicar contenidos en ese reproductor desde una carpeta web o una ubicaci\u00f3n FTP.<\/p>\n                                \n\n            <\/div><!-- mg-content-top -->\n\n            <\/div><!-- mg-item-content -->\n\n            <ul class=\"mg-cta-list small-buttons\">\n\n                                \n                \n            <\/ul>\n\n    \n    <\/div><!-- mg-cell-inner -->\n\n<\/div><!-- mg-cell -->\n\n\n<\/div><!-- grid-x -->\n\n\n<\/div><!-- block-inner -->  \n\n<\/section><!-- ### -->\n\n\n\n\n\n\n\n<section id=\"cta-list-block_061626f0a4d1b984eaa287c4d10f0f22\" class=\"cta-list custom-block dark small-top small-bottom\">\n\n\t<div class=\"block-inner medium grid-x\">\n\n\t\t\n\n\t\t \n\n\t\t\t<div class=\"cta-list-logo cell small-12 medium-auto\">  \n\t\t\t\t<div class=\"logo-container\">          \n\t\t\t\t<img decoding=\"async\" src=\"https:\/\/www.brightsign.biz\/wp-content\/uploads\/2024\/05\/questionicon.svg\" alt=\"\" \/>\n\t\t\t\t<\/div>\n\t\t\t<\/div>\n\n\t\t\n\t\t\n\t\t\t<div class=\"cta-list-intro cell small-12 medium-auto\">\n\t\t\t<h4>\u00bfNecesita ayuda?<\/h4>\n<p><span style=\"font-weight: 400\">Le ofrecemos una serie de recursos en l\u00ednea para que disponga de toda la informaci\u00f3n que necesita para sacar el m\u00e1ximo partido a su soluci\u00f3n de se\u00f1alizaci\u00f3n digital.\u00a0<\/span><\/p>\n\t\t\t\n\t\t\t\t\t\t\t<div class=\"basic-button blue\"><a href=\"https:\/\/support.brightsign.biz\/hc\/en-us\/requests\/new\" target=\"_blank\">Obtener asistencia<i class=\"fa-solid fa-chevron-right\"><\/i><\/a><\/div>\n\t\t\t\t\t\t<\/div>\n\t\t\n\t\t\n\n\t\t\n\n\t\t\t\t<div class=\"cta-list-ul cell small-12 medium-auto\">\n\t\t<ul>\n\t\t\t\t<li>\n\t\t<a href=\"https:\/\/docs.brightsign.biz\/faqs\" target=\"_blank\">Preguntas frecuentes<i class=\"fa-solid fa-chevron-right\"><\/i><\/a>\n\t\t<\/li>\n\n\t\t\t\t<li>\n\t\t<a href=\"https:\/\/www.brightsign.biz\/es\/recursos\/literatura\/\" target=\"_self\">Ver bibliograf\u00eda<i class=\"fa-solid fa-chevron-right\"><\/i><\/a>\n\t\t<\/li>\n\n\t\t\t\t<li>\n\t\t<a href=\"https:\/\/docs.brightsign.biz\/how-tos\/video-guides\" target=\"_blank\">Ver tutoriales en v\u00eddeo<i class=\"fa-solid fa-chevron-right\"><\/i><\/a>\n\t\t<\/li>\n\n\t\t\t\t<\/ul>\n\t\t<\/div>\n\t\t\n\t<\/div><!-- block-inner -->\n\n<\/section><!-- hero -->\n\n\n\n\n\n\n    <section id=\"full-width-text-block_fed5404beb1cf4dc872e2771cb0c6a5a\" class=\"full-width-text custom-block dark small-top small-bottom brand-htags check-lists\">\n\n        <div class=\"block-inner medium\">\n\n        <h3>Pr\u00f3ximos pasos<\/h3>\n<ul>\n<li>V\u00e9ase\u00a0<a href=\"https:\/\/docs.brightsign.biz\/start-here\" target=\"_blank\" rel=\"noreferrer noopener\">Comience aqu\u00ed<\/a>\u00a0si eres nuevo en BrightSign.<\/li>\n<li>Consulte nuestro\u00a0<a href=\"https:\/\/docs.brightsign.biz\/how-tos\/video-guides\" target=\"_blank\" rel=\"noopener\">Videotutoriales<\/a> para crear proyectos conectados a brightAuthor.<\/li>\n<li>V\u00e9ase el <a href=\"https:\/\/docs.brightsign.biz\/quickstarts\" target=\"_blank\" rel=\"noopener\">Gu\u00eda de inicio r\u00e1pido<\/a> para configurar un reproductor BrightSign o publicar una presentaci\u00f3n.<\/li>\n<li>Otros recursos son\u00a0<a href=\"https:\/\/docs.brightsign.biz\/faqs\" target=\"_blank\" rel=\"noreferrer noopener\">Preguntas Frecuentes<\/a>,\u00a0<a href=\"https:\/\/docs.brightsign.biz\/how-tos\" target=\"_blank\" rel=\"noreferrer noopener\">C\u00f3mo hacerlo<\/a>y el\u00a0<a href=\"https:\/\/support.brightsign.biz\/hc\/en-us\/community\/topics\/200594547-BrightSign-General-Community\" target=\"_blank\" rel=\"noreferrer noopener\">Comunidad BrightSign<\/a>.<\/li>\n<\/ul>\n\n        \n        <\/div><!-- block-inner -->  \n\n        \n    <\/section><!-- full-width-text -->  \n\n\n\n\n\n<section id=\"ticker-block_68936cd7953907c940616b8343f9e61f\" class=\"ticker custom-block white-bg\">\n\n            <h4>La confianza de los l\u00edderes del sector<\/h4>\n    \n    <div class=\"block-inner\">\n        <div class=\"swiper ticker-swiper\">\n            <div class=\"swiper-wrapper\">\n\n                                    \n                        <div class=\"swiper-slide\">\n                                                            <img decoding=\"async\" src=\"https:\/\/www.brightsign.biz\/wp-content\/uploads\/2024\/05\/PlugPowerGrayscale.svg\" alt=\"\" \/>\n                                                                                <\/div>\n\n                    \n                        <div class=\"swiper-slide\">\n                                                            <img decoding=\"async\" src=\"https:\/\/www.brightsign.biz\/wp-content\/uploads\/2024\/05\/GoPro_logo_light.svg\" alt=\"\" \/>\n                                                                                <\/div>\n\n                    \n                        <div class=\"swiper-slide\">\n                                                            <img decoding=\"async\" src=\"https:\/\/www.brightsign.biz\/wp-content\/uploads\/2024\/05\/lg.svg\" alt=\"\" \/>\n                                                                                <\/div>\n\n                    \n                        <div class=\"swiper-slide\">\n                                                            <img decoding=\"async\" src=\"https:\/\/www.brightsign.biz\/wp-content\/uploads\/2024\/05\/bestbuy.svg\" alt=\"\" \/>\n                                                                                <\/div>\n\n                    \n                        <div class=\"swiper-slide\">\n                                                            <img decoding=\"async\" src=\"https:\/\/www.brightsign.biz\/wp-content\/uploads\/2024\/05\/bose.svg\" alt=\"\" \/>\n                                                                                <\/div>\n\n                    \n                        <div class=\"swiper-slide\">\n                                                            <img decoding=\"async\" src=\"https:\/\/www.brightsign.biz\/wp-content\/uploads\/2024\/05\/PlugPowerGrayscale.svg\" alt=\"\" \/>\n                                                                                <\/div>\n\n                    \n                        <div class=\"swiper-slide\">\n                                                            <img decoding=\"async\" src=\"https:\/\/www.brightsign.biz\/wp-content\/uploads\/2024\/05\/GoPro_logo_light.svg\" alt=\"\" \/>\n                                                                                <\/div>\n\n                    \n                        <div class=\"swiper-slide\">\n                                                            <img decoding=\"async\" src=\"https:\/\/www.brightsign.biz\/wp-content\/uploads\/2024\/05\/lg.svg\" alt=\"\" \/>\n                                                                                <\/div>\n\n                    \n                        <div class=\"swiper-slide\">\n                                                            <img decoding=\"async\" src=\"https:\/\/www.brightsign.biz\/wp-content\/uploads\/2024\/05\/bestbuy.svg\" alt=\"\" \/>\n                                                                                <\/div>\n\n                    \n                        <div class=\"swiper-slide\">\n                                                            <img decoding=\"async\" src=\"https:\/\/www.brightsign.biz\/wp-content\/uploads\/2024\/05\/bose.svg\" alt=\"\" \/>\n                                                                                <\/div>\n\n                                    \n            <\/div><!-- swiper-wrapper -->\n        <\/div><!-- swiper -->\n    <\/div><!-- block-inner -->\n<\/section><!-- ticker -->","protected":false},"excerpt":{"rendered":"","protected":false},"author":2,"featured_media":0,"parent":556,"menu_order":20,"comment_status":"closed","ping_status":"closed","template":"","meta":{"_acf_changed":true,"_searchwp_excluded":"","footnotes":""},"class_list":["post-768","page","type-page","status-publish","hentry"],"acf":[],"_links":{"self":[{"href":"https:\/\/www.brightsign.biz\/es\/wp-json\/wp\/v2\/pages\/768","targetHints":{"allow":["GET"]}}],"collection":[{"href":"https:\/\/www.brightsign.biz\/es\/wp-json\/wp\/v2\/pages"}],"about":[{"href":"https:\/\/www.brightsign.biz\/es\/wp-json\/wp\/v2\/types\/page"}],"author":[{"embeddable":true,"href":"https:\/\/www.brightsign.biz\/es\/wp-json\/wp\/v2\/users\/2"}],"replies":[{"embeddable":true,"href":"https:\/\/www.brightsign.biz\/es\/wp-json\/wp\/v2\/comments?post=768"}],"version-history":[{"count":0,"href":"https:\/\/www.brightsign.biz\/es\/wp-json\/wp\/v2\/pages\/768\/revisions"}],"up":[{"embeddable":true,"href":"https:\/\/www.brightsign.biz\/es\/wp-json\/wp\/v2\/pages\/556"}],"wp:attachment":[{"href":"https:\/\/www.brightsign.biz\/es\/wp-json\/wp\/v2\/media?parent=768"}],"curies":[{"name":"wp","href":"https:\/\/api.w.org\/{rel}","templated":true}]}}