{"id":850,"date":"2023-03-27T17:17:13","date_gmt":"2023-03-27T21:17:13","guid":{"rendered":"https:\/\/brightsign2425.wpenginepowered.com\/?page_id=850"},"modified":"2026-01-16T15:14:43","modified_gmt":"2026-01-16T20:14:43","slug":"carreras","status":"publish","type":"page","link":"https:\/\/www.brightsign.biz\/es\/about\/careers\/","title":{"rendered":"Empleos Profesionales"},"content":{"rendered":"<section\n  id=\"browse_jobs\"\n  class=\"hero custom-block\"\n  data-form-url=\"\"\n>\n  <!-- Backgrounds: cover full section, center position (extended via SCSS) -->\n        <div id=\"hero-desktop-background\" style=\"background-image: url('https:\/\/www.brightsign.biz\/wp-content\/uploads\/2023\/09\/About-Careers-Hero-1920x900.jpg'); background-size: cover; background-position: center center; background-repeat: no-repeat;\"><\/div>\n        <div id=\"hero-mobile-background\" style=\"background-image: url('https:\/\/www.brightsign.biz\/wp-content\/uploads\/2023\/09\/About-Careers-Hero-1920x900.jpg'); background-size: cover; background-position: center center; background-repeat: no-repeat;\"><\/div>\n  \n  <div class=\"hero-gradient\" aria-hidden=\"true\"><\/div>\n  <div class=\"block-inner medium\">\n    <div class=\"block-inner-content grid-x grid-margin-y\">\n\n      <!-- MOBILE-only layout -->\n      <div class=\"cell small-12 show-for-small-only\">\n        \n        \n        \n        \n        <ul class=\"custom-breadcrumb\"><li>Empresa<\/li><\/ul><div class=\"mobile-content form-content\"><h1><strong>Empleos Profesionales<\/strong><\/h1>\n<p>Consulte las oportunidades profesionales y \u00fanase al equipo BrightSign.<\/p>\n<\/div><div class=\"basic-button blue\"><a href=\"https:\/\/boards.greenhouse.io\/brightsign\/\" target=\"_blank\">Buscar empleos <i class=\"fa-solid fa-chevron-right\"><\/i><\/a><\/div>      <\/div>\n      <!-- end MOBILE-only -->\n\n      <!-- DESKTOP text cell -->\n      <div class=\"cell small-12 medium-12 large-6 hide-for-small-only\">\n        \n        <ul class=\"custom-breadcrumb\"><li>Empresa<\/li><\/ul><h1><strong>Empleos Profesionales<\/strong><\/h1>\n<p>Consulte las oportunidades profesionales y \u00fanase al equipo BrightSign.<\/p>\n<div class=\"basic-button blue\"><a href=\"https:\/\/boards.greenhouse.io\/brightsign\/\" target=\"_blank\">Buscar empleos <i class=\"fa-solid fa-chevron-right\"><\/i><\/a><\/div>      <\/div>\n      <!-- end DESKTOP text cell -->\n\n      <!-- DESKTOP form\/video cell -->\n      <div class=\"cell small-12 medium-12 large-6 center-play hide-for-small-only\">\n        \n              <\/div>\n      <!-- end DESKTOP form\/video cell -->\n\n    <\/div><!-- .block-inner-content -->\n  <\/div><!-- .block-inner -->\n<\/section><!-- hero -->\n\n\n\n\n<div class=\"pill-pad-wrap left\">\n\n    <section id=\"pill-image-text-block_eb8c893e1f3e27fef547f2f5ab583068\" class=\"pill-image-text custom-block dark small-top none-bottom\">\n\n        <div class=\"dot-in\"><\/div><!-- dot-in -->\n\n        <div class=\"pill-image-layer grid-x left\">\n\n            <div class=\"cell small-12 medium-6\"><\/div>\n\n            <div class=\"cell small-12 medium-6 pill-bg\">\n\n                <div class=\"pill-bg-image\" style=\"background-image: url( https:\/\/www.brightsign.biz\/wp-content\/uploads\/2024\/05\/EmployeesWavingInfoComm23-e1693257951849.png );\"><\/div>\n\n            <\/div><!-- pill-bg -->\n\n        <\/div><!-- pill-image-layer -->\n\n        <div class=\"block-inner medium grid-x left\">\n\n            <div class=\"cell small-12 medium-6 pill-content image-left\">\n\n                \n                    <div class=\"pill-title\">\n                        <h3>\u00danase al equipo BrightSign<\/h3>\n                        <div aria-hidden=\"true\" class=\"blue-dot\"><\/div>\n                    <\/div>\n\n                \n                                    <p>Haz crecer tu carrera en una empresa tecnol\u00f3gica l\u00edder que invierte en ti. Construida sobre ideas brillantes y la colaboraci\u00f3n de nuestro equipo global de profesionales apasionados, creativos e innovadores.<\/p>\n<ul>\n<li>Salario competitivo<\/li>\n<li>Beneficios<\/li>\n<li>Horarios flexibles a distancia o h\u00edbridos<\/li>\n<li>Potencial de crecimiento ilimitado<\/li>\n<li>Cultura inclusiva<\/li>\n<\/ul>\n                \n                \n            <\/div><!-- pill-content -->\n\n        <\/div><!-- block-inner -->\n\n    <\/section><!-- pill-image-text -->\n\n<\/div><!--pill-pad-wrap -->\n\n\n\n\n\n<section id=\"browse_jobs\" class=\"media-text custom-block dark small-top small-bottom\" >\n    <div class=\"dot-in\"><\/div><!-- dot-in -->\n    <div class=\"block-inner medium grid-x right\">\n    \n        <div class=\"cell small-12 medium-12 large-6 mediatext-content default-checks\">\n            <div aria-hidden=\"true\" class=\"blue-dot\"><\/div>\n                            <h4>Qui\u00e9nes somos<\/h4>\n                                                    <p>En BrightSign, somos tan fuertes como nuestro equipo. Nuestra misi\u00f3n es permitir que los empleados aporten lo mejor de s\u00ed mismos al trabajo, encuentren su prop\u00f3sito y pongan su pasi\u00f3n en lo que hacen. Nos comprometemos a crear un equipo y una experiencia de primera clase.  Por eso hacemos hincapi\u00e9 en el desarrollo y el compromiso desde el primer d\u00eda.<\/p>\n<p>Nuestro objetivo es promover una cultura de responsabilidad, pertenencia y colaboraci\u00f3n.<\/p>\n<p>De el siguiente paso en su carrera con BrightSign.<\/p>\n                        \n                            <div class=\"basic-button blue\">\n                    <a href=\"https:\/\/boards.greenhouse.io\/brightsign\/\" target=\"_self\">\n                        Buscar oportunidades                    <\/a>\n                <\/div><!-- basic-cta -->\n                        \n                    <\/div><!-- mediatext-content -->\n        \n        <div class=\"cell small-12 medium-12 large-6 form-wrapper\">\n                            <!-- Normal form on all devices -->\n                                                    <div class=\"mediatext-image default-bg\">\n                        <img decoding=\"async\" src=\"https:\/\/www.brightsign.biz\/wp-content\/uploads\/2024\/05\/postslide-3-750x440.jpeg\" alt=\"\" \/>\n                                            <\/div><!-- mediatext-image -->\n                                                            \n                    <\/div><!-- form-wrapper -->\n        \n    <\/div><!-- block-inner -->\n<\/section><!-- media-text -->\n\n\n\n\n\n    <section id=\"full-width-text-block_82f33a89c46591292bbf8ca608ce729b\" class=\"full-width-text custom-block dark small-top small-bottom brand-htags default-lists\">\n\n        <div class=\"block-inner medium\">\n\n        <h2 style=\"text-align: center\">Qu\u00e9 ofrecemos<\/h2>\n<p style=\"text-align: center\">Estamos orgullosos de ofrecer un completo paquete de prestaciones a nuestros empleados a tiempo completo que incluye:<\/p>\n<h4><strong>Tiempo libre remunerado generoso<\/strong><\/h4>\n<p>El PTO se puede utilizar como uno quiera, desde unas vacaciones hasta un viaje alrededor del mundo.<\/p>\n<h4><strong>Trabajo a distancia<\/strong><\/h4>\n<p>Ofrecemos modelos de trabajo totalmente remotos o h\u00edbridos. Si prefiere trabajar totalmente en remoto, podemos ayudarle a crear su oficina en casa con una asignaci\u00f3n para que la utilice como quiera y contribuciones peri\u00f3dicas a su n\u00f3mina para el gasto de Internet y el tel\u00e9fono m\u00f3vil.<\/p>\n<h4><strong>Prestaciones parentales<\/strong><\/h4>\n<p>BrightSign se complace en ofrecer una generosa ayuda parental inclusiva para cuidadores primarios y secundarios.  La pol\u00edtica es neutra desde el punto de vista del g\u00e9nero en todos los niveles de la empresa y en todas las ubicaciones, aunque algunos pa\u00edses pueden ofrecer prestaciones estatutarias adicionales.<\/p>\n<h4><strong>Beneficios para la salud<\/strong><\/h4>\n<p>Queremos que la salud de nuestros empleados siga siendo una prioridad. Por ello, ofrecemos diversas opciones de planes que se adaptan a usted y a los suyos. Tambi\u00e9n proporcionamos un cr\u00e9dito que suele cubrir el coste de la prima del empleado. Esto incluye planes m\u00e9dicos, dentales y oftalmol\u00f3gicos.<\/p>\n<h4><strong>Ahorro para la jubilaci\u00f3n<\/strong><\/h4>\n<p>Queremos que est\u00e9 preparado para el \u00e9xito. En la fecha de incorporaci\u00f3n, se le inscribir\u00e1 autom\u00e1ticamente y podr\u00e1 contribuir a nuestro plan 401(k) o de pensiones*.<\/p>\n<p>*Consulte el reglamento del plan para obtener m\u00e1s informaci\u00f3n.<\/p>\n<h4><strong>Desarrollo continuo<\/strong><\/h4>\n<p>Ofrecemos oportunidades de aprendizaje continuo, desde cursos a la carta hasta talleres en directo. Creemos que todos nuestros empleados deben tener acceso y la posibilidad de aprender nuevas habilidades o repasar las mejores pr\u00e1cticas en su campo.<\/p>\n\n        \n        <\/div><!-- block-inner -->  \n\n        \n    <\/section><!-- full-width-text -->  \n\n\n\n\n\n    <section id=\"browse-jobs\" class=\"full-width-text custom-block dark small-top small-bottom brand-htags default-lists\">\n\n        <div class=\"block-inner medium\">\n\n        <h2 style=\"text-align: center\">\u00danete al equipo<\/h2>\n<p style=\"text-align: center\">BrightSign da la bienvenida a personas de todos los or\u00edgenes, experiencias, capacidades y perspectivas. Ofrecemos igualdad de oportunidades y animamos a todas las personas interesadas a presentar su candidatura.<\/p>\n\n        \n                        <ul class=\"small-buttons center\">\n                                    <li>\n                        <a href=\"https:\/\/boards.greenhouse.io\/brightsign\/\" target=\"_blank\">Empleo en BrightSign<\/a>\n                    <\/li>\n                            <\/ul>\n            \n        \n        <\/div><!-- block-inner -->  \n\n        \n    <\/section><!-- full-width-text -->","protected":false},"excerpt":{"rendered":"","protected":false},"author":2,"featured_media":0,"parent":560,"menu_order":40,"comment_status":"closed","ping_status":"closed","template":"","meta":{"_acf_changed":false,"_searchwp_excluded":"","footnotes":""},"class_list":["post-850","page","type-page","status-publish","hentry"],"acf":[],"_links":{"self":[{"href":"https:\/\/www.brightsign.biz\/es\/wp-json\/wp\/v2\/pages\/850","targetHints":{"allow":["GET"]}}],"collection":[{"href":"https:\/\/www.brightsign.biz\/es\/wp-json\/wp\/v2\/pages"}],"about":[{"href":"https:\/\/www.brightsign.biz\/es\/wp-json\/wp\/v2\/types\/page"}],"author":[{"embeddable":true,"href":"https:\/\/www.brightsign.biz\/es\/wp-json\/wp\/v2\/users\/2"}],"replies":[{"embeddable":true,"href":"https:\/\/www.brightsign.biz\/es\/wp-json\/wp\/v2\/comments?post=850"}],"version-history":[{"count":0,"href":"https:\/\/www.brightsign.biz\/es\/wp-json\/wp\/v2\/pages\/850\/revisions"}],"up":[{"embeddable":true,"href":"https:\/\/www.brightsign.biz\/es\/wp-json\/wp\/v2\/pages\/560"}],"wp:attachment":[{"href":"https:\/\/www.brightsign.biz\/es\/wp-json\/wp\/v2\/media?parent=850"}],"curies":[{"name":"wp","href":"https:\/\/api.w.org\/{rel}","templated":true}]}}