{"id":858,"date":"2023-03-27T17:25:10","date_gmt":"2023-03-27T17:25:10","guid":{"rendered":"https:\/\/brightsign2425.wpenginepowered.com\/?page_id=858"},"modified":"2025-08-13T17:59:36","modified_gmt":"2025-08-13T21:59:36","slug":"aplicacion-brightsign","status":"publish","type":"page","link":"https:\/\/www.brightsign.biz\/es\/brightsign-app\/","title":{"rendered":"Aplicaci\u00f3n M\u00f3vil BrightSign"},"content":{"rendered":"<section\n  id=\"hero-block_e01a78f47f6ed99a67227c9334a31a36\"\n  class=\"hero custom-block\"\n  data-form-url=\"\"\n>\n  <!-- Backgrounds: cover full section, center position (extended via SCSS) -->\n        <div id=\"hero-desktop-background\" style=\"background-image: url('https:\/\/www.brightsign.biz\/wp-content\/uploads\/2024\/05\/default_hero-1920x900.webp'); background-size: cover; background-position: center center; background-repeat: no-repeat;\"><\/div>\n        <div id=\"hero-mobile-background\" style=\"background-image: url('https:\/\/www.brightsign.biz\/wp-content\/uploads\/2024\/05\/default_hero-1920x900.webp'); background-size: cover; background-position: center center; background-repeat: no-repeat;\"><\/div>\n  \n  <div class=\"hero-gradient\" aria-hidden=\"true\"><\/div>\n  <div class=\"block-inner medium\">\n    <div class=\"block-inner-content grid-x grid-margin-y\">\n\n      <!-- MOBILE-only layout -->\n      <div class=\"cell small-12 show-for-small-only\">\n        \n        \n        \n        \n        <div class=\"mobile-content form-content\"><h1 class=\"\">Aplicaci\u00f3n M\u00f3vil BrightSign<\/h1>\n<p>Controle la se\u00f1alizaci\u00f3n digital con su dispositivo iOS o Android.<\/p>\n<\/div><ul class=\"list-links\"><li class=\"apple-btn\"><a href=\"https:\/\/apps.apple.com\/us\/app\/brightsign\/id635024449?itsct=apps_box_badge&#038;itscg=30200\" target=\"_self\"><span class=\"screen-reader-text\"><\/span><i class=\"fa-solid fa-chevron-right\"><\/i><\/a><\/li><li class=\"google-btn\"><a href=\"https:\/\/play.google.com\/store\/apps\/details?id=biz.BrightSign.bsnMobile\" target=\"_self\"><span class=\"screen-reader-text\"><\/span><i class=\"fa-solid fa-chevron-right\"><\/i><\/a><\/li><\/ul>      <\/div>\n      <!-- end MOBILE-only -->\n\n      <!-- DESKTOP text cell -->\n      <div class=\"cell small-12 medium-12 large-6 hide-for-small-only\">\n        \n        <h1 class=\"\">Aplicaci\u00f3n M\u00f3vil BrightSign<\/h1>\n<p>Controle la se\u00f1alizaci\u00f3n digital con su dispositivo iOS o Android.<\/p>\n<ul class=\"list-links\"><li class=\"apple-btn\"><a href=\"https:\/\/apps.apple.com\/us\/app\/brightsign\/id635024449?itsct=apps_box_badge&#038;itscg=30200\" target=\"_self\"><span class=\"screen-reader-text\"><\/span><i class=\"fa-solid fa-chevron-right\"><\/i><\/a><\/li><li class=\"google-btn\"><a href=\"https:\/\/play.google.com\/store\/apps\/details?id=biz.BrightSign.bsnMobile\" target=\"_self\"><span class=\"screen-reader-text\"><\/span><i class=\"fa-solid fa-chevron-right\"><\/i><\/a><\/li><\/ul>      <\/div>\n      <!-- end DESKTOP text cell -->\n\n      <!-- DESKTOP form\/video cell -->\n      <div class=\"cell small-12 medium-12 large-6 center-play hide-for-small-only\">\n        \n              <\/div>\n      <!-- end DESKTOP form\/video cell -->\n\n    <\/div><!-- .block-inner-content -->\n  <\/div><!-- .block-inner -->\n<\/section><!-- hero -->\n\n\n\n    <section id=\"full-width-text-block_47733830ed605a132ba6151b8aaad910\" class=\"full-width-text custom-block dark small-top small-bottom default-htags default-lists\">\n\n        <div class=\"block-inner medium\">\n\n        <h2 class=\"column-title\" style=\"text-align: center\">Descargar la Aplicaci\u00f3n BrightSign<\/h2>\n<div class=\"text-content\" style=\"text-align: center\">Controle y gestione su reproductor multimedia de se\u00f1alizaci\u00f3n digital BrightSign directamente desde su iPad o iPhone.<\/div>\n\n        \n        <\/div><!-- block-inner -->  \n\n        \n    <\/section><!-- full-width-text -->  \n\n\n\n\n\n<section id=\"media-text-block_79261e8499c8ff73f3eb866c8cdf4fb1\" class=\"media-text custom-block dark none-top none-bottom\" >\n    <div class=\"dot-in\"><\/div><!-- dot-in -->\n    <div class=\"block-inner medium grid-x right\">\n    \n        <div class=\"cell small-12 medium-12 large-6 mediatext-content small-checks\">\n            <div aria-hidden=\"true\" class=\"blue-dot\"><\/div>\n                            <h4>Caracter\u00edsticas de la aplicaci\u00f3n BrightSign<\/h4>\n                                                    <ul>\n<li dir=\"ltr\">\u00a0Los reproductores BrightSign conectados localmente se detectan autom\u00e1ticamente<\/li>\n<li dir=\"ltr\">Se puede seleccionar cualquier reproductor conectado para controlarlo o gestionarlo<\/li>\n<li dir=\"ltr\">La configuraci\u00f3n de cada usuario y los eventos se muestran autom\u00e1ticamente para cada unidad seleccionada, permitiendo el control y la interacci\u00f3n con la presentaci\u00f3n en curso<\/li>\n<li dir=\"ltr\">Cree eventos personalizados directamente desde la aplicaci\u00f3n<\/li>\n<li dir=\"ltr\">Acceder y gestionar directamente el diagn\u00f3stico de cada unidad para presentaciones creadas con BrightAuthor 4.1 o posterior<\/li>\n<li dir=\"ltr\">Se pueden configurar las preferencias de las instant\u00e1neas remotas para los reproductores conectados, lo que permite ajustar par\u00e1metros como la frecuencia y la orientaci\u00f3n de las instant\u00e1neas<\/li>\n<li dir=\"ltr\">Se puede acceder y gestionar directamente las instalaciones de diagn\u00f3stico de cada unidad<\/li>\n<\/ul>\n                        \n                        \n                            <ul class=\"list-links\">\n                                        <li class=\"google-btn\">\n                        <a href=\"https:\/\/play.google.com\/store\/apps\/details?id=biz.BrightSign.bsnMobile\" target=\"_blank\">\n                            <span class=\"screen-reader-text\">\n                                google play                            <\/span>\n                            <i class=\"fa-solid fa-chevron-right\"><\/i>\n                        <\/a>\n                    <\/li>\n                                        <li class=\"apple-btn\">\n                        <a href=\"https:\/\/apps.apple.com\/us\/app\/brightsign\/id635024449?itsct=apps_box_badge&#038;itscg=30200\" target=\"_blank\">\n                            <span class=\"screen-reader-text\">\n                                enlace apple app store                            <\/span>\n                            <i class=\"fa-solid fa-chevron-right\"><\/i>\n                        <\/a>\n                    <\/li>\n                                    <\/ul>\n                    <\/div><!-- mediatext-content -->\n        \n        <div class=\"cell small-12 medium-12 large-6 form-wrapper\">\n                            <!-- Normal form on all devices -->\n                                                    <div class=\"mediatext-image no-blue\">\n                        <img decoding=\"async\" src=\"https:\/\/www.brightsign.biz\/wp-content\/uploads\/2024\/05\/BrigthSignAppSiloShadow-1-750x563.webp\" alt=\"\" \/>\n                                            <\/div><!-- mediatext-image -->\n                                                            \n                    <\/div><!-- form-wrapper -->\n        \n    <\/div><!-- block-inner -->\n<\/section><!-- media-text -->","protected":false},"excerpt":{"rendered":"","protected":false},"author":2,"featured_media":0,"parent":0,"menu_order":115,"comment_status":"closed","ping_status":"closed","template":"","meta":{"_acf_changed":false,"_searchwp_excluded":"","footnotes":""},"class_list":["post-858","page","type-page","status-publish","hentry"],"acf":[],"_links":{"self":[{"href":"https:\/\/www.brightsign.biz\/es\/wp-json\/wp\/v2\/pages\/858","targetHints":{"allow":["GET"]}}],"collection":[{"href":"https:\/\/www.brightsign.biz\/es\/wp-json\/wp\/v2\/pages"}],"about":[{"href":"https:\/\/www.brightsign.biz\/es\/wp-json\/wp\/v2\/types\/page"}],"author":[{"embeddable":true,"href":"https:\/\/www.brightsign.biz\/es\/wp-json\/wp\/v2\/users\/2"}],"replies":[{"embeddable":true,"href":"https:\/\/www.brightsign.biz\/es\/wp-json\/wp\/v2\/comments?post=858"}],"version-history":[{"count":0,"href":"https:\/\/www.brightsign.biz\/es\/wp-json\/wp\/v2\/pages\/858\/revisions"}],"wp:attachment":[{"href":"https:\/\/www.brightsign.biz\/es\/wp-json\/wp\/v2\/media?parent=858"}],"curies":[{"name":"wp","href":"https:\/\/api.w.org\/{rel}","templated":true}]}}