{"id":10872,"date":"2024-06-11T11:27:12","date_gmt":"2024-06-11T15:27:12","guid":{"rendered":"https:\/\/brightsign2425.wpenginepowered.com\/?page_id=10872"},"modified":"2024-10-01T17:21:15","modified_gmt":"2024-10-01T21:21:15","slug":"integre","status":"publish","type":"page","link":"https:\/\/www.brightsign.biz\/fr\/partners\/built-in\/","title":{"rendered":"Built-In"},"content":{"rendered":"<div class=\"wp-native-block block-outer\"><div class=\"block-inner medium\">\n<p>BrightSign r\u00e9volutionne les solutions de syst\u00e8me sur puce (SoC) avec une technologie int\u00e9gr\u00e9e qui s'int\u00e8gre de mani\u00e8re transparente dans les \u00e9crans commerciaux pour offrir une signalisation num\u00e9rique tout-en-un sup\u00e9rieure, s\u00e9curis\u00e9e et fiable.<\/p>\n<\/div><\/div>","protected":false},"excerpt":{"rendered":"<p>BrightSign r\u00e9volutionne les solutions de syst\u00e8me sur puce (SoC) avec une technologie int\u00e9gr\u00e9e qui s'int\u00e8gre de mani\u00e8re transparente dans les \u00e9crans commerciaux pour offrir une signalisation num\u00e9rique tout-en-un sup\u00e9rieure, s\u00e9curis\u00e9e et fiable.<\/p>","protected":false},"author":15,"featured_media":0,"parent":552,"menu_order":0,"comment_status":"closed","ping_status":"closed","template":"template-parts\/partners-built-in.php","meta":{"_acf_changed":false,"_searchwp_excluded":"","footnotes":""},"class_list":["post-10872","page","type-page","status-publish","hentry"],"acf":[],"_links":{"self":[{"href":"https:\/\/www.brightsign.biz\/fr\/wp-json\/wp\/v2\/pages\/10872","targetHints":{"allow":["GET"]}}],"collection":[{"href":"https:\/\/www.brightsign.biz\/fr\/wp-json\/wp\/v2\/pages"}],"about":[{"href":"https:\/\/www.brightsign.biz\/fr\/wp-json\/wp\/v2\/types\/page"}],"author":[{"embeddable":true,"href":"https:\/\/www.brightsign.biz\/fr\/wp-json\/wp\/v2\/users\/15"}],"replies":[{"embeddable":true,"href":"https:\/\/www.brightsign.biz\/fr\/wp-json\/wp\/v2\/comments?post=10872"}],"version-history":[{"count":0,"href":"https:\/\/www.brightsign.biz\/fr\/wp-json\/wp\/v2\/pages\/10872\/revisions"}],"up":[{"embeddable":true,"href":"https:\/\/www.brightsign.biz\/fr\/wp-json\/wp\/v2\/pages\/552"}],"wp:attachment":[{"href":"https:\/\/www.brightsign.biz\/fr\/wp-json\/wp\/v2\/media?parent=10872"}],"curies":[{"name":"wp","href":"https:\/\/api.w.org\/{rel}","templated":true}]}}