{"id":11685,"date":"2024-09-11T12:35:07","date_gmt":"2024-09-11T16:35:07","guid":{"rendered":"https:\/\/www.brightsign.biz\/?page_id=11685"},"modified":"2024-09-11T12:58:57","modified_gmt":"2024-09-11T16:58:57","slug":"conditions-dutilisation-du-site-web-5","status":"publish","type":"page","link":"https:\/\/www.brightsign.biz\/fr\/legal\/brightauthor-license-agreement\/","title":{"rendered":"BrightAuthor Accord de licence"},"content":{"rendered":"<section\n  id=\"hero-block_d1fe6dde5b47989724452b3452f59bdc\"\n  class=\"hero custom-block\"\n  data-form-url=\"\"\n>\n  <!-- Backgrounds: cover full section, center position (extended via SCSS) -->\n        <div id=\"hero-desktop-background\" style=\"background-image: url('https:\/\/www.brightsign.biz\/wp-content\/uploads\/2024\/09\/header-template3-15-1920x900.jpg'); background-size: cover; background-position: center center; background-repeat: no-repeat;\"><\/div>\n        <div id=\"hero-mobile-background\" style=\"background-image: url('https:\/\/www.brightsign.biz\/wp-content\/uploads\/2024\/09\/header-template3-15-1920x900.jpg'); background-size: cover; background-position: center center; background-repeat: no-repeat;\"><\/div>\n  \n  <div class=\"hero-gradient\" aria-hidden=\"true\"><\/div>\n  <div class=\"block-inner medium\">\n    <div class=\"block-inner-content grid-x grid-margin-y\">\n\n      <!-- MOBILE-only layout -->\n      <div class=\"cell small-12 show-for-small-only\">\n        \n        \n        \n        \n        <div class=\"mobile-content form-content\"><h1 class=\"\"><strong>Bright<\/strong>Auteur<br \/>\nAccord de licence<\/h1>\n<p>10 f\u00e9vrier 2020<\/p>\n<\/div>      <\/div>\n      <!-- end MOBILE-only -->\n\n      <!-- DESKTOP text cell -->\n      <div class=\"cell small-12 medium-12 large-6 hide-for-small-only\">\n        \n        <h1 class=\"\"><strong>Bright<\/strong>Auteur<br \/>\nAccord de licence<\/h1>\n<p>10 f\u00e9vrier 2020<\/p>\n      <\/div>\n      <!-- end DESKTOP text cell -->\n\n      <!-- DESKTOP form\/video cell -->\n      <div class=\"cell small-12 medium-12 large-6 center-play hide-for-small-only\">\n        \n              <\/div>\n      <!-- end DESKTOP form\/video cell -->\n\n    <\/div><!-- .block-inner-content -->\n  <\/div><!-- .block-inner -->\n<\/section><!-- hero -->\n\n\n\n    <section id=\"full-width-text-block_53bd4df2a9569c754863eeed3d46d54d\" class=\"full-width-text custom-block dark small-top small-bottom brand-htags default-lists\">\n\n        <div class=\"block-inner medium\">\n\n        <h2 style=\"text-align: center\">BrightAuthor Accord de licence<\/h2>\n<p class=\"p2\"><strong>BRIGHTSIGN, LLC.<\/strong><\/p>\n<p class=\"p2\"><strong>LOGICIEL BRIGHTAUTHOR\u2122<\/strong><\/p>\n<p class=\"p2\"><strong>ACCORD DE LICENCE<\/strong><\/p>\n<p class=\"p3\">\n<p class=\"p4\"><strong>IMPORTANT : CET ACCORD DE LICENCE EST L'ACCORD JURIDIQUE (\"ACCORD\") ENTRE VOUS ET BRIGHTSIGN, LLC. (\"BRIGHTSIGN\") R\u00c9GISSANT VOTRE UTILISATION DU LOGICIEL BRIGHTSIGN BRIGHTAUTHOR (\"LOGICIEL\") QUI FONCTIONNE AVEC LE LOGICIEL BRIGHTSIGN BRIGHTSIGN<sup>\u00ae\u00a0<\/sup>PRODUIT (\"DISPOSITIF\").<span class=\"Apple-converted-space\">\u00a0\u00a0<\/span>SI VOUS T\u00c9L\u00c9CHARGEZ ET INSTALLEZ LE LOGICIEL, VOUS INDIQUEZ QUE VOUS AVEZ LU ET COMPRIS LES TERMES DE CET ACCORD ET QUE VOUS ACCEPTEZ D'\u00caTRE LI\u00c9 PAR EUX.<span class=\"Apple-converted-space\">\u00a0\u00a0<\/span>SI VOUS N'ACCEPTEZ PAS LES TERMES ET CONDITIONS DE CET ACCORD, VOUS NE DEVEZ PAS T\u00c9L\u00c9CHARGER LE LOGICIEL ET VOUS NE B\u00c9N\u00c9FICIEZ D'AUCUN DROIT SUR LE LOGICIEL ET VOUS N'AVEZ PAS LE DROIT DE L'UTILISER.<\/strong><\/p>\n<p class=\"p1\">\n<p class=\"p5\">Vous et BrightSign convenez de ce qui suit :<\/p>\n<p class=\"p5\"><strong>1.\u00a0<\/strong><strong>Licence sur le logiciel.<\/strong><span class=\"Apple-converted-space\">\u00a0 \u00a0\u00a0<\/span>Par la pr\u00e9sente, BrightSign vous accorde une licence non exclusive, non transf\u00e9rable et ne pouvant donner lieu \u00e0 l'octroi d'une sous-licence pour l'utilisation et l'affichage du logiciel uniquement dans le cadre de l'utilisation d'un appareil que vous avez achet\u00e9.<span class=\"Apple-converted-space\">\u00a0\u00a0<\/span>Il s'agit d'une licence et non d'une vente.<\/p>\n<p class=\"p5\"><strong>2.<span class=\"Apple-converted-space\">\u00a0\u00a0<\/span>Restrictions.\u00a0 <span class=\"Apple-converted-space\">\u00a0\u00a0<\/span><\/strong>Vous ne pouvez pas (a) utiliser le logiciel ou l'appareil pour afficher un contenu ill\u00e9gal ou violant les droits de tiers, (b) copier, distribuer, conc\u00e9der en sous-licence, louer ou transf\u00e9rer le logiciel \u00e0 un tiers, (c) modifier, adapter, alt\u00e9rer, traduire ou cr\u00e9er des \u0153uvres d\u00e9riv\u00e9es du logiciel, (d) d\u00e9compiler, d\u00e9sassembler, (d) d\u00e9compiler, d\u00e9sassembler, d\u00e9sosser ou autrement d\u00e9river le code source, ou tenter de d\u00e9river le code source, du logiciel, sauf dans la mesure o\u00f9 BrightSign peut, dans certaines juridictions, \u00eatre tenu par la loi d'autoriser l'ing\u00e9nierie inverse et \u00e0 condition que les dispositions de cette loi ne puissent \u00eatre lev\u00e9es ou conditionn\u00e9es par une demande pr\u00e9alable d'informations concernant l'interop\u00e9rabilit\u00e9 ; ou (e) faire ex\u00e9cuter pour vous par un tiers l'une des op\u00e9rations susmentionn\u00e9es. Le logiciel et tous les droits de propri\u00e9t\u00e9 intellectuelle y aff\u00e9rents sont la propri\u00e9t\u00e9 exclusive de BrightSign ou de ses fournisseurs. BrightSign se r\u00e9serve le droit de mettre \u00e0 jour le logiciel de temps \u00e0 autre, \u00e0 sa seule discr\u00e9tion, y compris d'ajouter, de modifier ou de supprimer des fonctionnalit\u00e9s et des caract\u00e9ristiques, ou de modifier l'interface utilisateur.<span class=\"Apple-converted-space\">\u00a0\u00a0<\/span>Tous les droits relatifs au logiciel qui ne vous sont pas express\u00e9ment accord\u00e9s dans le pr\u00e9sent accord sont r\u00e9serv\u00e9s par BrightSign.<\/p>\n<p class=\"p5\"><strong>3.<span class=\"Apple-converted-space\">\u00a0\u00a0<\/span>PAS DE GARANTIE.<span class=\"Apple-converted-space\">\u00a0 \u00a0\u00a0<\/span><\/strong>VOUS RECONNAISSEZ QUE LE LOGICIEL EST FOURNI PAR BRIGHTSIGN \"EN L'\u00c9TAT\" ET SANS GARANTIE D'AUCUNE SORTE ET QUE VOUS N'AVEZ RE\u00c7U AUCUNE GARANTIE EXPRESSE DE LA PART DE BRIGHTSIGN. ET SANS GARANTIE D'AUCUNE SORTE ET QUE VOUS N'AVEZ RE\u00c7U AUCUNE GARANTIE EXPRESSE DE LA PART DE BRIGHTSIGN.<span class=\"Apple-converted-space\">\u00a0\u00a0<\/span>BRIGHTSIGN NE GARANTIT PAS QUE LE LOGICIEL R\u00c9PONDRA \u00c0 VOS EXIGENCES OU QUE LE FONCTIONNEMENT DU LOGICIEL SERA ININTERROMPU OU EXEMPT D'ERREURS.\u00a0<span class=\"Apple-converted-space\">\u00a0\u00a0<\/span>VOUS ASSUMEZ L'ENTI\u00c8RE RESPONSABILIT\u00c9 DE LA S\u00c9LECTION, DE LA POSSESSION, DE LA PERFORMANCE, DE L'INSTALLATION ET DE L'UTILISATION CORRECTES DU LOGICIEL, AINSI QUE DE LA V\u00c9RIFICATION DES R\u00c9SULTATS OBTENUS.\u00a0<span class=\"Apple-converted-space\">\u00a0\u00a0<\/span>BRIGHTSIGN NE GARANTIT PAS ET NE PEUT PAS GARANTIR LA PERFORMANCE OU LES R\u00c9SULTATS QUE VOUS POUVEZ OBTENIR EN UTILISANT LE LOGICIEL.<\/p>\n<p class=\"p5\"><strong>4. Exclusion de garantie.\u00a0 <\/strong><span class=\"Apple-converted-space\">\u00a0\u00a0<\/span>BRIGHTSIGN n'offre aucune garantie, expresse ou implicite, d\u00e9coulant d'un usage commercial ou statutaire, concernant le LOGICIEL ou tout autre sujet.<span class=\"Apple-converted-space\">\u00a0 I<\/span>En particulier, toute garantie de qualit\u00e9 marchande, d'ad\u00e9quation \u00e0 un usage particulier, de QUALIT\u00c9 SATISFAISANTE et de non-violation des droits des tiers est express\u00e9ment exclue.<\/p>\n<p class=\"p5\"><strong>5. LIMITATION DE LA RESPONSABILIT\u00c9<\/strong>.\u00a0 <span class=\"Apple-converted-space\">\u00a0\u00a0<\/span>EN AUCUN CAS BRIGHTSIGN NE SERA RESPONSABLE ENVERS VOUS OU UN TIERS DE TOUTE PERTE D'UTILISATION, PERTE DE DONN\u00c9ES, INTERRUPTION D'ACTIVIT\u00c9 OU DE SERVICES, OU DE TOUT DOMMAGE INDIRECT, SP\u00c9CIAL, PUNITIF, ACCESSOIRE OU CONS\u00c9CUTIF D\u00c9COULANT DE OU LI\u00c9 \u00c0 CET ACCORD OU POUR PERTE DE B\u00c9N\u00c9FICES, QUELLE QUE SOIT LA FORME D'ACTION, QU'ELLE SOIT CONTRACTUELLE, D\u00c9LICTUELLE (Y COMPRIS LA N\u00c9GLIGENCE), OU TOUT AUTRE RECOURS L\u00c9GAL OU \u00c9QUITABLE, M\u00caME SI ELLE A \u00c9T\u00c9 INFORM\u00c9E DE LA POSSIBILIT\u00c9 DE TELS DOMMAGES OU PERTES, OU DE TOUTE R\u00c9CLAMATION D'UN TIERS.\u00a0<span class=\"Apple-converted-space\">\u00a0\u00a0<\/span>VOUS RECONNAISSEZ QUE CETTE LIMITATION DE RESPONSABILIT\u00c9 EST UN ASPECT FONDAMENTAL DE CET ACCORD ET DE LA FOURNITURE GRATUITE DU LOGICIEL PAR BRIGHTSIGN, ET QU'EN L'ABSENCE D'UNE TELLE LIMITATION DE RESPONSABILIT\u00c9, LES CONDITIONS \u00c9CONOMIQUES DU LOGICIEL SERAIENT SUBSTANTIELLEMENT DIFF\u00c9RENTES.<\/p>\n<p class=\"p5\"><strong>6. Donn\u00e9es personnelles.\u00a0 \u00a0<\/strong>\u00a0Vous reconnaissez et acceptez que le logiciel et l'appareil ne sont pas destin\u00e9s \u00e0 \u00eatre utilis\u00e9s pour collecter, stocker, traiter, transmettre ou mettre \u00e0 disposition des informations personnellement identifiables, des donn\u00e9es personnelles, des informations financi\u00e8res, m\u00e9dicales ou d'autres informations prot\u00e9g\u00e9es (collectivement, les \"donn\u00e9es personnelles\").  Vous n'utiliserez pas, et n'autoriserez pas un tiers \u00e0 utiliser le logiciel ou l'appareil pour collecter, stocker, traiter, transmettre ou mettre \u00e0 disposition des donn\u00e9es personnelles.  Vous indemniserez et d\u00e9gagerez de toute responsabilit\u00e9 la Soci\u00e9t\u00e9, ses fournisseurs, dirigeants, administrateurs, employ\u00e9s, agents, successeurs, filiales, sous-licences et ayants droit contre toute r\u00e9clamation, tout dommage, toute perte, tout co\u00fbt et toute responsabilit\u00e9 (y compris les honoraires raisonnables d'avocat et les frais de justice) d\u00e9coulant de ou li\u00e9s \u00e0 toute collecte, tout stockage, tout traitement, toute transmission ou toute mise \u00e0 disposition de donn\u00e9es personnelles \u00e0 l'aide du logiciel ou de l'appareil.<\/p>\n<p class=\"p5\"><strong>7. DIVERS.<\/strong><span class=\"Apple-converted-space\">\u00a0 \u00a0\u00a0<\/span>Le pr\u00e9sent accord est r\u00e9gi \u00e0 tous \u00e9gards par les lois de l'\u00c9tat de Californie, telles qu'elles s'appliquent aux accords conclus et \u00e0 ex\u00e9cuter enti\u00e8rement en Californie entre r\u00e9sidents californiens.<span class=\"Apple-converted-space\">\u00a0\u00a0<\/span>La Convention des Nations unies sur les contrats de vente internationale de marchandises est express\u00e9ment exclue de l'application du pr\u00e9sent accord.<span class=\"Apple-converted-space\">\u00a0\u00a0<\/span>Le pr\u00e9sent contrat constitue l'int\u00e9gralit\u00e9 de l'accord entre les parties en ce qui concerne le logiciel. Il remplace et r\u00e9git tout accord ant\u00e9rieur conclu entre les parties au sujet du logiciel. Votre droit d'utiliser le logiciel prendra fin imm\u00e9diatement en cas de violation du pr\u00e9sent contrat.<\/p>\n\n        \n        <\/div><!-- block-inner -->  \n\n        \n    <\/section><!-- full-width-text -->","protected":false},"excerpt":{"rendered":"","protected":false},"author":32,"featured_media":0,"parent":846,"menu_order":70,"comment_status":"closed","ping_status":"closed","template":"","meta":{"_acf_changed":true,"_searchwp_excluded":"","footnotes":""},"class_list":["post-11685","page","type-page","status-publish","hentry"],"acf":[],"_links":{"self":[{"href":"https:\/\/www.brightsign.biz\/fr\/wp-json\/wp\/v2\/pages\/11685","targetHints":{"allow":["GET"]}}],"collection":[{"href":"https:\/\/www.brightsign.biz\/fr\/wp-json\/wp\/v2\/pages"}],"about":[{"href":"https:\/\/www.brightsign.biz\/fr\/wp-json\/wp\/v2\/types\/page"}],"author":[{"embeddable":true,"href":"https:\/\/www.brightsign.biz\/fr\/wp-json\/wp\/v2\/users\/32"}],"replies":[{"embeddable":true,"href":"https:\/\/www.brightsign.biz\/fr\/wp-json\/wp\/v2\/comments?post=11685"}],"version-history":[{"count":0,"href":"https:\/\/www.brightsign.biz\/fr\/wp-json\/wp\/v2\/pages\/11685\/revisions"}],"up":[{"embeddable":true,"href":"https:\/\/www.brightsign.biz\/fr\/wp-json\/wp\/v2\/pages\/846"}],"wp:attachment":[{"href":"https:\/\/www.brightsign.biz\/fr\/wp-json\/wp\/v2\/media?parent=11685"}],"curies":[{"name":"wp","href":"https:\/\/api.w.org\/{rel}","templated":true}]}}