{"id":11686,"date":"2024-09-11T12:35:07","date_gmt":"2024-09-11T16:35:07","guid":{"rendered":"https:\/\/www.brightsign.biz\/?page_id=11686"},"modified":"2024-09-11T12:35:07","modified_gmt":"2024-09-11T16:35:07","slug":"conditions-dutilisation-du-site-web-6","status":"publish","type":"page","link":"https:\/\/www.brightsign.biz\/fr\/legal\/firmware-license-agreement\/","title":{"rendered":"BrightSign Accord de licence pour le micrologiciel"},"content":{"rendered":"<section\n  id=\"hero-block_76e53b1778ae4746736091952dacc784\"\n  class=\"hero custom-block\"\n  data-form-url=\"\"\n>\n  <!-- Backgrounds: cover full section, center position (extended via SCSS) -->\n        <div id=\"hero-desktop-background\" style=\"background-image: url('https:\/\/www.brightsign.biz\/wp-content\/uploads\/2024\/09\/header-template3-15-1920x900.jpg'); background-size: cover; background-position: center center; background-repeat: no-repeat;\"><\/div>\n        <div id=\"hero-mobile-background\" style=\"background-image: url('https:\/\/www.brightsign.biz\/wp-content\/uploads\/2024\/09\/header-template3-15-1920x900.jpg'); background-size: cover; background-position: center center; background-repeat: no-repeat;\"><\/div>\n  \n  <div class=\"hero-gradient\" aria-hidden=\"true\"><\/div>\n  <div class=\"block-inner medium\">\n    <div class=\"block-inner-content grid-x grid-margin-y\">\n\n      <!-- MOBILE-only layout -->\n      <div class=\"cell small-12 show-for-small-only\">\n        \n        \n        \n        \n        <div class=\"mobile-content form-content\"><h1 class=\"\"><strong>Bright<\/strong>Sign<br \/>\n<strong>Firmware<\/strong><br \/>\nAccord de licence<\/h1>\n<p>10 f\u00e9vrier 2020<\/p>\n<\/div>      <\/div>\n      <!-- end MOBILE-only -->\n\n      <!-- DESKTOP text cell -->\n      <div class=\"cell small-12 medium-12 large-6 hide-for-small-only\">\n        \n        <h1 class=\"\"><strong>Bright<\/strong>Sign<br \/>\n<strong>Firmware<\/strong><br \/>\nAccord de licence<\/h1>\n<p>10 f\u00e9vrier 2020<\/p>\n      <\/div>\n      <!-- end DESKTOP text cell -->\n\n      <!-- DESKTOP form\/video cell -->\n      <div class=\"cell small-12 medium-12 large-6 center-play hide-for-small-only\">\n        \n              <\/div>\n      <!-- end DESKTOP form\/video cell -->\n\n    <\/div><!-- .block-inner-content -->\n  <\/div><!-- .block-inner -->\n<\/section><!-- hero -->\n\n\n\n    <section id=\"full-width-text-block_5435e051320e752884ea88a57d6822c8\" class=\"full-width-text custom-block dark small-top small-bottom brand-htags default-lists\">\n\n        <div class=\"block-inner medium\">\n\n        <h2 style=\"text-align: center\">BrightSign Accord de licence pour le micrologiciel<\/h2>\n<p><em><strong>Pour le t\u00e9l\u00e9chargement du logiciel, veuillez suivre le lien ci-dessous (une fois sur la page de t\u00e9l\u00e9chargement, apr\u00e8s avoir cliqu\u00e9 sur le lien ci-dessous, faites d\u00e9filer vers le bas pour trouver et t\u00e9l\u00e9charger le logiciel requis) :<\/strong><\/em><\/p>\n<p><a href=\"http:\/\/www.brightsign.biz\/fr\/downloads\/overview\/\">http:\/\/www.brightsign.biz\/downloads\/overview\/\u00a0<\/a><\/p>\n<p>&nbsp;<\/p>\n<p><strong>IMPORTANT : LISEZ ATTENTIVEMENT CET ACCORD ET CONSULTEZ LE MANUEL COMPLET DU PRODUIT AINSI QUE D'AUTRES INFORMATIONS SUR WWW.BRIGHTSIGN.BIZ AVANT DE METTRE VOTRE PRODUIT BRIGHTSIGN (\"PRODUIT\") SOUS TENSION POUR LA PREMI\u00c8RE FOIS. CET ACCORD DE LICENCE EST L'ACCORD JURIDIQUE (\"ACCORD\") ENTRE VOUS (\"VOUS\") ET BRIGHTSIGN, LLC. (\"BRIGHTSIGN\") R\u00c9GISSANT VOTRE UTILISATION DU MICROLOGICIEL QUI FONCTIONNE AVEC LE PRODUIT (\"MICROLOGICIEL\"). SI VOUS T\u00c9L\u00c9CHARGEZ ET INSTALLEZ LE MICROLOGICIEL OU SI VOUS METTEZ LE PRODUIT SOUS TENSION OU L'UTILISEZ D'UNE AUTRE MANI\u00c8RE, VOUS INDIQUEZ QUE VOUS AVEZ LU ET COMPRIS LES CONDITIONS DU PR\u00c9SENT ACCORD ET QUE VOUS ACCEPTEZ D'\u00caTRE LI\u00c9 PAR ELLES. SI VOUS N'ACCEPTEZ PAS LES TERMES ET CONDITIONS DE CET ACCORD, VOUS NE DEVEZ PAS T\u00c9L\u00c9CHARGER LE MICROLOGICIEL, AUCUN DROIT NE VOUS EST ACCORD\u00c9 SUR LE MICROLOGICIEL ET VOUS N'AVEZ PAS LE DROIT D'UTILISER LE PRODUIT.<\/strong><\/p>\n<p><strong>Avis aux tiers<\/strong><\/p>\n<p>Certaines des technologies utilis\u00e9es dans le produit sont soumises \u00e0 des licences de tiers, qui exigent que vous receviez cet avis :<\/p>\n<p><em>Technologie de codage audio MPEG Layer-3 sous licence de Fraunhofer IIS et Thomson.<\/em><\/p>\n<p>Voir aussi\u00a0<strong>Code sous licence s\u00e9par\u00e9e<\/strong>\u00a0ci-dessous.<\/p>\n<p><strong>Licence<\/strong><br \/>\nSous r\u00e9serve des conditions du pr\u00e9sent accord, BrightSign vous accorde une licence non exclusive et non transf\u00e9rable pour ex\u00e9cuter le micrologiciel fourni avec le produit et toute version mise \u00e0 jour t\u00e9l\u00e9charg\u00e9e par vous, uniquement sur le produit et tel qu'il y est incorpor\u00e9. Il s'agit d'une licence et non d'une vente. Vous ne devez pas (i) copier ou distribuer, conc\u00e9der en sous-licence, louer ou transf\u00e9rer de quelque mani\u00e8re que ce soit le microprogramme \u00e0 un tiers, sauf s'il est int\u00e9gr\u00e9 au produit, et ce \u00e0 titre on\u00e9reux ; (ii) modifier, adapter, alt\u00e9rer, traduire ou cr\u00e9er des \u0153uvres d\u00e9riv\u00e9es du microprogramme ; (iii) d\u00e9compiler, d\u00e9sassembler, faire de l'ing\u00e9nierie inverse ou d\u00e9river autrement le code source, ou tenter de d\u00e9river le code source, du microprogramme, sauf dans la mesure o\u00f9 BrightSign peut, dans certaines juridictions, \u00eatre tenu par la loi d'autoriser l'ing\u00e9nierie inverse et \u00e0 condition que les dispositions de cette loi ne puissent \u00eatre lev\u00e9es ou conditionn\u00e9es par une demande pr\u00e9alable d'informations concernant l'interop\u00e9rabilit\u00e9 ; ou (iv) faire ex\u00e9cuter pour vous par un tiers l'une quelconque des op\u00e9rations susmentionn\u00e9es. Le micrologiciel et tous les droits de propri\u00e9t\u00e9 intellectuelle qu'il contient sont la propri\u00e9t\u00e9 exclusive de BrightSign ou de ses fournisseurs, sauf dans la mesure o\u00f9 le micrologiciel contient un code sous licence s\u00e9par\u00e9e, comme indiqu\u00e9 ci-dessous. BrightSign se r\u00e9serve le droit de mettre \u00e0 jour le micrologiciel de temps \u00e0 autre, \u00e0 sa seule discr\u00e9tion, y compris d'ajouter, de modifier ou de supprimer des fonctionnalit\u00e9s et des caract\u00e9ristiques, y compris, mais sans s'y limiter, de modifier l'interface utilisateur. Tous les droits relatifs au micrologiciel qui ne vous sont pas express\u00e9ment accord\u00e9s dans le pr\u00e9sent accord sont r\u00e9serv\u00e9s par BrightSign.<\/p>\n<p><strong>Code sous licence s\u00e9par\u00e9e<\/strong><br \/>\nNonobstant les autres dispositions du pr\u00e9sent accord, certains composants du microprogramme sont, ou sont des modifications de logiciels \"libres\" ou \"open source\" (\"code sous licence s\u00e9par\u00e9e\"). Le code sous licence s\u00e9par\u00e9e est soumis aux termes et conditions de sa licence applicable, y compris les licences GPL v2, LGPL v2.1, AFL v2.1 et Artistic, et n'est pas soumis \u00e0 la licence ci-dessus. Conform\u00e9ment aux conditions des licences de code sous licence s\u00e9par\u00e9e, BrightSign met gratuitement \u00e0 disposition sur son site web le code \"libre\" et \"open source\" fourni dans le cadre de ces licences, ainsi que les modifications apport\u00e9es par BrightSign \u00e0 ce code. Veuillez consulter le fichier README-Sources fourni avec ce micrologiciel et visiter le site http:\/\/www.brightsign.biz pour obtenir des informations d\u00e9taill\u00e9es sur notre utilisation du code sous licence s\u00e9par\u00e9e, les licences correspondantes et, le cas \u00e9ch\u00e9ant, le code source correspondant.<\/p>\n<p><strong>EXCLUSION DE GARANTIE<\/strong><br \/>\nLE MICROLOGICIEL EST FOURNI \"EN L'\u00c9TAT\", SANS GARANTIE D'AUCUNE SORTE. BRIGHTSIGN D\u00c9CLINE TOUTE GARANTIE, ORALE OU \u00c9CRITE, EXPRESSE, IMPLICITE, R\u00c9SULTANT D'UNE TRANSACTION OU D'UN USAGE COMMERCIAL, OU STATUTAIRE. TOUTE AUTRE GARANTIE, Y COMPRIS LES GARANTIES IMPLICITES DE QUALIT\u00c9 MARCHANDE, D'AD\u00c9QUATION \u00c0 UN USAGE PARTICULIER, DE TITRE, DE NON-VIOLATION DES DROITS DE TIERS, DE JOUISSANCE PAISIBLE ET D'EXACTITUDE, EST EXPRESS\u00c9MENT EXCLUE. VOUS N'AVEZ PAS LE DROIT DE FAIRE OU DE TRANSMETTRE, ET VOUS DEVEZ PRENDRE TOUTES LES MESURES N\u00c9CESSAIRES POUR VOUS ASSURER QUE NI VOUS NI AUCUN DE VOS DISTRIBUTEURS, AGENTS OU EMPLOY\u00c9S NE FASSENT OU NE TRANSMETTENT UNE QUELCONQUE GARANTIE OU REPR\u00c9SENTATION AU NOM DE BRIGHTSIGN \u00c0 UNE TIERCE PARTIE.<\/p>\n<p><strong>LIMITATION DE LA RESPONSABILIT\u00c9<\/strong><br \/>\nEN AUCUN CAS BRIGHTSIGN, SES FOURNISSEURS OU SES DISTRIBUTEURS NE SERONT RESPONSABLES DES DOMMAGES CONS\u00c9CUTIFS, SP\u00c9CIAUX, EXEMPLAIRES, ACCESSOIRES ET INDIRECTS, OU DE LA PERTE DE REVENUS, DE B\u00c9N\u00c9FICES, DE DONN\u00c9ES OU D'UTILISATION, OU DU CO\u00dbT DE BIENS DE SUBSTITUTION, QUE CE SOIT DANS LE CADRE D'UN CONTRAT OU D'UN D\u00c9LIT (Y COMPRIS LA N\u00c9GLIGENCE), D\u00c9COULANT DU MICROPROGRAMME OU DE L'UTILISATION QUE VOUS EN FAITES. EN AUCUN CAS LA RESPONSABILIT\u00c9 TOTALE CUMUL\u00c9E DE BRIGHTSIGN OU DE SES FOURNISSEURS CONCERNANT LE MICROLOGICIEL NE D\u00c9PASSERA LE PRIX D'ACHAT DU PRODUIT. Certaines juridictions n'autorisent pas l'exclusion des garanties implicites ou la limitation de la responsabilit\u00e9 pour certains dommages accessoires ou indirects, de sorte que les exclusions \u00e9nonc\u00e9es ci-dessus peuvent ne pas s'appliquer \u00e0 vous.<\/p>\n<p><strong>Divers<\/strong>\u00a0Le pr\u00e9sent accord est l'accord final, complet et exclusif entre les parties concernant le microprogramme et remplace toutes les propositions, repr\u00e9sentations, ententes ou accords ant\u00e9rieurs ou contemporains y aff\u00e9rents, qu'ils soient oraux ou \u00e9crits. Aucune renonciation ou modification du pr\u00e9sent accord ne sera valable si elle n'est pas sign\u00e9e par chaque partie. Votre droit d'utiliser le microprogramme prendra fin imm\u00e9diatement en cas de violation du pr\u00e9sent accord de votre part. La renonciation \u00e0 une violation de l'une des conditions du pr\u00e9sent accord ne sera en aucun cas interpr\u00e9t\u00e9e comme une renonciation \u00e0 une autre condition ou \u00e0 une autre violation du pr\u00e9sent accord. Si une disposition du pr\u00e9sent accord est jug\u00e9e inapplicable par un tribunal comp\u00e9tent, les autres dispositions du pr\u00e9sent accord resteront pleinement en vigueur. Le pr\u00e9sent accord est r\u00e9gi par les lois de l'\u00c9tat de Californie, sans tenir compte des principes de conflit de lois qui pourraient pr\u00e9voir l'application de la loi d'une autre juridiction. Toute action ou proc\u00e9dure d\u00e9coulant du pr\u00e9sent accord ou s'y rapportant ne peut \u00eatre intent\u00e9e que devant un tribunal f\u00e9d\u00e9ral du district nord de Californie ou devant un tribunal d'\u00c9tat du comt\u00e9 de Santa Clara, en Californie, et chaque partie se soumet irr\u00e9vocablement \u00e0 la juridiction et au lieu d'un tel tribunal pour une telle action ou proc\u00e9dure. La Convention des Nations unies sur les contrats de vente internationale de marchandises ne s'applique pas au pr\u00e9sent accord. Si vous avez des questions concernant le pr\u00e9sent accord ou si vous souhaitez contacter BrightSign, veuillez nous contacter par courrier \u00e0 l'adresse suivante : BrightSign LLC, 16780 Lark Ave, Suite B, Los Gatos, CA 95032.<\/p>\n<p>Copyright \u00a9 2016 par BrightSign, LLC. Tous droits r\u00e9serv\u00e9s. BrightSign est une marque d\u00e9pos\u00e9e de BrightSign, LLC.<\/p>\n\n        \n        <\/div><!-- block-inner -->  \n\n        \n    <\/section><!-- full-width-text -->","protected":false},"excerpt":{"rendered":"","protected":false},"author":32,"featured_media":0,"parent":846,"menu_order":70,"comment_status":"closed","ping_status":"closed","template":"","meta":{"_acf_changed":true,"_searchwp_excluded":"","footnotes":""},"class_list":["post-11686","page","type-page","status-publish","hentry"],"acf":[],"_links":{"self":[{"href":"https:\/\/www.brightsign.biz\/fr\/wp-json\/wp\/v2\/pages\/11686","targetHints":{"allow":["GET"]}}],"collection":[{"href":"https:\/\/www.brightsign.biz\/fr\/wp-json\/wp\/v2\/pages"}],"about":[{"href":"https:\/\/www.brightsign.biz\/fr\/wp-json\/wp\/v2\/types\/page"}],"author":[{"embeddable":true,"href":"https:\/\/www.brightsign.biz\/fr\/wp-json\/wp\/v2\/users\/32"}],"replies":[{"embeddable":true,"href":"https:\/\/www.brightsign.biz\/fr\/wp-json\/wp\/v2\/comments?post=11686"}],"version-history":[{"count":0,"href":"https:\/\/www.brightsign.biz\/fr\/wp-json\/wp\/v2\/pages\/11686\/revisions"}],"up":[{"embeddable":true,"href":"https:\/\/www.brightsign.biz\/fr\/wp-json\/wp\/v2\/pages\/846"}],"wp:attachment":[{"href":"https:\/\/www.brightsign.biz\/fr\/wp-json\/wp\/v2\/media?parent=11686"}],"curies":[{"name":"wp","href":"https:\/\/api.w.org\/{rel}","templated":true}]}}