{"id":11704,"date":"2024-09-19T16:31:21","date_gmt":"2024-09-19T20:31:21","guid":{"rendered":"https:\/\/www.brightsign.biz\/?page_id=11704"},"modified":"2024-09-19T16:45:06","modified_gmt":"2024-09-19T20:45:06","slug":"conditions-dutilisation-du-site-web-8","status":"publish","type":"page","link":"https:\/\/www.brightsign.biz\/fr\/legal\/brightsign-network-license-agreement\/","title":{"rendered":"BrightSign Accord de licence r\u00e9seau"},"content":{"rendered":"<section\n  id=\"hero-block_dbf3c3dc2c6c2c6e6bcc94f16488a65a\"\n  class=\"hero custom-block\"\n  data-form-url=\"\"\n>\n  <!-- Backgrounds: cover full section, center position (extended via SCSS) -->\n        <div id=\"hero-desktop-background\" style=\"background-image: url('https:\/\/www.brightsign.biz\/wp-content\/uploads\/2024\/09\/header-template3-15-1920x900.jpg'); background-size: cover; background-position: center center; background-repeat: no-repeat;\"><\/div>\n        <div id=\"hero-mobile-background\" style=\"background-image: url('https:\/\/www.brightsign.biz\/wp-content\/uploads\/2024\/09\/header-template3-15-1920x900.jpg'); background-size: cover; background-position: center center; background-repeat: no-repeat;\"><\/div>\n  \n  <div class=\"hero-gradient\" aria-hidden=\"true\"><\/div>\n  <div class=\"block-inner medium\">\n    <div class=\"block-inner-content grid-x grid-margin-y\">\n\n      <!-- MOBILE-only layout -->\n      <div class=\"cell small-12 show-for-small-only\">\n        \n        \n        \n        \n        <div class=\"mobile-content form-content\"><h1 class=\"\"><strong>Bright<\/strong>Sign<br \/>\n<strong>R\u00e9seau<\/strong><br \/>\nAccord de licence<\/h1>\n<p>10 f\u00e9vrier 2020<\/p>\n<\/div>      <\/div>\n      <!-- end MOBILE-only -->\n\n      <!-- DESKTOP text cell -->\n      <div class=\"cell small-12 medium-12 large-6 hide-for-small-only\">\n        \n        <h1 class=\"\"><strong>Bright<\/strong>Sign<br \/>\n<strong>R\u00e9seau<\/strong><br \/>\nAccord de licence<\/h1>\n<p>10 f\u00e9vrier 2020<\/p>\n      <\/div>\n      <!-- end DESKTOP text cell -->\n\n      <!-- DESKTOP form\/video cell -->\n      <div class=\"cell small-12 medium-12 large-6 center-play hide-for-small-only\">\n        \n              <\/div>\n      <!-- end DESKTOP form\/video cell -->\n\n    <\/div><!-- .block-inner-content -->\n  <\/div><!-- .block-inner -->\n<\/section><!-- hero -->\n\n\n\n    <section id=\"full-width-text-block_398614bcc5f89ce0cbe337f808f45dae\" class=\"full-width-text custom-block dark small-top small-bottom brand-htags default-lists\">\n\n        <div class=\"block-inner medium\">\n\n        <h2 style=\"text-align: center\">BrightSign Accord de licence r\u00e9seau<\/h2>\n<h3>Conditions d'utilisation<\/h3>\n<p>Veuillez lire attentivement les conditions d'utilisation suivantes (\"conditions\"). BrightSign propose l'utilisation du r\u00e9seau BrightSign sous r\u00e9serve des conditions suivantes.  En acc\u00e9dant au r\u00e9seau BrightSign et en l'utilisant, vous serez invit\u00e9 \u00e0 lire et \u00e0 accepter d'\u00eatre li\u00e9 et vous accepterez les dispositions des conditions. En outre, lorsque vous utilisez des services particuliers appartenant \u00e0 BrightSign ou exploit\u00e9s par elle, vous et BrightSign \u00eates soumis \u00e0 toutes les lignes directrices ou r\u00e8gles affich\u00e9es applicables \u00e0 ces services, qui peuvent \u00eatre affich\u00e9es et modifi\u00e9es de temps \u00e0 autre.<\/p>\n<p>Bienvenue sur le r\u00e9seau BrightSign, un service de distribution de contenu en ligne fourni par BrightSign (\"l'entreprise\").  Les pr\u00e9sentes conditions r\u00e9gissent votre utilisation des services, y compris le logiciel et son interaction avec les services.<\/p>\n<h4>1.\u00a0<u>Les services<\/u><\/h4>\n<p>1.1\u00a0<u>Responsabilit\u00e9s de l'entreprise<\/u>.  La soci\u00e9t\u00e9 offre les services pour vous permettre de t\u00e9l\u00e9charger, transmettre, g\u00e9rer, contr\u00f4ler et t\u00e9l\u00e9charger du texte, des graphiques, des vid\u00e9os et d'autres \u00e9l\u00e9ments s\u00e9lectionn\u00e9s et fournis par vous (\"contenu\") pour une utilisation avec un ou plusieurs appareils achet\u00e9s par vous aupr\u00e8s de la soci\u00e9t\u00e9 ou de l'un de ses repr\u00e9sentants agr\u00e9\u00e9s.<\/p>\n<p>1.2\u00a0<u>Honoraires<\/u>.  Les frais pour ces services (\"frais\") sont par appareil et sont \u00e9tablis dans votre compte pour les services.  Vous acceptez de payer les frais en temps voulu \u00e0 la Soci\u00e9t\u00e9.  Vous acceptez que si vous ne payez pas les frais \u00e0 temps, votre utilisation des services peut \u00eatre interrompue ou refus\u00e9e.<\/p>\n<p>1.3\u00a0<span class=\"wysiwyg-underline\">Activation de l'abonnement<\/span>. Les abonnements achet\u00e9s doivent \u00eatre activ\u00e9s dans les 60 jours suivant la date d'achat. Pass\u00e9 ce d\u00e9lai, les abonnements achet\u00e9s qui n'ont pas \u00e9t\u00e9 activ\u00e9s peuvent \u00eatre supprim\u00e9s dans le cadre de la maintenance r\u00e9guli\u00e8re du r\u00e9seau BrightSign. Voir\u00a0<a href=\"https:\/\/support.brightsign.biz\/hc\/en-us\/articles\/218068067\">cette FAQ<\/a>\u00a0pour plus d'informations sur l'activation des abonnements achet\u00e9s.<\/p>\n<h4>2.\u00a0<span class=\"wysiwyg-underline\">Garanties et restrictions concernant le contenu.<\/span><\/h4>\n<p>2.1\u00a0<u>D\u00e9clarations et garanties<\/u>. Par les pr\u00e9sentes, vous d\u00e9clarez et garantissez \u00e0 la Soci\u00e9t\u00e9 que (i) vous d\u00e9tenez tous les droits, titres et int\u00e9r\u00eats exclusifs sur le contenu ou que vous avez obtenu toutes les licences ou autorisations n\u00e9cessaires \u00e0 l'utilisation du contenu, y compris, mais sans s'y limiter, tous les textes, images, sons, vid\u00e9os, logos et copies contenus dans le contenu et, notamment, tous les droits de copie, de distribution, d'ex\u00e9cution et d'affichage du contenu et de cr\u00e9ation d'\u0153uvres d\u00e9riv\u00e9es du contenu, ou que vous obtiendrez ces licences avant d'utiliser les services pour transmettre ou afficher le contenu en question ; et (ii) l'utilisation, la transmission et l'affichage du contenu n'enfreindront pas les droits d'auteur, les brevets, les marques, les secrets commerciaux ou tout autre droit de propri\u00e9t\u00e9 intellectuelle d'un tiers, ni ne constitueront une diffamation, une atteinte \u00e0 la vie priv\u00e9e ou la violation d'un droit de publicit\u00e9 ou de tout autre droit d'une partie.<\/p>\n<p>2.2\u00a0<u>Conditions<\/u>. Comme condition de votre utilisation des services, vous acceptez de ne pas :<\/p>\n<p>2.2.1 Utiliser les services ou l'appareil pour afficher un contenu ill\u00e9gal, nuisible, mena\u00e7ant, harcelant, diffamatoire, obsc\u00e8ne, pornographique, vulgaire, portant atteinte \u00e0 la vie priv\u00e9e ou au droit de publicit\u00e9 d'autrui, ou violant les droits de propri\u00e9t\u00e9 intellectuelle d'un tiers ;<\/p>\n<p>2.2.2 Utiliser les services ou l'appareil pour afficher un contenu haineux, raciste, ethnique ou autrement r\u00e9pr\u00e9hensible, encourageant une conduite qui pourrait constituer une infraction p\u00e9nale, donner lieu \u00e0 une responsabilit\u00e9 civile ou violer de quelque mani\u00e8re que ce soit toute loi locale, nationale ou internationale applicable ;<\/p>\n<p>2.2.3 Utiliser les services ou l'appareil pour afficher un contenu que vous n'avez pas le droit de transmettre en vertu d'une loi ou de relations contractuelles ou fiduciaires ;<\/p>\n<p>2.2.4 Utiliser les services ou l'appareil pour nuire aux mineurs de quelque mani\u00e8re que ce soit, y compris, mais sans s'y limiter, en affichant un contenu qui viole les lois f\u00e9d\u00e9rales, nationales, internationales ou toute autre loi sur la pornographie enfantine, les lois sur l'exploitation sexuelle des enfants ou les lois interdisant la repr\u00e9sentation de mineurs se livrant \u00e0 un comportement sexuel ;<\/p>\n<p>2.2.5 Falsifier les en-t\u00eates ou manipuler autrement les identifiants afin de d\u00e9guiser l'origine de tout contenu affich\u00e9 \u00e0 l'aide des services ou de l'appareil ;<\/p>\n<p>2.2.6 Utiliser les services ou l'appareil pour transmettre tout mat\u00e9riel contenant des virus informatiques ou tout autre code informatique, fichier ou programme con\u00e7u pour interrompre, d\u00e9truire ou limiter la fonctionnalit\u00e9 de tout logiciel informatique ; ou<\/p>\n<p>2.2.7 Interf\u00e9rer ou perturber (ou tenter d'interf\u00e9rer ou de perturber) les services ou les serveurs ou r\u00e9seaux connect\u00e9s aux services.<\/p>\n<p>2.3 Si la soci\u00e9t\u00e9 est inform\u00e9e ou a des raisons de soup\u00e7onner que vous commettez l'une des actions susmentionn\u00e9es, elle peut mener une enqu\u00eate et d\u00e9cider, \u00e0 sa seule discr\u00e9tion, d'avertir les autorit\u00e9s comp\u00e9tentes et\/ou de mettre fin \u00e0 votre acc\u00e8s aux services. La Soci\u00e9t\u00e9 peut divulguer tout contenu ou communication \u00e9lectronique de quelque nature que ce soit pour se conformer \u00e0 une loi, une r\u00e9glementation ou une demande gouvernementale, ou si cela est n\u00e9cessaire pour prot\u00e9ger les droits ou la propri\u00e9t\u00e9 de la Soci\u00e9t\u00e9, d'un tiers ou de tout autre utilisateur des services.<\/p>\n<p>2.4 Vous reconnaissez et acceptez que les services et l'appareil ne sont pas destin\u00e9s \u00e0 \u00eatre utilis\u00e9s pour collecter, stocker, traiter, transmettre ou mettre \u00e0 disposition des informations personnellement identifiables, des donn\u00e9es personnelles, des informations financi\u00e8res, m\u00e9dicales ou d'autres informations prot\u00e9g\u00e9es (collectivement, les \"donn\u00e9es personnelles\").  Vous ne t\u00e9l\u00e9chargerez pas, et n'autoriserez pas un tiers \u00e0 le faire, dans les services ou l'appareil, et n'utiliserez pas les services ou l'appareil pour collecter, stocker, traiter, transmettre ou mettre \u00e0 disposition des donn\u00e9es \u00e0 caract\u00e8re personnel.  Vous indemniserez et d\u00e9gagerez de toute responsabilit\u00e9 la Soci\u00e9t\u00e9, ses fournisseurs, dirigeants, administrateurs, employ\u00e9s, agents, successeurs, filiales, sous-licences et ayants droit contre toute r\u00e9clamation, tout dommage, toute perte, tout co\u00fbt et toute responsabilit\u00e9 (y compris les honoraires raisonnables d'avocat et les frais de justice) d\u00e9coulant de ou li\u00e9s \u00e0 toute collecte, tout stockage, tout traitement, toute transmission ou toute mise \u00e0 disposition de donn\u00e9es personnelles \u00e0 l'aide des services ou de tout appareil.<\/p>\n<h4>3.\u00a0<span class=\"wysiwyg-underline\">Propri\u00e9t\u00e9<\/span><\/h4>\n<p>Vous disposez d'un droit limit\u00e9 d'utilisation des services. La soci\u00e9t\u00e9 et ses fournisseurs conservent tous les droits, titres et int\u00e9r\u00eats, y compris tous les droits d'auteur et de propri\u00e9t\u00e9 intellectuelle, relatifs aux services. Tous les droits qui ne sont pas sp\u00e9cifiquement accord\u00e9s dans les pr\u00e9sentes conditions, y compris les droits d'auteur am\u00e9ricains et internationaux, sont r\u00e9serv\u00e9s par la soci\u00e9t\u00e9 et ses fournisseurs.<\/p>\n<h4>4.\u00a0<span class=\"wysiwyg-underline\">Utilisation non autoris\u00e9e<\/span><\/h4>\n<p>Vous acceptez de notifier imm\u00e9diatement \u00e0 la Soci\u00e9t\u00e9 toute utilisation non autoris\u00e9e de votre mot de passe ou de votre compte pour les services ou toute autre violation de la s\u00e9curit\u00e9.<\/p>\n<h4>5.\u00a0<span class=\"wysiwyg-underline\">Indemnisation<\/span><\/h4>\n<p>Vous acceptez d'indemniser et de d\u00e9gager de toute responsabilit\u00e9 la Soci\u00e9t\u00e9, ses fournisseurs, dirigeants, administrateurs, employ\u00e9s, agents, successeurs, filiales, sous-licences et ayants droit en cas de r\u00e9clamations, dommages, pertes, co\u00fbts et responsabilit\u00e9s (y compris les honoraires raisonnables d'avocat et les frais de justice) d\u00e9coulant de ou li\u00e9s \u00e0 toute violation des pr\u00e9sentes conditions ou violation de toute loi ou des droits d'un tiers, par vous ou toute personne agissant sous votre direction, autorit\u00e9 ou contr\u00f4le, y compris, mais sans s'y limiter, la publication, la distribution, l'affichage ou toute autre utilisation du contenu par vous ou par toute personne utilisant votre mot de passe.<\/p>\n<h4>6.\u00a0<span class=\"wysiwyg-underline\">Modifications des services<\/span><\/h4>\n<p>La soci\u00e9t\u00e9 peut apporter des modifications aux services \u00e0 tout moment et sans pr\u00e9avis.<\/p>\n<h4>7.\u00a0<span class=\"wysiwyg-underline\">CLAUSE DE NON-RESPONSABILIT\u00c9<\/span><\/h4>\n<p>LE SERVICE ET LE MICROLOGICIEL SONT FOURNIS PAR LA SOCIETE \"EN L'ETAT\" ET LA SOCIETE ET SES FOURNISSEURS DECLINENT EXPRESSEMENT TOUTE GARANTIE EXPRESSE, IMPLICITE ET LEGALE, Y COMPRIS, SANS LIMITATION, LES GARANTIES DE QUALITE MARCHANDE, D'ADEQUATION A UN USAGE PARTICULIER ET D'ABSENCE DE CONTREFACON. SANS LIMITER LA PORT\u00c9E DE CE QUI PR\u00c9C\u00c8DE, L'ENTREPRISE NE GARANTIT PAS QUE LE SERVICE OU LE MICROLOGICIEL SERA EFFICACE, PR\u00c9CIS, FIABLE OU S\u00dbR.<\/p>\n<h4>8.\u00a0<span class=\"wysiwyg-underline\">LIMITATION DE LA RESPONSABILIT\u00c9<\/span><\/h4>\n<p>DANS TOUTE LA MESURE PERMISE PAR LA LOI, LA SOCI\u00c9T\u00c9 ET SES FOURNISSEURS NE SERONT PAS RESPONSABLES DE TOUTE PERTE D'UTILISATION, PERTE DE PROFITS, PERTE DE DONN\u00c9ES, DE CLIENT\u00c8LE OU D'AUTRES AVANTAGES \u00c9CONOMIQUES, INTERRUPTION D'ACTIVIT\u00c9 OU DE SERVICES OU DE TOUT DOMMAGE INDIRECT, ACCESSOIRE, PUNITIF, SP\u00c9CIAL OU CONS\u00c9CUTIF R\u00c9SULTANT DE OU EN RAPPORT AVEC LE SERVICE OU LE MICROPROGRAMME. LA LIMITATION DE RESPONSABILIT\u00c9 QUI PR\u00c9C\u00c8DE S'APPLIQUERA DANS LE CADRE D'UNE ACTION POUR RUPTURE DE CONTRAT, N\u00c9GLIGENCE, AUTRE D\u00c9LIT OU TOUTE AUTRE TH\u00c9ORIE, M\u00caME SI UN REPR\u00c9SENTANT AUTORIS\u00c9 DE LA SOCI\u00c9T\u00c9 A \u00c9T\u00c9 INFORM\u00c9 OU AURAIT D\u00db \u00caTRE INFORM\u00c9 DE LA POSSIBILIT\u00c9 DE TELS DOMMAGES.  LA RESPONSABILIT\u00c9 DE LA SOCI\u00c9T\u00c9, ET CELLE DE SES REPR\u00c9SENTANTS, EMPLOY\u00c9S ET FOURNISSEURS, \u00c0 VOTRE \u00c9GARD OU \u00c0 L'\u00c9GARD DE TOUTE TIERCE PARTIE EN TOUTE CIRCONSTANCE EST LIMIT\u00c9E AU MONTANT DES FRAIS QUE VOUS AVEZ PAY\u00c9S \u00c0 LA SOCI\u00c9T\u00c9 AU COURS DES 12 MOIS PR\u00c9C\u00c9DANT LA DATE \u00c0 LAQUELLE LA CAUSE D'ACTION DONNANT LIEU \u00c0 LA RESPONSABILIT\u00c9 EST SURVENUE.  LA SOCIETE, SES FOURNISSEURS ET SES REPRESENTANTS NE SONT PAS RESPONSABLES DE L'ACCES NON AUTORISE OU DE L'UTILISATION ABUSIVE DE TOUT CONTENU PAR UN TIERS.<\/p>\n<p>LES CLAUSES DE NON-RESPONSABILIT\u00c9, LES RENONCIATIONS ET LES LIMITATIONS QUI PR\u00c9C\u00c8DENT S'APPLIQUENT NONOBSTANT TOUTE D\u00c9FAILLANCE DE L'OBJECTIF ESSENTIEL DE TOUT RECOURS LIMIT\u00c9.<\/p>\n<p>CERTAINES JURIDICTIONS N'AUTORISENT PAS LA LIMITATION OU L'EXCLUSION DE LA RESPONSABILIT\u00c9 POUR LES DOMMAGES ACCESSOIRES OU INDIRECTS, DE SORTE QUE LA LIMITATION OU L'EXCLUSION SUSMENTIONN\u00c9E PEUT NE PAS S'APPLIQUER \u00c0 VOUS ET QUE VOUS POUVEZ \u00c9GALEMENT DISPOSER D'AUTRES DROITS L\u00c9GAUX QUI VARIENT D'UNE JURIDICTION \u00c0 L'AUTRE.<\/p>\n<h4>9.\u00a0<span class=\"wysiwyg-underline\">Dur\u00e9e et r\u00e9siliation.<\/span><\/h4>\n<p>La Soci\u00e9t\u00e9 peut mettre fin aux pr\u00e9sentes conditions et \u00e0 votre acc\u00e8s aux services \u00e0 tout moment, avec ou sans motif. Les articles 2, 3, 4, 5, 7, 8 et 11 resteront en vigueur.<\/p>\n<h4>10. <span class=\"wysiwyg-underline\">Utilisation internationale<\/span><\/h4>\n<p>Les services sont contr\u00f4l\u00e9s, exploit\u00e9s et administr\u00e9s par la soci\u00e9t\u00e9 \u00e0 partir de ses bureaux situ\u00e9s aux \u00c9tats-Unis d'Am\u00e9rique (\"\u00c9tats-Unis\"). La soci\u00e9t\u00e9 ne fait aucune d\u00e9claration selon laquelle les services sont appropri\u00e9s ou disponibles pour une utilisation dans des lieux situ\u00e9s en dehors des \u00c9tats-Unis. Si vous acc\u00e9dez aux services \u00e0 partir d'un lieu situ\u00e9 en dehors des \u00c9tats-Unis, il vous incombe de vous conformer \u00e0 toutes les lois locales en vigueur dans votre lieu de r\u00e9sidence.<\/p>\n<h4>11.\u00a0<span class=\"wysiwyg-underline\">Droit applicable ; r\u00e8glement des litiges<\/span><\/h4>\n<p>Toutes les questions juridiques d\u00e9coulant de l'utilisation des services, des microprogrammes et des pr\u00e9sentes conditions, ou s'y rapportant, seront interpr\u00e9t\u00e9es conform\u00e9ment aux lois des \u00c9tats-Unis, sans tenir compte des conflits de principes juridiques.<\/p>\n<h4>12.\u00a0<span class=\"wysiwyg-underline\">Affectation<\/span><\/h4>\n<p>Vous ne pouvez en aucun cas c\u00e9der ou transf\u00e9rer les pr\u00e9sentes conditions. Vous acceptez que les pr\u00e9sentes conditions et tous les accords incorpor\u00e9s puissent \u00eatre automatiquement c\u00e9d\u00e9s par la soci\u00e9t\u00e9, \u00e0 sa seule discr\u00e9tion, \u00e0 un tiers en cas de fusion, d'acquisition ou de faillite.<\/p>\n<h4>13.\u00a0<span class=\"wysiwyg-underline\">Int\u00e9gralit\u00e9 de l'accord ; renonciation ; divisibilit\u00e9<\/span><\/h4>\n<p>Les pr\u00e9sentes conditions constituent l'int\u00e9gralit\u00e9 de l'accord entre vous et la soci\u00e9t\u00e9 en ce qui concerne l'utilisation des services. Le fait que la soci\u00e9t\u00e9 ne fasse pas valoir un droit ou une disposition des pr\u00e9sentes conditions ne constitue pas une renonciation \u00e0 ce droit ou \u00e0 cette disposition ou \u00e0 tout autre droit ou disposition des pr\u00e9sentes conditions. Si un tribunal estime qu'un ou plusieurs droits ou dispositions des pr\u00e9sentes conditions ne sont pas valables, vous acceptez que le reste des conditions soit applicable et que la disposition non valable le soit dans toute la mesure permise par la loi.<\/p>\n\n        \n        <\/div><!-- block-inner -->  \n\n        \n    <\/section><!-- full-width-text -->","protected":false},"excerpt":{"rendered":"","protected":false},"author":32,"featured_media":0,"parent":846,"menu_order":70,"comment_status":"closed","ping_status":"closed","template":"","meta":{"_acf_changed":true,"_searchwp_excluded":"","footnotes":""},"class_list":["post-11704","page","type-page","status-publish","hentry"],"acf":[],"_links":{"self":[{"href":"https:\/\/www.brightsign.biz\/fr\/wp-json\/wp\/v2\/pages\/11704","targetHints":{"allow":["GET"]}}],"collection":[{"href":"https:\/\/www.brightsign.biz\/fr\/wp-json\/wp\/v2\/pages"}],"about":[{"href":"https:\/\/www.brightsign.biz\/fr\/wp-json\/wp\/v2\/types\/page"}],"author":[{"embeddable":true,"href":"https:\/\/www.brightsign.biz\/fr\/wp-json\/wp\/v2\/users\/32"}],"replies":[{"embeddable":true,"href":"https:\/\/www.brightsign.biz\/fr\/wp-json\/wp\/v2\/comments?post=11704"}],"version-history":[{"count":0,"href":"https:\/\/www.brightsign.biz\/fr\/wp-json\/wp\/v2\/pages\/11704\/revisions"}],"up":[{"embeddable":true,"href":"https:\/\/www.brightsign.biz\/fr\/wp-json\/wp\/v2\/pages\/846"}],"wp:attachment":[{"href":"https:\/\/www.brightsign.biz\/fr\/wp-json\/wp\/v2\/media?parent=11704"}],"curies":[{"name":"wp","href":"https:\/\/api.w.org\/{rel}","templated":true}]}}