{"id":11985,"date":"2025-01-29T17:54:04","date_gmt":"2025-01-29T22:54:04","guid":{"rendered":"https:\/\/www.brightsign.biz\/?page_id=11985"},"modified":"2025-05-21T17:19:22","modified_gmt":"2025-05-21T21:19:22","slug":"garantie","status":"publish","type":"page","link":"https:\/\/www.brightsign.biz\/fr\/brightsign-players\/warranty\/","title":{"rendered":"Programme de garantie de 5 ans"},"content":{"rendered":"<section\n  id=\"hero-block_dc1f3825da509b0d654d645e8f754e68\"\n  class=\"hero custom-block\"\n  data-form-url=\"\"\n>\n  <!-- Backgrounds: cover full section, center position (extended via SCSS) -->\n        <div id=\"hero-desktop-background\" style=\"background-image: url('https:\/\/www.brightsign.biz\/wp-content\/uploads\/2025\/01\/5-year-warranty-hero-desktop-1b-copy-1920x900.png'); background-size: cover; background-position: center center; background-repeat: no-repeat;\"><\/div>\n        <div id=\"hero-mobile-background\" style=\"background-image: url('https:\/\/www.brightsign.biz\/wp-content\/uploads\/2025\/01\/purple-gradient-v2a-2001x1125-1-1920x900.png'); background-size: cover; background-position: center center; background-repeat: no-repeat;\"><\/div>\n  \n  <div class=\"hero-gradient\" aria-hidden=\"true\"><\/div>\n  <div class=\"block-inner medium\">\n    <div class=\"block-inner-content grid-x grid-margin-y\">\n\n      <!-- MOBILE-only layout -->\n      <div class=\"cell small-12 show-for-small-only\">\n        \n        \n        \n        \n        <ul class=\"custom-breadcrumb\"><li>Produits et logiciels<\/li><\/ul><div class=\"mobile-content form-content\"><h1><strong>Garantie de 5 ans<\/strong> Programme<\/h1>\n<p>Qualit\u00e9 BrightSign garantie.<\/p>\n<\/div><div class=\"basic-button blue\"><a href=\"#register\" target=\"\">S'INSCRIRE MAINTENANT <i class=\"fa-solid fa-chevron-right\"><\/i><\/a><\/div>      <\/div>\n      <!-- end MOBILE-only -->\n\n      <!-- DESKTOP text cell -->\n      <div class=\"cell small-12 medium-12 large-6 hide-for-small-only\">\n        \n        <ul class=\"custom-breadcrumb\"><li>Produits et logiciels<\/li><\/ul><h1><strong>Garantie de 5 ans<\/strong> Programme<\/h1>\n<p>Qualit\u00e9 BrightSign garantie.<\/p>\n<div class=\"basic-button blue\"><a href=\"#register\" target=\"\">S'INSCRIRE MAINTENANT <i class=\"fa-solid fa-chevron-right\"><\/i><\/a><\/div>      <\/div>\n      <!-- end DESKTOP text cell -->\n\n      <!-- DESKTOP form\/video cell -->\n      <div class=\"cell small-12 medium-12 large-6 center-play hide-for-small-only\">\n        \n              <\/div>\n      <!-- end DESKTOP form\/video cell -->\n\n    <\/div><!-- .block-inner-content -->\n  <\/div><!-- .block-inner -->\n<\/section><!-- hero -->\n\n\n\n    <section id=\"full-width-text-block_50dc28afc53479846b1ae50a8b5bfefd\" class=\"full-width-text custom-block dark medium-top none-bottom brand-htags default-lists\">\n\n        <div class=\"block-inner medium\">\n\n        <h2>Garantie de 5 ans du BrightSign : Construit pour la fiabilit\u00e9, soutenu par la confiance<\/h2>\n<p>Le programme de garantie BrightSign offre une confiance in\u00e9gal\u00e9e dans la fiabilit\u00e9 de nos lecteurs. \u00c0 partir du 1er janvier 2025, tous les lecteurs multim\u00e9dias de la s\u00e9rie 5 et des s\u00e9ries suivantes nouvellement achet\u00e9s et enregistr\u00e9s b\u00e9n\u00e9ficieront d'une garantie standard de 5 ans. Pour que nos clients actuels puissent b\u00e9n\u00e9ficier de ce nouveau programme, les lecteurs de la s\u00e9rie 5<sup>*<\/sup> Les lecteurs achet\u00e9s entre le 1er novembre 2024 et le 31 d\u00e9cembre 2024 peuvent \u00eatre enregistr\u00e9s pour b\u00e9n\u00e9ficier d'une extension de garantie de 3 ans, ce qui porte leur couverture totale \u00e0 5 ans. Associ\u00e9e \u00e0 l'assistance logicielle habituelle de plus de 5 ans de BrightSign, cette garantie renforce la long\u00e9vit\u00e9 et la fiabilit\u00e9 que vous \u00eates en droit d'attendre de BrightSign.<\/p>\n\n        \n        <\/div><!-- block-inner -->  \n\n        \n    <\/section><!-- full-width-text -->  \n\n\n\n\n\n    <section id=\"full-width-text-block_9024505fc95bde2495f8019a895ffc70\" class=\"full-width-text custom-block dark small-top none-bottom brand-htags default-lists\">\n\n        <div class=\"block-inner medium\">\n\n        <h3 style=\"color: #701896\">Une meilleure protection pour la technologie \u00e0 laquelle vous faites confiance<\/h3>\n        \n        <\/div><!-- block-inner -->  \n\n        \n    <\/section><!-- full-width-text -->  \n\n\n\n\n\n<section id=\"media-text-block_efad8eb629a7fca1493b0e9ba7072851\" class=\"media-text custom-block dark none-top none-bottom\" >\n    <div class=\"dot-in\"><\/div><!-- dot-in -->\n    <div class=\"block-inner medium grid-x right\">\n    \n        <div class=\"cell small-12 medium-12 large-6 mediatext-content small-checks\">\n            <div aria-hidden=\"true\" class=\"blue-dot\"><\/div>\n                                                    <ul>\n<li><strong>Une fiabilit\u00e9 sur laquelle vous pouvez compter : <\/strong>BrightSign est r\u00e9put\u00e9 pour la qualit\u00e9 et la long\u00e9vit\u00e9 de ses solutions de signalisation num\u00e9rique. Notre garantie t\u00e9moigne de notre confiance dans la durabilit\u00e9 des lecteurs BrightSign.<\/li>\n<li><strong>Normalisation mondiale, avantages locaux : <\/strong>\u00c0 partir du 1er janvier 2025, tous les lecteurs multim\u00e9dias de la s\u00e9rie 5 et des s\u00e9ries suivantes nouvellement achet\u00e9s et enregistr\u00e9s dans le monde entier b\u00e9n\u00e9ficient d'une garantie standard de 5 ans, ce qui simplifie l'assistance, quel que soit l'endroit o\u00f9 vous vous trouvez.<\/li>\n<li><strong>Garantie gratuite : <\/strong>Les r\u00e9parations, les pi\u00e8ces et l'entretien dans le cadre de la garantie sont enti\u00e8rement couverts - les clients n'ont qu'\u00e0 s'occuper de l'envoi du ou des lecteurs \u00e0 BrightSign.<\/li>\n<\/ul>\n                        \n                        \n                    <\/div><!-- mediatext-content -->\n        \n        <div class=\"cell small-12 medium-12 large-6 form-wrapper\">\n                            <!-- Normal form on all devices -->\n                                                    <div class=\"mediatext-image no-blue\">\n                        <img decoding=\"async\" src=\"https:\/\/www.brightsign.biz\/wp-content\/uploads\/2025\/01\/BrightSign_5yr_LockUp_Small_RGB-750x421.png\" alt=\"BrightSign Garantie de 5 ans\" \/>\n                                            <\/div><!-- mediatext-image -->\n                                                            \n                    <\/div><!-- form-wrapper -->\n        \n    <\/div><!-- block-inner -->\n<\/section><!-- media-text -->\n\n\n\n\n\n<section id=\"register\" class=\"media-text custom-block dark none-top none-bottom\" >\n    <div class=\"dot-in\"><\/div><!-- dot-in -->\n    <div class=\"block-inner medium grid-x right\">\n    \n        <div class=\"cell small-12 medium-12 large-6 mediatext-content small-checks\">\n            <div aria-hidden=\"true\" class=\"blue-dot\"><\/div>\n                                                    <h2 style=\"color: #311c6b\">Pourquoi s'inscrire ?<\/h2>\n<p>L'enregistrement permet \u00e0 votre lecteur de b\u00e9n\u00e9ficier de la garantie de 5 ans. En vous enregistrant, vous b\u00e9n\u00e9ficiez d'une assistance garantie sans faille, vous \u00eates inform\u00e9 des mises \u00e0 jour et des am\u00e9liorations, et votre exp\u00e9rience est simplifi\u00e9e - une \u00e9tape rapide qui garantit votre tranquillit\u00e9 d'esprit.<\/p>\n<h3>Enregistrement facile pour une couverture maximale<\/h3>\n<p>Les nouveaux clients peuvent activer la garantie de 5 ans en enregistrant les lecteurs achet\u00e9s apr\u00e8s le 1er janvier 2025.<\/p>\n<p>Pour honorer notre engagement envers tous les utilisateurs de BrightSign, la s\u00e9rie 5<sup>*<\/sup> les joueurs achet\u00e9s entre le 1er novembre 2024 et le 31 d\u00e9cembre 2024 peuvent \u00eatre enregistr\u00e9s pour une p\u00e9riode suppl\u00e9mentaire de trois ans, ce qui garantit une protection compl\u00e8te pendant cinq ans au total. Les joueurs ayant un <a href=\"https:\/\/www.bsn.cloud\/\" target=\"_blank\" rel=\"noopener\">bsn.Control<\/a> ou <a href=\"https:\/\/www.bsn.cloud\/\" target=\"_blank\" rel=\"noopener\">bsn.Content<\/a> sont automatiquement couverts par la garantie de 5 ans - aucune d\u00e9marche suppl\u00e9mentaire n'est n\u00e9cessaire.<\/p>\n<p>&nbsp;<\/p>\n<p><sup>*Le programme de garantie s'applique aux lecteurs de la s\u00e9rie 5 et des s\u00e9ries suivantes achet\u00e9s aupr\u00e8s de BrightSign apr\u00e8s le 1er novembre 2024. Le programme de garantie ne s'applique pas aux accessoires. <\/sup><\/p>\n<p><sup>Pour plus d'informations, consultez la page <a href=\"https:\/\/www.brightsign.biz\/fr\/juridique\/garantie\/\">Garantie limit\u00e9e du mat\u00e9riel BrightSign<\/a>.<\/sup><\/p>\n                        \n                        \n                    <\/div><!-- mediatext-content -->\n        \n        <div class=\"cell small-12 medium-12 large-6 form-wrapper\">\n                            <!-- Desktop: Show original form content -->\n                <div class=\"hide-for-small-only\">\n                                                                <div class=\"mg-form-embed\">\n                            <iframe loading=\"lazy\" src=\"https:\/\/3293628.extforms.netsuite.com\/app\/site\/hosting\/scriptlet.nl?script=1401&#038;deploy=1&#038;compid=3293628&#038;ns-at=AAEJ7tMQYkFKKep9hU0NsX7SU6JxL0JaNu-gR6ciQF6QGkSsqL8\" width=\"100%\" height=\"1000\"><\/iframe>                        <\/div>\n                                    <\/div>\n                        \n                    <\/div><!-- form-wrapper -->\n        \n    <\/div><!-- block-inner -->\n<\/section><!-- media-text -->","protected":false},"excerpt":{"rendered":"","protected":false},"author":32,"featured_media":11988,"parent":539,"menu_order":0,"comment_status":"closed","ping_status":"closed","template":"","meta":{"_acf_changed":false,"_searchwp_excluded":"","footnotes":""},"class_list":["post-11985","page","type-page","status-publish","has-post-thumbnail","hentry"],"acf":[],"_links":{"self":[{"href":"https:\/\/www.brightsign.biz\/fr\/wp-json\/wp\/v2\/pages\/11985","targetHints":{"allow":["GET"]}}],"collection":[{"href":"https:\/\/www.brightsign.biz\/fr\/wp-json\/wp\/v2\/pages"}],"about":[{"href":"https:\/\/www.brightsign.biz\/fr\/wp-json\/wp\/v2\/types\/page"}],"author":[{"embeddable":true,"href":"https:\/\/www.brightsign.biz\/fr\/wp-json\/wp\/v2\/users\/32"}],"replies":[{"embeddable":true,"href":"https:\/\/www.brightsign.biz\/fr\/wp-json\/wp\/v2\/comments?post=11985"}],"version-history":[{"count":0,"href":"https:\/\/www.brightsign.biz\/fr\/wp-json\/wp\/v2\/pages\/11985\/revisions"}],"up":[{"embeddable":true,"href":"https:\/\/www.brightsign.biz\/fr\/wp-json\/wp\/v2\/pages\/539"}],"wp:featuredmedia":[{"embeddable":true,"href":"https:\/\/www.brightsign.biz\/fr\/wp-json\/wp\/v2\/media\/11988"}],"wp:attachment":[{"href":"https:\/\/www.brightsign.biz\/fr\/wp-json\/wp\/v2\/media?parent=11985"}],"curies":[{"name":"wp","href":"https:\/\/api.w.org\/{rel}","templated":true}]}}